{"id":69731,"date":"2026-04-01T12:26:09","date_gmt":"2026-04-01T10:26:09","guid":{"rendered":"https:\/\/www.klb-koetztal.de\/produkt\/klb-system-polyurethan-pu-64-haftpromotor\/"},"modified":"2026-04-01T12:26:09","modified_gmt":"2026-04-01T10:26:09","slug":"klb-system-polyurethan-pu-64-haftpromotor","status":"publish","type":"product","link":"https:\/\/www.klb-koetztal.de\/fr\/produkt\/klb-system-polyurethan-pu-64-haftpromotor\/","title":{"rendered":"KLB-SYSTEM POLYURETHAN PU 64 Haftpromotor"},"content":{"rendered":"","protected":false},"excerpt":{"rendered":"<p>Agent adh\u00e9sif\/promoteur d&rsquo;adh\u00e9rence pr\u00eat \u00e0 l&#8217;emploi,&#160;\u00e0 durcisement par l&rsquo;humidit\u00e9 et solvant\u00e9. \u00c0 utiliser&#160;en combinaison avec des r\u00e9sines polyur\u00e9thanes. Convient \u00e0 l&rsquo;optimisation de l&rsquo;adh\u00e9sion sur les substrats min\u00e9raux ainsi que pour la&#160;restauration\/r\u00e9activation de&#160;l&rsquo;adh\u00e9rence avant d&rsquo;autres couches de rev\u00eatement en polyur\u00e9thane en dehors de la fen\u00eatre de temps de traitement recommand\u00e9e, tels qu&rsquo;avec&#160;PU 5550, PU 420, PU 424, PU 426 et d&rsquo;autres.<\/p>\n","protected":false},"featured_media":51136,"template":"","meta":{"_acf_changed":false},"product_brand":[],"product_cat":[10040,10108],"product_tag":[],"class_list":{"0":"post-69731","1":"product","2":"type-product","3":"status-publish","4":"has-post-thumbnail","6":"product_cat-couches-de-fond","7":"product_cat-couches-de-fond_couches-de-fond-en-polyurethane-monocomposantes","9":"first","10":"instock","11":"shipping-taxable","12":"product-type-simple"},"acf":{"product_header":{"module_product_header":{"":null,"prototype_headline":{"headline":"KLB-SYSTEM POLYURETHAN PU 64 Haftpromotor","h1":true,"subheadline":"Primaire en polyur\u00e9thane pr\u00eat \u00e0 l'emploi pour optimiser l'adh\u00e9sion de rev\u00eatements polyur\u00e9thanes sur le b\u00e9ton et d'autres rev\u00eatements polyur\u00e9thanes","anchor":"","url":""},"grid_text_slider":false,"grid_text_content":[{"text":"<p class=\"product-short-title\" style=\"text-align: center;\"><strong>Br\u00e8ve description<\/strong><\/p>\n<p>Agent adh\u00e9sif\/promoteur d&rsquo;adh\u00e9rence pr\u00eat \u00e0 l&#8217;emploi,&#160;\u00e0 durcisement par l&rsquo;humidit\u00e9 et solvant\u00e9. \u00c0 utiliser&#160;en combinaison avec des r\u00e9sines polyur\u00e9thanes. Convient \u00e0 l&rsquo;optimisation de l&rsquo;adh\u00e9sion sur les substrats min\u00e9raux ainsi que pour la&#160;restauration\/r\u00e9activation de&#160;l&rsquo;adh\u00e9rence avant d&rsquo;autres couches de rev\u00eatement en polyur\u00e9thane en dehors de la fen\u00eatre de temps de traitement recommand\u00e9e, tels qu&rsquo;avec&#160;PU 5550, PU 420, PU 424, PU 426 et d&rsquo;autres.<\/p>\n","width":"4","background_color_text":"bg-white","border_color":"border-gray-light"},{"text":"<p class=\"product-sicing-title\" style=\"text-align: center;\"><strong>Unit\u00e9s d'emballage<\/strong><\/p>\n<ul>\n<li>PU6955-50 &#8211; Bidon 10,00 kg<\/li>\n<\/ul>\n<p><\/p>\n<p>N&rsquo;h\u00e9sitez pas \u00e0 contacter directement pour toute demande concernant des quantit\u00e9s de livraison ou des unit\u00e9s de conditionnement plus importantes.<\/p>\n\n","width":"4","background_color_text":"bg-white","border_color":"border-gray-light"},{"text":"<p class=\"product-attr-title\" style=\"text-align: center;\"><strong>Propri\u00e9t\u00e9s<\/strong><\/p>\n<ul>\n<li>monocomposant<\/li>\n<li>\u00e0 durcissement rapide<\/li>\n<li>bon s\u00e9chage<\/li>\n<li>bonne adh\u00e9rence interm\u00e9diaire<\/li>\n<\/ul>\n","width":"4","background_color_text":"bg-white","border_color":"border-gray-light"}],"background_color":"bg-none","background_color_content":"bg-none"}},"downloads":{"module_download_list":{"inhalt":null,"downloads":[{"download":{"ID":68482,"id":68482,"title":"PU_64_Haftpromotor_PI_fr_2025_12","filename":"PU_64_Haftpromotor_PI_fr_2025_12.pdf","filesize":497602,"url":"https:\/\/www.klb-koetztal.de\/app\/uploads\/2025\/12\/PU_64_Haftpromotor_PI_fr_2025_12.pdf","link":"https:\/\/www.klb-koetztal.de\/fr\/?attachment_id=68482","alt":"","author":"7","description":"","caption":"","name":"pu_64_haftpromotor_pi_fr_2025_12-2","status":"inherit","uploaded_to":0,"date":"2025-12-18 07:31:26","modified":"2025-12-18 07:31:26","menu_order":0,"mime_type":"application\/pdf","type":"application","subtype":"pdf","icon":"https:\/\/www.klb-koetztal.de\/wp\/wp-includes\/images\/media\/document.png"},"filename":"Information produit","protected":false,"doclang":"FR","externalkey":"Produktinformation","docpos":"3"},{"download":{"ID":51319,"id":51319,"title":"EPD-Information","filename":"PU64_Haftpromotor_Umwelt-Deklaration_2022-06.pdf","filesize":2562043,"url":"https:\/\/www.klb-koetztal.de\/app\/uploads\/2022\/06\/PU64_Haftpromotor_Umwelt-Deklaration_2022-06.pdf","link":"https:\/\/www.klb-koetztal.de\/fr\/?attachment_id=51319","alt":"","author":"7","description":"","caption":"","name":"pu64_haftpromotor_umwelt-deklaration_2022-06","status":"inherit","uploaded_to":0,"date":"2022-06-30 12:33:35","modified":"2026-04-01 10:26:17","menu_order":0,"mime_type":"application\/pdf","type":"application","subtype":"pdf","icon":"https:\/\/www.klb-koetztal.de\/wp\/wp-includes\/images\/media\/document.png"},"filename":"D\u00e9clarations de produit environnemental (EPD)","protected":false,"doclang":"Multi","externalkey":"Umweltproduktdeklaration","docpos":"50"},{"download":false,"filename":"Fiche de donn\u00e9es de s\u00e9curit\u00e9","protected":true,"doclang":"FR","externalkey":"Sicherheitsdatenblatt","docpos":"3"}],"einstellungen":null,"background_color":"bg-none","background_color_content":"bg-none"}},"included_in_systems":{"module_included_in_systems":{"":null,"background_color":"bg-gray-medium","background_color_content":"bg-none"}},"contact":{"module_contact":{"":null,"background_color":"bg-none","background_color_content":"bg-none"}},"ausschreibende":{"module_ausschreibende":{"andern_sie_den_inhalt_unter_universelle_elemente":null,"background_color":"bg-none","background_color_content":"bg-none"}}},"yoast_head":"<!-- This site is optimized with the Yoast SEO plugin v27.0 - https:\/\/yoast.com\/product\/yoast-seo-wordpress\/ -->\n<title>Promoteur d&#039;adh\u00e9sion PU 64 monocomp. pr\u00eat \u00e0 l&#039;emploi | KLB<\/title>\n<meta name=\"description\" content=\"Primaire et agent adh\u00e9sif PU 64 Haftpromotor monocomp. avec solvants, pr\u00eat \u00e0 l&#039;emploi | KLB rev\u00eatements de sol r\u00e9sine r\u00e9active \u2714\ufe0fam\u00e9liorant l&#039;adh\u00e9rence\" \/>\n<meta name=\"robots\" content=\"noindex, follow, max-snippet:-1, max-image-preview:large, max-video-preview:-1\" \/>\n<meta property=\"og:locale\" content=\"fr_FR\" \/>\n<meta property=\"og:type\" content=\"article\" \/>\n<meta property=\"og:title\" content=\"Promoteur d&#039;adh\u00e9sion PU 64 monocomp. pr\u00eat \u00e0 l&#039;emploi | KLB\" \/>\n<meta property=\"og:description\" content=\"Primaire et agent adh\u00e9sif PU 64 Haftpromotor monocomp. avec solvants, pr\u00eat \u00e0 l&#039;emploi | KLB rev\u00eatements de sol r\u00e9sine r\u00e9active \u2714\ufe0fam\u00e9liorant l&#039;adh\u00e9rence\" \/>\n<meta property=\"og:url\" content=\"https:\/\/www.klb-koetztal.de\/fr\/produkt\/klb-system-polyurethan-pu-64-haftpromotor\/\" \/>\n<meta property=\"og:site_name\" content=\"KLB K\u00f6tztal\" \/>\n<meta property=\"article:publisher\" content=\"https:\/\/www.facebook.com\/klbkoetztal\" \/>\n<meta property=\"og:image\" content=\"https:\/\/www.klb-koetztal.de\/app\/uploads\/2022\/05\/PU_64_Haftpromotor-KLB-Gebinde_10L_Blech_Kanister.jpg\" \/>\n\t<meta property=\"og:image:width\" content=\"600\" \/>\n\t<meta property=\"og:image:height\" content=\"600\" \/>\n\t<meta property=\"og:image:type\" content=\"image\/jpeg\" \/>\n<meta name=\"twitter:card\" content=\"summary_large_image\" \/>\n<script type=\"application\/ld+json\" class=\"yoast-schema-graph\">{\"@context\":\"https:\/\/schema.org\",\"@graph\":[{\"@type\":\"WebPage\",\"@id\":\"https:\/\/www.klb-koetztal.de\/fr\/produkt\/klb-system-polyurethan-pu-64-haftpromotor\/\",\"url\":\"https:\/\/www.klb-koetztal.de\/fr\/produkt\/klb-system-polyurethan-pu-64-haftpromotor\/\",\"name\":\"Promoteur d'adh\u00e9sion PU 64 monocomp. pr\u00eat \u00e0 l'emploi | KLB\",\"isPartOf\":{\"@id\":\"https:\/\/www.klb-koetztal.de\/fr\/#website\"},\"primaryImageOfPage\":{\"@id\":\"https:\/\/www.klb-koetztal.de\/fr\/produkt\/klb-system-polyurethan-pu-64-haftpromotor\/#primaryimage\"},\"image\":{\"@id\":\"https:\/\/www.klb-koetztal.de\/fr\/produkt\/klb-system-polyurethan-pu-64-haftpromotor\/#primaryimage\"},\"thumbnailUrl\":\"https:\/\/www.klb-koetztal.de\/app\/uploads\/2022\/05\/PU_64_Haftpromotor-KLB-Gebinde_10L_Blech_Kanister.jpg\",\"datePublished\":\"2026-04-01T10:26:09+00:00\",\"description\":\"Primaire et agent adh\u00e9sif PU 64 Haftpromotor monocomp. avec solvants, pr\u00eat \u00e0 l'emploi | KLB rev\u00eatements de sol r\u00e9sine r\u00e9active \u2714\ufe0fam\u00e9liorant l'adh\u00e9rence\",\"breadcrumb\":{\"@id\":\"https:\/\/www.klb-koetztal.de\/fr\/produkt\/klb-system-polyurethan-pu-64-haftpromotor\/#breadcrumb\"},\"inLanguage\":\"fr-FR\",\"potentialAction\":[{\"@type\":\"ReadAction\",\"target\":[\"https:\/\/www.klb-koetztal.de\/fr\/produkt\/klb-system-polyurethan-pu-64-haftpromotor\/\"]}]},{\"@type\":\"ImageObject\",\"inLanguage\":\"fr-FR\",\"@id\":\"https:\/\/www.klb-koetztal.de\/fr\/produkt\/klb-system-polyurethan-pu-64-haftpromotor\/#primaryimage\",\"url\":\"https:\/\/www.klb-koetztal.de\/app\/uploads\/2022\/05\/PU_64_Haftpromotor-KLB-Gebinde_10L_Blech_Kanister.jpg\",\"contentUrl\":\"https:\/\/www.klb-koetztal.de\/app\/uploads\/2022\/05\/PU_64_Haftpromotor-KLB-Gebinde_10L_Blech_Kanister.jpg\",\"width\":600,\"height\":600},{\"@type\":\"BreadcrumbList\",\"@id\":\"https:\/\/www.klb-koetztal.de\/fr\/produkt\/klb-system-polyurethan-pu-64-haftpromotor\/#breadcrumb\",\"itemListElement\":[{\"@type\":\"ListItem\",\"position\":1,\"name\":\"Startseite\",\"item\":\"https:\/\/www.klb-koetztal.de\/fr\/\"},{\"@type\":\"ListItem\",\"position\":2,\"name\":\"KLB-SYSTEM POLYURETHAN PU 64 Haftpromotor\"}]},{\"@type\":\"WebSite\",\"@id\":\"https:\/\/www.klb-koetztal.de\/fr\/#website\",\"url\":\"https:\/\/www.klb-koetztal.de\/fr\/\",\"name\":\"KLB K\u00f6tztal\",\"description\":\"Gute B\u00f6den haben ein System.\",\"potentialAction\":[{\"@type\":\"SearchAction\",\"target\":{\"@type\":\"EntryPoint\",\"urlTemplate\":\"https:\/\/www.klb-koetztal.de\/fr\/?s={search_term_string}\"},\"query-input\":{\"@type\":\"PropertyValueSpecification\",\"valueRequired\":true,\"valueName\":\"search_term_string\"}}],\"inLanguage\":\"fr-FR\"}]}<\/script>\n<!-- \/ Yoast SEO plugin. -->","yoast_head_json":{"title":"Promoteur d'adh\u00e9sion PU 64 monocomp. pr\u00eat \u00e0 l'emploi | KLB","description":"Primaire et agent adh\u00e9sif PU 64 Haftpromotor monocomp. avec solvants, pr\u00eat \u00e0 l'emploi | KLB rev\u00eatements de sol r\u00e9sine r\u00e9active \u2714\ufe0fam\u00e9liorant l'adh\u00e9rence","robots":{"index":"noindex","follow":"follow","max-snippet":"max-snippet:-1","max-image-preview":"max-image-preview:large","max-video-preview":"max-video-preview:-1"},"og_locale":"fr_FR","og_type":"article","og_title":"Promoteur d'adh\u00e9sion PU 64 monocomp. pr\u00eat \u00e0 l'emploi | KLB","og_description":"Primaire et agent adh\u00e9sif PU 64 Haftpromotor monocomp. avec solvants, pr\u00eat \u00e0 l'emploi | KLB rev\u00eatements de sol r\u00e9sine r\u00e9active \u2714\ufe0fam\u00e9liorant l'adh\u00e9rence","og_url":"https:\/\/www.klb-koetztal.de\/fr\/produkt\/klb-system-polyurethan-pu-64-haftpromotor\/","og_site_name":"KLB K\u00f6tztal","article_publisher":"https:\/\/www.facebook.com\/klbkoetztal","og_image":[{"width":600,"height":600,"url":"https:\/\/www.klb-koetztal.de\/app\/uploads\/2022\/05\/PU_64_Haftpromotor-KLB-Gebinde_10L_Blech_Kanister.jpg","type":"image\/jpeg"}],"twitter_card":"summary_large_image","schema":{"@context":"https:\/\/schema.org","@graph":[{"@type":"WebPage","@id":"https:\/\/www.klb-koetztal.de\/fr\/produkt\/klb-system-polyurethan-pu-64-haftpromotor\/","url":"https:\/\/www.klb-koetztal.de\/fr\/produkt\/klb-system-polyurethan-pu-64-haftpromotor\/","name":"Promoteur d'adh\u00e9sion PU 64 monocomp. pr\u00eat \u00e0 l'emploi | KLB","isPartOf":{"@id":"https:\/\/www.klb-koetztal.de\/fr\/#website"},"primaryImageOfPage":{"@id":"https:\/\/www.klb-koetztal.de\/fr\/produkt\/klb-system-polyurethan-pu-64-haftpromotor\/#primaryimage"},"image":{"@id":"https:\/\/www.klb-koetztal.de\/fr\/produkt\/klb-system-polyurethan-pu-64-haftpromotor\/#primaryimage"},"thumbnailUrl":"https:\/\/www.klb-koetztal.de\/app\/uploads\/2022\/05\/PU_64_Haftpromotor-KLB-Gebinde_10L_Blech_Kanister.jpg","datePublished":"2026-04-01T10:26:09+00:00","description":"Primaire et agent adh\u00e9sif PU 64 Haftpromotor monocomp. avec solvants, pr\u00eat \u00e0 l'emploi | KLB rev\u00eatements de sol r\u00e9sine r\u00e9active \u2714\ufe0fam\u00e9liorant l'adh\u00e9rence","breadcrumb":{"@id":"https:\/\/www.klb-koetztal.de\/fr\/produkt\/klb-system-polyurethan-pu-64-haftpromotor\/#breadcrumb"},"inLanguage":"fr-FR","potentialAction":[{"@type":"ReadAction","target":["https:\/\/www.klb-koetztal.de\/fr\/produkt\/klb-system-polyurethan-pu-64-haftpromotor\/"]}]},{"@type":"ImageObject","inLanguage":"fr-FR","@id":"https:\/\/www.klb-koetztal.de\/fr\/produkt\/klb-system-polyurethan-pu-64-haftpromotor\/#primaryimage","url":"https:\/\/www.klb-koetztal.de\/app\/uploads\/2022\/05\/PU_64_Haftpromotor-KLB-Gebinde_10L_Blech_Kanister.jpg","contentUrl":"https:\/\/www.klb-koetztal.de\/app\/uploads\/2022\/05\/PU_64_Haftpromotor-KLB-Gebinde_10L_Blech_Kanister.jpg","width":600,"height":600},{"@type":"BreadcrumbList","@id":"https:\/\/www.klb-koetztal.de\/fr\/produkt\/klb-system-polyurethan-pu-64-haftpromotor\/#breadcrumb","itemListElement":[{"@type":"ListItem","position":1,"name":"Startseite","item":"https:\/\/www.klb-koetztal.de\/fr\/"},{"@type":"ListItem","position":2,"name":"KLB-SYSTEM POLYURETHAN PU 64 Haftpromotor"}]},{"@type":"WebSite","@id":"https:\/\/www.klb-koetztal.de\/fr\/#website","url":"https:\/\/www.klb-koetztal.de\/fr\/","name":"KLB K\u00f6tztal","description":"Gute B\u00f6den haben ein System.","potentialAction":[{"@type":"SearchAction","target":{"@type":"EntryPoint","urlTemplate":"https:\/\/www.klb-koetztal.de\/fr\/?s={search_term_string}"},"query-input":{"@type":"PropertyValueSpecification","valueRequired":true,"valueName":"search_term_string"}}],"inLanguage":"fr-FR"}]}},"_links":{"self":[{"href":"https:\/\/www.klb-koetztal.de\/fr\/wp-json\/wp\/v2\/product\/69731","targetHints":{"allow":["GET"]}}],"collection":[{"href":"https:\/\/www.klb-koetztal.de\/fr\/wp-json\/wp\/v2\/product"}],"about":[{"href":"https:\/\/www.klb-koetztal.de\/fr\/wp-json\/wp\/v2\/types\/product"}],"wp:featuredmedia":[{"embeddable":true,"href":"https:\/\/www.klb-koetztal.de\/fr\/wp-json\/wp\/v2\/media\/51136"}],"wp:attachment":[{"href":"https:\/\/www.klb-koetztal.de\/fr\/wp-json\/wp\/v2\/media?parent=69731"}],"wp:term":[{"taxonomy":"product_brand","embeddable":true,"href":"https:\/\/www.klb-koetztal.de\/fr\/wp-json\/wp\/v2\/product_brand?post=69731"},{"taxonomy":"product_cat","embeddable":true,"href":"https:\/\/www.klb-koetztal.de\/fr\/wp-json\/wp\/v2\/product_cat?post=69731"},{"taxonomy":"product_tag","embeddable":true,"href":"https:\/\/www.klb-koetztal.de\/fr\/wp-json\/wp\/v2\/product_tag?post=69731"}],"curies":[{"name":"wp","href":"https:\/\/api.w.org\/{rel}","templated":true}]}}