{"id":69675,"date":"2026-03-24T15:31:06","date_gmt":"2026-03-24T14:31:06","guid":{"rendered":"https:\/\/www.klb-koetztal.de\/produkt\/klb-system-epoxid-ep-220\/"},"modified":"2026-04-01T12:28:52","modified_gmt":"2026-04-01T10:28:52","slug":"klb-system-epoxid-ep-220","status":"publish","type":"product","link":"https:\/\/www.klb-koetztal.de\/fr\/produkt\/klb-system-epoxid-ep-220\/","title":{"rendered":"KLB-SYSTEM EPOXID EP 220"},"content":{"rendered":"","protected":false},"excerpt":{"rendered":"<p>Rev\u00eatement en r\u00e9sine \u00e9poxy \u00e0 2 composants, \u00e9conomique, pr\u00eat \u00e0 l&#8217;emploi et autolissant pour la r\u00e9alisation de sols lisses. Convient au saupoudrage de granul\u00e9 structur\u00e9 Strukturmittel RQX 9 et RQX 10, de carbure de silicium fine et des paillettes&#160;partiColor\u00ae color\u00e9es ainsi qu&rsquo;au-dessous d&rsquo;autres scellements.<\/p>\n","protected":false},"featured_media":49505,"template":"","meta":{"_acf_changed":false},"product_brand":[],"product_cat":[10042,10065],"product_tag":[],"class_list":{"0":"post-69675","1":"product","2":"type-product","3":"status-publish","4":"has-post-thumbnail","6":"product_cat-revetements","7":"product_cat-revetements_revetements-en-resine-epoxyde-2-composants","9":"first","10":"instock","11":"shipping-taxable","12":"product-type-simple"},"acf":{"product_header":{"module_product_header":{"":null,"prototype_headline":{"headline":"KLB-SYSTEM EPOXID EP 220","h1":true,"subheadline":"Rev\u00eatement en r\u00e9sine \u00e9poxy bicomposante, \u00e9conomique, autolissant et pigment\u00e9","anchor":"","url":""},"grid_text_slider":false,"grid_text_content":[{"text":"<p class=\"product-short-title\" style=\"text-align: center;\"><strong>Br\u00e8ve description<\/strong><\/p>\n<p>Rev\u00eatement en r\u00e9sine \u00e9poxy \u00e0 2 composants, \u00e9conomique, pr\u00eat \u00e0 l&#8217;emploi et autolissant pour la r\u00e9alisation de sols lisses. Convient au saupoudrage de granul\u00e9 structur\u00e9 Strukturmittel RQX 9 et RQX 10, de carbure de silicium fine et des paillettes&#160;partiColor\u00ae color\u00e9es ainsi qu&rsquo;au-dessous d&rsquo;autres scellements.<\/p>\n","width":"4","background_color_text":"bg-white","border_color":"border-gray-light"},{"text":"<p class=\"product-sicing-title\" style=\"text-align: center;\"><strong>Unit\u00e9s d'emballage<\/strong><\/p>\n<ul>\n<li>AK1242-47 &#8211; Combinaison Seau 12,00 kg<\/li>\n<li>AK1242-30 &#8211; Combinaison Hobbock 30,00 kg<\/li>\n<\/ul>\n<p><\/p>\n<p>N&rsquo;h\u00e9sitez pas \u00e0 contacter directement pour toute demande concernant des quantit\u00e9s de livraison ou des unit\u00e9s de conditionnement plus importantes.<\/p>\n\n","width":"4","background_color_text":"bg-white","border_color":"border-gray-light"},{"text":"<p class=\"product-attr-title\" style=\"text-align: center;\"><strong>Propri\u00e9t\u00e9s<\/strong><\/p>\n<ul>\n<li>Total Solid selon GISCODE (m\u00e9thode d&rsquo;essai de \u00ab Deutsche Bauchemie \u00bb, l&rsquo;association all. pour la chimie de construction)<\/li>\n<li>pour le saupoudrage d&rsquo;\u00e9l\u00e9ments SiC\/du Plastorite<\/li>\n<li>pour le saupoudrage de paillettes d\u00e9coratives<\/li>\n<li>stable \u00e0 l&rsquo;hydrolyse et \u00e0 la saponification<\/li>\n<li>pr\u00eat \u00e0 l&#8217;emploi<\/li>\n<li>surface color\u00e9e<\/li>\n<li>tr\u00e8s \u00e9conomique<\/li>\n<\/ul>\n","width":"4","background_color_text":"bg-white","border_color":"border-gray-light"}],"background_color":"bg-none","background_color_content":"bg-none"}},"downloads":{"module_download_list":{"inhalt":null,"downloads":[{"download":{"ID":68087,"id":68087,"title":"EP_220_PI_fr_2025_11","filename":"EP_220_PI_fr_2025_11.pdf","filesize":1439812,"url":"https:\/\/www.klb-koetztal.de\/app\/uploads\/2025\/11\/EP_220_PI_fr_2025_11.pdf","link":"https:\/\/www.klb-koetztal.de\/fr\/?attachment_id=68087","alt":"","author":"7","description":"","caption":"","name":"ep_220_pi_fr_2025_11-2","status":"inherit","uploaded_to":0,"date":"2025-11-07 12:01:08","modified":"2025-11-07 12:01:08","menu_order":0,"mime_type":"application\/pdf","type":"application","subtype":"pdf","icon":"https:\/\/www.klb-koetztal.de\/wp\/wp-includes\/images\/media\/document.png"},"filename":"Information produit","protected":false,"doclang":"FR","externalkey":"Produktinformation","docpos":"3"},{"download":{"ID":67828,"id":67828,"title":"EP_220_LE_en_2025_10","filename":"EP_220_LE_en_2025_10.pdf","filesize":290257,"url":"https:\/\/www.klb-koetztal.de\/app\/uploads\/2025\/10\/EP_220_LE_en_2025_10.pdf","link":"https:\/\/www.klb-koetztal.de\/fr\/?attachment_id=67828","alt":"","author":"7","description":"","caption":"","name":"ep_220_le_en_2025_10-2","status":"inherit","uploaded_to":0,"date":"2025-10-30 09:40:20","modified":"2025-10-30 09:40:20","menu_order":0,"mime_type":"application\/pdf","type":"application","subtype":"pdf","icon":"https:\/\/www.klb-koetztal.de\/wp\/wp-includes\/images\/media\/document.png"},"filename":"Statement of performance","protected":false,"doclang":"GB","externalkey":"Leistungserklaerung","docpos":"2"},{"download":{"ID":67831,"id":67831,"title":"EP_220_LE_fr_2025_10","filename":"EP_220_LE_fr_2025_10.pdf","filesize":288449,"url":"https:\/\/www.klb-koetztal.de\/app\/uploads\/2025\/10\/EP_220_LE_fr_2025_10.pdf","link":"https:\/\/www.klb-koetztal.de\/fr\/?attachment_id=67831","alt":"","author":"7","description":"","caption":"","name":"ep_220_le_fr_2025_10-2","status":"inherit","uploaded_to":0,"date":"2025-10-30 09:40:22","modified":"2025-10-30 09:40:22","menu_order":0,"mime_type":"application\/pdf","type":"application","subtype":"pdf","icon":"https:\/\/www.klb-koetztal.de\/wp\/wp-includes\/images\/media\/document.png"},"filename":"D\u00e9claration de performance","protected":false,"doclang":"FR","externalkey":"Leistungserklaerung","docpos":"3"},{"download":{"ID":51981,"id":51981,"title":"EP220_Umwelt-Deklaration_2022-08","filename":"EP220_Umwelt-Deklaration_2022-08.pdf","filesize":2470602,"url":"https:\/\/www.klb-koetztal.de\/app\/uploads\/2022\/09\/EP220_Umwelt-Deklaration_2022-08.pdf","link":"https:\/\/www.klb-koetztal.de\/fr\/?attachment_id=51981","alt":"","author":"7","description":"","caption":"","name":"ep220_umwelt-deklaration_2022-08-2","status":"inherit","uploaded_to":0,"date":"2022-09-01 09:41:09","modified":"2022-09-01 09:41:09","menu_order":0,"mime_type":"application\/pdf","type":"application","subtype":"pdf","icon":"https:\/\/www.klb-koetztal.de\/wp\/wp-includes\/images\/media\/document.png"},"filename":"D\u00e9clarations de produit environnemental (EPD)","protected":false,"doclang":"Multi","externalkey":"Umweltproduktdeklaration","docpos":"50"},{"download":false,"filename":"Fiche de donn\u00e9es de s\u00e9curit\u00e9","protected":true,"doclang":"FR","externalkey":"Sicherheitsdatenblatt","docpos":"3"}],"einstellungen":null,"background_color":"bg-none","background_color_content":"bg-none"}},"included_in_systems":{"module_included_in_systems":{"":null,"background_color":"bg-gray-medium","background_color_content":"bg-none"}},"contact":{"module_contact":{"":null,"background_color":"bg-none","background_color_content":"bg-none"}},"ausschreibende":{"module_ausschreibende":{"andern_sie_den_inhalt_unter_universelle_elemente":null,"background_color":"bg-none","background_color_content":"bg-none"}}},"yoast_head":"<!-- This site is optimized with the Yoast SEO plugin v27.0 - https:\/\/yoast.com\/product\/yoast-seo-wordpress\/ -->\n<title>Rev\u00eatement EP 220 autolissant, r\u00e9silient | KLB K\u00f6tztal<\/title>\n<meta name=\"description\" content=\"Rev\u00eatement EP 220 pr\u00eat \u00e0 l&#039;emploi, autolissant pour les sols lisses et saupoudr\u00e9s | KLB rev\u00eatements industriels \u2714\ufe0f r\u00e9sistance m\u00e9canique et chimique\" \/>\n<meta name=\"robots\" content=\"noindex, follow, max-snippet:-1, max-image-preview:large, max-video-preview:-1\" \/>\n<meta property=\"og:locale\" content=\"fr_FR\" \/>\n<meta property=\"og:type\" content=\"article\" \/>\n<meta property=\"og:title\" content=\"Rev\u00eatement EP 220 autolissant, r\u00e9silient | KLB K\u00f6tztal\" \/>\n<meta property=\"og:description\" content=\"Rev\u00eatement EP 220 pr\u00eat \u00e0 l&#039;emploi, autolissant pour les sols lisses et saupoudr\u00e9s | KLB rev\u00eatements industriels \u2714\ufe0f r\u00e9sistance m\u00e9canique et chimique\" \/>\n<meta property=\"og:url\" content=\"https:\/\/www.klb-koetztal.de\/fr\/produkt\/klb-system-epoxid-ep-220\/\" \/>\n<meta property=\"og:site_name\" content=\"KLB K\u00f6tztal\" \/>\n<meta property=\"article:publisher\" content=\"https:\/\/www.facebook.com\/klbkoetztal\" \/>\n<meta property=\"article:modified_time\" content=\"2026-04-01T10:28:52+00:00\" \/>\n<meta property=\"og:image\" content=\"https:\/\/www.klb-koetztal.de\/app\/uploads\/2022\/03\/EP220.jpg\" \/>\n\t<meta property=\"og:image:width\" content=\"500\" \/>\n\t<meta property=\"og:image:height\" content=\"500\" \/>\n\t<meta property=\"og:image:type\" content=\"image\/jpeg\" \/>\n<meta name=\"twitter:card\" content=\"summary_large_image\" \/>\n<script type=\"application\/ld+json\" class=\"yoast-schema-graph\">{\"@context\":\"https:\/\/schema.org\",\"@graph\":[{\"@type\":\"WebPage\",\"@id\":\"https:\/\/www.klb-koetztal.de\/fr\/produkt\/klb-system-epoxid-ep-220\/\",\"url\":\"https:\/\/www.klb-koetztal.de\/fr\/produkt\/klb-system-epoxid-ep-220\/\",\"name\":\"Rev\u00eatement EP 220 autolissant, r\u00e9silient | KLB K\u00f6tztal\",\"isPartOf\":{\"@id\":\"https:\/\/www.klb-koetztal.de\/fr\/#website\"},\"primaryImageOfPage\":{\"@id\":\"https:\/\/www.klb-koetztal.de\/fr\/produkt\/klb-system-epoxid-ep-220\/#primaryimage\"},\"image\":{\"@id\":\"https:\/\/www.klb-koetztal.de\/fr\/produkt\/klb-system-epoxid-ep-220\/#primaryimage\"},\"thumbnailUrl\":\"https:\/\/www.klb-koetztal.de\/app\/uploads\/2022\/03\/EP220.jpg\",\"datePublished\":\"2026-03-24T14:31:06+00:00\",\"dateModified\":\"2026-04-01T10:28:52+00:00\",\"description\":\"Rev\u00eatement EP 220 pr\u00eat \u00e0 l'emploi, autolissant pour les sols lisses et saupoudr\u00e9s | KLB rev\u00eatements industriels \u2714\ufe0f r\u00e9sistance m\u00e9canique et chimique\",\"breadcrumb\":{\"@id\":\"https:\/\/www.klb-koetztal.de\/fr\/produkt\/klb-system-epoxid-ep-220\/#breadcrumb\"},\"inLanguage\":\"fr-FR\",\"potentialAction\":[{\"@type\":\"ReadAction\",\"target\":[\"https:\/\/www.klb-koetztal.de\/fr\/produkt\/klb-system-epoxid-ep-220\/\"]}]},{\"@type\":\"ImageObject\",\"inLanguage\":\"fr-FR\",\"@id\":\"https:\/\/www.klb-koetztal.de\/fr\/produkt\/klb-system-epoxid-ep-220\/#primaryimage\",\"url\":\"https:\/\/www.klb-koetztal.de\/app\/uploads\/2022\/03\/EP220.jpg\",\"contentUrl\":\"https:\/\/www.klb-koetztal.de\/app\/uploads\/2022\/03\/EP220.jpg\",\"width\":500,\"height\":500},{\"@type\":\"BreadcrumbList\",\"@id\":\"https:\/\/www.klb-koetztal.de\/fr\/produkt\/klb-system-epoxid-ep-220\/#breadcrumb\",\"itemListElement\":[{\"@type\":\"ListItem\",\"position\":1,\"name\":\"Startseite\",\"item\":\"https:\/\/www.klb-koetztal.de\/fr\/\"},{\"@type\":\"ListItem\",\"position\":2,\"name\":\"KLB-SYSTEM EPOXID EP 220\"}]},{\"@type\":\"WebSite\",\"@id\":\"https:\/\/www.klb-koetztal.de\/fr\/#website\",\"url\":\"https:\/\/www.klb-koetztal.de\/fr\/\",\"name\":\"KLB K\u00f6tztal\",\"description\":\"Gute B\u00f6den haben ein System.\",\"potentialAction\":[{\"@type\":\"SearchAction\",\"target\":{\"@type\":\"EntryPoint\",\"urlTemplate\":\"https:\/\/www.klb-koetztal.de\/fr\/?s={search_term_string}\"},\"query-input\":{\"@type\":\"PropertyValueSpecification\",\"valueRequired\":true,\"valueName\":\"search_term_string\"}}],\"inLanguage\":\"fr-FR\"}]}<\/script>\n<!-- \/ Yoast SEO plugin. -->","yoast_head_json":{"title":"Rev\u00eatement EP 220 autolissant, r\u00e9silient | KLB K\u00f6tztal","description":"Rev\u00eatement EP 220 pr\u00eat \u00e0 l'emploi, autolissant pour les sols lisses et saupoudr\u00e9s | KLB rev\u00eatements industriels \u2714\ufe0f r\u00e9sistance m\u00e9canique et chimique","robots":{"index":"noindex","follow":"follow","max-snippet":"max-snippet:-1","max-image-preview":"max-image-preview:large","max-video-preview":"max-video-preview:-1"},"og_locale":"fr_FR","og_type":"article","og_title":"Rev\u00eatement EP 220 autolissant, r\u00e9silient | KLB K\u00f6tztal","og_description":"Rev\u00eatement EP 220 pr\u00eat \u00e0 l'emploi, autolissant pour les sols lisses et saupoudr\u00e9s | KLB rev\u00eatements industriels \u2714\ufe0f r\u00e9sistance m\u00e9canique et chimique","og_url":"https:\/\/www.klb-koetztal.de\/fr\/produkt\/klb-system-epoxid-ep-220\/","og_site_name":"KLB K\u00f6tztal","article_publisher":"https:\/\/www.facebook.com\/klbkoetztal","article_modified_time":"2026-04-01T10:28:52+00:00","og_image":[{"width":500,"height":500,"url":"https:\/\/www.klb-koetztal.de\/app\/uploads\/2022\/03\/EP220.jpg","type":"image\/jpeg"}],"twitter_card":"summary_large_image","schema":{"@context":"https:\/\/schema.org","@graph":[{"@type":"WebPage","@id":"https:\/\/www.klb-koetztal.de\/fr\/produkt\/klb-system-epoxid-ep-220\/","url":"https:\/\/www.klb-koetztal.de\/fr\/produkt\/klb-system-epoxid-ep-220\/","name":"Rev\u00eatement EP 220 autolissant, r\u00e9silient | KLB K\u00f6tztal","isPartOf":{"@id":"https:\/\/www.klb-koetztal.de\/fr\/#website"},"primaryImageOfPage":{"@id":"https:\/\/www.klb-koetztal.de\/fr\/produkt\/klb-system-epoxid-ep-220\/#primaryimage"},"image":{"@id":"https:\/\/www.klb-koetztal.de\/fr\/produkt\/klb-system-epoxid-ep-220\/#primaryimage"},"thumbnailUrl":"https:\/\/www.klb-koetztal.de\/app\/uploads\/2022\/03\/EP220.jpg","datePublished":"2026-03-24T14:31:06+00:00","dateModified":"2026-04-01T10:28:52+00:00","description":"Rev\u00eatement EP 220 pr\u00eat \u00e0 l'emploi, autolissant pour les sols lisses et saupoudr\u00e9s | KLB rev\u00eatements industriels \u2714\ufe0f r\u00e9sistance m\u00e9canique et chimique","breadcrumb":{"@id":"https:\/\/www.klb-koetztal.de\/fr\/produkt\/klb-system-epoxid-ep-220\/#breadcrumb"},"inLanguage":"fr-FR","potentialAction":[{"@type":"ReadAction","target":["https:\/\/www.klb-koetztal.de\/fr\/produkt\/klb-system-epoxid-ep-220\/"]}]},{"@type":"ImageObject","inLanguage":"fr-FR","@id":"https:\/\/www.klb-koetztal.de\/fr\/produkt\/klb-system-epoxid-ep-220\/#primaryimage","url":"https:\/\/www.klb-koetztal.de\/app\/uploads\/2022\/03\/EP220.jpg","contentUrl":"https:\/\/www.klb-koetztal.de\/app\/uploads\/2022\/03\/EP220.jpg","width":500,"height":500},{"@type":"BreadcrumbList","@id":"https:\/\/www.klb-koetztal.de\/fr\/produkt\/klb-system-epoxid-ep-220\/#breadcrumb","itemListElement":[{"@type":"ListItem","position":1,"name":"Startseite","item":"https:\/\/www.klb-koetztal.de\/fr\/"},{"@type":"ListItem","position":2,"name":"KLB-SYSTEM EPOXID EP 220"}]},{"@type":"WebSite","@id":"https:\/\/www.klb-koetztal.de\/fr\/#website","url":"https:\/\/www.klb-koetztal.de\/fr\/","name":"KLB K\u00f6tztal","description":"Gute B\u00f6den haben ein System.","potentialAction":[{"@type":"SearchAction","target":{"@type":"EntryPoint","urlTemplate":"https:\/\/www.klb-koetztal.de\/fr\/?s={search_term_string}"},"query-input":{"@type":"PropertyValueSpecification","valueRequired":true,"valueName":"search_term_string"}}],"inLanguage":"fr-FR"}]}},"_links":{"self":[{"href":"https:\/\/www.klb-koetztal.de\/fr\/wp-json\/wp\/v2\/product\/69675","targetHints":{"allow":["GET"]}}],"collection":[{"href":"https:\/\/www.klb-koetztal.de\/fr\/wp-json\/wp\/v2\/product"}],"about":[{"href":"https:\/\/www.klb-koetztal.de\/fr\/wp-json\/wp\/v2\/types\/product"}],"wp:featuredmedia":[{"embeddable":true,"href":"https:\/\/www.klb-koetztal.de\/fr\/wp-json\/wp\/v2\/media\/49505"}],"wp:attachment":[{"href":"https:\/\/www.klb-koetztal.de\/fr\/wp-json\/wp\/v2\/media?parent=69675"}],"wp:term":[{"taxonomy":"product_brand","embeddable":true,"href":"https:\/\/www.klb-koetztal.de\/fr\/wp-json\/wp\/v2\/product_brand?post=69675"},{"taxonomy":"product_cat","embeddable":true,"href":"https:\/\/www.klb-koetztal.de\/fr\/wp-json\/wp\/v2\/product_cat?post=69675"},{"taxonomy":"product_tag","embeddable":true,"href":"https:\/\/www.klb-koetztal.de\/fr\/wp-json\/wp\/v2\/product_tag?post=69675"}],"curies":[{"name":"wp","href":"https:\/\/api.w.org\/{rel}","templated":true}]}}