{"id":66408,"date":"2025-07-08T16:03:36","date_gmt":"2025-07-08T14:03:36","guid":{"rendered":"https:\/\/www.klb-koetztal.de\/produkt\/klb-system-polyurethan-pu-9016\/"},"modified":"2026-04-01T12:35:43","modified_gmt":"2026-04-01T10:35:43","slug":"klb-system-polyurethan-pu-9016","status":"publish","type":"product","link":"https:\/\/www.klb-koetztal.de\/fr\/produkt\/klb-system-polyurethan-pu-9016\/","title":{"rendered":"KLB-SYSTEM POLYURETHAN PU 9016"},"content":{"rendered":"","protected":false},"excerpt":{"rendered":"<p>KLB-SYSTEM POLYURETHAN PU 9016 est une r\u00e9sine polyur\u00e9thane monocomposant \u00e0 faibles \u00e9missions, utilis\u00e9e comme liant pour la r\u00e9alisation de tapis de pierre en int\u00e9rieur et ext\u00e9rieur. Elle durcit \u00e0 l\u2019humidit\u00e9 de l\u2019air et forme un film transparent, brillant, r\u00e9sistant aux UV et aux intemp\u00e9ries. Id\u00e9ale pour balcons, terrasses, espaces de vie ou zones d\u2019exposition, avec une bonne r\u00e9sistance \u00e0 l\u2019eau, aux sels et aux produits chimiques. Certifi\u00e9e EC 1PLUS pour les zones occup\u00e9es.<\/p>\n","protected":false},"featured_media":0,"template":"","meta":{"_acf_changed":false},"product_brand":[],"product_cat":[10044,10045],"product_tag":[],"class_list":{"0":"post-66408","1":"product","2":"type-product","3":"status-publish","5":"product_cat-liant-decor-scellement-de-finition-bouche-pores","6":"product_cat-liant-decor-scellement-de-finition-bouche-pores_liant-decor","8":"first","9":"instock","10":"shipping-taxable","11":"product-type-simple"},"acf":{"product_header":{"module_product_header":{"":null,"prototype_headline":{"headline":"KLB-SYSTEM POLYURETHAN PU 9016","h1":true,"subheadline":"Liant en PU monocomposant \u00e0 faible \u00e9mission,&#160;stable&#160;\u00e0 la lumi\u00e8re et aux intemp\u00e9ries pour moquettes de pierre int\u00e9rieures et ext\u00e9rieures","anchor":"","url":""},"grid_text_slider":false,"grid_text_content":[{"text":"<p class=\"product-short-title\" style=\"text-align: center;\"><strong>Br\u00e8ve description<\/strong><\/p>\n<p>KLB-SYSTEM POLYURETHAN PU 9016 est une r\u00e9sine polyur\u00e9thane monocomposant \u00e0 faibles \u00e9missions, utilis\u00e9e comme liant pour la r\u00e9alisation de tapis de pierre en int\u00e9rieur et ext\u00e9rieur. Elle durcit \u00e0 l\u2019humidit\u00e9 de l\u2019air et forme un film transparent, brillant, r\u00e9sistant aux UV et aux intemp\u00e9ries. Id\u00e9ale pour balcons, terrasses, espaces de vie ou zones d\u2019exposition, avec une bonne r\u00e9sistance \u00e0 l\u2019eau, aux sels et aux produits chimiques. Certifi\u00e9e EC 1PLUS pour les zones occup\u00e9es.<\/p>\n","width":"4","background_color_text":"bg-white","border_color":"border-gray-light"},{"text":"<p class=\"product-sicing-title\" style=\"text-align: center;\"><strong>Unit\u00e9s d'emballage<\/strong><\/p>\n<ul>\n<li>PU0022-01 &#8211; Bo\u00eete 1,20 kg<\/li>\n<li>PU0022-06 &#8211; Seau 6,00 kg<\/li>\n<\/ul>\n<p><\/p>\n<p>N&rsquo;h\u00e9sitez pas \u00e0 contacter directement pour toute demande concernant des quantit\u00e9s de livraison ou des unit\u00e9s de conditionnement plus importantes.<\/p>\n\n","width":"4","background_color_text":"bg-white","border_color":"border-gray-light"},{"text":"<p class=\"product-attr-title\" style=\"text-align: center;\"><strong>Propri\u00e9t\u00e9s<\/strong><\/p>\n<ul>\n<li>monocomposant<\/li>\n<li>qualit\u00e9 contr\u00f4l\u00e9e, \u00e0 faible \u00e9mission<\/li>\n<li>certifi\u00e9 selon EMICODE\u00ae  EC 1PLUS<\/li>\n<li>pr\u00eat \u00e0 l&#8217;emploi<\/li>\n<li>transparent<\/li>\n<li>r\u00e9sistant \u00e0 la lumi\u00e8re<\/li>\n<li>r\u00e9sistant aux intemp\u00e9ries<\/li>\n<li>pour les espaces int\u00e9rieures et ext\u00e9rieures<\/li>\n<\/ul>\n","width":"4","background_color_text":"bg-white","border_color":"border-gray-light"}],"background_color":"bg-none","background_color_content":"bg-none"}},"downloads":{"module_download_list":{"inhalt":null,"downloads":[{"download":{"ID":69553,"id":69553,"title":"PU_9016_PI_fr_2026_03","filename":"PU_9016_PI_fr_2026_03.pdf","filesize":549554,"url":"https:\/\/www.klb-koetztal.de\/app\/uploads\/2026\/03\/PU_9016_PI_fr_2026_03.pdf","link":"https:\/\/www.klb-koetztal.de\/fr\/?attachment_id=69553","alt":"","author":"7","description":"","caption":"","name":"pu_9016_pi_fr_2026_03-2","status":"inherit","uploaded_to":0,"date":"2026-03-16 15:44:59","modified":"2026-03-16 15:44:59","menu_order":0,"mime_type":"application\/pdf","type":"application","subtype":"pdf","icon":"https:\/\/www.klb-koetztal.de\/wp\/wp-includes\/images\/media\/document.png"},"filename":"Information produit","protected":false,"doclang":"FR","externalkey":"Produktinformation","docpos":"3"},{"download":{"ID":66420,"id":66420,"title":"PU9016_Umwelt-Deklaration_2024-07","filename":"PU9016_Umwelt-Deklaration_2024-07.pdf","filesize":2553026,"url":"https:\/\/www.klb-koetztal.de\/app\/uploads\/2025\/07\/PU9016_Umwelt-Deklaration_2024-07.pdf","link":"https:\/\/www.klb-koetztal.de\/fr\/?attachment_id=66420","alt":"","author":"7","description":"","caption":"","name":"pu9016_umwelt-deklaration_2024-07-2","status":"inherit","uploaded_to":0,"date":"2025-07-08 14:03:50","modified":"2025-07-08 14:03:50","menu_order":0,"mime_type":"application\/pdf","type":"application","subtype":"pdf","icon":"https:\/\/www.klb-koetztal.de\/wp\/wp-includes\/images\/media\/document.png"},"filename":"D\u00e9clarations de produit environnemental (EPD)","protected":false,"doclang":"Multi","externalkey":"Umweltproduktdeklaration","docpos":"50"},{"download":false,"filename":"Fiche de donn\u00e9es de s\u00e9curit\u00e9","protected":true,"doclang":"FR","externalkey":"Sicherheitsdatenblatt","docpos":"3"}],"einstellungen":null,"background_color":"bg-none","background_color_content":"bg-none"}},"included_in_systems":{"module_included_in_systems":{"":null,"background_color":"bg-gray-medium","background_color_content":"bg-none"}},"contact":{"module_contact":{"":null,"background_color":"bg-none","background_color_content":"bg-none"}},"ausschreibende":{"module_ausschreibende":{"andern_sie_den_inhalt_unter_universelle_elemente":null,"background_color":"bg-none","background_color_content":"bg-none"}}},"yoast_head":"<!-- This site is optimized with the Yoast SEO plugin v27.0 - https:\/\/yoast.com\/product\/yoast-seo-wordpress\/ -->\n<title>| KLB K\u00f6tztal<\/title>\n<meta name=\"description\" content=\"\u2714\ufe0f\" \/>\n<meta name=\"robots\" content=\"noindex, follow, max-snippet:-1, max-image-preview:large, max-video-preview:-1\" \/>\n<meta property=\"og:locale\" content=\"fr_FR\" \/>\n<meta property=\"og:type\" content=\"article\" \/>\n<meta property=\"og:title\" content=\"| KLB K\u00f6tztal\" \/>\n<meta property=\"og:description\" content=\"\u2714\ufe0f\" \/>\n<meta property=\"og:url\" content=\"https:\/\/www.klb-koetztal.de\/fr\/produkt\/klb-system-polyurethan-pu-9016\/\" \/>\n<meta property=\"og:site_name\" content=\"KLB K\u00f6tztal\" \/>\n<meta property=\"article:publisher\" content=\"https:\/\/www.facebook.com\/klbkoetztal\" \/>\n<meta property=\"article:modified_time\" content=\"2026-04-01T10:35:43+00:00\" \/>\n<meta name=\"twitter:card\" content=\"summary_large_image\" \/>\n<script type=\"application\/ld+json\" class=\"yoast-schema-graph\">{\"@context\":\"https:\/\/schema.org\",\"@graph\":[{\"@type\":\"WebPage\",\"@id\":\"https:\/\/www.klb-koetztal.de\/fr\/produkt\/klb-system-polyurethan-pu-9016\/\",\"url\":\"https:\/\/www.klb-koetztal.de\/fr\/produkt\/klb-system-polyurethan-pu-9016\/\",\"name\":\"| KLB K\u00f6tztal\",\"isPartOf\":{\"@id\":\"https:\/\/www.klb-koetztal.de\/fr\/#website\"},\"datePublished\":\"2025-07-08T14:03:36+00:00\",\"dateModified\":\"2026-04-01T10:35:43+00:00\",\"description\":\"\u2714\ufe0f\",\"breadcrumb\":{\"@id\":\"https:\/\/www.klb-koetztal.de\/fr\/produkt\/klb-system-polyurethan-pu-9016\/#breadcrumb\"},\"inLanguage\":\"fr-FR\",\"potentialAction\":[{\"@type\":\"ReadAction\",\"target\":[\"https:\/\/www.klb-koetztal.de\/fr\/produkt\/klb-system-polyurethan-pu-9016\/\"]}]},{\"@type\":\"BreadcrumbList\",\"@id\":\"https:\/\/www.klb-koetztal.de\/fr\/produkt\/klb-system-polyurethan-pu-9016\/#breadcrumb\",\"itemListElement\":[{\"@type\":\"ListItem\",\"position\":1,\"name\":\"Startseite\",\"item\":\"https:\/\/www.klb-koetztal.de\/fr\/\"},{\"@type\":\"ListItem\",\"position\":2,\"name\":\"KLB-SYSTEM POLYURETHAN PU 9016\"}]},{\"@type\":\"WebSite\",\"@id\":\"https:\/\/www.klb-koetztal.de\/fr\/#website\",\"url\":\"https:\/\/www.klb-koetztal.de\/fr\/\",\"name\":\"KLB K\u00f6tztal\",\"description\":\"Gute B\u00f6den haben ein System.\",\"potentialAction\":[{\"@type\":\"SearchAction\",\"target\":{\"@type\":\"EntryPoint\",\"urlTemplate\":\"https:\/\/www.klb-koetztal.de\/fr\/?s={search_term_string}\"},\"query-input\":{\"@type\":\"PropertyValueSpecification\",\"valueRequired\":true,\"valueName\":\"search_term_string\"}}],\"inLanguage\":\"fr-FR\"}]}<\/script>\n<!-- \/ Yoast SEO plugin. -->","yoast_head_json":{"title":"| KLB K\u00f6tztal","description":"\u2714\ufe0f","robots":{"index":"noindex","follow":"follow","max-snippet":"max-snippet:-1","max-image-preview":"max-image-preview:large","max-video-preview":"max-video-preview:-1"},"og_locale":"fr_FR","og_type":"article","og_title":"| KLB K\u00f6tztal","og_description":"\u2714\ufe0f","og_url":"https:\/\/www.klb-koetztal.de\/fr\/produkt\/klb-system-polyurethan-pu-9016\/","og_site_name":"KLB K\u00f6tztal","article_publisher":"https:\/\/www.facebook.com\/klbkoetztal","article_modified_time":"2026-04-01T10:35:43+00:00","twitter_card":"summary_large_image","schema":{"@context":"https:\/\/schema.org","@graph":[{"@type":"WebPage","@id":"https:\/\/www.klb-koetztal.de\/fr\/produkt\/klb-system-polyurethan-pu-9016\/","url":"https:\/\/www.klb-koetztal.de\/fr\/produkt\/klb-system-polyurethan-pu-9016\/","name":"| KLB K\u00f6tztal","isPartOf":{"@id":"https:\/\/www.klb-koetztal.de\/fr\/#website"},"datePublished":"2025-07-08T14:03:36+00:00","dateModified":"2026-04-01T10:35:43+00:00","description":"\u2714\ufe0f","breadcrumb":{"@id":"https:\/\/www.klb-koetztal.de\/fr\/produkt\/klb-system-polyurethan-pu-9016\/#breadcrumb"},"inLanguage":"fr-FR","potentialAction":[{"@type":"ReadAction","target":["https:\/\/www.klb-koetztal.de\/fr\/produkt\/klb-system-polyurethan-pu-9016\/"]}]},{"@type":"BreadcrumbList","@id":"https:\/\/www.klb-koetztal.de\/fr\/produkt\/klb-system-polyurethan-pu-9016\/#breadcrumb","itemListElement":[{"@type":"ListItem","position":1,"name":"Startseite","item":"https:\/\/www.klb-koetztal.de\/fr\/"},{"@type":"ListItem","position":2,"name":"KLB-SYSTEM POLYURETHAN PU 9016"}]},{"@type":"WebSite","@id":"https:\/\/www.klb-koetztal.de\/fr\/#website","url":"https:\/\/www.klb-koetztal.de\/fr\/","name":"KLB K\u00f6tztal","description":"Gute B\u00f6den haben ein System.","potentialAction":[{"@type":"SearchAction","target":{"@type":"EntryPoint","urlTemplate":"https:\/\/www.klb-koetztal.de\/fr\/?s={search_term_string}"},"query-input":{"@type":"PropertyValueSpecification","valueRequired":true,"valueName":"search_term_string"}}],"inLanguage":"fr-FR"}]}},"_links":{"self":[{"href":"https:\/\/www.klb-koetztal.de\/fr\/wp-json\/wp\/v2\/product\/66408","targetHints":{"allow":["GET"]}}],"collection":[{"href":"https:\/\/www.klb-koetztal.de\/fr\/wp-json\/wp\/v2\/product"}],"about":[{"href":"https:\/\/www.klb-koetztal.de\/fr\/wp-json\/wp\/v2\/types\/product"}],"wp:attachment":[{"href":"https:\/\/www.klb-koetztal.de\/fr\/wp-json\/wp\/v2\/media?parent=66408"}],"wp:term":[{"taxonomy":"product_brand","embeddable":true,"href":"https:\/\/www.klb-koetztal.de\/fr\/wp-json\/wp\/v2\/product_brand?post=66408"},{"taxonomy":"product_cat","embeddable":true,"href":"https:\/\/www.klb-koetztal.de\/fr\/wp-json\/wp\/v2\/product_cat?post=66408"},{"taxonomy":"product_tag","embeddable":true,"href":"https:\/\/www.klb-koetztal.de\/fr\/wp-json\/wp\/v2\/product_tag?post=66408"}],"curies":[{"name":"wp","href":"https:\/\/api.w.org\/{rel}","templated":true}]}}