{"id":66178,"date":"2025-07-03T09:57:43","date_gmt":"2025-07-03T07:57:43","guid":{"rendered":"https:\/\/www.klb-koetztal.de\/produkt\/klb-system-polyurethan-pu-817-flex\/"},"modified":"2026-04-01T12:51:36","modified_gmt":"2026-04-01T10:51:36","slug":"klb-system-polyurethan-pu-817-flex","status":"publish","type":"product","link":"https:\/\/www.klb-koetztal.de\/fr\/produkt\/klb-system-polyurethan-pu-817-flex\/","title":{"rendered":"KLB-SYSTEM POLYURETHAN PU 817 Flex"},"content":{"rendered":"","protected":false},"excerpt":{"rendered":"<p>Scellement mat en polyur\u00e9thane \u00e0 2 composants, \u00e0 faible \u00e9mission, \u00e9lastique, transparent et stable \u00e0 la lumi\u00e8re avec une r\u00e9duction des bruits d&rsquo;impact&#160;pour les surfaces adapt\u00e9es aux roulettes de chaise,&#160;pour le scellement final&#160;sur les rev\u00eatements \u00e9lastiques en r\u00e9sine polyur\u00e9thane, tels que&#160;KLB-SYSTEM POLYURETHAN PU 414 FLAIR,&#160;KLB-NaturaPUR&#160;PU 435&#160;ou PU 405.&#160;Le scellement g\u00e9n\u00e8re&#160;une surface uniform\u00e9ment homog\u00e8ne, mate et d\u2018aspect esth\u00e9tique. Gr\u00e2ce aux faibles \u00e9missions et les propri\u00e9t\u00e9s \u00e9lastiques du liant, le produit convient parfaitement pour sceller les rev\u00eatements \u00e9lastiques utilis\u00e9s dans les zones d\u00e9coratives priv\u00e9es ou commerciales, par exemple dans les salles de s\u00e9jour.&#160;Il&#160;forme&#160;un film \u00e9lastique, r\u00e9sistant \u00e0 l&rsquo;abrasion, stable \u00e0 la lumi\u00e8re, avec une faible tendance aux taches et une bonne nettoyabilit\u00e9.<\/p>\n","protected":false},"featured_media":66179,"template":"","meta":{"_acf_changed":false},"product_brand":[],"product_cat":[10038,10056],"product_tag":[],"class_list":{"0":"post-66178","1":"product","2":"type-product","3":"status-publish","4":"has-post-thumbnail","6":"product_cat-scellements-impregnations","7":"product_cat-scellements-impregnations_scellements-en-polyurethane-a-2-composants-emulsionnes-a-leau","9":"first","10":"instock","11":"shipping-taxable","12":"product-type-simple"},"acf":{"product_header":{"module_product_header":{"":null,"prototype_headline":{"headline":"KLB-SYSTEM POLYURETHAN PU 817 Flex","h1":true,"subheadline":"Scellement mat en polyur\u00e9thane \u00e0 2 composants, \u00e0 faible \u00e9mission, \u00e9lastique, transparent et stable \u00e0 la lumi\u00e8re avec une r\u00e9duction des bruits d'impact&#160;pour les surfaces adapt\u00e9es aux roulettes de chaise","anchor":"","url":""},"grid_text_slider":false,"grid_text_content":[{"text":"<p class=\"product-short-title\" style=\"text-align: center;\"><strong>Br\u00e8ve description<\/strong><\/p>\n<p>Scellement mat en polyur\u00e9thane \u00e0 2 composants, \u00e0 faible \u00e9mission, \u00e9lastique, transparent et stable \u00e0 la lumi\u00e8re avec une r\u00e9duction des bruits d&rsquo;impact&#160;pour les surfaces adapt\u00e9es aux roulettes de chaise,&#160;pour le scellement final&#160;sur les rev\u00eatements \u00e9lastiques en r\u00e9sine polyur\u00e9thane, tels que&#160;<strong>KLB-SYSTEM POLYURETHAN PU 414 FLAIR,&#160;KLB-NaturaPUR&#160;PU 435&#160;<\/strong>ou <strong>PU 405.&#160;<\/strong>Le scellement g\u00e9n\u00e8re&#160;une surface uniform\u00e9ment homog\u00e8ne, mate et d\u2018aspect esth\u00e9tique. Gr\u00e2ce aux faibles \u00e9missions et les propri\u00e9t\u00e9s \u00e9lastiques du liant, le produit convient parfaitement pour sceller les rev\u00eatements \u00e9lastiques utilis\u00e9s dans les zones d\u00e9coratives priv\u00e9es ou commerciales, par exemple dans les salles de s\u00e9jour.&#160;Il&#160;forme&#160;un film \u00e9lastique, r\u00e9sistant \u00e0 l&rsquo;abrasion, stable \u00e0 la lumi\u00e8re, avec une faible tendance aux taches et une bonne nettoyabilit\u00e9.<\/p>\n","width":"4","background_color_text":"bg-white","border_color":"border-gray-light"},{"text":"<p class=\"product-sicing-title\" style=\"text-align: center;\"><strong>Unit\u00e9s d'emballage<\/strong><\/p>\n<ul>\n<li>AK6534-72 &#8211; Emballage en kit 5,00 kg<\/li>\n<li>AK6534-50 &#8211; Emballage en kit 10,00 kg<\/li>\n<\/ul>\n<p><\/p>\n<p>N&rsquo;h\u00e9sitez pas \u00e0 contacter directement pour toute demande concernant des quantit\u00e9s de livraison ou des unit\u00e9s de conditionnement plus importantes.<\/p>\n\n","width":"4","background_color_text":"bg-white","border_color":"border-gray-light"},{"text":"<p class=\"product-attr-title\" style=\"text-align: center;\"><strong>Propri\u00e9t\u00e9s<\/strong><\/p>\n<ul>\n<li>\u00e9lastique<\/li>\n<li>qualit\u00e9 contr\u00f4l\u00e9e, \u00e0 faible \u00e9mission<\/li>\n<li>certifi\u00e9 selon EMICODE\u00ae  EC 1PLUS<\/li>\n<li>total Solid selon GISCODE<\/li>\n<li>mat<\/li>\n<li>surface homog\u00e8ne<\/li>\n<li>bonnes propri\u00e9t\u00e9s de traitement<\/li>\n<li>respectueux de l&rsquo;environnement<\/li>\n<li>tr\u00e8s haute adh\u00e9rence<\/li>\n<li>r\u00e9sistant \u00e0 l&rsquo;abrasion et \u00e0 l&rsquo;usure<\/li>\n<\/ul>\n","width":"4","background_color_text":"bg-white","border_color":"border-gray-light"}],"background_color":"bg-none","background_color_content":"bg-none"}},"downloads":{"module_download_list":{"inhalt":null,"downloads":[{"download":{"ID":69481,"id":69481,"title":"PU_817_Flex_PI_fr_2026_03-3","filename":"PU_817_Flex_PI_fr_2026_03-3.pdf","filesize":1082211,"url":"https:\/\/www.klb-koetztal.de\/app\/uploads\/2026\/03\/PU_817_Flex_PI_fr_2026_03-3.pdf","link":"https:\/\/www.klb-koetztal.de\/fr\/?attachment_id=69481","alt":"","author":"7","description":"","caption":"","name":"pu_817_flex_pi_fr_2026_03-3-2","status":"inherit","uploaded_to":0,"date":"2026-03-16 13:35:05","modified":"2026-03-16 13:35:05","menu_order":0,"mime_type":"application\/pdf","type":"application","subtype":"pdf","icon":"https:\/\/www.klb-koetztal.de\/wp\/wp-includes\/images\/media\/document.png"},"filename":"Information produit","protected":false,"doclang":"FR","externalkey":"Produktinformation","docpos":"3"},{"download":{"ID":68075,"id":68075,"title":"PU_817_Flex_LE_en_2025_11","filename":"PU_817_Flex_LE_en_2025_11.pdf","filesize":717954,"url":"https:\/\/www.klb-koetztal.de\/app\/uploads\/2025\/11\/PU_817_Flex_LE_en_2025_11.pdf","link":"https:\/\/www.klb-koetztal.de\/fr\/?attachment_id=68075","alt":"","author":"7","description":"","caption":"","name":"pu_817_flex_le_en_2025_11-2","status":"inherit","uploaded_to":0,"date":"2025-11-07 10:11:45","modified":"2025-11-07 10:11:45","menu_order":0,"mime_type":"application\/pdf","type":"application","subtype":"pdf","icon":"https:\/\/www.klb-koetztal.de\/wp\/wp-includes\/images\/media\/document.png"},"filename":"Statement of performance","protected":false,"doclang":"GB","externalkey":"Leistungserklaerung","docpos":"2"},{"download":{"ID":68078,"id":68078,"title":"PU_817_Flex_LE_fr_2025_11","filename":"PU_817_Flex_LE_fr_2025_11.pdf","filesize":721176,"url":"https:\/\/www.klb-koetztal.de\/app\/uploads\/2025\/11\/PU_817_Flex_LE_fr_2025_11.pdf","link":"https:\/\/www.klb-koetztal.de\/fr\/?attachment_id=68078","alt":"","author":"7","description":"","caption":"","name":"pu_817_flex_le_fr_2025_11-2","status":"inherit","uploaded_to":0,"date":"2025-11-07 10:11:47","modified":"2025-11-07 10:11:47","menu_order":0,"mime_type":"application\/pdf","type":"application","subtype":"pdf","icon":"https:\/\/www.klb-koetztal.de\/wp\/wp-includes\/images\/media\/document.png"},"filename":"D\u00e9claration de performance","protected":false,"doclang":"FR","externalkey":"Leistungserklaerung","docpos":"3"},{"download":{"ID":66193,"id":66193,"title":"PU817Flex_Umwelt-Deklaration_2025-06","filename":"PU817Flex_Umwelt-Deklaration_2025-06.pdf","filesize":2561346,"url":"https:\/\/www.klb-koetztal.de\/app\/uploads\/2025\/07\/PU817Flex_Umwelt-Deklaration_2025-06.pdf","link":"https:\/\/www.klb-koetztal.de\/fr\/?attachment_id=66193","alt":"","author":"7","description":"","caption":"","name":"pu817flex_umwelt-deklaration_2025-06-2","status":"inherit","uploaded_to":0,"date":"2025-07-03 07:58:01","modified":"2025-07-03 07:58:01","menu_order":0,"mime_type":"application\/pdf","type":"application","subtype":"pdf","icon":"https:\/\/www.klb-koetztal.de\/wp\/wp-includes\/images\/media\/document.png"},"filename":"D\u00e9clarations de produit environnemental (EPD)","protected":false,"doclang":"Multi","externalkey":"Umweltproduktdeklaration","docpos":"50"},{"download":false,"filename":"Fiche de donn\u00e9es de s\u00e9curit\u00e9","protected":true,"doclang":"FR","externalkey":"Sicherheitsdatenblatt","docpos":"3"}],"einstellungen":null,"background_color":"bg-none","background_color_content":"bg-none"}},"included_in_systems":{"module_included_in_systems":{"":null,"background_color":"bg-gray-medium","background_color_content":"bg-none"}},"contact":{"module_contact":{"":null,"background_color":"bg-none","background_color_content":"bg-none"}},"ausschreibende":{"module_ausschreibende":{"andern_sie_den_inhalt_unter_universelle_elemente":null,"background_color":"bg-none","background_color_content":"bg-none"}}},"yoast_head":"<!-- This site is optimized with the Yoast SEO plugin v27.0 - https:\/\/yoast.com\/product\/yoast-seo-wordpress\/ -->\n<title>Scellement mat faible \u00e9mission bicomposant PU 817 | KLB K\u00f6tztal<\/title>\n<meta name=\"description\" content=\"Scellant mat \u00e0 2 composants PU 817 Flex \u00e0 faible COV, incolore, stable \u00e0 la lumi\u00e8re, adapt\u00e9 aux roulettes de chaise, flexible | Sols KLB \u2714\ufe0f conforme \u00e0 l&#039;AgBB\" \/>\n<meta name=\"robots\" content=\"noindex, follow, max-snippet:-1, max-image-preview:large, max-video-preview:-1\" \/>\n<meta property=\"og:locale\" content=\"fr_FR\" \/>\n<meta property=\"og:type\" content=\"article\" \/>\n<meta property=\"og:title\" content=\"Scellement mat faible \u00e9mission bicomposant PU 817 | KLB K\u00f6tztal\" \/>\n<meta property=\"og:description\" content=\"Scellant mat \u00e0 2 composants PU 817 Flex \u00e0 faible COV, incolore, stable \u00e0 la lumi\u00e8re, adapt\u00e9 aux roulettes de chaise, flexible | Sols KLB \u2714\ufe0f conforme \u00e0 l&#039;AgBB\" \/>\n<meta property=\"og:url\" content=\"https:\/\/www.klb-koetztal.de\/fr\/produkt\/klb-system-polyurethan-pu-817-flex\/\" \/>\n<meta property=\"og:site_name\" content=\"KLB K\u00f6tztal\" \/>\n<meta property=\"article:publisher\" content=\"https:\/\/www.facebook.com\/klbkoetztal\" \/>\n<meta property=\"article:modified_time\" content=\"2026-04-01T10:51:36+00:00\" \/>\n<meta property=\"og:image\" content=\"https:\/\/www.klb-koetztal.de\/app\/uploads\/2025\/07\/PU_817_Flex_10kg_Kombi_600px.jpg\" \/>\n\t<meta property=\"og:image:width\" content=\"600\" \/>\n\t<meta property=\"og:image:height\" content=\"600\" \/>\n\t<meta property=\"og:image:type\" content=\"image\/jpeg\" \/>\n<meta name=\"twitter:card\" content=\"summary_large_image\" \/>\n<script type=\"application\/ld+json\" class=\"yoast-schema-graph\">{\"@context\":\"https:\/\/schema.org\",\"@graph\":[{\"@type\":\"WebPage\",\"@id\":\"https:\/\/www.klb-koetztal.de\/fr\/produkt\/klb-system-polyurethan-pu-817-flex\/\",\"url\":\"https:\/\/www.klb-koetztal.de\/fr\/produkt\/klb-system-polyurethan-pu-817-flex\/\",\"name\":\"Scellement mat faible \u00e9mission bicomposant PU 817 | KLB K\u00f6tztal\",\"isPartOf\":{\"@id\":\"https:\/\/www.klb-koetztal.de\/fr\/#website\"},\"primaryImageOfPage\":{\"@id\":\"https:\/\/www.klb-koetztal.de\/fr\/produkt\/klb-system-polyurethan-pu-817-flex\/#primaryimage\"},\"image\":{\"@id\":\"https:\/\/www.klb-koetztal.de\/fr\/produkt\/klb-system-polyurethan-pu-817-flex\/#primaryimage\"},\"thumbnailUrl\":\"https:\/\/www.klb-koetztal.de\/app\/uploads\/2025\/07\/PU_817_Flex_10kg_Kombi_600px.jpg\",\"datePublished\":\"2025-07-03T07:57:43+00:00\",\"dateModified\":\"2026-04-01T10:51:36+00:00\",\"description\":\"Scellant mat \u00e0 2 composants PU 817 Flex \u00e0 faible COV, incolore, stable \u00e0 la lumi\u00e8re, adapt\u00e9 aux roulettes de chaise, flexible | Sols KLB \u2714\ufe0f conforme \u00e0 l'AgBB\",\"breadcrumb\":{\"@id\":\"https:\/\/www.klb-koetztal.de\/fr\/produkt\/klb-system-polyurethan-pu-817-flex\/#breadcrumb\"},\"inLanguage\":\"fr-FR\",\"potentialAction\":[{\"@type\":\"ReadAction\",\"target\":[\"https:\/\/www.klb-koetztal.de\/fr\/produkt\/klb-system-polyurethan-pu-817-flex\/\"]}]},{\"@type\":\"ImageObject\",\"inLanguage\":\"fr-FR\",\"@id\":\"https:\/\/www.klb-koetztal.de\/fr\/produkt\/klb-system-polyurethan-pu-817-flex\/#primaryimage\",\"url\":\"https:\/\/www.klb-koetztal.de\/app\/uploads\/2025\/07\/PU_817_Flex_10kg_Kombi_600px.jpg\",\"contentUrl\":\"https:\/\/www.klb-koetztal.de\/app\/uploads\/2025\/07\/PU_817_Flex_10kg_Kombi_600px.jpg\",\"width\":600,\"height\":600},{\"@type\":\"BreadcrumbList\",\"@id\":\"https:\/\/www.klb-koetztal.de\/fr\/produkt\/klb-system-polyurethan-pu-817-flex\/#breadcrumb\",\"itemListElement\":[{\"@type\":\"ListItem\",\"position\":1,\"name\":\"Startseite\",\"item\":\"https:\/\/www.klb-koetztal.de\/fr\/\"},{\"@type\":\"ListItem\",\"position\":2,\"name\":\"KLB-SYSTEM POLYURETHAN PU 817 Flex\"}]},{\"@type\":\"WebSite\",\"@id\":\"https:\/\/www.klb-koetztal.de\/fr\/#website\",\"url\":\"https:\/\/www.klb-koetztal.de\/fr\/\",\"name\":\"KLB K\u00f6tztal\",\"description\":\"Gute B\u00f6den haben ein System.\",\"potentialAction\":[{\"@type\":\"SearchAction\",\"target\":{\"@type\":\"EntryPoint\",\"urlTemplate\":\"https:\/\/www.klb-koetztal.de\/fr\/?s={search_term_string}\"},\"query-input\":{\"@type\":\"PropertyValueSpecification\",\"valueRequired\":true,\"valueName\":\"search_term_string\"}}],\"inLanguage\":\"fr-FR\"}]}<\/script>\n<!-- \/ Yoast SEO plugin. -->","yoast_head_json":{"title":"Scellement mat faible \u00e9mission bicomposant PU 817 | KLB K\u00f6tztal","description":"Scellant mat \u00e0 2 composants PU 817 Flex \u00e0 faible COV, incolore, stable \u00e0 la lumi\u00e8re, adapt\u00e9 aux roulettes de chaise, flexible | Sols KLB \u2714\ufe0f conforme \u00e0 l'AgBB","robots":{"index":"noindex","follow":"follow","max-snippet":"max-snippet:-1","max-image-preview":"max-image-preview:large","max-video-preview":"max-video-preview:-1"},"og_locale":"fr_FR","og_type":"article","og_title":"Scellement mat faible \u00e9mission bicomposant PU 817 | KLB K\u00f6tztal","og_description":"Scellant mat \u00e0 2 composants PU 817 Flex \u00e0 faible COV, incolore, stable \u00e0 la lumi\u00e8re, adapt\u00e9 aux roulettes de chaise, flexible | Sols KLB \u2714\ufe0f conforme \u00e0 l'AgBB","og_url":"https:\/\/www.klb-koetztal.de\/fr\/produkt\/klb-system-polyurethan-pu-817-flex\/","og_site_name":"KLB K\u00f6tztal","article_publisher":"https:\/\/www.facebook.com\/klbkoetztal","article_modified_time":"2026-04-01T10:51:36+00:00","og_image":[{"width":600,"height":600,"url":"https:\/\/www.klb-koetztal.de\/app\/uploads\/2025\/07\/PU_817_Flex_10kg_Kombi_600px.jpg","type":"image\/jpeg"}],"twitter_card":"summary_large_image","schema":{"@context":"https:\/\/schema.org","@graph":[{"@type":"WebPage","@id":"https:\/\/www.klb-koetztal.de\/fr\/produkt\/klb-system-polyurethan-pu-817-flex\/","url":"https:\/\/www.klb-koetztal.de\/fr\/produkt\/klb-system-polyurethan-pu-817-flex\/","name":"Scellement mat faible \u00e9mission bicomposant PU 817 | KLB K\u00f6tztal","isPartOf":{"@id":"https:\/\/www.klb-koetztal.de\/fr\/#website"},"primaryImageOfPage":{"@id":"https:\/\/www.klb-koetztal.de\/fr\/produkt\/klb-system-polyurethan-pu-817-flex\/#primaryimage"},"image":{"@id":"https:\/\/www.klb-koetztal.de\/fr\/produkt\/klb-system-polyurethan-pu-817-flex\/#primaryimage"},"thumbnailUrl":"https:\/\/www.klb-koetztal.de\/app\/uploads\/2025\/07\/PU_817_Flex_10kg_Kombi_600px.jpg","datePublished":"2025-07-03T07:57:43+00:00","dateModified":"2026-04-01T10:51:36+00:00","description":"Scellant mat \u00e0 2 composants PU 817 Flex \u00e0 faible COV, incolore, stable \u00e0 la lumi\u00e8re, adapt\u00e9 aux roulettes de chaise, flexible | Sols KLB \u2714\ufe0f conforme \u00e0 l'AgBB","breadcrumb":{"@id":"https:\/\/www.klb-koetztal.de\/fr\/produkt\/klb-system-polyurethan-pu-817-flex\/#breadcrumb"},"inLanguage":"fr-FR","potentialAction":[{"@type":"ReadAction","target":["https:\/\/www.klb-koetztal.de\/fr\/produkt\/klb-system-polyurethan-pu-817-flex\/"]}]},{"@type":"ImageObject","inLanguage":"fr-FR","@id":"https:\/\/www.klb-koetztal.de\/fr\/produkt\/klb-system-polyurethan-pu-817-flex\/#primaryimage","url":"https:\/\/www.klb-koetztal.de\/app\/uploads\/2025\/07\/PU_817_Flex_10kg_Kombi_600px.jpg","contentUrl":"https:\/\/www.klb-koetztal.de\/app\/uploads\/2025\/07\/PU_817_Flex_10kg_Kombi_600px.jpg","width":600,"height":600},{"@type":"BreadcrumbList","@id":"https:\/\/www.klb-koetztal.de\/fr\/produkt\/klb-system-polyurethan-pu-817-flex\/#breadcrumb","itemListElement":[{"@type":"ListItem","position":1,"name":"Startseite","item":"https:\/\/www.klb-koetztal.de\/fr\/"},{"@type":"ListItem","position":2,"name":"KLB-SYSTEM POLYURETHAN PU 817 Flex"}]},{"@type":"WebSite","@id":"https:\/\/www.klb-koetztal.de\/fr\/#website","url":"https:\/\/www.klb-koetztal.de\/fr\/","name":"KLB K\u00f6tztal","description":"Gute B\u00f6den haben ein System.","potentialAction":[{"@type":"SearchAction","target":{"@type":"EntryPoint","urlTemplate":"https:\/\/www.klb-koetztal.de\/fr\/?s={search_term_string}"},"query-input":{"@type":"PropertyValueSpecification","valueRequired":true,"valueName":"search_term_string"}}],"inLanguage":"fr-FR"}]}},"_links":{"self":[{"href":"https:\/\/www.klb-koetztal.de\/fr\/wp-json\/wp\/v2\/product\/66178","targetHints":{"allow":["GET"]}}],"collection":[{"href":"https:\/\/www.klb-koetztal.de\/fr\/wp-json\/wp\/v2\/product"}],"about":[{"href":"https:\/\/www.klb-koetztal.de\/fr\/wp-json\/wp\/v2\/types\/product"}],"wp:featuredmedia":[{"embeddable":true,"href":"https:\/\/www.klb-koetztal.de\/fr\/wp-json\/wp\/v2\/media\/66179"}],"wp:attachment":[{"href":"https:\/\/www.klb-koetztal.de\/fr\/wp-json\/wp\/v2\/media?parent=66178"}],"wp:term":[{"taxonomy":"product_brand","embeddable":true,"href":"https:\/\/www.klb-koetztal.de\/fr\/wp-json\/wp\/v2\/product_brand?post=66178"},{"taxonomy":"product_cat","embeddable":true,"href":"https:\/\/www.klb-koetztal.de\/fr\/wp-json\/wp\/v2\/product_cat?post=66178"},{"taxonomy":"product_tag","embeddable":true,"href":"https:\/\/www.klb-koetztal.de\/fr\/wp-json\/wp\/v2\/product_tag?post=66178"}],"curies":[{"name":"wp","href":"https:\/\/api.w.org\/{rel}","templated":true}]}}