{"id":63462,"date":"2024-10-17T10:50:05","date_gmt":"2024-10-17T08:50:05","guid":{"rendered":"https:\/\/www.klb-koetztal.de\/produkt\/klb-system-polyurethan-pu-413-el\/"},"modified":"2026-04-01T12:40:00","modified_gmt":"2026-04-01T10:40:00","slug":"klb-system-polyurethan-pu-413-el","status":"publish","type":"product","link":"https:\/\/www.klb-koetztal.de\/fr\/produkt\/klb-system-polyurethan-pu-413-el\/","title":{"rendered":"KLB-SYSTEM POLYURETHAN PU 413 EL+"},"content":{"rendered":"","protected":false},"excerpt":{"rendered":"<p>Rev\u00eatement en polyur\u00e9thane bicomposant, \u00e0 faible \u00e9mission, \u00e9lectro-dissipateur et \u00e9lastique, qui est utilis\u00e9&#160;sur les substrats susceptibles de d\u00e9formation tels que l&rsquo;asphalte coul\u00e9, les panneaux de bois agglom\u00e9r\u00e9, etc. N&rsquo;est pas r\u00e9sistant au jaunissement.<br \/>\nConvient aux rev\u00eatements conformes \u00e0&#160;l&rsquo;AgBB pour les&#160;pi\u00e8ces de s\u00e9jour. Certifi\u00e9 par Eurofins \u00ab Indoor Air Comfort Gold \u00bb comme \u00e9tant tr\u00e8s faible en \u00e9missions.<\/p>\n","protected":false},"featured_media":50096,"template":"","meta":{"_acf_changed":false},"product_brand":[],"product_cat":[10042,10064],"product_tag":[],"class_list":{"0":"post-63462","1":"product","2":"type-product","3":"status-publish","4":"has-post-thumbnail","6":"product_cat-revetements","7":"product_cat-revetements_revetements-dissipateurs-protection-individuelle-et-antideflagrante","9":"first","10":"instock","11":"shipping-taxable","12":"product-type-simple"},"acf":{"product_header":{"module_product_header":{"":null,"prototype_headline":{"headline":"KLB-SYSTEM POLYURETHAN PU 413 EL+","h1":true,"subheadline":"Rev\u00eatement autolissant en polyur\u00e9thane bicomposant, \u00e0 faible \u00e9mission, \u00e9lectro-dissipateur et \u00e9lastique","anchor":"","url":""},"grid_text_slider":false,"grid_text_content":[{"text":"<p class=\"product-short-title\" style=\"text-align: center;\"><strong>Br\u00e8ve description<\/strong><\/p>\n<p>Rev\u00eatement en polyur\u00e9thane bicomposant, \u00e0 faible \u00e9mission, \u00e9lectro-dissipateur et \u00e9lastique, qui est utilis\u00e9&#160;sur les substrats susceptibles de d\u00e9formation tels que l&rsquo;asphalte coul\u00e9, les panneaux de bois agglom\u00e9r\u00e9, etc. N&rsquo;est pas r\u00e9sistant au jaunissement.<\/p>\n<p>Convient aux rev\u00eatements conformes \u00e0&#160;l&rsquo;AgBB pour les&#160;pi\u00e8ces de s\u00e9jour. Certifi\u00e9 par Eurofins \u00ab Indoor Air Comfort Gold \u00bb comme \u00e9tant tr\u00e8s faible en \u00e9missions.<\/p>\n","width":"4","background_color_text":"bg-white","border_color":"border-gray-light"},{"text":"<p class=\"product-sicing-title\" style=\"text-align: center;\"><strong>Unit\u00e9s d'emballage<\/strong><\/p>\n<ul>\n<li>AK6007-50 &#8211; Combinaison Seau 10,00 kg<\/li>\n<li>AK6007-30 &#8211; Combinaison Hobbock 30,00 kg<\/li>\n<\/ul>\n<p><\/p>\n<p>N&rsquo;h\u00e9sitez pas \u00e0 contacter directement pour toute demande concernant des quantit\u00e9s de livraison ou des unit\u00e9s de conditionnement plus importantes.<\/p>\n\n","width":"4","background_color_text":"bg-white","border_color":"border-gray-light"},{"text":"<p class=\"product-attr-title\" style=\"text-align: center;\"><strong>Propri\u00e9t\u00e9s<\/strong><\/p>\n<ul>\n<li>\u00e9lectro-dissipateur<\/li>\n<li>en combinaison \u00e9galement pour les rev\u00eatements DES<\/li>\n<li>sans solvant<\/li>\n<li>qualit\u00e9 contr\u00f4l\u00e9e, \u00e0 faible \u00e9mission<\/li>\n<li>certifi\u00e9 selon EMICODE\u00ae  EC 1PLUS<\/li>\n<li>r\u00e9sistance \u00e9quilibre<\/li>\n<li>exempt de substances susceptibles d&rsquo;endommager les vernis<\/li>\n<li>\u00e9lastique et d\u00e9formable<\/li>\n<li>Total Solid selon GISCODE (m\u00e9thode d&rsquo;essai de \u00ab Deutsche Bauchemie \u00bb, l&rsquo;association all. pour la chimie de construction)<\/li>\n<\/ul>\n","width":"4","background_color_text":"bg-white","border_color":"border-gray-light"}],"background_color":"bg-none","background_color_content":"bg-none"}},"downloads":{"module_download_list":{"inhalt":null,"downloads":[{"download":{"ID":69559,"id":69559,"title":"PU_413_EL_plus_PI_fr_2026_03","filename":"PU_413_EL_plus_PI_fr_2026_03.pdf","filesize":1078025,"url":"https:\/\/www.klb-koetztal.de\/app\/uploads\/2026\/03\/PU_413_EL_plus_PI_fr_2026_03.pdf","link":"https:\/\/www.klb-koetztal.de\/fr\/?attachment_id=69559","alt":"","author":"7","description":"","caption":"","name":"pu_413_el_plus_pi_fr_2026_03-2","status":"inherit","uploaded_to":0,"date":"2026-03-16 15:45:14","modified":"2026-03-16 15:45:14","menu_order":0,"mime_type":"application\/pdf","type":"application","subtype":"pdf","icon":"https:\/\/www.klb-koetztal.de\/wp\/wp-includes\/images\/media\/document.png"},"filename":"Information produit","protected":false,"doclang":"FR","externalkey":"Produktinformation","docpos":"3"},{"download":{"ID":50099,"id":50099,"title":"Leistungserkl\u00e4rung - Statement of performance","filename":"PU413_EL_LE_2013-08.pdf","filesize":274589,"url":"https:\/\/www.klb-koetztal.de\/app\/uploads\/2022\/03\/PU413_EL_LE_2013-08.pdf","link":"https:\/\/www.klb-koetztal.de\/fr\/?attachment_id=50099","alt":"","author":"7","description":"","caption":"","name":"pu413_el_le_2013-08","status":"inherit","uploaded_to":0,"date":"2022-03-14 10:06:03","modified":"2026-04-01 10:40:07","menu_order":0,"mime_type":"application\/pdf","type":"application","subtype":"pdf","icon":"https:\/\/www.klb-koetztal.de\/wp\/wp-includes\/images\/media\/document.png"},"filename":"D\u00e9claration de performance","protected":false,"doclang":"Multi","externalkey":"Leistungserklaerung","docpos":"50"},{"download":{"ID":67713,"id":67713,"title":"PU413_ELplus_Umwelt-Deklaration_2025-10","filename":"PU413_ELplus_Umwelt-Deklaration_2025-10.pdf","filesize":2558393,"url":"https:\/\/www.klb-koetztal.de\/app\/uploads\/2025\/10\/PU413_ELplus_Umwelt-Deklaration_2025-10.pdf","link":"https:\/\/www.klb-koetztal.de\/fr\/?attachment_id=67713","alt":"","author":"7","description":"","caption":"","name":"pu413_elplus_umwelt-deklaration_2025-10-2","status":"inherit","uploaded_to":0,"date":"2025-10-14 11:30:37","modified":"2025-10-14 11:30:37","menu_order":0,"mime_type":"application\/pdf","type":"application","subtype":"pdf","icon":"https:\/\/www.klb-koetztal.de\/wp\/wp-includes\/images\/media\/document.png"},"filename":"D\u00e9clarations de produit environnemental (EPD)","protected":false,"doclang":"Multi","externalkey":"Umweltproduktdeklaration","docpos":"50"},{"download":false,"filename":"Fiche de donn\u00e9es de s\u00e9curit\u00e9","protected":true,"doclang":"FR","externalkey":"Sicherheitsdatenblatt","docpos":"3"}],"einstellungen":null,"background_color":"bg-none","background_color_content":"bg-none"}},"included_in_systems":{"module_included_in_systems":{"":null,"background_color":"bg-gray-medium","background_color_content":"bg-none"}},"contact":{"module_contact":{"":null,"background_color":"bg-none","background_color_content":"bg-none"}},"ausschreibende":{"module_ausschreibende":{"andern_sie_den_inhalt_unter_universelle_elemente":null,"background_color":"bg-none","background_color_content":"bg-none"}}},"yoast_head":"<!-- This site is optimized with the Yoast SEO plugin v27.0 - https:\/\/yoast.com\/product\/yoast-seo-wordpress\/ -->\n<title>Rev\u00eatement PU 413 EL+ conducteur, faible COV | KLB K\u00f6tztal<\/title>\n<meta name=\"description\" content=\"Rev\u00eatement polyur\u00e9thane PU 413 EL+ bicomp. \u00e0 faible \u00e9missions, dissipateur, \u00e9lastique| KLB rev\u00eatements de sol \u2714\ufe0f conforme \u00e0 l&#039;AgBB, Eurofins\" \/>\n<meta name=\"robots\" content=\"noindex, follow, max-snippet:-1, max-image-preview:large, max-video-preview:-1\" \/>\n<meta property=\"og:locale\" content=\"fr_FR\" \/>\n<meta property=\"og:type\" content=\"article\" \/>\n<meta property=\"og:title\" content=\"Rev\u00eatement PU 413 EL+ conducteur, faible COV | KLB K\u00f6tztal\" \/>\n<meta property=\"og:description\" content=\"Rev\u00eatement polyur\u00e9thane PU 413 EL+ bicomp. \u00e0 faible \u00e9missions, dissipateur, \u00e9lastique| KLB rev\u00eatements de sol \u2714\ufe0f conforme \u00e0 l&#039;AgBB, Eurofins\" \/>\n<meta property=\"og:url\" content=\"https:\/\/www.klb-koetztal.de\/fr\/produkt\/klb-system-polyurethan-pu-413-el\/\" \/>\n<meta property=\"og:site_name\" content=\"KLB K\u00f6tztal\" \/>\n<meta property=\"article:publisher\" content=\"https:\/\/www.facebook.com\/klbkoetztal\" \/>\n<meta property=\"article:modified_time\" content=\"2026-04-01T10:40:00+00:00\" \/>\n<meta property=\"og:image\" content=\"https:\/\/www.klb-koetztal.de\/app\/uploads\/2022\/03\/PU413_EL_Plus.jpg\" \/>\n\t<meta property=\"og:image:width\" content=\"500\" \/>\n\t<meta property=\"og:image:height\" content=\"500\" \/>\n\t<meta property=\"og:image:type\" content=\"image\/jpeg\" \/>\n<meta name=\"twitter:card\" content=\"summary_large_image\" \/>\n<script type=\"application\/ld+json\" class=\"yoast-schema-graph\">{\"@context\":\"https:\/\/schema.org\",\"@graph\":[{\"@type\":\"WebPage\",\"@id\":\"https:\/\/www.klb-koetztal.de\/fr\/produkt\/klb-system-polyurethan-pu-413-el\/\",\"url\":\"https:\/\/www.klb-koetztal.de\/fr\/produkt\/klb-system-polyurethan-pu-413-el\/\",\"name\":\"Rev\u00eatement PU 413 EL+ conducteur, faible COV | KLB K\u00f6tztal\",\"isPartOf\":{\"@id\":\"https:\/\/www.klb-koetztal.de\/fr\/#website\"},\"primaryImageOfPage\":{\"@id\":\"https:\/\/www.klb-koetztal.de\/fr\/produkt\/klb-system-polyurethan-pu-413-el\/#primaryimage\"},\"image\":{\"@id\":\"https:\/\/www.klb-koetztal.de\/fr\/produkt\/klb-system-polyurethan-pu-413-el\/#primaryimage\"},\"thumbnailUrl\":\"https:\/\/www.klb-koetztal.de\/app\/uploads\/2022\/03\/PU413_EL_Plus.jpg\",\"datePublished\":\"2024-10-17T08:50:05+00:00\",\"dateModified\":\"2026-04-01T10:40:00+00:00\",\"description\":\"Rev\u00eatement polyur\u00e9thane PU 413 EL+ bicomp. \u00e0 faible \u00e9missions, dissipateur, \u00e9lastique| KLB rev\u00eatements de sol \u2714\ufe0f conforme \u00e0 l'AgBB, Eurofins\",\"breadcrumb\":{\"@id\":\"https:\/\/www.klb-koetztal.de\/fr\/produkt\/klb-system-polyurethan-pu-413-el\/#breadcrumb\"},\"inLanguage\":\"fr-FR\",\"potentialAction\":[{\"@type\":\"ReadAction\",\"target\":[\"https:\/\/www.klb-koetztal.de\/fr\/produkt\/klb-system-polyurethan-pu-413-el\/\"]}]},{\"@type\":\"ImageObject\",\"inLanguage\":\"fr-FR\",\"@id\":\"https:\/\/www.klb-koetztal.de\/fr\/produkt\/klb-system-polyurethan-pu-413-el\/#primaryimage\",\"url\":\"https:\/\/www.klb-koetztal.de\/app\/uploads\/2022\/03\/PU413_EL_Plus.jpg\",\"contentUrl\":\"https:\/\/www.klb-koetztal.de\/app\/uploads\/2022\/03\/PU413_EL_Plus.jpg\",\"width\":500,\"height\":500},{\"@type\":\"BreadcrumbList\",\"@id\":\"https:\/\/www.klb-koetztal.de\/fr\/produkt\/klb-system-polyurethan-pu-413-el\/#breadcrumb\",\"itemListElement\":[{\"@type\":\"ListItem\",\"position\":1,\"name\":\"Startseite\",\"item\":\"https:\/\/www.klb-koetztal.de\/fr\/\"},{\"@type\":\"ListItem\",\"position\":2,\"name\":\"KLB-SYSTEM POLYURETHAN PU 413 EL+\"}]},{\"@type\":\"WebSite\",\"@id\":\"https:\/\/www.klb-koetztal.de\/fr\/#website\",\"url\":\"https:\/\/www.klb-koetztal.de\/fr\/\",\"name\":\"KLB K\u00f6tztal\",\"description\":\"Gute B\u00f6den haben ein System.\",\"potentialAction\":[{\"@type\":\"SearchAction\",\"target\":{\"@type\":\"EntryPoint\",\"urlTemplate\":\"https:\/\/www.klb-koetztal.de\/fr\/?s={search_term_string}\"},\"query-input\":{\"@type\":\"PropertyValueSpecification\",\"valueRequired\":true,\"valueName\":\"search_term_string\"}}],\"inLanguage\":\"fr-FR\"}]}<\/script>\n<!-- \/ Yoast SEO plugin. -->","yoast_head_json":{"title":"Rev\u00eatement PU 413 EL+ conducteur, faible COV | KLB K\u00f6tztal","description":"Rev\u00eatement polyur\u00e9thane PU 413 EL+ bicomp. \u00e0 faible \u00e9missions, dissipateur, \u00e9lastique| KLB rev\u00eatements de sol \u2714\ufe0f conforme \u00e0 l'AgBB, Eurofins","robots":{"index":"noindex","follow":"follow","max-snippet":"max-snippet:-1","max-image-preview":"max-image-preview:large","max-video-preview":"max-video-preview:-1"},"og_locale":"fr_FR","og_type":"article","og_title":"Rev\u00eatement PU 413 EL+ conducteur, faible COV | KLB K\u00f6tztal","og_description":"Rev\u00eatement polyur\u00e9thane PU 413 EL+ bicomp. \u00e0 faible \u00e9missions, dissipateur, \u00e9lastique| KLB rev\u00eatements de sol \u2714\ufe0f conforme \u00e0 l'AgBB, Eurofins","og_url":"https:\/\/www.klb-koetztal.de\/fr\/produkt\/klb-system-polyurethan-pu-413-el\/","og_site_name":"KLB K\u00f6tztal","article_publisher":"https:\/\/www.facebook.com\/klbkoetztal","article_modified_time":"2026-04-01T10:40:00+00:00","og_image":[{"width":500,"height":500,"url":"https:\/\/www.klb-koetztal.de\/app\/uploads\/2022\/03\/PU413_EL_Plus.jpg","type":"image\/jpeg"}],"twitter_card":"summary_large_image","schema":{"@context":"https:\/\/schema.org","@graph":[{"@type":"WebPage","@id":"https:\/\/www.klb-koetztal.de\/fr\/produkt\/klb-system-polyurethan-pu-413-el\/","url":"https:\/\/www.klb-koetztal.de\/fr\/produkt\/klb-system-polyurethan-pu-413-el\/","name":"Rev\u00eatement PU 413 EL+ conducteur, faible COV | KLB K\u00f6tztal","isPartOf":{"@id":"https:\/\/www.klb-koetztal.de\/fr\/#website"},"primaryImageOfPage":{"@id":"https:\/\/www.klb-koetztal.de\/fr\/produkt\/klb-system-polyurethan-pu-413-el\/#primaryimage"},"image":{"@id":"https:\/\/www.klb-koetztal.de\/fr\/produkt\/klb-system-polyurethan-pu-413-el\/#primaryimage"},"thumbnailUrl":"https:\/\/www.klb-koetztal.de\/app\/uploads\/2022\/03\/PU413_EL_Plus.jpg","datePublished":"2024-10-17T08:50:05+00:00","dateModified":"2026-04-01T10:40:00+00:00","description":"Rev\u00eatement polyur\u00e9thane PU 413 EL+ bicomp. \u00e0 faible \u00e9missions, dissipateur, \u00e9lastique| KLB rev\u00eatements de sol \u2714\ufe0f conforme \u00e0 l'AgBB, Eurofins","breadcrumb":{"@id":"https:\/\/www.klb-koetztal.de\/fr\/produkt\/klb-system-polyurethan-pu-413-el\/#breadcrumb"},"inLanguage":"fr-FR","potentialAction":[{"@type":"ReadAction","target":["https:\/\/www.klb-koetztal.de\/fr\/produkt\/klb-system-polyurethan-pu-413-el\/"]}]},{"@type":"ImageObject","inLanguage":"fr-FR","@id":"https:\/\/www.klb-koetztal.de\/fr\/produkt\/klb-system-polyurethan-pu-413-el\/#primaryimage","url":"https:\/\/www.klb-koetztal.de\/app\/uploads\/2022\/03\/PU413_EL_Plus.jpg","contentUrl":"https:\/\/www.klb-koetztal.de\/app\/uploads\/2022\/03\/PU413_EL_Plus.jpg","width":500,"height":500},{"@type":"BreadcrumbList","@id":"https:\/\/www.klb-koetztal.de\/fr\/produkt\/klb-system-polyurethan-pu-413-el\/#breadcrumb","itemListElement":[{"@type":"ListItem","position":1,"name":"Startseite","item":"https:\/\/www.klb-koetztal.de\/fr\/"},{"@type":"ListItem","position":2,"name":"KLB-SYSTEM POLYURETHAN PU 413 EL+"}]},{"@type":"WebSite","@id":"https:\/\/www.klb-koetztal.de\/fr\/#website","url":"https:\/\/www.klb-koetztal.de\/fr\/","name":"KLB K\u00f6tztal","description":"Gute B\u00f6den haben ein System.","potentialAction":[{"@type":"SearchAction","target":{"@type":"EntryPoint","urlTemplate":"https:\/\/www.klb-koetztal.de\/fr\/?s={search_term_string}"},"query-input":{"@type":"PropertyValueSpecification","valueRequired":true,"valueName":"search_term_string"}}],"inLanguage":"fr-FR"}]}},"_links":{"self":[{"href":"https:\/\/www.klb-koetztal.de\/fr\/wp-json\/wp\/v2\/product\/63462","targetHints":{"allow":["GET"]}}],"collection":[{"href":"https:\/\/www.klb-koetztal.de\/fr\/wp-json\/wp\/v2\/product"}],"about":[{"href":"https:\/\/www.klb-koetztal.de\/fr\/wp-json\/wp\/v2\/types\/product"}],"wp:featuredmedia":[{"embeddable":true,"href":"https:\/\/www.klb-koetztal.de\/fr\/wp-json\/wp\/v2\/media\/50096"}],"wp:attachment":[{"href":"https:\/\/www.klb-koetztal.de\/fr\/wp-json\/wp\/v2\/media?parent=63462"}],"wp:term":[{"taxonomy":"product_brand","embeddable":true,"href":"https:\/\/www.klb-koetztal.de\/fr\/wp-json\/wp\/v2\/product_brand?post=63462"},{"taxonomy":"product_cat","embeddable":true,"href":"https:\/\/www.klb-koetztal.de\/fr\/wp-json\/wp\/v2\/product_cat?post=63462"},{"taxonomy":"product_tag","embeddable":true,"href":"https:\/\/www.klb-koetztal.de\/fr\/wp-json\/wp\/v2\/product_tag?post=63462"}],"curies":[{"name":"wp","href":"https:\/\/api.w.org\/{rel}","templated":true}]}}