{"id":61692,"date":"2024-05-21T14:01:58","date_gmt":"2024-05-21T12:01:58","guid":{"rendered":"https:\/\/www.klb-koetztal.de\/produkt\/floor-sealer-200-color-r10\/"},"modified":"2026-04-01T12:45:09","modified_gmt":"2026-04-01T10:45:09","slug":"floor-sealer-200-color-r10","status":"publish","type":"product","link":"https:\/\/www.klb-koetztal.de\/fr\/produkt\/floor-sealer-200-color-r10\/","title":{"rendered":"Floor Sealer 200 Color R10"},"content":{"rendered":"","protected":false},"excerpt":{"rendered":"<p>Scellement en polyur\u00e9thane \u00e0 2 composants, pigment\u00e9, \u00e0 faible \u00e9mission et stable \u00e0 la lumi\u00e8re pour&#160;la r\u00e9novation des sols sup\u00e9rieurs.&#160;La finition peut \u00eatre utilis\u00e9e pour la remise \u00e0 neuf, la r\u00e9novation ou le rafra\u00eechissement de rev\u00eatements de surface (p.ex. les rev\u00eatements en PVC, le linol\u00e9um, ainsi que les rev\u00eatements en caoutchouc et \u00e0 base de clous en caoutchouc) comme scellement mat satin\u00e9, comme couche de base pour le saupoudrage de paillettes color\u00e9es partiColor\u00ae ou comme&#160;scellement \u00e0 double application&#160;en couleur unie et opaque. Ajust\u00e9 et test\u00e9 dans la classe d&rsquo;antid\u00e9rapance R10 (R9 est&#160;\u00e9galement possible).&#160; Avec une excellente&#160;adh\u00e9rence,&#160;de bonnes propri\u00e9t\u00e9s d&rsquo;utilisation et une faible sensibilit\u00e9 aux taches.<br \/>\nCertifi\u00e9 selon EMICODE EC1 plus et adapt\u00e9 aux&#160;pi\u00e8ces de s\u00e9jour \u00e0 l&rsquo;int\u00e9rieur.<\/p>\n","protected":false},"featured_media":59647,"template":"","meta":{"_acf_changed":false},"product_brand":[],"product_cat":[12535,12538],"product_tag":[],"class_list":{"0":"post-61692","1":"product","2":"type-product","3":"status-publish","4":"has-post-thumbnail","6":"product_cat-floor-sealer","7":"product_cat-floor-sealer_scellements-en-polyurethane-a-2-composants-emulsionnes-a-leau","9":"first","10":"instock","11":"shipping-taxable","12":"product-type-simple"},"acf":{"product_header":{"module_product_header":{"":null,"prototype_headline":{"headline":"Floor Sealer 200 Color R10","h1":true,"subheadline":"Scellement en polyur\u00e9thane \u00e0 2 composants, antid\u00e9rapant, \u00e0 faible \u00e9mission et&#160;respectueux de l'environnement pour la r\u00e9novation des sols sup\u00e9rieurs avec une bonne adh\u00e9rence. Mat satin\u00e9, stable \u00e0 la lumi\u00e8re et&#160;r\u00e9sistant \u00e0 l'abrasion.","anchor":"","url":""},"grid_text_slider":false,"grid_text_content":[{"text":"<p class=\"product-short-title\" style=\"text-align: center;\"><strong>Br\u00e8ve description<\/strong><\/p>\n<p>Scellement en polyur\u00e9thane \u00e0 2 composants, pigment\u00e9, \u00e0 faible \u00e9mission et stable \u00e0 la lumi\u00e8re pour&#160;la r\u00e9novation des sols sup\u00e9rieurs.&#160;La finition peut \u00eatre utilis\u00e9e pour la remise \u00e0 neuf, la r\u00e9novation ou le rafra\u00eechissement de rev\u00eatements de surface (p.ex. les rev\u00eatements en PVC, le linol\u00e9um, ainsi que les rev\u00eatements en caoutchouc et \u00e0 base de clous en caoutchouc) comme scellement mat satin\u00e9, comme couche de base pour le saupoudrage de paillettes color\u00e9es partiColor\u00ae ou comme&#160;scellement \u00e0 double application&#160;en couleur unie et opaque. Ajust\u00e9 et test\u00e9 dans la classe d&rsquo;antid\u00e9rapance R10 (R9 est&#160;\u00e9galement possible).&#160; Avec une excellente&#160;adh\u00e9rence,&#160;de bonnes propri\u00e9t\u00e9s d&rsquo;utilisation et une faible sensibilit\u00e9 aux taches.<\/p>\n<p>Certifi\u00e9 selon EMICODE EC1 plus et adapt\u00e9 aux&#160;pi\u00e8ces de s\u00e9jour \u00e0 l&rsquo;int\u00e9rieur.<\/p>\n","width":"4","background_color_text":"bg-white","border_color":"border-gray-light"},{"text":"<p class=\"product-sicing-title\" style=\"text-align: center;\"><strong>Unit\u00e9s d'emballage<\/strong><\/p>\n<ul>\n<li>FF6529-41 &#8211; Emballage en kit 10,50 kg<\/li>\n<\/ul>\n<p><\/p>\n<p>N&rsquo;h\u00e9sitez pas \u00e0 contacter directement pour toute demande concernant des quantit\u00e9s de livraison ou des unit\u00e9s de conditionnement plus importantes.<\/p>\n\n","width":"4","background_color_text":"bg-white","border_color":"border-gray-light"},{"text":"<p class=\"product-attr-title\" style=\"text-align: center;\"><strong>Propri\u00e9t\u00e9s<\/strong><\/p>\n<ul>\n<li>\u00e0 tr\u00e8s faible \u00e9mission<\/li>\n<li>respectueux de l&rsquo;environnement<\/li>\n<li>faible sensibilit\u00e9 aux taches<\/li>\n<li>grande diversit\u00e9 de coloris<\/li>\n<li>tr\u00e8s haute adh\u00e9rence<\/li>\n<li>inodore<\/li>\n<li>r\u00e9sistant \u00e0 la lumi\u00e8re<\/li>\n<li>r\u00e9sistant \u00e0 l&rsquo;abrasion et \u00e0 l&rsquo;usure<\/li>\n<li>satin\u00e9 mat<\/li>\n<li>surface homog\u00e8ne<\/li>\n<li>antid\u00e9rapant<\/li>\n<\/ul>\n","width":"4","background_color_text":"bg-white","border_color":"border-gray-light"}],"background_color":"bg-none","background_color_content":"bg-none"}},"downloads":{"module_download_list":{"inhalt":null,"downloads":[{"download":{"ID":66841,"id":66841,"title":"FLOOR_SEALER_200_Color_R10_PI_fr_2025_08","filename":"FLOOR_SEALER_200_Color_R10_PI_fr_2025_08.pdf","filesize":1483405,"url":"https:\/\/www.klb-koetztal.de\/app\/uploads\/2025\/08\/FLOOR_SEALER_200_Color_R10_PI_fr_2025_08.pdf","link":"https:\/\/www.klb-koetztal.de\/fr\/?attachment_id=66841","alt":"","author":"7","description":"","caption":"","name":"floor_sealer_200_color_r10_pi_fr_2025_08-2","status":"inherit","uploaded_to":0,"date":"2025-08-01 12:53:59","modified":"2025-08-01 12:53:59","menu_order":0,"mime_type":"application\/pdf","type":"application","subtype":"pdf","icon":"https:\/\/www.klb-koetztal.de\/wp\/wp-includes\/images\/media\/document.png"},"filename":"Information produit","protected":false,"doclang":"FR","externalkey":"Produktinformation","docpos":"3"},{"download":{"ID":59652,"id":59652,"title":"FloorSealer200_R10_Umwelt-Deklaration_2022-06","filename":"FloorSealer200_R10_Umwelt-Deklaration_2022-06.pdf","filesize":2558671,"url":"https:\/\/www.klb-koetztal.de\/app\/uploads\/2024\/01\/FloorSealer200_R10_Umwelt-Deklaration_2022-06.pdf","link":"https:\/\/www.klb-koetztal.de\/fr\/?attachment_id=59652","alt":"","author":"7","description":"","caption":"","name":"floorsealer200_r10_umwelt-deklaration_2022-06-2","status":"inherit","uploaded_to":0,"date":"2024-01-26 06:40:37","modified":"2024-01-26 06:40:37","menu_order":0,"mime_type":"application\/pdf","type":"application","subtype":"pdf","icon":"https:\/\/www.klb-koetztal.de\/wp\/wp-includes\/images\/media\/document.png"},"filename":"D\u00e9clarations de produit environnemental (EPD)","protected":false,"doclang":"Multi","externalkey":"Umweltproduktdeklaration","docpos":"50"},{"download":false,"filename":"Fiche de donn\u00e9es de s\u00e9curit\u00e9","protected":true,"doclang":"FR","externalkey":"Sicherheitsdatenblatt","docpos":"3"}],"einstellungen":null,"background_color":"bg-none","background_color_content":"bg-none"}},"included_in_systems":{"module_included_in_systems":{"":null,"background_color":"bg-gray-medium","background_color_content":"bg-none"}},"contact":{"module_contact":{"":null,"background_color":"bg-none","background_color_content":"bg-none"}},"ausschreibende":{"module_ausschreibende":{"andern_sie_den_inhalt_unter_universelle_elemente":null,"background_color":"bg-none","background_color_content":"bg-none"}}},"yoast_head":"<!-- This site is optimized with the Yoast SEO plugin v27.0 - https:\/\/yoast.com\/product\/yoast-seo-wordpress\/ -->\n<title>Floor Sealer 200 Color R10<\/title>\n<meta name=\"description\" content=\"\u2714\ufe0f\" \/>\n<meta name=\"robots\" content=\"noindex, follow, max-snippet:-1, max-image-preview:large, max-video-preview:-1\" \/>\n<meta property=\"og:locale\" content=\"fr_FR\" \/>\n<meta property=\"og:type\" content=\"article\" \/>\n<meta property=\"og:title\" content=\"Floor Sealer 200 Color R10\" \/>\n<meta property=\"og:description\" content=\"\u2714\ufe0f\" \/>\n<meta property=\"og:url\" content=\"https:\/\/www.klb-koetztal.de\/fr\/produkt\/floor-sealer-200-color-r10\/\" \/>\n<meta property=\"og:site_name\" content=\"KLB K\u00f6tztal\" \/>\n<meta property=\"article:publisher\" content=\"https:\/\/www.facebook.com\/klbkoetztal\" \/>\n<meta property=\"article:modified_time\" content=\"2026-04-01T10:45:09+00:00\" \/>\n<meta property=\"og:image\" content=\"https:\/\/www.klb-koetztal.de\/app\/uploads\/2024\/01\/Floor_Sealer_200-R10_10kg_500px.jpg\" \/>\n\t<meta property=\"og:image:width\" content=\"500\" \/>\n\t<meta property=\"og:image:height\" content=\"500\" \/>\n\t<meta property=\"og:image:type\" content=\"image\/jpeg\" \/>\n<meta name=\"twitter:card\" content=\"summary_large_image\" \/>\n<script type=\"application\/ld+json\" class=\"yoast-schema-graph\">{\"@context\":\"https:\/\/schema.org\",\"@graph\":[{\"@type\":\"WebPage\",\"@id\":\"https:\/\/www.klb-koetztal.de\/fr\/produkt\/floor-sealer-200-color-r10\/\",\"url\":\"https:\/\/www.klb-koetztal.de\/fr\/produkt\/floor-sealer-200-color-r10\/\",\"name\":\"Floor Sealer 200 Color R10\",\"isPartOf\":{\"@id\":\"https:\/\/www.klb-koetztal.de\/fr\/#website\"},\"primaryImageOfPage\":{\"@id\":\"https:\/\/www.klb-koetztal.de\/fr\/produkt\/floor-sealer-200-color-r10\/#primaryimage\"},\"image\":{\"@id\":\"https:\/\/www.klb-koetztal.de\/fr\/produkt\/floor-sealer-200-color-r10\/#primaryimage\"},\"thumbnailUrl\":\"https:\/\/www.klb-koetztal.de\/app\/uploads\/2024\/01\/Floor_Sealer_200-R10_10kg_500px.jpg\",\"datePublished\":\"2024-05-21T12:01:58+00:00\",\"dateModified\":\"2026-04-01T10:45:09+00:00\",\"description\":\"\u2714\ufe0f\",\"breadcrumb\":{\"@id\":\"https:\/\/www.klb-koetztal.de\/fr\/produkt\/floor-sealer-200-color-r10\/#breadcrumb\"},\"inLanguage\":\"fr-FR\",\"potentialAction\":[{\"@type\":\"ReadAction\",\"target\":[\"https:\/\/www.klb-koetztal.de\/fr\/produkt\/floor-sealer-200-color-r10\/\"]}]},{\"@type\":\"ImageObject\",\"inLanguage\":\"fr-FR\",\"@id\":\"https:\/\/www.klb-koetztal.de\/fr\/produkt\/floor-sealer-200-color-r10\/#primaryimage\",\"url\":\"https:\/\/www.klb-koetztal.de\/app\/uploads\/2024\/01\/Floor_Sealer_200-R10_10kg_500px.jpg\",\"contentUrl\":\"https:\/\/www.klb-koetztal.de\/app\/uploads\/2024\/01\/Floor_Sealer_200-R10_10kg_500px.jpg\",\"width\":500,\"height\":500},{\"@type\":\"BreadcrumbList\",\"@id\":\"https:\/\/www.klb-koetztal.de\/fr\/produkt\/floor-sealer-200-color-r10\/#breadcrumb\",\"itemListElement\":[{\"@type\":\"ListItem\",\"position\":1,\"name\":\"Startseite\",\"item\":\"https:\/\/www.klb-koetztal.de\/fr\/\"},{\"@type\":\"ListItem\",\"position\":2,\"name\":\"Floor Sealer 200 Color R10\"}]},{\"@type\":\"WebSite\",\"@id\":\"https:\/\/www.klb-koetztal.de\/fr\/#website\",\"url\":\"https:\/\/www.klb-koetztal.de\/fr\/\",\"name\":\"KLB K\u00f6tztal\",\"description\":\"Gute B\u00f6den haben ein System.\",\"potentialAction\":[{\"@type\":\"SearchAction\",\"target\":{\"@type\":\"EntryPoint\",\"urlTemplate\":\"https:\/\/www.klb-koetztal.de\/fr\/?s={search_term_string}\"},\"query-input\":{\"@type\":\"PropertyValueSpecification\",\"valueRequired\":true,\"valueName\":\"search_term_string\"}}],\"inLanguage\":\"fr-FR\"}]}<\/script>\n<!-- \/ Yoast SEO plugin. -->","yoast_head_json":{"title":"Floor Sealer 200 Color R10","description":"\u2714\ufe0f","robots":{"index":"noindex","follow":"follow","max-snippet":"max-snippet:-1","max-image-preview":"max-image-preview:large","max-video-preview":"max-video-preview:-1"},"og_locale":"fr_FR","og_type":"article","og_title":"Floor Sealer 200 Color R10","og_description":"\u2714\ufe0f","og_url":"https:\/\/www.klb-koetztal.de\/fr\/produkt\/floor-sealer-200-color-r10\/","og_site_name":"KLB K\u00f6tztal","article_publisher":"https:\/\/www.facebook.com\/klbkoetztal","article_modified_time":"2026-04-01T10:45:09+00:00","og_image":[{"width":500,"height":500,"url":"https:\/\/www.klb-koetztal.de\/app\/uploads\/2024\/01\/Floor_Sealer_200-R10_10kg_500px.jpg","type":"image\/jpeg"}],"twitter_card":"summary_large_image","schema":{"@context":"https:\/\/schema.org","@graph":[{"@type":"WebPage","@id":"https:\/\/www.klb-koetztal.de\/fr\/produkt\/floor-sealer-200-color-r10\/","url":"https:\/\/www.klb-koetztal.de\/fr\/produkt\/floor-sealer-200-color-r10\/","name":"Floor Sealer 200 Color R10","isPartOf":{"@id":"https:\/\/www.klb-koetztal.de\/fr\/#website"},"primaryImageOfPage":{"@id":"https:\/\/www.klb-koetztal.de\/fr\/produkt\/floor-sealer-200-color-r10\/#primaryimage"},"image":{"@id":"https:\/\/www.klb-koetztal.de\/fr\/produkt\/floor-sealer-200-color-r10\/#primaryimage"},"thumbnailUrl":"https:\/\/www.klb-koetztal.de\/app\/uploads\/2024\/01\/Floor_Sealer_200-R10_10kg_500px.jpg","datePublished":"2024-05-21T12:01:58+00:00","dateModified":"2026-04-01T10:45:09+00:00","description":"\u2714\ufe0f","breadcrumb":{"@id":"https:\/\/www.klb-koetztal.de\/fr\/produkt\/floor-sealer-200-color-r10\/#breadcrumb"},"inLanguage":"fr-FR","potentialAction":[{"@type":"ReadAction","target":["https:\/\/www.klb-koetztal.de\/fr\/produkt\/floor-sealer-200-color-r10\/"]}]},{"@type":"ImageObject","inLanguage":"fr-FR","@id":"https:\/\/www.klb-koetztal.de\/fr\/produkt\/floor-sealer-200-color-r10\/#primaryimage","url":"https:\/\/www.klb-koetztal.de\/app\/uploads\/2024\/01\/Floor_Sealer_200-R10_10kg_500px.jpg","contentUrl":"https:\/\/www.klb-koetztal.de\/app\/uploads\/2024\/01\/Floor_Sealer_200-R10_10kg_500px.jpg","width":500,"height":500},{"@type":"BreadcrumbList","@id":"https:\/\/www.klb-koetztal.de\/fr\/produkt\/floor-sealer-200-color-r10\/#breadcrumb","itemListElement":[{"@type":"ListItem","position":1,"name":"Startseite","item":"https:\/\/www.klb-koetztal.de\/fr\/"},{"@type":"ListItem","position":2,"name":"Floor Sealer 200 Color R10"}]},{"@type":"WebSite","@id":"https:\/\/www.klb-koetztal.de\/fr\/#website","url":"https:\/\/www.klb-koetztal.de\/fr\/","name":"KLB K\u00f6tztal","description":"Gute B\u00f6den haben ein System.","potentialAction":[{"@type":"SearchAction","target":{"@type":"EntryPoint","urlTemplate":"https:\/\/www.klb-koetztal.de\/fr\/?s={search_term_string}"},"query-input":{"@type":"PropertyValueSpecification","valueRequired":true,"valueName":"search_term_string"}}],"inLanguage":"fr-FR"}]}},"_links":{"self":[{"href":"https:\/\/www.klb-koetztal.de\/fr\/wp-json\/wp\/v2\/product\/61692","targetHints":{"allow":["GET"]}}],"collection":[{"href":"https:\/\/www.klb-koetztal.de\/fr\/wp-json\/wp\/v2\/product"}],"about":[{"href":"https:\/\/www.klb-koetztal.de\/fr\/wp-json\/wp\/v2\/types\/product"}],"wp:featuredmedia":[{"embeddable":true,"href":"https:\/\/www.klb-koetztal.de\/fr\/wp-json\/wp\/v2\/media\/59647"}],"wp:attachment":[{"href":"https:\/\/www.klb-koetztal.de\/fr\/wp-json\/wp\/v2\/media?parent=61692"}],"wp:term":[{"taxonomy":"product_brand","embeddable":true,"href":"https:\/\/www.klb-koetztal.de\/fr\/wp-json\/wp\/v2\/product_brand?post=61692"},{"taxonomy":"product_cat","embeddable":true,"href":"https:\/\/www.klb-koetztal.de\/fr\/wp-json\/wp\/v2\/product_cat?post=61692"},{"taxonomy":"product_tag","embeddable":true,"href":"https:\/\/www.klb-koetztal.de\/fr\/wp-json\/wp\/v2\/product_tag?post=61692"}],"curies":[{"name":"wp","href":"https:\/\/api.w.org\/{rel}","templated":true}]}}