{"id":60813,"date":"2024-03-25T10:50:21","date_gmt":"2024-03-25T09:50:21","guid":{"rendered":"https:\/\/www.klb-koetztal.de\/produkt\/klb-system-polyurethan-pu-62-elasticmastik\/"},"modified":"2026-04-01T12:07:59","modified_gmt":"2026-04-01T10:07:59","slug":"klb-system-polyurethan-pu-62-elasticmastik","status":"publish","type":"product","link":"https:\/\/www.klb-koetztal.de\/fr\/produkt\/klb-system-polyurethan-pu-62-elasticmastik\/","title":{"rendered":"KLB-SYSTEM POLYURETHAN PU 62 Elasticmastik"},"content":{"rendered":"","protected":false},"excerpt":{"rendered":"<p>Mati\u00e8re en polyur\u00e9thane \u00e0 2 composants, p\u00e2teuse, \u00e9lastique et \u00e0 faible COV&#160;pour les gorges arrondies ou triangulaires, mais \u00e9galement pour le&#160;remplissage&#160;d&rsquo;\u00e9clats, de d\u00e9fauts ou de trous. Avec une consistance stable et souple,&#160;facile \u00e0 \u00e9taler et \u00e0 mettre en \u0153uvre pour&#160;un reprofilage et des r\u00e9parations faciles ainsi que des gorges d\u00e9formables. Avec un&#160;durcissement&#160;sans retrait.&#160;Peut \u00eatre tir\u00e9e \u00e0 z\u00e9ro. Pour les gorges plus rigides, veuillez utiliser&#160;EP 82 Fugenmastik.<\/p>\n","protected":false},"featured_media":66480,"template":"","meta":{"_acf_changed":false},"product_brand":[],"product_cat":[10036,10113,10093],"product_tag":[],"class_list":{"0":"post-60813","1":"product","2":"type-product","3":"status-publish","4":"has-post-thumbnail","6":"product_cat-mortier-prefabrique-resines-pour-gorges-annulaires-resines-de-renovation-dinjection-et-de-joints","7":"product_cat-mortier-prefabrique-resines-pour-gorges-annulaires-resines-de-renovation-dinjection-et-de-joints_resines-pour-gorges-annulaires","8":"product_cat-mortier-prefabrique-resines-pour-gorges-annulaires-resines-de-renovation-dinjection-et-de-joints_resines-de-joints","10":"first","11":"instock","12":"shipping-taxable","13":"product-type-simple"},"acf":{"product_header":{"module_product_header":{"":null,"prototype_headline":{"headline":"KLB-SYSTEM POLYURETHAN PU 62 Elasticmastik","h1":true,"subheadline":"Mati\u00e8re en&#160;polyur\u00e9thane \u00e0 2 composants, p\u00e2teuse et modelable&#160;pour la r\u00e9alisation de gorges arrondies ou triangulaires viscoplastiques, ainsi que pour le remplissage de joints, d'\u00e9clats, de d\u00e9fauts, de trous ou \u00e9galement pour les couches d'\u00e9galisation. Sans solvants.&#160;\nMati\u00e8re pr\u00eate \u00e0 l'emploi et stable avec une consistance souple et p\u00e2teuse qui est facile \u00e0 \u00e9taler et \u00e0 modeler.\nPeut \u00eatre tir\u00e9e \u00e0 z\u00e9ro. \u00c0 durcissement rapide et pratiquement sans retrait. D\u00e9formable.","anchor":"","url":""},"grid_text_slider":false,"grid_text_content":[{"text":"<p class=\"product-short-title\" style=\"text-align: center;\"><strong>Br\u00e8ve description<\/strong><\/p>\n<p>Mati\u00e8re en polyur\u00e9thane \u00e0 2 composants, p\u00e2teuse, \u00e9lastique et \u00e0 faible COV&#160;pour les gorges arrondies ou triangulaires, mais \u00e9galement pour le&#160;remplissage&#160;d&rsquo;\u00e9clats, de d\u00e9fauts ou de trous. Avec une consistance stable et souple,&#160;facile \u00e0 \u00e9taler et \u00e0 mettre en \u0153uvre pour&#160;un reprofilage et des r\u00e9parations faciles ainsi que des gorges d\u00e9formables. Avec un&#160;durcissement&#160;sans retrait.&#160;Peut \u00eatre tir\u00e9e \u00e0 z\u00e9ro. Pour les gorges plus rigides, veuillez utiliser&#160;EP 82 Fugenmastik.<\/p>\n","width":"4","background_color_text":"bg-white","border_color":"border-gray-light"},{"text":"<p class=\"product-sicing-title\" style=\"text-align: center;\"><strong>Unit\u00e9s d'emballage<\/strong><\/p>\n<ul>\n<li>AK6211-16 &#8211; Combinaison Seau 16,00 kg<\/li>\n<\/ul>\n<p><\/p>\n<p>N&rsquo;h\u00e9sitez pas \u00e0 contacter directement pour toute demande concernant des quantit\u00e9s de livraison ou des unit\u00e9s de conditionnement plus importantes.<\/p>\n\n","width":"4","background_color_text":"bg-white","border_color":"border-gray-light"},{"text":"<p class=\"product-attr-title\" style=\"text-align: center;\"><strong>Propri\u00e9t\u00e9s<\/strong><\/p>\n<ul>\n<li>qualit\u00e9 contr\u00f4l\u00e9e, \u00e0 faible \u00e9mission<\/li>\n<li>certifi\u00e9 selon EMICODE\u00ae  EC 1PLUS<\/li>\n<li>conforme \u00e0 l&rsquo;AgBB et adapt\u00e9 aux salles de s\u00e9jour<\/li>\n<li>viscoplastique<\/li>\n<li>\u00e9galisable jusqu&rsquo;\u00e0 0 mm<\/li>\n<li>consistance stable<\/li>\n<li>utilisation simple<\/li>\n<li>bonne adh\u00e9rence interm\u00e9diaire<\/li>\n<li>\u00e0 durcissement rapide<\/li>\n<li>tr\u00e8s \u00e9conomique<\/li>\n<\/ul>\n","width":"4","background_color_text":"bg-white","border_color":"border-gray-light"}],"background_color":"bg-none","background_color_content":"bg-none"}},"downloads":{"module_download_list":{"inhalt":null,"downloads":[{"download":{"ID":66669,"id":66669,"title":"PU_62_Elasticmastik_PI_fr_2025_07","filename":"PU_62_Elasticmastik_PI_fr_2025_07.pdf","filesize":1283921,"url":"https:\/\/www.klb-koetztal.de\/app\/uploads\/2025\/07\/PU_62_Elasticmastik_PI_fr_2025_07.pdf","link":"https:\/\/www.klb-koetztal.de\/fr\/?attachment_id=66669","alt":"","author":"7","description":"","caption":"","name":"pu_62_elasticmastik_pi_fr_2025_07-2","status":"inherit","uploaded_to":0,"date":"2025-07-29 13:30:41","modified":"2025-07-29 13:30:41","menu_order":0,"mime_type":"application\/pdf","type":"application","subtype":"pdf","icon":"https:\/\/www.klb-koetztal.de\/wp\/wp-includes\/images\/media\/document.png"},"filename":"Information produit","protected":false,"doclang":"FR","externalkey":"Produktinformation","docpos":"3"},{"download":{"ID":59265,"id":59265,"title":"PU62_Elasticmastik_Umwelt-Deklaration_2023-06","filename":"PU62_Elasticmastik_Umwelt-Deklaration_2023-06.pdf","filesize":2566693,"url":"https:\/\/www.klb-koetztal.de\/app\/uploads\/2023\/12\/PU62_Elasticmastik_Umwelt-Deklaration_2023-06.pdf","link":"https:\/\/www.klb-koetztal.de\/fr\/?attachment_id=59265","alt":"","author":"7","description":"","caption":"","name":"pu62_elasticmastik_umwelt-deklaration_2023-06-2","status":"inherit","uploaded_to":0,"date":"2023-12-15 09:11:00","modified":"2023-12-15 09:11:00","menu_order":0,"mime_type":"application\/pdf","type":"application","subtype":"pdf","icon":"https:\/\/www.klb-koetztal.de\/wp\/wp-includes\/images\/media\/document.png"},"filename":"D\u00e9clarations de produit environnemental (EPD)","protected":false,"doclang":"Multi","externalkey":"Umweltproduktdeklaration","docpos":"50"},{"download":false,"filename":"Fiche de donn\u00e9es de s\u00e9curit\u00e9","protected":true,"doclang":"FR","externalkey":"Sicherheitsdatenblatt","docpos":"3"}],"einstellungen":null,"background_color":"bg-none","background_color_content":"bg-none"}},"included_in_systems":{"module_included_in_systems":{"":null,"background_color":"bg-gray-medium","background_color_content":"bg-none"}},"contact":{"module_contact":{"":null,"background_color":"bg-none","background_color_content":"bg-none"}},"ausschreibende":{"module_ausschreibende":{"andern_sie_den_inhalt_unter_universelle_elemente":null,"background_color":"bg-none","background_color_content":"bg-none"}}},"yoast_head":"<!-- This site is optimized with the Yoast SEO plugin v27.0 - https:\/\/yoast.com\/product\/yoast-seo-wordpress\/ -->\n<title>Mat\u00e9riau pour gorges PU 62 Elasticmastik \u00e9lastique, p\u00e2teux| KLB<\/title>\n<meta name=\"description\" content=\"Mati\u00e8re en PU \u00e0 2 composants \u00e9lastique, p\u00e2teuse, pr\u00eate \u00e0 l&#039;emploi, faible COV pour les gorges arrondies modelables\u00a0et r\u00e9parations \u2714\ufe0f durcissant sans retrait\" \/>\n<meta name=\"robots\" content=\"noindex, follow, max-snippet:-1, max-image-preview:large, max-video-preview:-1\" \/>\n<meta property=\"og:locale\" content=\"fr_FR\" \/>\n<meta property=\"og:type\" content=\"article\" \/>\n<meta property=\"og:title\" content=\"Mat\u00e9riau pour gorges PU 62 Elasticmastik \u00e9lastique, p\u00e2teux| KLB\" \/>\n<meta property=\"og:description\" content=\"Mati\u00e8re en PU \u00e0 2 composants \u00e9lastique, p\u00e2teuse, pr\u00eate \u00e0 l&#039;emploi, faible COV pour les gorges arrondies modelables\u00a0et r\u00e9parations \u2714\ufe0f durcissant sans retrait\" \/>\n<meta property=\"og:url\" content=\"https:\/\/www.klb-koetztal.de\/fr\/produkt\/klb-system-polyurethan-pu-62-elasticmastik\/\" \/>\n<meta property=\"og:site_name\" content=\"KLB K\u00f6tztal\" \/>\n<meta property=\"article:publisher\" content=\"https:\/\/www.facebook.com\/klbkoetztal\" \/>\n<meta property=\"article:modified_time\" content=\"2026-04-01T10:07:59+00:00\" \/>\n<meta property=\"og:image\" content=\"https:\/\/www.klb-koetztal.de\/app\/uploads\/2025\/07\/PU_62_Elasticmastik_KLB_600px_web.jpg\" \/>\n\t<meta property=\"og:image:width\" content=\"600\" \/>\n\t<meta property=\"og:image:height\" content=\"600\" \/>\n\t<meta property=\"og:image:type\" content=\"image\/jpeg\" \/>\n<meta name=\"twitter:card\" content=\"summary_large_image\" \/>\n<script type=\"application\/ld+json\" class=\"yoast-schema-graph\">{\"@context\":\"https:\/\/schema.org\",\"@graph\":[{\"@type\":\"WebPage\",\"@id\":\"https:\/\/www.klb-koetztal.de\/fr\/produkt\/klb-system-polyurethan-pu-62-elasticmastik\/\",\"url\":\"https:\/\/www.klb-koetztal.de\/fr\/produkt\/klb-system-polyurethan-pu-62-elasticmastik\/\",\"name\":\"Mat\u00e9riau pour gorges PU 62 Elasticmastik \u00e9lastique, p\u00e2teux| KLB\",\"isPartOf\":{\"@id\":\"https:\/\/www.klb-koetztal.de\/fr\/#website\"},\"primaryImageOfPage\":{\"@id\":\"https:\/\/www.klb-koetztal.de\/fr\/produkt\/klb-system-polyurethan-pu-62-elasticmastik\/#primaryimage\"},\"image\":{\"@id\":\"https:\/\/www.klb-koetztal.de\/fr\/produkt\/klb-system-polyurethan-pu-62-elasticmastik\/#primaryimage\"},\"thumbnailUrl\":\"https:\/\/www.klb-koetztal.de\/app\/uploads\/2025\/07\/PU_62_Elasticmastik_KLB_600px_web.jpg\",\"datePublished\":\"2024-03-25T09:50:21+00:00\",\"dateModified\":\"2026-04-01T10:07:59+00:00\",\"description\":\"Mati\u00e8re en PU \u00e0 2 composants \u00e9lastique, p\u00e2teuse, pr\u00eate \u00e0 l'emploi, faible COV pour les gorges arrondies modelables\u00a0et r\u00e9parations \u2714\ufe0f durcissant sans retrait\",\"breadcrumb\":{\"@id\":\"https:\/\/www.klb-koetztal.de\/fr\/produkt\/klb-system-polyurethan-pu-62-elasticmastik\/#breadcrumb\"},\"inLanguage\":\"fr-FR\",\"potentialAction\":[{\"@type\":\"ReadAction\",\"target\":[\"https:\/\/www.klb-koetztal.de\/fr\/produkt\/klb-system-polyurethan-pu-62-elasticmastik\/\"]}]},{\"@type\":\"ImageObject\",\"inLanguage\":\"fr-FR\",\"@id\":\"https:\/\/www.klb-koetztal.de\/fr\/produkt\/klb-system-polyurethan-pu-62-elasticmastik\/#primaryimage\",\"url\":\"https:\/\/www.klb-koetztal.de\/app\/uploads\/2025\/07\/PU_62_Elasticmastik_KLB_600px_web.jpg\",\"contentUrl\":\"https:\/\/www.klb-koetztal.de\/app\/uploads\/2025\/07\/PU_62_Elasticmastik_KLB_600px_web.jpg\",\"width\":600,\"height\":600},{\"@type\":\"BreadcrumbList\",\"@id\":\"https:\/\/www.klb-koetztal.de\/fr\/produkt\/klb-system-polyurethan-pu-62-elasticmastik\/#breadcrumb\",\"itemListElement\":[{\"@type\":\"ListItem\",\"position\":1,\"name\":\"Startseite\",\"item\":\"https:\/\/www.klb-koetztal.de\/fr\/\"},{\"@type\":\"ListItem\",\"position\":2,\"name\":\"KLB-SYSTEM POLYURETHAN PU 62 Elasticmastik\"}]},{\"@type\":\"WebSite\",\"@id\":\"https:\/\/www.klb-koetztal.de\/fr\/#website\",\"url\":\"https:\/\/www.klb-koetztal.de\/fr\/\",\"name\":\"KLB K\u00f6tztal\",\"description\":\"Gute B\u00f6den haben ein System.\",\"potentialAction\":[{\"@type\":\"SearchAction\",\"target\":{\"@type\":\"EntryPoint\",\"urlTemplate\":\"https:\/\/www.klb-koetztal.de\/fr\/?s={search_term_string}\"},\"query-input\":{\"@type\":\"PropertyValueSpecification\",\"valueRequired\":true,\"valueName\":\"search_term_string\"}}],\"inLanguage\":\"fr-FR\"}]}<\/script>\n<!-- \/ Yoast SEO plugin. -->","yoast_head_json":{"title":"Mat\u00e9riau pour gorges PU 62 Elasticmastik \u00e9lastique, p\u00e2teux| KLB","description":"Mati\u00e8re en PU \u00e0 2 composants \u00e9lastique, p\u00e2teuse, pr\u00eate \u00e0 l'emploi, faible COV pour les gorges arrondies modelables\u00a0et r\u00e9parations \u2714\ufe0f durcissant sans retrait","robots":{"index":"noindex","follow":"follow","max-snippet":"max-snippet:-1","max-image-preview":"max-image-preview:large","max-video-preview":"max-video-preview:-1"},"og_locale":"fr_FR","og_type":"article","og_title":"Mat\u00e9riau pour gorges PU 62 Elasticmastik \u00e9lastique, p\u00e2teux| KLB","og_description":"Mati\u00e8re en PU \u00e0 2 composants \u00e9lastique, p\u00e2teuse, pr\u00eate \u00e0 l'emploi, faible COV pour les gorges arrondies modelables\u00a0et r\u00e9parations \u2714\ufe0f durcissant sans retrait","og_url":"https:\/\/www.klb-koetztal.de\/fr\/produkt\/klb-system-polyurethan-pu-62-elasticmastik\/","og_site_name":"KLB K\u00f6tztal","article_publisher":"https:\/\/www.facebook.com\/klbkoetztal","article_modified_time":"2026-04-01T10:07:59+00:00","og_image":[{"width":600,"height":600,"url":"https:\/\/www.klb-koetztal.de\/app\/uploads\/2025\/07\/PU_62_Elasticmastik_KLB_600px_web.jpg","type":"image\/jpeg"}],"twitter_card":"summary_large_image","schema":{"@context":"https:\/\/schema.org","@graph":[{"@type":"WebPage","@id":"https:\/\/www.klb-koetztal.de\/fr\/produkt\/klb-system-polyurethan-pu-62-elasticmastik\/","url":"https:\/\/www.klb-koetztal.de\/fr\/produkt\/klb-system-polyurethan-pu-62-elasticmastik\/","name":"Mat\u00e9riau pour gorges PU 62 Elasticmastik \u00e9lastique, p\u00e2teux| KLB","isPartOf":{"@id":"https:\/\/www.klb-koetztal.de\/fr\/#website"},"primaryImageOfPage":{"@id":"https:\/\/www.klb-koetztal.de\/fr\/produkt\/klb-system-polyurethan-pu-62-elasticmastik\/#primaryimage"},"image":{"@id":"https:\/\/www.klb-koetztal.de\/fr\/produkt\/klb-system-polyurethan-pu-62-elasticmastik\/#primaryimage"},"thumbnailUrl":"https:\/\/www.klb-koetztal.de\/app\/uploads\/2025\/07\/PU_62_Elasticmastik_KLB_600px_web.jpg","datePublished":"2024-03-25T09:50:21+00:00","dateModified":"2026-04-01T10:07:59+00:00","description":"Mati\u00e8re en PU \u00e0 2 composants \u00e9lastique, p\u00e2teuse, pr\u00eate \u00e0 l'emploi, faible COV pour les gorges arrondies modelables\u00a0et r\u00e9parations \u2714\ufe0f durcissant sans retrait","breadcrumb":{"@id":"https:\/\/www.klb-koetztal.de\/fr\/produkt\/klb-system-polyurethan-pu-62-elasticmastik\/#breadcrumb"},"inLanguage":"fr-FR","potentialAction":[{"@type":"ReadAction","target":["https:\/\/www.klb-koetztal.de\/fr\/produkt\/klb-system-polyurethan-pu-62-elasticmastik\/"]}]},{"@type":"ImageObject","inLanguage":"fr-FR","@id":"https:\/\/www.klb-koetztal.de\/fr\/produkt\/klb-system-polyurethan-pu-62-elasticmastik\/#primaryimage","url":"https:\/\/www.klb-koetztal.de\/app\/uploads\/2025\/07\/PU_62_Elasticmastik_KLB_600px_web.jpg","contentUrl":"https:\/\/www.klb-koetztal.de\/app\/uploads\/2025\/07\/PU_62_Elasticmastik_KLB_600px_web.jpg","width":600,"height":600},{"@type":"BreadcrumbList","@id":"https:\/\/www.klb-koetztal.de\/fr\/produkt\/klb-system-polyurethan-pu-62-elasticmastik\/#breadcrumb","itemListElement":[{"@type":"ListItem","position":1,"name":"Startseite","item":"https:\/\/www.klb-koetztal.de\/fr\/"},{"@type":"ListItem","position":2,"name":"KLB-SYSTEM POLYURETHAN PU 62 Elasticmastik"}]},{"@type":"WebSite","@id":"https:\/\/www.klb-koetztal.de\/fr\/#website","url":"https:\/\/www.klb-koetztal.de\/fr\/","name":"KLB K\u00f6tztal","description":"Gute B\u00f6den haben ein System.","potentialAction":[{"@type":"SearchAction","target":{"@type":"EntryPoint","urlTemplate":"https:\/\/www.klb-koetztal.de\/fr\/?s={search_term_string}"},"query-input":{"@type":"PropertyValueSpecification","valueRequired":true,"valueName":"search_term_string"}}],"inLanguage":"fr-FR"}]}},"_links":{"self":[{"href":"https:\/\/www.klb-koetztal.de\/fr\/wp-json\/wp\/v2\/product\/60813","targetHints":{"allow":["GET"]}}],"collection":[{"href":"https:\/\/www.klb-koetztal.de\/fr\/wp-json\/wp\/v2\/product"}],"about":[{"href":"https:\/\/www.klb-koetztal.de\/fr\/wp-json\/wp\/v2\/types\/product"}],"wp:featuredmedia":[{"embeddable":true,"href":"https:\/\/www.klb-koetztal.de\/fr\/wp-json\/wp\/v2\/media\/66480"}],"wp:attachment":[{"href":"https:\/\/www.klb-koetztal.de\/fr\/wp-json\/wp\/v2\/media?parent=60813"}],"wp:term":[{"taxonomy":"product_brand","embeddable":true,"href":"https:\/\/www.klb-koetztal.de\/fr\/wp-json\/wp\/v2\/product_brand?post=60813"},{"taxonomy":"product_cat","embeddable":true,"href":"https:\/\/www.klb-koetztal.de\/fr\/wp-json\/wp\/v2\/product_cat?post=60813"},{"taxonomy":"product_tag","embeddable":true,"href":"https:\/\/www.klb-koetztal.de\/fr\/wp-json\/wp\/v2\/product_tag?post=60813"}],"curies":[{"name":"wp","href":"https:\/\/api.w.org\/{rel}","templated":true}]}}