{"id":57371,"date":"2023-07-07T10:25:13","date_gmt":"2023-07-07T08:25:13","guid":{"rendered":"https:\/\/www.klb-koetztal.de\/produkt\/klb-system-abdichtung-cw-510\/"},"modified":"2026-04-10T08:07:04","modified_gmt":"2026-04-10T06:07:04","slug":"klb-system-abdichtung-cw-510","status":"publish","type":"product","link":"https:\/\/www.klb-koetztal.de\/fr\/produkt\/klb-system-abdichtung-cw-510\/","title":{"rendered":"KLB-SYSTEM ABDICHTUNG CW 510"},"content":{"rendered":"","protected":false},"excerpt":{"rendered":"<p>KLB-SYSTEM ABDICHTUNG CW 510&#160;est une \u00e9tanch\u00e9it\u00e9 composite en polyur\u00e9thane \u00e0 2 composants, \u00e9lastique,&#160;\u00e0 faible \u00e9missions et avec pontage des fissures, qui convient selon&#160;EAD 030352-00-0503 (rempla\u00e7ant ETAG 022-2) pour l&rsquo;\u00e9tanch\u00e9it\u00e9 de sols&#160;dans les zones humides. Adapt\u00e9 aux domaines soumis \u00e0 une sollicitation humide&#160;(W1-I \u00e0 W3-I selon&#160;DIN 18534 Partie 3), tels que des salles de bain priv\u00e9es ou commerciales, des cuisines et autres zones industrielles dans la fabrication alimentaire \u2013&#160;en combinaison avec les rev\u00eatements.<br \/>\nGr\u00e2ce \u00e0 sa nouvelle composition, le mat\u00e9riau de rev\u00eatement pr\u00e9sente&#160;des bonnes propri\u00e9t\u00e9s d&rsquo;\u00e9lasticit\u00e9, un pontage statique \u00e9lev\u00e9 des fissures de 0,4 mm \u00e0 23 \u00b0C ainsi qu&rsquo;une bonne flexibilit\u00e9 \u00e0 froid.<\/p>\n","protected":false},"featured_media":56201,"template":"","meta":{"_acf_changed":false},"product_brand":[],"product_cat":[10042,10085],"product_tag":[],"class_list":{"0":"post-57371","1":"product","2":"type-product","3":"status-publish","4":"has-post-thumbnail","6":"product_cat-revetements","7":"product_cat-revetements_etancheites-composites","9":"first","10":"instock","11":"shipping-taxable","12":"product-type-simple"},"acf":{"product_header":{"module_product_header":{"":null,"prototype_headline":{"headline":"KLB-SYSTEM ABDICHTUNG CW 510","h1":true,"subheadline":"\u00c9tanch\u00e9it\u00e9 composite en polyur\u00e9thane \u00e0 2 composants, \u00e0 faible \u00e9mission et pontant les fissures&#160;selon la norme DIN 18534 (W3-I), test\u00e9 selon EAD 030352-00-0503 et \u00e0 base des&#160;\u00ab Principes de test pour l'\u00e9tanch\u00e9it\u00e9 composite sous les surfaces utiles \u00bb (PG-AIV-N).","anchor":"","url":""},"grid_text_slider":false,"grid_text_content":[{"text":"<p class=\"product-short-title\" style=\"text-align: center;\"><strong>Br\u00e8ve description<\/strong><\/p>\n<p><strong>KLB-SYSTEM ABDICHTUNG CW 510&#160;<\/strong>est une \u00e9tanch\u00e9it\u00e9 composite en polyur\u00e9thane \u00e0 2 composants, \u00e9lastique,&#160;\u00e0 faible \u00e9missions et avec pontage des fissures, qui convient selon&#160;EAD 030352-00-0503 (rempla\u00e7ant ETAG 022-2) pour l&rsquo;\u00e9tanch\u00e9it\u00e9 de sols&#160;dans les zones humides. Adapt\u00e9 aux domaines soumis \u00e0 une sollicitation humide&#160;(W1-I \u00e0 W3-I selon&#160;DIN 18534 Partie 3), tels que des salles de bain priv\u00e9es ou commerciales, des cuisines et autres zones industrielles dans la fabrication alimentaire \u2013&#160;en combinaison avec les rev\u00eatements.<\/p>\n<p>Gr\u00e2ce \u00e0 sa nouvelle composition, le mat\u00e9riau de rev\u00eatement pr\u00e9sente&#160;des bonnes propri\u00e9t\u00e9s d&rsquo;\u00e9lasticit\u00e9, un pontage statique \u00e9lev\u00e9 des fissures de 0,4 mm \u00e0 23 \u00b0C ainsi qu&rsquo;une bonne flexibilit\u00e9 \u00e0 froid.<\/p>\n","width":"4","background_color_text":"bg-white","border_color":"border-gray-light"},{"text":"<p class=\"product-sicing-title\" style=\"text-align: center;\"><strong>Unit\u00e9s d'emballage<\/strong><\/p>\n<ul>\n<li>AK6956-51 &#8211; Combinaison Hobbock 10,00 kg<\/li>\n<li>AK6956-31 &#8211; Combinaison Hobbock 30,00 kg<\/li>\n<\/ul>\n<p><\/p>\n<p>N&rsquo;h\u00e9sitez pas \u00e0 contacter directement pour toute demande concernant des quantit\u00e9s de livraison ou des unit\u00e9s de conditionnement plus importantes.<\/p>\n\n","width":"4","background_color_text":"bg-white","border_color":"border-gray-light"},{"text":"<p class=\"product-attr-title\" style=\"text-align: center;\"><strong>Propri\u00e9t\u00e9s<\/strong><\/p>\n<ul>\n<li>qualit\u00e9 contr\u00f4l\u00e9e, \u00e0 faible \u00e9mission<\/li>\n<li>certifi\u00e9 selon EMICODE\u00ae  EC 1PLUS<\/li>\n<li>Total Solid selon GISCODE (m\u00e9thode d&rsquo;essai de \u00ab Deutsche Bauchemie \u00bb, l&rsquo;association all. pour la chimie de construction)<\/li>\n<li>pontage statique des fissures<\/li>\n<li>bonnes propri\u00e9t\u00e9s de traitement<\/li>\n<li>\u00e0 faible retrait<\/li>\n<li>bonne r\u00e9sistance \u00e0 l&rsquo;eau et aux produits chimiques<\/li>\n<li>possibilit\u00e9 de rev\u00eatement avec des r\u00e9sines r\u00e9actives<\/li>\n<\/ul>\n","width":"4","background_color_text":"bg-white","border_color":"border-gray-light"}],"background_color":"bg-none","background_color_content":"bg-none"}},"downloads":{"module_download_list":{"inhalt":null,"downloads":[{"download":{"ID":69803,"id":69803,"title":"CW_510_PI_fr_2026_04","filename":"CW_510_PI_fr_2026_04.pdf","filesize":959580,"url":"https:\/\/www.klb-koetztal.de\/app\/uploads\/2026\/04\/CW_510_PI_fr_2026_04.pdf","link":"https:\/\/www.klb-koetztal.de\/fr\/?attachment_id=69803","alt":"","author":"7","description":"","caption":"","name":"cw_510_pi_fr_2026_04-2","status":"inherit","uploaded_to":0,"date":"2026-04-10 06:07:10","modified":"2026-04-10 06:07:10","menu_order":0,"mime_type":"application\/pdf","type":"application","subtype":"pdf","icon":"https:\/\/www.klb-koetztal.de\/wp\/wp-includes\/images\/media\/document.png"},"filename":"Information produit","protected":false,"doclang":"FR","externalkey":"Produktinformation","docpos":"3"},{"download":{"ID":56209,"id":56209,"title":"CW510_Umwelt-Deklaration_2023-03","filename":"CW510_Umwelt-Deklaration_2023-03.pdf","filesize":2559598,"url":"https:\/\/www.klb-koetztal.de\/app\/uploads\/2023\/05\/CW510_Umwelt-Deklaration_2023-03.pdf","link":"https:\/\/www.klb-koetztal.de\/fr\/?attachment_id=56209","alt":"","author":"7","description":"","caption":"","name":"cw510_umwelt-deklaration_2023-03-2","status":"inherit","uploaded_to":0,"date":"2023-05-05 13:00:21","modified":"2023-05-05 13:00:21","menu_order":0,"mime_type":"application\/pdf","type":"application","subtype":"pdf","icon":"https:\/\/www.klb-koetztal.de\/wp\/wp-includes\/images\/media\/document.png"},"filename":"D\u00e9clarations de produit environnemental (EPD)","protected":false,"doclang":"Multi","externalkey":"Umweltproduktdeklaration","docpos":"50"},{"download":false,"filename":"Fiche de donn\u00e9es de s\u00e9curit\u00e9","protected":true,"doclang":"FR","externalkey":"Sicherheitsdatenblatt","docpos":"3"}],"einstellungen":null,"background_color":"bg-none","background_color_content":"bg-none"}},"included_in_systems":{"module_included_in_systems":{"":null,"background_color":"bg-gray-medium","background_color_content":"bg-none"}},"contact":{"module_contact":{"":null,"background_color":"bg-none","background_color_content":"bg-none"}},"ausschreibende":{"module_ausschreibende":{"andern_sie_den_inhalt_unter_universelle_elemente":null,"background_color":"bg-none","background_color_content":"bg-none"}}},"yoast_head":"<!-- This site is optimized with the Yoast SEO plugin v27.0 - https:\/\/yoast.com\/product\/yoast-seo-wordpress\/ -->\n<title>\u00c9tanch\u00e9it\u00e9 composite test\u00e9e pour les sols CW 510 | KLB<\/title>\n<meta name=\"description\" content=\"\u00c9tanch\u00e9it\u00e9 en polyur\u00e9thane \u00e0 2 composants CW 510 faible en \u00e9missions, \u00e9lastique, pontage fissure statique \u2714\ufe0f test\u00e9 selon EAD 030352-00-0503, ex ETAG 022\" \/>\n<meta name=\"robots\" content=\"noindex, follow, max-snippet:-1, max-image-preview:large, max-video-preview:-1\" \/>\n<meta property=\"og:locale\" content=\"fr_FR\" \/>\n<meta property=\"og:type\" content=\"article\" \/>\n<meta property=\"og:title\" content=\"\u00c9tanch\u00e9it\u00e9 composite test\u00e9e pour les sols CW 510 | KLB\" \/>\n<meta property=\"og:description\" content=\"\u00c9tanch\u00e9it\u00e9 en polyur\u00e9thane \u00e0 2 composants CW 510 faible en \u00e9missions, \u00e9lastique, pontage fissure statique \u2714\ufe0f test\u00e9 selon EAD 030352-00-0503, ex ETAG 022\" \/>\n<meta property=\"og:url\" content=\"https:\/\/www.klb-koetztal.de\/fr\/produkt\/klb-system-abdichtung-cw-510\/\" \/>\n<meta property=\"og:site_name\" content=\"KLB K\u00f6tztal\" \/>\n<meta property=\"article:publisher\" content=\"https:\/\/www.facebook.com\/klbkoetztal\" \/>\n<meta property=\"article:modified_time\" content=\"2026-04-10T06:07:04+00:00\" \/>\n<meta property=\"og:image\" content=\"https:\/\/www.klb-koetztal.de\/app\/uploads\/2023\/05\/KLB_CW_510_30kg_6kg_600px.jpg\" \/>\n\t<meta property=\"og:image:width\" content=\"600\" \/>\n\t<meta property=\"og:image:height\" content=\"600\" \/>\n\t<meta property=\"og:image:type\" content=\"image\/jpeg\" \/>\n<meta name=\"twitter:card\" content=\"summary_large_image\" \/>\n<script type=\"application\/ld+json\" class=\"yoast-schema-graph\">{\"@context\":\"https:\/\/schema.org\",\"@graph\":[{\"@type\":\"WebPage\",\"@id\":\"https:\/\/www.klb-koetztal.de\/fr\/produkt\/klb-system-abdichtung-cw-510\/\",\"url\":\"https:\/\/www.klb-koetztal.de\/fr\/produkt\/klb-system-abdichtung-cw-510\/\",\"name\":\"\u00c9tanch\u00e9it\u00e9 composite test\u00e9e pour les sols CW 510 | KLB\",\"isPartOf\":{\"@id\":\"https:\/\/www.klb-koetztal.de\/fr\/#website\"},\"primaryImageOfPage\":{\"@id\":\"https:\/\/www.klb-koetztal.de\/fr\/produkt\/klb-system-abdichtung-cw-510\/#primaryimage\"},\"image\":{\"@id\":\"https:\/\/www.klb-koetztal.de\/fr\/produkt\/klb-system-abdichtung-cw-510\/#primaryimage\"},\"thumbnailUrl\":\"https:\/\/www.klb-koetztal.de\/app\/uploads\/2023\/05\/KLB_CW_510_30kg_6kg_600px.jpg\",\"datePublished\":\"2023-07-07T08:25:13+00:00\",\"dateModified\":\"2026-04-10T06:07:04+00:00\",\"description\":\"\u00c9tanch\u00e9it\u00e9 en polyur\u00e9thane \u00e0 2 composants CW 510 faible en \u00e9missions, \u00e9lastique, pontage fissure statique \u2714\ufe0f test\u00e9 selon EAD 030352-00-0503, ex ETAG 022\",\"breadcrumb\":{\"@id\":\"https:\/\/www.klb-koetztal.de\/fr\/produkt\/klb-system-abdichtung-cw-510\/#breadcrumb\"},\"inLanguage\":\"fr-FR\",\"potentialAction\":[{\"@type\":\"ReadAction\",\"target\":[\"https:\/\/www.klb-koetztal.de\/fr\/produkt\/klb-system-abdichtung-cw-510\/\"]}]},{\"@type\":\"ImageObject\",\"inLanguage\":\"fr-FR\",\"@id\":\"https:\/\/www.klb-koetztal.de\/fr\/produkt\/klb-system-abdichtung-cw-510\/#primaryimage\",\"url\":\"https:\/\/www.klb-koetztal.de\/app\/uploads\/2023\/05\/KLB_CW_510_30kg_6kg_600px.jpg\",\"contentUrl\":\"https:\/\/www.klb-koetztal.de\/app\/uploads\/2023\/05\/KLB_CW_510_30kg_6kg_600px.jpg\",\"width\":600,\"height\":600},{\"@type\":\"BreadcrumbList\",\"@id\":\"https:\/\/www.klb-koetztal.de\/fr\/produkt\/klb-system-abdichtung-cw-510\/#breadcrumb\",\"itemListElement\":[{\"@type\":\"ListItem\",\"position\":1,\"name\":\"Startseite\",\"item\":\"https:\/\/www.klb-koetztal.de\/fr\/\"},{\"@type\":\"ListItem\",\"position\":2,\"name\":\"KLB-SYSTEM ABDICHTUNG CW 510\"}]},{\"@type\":\"WebSite\",\"@id\":\"https:\/\/www.klb-koetztal.de\/fr\/#website\",\"url\":\"https:\/\/www.klb-koetztal.de\/fr\/\",\"name\":\"KLB K\u00f6tztal\",\"description\":\"Gute B\u00f6den haben ein System.\",\"potentialAction\":[{\"@type\":\"SearchAction\",\"target\":{\"@type\":\"EntryPoint\",\"urlTemplate\":\"https:\/\/www.klb-koetztal.de\/fr\/?s={search_term_string}\"},\"query-input\":{\"@type\":\"PropertyValueSpecification\",\"valueRequired\":true,\"valueName\":\"search_term_string\"}}],\"inLanguage\":\"fr-FR\"}]}<\/script>\n<!-- \/ Yoast SEO plugin. -->","yoast_head_json":{"title":"\u00c9tanch\u00e9it\u00e9 composite test\u00e9e pour les sols CW 510 | KLB","description":"\u00c9tanch\u00e9it\u00e9 en polyur\u00e9thane \u00e0 2 composants CW 510 faible en \u00e9missions, \u00e9lastique, pontage fissure statique \u2714\ufe0f test\u00e9 selon EAD 030352-00-0503, ex ETAG 022","robots":{"index":"noindex","follow":"follow","max-snippet":"max-snippet:-1","max-image-preview":"max-image-preview:large","max-video-preview":"max-video-preview:-1"},"og_locale":"fr_FR","og_type":"article","og_title":"\u00c9tanch\u00e9it\u00e9 composite test\u00e9e pour les sols CW 510 | KLB","og_description":"\u00c9tanch\u00e9it\u00e9 en polyur\u00e9thane \u00e0 2 composants CW 510 faible en \u00e9missions, \u00e9lastique, pontage fissure statique \u2714\ufe0f test\u00e9 selon EAD 030352-00-0503, ex ETAG 022","og_url":"https:\/\/www.klb-koetztal.de\/fr\/produkt\/klb-system-abdichtung-cw-510\/","og_site_name":"KLB K\u00f6tztal","article_publisher":"https:\/\/www.facebook.com\/klbkoetztal","article_modified_time":"2026-04-10T06:07:04+00:00","og_image":[{"width":600,"height":600,"url":"https:\/\/www.klb-koetztal.de\/app\/uploads\/2023\/05\/KLB_CW_510_30kg_6kg_600px.jpg","type":"image\/jpeg"}],"twitter_card":"summary_large_image","schema":{"@context":"https:\/\/schema.org","@graph":[{"@type":"WebPage","@id":"https:\/\/www.klb-koetztal.de\/fr\/produkt\/klb-system-abdichtung-cw-510\/","url":"https:\/\/www.klb-koetztal.de\/fr\/produkt\/klb-system-abdichtung-cw-510\/","name":"\u00c9tanch\u00e9it\u00e9 composite test\u00e9e pour les sols CW 510 | KLB","isPartOf":{"@id":"https:\/\/www.klb-koetztal.de\/fr\/#website"},"primaryImageOfPage":{"@id":"https:\/\/www.klb-koetztal.de\/fr\/produkt\/klb-system-abdichtung-cw-510\/#primaryimage"},"image":{"@id":"https:\/\/www.klb-koetztal.de\/fr\/produkt\/klb-system-abdichtung-cw-510\/#primaryimage"},"thumbnailUrl":"https:\/\/www.klb-koetztal.de\/app\/uploads\/2023\/05\/KLB_CW_510_30kg_6kg_600px.jpg","datePublished":"2023-07-07T08:25:13+00:00","dateModified":"2026-04-10T06:07:04+00:00","description":"\u00c9tanch\u00e9it\u00e9 en polyur\u00e9thane \u00e0 2 composants CW 510 faible en \u00e9missions, \u00e9lastique, pontage fissure statique \u2714\ufe0f test\u00e9 selon EAD 030352-00-0503, ex ETAG 022","breadcrumb":{"@id":"https:\/\/www.klb-koetztal.de\/fr\/produkt\/klb-system-abdichtung-cw-510\/#breadcrumb"},"inLanguage":"fr-FR","potentialAction":[{"@type":"ReadAction","target":["https:\/\/www.klb-koetztal.de\/fr\/produkt\/klb-system-abdichtung-cw-510\/"]}]},{"@type":"ImageObject","inLanguage":"fr-FR","@id":"https:\/\/www.klb-koetztal.de\/fr\/produkt\/klb-system-abdichtung-cw-510\/#primaryimage","url":"https:\/\/www.klb-koetztal.de\/app\/uploads\/2023\/05\/KLB_CW_510_30kg_6kg_600px.jpg","contentUrl":"https:\/\/www.klb-koetztal.de\/app\/uploads\/2023\/05\/KLB_CW_510_30kg_6kg_600px.jpg","width":600,"height":600},{"@type":"BreadcrumbList","@id":"https:\/\/www.klb-koetztal.de\/fr\/produkt\/klb-system-abdichtung-cw-510\/#breadcrumb","itemListElement":[{"@type":"ListItem","position":1,"name":"Startseite","item":"https:\/\/www.klb-koetztal.de\/fr\/"},{"@type":"ListItem","position":2,"name":"KLB-SYSTEM ABDICHTUNG CW 510"}]},{"@type":"WebSite","@id":"https:\/\/www.klb-koetztal.de\/fr\/#website","url":"https:\/\/www.klb-koetztal.de\/fr\/","name":"KLB K\u00f6tztal","description":"Gute B\u00f6den haben ein System.","potentialAction":[{"@type":"SearchAction","target":{"@type":"EntryPoint","urlTemplate":"https:\/\/www.klb-koetztal.de\/fr\/?s={search_term_string}"},"query-input":{"@type":"PropertyValueSpecification","valueRequired":true,"valueName":"search_term_string"}}],"inLanguage":"fr-FR"}]}},"_links":{"self":[{"href":"https:\/\/www.klb-koetztal.de\/fr\/wp-json\/wp\/v2\/product\/57371","targetHints":{"allow":["GET"]}}],"collection":[{"href":"https:\/\/www.klb-koetztal.de\/fr\/wp-json\/wp\/v2\/product"}],"about":[{"href":"https:\/\/www.klb-koetztal.de\/fr\/wp-json\/wp\/v2\/types\/product"}],"wp:featuredmedia":[{"embeddable":true,"href":"https:\/\/www.klb-koetztal.de\/fr\/wp-json\/wp\/v2\/media\/56201"}],"wp:attachment":[{"href":"https:\/\/www.klb-koetztal.de\/fr\/wp-json\/wp\/v2\/media?parent=57371"}],"wp:term":[{"taxonomy":"product_brand","embeddable":true,"href":"https:\/\/www.klb-koetztal.de\/fr\/wp-json\/wp\/v2\/product_brand?post=57371"},{"taxonomy":"product_cat","embeddable":true,"href":"https:\/\/www.klb-koetztal.de\/fr\/wp-json\/wp\/v2\/product_cat?post=57371"},{"taxonomy":"product_tag","embeddable":true,"href":"https:\/\/www.klb-koetztal.de\/fr\/wp-json\/wp\/v2\/product_tag?post=57371"}],"curies":[{"name":"wp","href":"https:\/\/api.w.org\/{rel}","templated":true}]}}