{"id":56214,"date":"2023-05-05T15:08:42","date_gmt":"2023-05-05T13:08:42","guid":{"rendered":"https:\/\/www.klb-koetztal.de\/produkt\/chemoresin-cr-920-el\/"},"modified":"2026-04-01T12:46:33","modified_gmt":"2026-04-01T10:46:33","slug":"chemoresin-cr-920-el","status":"publish","type":"product","link":"https:\/\/www.klb-koetztal.de\/fr\/produkt\/chemoresin-cr-920-el\/","title":{"rendered":"CHEMORESIN CR 920 EL+"},"content":{"rendered":"","protected":false},"excerpt":{"rendered":"<p>CHEMORESIN CR 920 EL+ est un rev\u00eatement autolissant, innovant et \u00e9lectro-conducteur en r\u00e9sine r\u00e9active \u00e0 2 composants et \u00e0 base de polyur\u00e9thane sp\u00e9cial avec une r\u00e9sistance chimique consid\u00e9rablement accrue par rapport aux rev\u00eatements courants en r\u00e9sine \u00e9poxy ou en polyur\u00e9thane.<br \/>\nIl est utilis\u00e9&#160;pour la r\u00e9alisation des rev\u00eatements lisses dans l&rsquo;industrie chimique et&#160;pharmaceutique, la biotechnologie, les d\u00e9capants de peinture, les installations de galvanisation,&#160;les ateliers de peinture&#160;et bien d&rsquo;autres domaines.&#160;Les rev\u00eatements existants en r\u00e9sine \u00e9poxy et en b\u00e9ton PU peuvent \u00e9galement \u00eatre recouverts de&#160;CHEMORESIN CR 920 EL+ apr\u00e8s une pr\u00e9paration appropri\u00e9e du substrat. Demandez conseil si n\u00e9cessaire !&#160;<br \/>\nLe rev\u00eatement durci dissipateur&#160;est particuli\u00e8rement adapt\u00e9 \u00e0 la pr\u00e9vention des charges statiques dans les zones commerciales et industrielles avec des exigences particuli\u00e8res en mati\u00e8re de protection antid\u00e9flagrante.<br \/>\nLes rev\u00eatements&#160;CHEMORESIN&#160;sont des rev\u00eatements sp\u00e9ciaux techniques qui ne sont pas ax\u00e9s sur l&rsquo;aspect d\u00e9coratif !<\/p>\n","protected":false},"featured_media":62083,"template":"","meta":{"_acf_changed":false},"product_brand":[],"product_cat":[10049,10050,10042,10064],"product_tag":[],"class_list":{"0":"post-56214","1":"product","2":"type-product","3":"status-publish","4":"has-post-thumbnail","6":"product_cat-chemoresin-3","7":"product_cat-chemoresin_couches-de-fond-et-revetements-resistants-aux-produits-chimiques","8":"product_cat-revetements","9":"product_cat-revetements_revetements-dissipateurs-protection-individuelle-et-antideflagrante","11":"first","12":"instock","13":"shipping-taxable","14":"product-type-simple"},"acf":{"product_header":{"module_product_header":{"":null,"prototype_headline":{"headline":"CHEMORESIN CR 920 EL+","h1":true,"subheadline":"Rev\u00eatement autolissant en r\u00e9sine r\u00e9active \u00e0 2 composants et \u00e0 base de polyur\u00e9thane sp\u00e9cial avec une r\u00e9sistance chimique consid\u00e9rablement accrue","anchor":"","url":""},"grid_text_slider":false,"grid_text_content":[{"text":"<p class=\"product-short-title\" style=\"text-align: center;\"><strong>Br\u00e8ve description<\/strong><\/p>\n<p><strong>CHEMORESIN CR 920 EL+<\/strong> est un rev\u00eatement autolissant, innovant et \u00e9lectro-conducteur en r\u00e9sine r\u00e9active \u00e0 2 composants et \u00e0 base de polyur\u00e9thane sp\u00e9cial avec une r\u00e9sistance chimique consid\u00e9rablement accrue par rapport aux rev\u00eatements courants en r\u00e9sine \u00e9poxy ou en polyur\u00e9thane.<\/p>\n<p>Il est utilis\u00e9&#160;pour la r\u00e9alisation des rev\u00eatements lisses dans l&rsquo;industrie chimique et&#160;pharmaceutique, la biotechnologie, les d\u00e9capants de peinture, les installations de galvanisation,&#160;les ateliers de peinture&#160;et bien d&rsquo;autres domaines.&#160;Les rev\u00eatements existants en r\u00e9sine \u00e9poxy et en b\u00e9ton PU peuvent \u00e9galement \u00eatre recouverts de&#160;<strong>CHEMORESIN CR 920 EL+<\/strong> apr\u00e8s une pr\u00e9paration appropri\u00e9e du substrat. Demandez conseil si n\u00e9cessaire !&#160;<\/p>\n<p>Le rev\u00eatement durci dissipateur&#160;est particuli\u00e8rement adapt\u00e9 \u00e0 la pr\u00e9vention des charges statiques dans les zones commerciales et industrielles avec des exigences particuli\u00e8res en mati\u00e8re de protection antid\u00e9flagrante.<\/p>\n<p>Les rev\u00eatements&#160;<strong>CHEMORESIN&#160;<\/strong>sont des rev\u00eatements sp\u00e9ciaux techniques qui ne sont pas ax\u00e9s sur l&rsquo;aspect d\u00e9coratif !<\/p>\n","width":"4","background_color_text":"bg-white","border_color":"border-gray-light"},{"text":"<p class=\"product-sicing-title\" style=\"text-align: center;\"><strong>Unit\u00e9s d'emballage<\/strong><\/p>\n<ul>\n<li>AK2006-50 &#8211; Combinaison Hobbock 10,00 kg<\/li>\n<li>AK2006-25 &#8211; Combinaison Hobbock 22,00 kg<\/li>\n<\/ul>\n<p><\/p>\n<p>N&rsquo;h\u00e9sitez pas \u00e0 contacter directement pour toute demande concernant des quantit\u00e9s de livraison ou des unit\u00e9s de conditionnement plus importantes.<\/p>\n\n","width":"4","background_color_text":"bg-white","border_color":"border-gray-light"},{"text":"<p class=\"product-attr-title\" style=\"text-align: center;\"><strong>Propri\u00e9t\u00e9s<\/strong><\/p>\n<ul>\n<li>\u00e9lectro-dissipateur pour la protection antid\u00e9flagrante<\/li>\n<li>bonne r\u00e9sistance chimique<\/li>\n<li>bonnes propri\u00e9t\u00e9s de traitement<\/li>\n<li>nouvelle composition pour des applications techniques<\/li>\n<li>stable \u00e0 l&rsquo;hydrolyse et \u00e0 la saponification<\/li>\n<li>r\u00e9sistant \u00e0 l&rsquo;abrasion et \u00e0 l&rsquo;usure<\/li>\n<li>tr\u00e8s r\u00e9sistant aux contraintes m\u00e9caniques<\/li>\n<\/ul>\n","width":"4","background_color_text":"bg-white","border_color":"border-gray-light"}],"background_color":"bg-none","background_color_content":"bg-none"}},"downloads":{"module_download_list":{"inhalt":null,"downloads":[{"download":{"ID":65044,"id":65044,"title":"CR_920_ELplus_PI_fr_2025_04","filename":"CR_920_ELplus_PI_fr_2025_04.pdf","filesize":372118,"url":"https:\/\/www.klb-koetztal.de\/app\/uploads\/2025\/04\/CR_920_ELplus_PI_fr_2025_04.pdf","link":"https:\/\/www.klb-koetztal.de\/fr\/?attachment_id=65044","alt":"","author":"7","description":"","caption":"","name":"cr_920_elplus_pi_fr_2025_04-2","status":"inherit","uploaded_to":0,"date":"2025-04-22 06:50:45","modified":"2025-04-22 06:50:45","menu_order":0,"mime_type":"application\/pdf","type":"application","subtype":"pdf","icon":"https:\/\/www.klb-koetztal.de\/wp\/wp-includes\/images\/media\/document.png"},"filename":"Information produit","protected":false,"doclang":"FR","externalkey":"Produktinformation","docpos":"3"},{"download":{"ID":62591,"id":62591,"title":"CR_920_ELplus_LE_en_2024_08","filename":"CR_920_ELplus_LE_en_2024_08.pdf","filesize":168347,"url":"https:\/\/www.klb-koetztal.de\/app\/uploads\/2024\/08\/CR_920_ELplus_LE_en_2024_08.pdf","link":"https:\/\/www.klb-koetztal.de\/fr\/?attachment_id=62591","alt":"","author":"7","description":"","caption":"","name":"cr_920_elplus_le_en_2024_08-2","status":"inherit","uploaded_to":0,"date":"2024-08-09 12:30:13","modified":"2024-08-09 12:30:13","menu_order":0,"mime_type":"application\/pdf","type":"application","subtype":"pdf","icon":"https:\/\/www.klb-koetztal.de\/wp\/wp-includes\/images\/media\/document.png"},"filename":"Statement of performance","protected":false,"doclang":"GB","externalkey":"Leistungserklaerung","docpos":"2"},{"download":{"ID":62594,"id":62594,"title":"CR_920_ELplus_LE_fr_2024_08","filename":"CR_920_ELplus_LE_fr_2024_08.pdf","filesize":168376,"url":"https:\/\/www.klb-koetztal.de\/app\/uploads\/2024\/08\/CR_920_ELplus_LE_fr_2024_08.pdf","link":"https:\/\/www.klb-koetztal.de\/fr\/?attachment_id=62594","alt":"","author":"7","description":"","caption":"","name":"cr_920_elplus_le_fr_2024_08-2","status":"inherit","uploaded_to":0,"date":"2024-08-09 12:30:14","modified":"2024-08-09 12:30:14","menu_order":0,"mime_type":"application\/pdf","type":"application","subtype":"pdf","icon":"https:\/\/www.klb-koetztal.de\/wp\/wp-includes\/images\/media\/document.png"},"filename":"D\u00e9claration de performance","protected":false,"doclang":"FR","externalkey":"Leistungserklaerung","docpos":"3"},{"download":{"ID":56177,"id":56177,"title":"CR920_EL_plus_Umwelt-Deklaration_2023-04","filename":"CR920_EL_plus_Umwelt-Deklaration_2023-04.pdf","filesize":2560394,"url":"https:\/\/www.klb-koetztal.de\/app\/uploads\/2023\/05\/CR920_EL_plus_Umwelt-Deklaration_2023-04.pdf","link":"https:\/\/www.klb-koetztal.de\/fr\/?attachment_id=56177","alt":"","author":"7","description":"","caption":"","name":"cr920_el_plus_umwelt-deklaration_2023-04-2","status":"inherit","uploaded_to":0,"date":"2023-05-05 11:33:49","modified":"2023-05-05 11:33:49","menu_order":0,"mime_type":"application\/pdf","type":"application","subtype":"pdf","icon":"https:\/\/www.klb-koetztal.de\/wp\/wp-includes\/images\/media\/document.png"},"filename":"D\u00e9clarations de produit environnemental (EPD)","protected":false,"doclang":"Multi","externalkey":"Umweltproduktdeklaration","docpos":"50"},{"download":false,"filename":"Fiche de donn\u00e9es de s\u00e9curit\u00e9","protected":true,"doclang":"FR","externalkey":"Sicherheitsdatenblatt","docpos":"3"}],"einstellungen":null,"background_color":"bg-none","background_color_content":"bg-none"}},"included_in_systems":{"module_included_in_systems":{"":null,"background_color":"bg-gray-medium","background_color_content":"bg-none"}},"contact":{"module_contact":{"":null,"background_color":"bg-none","background_color_content":"bg-none"}},"ausschreibende":{"module_ausschreibende":{"andern_sie_den_inhalt_unter_universelle_elemente":null,"background_color":"bg-none","background_color_content":"bg-none"}}},"yoast_head":"<!-- This site is optimized with the Yoast SEO plugin v27.0 - https:\/\/yoast.com\/product\/yoast-seo-wordpress\/ -->\n<title>CHEMORESIN CR 920 EL+ chimi-r\u00e9sistant et conducteur| KLB<\/title>\n<meta name=\"description\" content=\"Rev\u00eatement en polyu\u00b4rethane \u00e0 2 composants \u00e9lectro-conducteur pour r\u00e9aliser des sols hautement robustes \u2714\ufe0fr\u00e9sistant aux acides et bases, protection EX\" \/>\n<meta name=\"robots\" content=\"noindex, follow, max-snippet:-1, max-image-preview:large, max-video-preview:-1\" \/>\n<meta property=\"og:locale\" content=\"fr_FR\" \/>\n<meta property=\"og:type\" content=\"article\" \/>\n<meta property=\"og:title\" content=\"CHEMORESIN CR 920 EL+ chimi-r\u00e9sistant et conducteur| KLB\" \/>\n<meta property=\"og:description\" content=\"Rev\u00eatement en polyu\u00b4rethane \u00e0 2 composants \u00e9lectro-conducteur pour r\u00e9aliser des sols hautement robustes \u2714\ufe0fr\u00e9sistant aux acides et bases, protection EX\" \/>\n<meta property=\"og:url\" content=\"https:\/\/www.klb-koetztal.de\/fr\/produkt\/chemoresin-cr-920-el\/\" \/>\n<meta property=\"og:site_name\" content=\"KLB K\u00f6tztal\" \/>\n<meta property=\"article:publisher\" content=\"https:\/\/www.facebook.com\/klbkoetztal\" \/>\n<meta property=\"article:modified_time\" content=\"2026-04-01T10:46:33+00:00\" \/>\n<meta property=\"og:image\" content=\"https:\/\/www.klb-koetztal.de\/app\/uploads\/2024\/06\/CR_920_EL_600px_Kombi_KLB_Koetztal_CHEMORESIN.jpg\" \/>\n\t<meta property=\"og:image:width\" content=\"600\" \/>\n\t<meta property=\"og:image:height\" content=\"600\" \/>\n\t<meta property=\"og:image:type\" content=\"image\/jpeg\" \/>\n<meta name=\"twitter:card\" content=\"summary_large_image\" \/>\n<script type=\"application\/ld+json\" class=\"yoast-schema-graph\">{\"@context\":\"https:\/\/schema.org\",\"@graph\":[{\"@type\":\"WebPage\",\"@id\":\"https:\/\/www.klb-koetztal.de\/fr\/produkt\/chemoresin-cr-920-el\/\",\"url\":\"https:\/\/www.klb-koetztal.de\/fr\/produkt\/chemoresin-cr-920-el\/\",\"name\":\"CHEMORESIN CR 920 EL+ chimi-r\u00e9sistant et conducteur| KLB\",\"isPartOf\":{\"@id\":\"https:\/\/www.klb-koetztal.de\/fr\/#website\"},\"primaryImageOfPage\":{\"@id\":\"https:\/\/www.klb-koetztal.de\/fr\/produkt\/chemoresin-cr-920-el\/#primaryimage\"},\"image\":{\"@id\":\"https:\/\/www.klb-koetztal.de\/fr\/produkt\/chemoresin-cr-920-el\/#primaryimage\"},\"thumbnailUrl\":\"https:\/\/www.klb-koetztal.de\/app\/uploads\/2024\/06\/CR_920_EL_600px_Kombi_KLB_Koetztal_CHEMORESIN.jpg\",\"datePublished\":\"2023-05-05T13:08:42+00:00\",\"dateModified\":\"2026-04-01T10:46:33+00:00\",\"description\":\"Rev\u00eatement en polyu\u00b4rethane \u00e0 2 composants \u00e9lectro-conducteur pour r\u00e9aliser des sols hautement robustes \u2714\ufe0fr\u00e9sistant aux acides et bases, protection EX\",\"breadcrumb\":{\"@id\":\"https:\/\/www.klb-koetztal.de\/fr\/produkt\/chemoresin-cr-920-el\/#breadcrumb\"},\"inLanguage\":\"fr-FR\",\"potentialAction\":[{\"@type\":\"ReadAction\",\"target\":[\"https:\/\/www.klb-koetztal.de\/fr\/produkt\/chemoresin-cr-920-el\/\"]}]},{\"@type\":\"ImageObject\",\"inLanguage\":\"fr-FR\",\"@id\":\"https:\/\/www.klb-koetztal.de\/fr\/produkt\/chemoresin-cr-920-el\/#primaryimage\",\"url\":\"https:\/\/www.klb-koetztal.de\/app\/uploads\/2024\/06\/CR_920_EL_600px_Kombi_KLB_Koetztal_CHEMORESIN.jpg\",\"contentUrl\":\"https:\/\/www.klb-koetztal.de\/app\/uploads\/2024\/06\/CR_920_EL_600px_Kombi_KLB_Koetztal_CHEMORESIN.jpg\",\"width\":600,\"height\":600},{\"@type\":\"BreadcrumbList\",\"@id\":\"https:\/\/www.klb-koetztal.de\/fr\/produkt\/chemoresin-cr-920-el\/#breadcrumb\",\"itemListElement\":[{\"@type\":\"ListItem\",\"position\":1,\"name\":\"Startseite\",\"item\":\"https:\/\/www.klb-koetztal.de\/fr\/\"},{\"@type\":\"ListItem\",\"position\":2,\"name\":\"CHEMORESIN CR 920 EL+\"}]},{\"@type\":\"WebSite\",\"@id\":\"https:\/\/www.klb-koetztal.de\/fr\/#website\",\"url\":\"https:\/\/www.klb-koetztal.de\/fr\/\",\"name\":\"KLB K\u00f6tztal\",\"description\":\"Gute B\u00f6den haben ein System.\",\"potentialAction\":[{\"@type\":\"SearchAction\",\"target\":{\"@type\":\"EntryPoint\",\"urlTemplate\":\"https:\/\/www.klb-koetztal.de\/fr\/?s={search_term_string}\"},\"query-input\":{\"@type\":\"PropertyValueSpecification\",\"valueRequired\":true,\"valueName\":\"search_term_string\"}}],\"inLanguage\":\"fr-FR\"}]}<\/script>\n<!-- \/ Yoast SEO plugin. -->","yoast_head_json":{"title":"CHEMORESIN CR 920 EL+ chimi-r\u00e9sistant et conducteur| KLB","description":"Rev\u00eatement en polyu\u00b4rethane \u00e0 2 composants \u00e9lectro-conducteur pour r\u00e9aliser des sols hautement robustes \u2714\ufe0fr\u00e9sistant aux acides et bases, protection EX","robots":{"index":"noindex","follow":"follow","max-snippet":"max-snippet:-1","max-image-preview":"max-image-preview:large","max-video-preview":"max-video-preview:-1"},"og_locale":"fr_FR","og_type":"article","og_title":"CHEMORESIN CR 920 EL+ chimi-r\u00e9sistant et conducteur| KLB","og_description":"Rev\u00eatement en polyu\u00b4rethane \u00e0 2 composants \u00e9lectro-conducteur pour r\u00e9aliser des sols hautement robustes \u2714\ufe0fr\u00e9sistant aux acides et bases, protection EX","og_url":"https:\/\/www.klb-koetztal.de\/fr\/produkt\/chemoresin-cr-920-el\/","og_site_name":"KLB K\u00f6tztal","article_publisher":"https:\/\/www.facebook.com\/klbkoetztal","article_modified_time":"2026-04-01T10:46:33+00:00","og_image":[{"width":600,"height":600,"url":"https:\/\/www.klb-koetztal.de\/app\/uploads\/2024\/06\/CR_920_EL_600px_Kombi_KLB_Koetztal_CHEMORESIN.jpg","type":"image\/jpeg"}],"twitter_card":"summary_large_image","schema":{"@context":"https:\/\/schema.org","@graph":[{"@type":"WebPage","@id":"https:\/\/www.klb-koetztal.de\/fr\/produkt\/chemoresin-cr-920-el\/","url":"https:\/\/www.klb-koetztal.de\/fr\/produkt\/chemoresin-cr-920-el\/","name":"CHEMORESIN CR 920 EL+ chimi-r\u00e9sistant et conducteur| KLB","isPartOf":{"@id":"https:\/\/www.klb-koetztal.de\/fr\/#website"},"primaryImageOfPage":{"@id":"https:\/\/www.klb-koetztal.de\/fr\/produkt\/chemoresin-cr-920-el\/#primaryimage"},"image":{"@id":"https:\/\/www.klb-koetztal.de\/fr\/produkt\/chemoresin-cr-920-el\/#primaryimage"},"thumbnailUrl":"https:\/\/www.klb-koetztal.de\/app\/uploads\/2024\/06\/CR_920_EL_600px_Kombi_KLB_Koetztal_CHEMORESIN.jpg","datePublished":"2023-05-05T13:08:42+00:00","dateModified":"2026-04-01T10:46:33+00:00","description":"Rev\u00eatement en polyu\u00b4rethane \u00e0 2 composants \u00e9lectro-conducteur pour r\u00e9aliser des sols hautement robustes \u2714\ufe0fr\u00e9sistant aux acides et bases, protection EX","breadcrumb":{"@id":"https:\/\/www.klb-koetztal.de\/fr\/produkt\/chemoresin-cr-920-el\/#breadcrumb"},"inLanguage":"fr-FR","potentialAction":[{"@type":"ReadAction","target":["https:\/\/www.klb-koetztal.de\/fr\/produkt\/chemoresin-cr-920-el\/"]}]},{"@type":"ImageObject","inLanguage":"fr-FR","@id":"https:\/\/www.klb-koetztal.de\/fr\/produkt\/chemoresin-cr-920-el\/#primaryimage","url":"https:\/\/www.klb-koetztal.de\/app\/uploads\/2024\/06\/CR_920_EL_600px_Kombi_KLB_Koetztal_CHEMORESIN.jpg","contentUrl":"https:\/\/www.klb-koetztal.de\/app\/uploads\/2024\/06\/CR_920_EL_600px_Kombi_KLB_Koetztal_CHEMORESIN.jpg","width":600,"height":600},{"@type":"BreadcrumbList","@id":"https:\/\/www.klb-koetztal.de\/fr\/produkt\/chemoresin-cr-920-el\/#breadcrumb","itemListElement":[{"@type":"ListItem","position":1,"name":"Startseite","item":"https:\/\/www.klb-koetztal.de\/fr\/"},{"@type":"ListItem","position":2,"name":"CHEMORESIN CR 920 EL+"}]},{"@type":"WebSite","@id":"https:\/\/www.klb-koetztal.de\/fr\/#website","url":"https:\/\/www.klb-koetztal.de\/fr\/","name":"KLB K\u00f6tztal","description":"Gute B\u00f6den haben ein System.","potentialAction":[{"@type":"SearchAction","target":{"@type":"EntryPoint","urlTemplate":"https:\/\/www.klb-koetztal.de\/fr\/?s={search_term_string}"},"query-input":{"@type":"PropertyValueSpecification","valueRequired":true,"valueName":"search_term_string"}}],"inLanguage":"fr-FR"}]}},"_links":{"self":[{"href":"https:\/\/www.klb-koetztal.de\/fr\/wp-json\/wp\/v2\/product\/56214","targetHints":{"allow":["GET"]}}],"collection":[{"href":"https:\/\/www.klb-koetztal.de\/fr\/wp-json\/wp\/v2\/product"}],"about":[{"href":"https:\/\/www.klb-koetztal.de\/fr\/wp-json\/wp\/v2\/types\/product"}],"wp:featuredmedia":[{"embeddable":true,"href":"https:\/\/www.klb-koetztal.de\/fr\/wp-json\/wp\/v2\/media\/62083"}],"wp:attachment":[{"href":"https:\/\/www.klb-koetztal.de\/fr\/wp-json\/wp\/v2\/media?parent=56214"}],"wp:term":[{"taxonomy":"product_brand","embeddable":true,"href":"https:\/\/www.klb-koetztal.de\/fr\/wp-json\/wp\/v2\/product_brand?post=56214"},{"taxonomy":"product_cat","embeddable":true,"href":"https:\/\/www.klb-koetztal.de\/fr\/wp-json\/wp\/v2\/product_cat?post=56214"},{"taxonomy":"product_tag","embeddable":true,"href":"https:\/\/www.klb-koetztal.de\/fr\/wp-json\/wp\/v2\/product_tag?post=56214"}],"curies":[{"name":"wp","href":"https:\/\/api.w.org\/{rel}","templated":true}]}}