{"id":51146,"date":"2022-05-05T08:44:02","date_gmt":"2022-05-05T06:44:02","guid":{"rendered":"https:\/\/www.klb-koetztal.de\/produkt\/klb-system-particolor-metalize\/"},"modified":"2026-04-10T13:21:41","modified_gmt":"2026-04-10T11:21:41","slug":"klb-system-particolor-metalize","status":"publish","type":"product","link":"https:\/\/www.klb-koetztal.de\/fr\/produkt\/klb-system-particolor-metalize\/","title":{"rendered":"KLB-SYSTEM partiColor\u00ae-Metalize"},"content":{"rendered":"","protected":false},"excerpt":{"rendered":"<p>Pigments color\u00e9s pour la conception de rev\u00eatements de sol Metalize.<br \/>\nSeulement&#160;les couleurs bleu, bronze, or, vert, poivre, rouge et argent sont disponible (voir le tableau des couleurs) !<\/p>\n","protected":false},"featured_media":51147,"template":"","meta":{"_acf_changed":false},"product_brand":[],"product_cat":[10143,10054],"product_tag":[],"class_list":{"0":"post-51146","1":"product","2":"type-product","3":"status-publish","4":"has-post-thumbnail","6":"product_cat-matieres-de-remplissage-sable-quartzeux-materiau-de-sablage-epaississant_pigments-et-paillettes-particolor","7":"product_cat-matieres-de-remplissage-sable-quartzeux-materiau-de-sablage-epaississant","9":"first","10":"instock","11":"shipping-taxable","12":"product-type-simple"},"acf":{"product_header":{"module_product_header":{"":null,"prototype_headline":{"headline":"KLB-SYSTEM partiColor\u00ae-Metalize","h1":true,"subheadline":"Pigments nacr\u00e9s color\u00e9s pour la conception de rev\u00eatements de sol Metalize","anchor":"","url":""},"grid_text_slider":false,"grid_text_content":[{"text":"<p class=\"product-short-title\" style=\"text-align: center;\"><strong>Br\u00e8ve description<\/strong><\/p>\n<p>Pigments color\u00e9s pour la conception de rev\u00eatements de sol Metalize.<\/p>\n<p>Seulement&#160;les couleurs bleu, bronze, or, vert, poivre, rouge et argent sont disponible (voir le tableau des couleurs) !<\/p>\n","width":"4","background_color_text":"bg-white","border_color":"border-gray-light"},{"text":"<p class=\"product-sicing-title\" style=\"text-align: center;\"><strong>Unit\u00e9s d'emballage<\/strong><\/p>\n<ul>\n<li>ZG1025-92 &#8211; Seau &#8211; Blue 1,00 kg<\/li>\n<li>ZG1022-92 &#8211; Seau &#8211; Bronze 1,00 kg<\/li>\n<li>ZG1020-92 &#8211; Seau &#8211; Gold 1,00 kg<\/li>\n<li>ZG1027-92 &#8211; Seau &#8211; Green 1,00 kg<\/li>\n<li>ZG1023-92 &#8211; Seau &#8211; Pepper 1,00 kg<\/li>\n<li>ZG1026-92 &#8211; Seau &#8211; Red 1,00 kg<\/li>\n<li>ZG1021-92 &#8211; Seau &#8211; Silver 1,00 kg<\/li>\n<\/ul>\n<p><\/p>\n<p>N&rsquo;h\u00e9sitez pas \u00e0 contacter directement pour toute demande concernant des quantit\u00e9s de livraison ou des unit\u00e9s de conditionnement plus importantes.<\/p>\n\n","width":"4","background_color_text":"bg-white","border_color":"border-gray-light"},{"text":"<p class=\"product-attr-title\" style=\"text-align: center;\"><strong>Propri\u00e9t\u00e9s<\/strong><\/p>\n<ul><\/ul>\n","width":"4","background_color_text":"bg-white","border_color":"border-gray-light"}],"background_color":"bg-none","background_color_content":"bg-none"}},"downloads":{"module_download_list":{"inhalt":null,"downloads":[{"download":false,"filename":"Fiche de donn\u00e9es de s\u00e9curit\u00e9","protected":true,"doclang":"FR","externalkey":"Sicherheitsdatenblatt","docpos":"3"},{"download":{"ID":51149,"id":51149,"title":"Nuanciers FR","filename":"Metalize-Farbkarte_2020_FR.pdf","filesize":249609,"url":"https:\/\/www.klb-koetztal.de\/app\/uploads\/2022\/05\/Metalize-Farbkarte_2020_FR.pdf","link":"https:\/\/www.klb-koetztal.de\/fr\/?attachment_id=51149","alt":"","author":"7","description":"","caption":"","name":"metalize-farbkarte_2020_fr","status":"inherit","uploaded_to":0,"date":"2022-05-05 06:44:06","modified":"2026-04-10 11:21:49","menu_order":0,"mime_type":"application\/pdf","type":"application","subtype":"pdf","icon":"https:\/\/www.klb-koetztal.de\/wp\/wp-includes\/images\/media\/document.png"},"filename":"Nuanciers FR","protected":false,"doclang":"FR","externalkey":"Farbkarten","docpos":"3"}],"einstellungen":null,"background_color":"bg-none","background_color_content":"bg-none"}},"included_in_systems":{"module_included_in_systems":{"":null,"background_color":"bg-gray-medium","background_color_content":"bg-none"}},"contact":{"module_contact":{"":null,"background_color":"bg-none","background_color_content":"bg-none"}},"ausschreibende":{"module_ausschreibende":{"andern_sie_den_inhalt_unter_universelle_elemente":null,"background_color":"bg-none","background_color_content":"bg-none"}}},"yoast_head":"<!-- This site is optimized with the Yoast SEO plugin v27.0 - https:\/\/yoast.com\/product\/yoast-seo-wordpress\/ -->\n<title>Pigment sp\u00e9cial pour rev\u00eatements m\u00e9talliques - Metalize | KLB<\/title>\n<meta name=\"description\" content=\"partiColor-Metalize Pigment sp\u00e9cial pour les rev\u00eatements de sol \u00e0 l&#039;aspect m\u00e9tallique. Sol en r\u00e9sine synth\u00e9tique scintillant et hautement d\u00e9coratif | KLB\" \/>\n<meta name=\"robots\" content=\"noindex, follow, max-snippet:-1, max-image-preview:large, max-video-preview:-1\" \/>\n<meta property=\"og:locale\" content=\"fr_FR\" \/>\n<meta property=\"og:type\" content=\"article\" \/>\n<meta property=\"og:title\" content=\"Pigment sp\u00e9cial pour rev\u00eatements m\u00e9talliques - Metalize | KLB\" \/>\n<meta property=\"og:description\" content=\"partiColor-Metalize Pigment sp\u00e9cial pour les rev\u00eatements de sol \u00e0 l&#039;aspect m\u00e9tallique. Sol en r\u00e9sine synth\u00e9tique scintillant et hautement d\u00e9coratif | KLB\" \/>\n<meta property=\"og:url\" content=\"https:\/\/www.klb-koetztal.de\/fr\/produkt\/klb-system-particolor-metalize\/\" \/>\n<meta property=\"og:site_name\" content=\"KLB K\u00f6tztal\" \/>\n<meta property=\"article:publisher\" content=\"https:\/\/www.facebook.com\/klbkoetztal\" \/>\n<meta property=\"article:modified_time\" content=\"2026-04-10T11:21:41+00:00\" \/>\n<meta property=\"og:image\" content=\"https:\/\/www.klb-koetztal.de\/app\/uploads\/2022\/05\/Metalize-Colors_KLB-DECOR-Metallic_Bodenbeschichtung_Dekorbelag_Glitzer.jpg\" \/>\n\t<meta property=\"og:image:width\" content=\"1000\" \/>\n\t<meta property=\"og:image:height\" content=\"1000\" \/>\n\t<meta property=\"og:image:type\" content=\"image\/jpeg\" \/>\n<meta name=\"twitter:card\" content=\"summary_large_image\" \/>\n<script type=\"application\/ld+json\" class=\"yoast-schema-graph\">{\"@context\":\"https:\/\/schema.org\",\"@graph\":[{\"@type\":\"WebPage\",\"@id\":\"https:\/\/www.klb-koetztal.de\/fr\/produkt\/klb-system-particolor-metalize\/\",\"url\":\"https:\/\/www.klb-koetztal.de\/fr\/produkt\/klb-system-particolor-metalize\/\",\"name\":\"Pigment sp\u00e9cial pour rev\u00eatements m\u00e9talliques - Metalize | KLB\",\"isPartOf\":{\"@id\":\"https:\/\/www.klb-koetztal.de\/fr\/#website\"},\"primaryImageOfPage\":{\"@id\":\"https:\/\/www.klb-koetztal.de\/fr\/produkt\/klb-system-particolor-metalize\/#primaryimage\"},\"image\":{\"@id\":\"https:\/\/www.klb-koetztal.de\/fr\/produkt\/klb-system-particolor-metalize\/#primaryimage\"},\"thumbnailUrl\":\"https:\/\/www.klb-koetztal.de\/app\/uploads\/2022\/05\/Metalize-Colors_KLB-DECOR-Metallic_Bodenbeschichtung_Dekorbelag_Glitzer.jpg\",\"datePublished\":\"2022-05-05T06:44:02+00:00\",\"dateModified\":\"2026-04-10T11:21:41+00:00\",\"description\":\"partiColor-Metalize Pigment sp\u00e9cial pour les rev\u00eatements de sol \u00e0 l'aspect m\u00e9tallique. Sol en r\u00e9sine synth\u00e9tique scintillant et hautement d\u00e9coratif | KLB\",\"breadcrumb\":{\"@id\":\"https:\/\/www.klb-koetztal.de\/fr\/produkt\/klb-system-particolor-metalize\/#breadcrumb\"},\"inLanguage\":\"fr-FR\",\"potentialAction\":[{\"@type\":\"ReadAction\",\"target\":[\"https:\/\/www.klb-koetztal.de\/fr\/produkt\/klb-system-particolor-metalize\/\"]}]},{\"@type\":\"ImageObject\",\"inLanguage\":\"fr-FR\",\"@id\":\"https:\/\/www.klb-koetztal.de\/fr\/produkt\/klb-system-particolor-metalize\/#primaryimage\",\"url\":\"https:\/\/www.klb-koetztal.de\/app\/uploads\/2022\/05\/Metalize-Colors_KLB-DECOR-Metallic_Bodenbeschichtung_Dekorbelag_Glitzer.jpg\",\"contentUrl\":\"https:\/\/www.klb-koetztal.de\/app\/uploads\/2022\/05\/Metalize-Colors_KLB-DECOR-Metallic_Bodenbeschichtung_Dekorbelag_Glitzer.jpg\",\"width\":1000,\"height\":1000},{\"@type\":\"BreadcrumbList\",\"@id\":\"https:\/\/www.klb-koetztal.de\/fr\/produkt\/klb-system-particolor-metalize\/#breadcrumb\",\"itemListElement\":[{\"@type\":\"ListItem\",\"position\":1,\"name\":\"Startseite\",\"item\":\"https:\/\/www.klb-koetztal.de\/fr\/\"},{\"@type\":\"ListItem\",\"position\":2,\"name\":\"KLB-SYSTEM partiColor\u00ae-Metalize\"}]},{\"@type\":\"WebSite\",\"@id\":\"https:\/\/www.klb-koetztal.de\/fr\/#website\",\"url\":\"https:\/\/www.klb-koetztal.de\/fr\/\",\"name\":\"KLB K\u00f6tztal\",\"description\":\"Gute B\u00f6den haben ein System.\",\"potentialAction\":[{\"@type\":\"SearchAction\",\"target\":{\"@type\":\"EntryPoint\",\"urlTemplate\":\"https:\/\/www.klb-koetztal.de\/fr\/?s={search_term_string}\"},\"query-input\":{\"@type\":\"PropertyValueSpecification\",\"valueRequired\":true,\"valueName\":\"search_term_string\"}}],\"inLanguage\":\"fr-FR\"}]}<\/script>\n<!-- \/ Yoast SEO plugin. -->","yoast_head_json":{"title":"Pigment sp\u00e9cial pour rev\u00eatements m\u00e9talliques - Metalize | KLB","description":"partiColor-Metalize Pigment sp\u00e9cial pour les rev\u00eatements de sol \u00e0 l'aspect m\u00e9tallique. Sol en r\u00e9sine synth\u00e9tique scintillant et hautement d\u00e9coratif | KLB","robots":{"index":"noindex","follow":"follow","max-snippet":"max-snippet:-1","max-image-preview":"max-image-preview:large","max-video-preview":"max-video-preview:-1"},"og_locale":"fr_FR","og_type":"article","og_title":"Pigment sp\u00e9cial pour rev\u00eatements m\u00e9talliques - Metalize | KLB","og_description":"partiColor-Metalize Pigment sp\u00e9cial pour les rev\u00eatements de sol \u00e0 l'aspect m\u00e9tallique. Sol en r\u00e9sine synth\u00e9tique scintillant et hautement d\u00e9coratif | KLB","og_url":"https:\/\/www.klb-koetztal.de\/fr\/produkt\/klb-system-particolor-metalize\/","og_site_name":"KLB K\u00f6tztal","article_publisher":"https:\/\/www.facebook.com\/klbkoetztal","article_modified_time":"2026-04-10T11:21:41+00:00","og_image":[{"width":1000,"height":1000,"url":"https:\/\/www.klb-koetztal.de\/app\/uploads\/2022\/05\/Metalize-Colors_KLB-DECOR-Metallic_Bodenbeschichtung_Dekorbelag_Glitzer.jpg","type":"image\/jpeg"}],"twitter_card":"summary_large_image","schema":{"@context":"https:\/\/schema.org","@graph":[{"@type":"WebPage","@id":"https:\/\/www.klb-koetztal.de\/fr\/produkt\/klb-system-particolor-metalize\/","url":"https:\/\/www.klb-koetztal.de\/fr\/produkt\/klb-system-particolor-metalize\/","name":"Pigment sp\u00e9cial pour rev\u00eatements m\u00e9talliques - Metalize | KLB","isPartOf":{"@id":"https:\/\/www.klb-koetztal.de\/fr\/#website"},"primaryImageOfPage":{"@id":"https:\/\/www.klb-koetztal.de\/fr\/produkt\/klb-system-particolor-metalize\/#primaryimage"},"image":{"@id":"https:\/\/www.klb-koetztal.de\/fr\/produkt\/klb-system-particolor-metalize\/#primaryimage"},"thumbnailUrl":"https:\/\/www.klb-koetztal.de\/app\/uploads\/2022\/05\/Metalize-Colors_KLB-DECOR-Metallic_Bodenbeschichtung_Dekorbelag_Glitzer.jpg","datePublished":"2022-05-05T06:44:02+00:00","dateModified":"2026-04-10T11:21:41+00:00","description":"partiColor-Metalize Pigment sp\u00e9cial pour les rev\u00eatements de sol \u00e0 l'aspect m\u00e9tallique. Sol en r\u00e9sine synth\u00e9tique scintillant et hautement d\u00e9coratif | KLB","breadcrumb":{"@id":"https:\/\/www.klb-koetztal.de\/fr\/produkt\/klb-system-particolor-metalize\/#breadcrumb"},"inLanguage":"fr-FR","potentialAction":[{"@type":"ReadAction","target":["https:\/\/www.klb-koetztal.de\/fr\/produkt\/klb-system-particolor-metalize\/"]}]},{"@type":"ImageObject","inLanguage":"fr-FR","@id":"https:\/\/www.klb-koetztal.de\/fr\/produkt\/klb-system-particolor-metalize\/#primaryimage","url":"https:\/\/www.klb-koetztal.de\/app\/uploads\/2022\/05\/Metalize-Colors_KLB-DECOR-Metallic_Bodenbeschichtung_Dekorbelag_Glitzer.jpg","contentUrl":"https:\/\/www.klb-koetztal.de\/app\/uploads\/2022\/05\/Metalize-Colors_KLB-DECOR-Metallic_Bodenbeschichtung_Dekorbelag_Glitzer.jpg","width":1000,"height":1000},{"@type":"BreadcrumbList","@id":"https:\/\/www.klb-koetztal.de\/fr\/produkt\/klb-system-particolor-metalize\/#breadcrumb","itemListElement":[{"@type":"ListItem","position":1,"name":"Startseite","item":"https:\/\/www.klb-koetztal.de\/fr\/"},{"@type":"ListItem","position":2,"name":"KLB-SYSTEM partiColor\u00ae-Metalize"}]},{"@type":"WebSite","@id":"https:\/\/www.klb-koetztal.de\/fr\/#website","url":"https:\/\/www.klb-koetztal.de\/fr\/","name":"KLB K\u00f6tztal","description":"Gute B\u00f6den haben ein System.","potentialAction":[{"@type":"SearchAction","target":{"@type":"EntryPoint","urlTemplate":"https:\/\/www.klb-koetztal.de\/fr\/?s={search_term_string}"},"query-input":{"@type":"PropertyValueSpecification","valueRequired":true,"valueName":"search_term_string"}}],"inLanguage":"fr-FR"}]}},"_links":{"self":[{"href":"https:\/\/www.klb-koetztal.de\/fr\/wp-json\/wp\/v2\/product\/51146","targetHints":{"allow":["GET"]}}],"collection":[{"href":"https:\/\/www.klb-koetztal.de\/fr\/wp-json\/wp\/v2\/product"}],"about":[{"href":"https:\/\/www.klb-koetztal.de\/fr\/wp-json\/wp\/v2\/types\/product"}],"wp:featuredmedia":[{"embeddable":true,"href":"https:\/\/www.klb-koetztal.de\/fr\/wp-json\/wp\/v2\/media\/51147"}],"wp:attachment":[{"href":"https:\/\/www.klb-koetztal.de\/fr\/wp-json\/wp\/v2\/media?parent=51146"}],"wp:term":[{"taxonomy":"product_brand","embeddable":true,"href":"https:\/\/www.klb-koetztal.de\/fr\/wp-json\/wp\/v2\/product_brand?post=51146"},{"taxonomy":"product_cat","embeddable":true,"href":"https:\/\/www.klb-koetztal.de\/fr\/wp-json\/wp\/v2\/product_cat?post=51146"},{"taxonomy":"product_tag","embeddable":true,"href":"https:\/\/www.klb-koetztal.de\/fr\/wp-json\/wp\/v2\/product_tag?post=51146"}],"curies":[{"name":"wp","href":"https:\/\/api.w.org\/{rel}","templated":true}]}}