{"id":50488,"date":"2022-03-14T11:22:50","date_gmt":"2022-03-14T10:22:50","guid":{"rendered":"https:\/\/dev.klb-koetztal.de\/produkt\/klb-system-epoxid-ep-99-el\/"},"modified":"2026-04-01T12:07:19","modified_gmt":"2026-04-01T10:07:19","slug":"klb-system-epoxid-ep-99-el","status":"publish","type":"product","link":"https:\/\/www.klb-koetztal.de\/fr\/produkt\/klb-system-epoxid-ep-99-el\/","title":{"rendered":"KLB-SYSTEM EPOXID EP 99 EL+"},"content":{"rendered":"","protected":false},"excerpt":{"rendered":"<p>R\u00e9sine de rev\u00eatement \u00e9poxy \u00e0 2 composants, \u00e9lectro-dissipatrice et pigment\u00e9e&#160;pour la pr\u00e9paration de sols RX appropri\u00e9s pour la protection DES et antid\u00e9flagrante. L&rsquo;utilisation dans le&#160;syst\u00e8me avec du sable mix\u00e9 KLB-Mischsand 3\/1 et les sables color\u00e9s CQS-47xxAS permet de r\u00e9aliser des rev\u00eatements d\u00e9coratifs d&rsquo;une grande fonctionnalit\u00e9 et robustesse.<\/p>\n","protected":false},"featured_media":50489,"template":"","meta":{"_acf_changed":false},"product_brand":[],"product_cat":[10042,10064],"product_tag":[],"class_list":{"0":"post-50488","1":"product","2":"type-product","3":"status-publish","4":"has-post-thumbnail","6":"product_cat-revetements","7":"product_cat-revetements_revetements-dissipateurs-protection-individuelle-et-antideflagrante","9":"first","10":"instock","11":"shipping-taxable","12":"product-type-simple"},"acf":{"product_header":{"module_product_header":{"":null,"prototype_headline":{"headline":"KLB-SYSTEM EPOXID EP 99 EL+","h1":true,"subheadline":"R\u00e9sine \u00e9poxy \u00e0 2 composants,&#160;\u00e9lectro-dissipatrice, color\u00e9e et remplissable&#160;pour la pr\u00e9paration de&#160;rev\u00eatements RX antid\u00e9rapants et saupoudr\u00e9s avec du sable color\u00e9","anchor":"","url":""},"grid_text_slider":false,"grid_text_content":[{"text":"<p class=\"product-short-title\" style=\"text-align: center;\"><strong>Br\u00e8ve description<\/strong><\/p>\n<p>R\u00e9sine de rev\u00eatement \u00e9poxy \u00e0 2 composants, \u00e9lectro-dissipatrice et pigment\u00e9e&#160;pour la pr\u00e9paration de sols RX appropri\u00e9s pour la protection DES et antid\u00e9flagrante. L&rsquo;utilisation dans le&#160;syst\u00e8me avec du sable mix\u00e9 KLB-Mischsand 3\/1 et les sables color\u00e9s CQS-47xxAS permet de r\u00e9aliser des rev\u00eatements d\u00e9coratifs d&rsquo;une grande fonctionnalit\u00e9 et robustesse.<\/p>\n","width":"4","background_color_text":"bg-white","border_color":"border-gray-light"},{"text":"<p class=\"product-sicing-title\" style=\"text-align: center;\"><strong>Unit\u00e9s d'emballage<\/strong><\/p>\n<ul>\n<li>AK2163-50 &#8211; Combinaison Hobbock 10,00 kg<\/li>\n<li>AK2163-30 &#8211; Combinaison Hobbock 30,00 kg<\/li>\n<\/ul>\n<p><\/p>\n<p>N&rsquo;h\u00e9sitez pas \u00e0 contacter directement pour toute demande concernant des quantit\u00e9s de livraison ou des unit\u00e9s de conditionnement plus importantes.<\/p>\n\n","width":"4","background_color_text":"bg-white","border_color":"border-gray-light"},{"text":"<p class=\"product-attr-title\" style=\"text-align: center;\"><strong>Propri\u00e9t\u00e9s<\/strong><\/p>\n<ul>\n<li>\u00e9lectro-dissipateur<\/li>\n<li>tr\u00e8s \u00e9conomique<\/li>\n<li>bonne capacit\u00e9 de remplissage<\/li>\n<li>r\u00e9sistance \u00e9quilibre<\/li>\n<li>stable \u00e0 l&rsquo;hydrolyse et \u00e0 la saponification<\/li>\n<li>Total Solid selon GISCODE (m\u00e9thode d&rsquo;essai de \u00ab Deutsche Bauchemie \u00bb, l&rsquo;association all. pour la chimie de construction)<\/li>\n<li>r\u00e9sistant \u00e0 l&rsquo;abrasion et \u00e0 l&rsquo;usure<\/li>\n<\/ul>\n","width":"4","background_color_text":"bg-white","border_color":"border-gray-light"}],"background_color":"bg-none","background_color_content":"bg-none"}},"downloads":{"module_download_list":{"inhalt":null,"downloads":[{"download":{"ID":67166,"id":67166,"title":"EP_99_EL_plus_PI_fr_2025_08-1","filename":"EP_99_EL_plus_PI_fr_2025_08-1.pdf","filesize":2040592,"url":"https:\/\/www.klb-koetztal.de\/app\/uploads\/2025\/08\/EP_99_EL_plus_PI_fr_2025_08-1.pdf","link":"https:\/\/www.klb-koetztal.de\/fr\/?attachment_id=67166","alt":"","author":"7","description":"","caption":"","name":"ep_99_el_plus_pi_fr_2025_08-1-2","status":"inherit","uploaded_to":0,"date":"2025-08-25 06:30:46","modified":"2025-08-25 06:30:46","menu_order":0,"mime_type":"application\/pdf","type":"application","subtype":"pdf","icon":"https:\/\/www.klb-koetztal.de\/wp\/wp-includes\/images\/media\/document.png"},"filename":"Information produit","protected":false,"doclang":"FR","externalkey":"Produktinformation","docpos":"3"},{"download":{"ID":50490,"id":50490,"title":"Leistungserkl\u00e4rung - Statement of performance","filename":"EP99EL_LE_09-2020.pdf","filesize":262947,"url":"https:\/\/www.klb-koetztal.de\/app\/uploads\/2022\/03\/EP99EL_LE_09-2020.pdf","link":"https:\/\/www.klb-koetztal.de\/fr\/?attachment_id=50490","alt":"","author":"7","description":"","caption":"","name":"ep99el_le_09-2020","status":"inherit","uploaded_to":0,"date":"2022-03-14 10:22:54","modified":"2026-04-01 10:07:26","menu_order":0,"mime_type":"application\/pdf","type":"application","subtype":"pdf","icon":"https:\/\/www.klb-koetztal.de\/wp\/wp-includes\/images\/media\/document.png"},"filename":"D\u00e9claration de performance","protected":false,"doclang":"Multi","externalkey":"Leistungserklaerung","docpos":"50"},{"download":{"ID":51918,"id":51918,"title":"EP99_EL_plus_Umwelt-Deklaration_2022-08","filename":"EP99_EL_plus_Umwelt-Deklaration_2022-08.pdf","filesize":2902137,"url":"https:\/\/www.klb-koetztal.de\/app\/uploads\/2022\/09\/EP99_EL_plus_Umwelt-Deklaration_2022-08.pdf","link":"https:\/\/www.klb-koetztal.de\/fr\/?attachment_id=51918","alt":"","author":"7","description":"","caption":"","name":"ep99_el_plus_umwelt-deklaration_2022-08-2","status":"inherit","uploaded_to":0,"date":"2022-09-01 06:45:21","modified":"2022-09-01 06:45:21","menu_order":0,"mime_type":"application\/pdf","type":"application","subtype":"pdf","icon":"https:\/\/www.klb-koetztal.de\/wp\/wp-includes\/images\/media\/document.png"},"filename":"D\u00e9clarations de produit environnemental (EPD)","protected":false,"doclang":"Multi","externalkey":"Umweltproduktdeklaration","docpos":"50"},{"download":false,"filename":"Fiche de donn\u00e9es de s\u00e9curit\u00e9","protected":true,"doclang":"FR","externalkey":"Sicherheitsdatenblatt","docpos":"3"}],"einstellungen":null,"background_color":"bg-none","background_color_content":"bg-none"}},"included_in_systems":{"module_included_in_systems":{"":null,"background_color":"bg-gray-medium","background_color_content":"bg-none"}},"contact":{"module_contact":{"":null,"background_color":"bg-none","background_color_content":"bg-none"}},"ausschreibende":{"module_ausschreibende":{"andern_sie_den_inhalt_unter_universelle_elemente":null,"background_color":"bg-none","background_color_content":"bg-none"}}},"yoast_head":"<!-- This site is optimized with the Yoast SEO plugin v27.0 - https:\/\/yoast.com\/product\/yoast-seo-wordpress\/ -->\n<title>Rev\u00eatement de sol conducteur, sans solvant EP 99 EL+ | KLB<\/title>\n<meta name=\"description\" content=\"Rev\u00eatement en r\u00e9sine \u00e9poxy \u00e0 2 composants, antistatique, r\u00e9silient EP 99 EL+ | KLB rev\u00eatements de sol \u2714\ufe0f DES et antid\u00e9flagrante, antid\u00e9rapance R11\/R12\" \/>\n<meta name=\"robots\" content=\"noindex, follow, max-snippet:-1, max-image-preview:large, max-video-preview:-1\" \/>\n<meta property=\"og:locale\" content=\"fr_FR\" \/>\n<meta property=\"og:type\" content=\"article\" \/>\n<meta property=\"og:title\" content=\"Rev\u00eatement de sol conducteur, sans solvant EP 99 EL+ | KLB\" \/>\n<meta property=\"og:description\" content=\"Rev\u00eatement en r\u00e9sine \u00e9poxy \u00e0 2 composants, antistatique, r\u00e9silient EP 99 EL+ | KLB rev\u00eatements de sol \u2714\ufe0f DES et antid\u00e9flagrante, antid\u00e9rapance R11\/R12\" \/>\n<meta property=\"og:url\" content=\"https:\/\/www.klb-koetztal.de\/fr\/produkt\/klb-system-epoxid-ep-99-el\/\" \/>\n<meta property=\"og:site_name\" content=\"KLB K\u00f6tztal\" \/>\n<meta property=\"article:publisher\" content=\"https:\/\/www.facebook.com\/klbkoetztal\" \/>\n<meta property=\"article:modified_time\" content=\"2026-04-01T10:07:19+00:00\" \/>\n<meta property=\"og:image\" content=\"https:\/\/www.klb-koetztal.de\/app\/uploads\/2022\/03\/EP99EL_500px.jpg\" \/>\n\t<meta property=\"og:image:width\" content=\"500\" \/>\n\t<meta property=\"og:image:height\" content=\"500\" \/>\n\t<meta property=\"og:image:type\" content=\"image\/jpeg\" \/>\n<meta name=\"twitter:card\" content=\"summary_large_image\" \/>\n<script type=\"application\/ld+json\" class=\"yoast-schema-graph\">{\"@context\":\"https:\/\/schema.org\",\"@graph\":[{\"@type\":\"WebPage\",\"@id\":\"https:\/\/www.klb-koetztal.de\/fr\/produkt\/klb-system-epoxid-ep-99-el\/\",\"url\":\"https:\/\/www.klb-koetztal.de\/fr\/produkt\/klb-system-epoxid-ep-99-el\/\",\"name\":\"Rev\u00eatement de sol conducteur, sans solvant EP 99 EL+ | KLB\",\"isPartOf\":{\"@id\":\"https:\/\/www.klb-koetztal.de\/fr\/#website\"},\"primaryImageOfPage\":{\"@id\":\"https:\/\/www.klb-koetztal.de\/fr\/produkt\/klb-system-epoxid-ep-99-el\/#primaryimage\"},\"image\":{\"@id\":\"https:\/\/www.klb-koetztal.de\/fr\/produkt\/klb-system-epoxid-ep-99-el\/#primaryimage\"},\"thumbnailUrl\":\"https:\/\/www.klb-koetztal.de\/app\/uploads\/2022\/03\/EP99EL_500px.jpg\",\"datePublished\":\"2022-03-14T10:22:50+00:00\",\"dateModified\":\"2026-04-01T10:07:19+00:00\",\"description\":\"Rev\u00eatement en r\u00e9sine \u00e9poxy \u00e0 2 composants, antistatique, r\u00e9silient EP 99 EL+ | KLB rev\u00eatements de sol \u2714\ufe0f DES et antid\u00e9flagrante, antid\u00e9rapance R11\/R12\",\"breadcrumb\":{\"@id\":\"https:\/\/www.klb-koetztal.de\/fr\/produkt\/klb-system-epoxid-ep-99-el\/#breadcrumb\"},\"inLanguage\":\"fr-FR\",\"potentialAction\":[{\"@type\":\"ReadAction\",\"target\":[\"https:\/\/www.klb-koetztal.de\/fr\/produkt\/klb-system-epoxid-ep-99-el\/\"]}]},{\"@type\":\"ImageObject\",\"inLanguage\":\"fr-FR\",\"@id\":\"https:\/\/www.klb-koetztal.de\/fr\/produkt\/klb-system-epoxid-ep-99-el\/#primaryimage\",\"url\":\"https:\/\/www.klb-koetztal.de\/app\/uploads\/2022\/03\/EP99EL_500px.jpg\",\"contentUrl\":\"https:\/\/www.klb-koetztal.de\/app\/uploads\/2022\/03\/EP99EL_500px.jpg\",\"width\":500,\"height\":500},{\"@type\":\"BreadcrumbList\",\"@id\":\"https:\/\/www.klb-koetztal.de\/fr\/produkt\/klb-system-epoxid-ep-99-el\/#breadcrumb\",\"itemListElement\":[{\"@type\":\"ListItem\",\"position\":1,\"name\":\"Startseite\",\"item\":\"https:\/\/www.klb-koetztal.de\/fr\/\"},{\"@type\":\"ListItem\",\"position\":2,\"name\":\"KLB-SYSTEM EPOXID EP 99 EL+\"}]},{\"@type\":\"WebSite\",\"@id\":\"https:\/\/www.klb-koetztal.de\/fr\/#website\",\"url\":\"https:\/\/www.klb-koetztal.de\/fr\/\",\"name\":\"KLB K\u00f6tztal\",\"description\":\"Gute B\u00f6den haben ein System.\",\"potentialAction\":[{\"@type\":\"SearchAction\",\"target\":{\"@type\":\"EntryPoint\",\"urlTemplate\":\"https:\/\/www.klb-koetztal.de\/fr\/?s={search_term_string}\"},\"query-input\":{\"@type\":\"PropertyValueSpecification\",\"valueRequired\":true,\"valueName\":\"search_term_string\"}}],\"inLanguage\":\"fr-FR\"}]}<\/script>\n<!-- \/ Yoast SEO plugin. -->","yoast_head_json":{"title":"Rev\u00eatement de sol conducteur, sans solvant EP 99 EL+ | KLB","description":"Rev\u00eatement en r\u00e9sine \u00e9poxy \u00e0 2 composants, antistatique, r\u00e9silient EP 99 EL+ | KLB rev\u00eatements de sol \u2714\ufe0f DES et antid\u00e9flagrante, antid\u00e9rapance R11\/R12","robots":{"index":"noindex","follow":"follow","max-snippet":"max-snippet:-1","max-image-preview":"max-image-preview:large","max-video-preview":"max-video-preview:-1"},"og_locale":"fr_FR","og_type":"article","og_title":"Rev\u00eatement de sol conducteur, sans solvant EP 99 EL+ | KLB","og_description":"Rev\u00eatement en r\u00e9sine \u00e9poxy \u00e0 2 composants, antistatique, r\u00e9silient EP 99 EL+ | KLB rev\u00eatements de sol \u2714\ufe0f DES et antid\u00e9flagrante, antid\u00e9rapance R11\/R12","og_url":"https:\/\/www.klb-koetztal.de\/fr\/produkt\/klb-system-epoxid-ep-99-el\/","og_site_name":"KLB K\u00f6tztal","article_publisher":"https:\/\/www.facebook.com\/klbkoetztal","article_modified_time":"2026-04-01T10:07:19+00:00","og_image":[{"width":500,"height":500,"url":"https:\/\/www.klb-koetztal.de\/app\/uploads\/2022\/03\/EP99EL_500px.jpg","type":"image\/jpeg"}],"twitter_card":"summary_large_image","schema":{"@context":"https:\/\/schema.org","@graph":[{"@type":"WebPage","@id":"https:\/\/www.klb-koetztal.de\/fr\/produkt\/klb-system-epoxid-ep-99-el\/","url":"https:\/\/www.klb-koetztal.de\/fr\/produkt\/klb-system-epoxid-ep-99-el\/","name":"Rev\u00eatement de sol conducteur, sans solvant EP 99 EL+ | KLB","isPartOf":{"@id":"https:\/\/www.klb-koetztal.de\/fr\/#website"},"primaryImageOfPage":{"@id":"https:\/\/www.klb-koetztal.de\/fr\/produkt\/klb-system-epoxid-ep-99-el\/#primaryimage"},"image":{"@id":"https:\/\/www.klb-koetztal.de\/fr\/produkt\/klb-system-epoxid-ep-99-el\/#primaryimage"},"thumbnailUrl":"https:\/\/www.klb-koetztal.de\/app\/uploads\/2022\/03\/EP99EL_500px.jpg","datePublished":"2022-03-14T10:22:50+00:00","dateModified":"2026-04-01T10:07:19+00:00","description":"Rev\u00eatement en r\u00e9sine \u00e9poxy \u00e0 2 composants, antistatique, r\u00e9silient EP 99 EL+ | KLB rev\u00eatements de sol \u2714\ufe0f DES et antid\u00e9flagrante, antid\u00e9rapance R11\/R12","breadcrumb":{"@id":"https:\/\/www.klb-koetztal.de\/fr\/produkt\/klb-system-epoxid-ep-99-el\/#breadcrumb"},"inLanguage":"fr-FR","potentialAction":[{"@type":"ReadAction","target":["https:\/\/www.klb-koetztal.de\/fr\/produkt\/klb-system-epoxid-ep-99-el\/"]}]},{"@type":"ImageObject","inLanguage":"fr-FR","@id":"https:\/\/www.klb-koetztal.de\/fr\/produkt\/klb-system-epoxid-ep-99-el\/#primaryimage","url":"https:\/\/www.klb-koetztal.de\/app\/uploads\/2022\/03\/EP99EL_500px.jpg","contentUrl":"https:\/\/www.klb-koetztal.de\/app\/uploads\/2022\/03\/EP99EL_500px.jpg","width":500,"height":500},{"@type":"BreadcrumbList","@id":"https:\/\/www.klb-koetztal.de\/fr\/produkt\/klb-system-epoxid-ep-99-el\/#breadcrumb","itemListElement":[{"@type":"ListItem","position":1,"name":"Startseite","item":"https:\/\/www.klb-koetztal.de\/fr\/"},{"@type":"ListItem","position":2,"name":"KLB-SYSTEM EPOXID EP 99 EL+"}]},{"@type":"WebSite","@id":"https:\/\/www.klb-koetztal.de\/fr\/#website","url":"https:\/\/www.klb-koetztal.de\/fr\/","name":"KLB K\u00f6tztal","description":"Gute B\u00f6den haben ein System.","potentialAction":[{"@type":"SearchAction","target":{"@type":"EntryPoint","urlTemplate":"https:\/\/www.klb-koetztal.de\/fr\/?s={search_term_string}"},"query-input":{"@type":"PropertyValueSpecification","valueRequired":true,"valueName":"search_term_string"}}],"inLanguage":"fr-FR"}]}},"_links":{"self":[{"href":"https:\/\/www.klb-koetztal.de\/fr\/wp-json\/wp\/v2\/product\/50488","targetHints":{"allow":["GET"]}}],"collection":[{"href":"https:\/\/www.klb-koetztal.de\/fr\/wp-json\/wp\/v2\/product"}],"about":[{"href":"https:\/\/www.klb-koetztal.de\/fr\/wp-json\/wp\/v2\/types\/product"}],"wp:featuredmedia":[{"embeddable":true,"href":"https:\/\/www.klb-koetztal.de\/fr\/wp-json\/wp\/v2\/media\/50489"}],"wp:attachment":[{"href":"https:\/\/www.klb-koetztal.de\/fr\/wp-json\/wp\/v2\/media?parent=50488"}],"wp:term":[{"taxonomy":"product_brand","embeddable":true,"href":"https:\/\/www.klb-koetztal.de\/fr\/wp-json\/wp\/v2\/product_brand?post=50488"},{"taxonomy":"product_cat","embeddable":true,"href":"https:\/\/www.klb-koetztal.de\/fr\/wp-json\/wp\/v2\/product_cat?post=50488"},{"taxonomy":"product_tag","embeddable":true,"href":"https:\/\/www.klb-koetztal.de\/fr\/wp-json\/wp\/v2\/product_tag?post=50488"}],"curies":[{"name":"wp","href":"https:\/\/api.w.org\/{rel}","templated":true}]}}