{"id":50429,"date":"2022-03-14T11:20:46","date_gmt":"2022-03-14T10:20:46","guid":{"rendered":"https:\/\/dev.klb-koetztal.de\/produkt\/klb-system-polyurethan-pu-812-e-r10\/"},"modified":"2026-04-01T12:18:58","modified_gmt":"2026-04-01T10:18:58","slug":"klb-system-polyurethan-pu-812-e-r10","status":"publish","type":"product","link":"https:\/\/www.klb-koetztal.de\/fr\/produkt\/klb-system-polyurethan-pu-812-e-r10\/","title":{"rendered":"KLB-SYSTEM POLYURETHAN PU 812 E &#8211; R10"},"content":{"rendered":"","protected":false},"excerpt":{"rendered":"<p>Scellement&#160;pigment\u00e9, \u00e0 faible \u00e9mission, stable \u00e0 la lumi\u00e8re et \u00e0 base d&rsquo;un syst\u00e8me de dispersion en polyur\u00e9thane de haute qualit\u00e9 avec une facilit\u00e9 de mise en \u0153uvre. Le scellement peut \u00eatre utilis\u00e9 comme scellement final mat et color\u00e9 sur les rev\u00eatements&#160;et enduits et pr\u00e9sente une tr\u00e8s faible susceptibilit\u00e9 aux taches ;&#160;ajust\u00e9&#160;dans la classe d&rsquo;antid\u00e9rapance R10 (R9 est&#160;\u00e9galement possible).<br \/>\nConvient aux rev\u00eatements conformes aux certifications&#160;Eurofins \u00ab&#160;Indoor Air Comfort&#160;\u00bb&#160;et \u00ab Gold \u00bb. Conforme \u00e0 l&rsquo;AgBB,&#160;avec le certificat&#160;EMICODE EC1 Plus.<\/p>\n","protected":false},"featured_media":50430,"template":"","meta":{"_acf_changed":false},"product_brand":[],"product_cat":[10038,10056],"product_tag":[],"class_list":{"0":"post-50429","1":"product","2":"type-product","3":"status-publish","4":"has-post-thumbnail","6":"product_cat-scellements-impregnations","7":"product_cat-scellements-impregnations_scellements-en-polyurethane-a-2-composants-emulsionnes-a-leau","9":"first","10":"instock","11":"shipping-taxable","12":"product-type-simple"},"acf":{"product_header":{"module_product_header":{"":null,"prototype_headline":{"headline":"KLB-SYSTEM POLYURETHAN PU 812 E - R10","h1":true,"subheadline":"Scellement \u00e0 base de polyur\u00e9thane \u00e0 2 composants, antid\u00e9rapant, pigment\u00e9, \u00e0 faible \u00e9mission, respectueux de l'environnement, stable \u00e0 la lumi\u00e8re, avec un aspect mat tr\u00e8s attrayant et une bonne r\u00e9sistance aux taches pour les rev\u00eatements de sol avec une r\u00e9sistance au glissement d\u00e9finie de R10&#160;","anchor":"","url":""},"grid_text_slider":false,"grid_text_content":[{"text":"<p class=\"product-short-title\" style=\"text-align: center;\"><strong>Br\u00e8ve description<\/strong><\/p>\n<p>Scellement&#160;pigment\u00e9, \u00e0 faible \u00e9mission, stable \u00e0 la lumi\u00e8re et \u00e0 base d&rsquo;un syst\u00e8me de dispersion en polyur\u00e9thane de haute qualit\u00e9 avec une facilit\u00e9 de mise en \u0153uvre. Le scellement peut \u00eatre utilis\u00e9 comme scellement final mat et color\u00e9 sur les rev\u00eatements&#160;et enduits et pr\u00e9sente une tr\u00e8s faible susceptibilit\u00e9 aux taches ;&#160;ajust\u00e9&#160;dans la classe d&rsquo;antid\u00e9rapance R10 (R9 est&#160;\u00e9galement possible).<\/p>\n<p>Convient aux rev\u00eatements conformes aux certifications&#160;Eurofins \u00ab&#160;Indoor Air Comfort&#160;\u00bb&#160;et \u00ab Gold \u00bb. Conforme \u00e0 l&rsquo;AgBB,&#160;avec le certificat&#160;EMICODE EC1 Plus.<\/p>\n","width":"4","background_color_text":"bg-white","border_color":"border-gray-light"},{"text":"<p class=\"product-sicing-title\" style=\"text-align: center;\"><strong>Unit\u00e9s d'emballage<\/strong><\/p>\n<ul>\n<li>AK6529-70 &#8211; Emballage en kit 5,25 kg<\/li>\n<li>AK6529-40 &#8211; Emballage en kit 10,50 kg<\/li>\n<\/ul>\n<p><\/p>\n<p>N&rsquo;h\u00e9sitez pas \u00e0 contacter directement pour toute demande concernant des quantit\u00e9s de livraison ou des unit\u00e9s de conditionnement plus importantes.<\/p>\n\n","width":"4","background_color_text":"bg-white","border_color":"border-gray-light"},{"text":"<p class=\"product-attr-title\" style=\"text-align: center;\"><strong>Propri\u00e9t\u00e9s<\/strong><\/p>\n<ul>\n<li>certifi\u00e9 selon EMICODE\u00ae  EC 1PLUS<\/li>\n<li>\u00e0 tr\u00e8s faible \u00e9mission<\/li>\n<li>inodore<\/li>\n<li>respectueux de l&rsquo;environnement<\/li>\n<li>surface homog\u00e8ne<\/li>\n<li>satin\u00e9 mat<\/li>\n<li>perm\u00e9able \u00e0 la vapeur d&rsquo;eau<\/li>\n<li>utilisation simple<\/li>\n<li>tr\u00e8s haute adh\u00e9rence<\/li>\n<li>grande opacit\u00e9<\/li>\n<li>r\u00e9sistant \u00e0 l&rsquo;abrasion et \u00e0 l&rsquo;usure<\/li>\n<\/ul>\n","width":"4","background_color_text":"bg-white","border_color":"border-gray-light"}],"background_color":"bg-none","background_color_content":"bg-none"}},"downloads":{"module_download_list":{"inhalt":null,"downloads":[{"download":{"ID":69463,"id":69463,"title":"PU_812_E_R10_PI_fr_2026_03-1","filename":"PU_812_E_R10_PI_fr_2026_03-1.pdf","filesize":1222544,"url":"https:\/\/www.klb-koetztal.de\/app\/uploads\/2026\/03\/PU_812_E_R10_PI_fr_2026_03-1.pdf","link":"https:\/\/www.klb-koetztal.de\/fr\/?attachment_id=69463","alt":"","author":"7","description":"","caption":"","name":"pu_812_e_r10_pi_fr_2026_03-1-2","status":"inherit","uploaded_to":0,"date":"2026-03-16 13:25:19","modified":"2026-03-16 13:25:19","menu_order":0,"mime_type":"application\/pdf","type":"application","subtype":"pdf","icon":"https:\/\/www.klb-koetztal.de\/wp\/wp-includes\/images\/media\/document.png"},"filename":"Information produit","protected":false,"doclang":"FR","externalkey":"Produktinformation","docpos":"3"},{"download":{"ID":49508,"id":49508,"title":"Leistungserkl\u00e4rung - Statement of performance","filename":"PU812E_LE_06-2020.pdf","filesize":202636,"url":"https:\/\/www.klb-koetztal.de\/app\/uploads\/2022\/03\/PU812E_LE_06-2020.pdf","link":"https:\/\/www.klb-koetztal.de\/fr\/?attachment_id=49508","alt":"","author":"7","description":"","caption":"","name":"pu812e_le_06-2020","status":"inherit","uploaded_to":0,"date":"2022-03-14 09:57:49","modified":"2026-04-01 10:19:06","menu_order":0,"mime_type":"application\/pdf","type":"application","subtype":"pdf","icon":"https:\/\/www.klb-koetztal.de\/wp\/wp-includes\/images\/media\/document.png"},"filename":"D\u00e9claration de performance","protected":false,"doclang":"Multi","externalkey":"Leistungserklaerung","docpos":"50"},{"download":{"ID":51284,"id":51284,"title":"EPD-Information","filename":"PU812E_R10_Umwelt-Deklaration_2022-06.pdf","filesize":2569109,"url":"https:\/\/www.klb-koetztal.de\/app\/uploads\/2022\/06\/PU812E_R10_Umwelt-Deklaration_2022-06.pdf","link":"https:\/\/www.klb-koetztal.de\/fr\/?attachment_id=51284","alt":"","author":"7","description":"","caption":"","name":"pu812e_r10_umwelt-deklaration_2022-06","status":"inherit","uploaded_to":0,"date":"2022-06-23 13:43:38","modified":"2026-04-01 10:19:11","menu_order":0,"mime_type":"application\/pdf","type":"application","subtype":"pdf","icon":"https:\/\/www.klb-koetztal.de\/wp\/wp-includes\/images\/media\/document.png"},"filename":"D\u00e9clarations de produit environnemental (EPD)","protected":false,"doclang":"Multi","externalkey":"Umweltproduktdeklaration","docpos":"50"},{"download":false,"filename":"Fiche de donn\u00e9es de s\u00e9curit\u00e9","protected":true,"doclang":"FR","externalkey":"Sicherheitsdatenblatt","docpos":"3"}],"einstellungen":null,"background_color":"bg-none","background_color_content":"bg-none"}},"included_in_systems":{"module_included_in_systems":{"":null,"background_color":"bg-gray-medium","background_color_content":"bg-none"}},"contact":{"module_contact":{"":null,"background_color":"bg-none","background_color_content":"bg-none"}},"ausschreibende":{"module_ausschreibende":{"andern_sie_den_inhalt_unter_universelle_elemente":null,"background_color":"bg-none","background_color_content":"bg-none"}}},"yoast_head":"<!-- This site is optimized with the Yoast SEO plugin v27.0 - https:\/\/yoast.com\/product\/yoast-seo-wordpress\/ -->\n<title>Finition de t\u00eate PU 812 E-R10 faible COV, stable UV | KLB<\/title>\n<meta name=\"description\" content=\"Scellement PU 812 E-R10 antid\u00e9rapant, \u00e9cologique, peu sensible aux taches avec faible \u00e9missions | KLB \u2714\ufe0f AgBB-conforme, EMICODE, Eurofins\" \/>\n<meta name=\"robots\" content=\"noindex, follow, max-snippet:-1, max-image-preview:large, max-video-preview:-1\" \/>\n<meta property=\"og:locale\" content=\"fr_FR\" \/>\n<meta property=\"og:type\" content=\"article\" \/>\n<meta property=\"og:title\" content=\"Finition de t\u00eate PU 812 E-R10 faible COV, stable UV | KLB\" \/>\n<meta property=\"og:description\" content=\"Scellement PU 812 E-R10 antid\u00e9rapant, \u00e9cologique, peu sensible aux taches avec faible \u00e9missions | KLB \u2714\ufe0f AgBB-conforme, EMICODE, Eurofins\" \/>\n<meta property=\"og:url\" content=\"https:\/\/www.klb-koetztal.de\/fr\/produkt\/klb-system-polyurethan-pu-812-e-r10\/\" \/>\n<meta property=\"og:site_name\" content=\"KLB K\u00f6tztal\" \/>\n<meta property=\"article:publisher\" content=\"https:\/\/www.facebook.com\/klbkoetztal\" \/>\n<meta property=\"article:modified_time\" content=\"2026-04-01T10:18:58+00:00\" \/>\n<meta property=\"og:image\" content=\"https:\/\/www.klb-koetztal.de\/app\/uploads\/2022\/03\/PU812-E-R10_600px_Kombi.jpg\" \/>\n\t<meta property=\"og:image:width\" content=\"600\" \/>\n\t<meta property=\"og:image:height\" content=\"600\" \/>\n\t<meta property=\"og:image:type\" content=\"image\/jpeg\" \/>\n<meta name=\"twitter:card\" content=\"summary_large_image\" \/>\n<script type=\"application\/ld+json\" class=\"yoast-schema-graph\">{\"@context\":\"https:\/\/schema.org\",\"@graph\":[{\"@type\":\"WebPage\",\"@id\":\"https:\/\/www.klb-koetztal.de\/fr\/produkt\/klb-system-polyurethan-pu-812-e-r10\/\",\"url\":\"https:\/\/www.klb-koetztal.de\/fr\/produkt\/klb-system-polyurethan-pu-812-e-r10\/\",\"name\":\"Finition de t\u00eate PU 812 E-R10 faible COV, stable UV | KLB\",\"isPartOf\":{\"@id\":\"https:\/\/www.klb-koetztal.de\/fr\/#website\"},\"primaryImageOfPage\":{\"@id\":\"https:\/\/www.klb-koetztal.de\/fr\/produkt\/klb-system-polyurethan-pu-812-e-r10\/#primaryimage\"},\"image\":{\"@id\":\"https:\/\/www.klb-koetztal.de\/fr\/produkt\/klb-system-polyurethan-pu-812-e-r10\/#primaryimage\"},\"thumbnailUrl\":\"https:\/\/www.klb-koetztal.de\/app\/uploads\/2022\/03\/PU812-E-R10_600px_Kombi.jpg\",\"datePublished\":\"2022-03-14T10:20:46+00:00\",\"dateModified\":\"2026-04-01T10:18:58+00:00\",\"description\":\"Scellement PU 812 E-R10 antid\u00e9rapant, \u00e9cologique, peu sensible aux taches avec faible \u00e9missions | KLB \u2714\ufe0f AgBB-conforme, EMICODE, Eurofins\",\"breadcrumb\":{\"@id\":\"https:\/\/www.klb-koetztal.de\/fr\/produkt\/klb-system-polyurethan-pu-812-e-r10\/#breadcrumb\"},\"inLanguage\":\"fr-FR\",\"potentialAction\":[{\"@type\":\"ReadAction\",\"target\":[\"https:\/\/www.klb-koetztal.de\/fr\/produkt\/klb-system-polyurethan-pu-812-e-r10\/\"]}]},{\"@type\":\"ImageObject\",\"inLanguage\":\"fr-FR\",\"@id\":\"https:\/\/www.klb-koetztal.de\/fr\/produkt\/klb-system-polyurethan-pu-812-e-r10\/#primaryimage\",\"url\":\"https:\/\/www.klb-koetztal.de\/app\/uploads\/2022\/03\/PU812-E-R10_600px_Kombi.jpg\",\"contentUrl\":\"https:\/\/www.klb-koetztal.de\/app\/uploads\/2022\/03\/PU812-E-R10_600px_Kombi.jpg\",\"width\":600,\"height\":600},{\"@type\":\"BreadcrumbList\",\"@id\":\"https:\/\/www.klb-koetztal.de\/fr\/produkt\/klb-system-polyurethan-pu-812-e-r10\/#breadcrumb\",\"itemListElement\":[{\"@type\":\"ListItem\",\"position\":1,\"name\":\"Startseite\",\"item\":\"https:\/\/www.klb-koetztal.de\/fr\/\"},{\"@type\":\"ListItem\",\"position\":2,\"name\":\"KLB-SYSTEM POLYURETHAN PU 812 E &#8211; R10\"}]},{\"@type\":\"WebSite\",\"@id\":\"https:\/\/www.klb-koetztal.de\/fr\/#website\",\"url\":\"https:\/\/www.klb-koetztal.de\/fr\/\",\"name\":\"KLB K\u00f6tztal\",\"description\":\"Gute B\u00f6den haben ein System.\",\"potentialAction\":[{\"@type\":\"SearchAction\",\"target\":{\"@type\":\"EntryPoint\",\"urlTemplate\":\"https:\/\/www.klb-koetztal.de\/fr\/?s={search_term_string}\"},\"query-input\":{\"@type\":\"PropertyValueSpecification\",\"valueRequired\":true,\"valueName\":\"search_term_string\"}}],\"inLanguage\":\"fr-FR\"}]}<\/script>\n<!-- \/ Yoast SEO plugin. -->","yoast_head_json":{"title":"Finition de t\u00eate PU 812 E-R10 faible COV, stable UV | KLB","description":"Scellement PU 812 E-R10 antid\u00e9rapant, \u00e9cologique, peu sensible aux taches avec faible \u00e9missions | KLB \u2714\ufe0f AgBB-conforme, EMICODE, Eurofins","robots":{"index":"noindex","follow":"follow","max-snippet":"max-snippet:-1","max-image-preview":"max-image-preview:large","max-video-preview":"max-video-preview:-1"},"og_locale":"fr_FR","og_type":"article","og_title":"Finition de t\u00eate PU 812 E-R10 faible COV, stable UV | KLB","og_description":"Scellement PU 812 E-R10 antid\u00e9rapant, \u00e9cologique, peu sensible aux taches avec faible \u00e9missions | KLB \u2714\ufe0f AgBB-conforme, EMICODE, Eurofins","og_url":"https:\/\/www.klb-koetztal.de\/fr\/produkt\/klb-system-polyurethan-pu-812-e-r10\/","og_site_name":"KLB K\u00f6tztal","article_publisher":"https:\/\/www.facebook.com\/klbkoetztal","article_modified_time":"2026-04-01T10:18:58+00:00","og_image":[{"width":600,"height":600,"url":"https:\/\/www.klb-koetztal.de\/app\/uploads\/2022\/03\/PU812-E-R10_600px_Kombi.jpg","type":"image\/jpeg"}],"twitter_card":"summary_large_image","schema":{"@context":"https:\/\/schema.org","@graph":[{"@type":"WebPage","@id":"https:\/\/www.klb-koetztal.de\/fr\/produkt\/klb-system-polyurethan-pu-812-e-r10\/","url":"https:\/\/www.klb-koetztal.de\/fr\/produkt\/klb-system-polyurethan-pu-812-e-r10\/","name":"Finition de t\u00eate PU 812 E-R10 faible COV, stable UV | KLB","isPartOf":{"@id":"https:\/\/www.klb-koetztal.de\/fr\/#website"},"primaryImageOfPage":{"@id":"https:\/\/www.klb-koetztal.de\/fr\/produkt\/klb-system-polyurethan-pu-812-e-r10\/#primaryimage"},"image":{"@id":"https:\/\/www.klb-koetztal.de\/fr\/produkt\/klb-system-polyurethan-pu-812-e-r10\/#primaryimage"},"thumbnailUrl":"https:\/\/www.klb-koetztal.de\/app\/uploads\/2022\/03\/PU812-E-R10_600px_Kombi.jpg","datePublished":"2022-03-14T10:20:46+00:00","dateModified":"2026-04-01T10:18:58+00:00","description":"Scellement PU 812 E-R10 antid\u00e9rapant, \u00e9cologique, peu sensible aux taches avec faible \u00e9missions | KLB \u2714\ufe0f AgBB-conforme, EMICODE, Eurofins","breadcrumb":{"@id":"https:\/\/www.klb-koetztal.de\/fr\/produkt\/klb-system-polyurethan-pu-812-e-r10\/#breadcrumb"},"inLanguage":"fr-FR","potentialAction":[{"@type":"ReadAction","target":["https:\/\/www.klb-koetztal.de\/fr\/produkt\/klb-system-polyurethan-pu-812-e-r10\/"]}]},{"@type":"ImageObject","inLanguage":"fr-FR","@id":"https:\/\/www.klb-koetztal.de\/fr\/produkt\/klb-system-polyurethan-pu-812-e-r10\/#primaryimage","url":"https:\/\/www.klb-koetztal.de\/app\/uploads\/2022\/03\/PU812-E-R10_600px_Kombi.jpg","contentUrl":"https:\/\/www.klb-koetztal.de\/app\/uploads\/2022\/03\/PU812-E-R10_600px_Kombi.jpg","width":600,"height":600},{"@type":"BreadcrumbList","@id":"https:\/\/www.klb-koetztal.de\/fr\/produkt\/klb-system-polyurethan-pu-812-e-r10\/#breadcrumb","itemListElement":[{"@type":"ListItem","position":1,"name":"Startseite","item":"https:\/\/www.klb-koetztal.de\/fr\/"},{"@type":"ListItem","position":2,"name":"KLB-SYSTEM POLYURETHAN PU 812 E &#8211; R10"}]},{"@type":"WebSite","@id":"https:\/\/www.klb-koetztal.de\/fr\/#website","url":"https:\/\/www.klb-koetztal.de\/fr\/","name":"KLB K\u00f6tztal","description":"Gute B\u00f6den haben ein System.","potentialAction":[{"@type":"SearchAction","target":{"@type":"EntryPoint","urlTemplate":"https:\/\/www.klb-koetztal.de\/fr\/?s={search_term_string}"},"query-input":{"@type":"PropertyValueSpecification","valueRequired":true,"valueName":"search_term_string"}}],"inLanguage":"fr-FR"}]}},"_links":{"self":[{"href":"https:\/\/www.klb-koetztal.de\/fr\/wp-json\/wp\/v2\/product\/50429","targetHints":{"allow":["GET"]}}],"collection":[{"href":"https:\/\/www.klb-koetztal.de\/fr\/wp-json\/wp\/v2\/product"}],"about":[{"href":"https:\/\/www.klb-koetztal.de\/fr\/wp-json\/wp\/v2\/types\/product"}],"wp:featuredmedia":[{"embeddable":true,"href":"https:\/\/www.klb-koetztal.de\/fr\/wp-json\/wp\/v2\/media\/50430"}],"wp:attachment":[{"href":"https:\/\/www.klb-koetztal.de\/fr\/wp-json\/wp\/v2\/media?parent=50429"}],"wp:term":[{"taxonomy":"product_brand","embeddable":true,"href":"https:\/\/www.klb-koetztal.de\/fr\/wp-json\/wp\/v2\/product_brand?post=50429"},{"taxonomy":"product_cat","embeddable":true,"href":"https:\/\/www.klb-koetztal.de\/fr\/wp-json\/wp\/v2\/product_cat?post=50429"},{"taxonomy":"product_tag","embeddable":true,"href":"https:\/\/www.klb-koetztal.de\/fr\/wp-json\/wp\/v2\/product_tag?post=50429"}],"curies":[{"name":"wp","href":"https:\/\/api.w.org\/{rel}","templated":true}]}}