{"id":50372,"date":"2022-03-14T11:15:58","date_gmt":"2022-03-14T10:15:58","guid":{"rendered":"https:\/\/dev.klb-koetztal.de\/produkt\/klb-system-epoxid-ep-724-e-haftgrund-super\/"},"modified":"2026-04-01T12:45:59","modified_gmt":"2026-04-01T10:45:59","slug":"klb-system-epoxid-ep-724-e-haftgrund-super","status":"publish","type":"product","link":"https:\/\/www.klb-koetztal.de\/fr\/produkt\/klb-system-epoxid-ep-724-e-haftgrund-super\/","title":{"rendered":"KLB-SYSTEM EPOXID EP 724 E Haftgrund Super"},"content":{"rendered":"","protected":false},"excerpt":{"rendered":"<p>Primaire en r\u00e9sine \u00e9poxy bicomposante, contenant&#160;de l\u2019eau et&#160;\u00e0 faible \u00e9missions avec une large gamme de propri\u00e9t\u00e9s d&rsquo;adh\u00e9rence sur les divers&#160;substrats neufs ou anciens (p.ex. m\u00e9tal, sols c\u00e9ramiques, rev\u00eatements existants,&#160;etc.) Appropri\u00e9 comme couche de fond et racl\u00e9e, \u00e9galement sur les rev\u00eatements perm\u00e9ables \u00e0 la vapeur, tel&#160;que&#160;l&rsquo;EP 785 HS.&#160;Diluable \u00e0 l&rsquo;eau en fonction de l&rsquo;application. Test\u00e9 selon EC1 Plus.<\/p>\n","protected":false},"featured_media":50373,"template":"","meta":{"_acf_changed":false},"product_brand":[],"product_cat":[10040,10063,10042,10057],"product_tag":[],"class_list":{"0":"post-50372","1":"product","2":"type-product","3":"status-publish","4":"has-post-thumbnail","6":"product_cat-couches-de-fond","7":"product_cat-couches-de-fond_couches-de-fond-en-resine-epoxyde-a-2-composants-a-faible-emission-et-a-base-deau","8":"product_cat-revetements","9":"product_cat-revetements_revetements-et-scellements-permeables-a-la-diffusion-de-vapeur","11":"first","12":"instock","13":"shipping-taxable","14":"product-type-simple"},"acf":{"product_header":{"module_product_header":{"":null,"prototype_headline":{"headline":"KLB-SYSTEM EPOXID EP 724 E Haftgrund Super","h1":true,"subheadline":"Primaire et liant en r\u00e9sine \u00e9poxy bicomposante&#160;\u00e0 base d\u2019eau, pauvre en COV et&#160;conforme \u00e0 l'AgBB&#160;pour les couches racl\u00e9es avec une large gamme de propri\u00e9t\u00e9s d'adh\u00e9sion sur divers&#160;substrats (m\u00e9tal, c\u00e9ramique, etc.). Certifi\u00e9 avec l'\u00e9tiquette EMICODE EC1 Plus.","anchor":"","url":""},"grid_text_slider":false,"grid_text_content":[{"text":"<p class=\"product-short-title\" style=\"text-align: center;\"><strong>Br\u00e8ve description<\/strong><\/p>\n<p>Primaire en r\u00e9sine \u00e9poxy bicomposante, contenant&#160;de l\u2019eau et&#160;\u00e0 faible \u00e9missions avec une large gamme de propri\u00e9t\u00e9s d&rsquo;adh\u00e9rence sur les divers&#160;substrats neufs ou anciens (p.ex. m\u00e9tal, sols c\u00e9ramiques, rev\u00eatements existants,&#160;etc.) Appropri\u00e9 comme couche de fond et racl\u00e9e, \u00e9galement sur les rev\u00eatements perm\u00e9ables \u00e0 la vapeur, tel&#160;que&#160;l&rsquo;EP 785 HS.&#160;Diluable \u00e0 l&rsquo;eau en fonction de l&rsquo;application. Test\u00e9 selon EC1 Plus.<\/p>\n","width":"4","background_color_text":"bg-white","border_color":"border-gray-light"},{"text":"<p class=\"product-sicing-title\" style=\"text-align: center;\"><strong>Unit\u00e9s d'emballage<\/strong><\/p>\n<ul>\n<li>AK2803-60 &#8211; Emballage combin\u00e9 9,00 kg<\/li>\n<li>AK2803-40 &#8211; Emballage combin\u00e9 18,00 kg<\/li>\n<\/ul>\n<p><\/p>\n<p>N&rsquo;h\u00e9sitez pas \u00e0 contacter directement pour toute demande concernant des quantit\u00e9s de livraison ou des unit\u00e9s de conditionnement plus importantes.<\/p>\n\n","width":"4","background_color_text":"bg-white","border_color":"border-gray-light"},{"text":"<p class=\"product-attr-title\" style=\"text-align: center;\"><strong>Propri\u00e9t\u00e9s<\/strong><\/p>\n<ul>\n<li>qualit\u00e9 contr\u00f4l\u00e9e, \u00e0 faible \u00e9mission<\/li>\n<li>certifi\u00e9 selon EMICODE\u00ae  EC 1PLUS<\/li>\n<li>total Solid selon GISCODE<\/li>\n<li>utilisation simple<\/li>\n<li>tr\u00e8s haute adh\u00e9rence<\/li>\n<li>perm\u00e9able \u00e0 la vapeur d&rsquo;eau<\/li>\n<li>stable \u00e0 l&rsquo;hydrolyse et \u00e0 la saponification<\/li>\n<li>respectueux de l&rsquo;environnement<\/li>\n<\/ul>\n","width":"4","background_color_text":"bg-white","border_color":"border-gray-light"}],"background_color":"bg-none","background_color_content":"bg-none"}},"downloads":{"module_download_list":{"inhalt":null,"downloads":[{"download":{"ID":67649,"id":67649,"title":"EP_724_E_PI_fr_2025_10","filename":"EP_724_E_PI_fr_2025_10.pdf","filesize":1262368,"url":"https:\/\/www.klb-koetztal.de\/app\/uploads\/2025\/10\/EP_724_E_PI_fr_2025_10.pdf","link":"https:\/\/www.klb-koetztal.de\/fr\/?attachment_id=67649","alt":"","author":"7","description":"","caption":"","name":"ep_724_e_pi_fr_2025_10-2","status":"inherit","uploaded_to":0,"date":"2025-10-06 09:10:56","modified":"2025-10-06 09:10:56","menu_order":0,"mime_type":"application\/pdf","type":"application","subtype":"pdf","icon":"https:\/\/www.klb-koetztal.de\/wp\/wp-includes\/images\/media\/document.png"},"filename":"Information produit","protected":false,"doclang":"FR","externalkey":"Produktinformation","docpos":"3"},{"download":{"ID":50374,"id":50374,"title":"Leistungserkl\u00e4rung - Statement of performance","filename":"EP724E_Haftgrund_Super_LE_2021-02.pdf","filesize":207189,"url":"https:\/\/www.klb-koetztal.de\/app\/uploads\/2022\/03\/EP724E_Haftgrund_Super_LE_2021-02.pdf","link":"https:\/\/www.klb-koetztal.de\/fr\/?attachment_id=50374","alt":"","author":"7","description":"","caption":"","name":"ep724e_haftgrund_super_le_2021-02","status":"inherit","uploaded_to":0,"date":"2022-03-14 10:16:01","modified":"2026-04-01 10:46:08","menu_order":0,"mime_type":"application\/pdf","type":"application","subtype":"pdf","icon":"https:\/\/www.klb-koetztal.de\/wp\/wp-includes\/images\/media\/document.png"},"filename":"D\u00e9claration de performance","protected":false,"doclang":"Multi","externalkey":"Leistungserklaerung","docpos":"50"},{"download":{"ID":52029,"id":52029,"title":"EP724_E_Haftgrund_Super_Umwelt-Deklaration_2022-08","filename":"EP724_E_Haftgrund_Super_Umwelt-Deklaration_2022-08.pdf","filesize":2343749,"url":"https:\/\/www.klb-koetztal.de\/app\/uploads\/2022\/09\/EP724_E_Haftgrund_Super_Umwelt-Deklaration_2022-08.pdf","link":"https:\/\/www.klb-koetztal.de\/fr\/?attachment_id=52029","alt":"","author":"7","description":"","caption":"","name":"ep724_e_haftgrund_super_umwelt-deklaration_2022-08-2","status":"inherit","uploaded_to":0,"date":"2022-09-01 11:10:41","modified":"2022-09-01 11:10:41","menu_order":0,"mime_type":"application\/pdf","type":"application","subtype":"pdf","icon":"https:\/\/www.klb-koetztal.de\/wp\/wp-includes\/images\/media\/document.png"},"filename":"D\u00e9clarations de produit environnemental (EPD)","protected":false,"doclang":"Multi","externalkey":"Umweltproduktdeklaration","docpos":"50"},{"download":false,"filename":"Fiche de donn\u00e9es de s\u00e9curit\u00e9","protected":true,"doclang":"FR","externalkey":"Sicherheitsdatenblatt","docpos":"3"}],"einstellungen":null,"background_color":"bg-none","background_color_content":"bg-none"}},"included_in_systems":{"module_included_in_systems":{"":null,"background_color":"bg-gray-medium","background_color_content":"bg-none"}},"contact":{"module_contact":{"":null,"background_color":"bg-none","background_color_content":"bg-none"}},"ausschreibende":{"module_ausschreibende":{"andern_sie_den_inhalt_unter_universelle_elemente":null,"background_color":"bg-none","background_color_content":"bg-none"}}},"yoast_head":"<!-- This site is optimized with the Yoast SEO plugin v27.0 - https:\/\/yoast.com\/product\/yoast-seo-wordpress\/ -->\n<title>Primaire bicomp. EP 724 E \u00e9cologique | KLB K\u00f6tztal<\/title>\n<meta name=\"description\" content=\"Couche de base et liant EP 724 E faible en \u00e9missions, bien adh\u00e9rent, bicomp. pour rev\u00eatements perm\u00e9ables | KLB rev\u00eatements industriels \u2714\ufe0f AgBB conforme\" \/>\n<meta name=\"robots\" content=\"noindex, follow, max-snippet:-1, max-image-preview:large, max-video-preview:-1\" \/>\n<meta property=\"og:locale\" content=\"fr_FR\" \/>\n<meta property=\"og:type\" content=\"article\" \/>\n<meta property=\"og:title\" content=\"Primaire bicomp. EP 724 E \u00e9cologique | KLB K\u00f6tztal\" \/>\n<meta property=\"og:description\" content=\"Couche de base et liant EP 724 E faible en \u00e9missions, bien adh\u00e9rent, bicomp. pour rev\u00eatements perm\u00e9ables | KLB rev\u00eatements industriels \u2714\ufe0f AgBB conforme\" \/>\n<meta property=\"og:url\" content=\"https:\/\/www.klb-koetztal.de\/fr\/produkt\/klb-system-epoxid-ep-724-e-haftgrund-super\/\" \/>\n<meta property=\"og:site_name\" content=\"KLB K\u00f6tztal\" \/>\n<meta property=\"article:publisher\" content=\"https:\/\/www.facebook.com\/klbkoetztal\" \/>\n<meta property=\"article:modified_time\" content=\"2026-04-01T10:45:59+00:00\" \/>\n<meta property=\"og:image\" content=\"https:\/\/www.klb-koetztal.de\/app\/uploads\/2022\/03\/EP724E.jpg\" \/>\n\t<meta property=\"og:image:width\" content=\"500\" \/>\n\t<meta property=\"og:image:height\" content=\"500\" \/>\n\t<meta property=\"og:image:type\" content=\"image\/jpeg\" \/>\n<meta name=\"twitter:card\" content=\"summary_large_image\" \/>\n<script type=\"application\/ld+json\" class=\"yoast-schema-graph\">{\"@context\":\"https:\/\/schema.org\",\"@graph\":[{\"@type\":\"WebPage\",\"@id\":\"https:\/\/www.klb-koetztal.de\/fr\/produkt\/klb-system-epoxid-ep-724-e-haftgrund-super\/\",\"url\":\"https:\/\/www.klb-koetztal.de\/fr\/produkt\/klb-system-epoxid-ep-724-e-haftgrund-super\/\",\"name\":\"Primaire bicomp. EP 724 E \u00e9cologique | KLB K\u00f6tztal\",\"isPartOf\":{\"@id\":\"https:\/\/www.klb-koetztal.de\/fr\/#website\"},\"primaryImageOfPage\":{\"@id\":\"https:\/\/www.klb-koetztal.de\/fr\/produkt\/klb-system-epoxid-ep-724-e-haftgrund-super\/#primaryimage\"},\"image\":{\"@id\":\"https:\/\/www.klb-koetztal.de\/fr\/produkt\/klb-system-epoxid-ep-724-e-haftgrund-super\/#primaryimage\"},\"thumbnailUrl\":\"https:\/\/www.klb-koetztal.de\/app\/uploads\/2022\/03\/EP724E.jpg\",\"datePublished\":\"2022-03-14T10:15:58+00:00\",\"dateModified\":\"2026-04-01T10:45:59+00:00\",\"description\":\"Couche de base et liant EP 724 E faible en \u00e9missions, bien adh\u00e9rent, bicomp. pour rev\u00eatements perm\u00e9ables | KLB rev\u00eatements industriels \u2714\ufe0f AgBB conforme\",\"breadcrumb\":{\"@id\":\"https:\/\/www.klb-koetztal.de\/fr\/produkt\/klb-system-epoxid-ep-724-e-haftgrund-super\/#breadcrumb\"},\"inLanguage\":\"fr-FR\",\"potentialAction\":[{\"@type\":\"ReadAction\",\"target\":[\"https:\/\/www.klb-koetztal.de\/fr\/produkt\/klb-system-epoxid-ep-724-e-haftgrund-super\/\"]}]},{\"@type\":\"ImageObject\",\"inLanguage\":\"fr-FR\",\"@id\":\"https:\/\/www.klb-koetztal.de\/fr\/produkt\/klb-system-epoxid-ep-724-e-haftgrund-super\/#primaryimage\",\"url\":\"https:\/\/www.klb-koetztal.de\/app\/uploads\/2022\/03\/EP724E.jpg\",\"contentUrl\":\"https:\/\/www.klb-koetztal.de\/app\/uploads\/2022\/03\/EP724E.jpg\",\"width\":500,\"height\":500},{\"@type\":\"BreadcrumbList\",\"@id\":\"https:\/\/www.klb-koetztal.de\/fr\/produkt\/klb-system-epoxid-ep-724-e-haftgrund-super\/#breadcrumb\",\"itemListElement\":[{\"@type\":\"ListItem\",\"position\":1,\"name\":\"Startseite\",\"item\":\"https:\/\/www.klb-koetztal.de\/fr\/\"},{\"@type\":\"ListItem\",\"position\":2,\"name\":\"KLB-SYSTEM EPOXID EP 724 E Haftgrund Super\"}]},{\"@type\":\"WebSite\",\"@id\":\"https:\/\/www.klb-koetztal.de\/fr\/#website\",\"url\":\"https:\/\/www.klb-koetztal.de\/fr\/\",\"name\":\"KLB K\u00f6tztal\",\"description\":\"Gute B\u00f6den haben ein System.\",\"potentialAction\":[{\"@type\":\"SearchAction\",\"target\":{\"@type\":\"EntryPoint\",\"urlTemplate\":\"https:\/\/www.klb-koetztal.de\/fr\/?s={search_term_string}\"},\"query-input\":{\"@type\":\"PropertyValueSpecification\",\"valueRequired\":true,\"valueName\":\"search_term_string\"}}],\"inLanguage\":\"fr-FR\"}]}<\/script>\n<!-- \/ Yoast SEO plugin. -->","yoast_head_json":{"title":"Primaire bicomp. EP 724 E \u00e9cologique | KLB K\u00f6tztal","description":"Couche de base et liant EP 724 E faible en \u00e9missions, bien adh\u00e9rent, bicomp. pour rev\u00eatements perm\u00e9ables | KLB rev\u00eatements industriels \u2714\ufe0f AgBB conforme","robots":{"index":"noindex","follow":"follow","max-snippet":"max-snippet:-1","max-image-preview":"max-image-preview:large","max-video-preview":"max-video-preview:-1"},"og_locale":"fr_FR","og_type":"article","og_title":"Primaire bicomp. EP 724 E \u00e9cologique | KLB K\u00f6tztal","og_description":"Couche de base et liant EP 724 E faible en \u00e9missions, bien adh\u00e9rent, bicomp. pour rev\u00eatements perm\u00e9ables | KLB rev\u00eatements industriels \u2714\ufe0f AgBB conforme","og_url":"https:\/\/www.klb-koetztal.de\/fr\/produkt\/klb-system-epoxid-ep-724-e-haftgrund-super\/","og_site_name":"KLB K\u00f6tztal","article_publisher":"https:\/\/www.facebook.com\/klbkoetztal","article_modified_time":"2026-04-01T10:45:59+00:00","og_image":[{"width":500,"height":500,"url":"https:\/\/www.klb-koetztal.de\/app\/uploads\/2022\/03\/EP724E.jpg","type":"image\/jpeg"}],"twitter_card":"summary_large_image","schema":{"@context":"https:\/\/schema.org","@graph":[{"@type":"WebPage","@id":"https:\/\/www.klb-koetztal.de\/fr\/produkt\/klb-system-epoxid-ep-724-e-haftgrund-super\/","url":"https:\/\/www.klb-koetztal.de\/fr\/produkt\/klb-system-epoxid-ep-724-e-haftgrund-super\/","name":"Primaire bicomp. EP 724 E \u00e9cologique | KLB K\u00f6tztal","isPartOf":{"@id":"https:\/\/www.klb-koetztal.de\/fr\/#website"},"primaryImageOfPage":{"@id":"https:\/\/www.klb-koetztal.de\/fr\/produkt\/klb-system-epoxid-ep-724-e-haftgrund-super\/#primaryimage"},"image":{"@id":"https:\/\/www.klb-koetztal.de\/fr\/produkt\/klb-system-epoxid-ep-724-e-haftgrund-super\/#primaryimage"},"thumbnailUrl":"https:\/\/www.klb-koetztal.de\/app\/uploads\/2022\/03\/EP724E.jpg","datePublished":"2022-03-14T10:15:58+00:00","dateModified":"2026-04-01T10:45:59+00:00","description":"Couche de base et liant EP 724 E faible en \u00e9missions, bien adh\u00e9rent, bicomp. pour rev\u00eatements perm\u00e9ables | KLB rev\u00eatements industriels \u2714\ufe0f AgBB conforme","breadcrumb":{"@id":"https:\/\/www.klb-koetztal.de\/fr\/produkt\/klb-system-epoxid-ep-724-e-haftgrund-super\/#breadcrumb"},"inLanguage":"fr-FR","potentialAction":[{"@type":"ReadAction","target":["https:\/\/www.klb-koetztal.de\/fr\/produkt\/klb-system-epoxid-ep-724-e-haftgrund-super\/"]}]},{"@type":"ImageObject","inLanguage":"fr-FR","@id":"https:\/\/www.klb-koetztal.de\/fr\/produkt\/klb-system-epoxid-ep-724-e-haftgrund-super\/#primaryimage","url":"https:\/\/www.klb-koetztal.de\/app\/uploads\/2022\/03\/EP724E.jpg","contentUrl":"https:\/\/www.klb-koetztal.de\/app\/uploads\/2022\/03\/EP724E.jpg","width":500,"height":500},{"@type":"BreadcrumbList","@id":"https:\/\/www.klb-koetztal.de\/fr\/produkt\/klb-system-epoxid-ep-724-e-haftgrund-super\/#breadcrumb","itemListElement":[{"@type":"ListItem","position":1,"name":"Startseite","item":"https:\/\/www.klb-koetztal.de\/fr\/"},{"@type":"ListItem","position":2,"name":"KLB-SYSTEM EPOXID EP 724 E Haftgrund Super"}]},{"@type":"WebSite","@id":"https:\/\/www.klb-koetztal.de\/fr\/#website","url":"https:\/\/www.klb-koetztal.de\/fr\/","name":"KLB K\u00f6tztal","description":"Gute B\u00f6den haben ein System.","potentialAction":[{"@type":"SearchAction","target":{"@type":"EntryPoint","urlTemplate":"https:\/\/www.klb-koetztal.de\/fr\/?s={search_term_string}"},"query-input":{"@type":"PropertyValueSpecification","valueRequired":true,"valueName":"search_term_string"}}],"inLanguage":"fr-FR"}]}},"_links":{"self":[{"href":"https:\/\/www.klb-koetztal.de\/fr\/wp-json\/wp\/v2\/product\/50372","targetHints":{"allow":["GET"]}}],"collection":[{"href":"https:\/\/www.klb-koetztal.de\/fr\/wp-json\/wp\/v2\/product"}],"about":[{"href":"https:\/\/www.klb-koetztal.de\/fr\/wp-json\/wp\/v2\/types\/product"}],"wp:featuredmedia":[{"embeddable":true,"href":"https:\/\/www.klb-koetztal.de\/fr\/wp-json\/wp\/v2\/media\/50373"}],"wp:attachment":[{"href":"https:\/\/www.klb-koetztal.de\/fr\/wp-json\/wp\/v2\/media?parent=50372"}],"wp:term":[{"taxonomy":"product_brand","embeddable":true,"href":"https:\/\/www.klb-koetztal.de\/fr\/wp-json\/wp\/v2\/product_brand?post=50372"},{"taxonomy":"product_cat","embeddable":true,"href":"https:\/\/www.klb-koetztal.de\/fr\/wp-json\/wp\/v2\/product_cat?post=50372"},{"taxonomy":"product_tag","embeddable":true,"href":"https:\/\/www.klb-koetztal.de\/fr\/wp-json\/wp\/v2\/product_tag?post=50372"}],"curies":[{"name":"wp","href":"https:\/\/api.w.org\/{rel}","templated":true}]}}