{"id":50367,"date":"2022-03-14T11:15:50","date_gmt":"2022-03-14T10:15:50","guid":{"rendered":"https:\/\/dev.klb-koetztal.de\/produkt\/klb-system-polyurethan-pu-455-techwood\/"},"modified":"2026-04-01T12:20:11","modified_gmt":"2026-04-01T10:20:11","slug":"klb-system-polyurethan-pu-455-techwood","status":"publish","type":"product","link":"https:\/\/www.klb-koetztal.de\/fr\/produkt\/klb-system-polyurethan-pu-455-techwood\/","title":{"rendered":"KLB-SYSTEM POLYURETHAN PU 455 Techwood"},"content":{"rendered":"","protected":false},"excerpt":{"rendered":"<p>Rev\u00eatement en polyur\u00e9thane \u00e0 2 composants, \u00e0 faible \u00e9mission, pigment\u00e9,&#160;\u00e9lastique pour la r\u00e9alisation de sols d&rsquo;aspect bois pon\u00e7\u00e9s dans les zones commerciales.&#160;Convient aux substrats susceptibles de d\u00e9formation, tels que l&rsquo;asphalte coul\u00e9, les panneaux de bois agglom\u00e9r\u00e9, les sols sur\u00e9lev\u00e9s, etc. R\u00e9sulte en un rev\u00eatement en imitation bois attrayant dans les teintes m\u00e9l\u00e8ze, bangkirai, teck, bongossi, noir et blanc.<br \/>\nPeut \u00eatre pon\u00e7\u00e9&#160;\u00e0 l&rsquo;aide d&rsquo;une ponceuse \u00e0 bande standard pour parquet.&#160;<br \/>\nObserver nos informations relatives&#160;au coloris La couleur n&rsquo;est pas stable !<\/p>\n","protected":false},"featured_media":50368,"template":"","meta":{"_acf_changed":false},"product_brand":[],"product_cat":[10042,10047],"product_tag":[],"class_list":{"0":"post-50367","1":"product","2":"type-product","3":"status-publish","4":"has-post-thumbnail","6":"product_cat-revetements","7":"product_cat-revetements_revetements-en-polyurethane-a-2-composants-confortables","9":"first","10":"instock","11":"shipping-taxable","12":"product-type-simple"},"acf":{"product_header":{"module_product_header":{"":null,"prototype_headline":{"headline":"KLB-SYSTEM POLYURETHAN PU 455 Techwood","h1":true,"subheadline":"Rev\u00eatement en polyur\u00e9thane \u00e0 2 composants, \u00e0 faible \u00e9mission, \u00e9lastique et&#160;pon\u00e7able pour les sols d'aspect bois","anchor":"","url":""},"grid_text_slider":false,"grid_text_content":[{"text":"<p class=\"product-short-title\" style=\"text-align: center;\"><strong>Br\u00e8ve description<\/strong><\/p>\n<p>Rev\u00eatement en polyur\u00e9thane \u00e0 2 composants, \u00e0 faible \u00e9mission, pigment\u00e9,&#160;\u00e9lastique pour la r\u00e9alisation de sols d&rsquo;aspect bois pon\u00e7\u00e9s dans les zones commerciales.&#160;Convient aux substrats susceptibles de d\u00e9formation, tels que l&rsquo;asphalte coul\u00e9, les panneaux de bois agglom\u00e9r\u00e9, les sols sur\u00e9lev\u00e9s, etc. R\u00e9sulte en un rev\u00eatement en imitation bois attrayant dans les teintes m\u00e9l\u00e8ze, bangkirai, teck, bongossi, noir et blanc.<\/p>\n<p>Peut \u00eatre pon\u00e7\u00e9&#160;\u00e0 l&rsquo;aide d&rsquo;une ponceuse \u00e0 bande standard pour parquet.&#160;<\/p>\n<p>Observer nos informations relatives&#160;au coloris La couleur n&rsquo;est pas stable !<\/p>\n","width":"4","background_color_text":"bg-white","border_color":"border-gray-light"},{"text":"<p class=\"product-sicing-title\" style=\"text-align: center;\"><strong>Unit\u00e9s d'emballage<\/strong><\/p>\n<ul>\n<li>AK6151-47 &#8211; Combinaison Hobbock 12,00 kg<\/li>\n<li>AK6151-30 &#8211; Combinaison Hobbock 30,00 kg<\/li>\n<\/ul>\n<p><\/p>\n<p>N&rsquo;h\u00e9sitez pas \u00e0 contacter directement pour toute demande concernant des quantit\u00e9s de livraison ou des unit\u00e9s de conditionnement plus importantes.<\/p>\n\n","width":"4","background_color_text":"bg-white","border_color":"border-gray-light"},{"text":"<p class=\"product-attr-title\" style=\"text-align: center;\"><strong>Propri\u00e9t\u00e9s<\/strong><\/p>\n<ul>\n<li>Total Solid selon GISCODE (m\u00e9thode d&rsquo;essai de \u00ab Deutsche Bauchemie \u00bb, l&rsquo;association all. pour la chimie de construction)<\/li>\n<li>\u00e9lastique et d\u00e9formable<\/li>\n<li>stable \u00e0 l&rsquo;hydrolyse et \u00e0 la saponification<\/li>\n<li>pr\u00eat \u00e0 l&#8217;emploi<\/li>\n<li>disponible en plusieurs teintes<\/li>\n<\/ul>\n","width":"4","background_color_text":"bg-white","border_color":"border-gray-light"}],"background_color":"bg-none","background_color_content":"bg-none"}},"downloads":{"module_download_list":{"inhalt":null,"downloads":[{"download":{"ID":54846,"id":54846,"title":"PU_455_Techwood_PI_fr_2023_02","filename":"PU_455_Techwood_PI_fr_2023_02.pdf","filesize":357321,"url":"https:\/\/www.klb-koetztal.de\/app\/uploads\/2023\/02\/PU_455_Techwood_PI_fr_2023_02.pdf","link":"https:\/\/www.klb-koetztal.de\/fr\/?attachment_id=54846","alt":"","author":"7","description":"","caption":"","name":"pu_455_techwood_pi_fr_2023_02-2","status":"inherit","uploaded_to":0,"date":"2023-02-14 14:10:12","modified":"2023-02-14 14:10:12","menu_order":0,"mime_type":"application\/pdf","type":"application","subtype":"pdf","icon":"https:\/\/www.klb-koetztal.de\/wp\/wp-includes\/images\/media\/document.png"},"filename":"Information produit","protected":false,"doclang":"FR","externalkey":"Produktinformation","docpos":"3"},{"download":{"ID":51278,"id":51278,"title":"EPD-Information","filename":"PU455Techwood_Umwelt-Deklaration_2022-06.pdf","filesize":2554494,"url":"https:\/\/www.klb-koetztal.de\/app\/uploads\/2022\/06\/PU455Techwood_Umwelt-Deklaration_2022-06.pdf","link":"https:\/\/www.klb-koetztal.de\/fr\/?attachment_id=51278","alt":"","author":"7","description":"","caption":"","name":"pu455techwood_umwelt-deklaration_2022-06","status":"inherit","uploaded_to":0,"date":"2022-06-23 13:33:25","modified":"2026-04-01 10:20:20","menu_order":0,"mime_type":"application\/pdf","type":"application","subtype":"pdf","icon":"https:\/\/www.klb-koetztal.de\/wp\/wp-includes\/images\/media\/document.png"},"filename":"D\u00e9clarations de produit environnemental (EPD)","protected":false,"doclang":"Multi","externalkey":"Umweltproduktdeklaration","docpos":"50"},{"download":false,"filename":"Fiche de donn\u00e9es de s\u00e9curit\u00e9","protected":true,"doclang":"FR","externalkey":"Sicherheitsdatenblatt","docpos":"3"}],"einstellungen":null,"background_color":"bg-none","background_color_content":"bg-none"}},"included_in_systems":{"module_included_in_systems":{"":null,"background_color":"bg-gray-medium","background_color_content":"bg-none"}},"contact":{"module_contact":{"":null,"background_color":"bg-none","background_color_content":"bg-none"}},"ausschreibende":{"module_ausschreibende":{"andern_sie_den_inhalt_unter_universelle_elemente":null,"background_color":"bg-none","background_color_content":"bg-none"}}},"yoast_head":"<!-- This site is optimized with the Yoast SEO plugin v27.0 - https:\/\/yoast.com\/product\/yoast-seo-wordpress\/ -->\n<title>Rev\u00eatement \u00e0 faible \u00e9mission imitation bois PU 455 Techwood | KLB<\/title>\n<meta name=\"description\" content=\"Rev\u00eatement PU 455 faible COV, \u00e9lastique d&#039;aspect bois | KLB rev\u00eatement \u2714\ufe0f faible \u00e9mission, imitation bois, M\u00e9l\u00e8ze, Bangkirai, Teck, Bongossi, noir et blanc\" \/>\n<meta name=\"robots\" content=\"index, follow, max-snippet:-1, max-image-preview:large, max-video-preview:-1\" \/>\n<link rel=\"canonical\" href=\"https:\/\/www.klb-koetztal.de\/fr\/produkt\/klb-system-polyurethan-pu-455-techwood\/\" \/>\n<meta property=\"og:locale\" content=\"fr_FR\" \/>\n<meta property=\"og:type\" content=\"article\" \/>\n<meta property=\"og:title\" content=\"Rev\u00eatement \u00e0 faible \u00e9mission imitation bois PU 455 Techwood | KLB\" \/>\n<meta property=\"og:description\" content=\"Rev\u00eatement PU 455 faible COV, \u00e9lastique d&#039;aspect bois | KLB rev\u00eatement \u2714\ufe0f faible \u00e9mission, imitation bois, M\u00e9l\u00e8ze, Bangkirai, Teck, Bongossi, noir et blanc\" \/>\n<meta property=\"og:url\" content=\"https:\/\/www.klb-koetztal.de\/fr\/produkt\/klb-system-polyurethan-pu-455-techwood\/\" \/>\n<meta property=\"og:site_name\" content=\"KLB K\u00f6tztal\" \/>\n<meta property=\"article:publisher\" content=\"https:\/\/www.facebook.com\/klbkoetztal\" \/>\n<meta property=\"article:modified_time\" content=\"2026-04-01T10:20:11+00:00\" \/>\n<meta property=\"og:image\" content=\"https:\/\/www.klb-koetztal.de\/app\/uploads\/2022\/03\/PU_455_Techwood-600px_Kombi-KLB.jpg\" \/>\n\t<meta property=\"og:image:width\" content=\"600\" \/>\n\t<meta property=\"og:image:height\" content=\"600\" \/>\n\t<meta property=\"og:image:type\" content=\"image\/jpeg\" \/>\n<meta name=\"twitter:card\" content=\"summary_large_image\" \/>\n<script type=\"application\/ld+json\" class=\"yoast-schema-graph\">{\"@context\":\"https:\/\/schema.org\",\"@graph\":[{\"@type\":\"WebPage\",\"@id\":\"https:\/\/www.klb-koetztal.de\/fr\/produkt\/klb-system-polyurethan-pu-455-techwood\/\",\"url\":\"https:\/\/www.klb-koetztal.de\/fr\/produkt\/klb-system-polyurethan-pu-455-techwood\/\",\"name\":\"Rev\u00eatement \u00e0 faible \u00e9mission imitation bois PU 455 Techwood | KLB\",\"isPartOf\":{\"@id\":\"https:\/\/www.klb-koetztal.de\/fr\/#website\"},\"primaryImageOfPage\":{\"@id\":\"https:\/\/www.klb-koetztal.de\/fr\/produkt\/klb-system-polyurethan-pu-455-techwood\/#primaryimage\"},\"image\":{\"@id\":\"https:\/\/www.klb-koetztal.de\/fr\/produkt\/klb-system-polyurethan-pu-455-techwood\/#primaryimage\"},\"thumbnailUrl\":\"https:\/\/www.klb-koetztal.de\/app\/uploads\/2022\/03\/PU_455_Techwood-600px_Kombi-KLB.jpg\",\"datePublished\":\"2022-03-14T10:15:50+00:00\",\"dateModified\":\"2026-04-01T10:20:11+00:00\",\"description\":\"Rev\u00eatement PU 455 faible COV, \u00e9lastique d'aspect bois | KLB rev\u00eatement \u2714\ufe0f faible \u00e9mission, imitation bois, M\u00e9l\u00e8ze, Bangkirai, Teck, Bongossi, noir et blanc\",\"breadcrumb\":{\"@id\":\"https:\/\/www.klb-koetztal.de\/fr\/produkt\/klb-system-polyurethan-pu-455-techwood\/#breadcrumb\"},\"inLanguage\":\"fr-FR\",\"potentialAction\":[{\"@type\":\"ReadAction\",\"target\":[\"https:\/\/www.klb-koetztal.de\/fr\/produkt\/klb-system-polyurethan-pu-455-techwood\/\"]}]},{\"@type\":\"ImageObject\",\"inLanguage\":\"fr-FR\",\"@id\":\"https:\/\/www.klb-koetztal.de\/fr\/produkt\/klb-system-polyurethan-pu-455-techwood\/#primaryimage\",\"url\":\"https:\/\/www.klb-koetztal.de\/app\/uploads\/2022\/03\/PU_455_Techwood-600px_Kombi-KLB.jpg\",\"contentUrl\":\"https:\/\/www.klb-koetztal.de\/app\/uploads\/2022\/03\/PU_455_Techwood-600px_Kombi-KLB.jpg\",\"width\":600,\"height\":600},{\"@type\":\"BreadcrumbList\",\"@id\":\"https:\/\/www.klb-koetztal.de\/fr\/produkt\/klb-system-polyurethan-pu-455-techwood\/#breadcrumb\",\"itemListElement\":[{\"@type\":\"ListItem\",\"position\":1,\"name\":\"Startseite\",\"item\":\"https:\/\/www.klb-koetztal.de\/fr\/\"},{\"@type\":\"ListItem\",\"position\":2,\"name\":\"KLB-SYSTEM POLYURETHAN PU 455 Techwood\"}]},{\"@type\":\"WebSite\",\"@id\":\"https:\/\/www.klb-koetztal.de\/fr\/#website\",\"url\":\"https:\/\/www.klb-koetztal.de\/fr\/\",\"name\":\"KLB K\u00f6tztal\",\"description\":\"Gute B\u00f6den haben ein System.\",\"potentialAction\":[{\"@type\":\"SearchAction\",\"target\":{\"@type\":\"EntryPoint\",\"urlTemplate\":\"https:\/\/www.klb-koetztal.de\/fr\/?s={search_term_string}\"},\"query-input\":{\"@type\":\"PropertyValueSpecification\",\"valueRequired\":true,\"valueName\":\"search_term_string\"}}],\"inLanguage\":\"fr-FR\"}]}<\/script>\n<!-- \/ Yoast SEO plugin. -->","yoast_head_json":{"title":"Rev\u00eatement \u00e0 faible \u00e9mission imitation bois PU 455 Techwood | KLB","description":"Rev\u00eatement PU 455 faible COV, \u00e9lastique d'aspect bois | KLB rev\u00eatement \u2714\ufe0f faible \u00e9mission, imitation bois, M\u00e9l\u00e8ze, Bangkirai, Teck, Bongossi, noir et blanc","robots":{"index":"index","follow":"follow","max-snippet":"max-snippet:-1","max-image-preview":"max-image-preview:large","max-video-preview":"max-video-preview:-1"},"canonical":"https:\/\/www.klb-koetztal.de\/fr\/produkt\/klb-system-polyurethan-pu-455-techwood\/","og_locale":"fr_FR","og_type":"article","og_title":"Rev\u00eatement \u00e0 faible \u00e9mission imitation bois PU 455 Techwood | KLB","og_description":"Rev\u00eatement PU 455 faible COV, \u00e9lastique d'aspect bois | KLB rev\u00eatement \u2714\ufe0f faible \u00e9mission, imitation bois, M\u00e9l\u00e8ze, Bangkirai, Teck, Bongossi, noir et blanc","og_url":"https:\/\/www.klb-koetztal.de\/fr\/produkt\/klb-system-polyurethan-pu-455-techwood\/","og_site_name":"KLB K\u00f6tztal","article_publisher":"https:\/\/www.facebook.com\/klbkoetztal","article_modified_time":"2026-04-01T10:20:11+00:00","og_image":[{"width":600,"height":600,"url":"https:\/\/www.klb-koetztal.de\/app\/uploads\/2022\/03\/PU_455_Techwood-600px_Kombi-KLB.jpg","type":"image\/jpeg"}],"twitter_card":"summary_large_image","schema":{"@context":"https:\/\/schema.org","@graph":[{"@type":"WebPage","@id":"https:\/\/www.klb-koetztal.de\/fr\/produkt\/klb-system-polyurethan-pu-455-techwood\/","url":"https:\/\/www.klb-koetztal.de\/fr\/produkt\/klb-system-polyurethan-pu-455-techwood\/","name":"Rev\u00eatement \u00e0 faible \u00e9mission imitation bois PU 455 Techwood | KLB","isPartOf":{"@id":"https:\/\/www.klb-koetztal.de\/fr\/#website"},"primaryImageOfPage":{"@id":"https:\/\/www.klb-koetztal.de\/fr\/produkt\/klb-system-polyurethan-pu-455-techwood\/#primaryimage"},"image":{"@id":"https:\/\/www.klb-koetztal.de\/fr\/produkt\/klb-system-polyurethan-pu-455-techwood\/#primaryimage"},"thumbnailUrl":"https:\/\/www.klb-koetztal.de\/app\/uploads\/2022\/03\/PU_455_Techwood-600px_Kombi-KLB.jpg","datePublished":"2022-03-14T10:15:50+00:00","dateModified":"2026-04-01T10:20:11+00:00","description":"Rev\u00eatement PU 455 faible COV, \u00e9lastique d'aspect bois | KLB rev\u00eatement \u2714\ufe0f faible \u00e9mission, imitation bois, M\u00e9l\u00e8ze, Bangkirai, Teck, Bongossi, noir et blanc","breadcrumb":{"@id":"https:\/\/www.klb-koetztal.de\/fr\/produkt\/klb-system-polyurethan-pu-455-techwood\/#breadcrumb"},"inLanguage":"fr-FR","potentialAction":[{"@type":"ReadAction","target":["https:\/\/www.klb-koetztal.de\/fr\/produkt\/klb-system-polyurethan-pu-455-techwood\/"]}]},{"@type":"ImageObject","inLanguage":"fr-FR","@id":"https:\/\/www.klb-koetztal.de\/fr\/produkt\/klb-system-polyurethan-pu-455-techwood\/#primaryimage","url":"https:\/\/www.klb-koetztal.de\/app\/uploads\/2022\/03\/PU_455_Techwood-600px_Kombi-KLB.jpg","contentUrl":"https:\/\/www.klb-koetztal.de\/app\/uploads\/2022\/03\/PU_455_Techwood-600px_Kombi-KLB.jpg","width":600,"height":600},{"@type":"BreadcrumbList","@id":"https:\/\/www.klb-koetztal.de\/fr\/produkt\/klb-system-polyurethan-pu-455-techwood\/#breadcrumb","itemListElement":[{"@type":"ListItem","position":1,"name":"Startseite","item":"https:\/\/www.klb-koetztal.de\/fr\/"},{"@type":"ListItem","position":2,"name":"KLB-SYSTEM POLYURETHAN PU 455 Techwood"}]},{"@type":"WebSite","@id":"https:\/\/www.klb-koetztal.de\/fr\/#website","url":"https:\/\/www.klb-koetztal.de\/fr\/","name":"KLB K\u00f6tztal","description":"Gute B\u00f6den haben ein System.","potentialAction":[{"@type":"SearchAction","target":{"@type":"EntryPoint","urlTemplate":"https:\/\/www.klb-koetztal.de\/fr\/?s={search_term_string}"},"query-input":{"@type":"PropertyValueSpecification","valueRequired":true,"valueName":"search_term_string"}}],"inLanguage":"fr-FR"}]}},"_links":{"self":[{"href":"https:\/\/www.klb-koetztal.de\/fr\/wp-json\/wp\/v2\/product\/50367","targetHints":{"allow":["GET"]}}],"collection":[{"href":"https:\/\/www.klb-koetztal.de\/fr\/wp-json\/wp\/v2\/product"}],"about":[{"href":"https:\/\/www.klb-koetztal.de\/fr\/wp-json\/wp\/v2\/types\/product"}],"wp:featuredmedia":[{"embeddable":true,"href":"https:\/\/www.klb-koetztal.de\/fr\/wp-json\/wp\/v2\/media\/50368"}],"wp:attachment":[{"href":"https:\/\/www.klb-koetztal.de\/fr\/wp-json\/wp\/v2\/media?parent=50367"}],"wp:term":[{"taxonomy":"product_brand","embeddable":true,"href":"https:\/\/www.klb-koetztal.de\/fr\/wp-json\/wp\/v2\/product_brand?post=50367"},{"taxonomy":"product_cat","embeddable":true,"href":"https:\/\/www.klb-koetztal.de\/fr\/wp-json\/wp\/v2\/product_cat?post=50367"},{"taxonomy":"product_tag","embeddable":true,"href":"https:\/\/www.klb-koetztal.de\/fr\/wp-json\/wp\/v2\/product_tag?post=50367"}],"curies":[{"name":"wp","href":"https:\/\/api.w.org\/{rel}","templated":true}]}}