{"id":50306,"date":"2022-03-14T11:13:57","date_gmt":"2022-03-14T10:13:57","guid":{"rendered":"https:\/\/dev.klb-koetztal.de\/produkt\/klb-system-dekor-ds-925-porenfueller\/"},"modified":"2026-04-01T12:11:57","modified_gmt":"2026-04-01T10:11:57","slug":"klb-system-dekor-ds-925-porenfueller","status":"publish","type":"product","link":"https:\/\/www.klb-koetztal.de\/fr\/produkt\/klb-system-dekor-ds-925-porenfueller\/","title":{"rendered":"KLB-SYSTEM DEKOR DS 925 Porenf\u00fcller"},"content":{"rendered":"","protected":false},"excerpt":{"rendered":"<p>Bouche-pores \u00e0 la base d&rsquo;une&#160;dispersion \u00e0 faible \u00e9mission,&#160;incolore et monocomposant pour les rev\u00eatements en gravillons quartzeux et en granul\u00e9s de marbre&#160;sur toutes les surfaces \u00e0 l&rsquo;int\u00e9rieure non expos\u00e9es en permanence \u00e0 l&rsquo;eau. Facile \u00e0 appliquer et&#160;\u00e0 faible odeur.<br \/>\nConvient aux rev\u00eatements conformes aux certifications&#160;Eurofins \u00ab Indoor Air Comfort&#160;\u00bb&#160;et \u00ab Gold \u00bb. Certifi\u00e9 selon l&rsquo;AgBB&#160;et adapt\u00e9 aux pi\u00e8ces de s\u00e9jour.<br \/>\nNe convient pas aux zones humides en permanence !<\/p>\n","protected":false},"featured_media":50307,"template":"","meta":{"_acf_changed":false},"product_brand":[],"product_cat":[10044,10100],"product_tag":[],"class_list":{"0":"post-50306","1":"product","2":"type-product","3":"status-publish","4":"has-post-thumbnail","6":"product_cat-liant-decor-scellement-de-finition-bouche-pores","7":"product_cat-liant-decor-scellement-de-finition-bouche-pores_bouche-pores","9":"first","10":"instock","11":"shipping-taxable","12":"product-type-simple"},"acf":{"product_header":{"module_product_header":{"":null,"prototype_headline":{"headline":"KLB-SYSTEM DEKOR DS 925 Porenf\u00fcller","h1":true,"subheadline":"Bouche-pores monocomposant&#160;et \u00e0 faible \u00e9mission pour les moquettes en pierre","anchor":"","url":""},"grid_text_slider":false,"grid_text_content":[{"text":"<p class=\"product-short-title\" style=\"text-align: center;\"><strong>Br\u00e8ve description<\/strong><\/p>\n<p>Bouche-pores \u00e0 la base d&rsquo;une&#160;dispersion \u00e0 faible \u00e9mission,&#160;incolore et monocomposant pour les rev\u00eatements en gravillons quartzeux et en granul\u00e9s de marbre&#160;sur toutes les surfaces \u00e0 l&rsquo;int\u00e9rieure non expos\u00e9es en permanence \u00e0 l&rsquo;eau. Facile \u00e0 appliquer et&#160;\u00e0 faible odeur.<\/p>\n<p>Convient aux rev\u00eatements conformes aux certifications&#160;Eurofins \u00ab Indoor Air Comfort&#160;\u00bb&#160;et \u00ab Gold \u00bb. Certifi\u00e9 selon l&rsquo;AgBB&#160;et adapt\u00e9 aux pi\u00e8ces de s\u00e9jour.<\/p>\n<p>Ne convient pas aux zones humides en permanence !<\/p>\n","width":"4","background_color_text":"bg-white","border_color":"border-gray-light"},{"text":"<p class=\"product-sicing-title\" style=\"text-align: center;\"><strong>Unit\u00e9s d'emballage<\/strong><\/p>\n<ul>\n<li>DP7502-50 &#8211; Seau 10,00 kg<\/li>\n<li>DP7502-25 &#8211; Hobbock 25,00 kg<\/li>\n<\/ul>\n<p><\/p>\n<p>N&rsquo;h\u00e9sitez pas \u00e0 contacter directement pour toute demande concernant des quantit\u00e9s de livraison ou des unit\u00e9s de conditionnement plus importantes.<\/p>\n\n","width":"4","background_color_text":"bg-white","border_color":"border-gray-light"},{"text":"<p class=\"product-attr-title\" style=\"text-align: center;\"><strong>Propri\u00e9t\u00e9s<\/strong><\/p>\n<ul>\n<li>monocomposant<\/li>\n<li>pr\u00eat \u00e0 l&#8217;emploi<\/li>\n<li>pour l&rsquo;int\u00e9rieur<\/li>\n<li>s\u00e9chage physique<\/li>\n<li>peu sensible au jaunissement<\/li>\n<li>sans risque pour la sant\u00e9<\/li>\n<li>formulation faible en \u00e9missions<\/li>\n<li>consistance stable<\/li>\n<\/ul>\n","width":"4","background_color_text":"bg-white","border_color":"border-gray-light"}],"background_color":"bg-none","background_color_content":"bg-none"}},"downloads":{"module_download_list":{"inhalt":null,"downloads":[{"download":{"ID":53236,"id":53236,"title":"DS_925_Porenfueller_PI_fr_2022_10","filename":"DS_925_Porenfueller_PI_fr_2022_10.pdf","filesize":522680,"url":"https:\/\/www.klb-koetztal.de\/app\/uploads\/2022\/10\/DS_925_Porenfueller_PI_fr_2022_10.pdf","link":"https:\/\/www.klb-koetztal.de\/fr\/?attachment_id=53236","alt":"","author":"7","description":"","caption":"","name":"ds_925_porenfueller_pi_fr_2022_10-2","status":"inherit","uploaded_to":0,"date":"2022-10-07 08:00:47","modified":"2022-10-07 08:00:47","menu_order":0,"mime_type":"application\/pdf","type":"application","subtype":"pdf","icon":"https:\/\/www.klb-koetztal.de\/wp\/wp-includes\/images\/media\/document.png"},"filename":"Information produit","protected":false,"doclang":"FR","externalkey":"Produktinformation","docpos":"3"},{"download":{"ID":51269,"id":51269,"title":"EPD-Information","filename":"DS925_Umwelt-Deklaration_2022-06.pdf","filesize":2990832,"url":"https:\/\/www.klb-koetztal.de\/app\/uploads\/2022\/06\/DS925_Umwelt-Deklaration_2022-06.pdf","link":"https:\/\/www.klb-koetztal.de\/fr\/?attachment_id=51269","alt":"","author":"7","description":"","caption":"","name":"ds925_umwelt-deklaration_2022-06","status":"inherit","uploaded_to":0,"date":"2022-06-22 11:47:57","modified":"2026-04-01 10:12:05","menu_order":0,"mime_type":"application\/pdf","type":"application","subtype":"pdf","icon":"https:\/\/www.klb-koetztal.de\/wp\/wp-includes\/images\/media\/document.png"},"filename":"D\u00e9clarations de produit environnemental (EPD)","protected":false,"doclang":"Multi","externalkey":"Umweltproduktdeklaration","docpos":"50"},{"download":false,"filename":"Fiche de donn\u00e9es de s\u00e9curit\u00e9","protected":true,"doclang":"FR","externalkey":"Sicherheitsdatenblatt","docpos":"3"}],"einstellungen":null,"background_color":"bg-none","background_color_content":"bg-none"}},"included_in_systems":{"module_included_in_systems":{"":null,"background_color":"bg-gray-medium","background_color_content":"bg-none"}},"contact":{"module_contact":{"":null,"background_color":"bg-none","background_color_content":"bg-none"}},"ausschreibende":{"module_ausschreibende":{"andern_sie_den_inhalt_unter_universelle_elemente":null,"background_color":"bg-none","background_color_content":"bg-none"}}},"yoast_head":"<!-- This site is optimized with the Yoast SEO plugin v27.0 - https:\/\/yoast.com\/product\/yoast-seo-wordpress\/ -->\n<title>Bouche-pore incolore, visqueux monocomposant DS 925 | KLB K\u00f6tztal<\/title>\n<meta name=\"description\" content=\"Bouche-pore incolore, visqueux et monocomposant DS 925 pour fermer les pores de sols en gravillon \u00e0 l&#039;int\u00e9rieur | KLB rev\u00eatements de sol \u2714\ufe0f Eurofins, AgBB\" \/>\n<meta name=\"robots\" content=\"noindex, follow, max-snippet:-1, max-image-preview:large, max-video-preview:-1\" \/>\n<meta property=\"og:locale\" content=\"fr_FR\" \/>\n<meta property=\"og:type\" content=\"article\" \/>\n<meta property=\"og:title\" content=\"Bouche-pore incolore, visqueux monocomposant DS 925 | KLB K\u00f6tztal\" \/>\n<meta property=\"og:description\" content=\"Bouche-pore incolore, visqueux et monocomposant DS 925 pour fermer les pores de sols en gravillon \u00e0 l&#039;int\u00e9rieur | KLB rev\u00eatements de sol \u2714\ufe0f Eurofins, AgBB\" \/>\n<meta property=\"og:url\" content=\"https:\/\/www.klb-koetztal.de\/fr\/produkt\/klb-system-dekor-ds-925-porenfueller\/\" \/>\n<meta property=\"og:site_name\" content=\"KLB K\u00f6tztal\" \/>\n<meta property=\"article:publisher\" content=\"https:\/\/www.facebook.com\/klbkoetztal\" \/>\n<meta property=\"article:modified_time\" content=\"2026-04-01T10:11:57+00:00\" \/>\n<meta property=\"og:image\" content=\"https:\/\/www.klb-koetztal.de\/app\/uploads\/2022\/03\/DS925.jpg\" \/>\n\t<meta property=\"og:image:width\" content=\"500\" \/>\n\t<meta property=\"og:image:height\" content=\"500\" \/>\n\t<meta property=\"og:image:type\" content=\"image\/jpeg\" \/>\n<meta name=\"twitter:card\" content=\"summary_large_image\" \/>\n<script type=\"application\/ld+json\" class=\"yoast-schema-graph\">{\"@context\":\"https:\/\/schema.org\",\"@graph\":[{\"@type\":\"WebPage\",\"@id\":\"https:\/\/www.klb-koetztal.de\/fr\/produkt\/klb-system-dekor-ds-925-porenfueller\/\",\"url\":\"https:\/\/www.klb-koetztal.de\/fr\/produkt\/klb-system-dekor-ds-925-porenfueller\/\",\"name\":\"Bouche-pore incolore, visqueux monocomposant DS 925 | KLB K\u00f6tztal\",\"isPartOf\":{\"@id\":\"https:\/\/www.klb-koetztal.de\/fr\/#website\"},\"primaryImageOfPage\":{\"@id\":\"https:\/\/www.klb-koetztal.de\/fr\/produkt\/klb-system-dekor-ds-925-porenfueller\/#primaryimage\"},\"image\":{\"@id\":\"https:\/\/www.klb-koetztal.de\/fr\/produkt\/klb-system-dekor-ds-925-porenfueller\/#primaryimage\"},\"thumbnailUrl\":\"https:\/\/www.klb-koetztal.de\/app\/uploads\/2022\/03\/DS925.jpg\",\"datePublished\":\"2022-03-14T10:13:57+00:00\",\"dateModified\":\"2026-04-01T10:11:57+00:00\",\"description\":\"Bouche-pore incolore, visqueux et monocomposant DS 925 pour fermer les pores de sols en gravillon \u00e0 l'int\u00e9rieur | KLB rev\u00eatements de sol \u2714\ufe0f Eurofins, AgBB\",\"breadcrumb\":{\"@id\":\"https:\/\/www.klb-koetztal.de\/fr\/produkt\/klb-system-dekor-ds-925-porenfueller\/#breadcrumb\"},\"inLanguage\":\"fr-FR\",\"potentialAction\":[{\"@type\":\"ReadAction\",\"target\":[\"https:\/\/www.klb-koetztal.de\/fr\/produkt\/klb-system-dekor-ds-925-porenfueller\/\"]}]},{\"@type\":\"ImageObject\",\"inLanguage\":\"fr-FR\",\"@id\":\"https:\/\/www.klb-koetztal.de\/fr\/produkt\/klb-system-dekor-ds-925-porenfueller\/#primaryimage\",\"url\":\"https:\/\/www.klb-koetztal.de\/app\/uploads\/2022\/03\/DS925.jpg\",\"contentUrl\":\"https:\/\/www.klb-koetztal.de\/app\/uploads\/2022\/03\/DS925.jpg\",\"width\":500,\"height\":500},{\"@type\":\"BreadcrumbList\",\"@id\":\"https:\/\/www.klb-koetztal.de\/fr\/produkt\/klb-system-dekor-ds-925-porenfueller\/#breadcrumb\",\"itemListElement\":[{\"@type\":\"ListItem\",\"position\":1,\"name\":\"Startseite\",\"item\":\"https:\/\/www.klb-koetztal.de\/fr\/\"},{\"@type\":\"ListItem\",\"position\":2,\"name\":\"KLB-SYSTEM DEKOR DS 925 Porenf\u00fcller\"}]},{\"@type\":\"WebSite\",\"@id\":\"https:\/\/www.klb-koetztal.de\/fr\/#website\",\"url\":\"https:\/\/www.klb-koetztal.de\/fr\/\",\"name\":\"KLB K\u00f6tztal\",\"description\":\"Gute B\u00f6den haben ein System.\",\"potentialAction\":[{\"@type\":\"SearchAction\",\"target\":{\"@type\":\"EntryPoint\",\"urlTemplate\":\"https:\/\/www.klb-koetztal.de\/fr\/?s={search_term_string}\"},\"query-input\":{\"@type\":\"PropertyValueSpecification\",\"valueRequired\":true,\"valueName\":\"search_term_string\"}}],\"inLanguage\":\"fr-FR\"}]}<\/script>\n<!-- \/ Yoast SEO plugin. -->","yoast_head_json":{"title":"Bouche-pore incolore, visqueux monocomposant DS 925 | KLB K\u00f6tztal","description":"Bouche-pore incolore, visqueux et monocomposant DS 925 pour fermer les pores de sols en gravillon \u00e0 l'int\u00e9rieur | KLB rev\u00eatements de sol \u2714\ufe0f Eurofins, AgBB","robots":{"index":"noindex","follow":"follow","max-snippet":"max-snippet:-1","max-image-preview":"max-image-preview:large","max-video-preview":"max-video-preview:-1"},"og_locale":"fr_FR","og_type":"article","og_title":"Bouche-pore incolore, visqueux monocomposant DS 925 | KLB K\u00f6tztal","og_description":"Bouche-pore incolore, visqueux et monocomposant DS 925 pour fermer les pores de sols en gravillon \u00e0 l'int\u00e9rieur | KLB rev\u00eatements de sol \u2714\ufe0f Eurofins, AgBB","og_url":"https:\/\/www.klb-koetztal.de\/fr\/produkt\/klb-system-dekor-ds-925-porenfueller\/","og_site_name":"KLB K\u00f6tztal","article_publisher":"https:\/\/www.facebook.com\/klbkoetztal","article_modified_time":"2026-04-01T10:11:57+00:00","og_image":[{"width":500,"height":500,"url":"https:\/\/www.klb-koetztal.de\/app\/uploads\/2022\/03\/DS925.jpg","type":"image\/jpeg"}],"twitter_card":"summary_large_image","schema":{"@context":"https:\/\/schema.org","@graph":[{"@type":"WebPage","@id":"https:\/\/www.klb-koetztal.de\/fr\/produkt\/klb-system-dekor-ds-925-porenfueller\/","url":"https:\/\/www.klb-koetztal.de\/fr\/produkt\/klb-system-dekor-ds-925-porenfueller\/","name":"Bouche-pore incolore, visqueux monocomposant DS 925 | KLB K\u00f6tztal","isPartOf":{"@id":"https:\/\/www.klb-koetztal.de\/fr\/#website"},"primaryImageOfPage":{"@id":"https:\/\/www.klb-koetztal.de\/fr\/produkt\/klb-system-dekor-ds-925-porenfueller\/#primaryimage"},"image":{"@id":"https:\/\/www.klb-koetztal.de\/fr\/produkt\/klb-system-dekor-ds-925-porenfueller\/#primaryimage"},"thumbnailUrl":"https:\/\/www.klb-koetztal.de\/app\/uploads\/2022\/03\/DS925.jpg","datePublished":"2022-03-14T10:13:57+00:00","dateModified":"2026-04-01T10:11:57+00:00","description":"Bouche-pore incolore, visqueux et monocomposant DS 925 pour fermer les pores de sols en gravillon \u00e0 l'int\u00e9rieur | KLB rev\u00eatements de sol \u2714\ufe0f Eurofins, AgBB","breadcrumb":{"@id":"https:\/\/www.klb-koetztal.de\/fr\/produkt\/klb-system-dekor-ds-925-porenfueller\/#breadcrumb"},"inLanguage":"fr-FR","potentialAction":[{"@type":"ReadAction","target":["https:\/\/www.klb-koetztal.de\/fr\/produkt\/klb-system-dekor-ds-925-porenfueller\/"]}]},{"@type":"ImageObject","inLanguage":"fr-FR","@id":"https:\/\/www.klb-koetztal.de\/fr\/produkt\/klb-system-dekor-ds-925-porenfueller\/#primaryimage","url":"https:\/\/www.klb-koetztal.de\/app\/uploads\/2022\/03\/DS925.jpg","contentUrl":"https:\/\/www.klb-koetztal.de\/app\/uploads\/2022\/03\/DS925.jpg","width":500,"height":500},{"@type":"BreadcrumbList","@id":"https:\/\/www.klb-koetztal.de\/fr\/produkt\/klb-system-dekor-ds-925-porenfueller\/#breadcrumb","itemListElement":[{"@type":"ListItem","position":1,"name":"Startseite","item":"https:\/\/www.klb-koetztal.de\/fr\/"},{"@type":"ListItem","position":2,"name":"KLB-SYSTEM DEKOR DS 925 Porenf\u00fcller"}]},{"@type":"WebSite","@id":"https:\/\/www.klb-koetztal.de\/fr\/#website","url":"https:\/\/www.klb-koetztal.de\/fr\/","name":"KLB K\u00f6tztal","description":"Gute B\u00f6den haben ein System.","potentialAction":[{"@type":"SearchAction","target":{"@type":"EntryPoint","urlTemplate":"https:\/\/www.klb-koetztal.de\/fr\/?s={search_term_string}"},"query-input":{"@type":"PropertyValueSpecification","valueRequired":true,"valueName":"search_term_string"}}],"inLanguage":"fr-FR"}]}},"_links":{"self":[{"href":"https:\/\/www.klb-koetztal.de\/fr\/wp-json\/wp\/v2\/product\/50306","targetHints":{"allow":["GET"]}}],"collection":[{"href":"https:\/\/www.klb-koetztal.de\/fr\/wp-json\/wp\/v2\/product"}],"about":[{"href":"https:\/\/www.klb-koetztal.de\/fr\/wp-json\/wp\/v2\/types\/product"}],"wp:featuredmedia":[{"embeddable":true,"href":"https:\/\/www.klb-koetztal.de\/fr\/wp-json\/wp\/v2\/media\/50307"}],"wp:attachment":[{"href":"https:\/\/www.klb-koetztal.de\/fr\/wp-json\/wp\/v2\/media?parent=50306"}],"wp:term":[{"taxonomy":"product_brand","embeddable":true,"href":"https:\/\/www.klb-koetztal.de\/fr\/wp-json\/wp\/v2\/product_brand?post=50306"},{"taxonomy":"product_cat","embeddable":true,"href":"https:\/\/www.klb-koetztal.de\/fr\/wp-json\/wp\/v2\/product_cat?post=50306"},{"taxonomy":"product_tag","embeddable":true,"href":"https:\/\/www.klb-koetztal.de\/fr\/wp-json\/wp\/v2\/product_tag?post=50306"}],"curies":[{"name":"wp","href":"https:\/\/api.w.org\/{rel}","templated":true}]}}