{"id":50277,"date":"2022-03-14T11:13:08","date_gmt":"2022-03-14T10:13:08","guid":{"rendered":"https:\/\/dev.klb-koetztal.de\/produkt\/klb-system-acryl-ac-320\/"},"modified":"2026-04-24T13:01:23","modified_gmt":"2026-04-24T11:01:23","slug":"klb-system-acryl-ac-320","status":"publish","type":"product","link":"https:\/\/www.klb-koetztal.de\/fr\/produkt\/klb-system-acryl-ac-320\/","title":{"rendered":"KLB-SYSTEM ACRYL AC 320"},"content":{"rendered":"","protected":false},"excerpt":{"rendered":"<p>R\u00e9sine de rev\u00eatement en PMMA \u00e0 durcissement rapide et&#160;flexibilis\u00e9e&#160;pour les rev\u00eatements lisses ou en option, saupoudr\u00e9s de paillettes partiColor\u00ae.&#160;Le compos\u00e9 de rev\u00eatement est pr\u00e9par\u00e9 en ajoutant du pigment et du sable mix\u00e9&#160;KLB-Mischsand 2\/1&#160;ainsi que du durcisseur. La surface&#160;lisse est ainsi&#160;scell\u00e9e&#160;de mani\u00e8re transparente avec AC 820.<br \/>\nLa poudre de durcissement doit \u00eatre command\u00e9e s\u00e9par\u00e9ment !<\/p>\n","protected":false},"featured_media":50278,"template":"","meta":{"_acf_changed":false},"product_brand":[],"product_cat":[10042,10112],"product_tag":[],"class_list":{"0":"post-50277","1":"product","2":"type-product","3":"status-publish","4":"has-post-thumbnail","6":"product_cat-revetements","7":"product_cat-revetements_revetements-et-scellement-de-finition-pmma","9":"first","10":"instock","11":"shipping-taxable","12":"product-type-simple"},"acf":{"product_header":{"module_product_header":{"":null,"prototype_headline":{"headline":"KLB-SYSTEM ACRYL AC 320","h1":true,"subheadline":"R\u00e9sine de rev\u00eatement en PMMA \u00e0 durcissement rapide et&#160;flexibilis\u00e9e&#160;pour les rev\u00eatements lisses ou saupoudr\u00e9s de paillettes partiColor\u00ae","anchor":"","url":""},"grid_text_slider":false,"grid_text_content":[{"text":"<p class=\"product-short-title\" style=\"text-align: center;\"><strong>Br\u00e8ve description<\/strong><\/p>\n<p>R\u00e9sine de rev\u00eatement en PMMA \u00e0 durcissement rapide et&#160;flexibilis\u00e9e&#160;pour les rev\u00eatements lisses ou en option, saupoudr\u00e9s de paillettes partiColor\u00ae.&#160;Le compos\u00e9 de rev\u00eatement est pr\u00e9par\u00e9 en ajoutant du pigment et du sable mix\u00e9&#160;KLB-Mischsand 2\/1&#160;ainsi que du durcisseur. La surface&#160;lisse est ainsi&#160;scell\u00e9e&#160;de mani\u00e8re transparente avec AC 820.<\/p>\n<p>La poudre de durcissement doit \u00eatre command\u00e9e s\u00e9par\u00e9ment !<\/p>\n","width":"4","background_color_text":"bg-white","border_color":"border-gray-light"},{"text":"<p class=\"product-sicing-title\" style=\"text-align: center;\"><strong>Unit\u00e9s d'emballage<\/strong><\/p>\n<ul>\n<li>MA0014-50 &#8211; Bidon 10,00 kg<\/li>\n<li>MA0014-25 &#8211; Hobbock 25,00 kg<\/li>\n<li>MA0013-01 &#8211; F\u00fbt 200,00 kg<\/li>\n<\/ul>\n<p><\/p>\n<p>N&rsquo;h\u00e9sitez pas \u00e0 contacter directement pour toute demande concernant des quantit\u00e9s de livraison ou des unit\u00e9s de conditionnement plus importantes.<\/p>\n\n","width":"4","background_color_text":"bg-white","border_color":"border-gray-light"},{"text":"<p class=\"product-attr-title\" style=\"text-align: center;\"><strong>Propri\u00e9t\u00e9s<\/strong><\/p>\n<ul>\n<li>\u00e0 durcissement tr\u00e8s rapide<\/li>\n<li>accessibilit\u00e9 rapide<\/li>\n<li>durcit \u00e0 basses temp\u00e9ratures<\/li>\n<li>recouvrable apr\u00e8s 1 heure<\/li>\n<li>bonne r\u00e9sistance \u00e0 l&rsquo;eau et aux produits chimiques<\/li>\n<li>exempt de substances susceptibles d&rsquo;endommager les vernis<\/li>\n<li>adapt\u00e9 pour les travaux de r\u00e9novation<\/li>\n<\/ul>\n","width":"4","background_color_text":"bg-white","border_color":"border-gray-light"}],"background_color":"bg-none","background_color_content":"bg-none"}},"downloads":{"module_download_list":{"inhalt":null,"downloads":[{"download":{"ID":55119,"id":55119,"title":"AC_320_PI_fr_2023_02","filename":"AC_320_PI_fr_2023_02.pdf","filesize":266178,"url":"https:\/\/www.klb-koetztal.de\/app\/uploads\/2023\/02\/AC_320_PI_fr_2023_02.pdf","link":"https:\/\/www.klb-koetztal.de\/fr\/?attachment_id=55119","alt":"","author":"7","description":"","caption":"","name":"ac_320_pi_fr_2023_02-2","status":"inherit","uploaded_to":0,"date":"2023-02-20 14:10:16","modified":"2023-02-20 14:10:16","menu_order":0,"mime_type":"application\/pdf","type":"application","subtype":"pdf","icon":"https:\/\/www.klb-koetztal.de\/wp\/wp-includes\/images\/media\/document.png"},"filename":"Information produit","protected":false,"doclang":"FR","externalkey":"Produktinformation","docpos":"3"},{"download":{"ID":50279,"id":50279,"title":"Leistungserkl\u00e4rung - Statement of performance","filename":"AC320_LE_2013-04.pdf","filesize":169849,"url":"https:\/\/www.klb-koetztal.de\/app\/uploads\/2022\/03\/AC320_LE_2013-04.pdf","link":"https:\/\/www.klb-koetztal.de\/fr\/?attachment_id=50279","alt":"","author":"7","description":"","caption":"","name":"ac320_le_2013-04","status":"inherit","uploaded_to":0,"date":"2022-03-14 10:13:12","modified":"2026-04-24 11:01:30","menu_order":0,"mime_type":"application\/pdf","type":"application","subtype":"pdf","icon":"https:\/\/www.klb-koetztal.de\/wp\/wp-includes\/images\/media\/document.png"},"filename":"D\u00e9claration de performance","protected":false,"doclang":"Multi","externalkey":"Leistungserklaerung","docpos":"50"},{"download":{"ID":67722,"id":67722,"title":"AC320_Umwelt-Deklaration_2025-10","filename":"AC320_Umwelt-Deklaration_2025-10.pdf","filesize":1692080,"url":"https:\/\/www.klb-koetztal.de\/app\/uploads\/2025\/10\/AC320_Umwelt-Deklaration_2025-10.pdf","link":"https:\/\/www.klb-koetztal.de\/fr\/?attachment_id=67722","alt":"","author":"7","description":"","caption":"","name":"ac320_umwelt-deklaration_2025-10-2","status":"inherit","uploaded_to":0,"date":"2025-10-16 09:01:36","modified":"2025-10-16 09:01:36","menu_order":0,"mime_type":"application\/pdf","type":"application","subtype":"pdf","icon":"https:\/\/www.klb-koetztal.de\/wp\/wp-includes\/images\/media\/document.png"},"filename":"D\u00e9clarations de produit environnemental (EPD)","protected":false,"doclang":"Multi","externalkey":"Umweltproduktdeklaration","docpos":"50"},{"download":false,"filename":"Fiche de donn\u00e9es de s\u00e9curit\u00e9","protected":true,"doclang":"FR","externalkey":"Sicherheitsdatenblatt","docpos":"3"}],"einstellungen":null,"background_color":"bg-none","background_color_content":"bg-none"}},"included_in_systems":{"module_included_in_systems":{"":null,"background_color":"bg-gray-medium","background_color_content":"bg-none"}},"contact":{"module_contact":{"":null,"background_color":"bg-none","background_color_content":"bg-none"}},"ausschreibende":{"module_ausschreibende":{"andern_sie_den_inhalt_unter_universelle_elemente":null,"background_color":"bg-none","background_color_content":"bg-none"}}},"yoast_head":"<!-- This site is optimized with the Yoast SEO plugin v27.0 - https:\/\/yoast.com\/product\/yoast-seo-wordpress\/ -->\n<title>R\u00e9sine de rev\u00eatement PMMA AC 320 durcissant rapide bicomp. | KLB<\/title>\n<meta name=\"description\" content=\"R\u00e9sine de rev\u00eatement PMMA AC 320 \u00e0 durcissement rapide, flexibilis\u00e9e | KLB rev\u00eatement de sol \u2714\ufe0f rev\u00eatements lisses ou saupoudr\u00e9s de paillettes partiColor\u00ae\" \/>\n<meta name=\"robots\" content=\"noindex, follow, max-snippet:-1, max-image-preview:large, max-video-preview:-1\" \/>\n<meta property=\"og:locale\" content=\"fr_FR\" \/>\n<meta property=\"og:type\" content=\"article\" \/>\n<meta property=\"og:title\" content=\"R\u00e9sine de rev\u00eatement PMMA AC 320 durcissant rapide bicomp. | KLB\" \/>\n<meta property=\"og:description\" content=\"R\u00e9sine de rev\u00eatement PMMA AC 320 \u00e0 durcissement rapide, flexibilis\u00e9e | KLB rev\u00eatement de sol \u2714\ufe0f rev\u00eatements lisses ou saupoudr\u00e9s de paillettes partiColor\u00ae\" \/>\n<meta property=\"og:url\" content=\"https:\/\/www.klb-koetztal.de\/fr\/produkt\/klb-system-acryl-ac-320\/\" \/>\n<meta property=\"og:site_name\" content=\"KLB K\u00f6tztal\" \/>\n<meta property=\"article:publisher\" content=\"https:\/\/www.facebook.com\/klbkoetztal\" \/>\n<meta property=\"article:modified_time\" content=\"2026-04-24T11:01:23+00:00\" \/>\n<meta property=\"og:image\" content=\"https:\/\/www.klb-koetztal.de\/app\/uploads\/2022\/03\/AC320.jpg\" \/>\n\t<meta property=\"og:image:width\" content=\"500\" \/>\n\t<meta property=\"og:image:height\" content=\"500\" \/>\n\t<meta property=\"og:image:type\" content=\"image\/jpeg\" \/>\n<meta name=\"twitter:card\" content=\"summary_large_image\" \/>\n<script type=\"application\/ld+json\" class=\"yoast-schema-graph\">{\"@context\":\"https:\/\/schema.org\",\"@graph\":[{\"@type\":\"WebPage\",\"@id\":\"https:\/\/www.klb-koetztal.de\/fr\/produkt\/klb-system-acryl-ac-320\/\",\"url\":\"https:\/\/www.klb-koetztal.de\/fr\/produkt\/klb-system-acryl-ac-320\/\",\"name\":\"R\u00e9sine de rev\u00eatement PMMA AC 320 durcissant rapide bicomp. | KLB\",\"isPartOf\":{\"@id\":\"https:\/\/www.klb-koetztal.de\/fr\/#website\"},\"primaryImageOfPage\":{\"@id\":\"https:\/\/www.klb-koetztal.de\/fr\/produkt\/klb-system-acryl-ac-320\/#primaryimage\"},\"image\":{\"@id\":\"https:\/\/www.klb-koetztal.de\/fr\/produkt\/klb-system-acryl-ac-320\/#primaryimage\"},\"thumbnailUrl\":\"https:\/\/www.klb-koetztal.de\/app\/uploads\/2022\/03\/AC320.jpg\",\"datePublished\":\"2022-03-14T10:13:08+00:00\",\"dateModified\":\"2026-04-24T11:01:23+00:00\",\"description\":\"R\u00e9sine de rev\u00eatement PMMA AC 320 \u00e0 durcissement rapide, flexibilis\u00e9e | KLB rev\u00eatement de sol \u2714\ufe0f rev\u00eatements lisses ou saupoudr\u00e9s de paillettes partiColor\u00ae\",\"breadcrumb\":{\"@id\":\"https:\/\/www.klb-koetztal.de\/fr\/produkt\/klb-system-acryl-ac-320\/#breadcrumb\"},\"inLanguage\":\"fr-FR\",\"potentialAction\":[{\"@type\":\"ReadAction\",\"target\":[\"https:\/\/www.klb-koetztal.de\/fr\/produkt\/klb-system-acryl-ac-320\/\"]}]},{\"@type\":\"ImageObject\",\"inLanguage\":\"fr-FR\",\"@id\":\"https:\/\/www.klb-koetztal.de\/fr\/produkt\/klb-system-acryl-ac-320\/#primaryimage\",\"url\":\"https:\/\/www.klb-koetztal.de\/app\/uploads\/2022\/03\/AC320.jpg\",\"contentUrl\":\"https:\/\/www.klb-koetztal.de\/app\/uploads\/2022\/03\/AC320.jpg\",\"width\":500,\"height\":500},{\"@type\":\"BreadcrumbList\",\"@id\":\"https:\/\/www.klb-koetztal.de\/fr\/produkt\/klb-system-acryl-ac-320\/#breadcrumb\",\"itemListElement\":[{\"@type\":\"ListItem\",\"position\":1,\"name\":\"Startseite\",\"item\":\"https:\/\/www.klb-koetztal.de\/fr\/\"},{\"@type\":\"ListItem\",\"position\":2,\"name\":\"KLB-SYSTEM ACRYL AC 320\"}]},{\"@type\":\"WebSite\",\"@id\":\"https:\/\/www.klb-koetztal.de\/fr\/#website\",\"url\":\"https:\/\/www.klb-koetztal.de\/fr\/\",\"name\":\"KLB K\u00f6tztal Lacke + Beschichtungen GmbH\",\"description\":\"Gute B\u00f6den haben ein System.\",\"publisher\":{\"@id\":\"https:\/\/www.klb-koetztal.de\/fr\/#organization\"},\"potentialAction\":[{\"@type\":\"SearchAction\",\"target\":{\"@type\":\"EntryPoint\",\"urlTemplate\":\"https:\/\/www.klb-koetztal.de\/fr\/?s={search_term_string}\"},\"query-input\":{\"@type\":\"PropertyValueSpecification\",\"valueRequired\":true,\"valueName\":\"search_term_string\"}}],\"inLanguage\":\"fr-FR\"},{\"@type\":\"Organization\",\"@id\":\"https:\/\/www.klb-koetztal.de\/fr\/#organization\",\"name\":\"KLB K\u00f6tztal Lacke + Beschichtungen GmbH\",\"url\":\"https:\/\/www.klb-koetztal.de\/fr\/\",\"logo\":{\"@type\":\"ImageObject\",\"inLanguage\":\"fr-FR\",\"@id\":\"https:\/\/www.klb-koetztal.de\/fr\/#\/schema\/logo\/image\/\",\"url\":\"https:\/\/www.klb-koetztal.de\/app\/uploads\/2023\/10\/KLB_4C_HQ.png\",\"contentUrl\":\"https:\/\/www.klb-koetztal.de\/app\/uploads\/2023\/10\/KLB_4C_HQ.png\",\"width\":1500,\"height\":363,\"caption\":\"KLB K\u00f6tztal Lacke + Beschichtungen GmbH\"},\"image\":{\"@id\":\"https:\/\/www.klb-koetztal.de\/fr\/#\/schema\/logo\/image\/\"},\"sameAs\":[\"https:\/\/www.facebook.com\/klbkoetztal\",\"https:\/\/www.instagram.com\/klbkoetztal\/\",\"https:\/\/www.linkedin.com\/company\/klbkoetztal\"]}]}<\/script>\n<!-- \/ Yoast SEO plugin. -->","yoast_head_json":{"title":"R\u00e9sine de rev\u00eatement PMMA AC 320 durcissant rapide bicomp. | KLB","description":"R\u00e9sine de rev\u00eatement PMMA AC 320 \u00e0 durcissement rapide, flexibilis\u00e9e | KLB rev\u00eatement de sol \u2714\ufe0f rev\u00eatements lisses ou saupoudr\u00e9s de paillettes partiColor\u00ae","robots":{"index":"noindex","follow":"follow","max-snippet":"max-snippet:-1","max-image-preview":"max-image-preview:large","max-video-preview":"max-video-preview:-1"},"og_locale":"fr_FR","og_type":"article","og_title":"R\u00e9sine de rev\u00eatement PMMA AC 320 durcissant rapide bicomp. | KLB","og_description":"R\u00e9sine de rev\u00eatement PMMA AC 320 \u00e0 durcissement rapide, flexibilis\u00e9e | KLB rev\u00eatement de sol \u2714\ufe0f rev\u00eatements lisses ou saupoudr\u00e9s de paillettes partiColor\u00ae","og_url":"https:\/\/www.klb-koetztal.de\/fr\/produkt\/klb-system-acryl-ac-320\/","og_site_name":"KLB K\u00f6tztal","article_publisher":"https:\/\/www.facebook.com\/klbkoetztal","article_modified_time":"2026-04-24T11:01:23+00:00","og_image":[{"width":500,"height":500,"url":"https:\/\/www.klb-koetztal.de\/app\/uploads\/2022\/03\/AC320.jpg","type":"image\/jpeg"}],"twitter_card":"summary_large_image","schema":{"@context":"https:\/\/schema.org","@graph":[{"@type":"WebPage","@id":"https:\/\/www.klb-koetztal.de\/fr\/produkt\/klb-system-acryl-ac-320\/","url":"https:\/\/www.klb-koetztal.de\/fr\/produkt\/klb-system-acryl-ac-320\/","name":"R\u00e9sine de rev\u00eatement PMMA AC 320 durcissant rapide bicomp. | KLB","isPartOf":{"@id":"https:\/\/www.klb-koetztal.de\/fr\/#website"},"primaryImageOfPage":{"@id":"https:\/\/www.klb-koetztal.de\/fr\/produkt\/klb-system-acryl-ac-320\/#primaryimage"},"image":{"@id":"https:\/\/www.klb-koetztal.de\/fr\/produkt\/klb-system-acryl-ac-320\/#primaryimage"},"thumbnailUrl":"https:\/\/www.klb-koetztal.de\/app\/uploads\/2022\/03\/AC320.jpg","datePublished":"2022-03-14T10:13:08+00:00","dateModified":"2026-04-24T11:01:23+00:00","description":"R\u00e9sine de rev\u00eatement PMMA AC 320 \u00e0 durcissement rapide, flexibilis\u00e9e | KLB rev\u00eatement de sol \u2714\ufe0f rev\u00eatements lisses ou saupoudr\u00e9s de paillettes partiColor\u00ae","breadcrumb":{"@id":"https:\/\/www.klb-koetztal.de\/fr\/produkt\/klb-system-acryl-ac-320\/#breadcrumb"},"inLanguage":"fr-FR","potentialAction":[{"@type":"ReadAction","target":["https:\/\/www.klb-koetztal.de\/fr\/produkt\/klb-system-acryl-ac-320\/"]}]},{"@type":"ImageObject","inLanguage":"fr-FR","@id":"https:\/\/www.klb-koetztal.de\/fr\/produkt\/klb-system-acryl-ac-320\/#primaryimage","url":"https:\/\/www.klb-koetztal.de\/app\/uploads\/2022\/03\/AC320.jpg","contentUrl":"https:\/\/www.klb-koetztal.de\/app\/uploads\/2022\/03\/AC320.jpg","width":500,"height":500},{"@type":"BreadcrumbList","@id":"https:\/\/www.klb-koetztal.de\/fr\/produkt\/klb-system-acryl-ac-320\/#breadcrumb","itemListElement":[{"@type":"ListItem","position":1,"name":"Startseite","item":"https:\/\/www.klb-koetztal.de\/fr\/"},{"@type":"ListItem","position":2,"name":"KLB-SYSTEM ACRYL AC 320"}]},{"@type":"WebSite","@id":"https:\/\/www.klb-koetztal.de\/fr\/#website","url":"https:\/\/www.klb-koetztal.de\/fr\/","name":"KLB K\u00f6tztal Lacke + Beschichtungen GmbH","description":"Gute B\u00f6den haben ein System.","publisher":{"@id":"https:\/\/www.klb-koetztal.de\/fr\/#organization"},"potentialAction":[{"@type":"SearchAction","target":{"@type":"EntryPoint","urlTemplate":"https:\/\/www.klb-koetztal.de\/fr\/?s={search_term_string}"},"query-input":{"@type":"PropertyValueSpecification","valueRequired":true,"valueName":"search_term_string"}}],"inLanguage":"fr-FR"},{"@type":"Organization","@id":"https:\/\/www.klb-koetztal.de\/fr\/#organization","name":"KLB K\u00f6tztal Lacke + Beschichtungen GmbH","url":"https:\/\/www.klb-koetztal.de\/fr\/","logo":{"@type":"ImageObject","inLanguage":"fr-FR","@id":"https:\/\/www.klb-koetztal.de\/fr\/#\/schema\/logo\/image\/","url":"https:\/\/www.klb-koetztal.de\/app\/uploads\/2023\/10\/KLB_4C_HQ.png","contentUrl":"https:\/\/www.klb-koetztal.de\/app\/uploads\/2023\/10\/KLB_4C_HQ.png","width":1500,"height":363,"caption":"KLB K\u00f6tztal Lacke + Beschichtungen GmbH"},"image":{"@id":"https:\/\/www.klb-koetztal.de\/fr\/#\/schema\/logo\/image\/"},"sameAs":["https:\/\/www.facebook.com\/klbkoetztal","https:\/\/www.instagram.com\/klbkoetztal\/","https:\/\/www.linkedin.com\/company\/klbkoetztal"]}]}},"_links":{"self":[{"href":"https:\/\/www.klb-koetztal.de\/fr\/wp-json\/wp\/v2\/product\/50277","targetHints":{"allow":["GET"]}}],"collection":[{"href":"https:\/\/www.klb-koetztal.de\/fr\/wp-json\/wp\/v2\/product"}],"about":[{"href":"https:\/\/www.klb-koetztal.de\/fr\/wp-json\/wp\/v2\/types\/product"}],"wp:featuredmedia":[{"embeddable":true,"href":"https:\/\/www.klb-koetztal.de\/fr\/wp-json\/wp\/v2\/media\/50278"}],"wp:attachment":[{"href":"https:\/\/www.klb-koetztal.de\/fr\/wp-json\/wp\/v2\/media?parent=50277"}],"wp:term":[{"taxonomy":"product_brand","embeddable":true,"href":"https:\/\/www.klb-koetztal.de\/fr\/wp-json\/wp\/v2\/product_brand?post=50277"},{"taxonomy":"product_cat","embeddable":true,"href":"https:\/\/www.klb-koetztal.de\/fr\/wp-json\/wp\/v2\/product_cat?post=50277"},{"taxonomy":"product_tag","embeddable":true,"href":"https:\/\/www.klb-koetztal.de\/fr\/wp-json\/wp\/v2\/product_tag?post=50277"}],"curies":[{"name":"wp","href":"https:\/\/api.w.org\/{rel}","templated":true}]}}