{"id":50250,"date":"2022-03-14T11:12:23","date_gmt":"2022-03-14T10:12:23","guid":{"rendered":"https:\/\/dev.klb-koetztal.de\/produkt\/klb-system-ac-haerterpulver\/"},"modified":"2026-04-01T12:15:24","modified_gmt":"2026-04-01T10:15:24","slug":"klb-system-ac-haerterpulver","status":"publish","type":"product","link":"https:\/\/www.klb-koetztal.de\/fr\/produkt\/klb-system-ac-haerterpulver\/","title":{"rendered":"KLB-SYSTEM AC-H\u00e4rterpulver"},"content":{"rendered":"","protected":false},"excerpt":{"rendered":"<p>Composant r\u00e9actif pour le durcissement des r\u00e9sines PMMA comme AC 20, AC 313, AC 820, etc.<br \/>\nPour obtenir des characteristiques produit optimales, veuillez respecter les quantit\u00e9s \u00e0 ajouter en fonction de la temp\u00e9rature.&#160;Le dosage est indiqu\u00e9 dans les informations produit des r\u00e9sines.<\/p>\n","protected":false},"featured_media":50358,"template":"","meta":{"_acf_changed":false},"product_brand":[],"product_cat":[10040,10110,10042,10112,10061,10111],"product_tag":[],"class_list":{"0":"post-50250","1":"product","2":"type-product","3":"status-publish","4":"has-post-thumbnail","6":"product_cat-couches-de-fond","7":"product_cat-couches-de-fond_couches-de-fond-pmma","8":"product_cat-revetements","9":"product_cat-revetements_revetements-et-scellement-de-finition-pmma","10":"product_cat-scellements-de-finition-pour-des-revetements-saupoudres","11":"product_cat-scellements-de-finition-pour-des-revetements-saupoudres_scellements-de-finition-pmma","13":"first","14":"instock","15":"shipping-taxable","16":"product-type-simple"},"acf":{"product_header":{"module_product_header":{"":null,"prototype_headline":{"headline":"KLB-SYSTEM AC-H\u00e4rterpulver","h1":true,"subheadline":"Composant r\u00e9actif pour le durcissement des r\u00e9sines PMMA","anchor":"","url":""},"grid_text_slider":false,"grid_text_content":[{"text":"<p class=\"product-short-title\" style=\"text-align: center;\"><strong>Br\u00e8ve description<\/strong><\/p>\n<p>Composant r\u00e9actif pour le durcissement des r\u00e9sines PMMA comme AC 20, AC 313, AC 820, etc.<\/p>\n<p>Pour obtenir des characteristiques produit optimales, veuillez respecter les quantit\u00e9s \u00e0 ajouter en fonction de la temp\u00e9rature.&#160;Le dosage est indiqu\u00e9 dans les informations produit des r\u00e9sines.<\/p>\n","width":"4","background_color_text":"bg-white","border_color":"border-gray-light"},{"text":"<p class=\"product-sicing-title\" style=\"text-align: center;\"><strong>Unit\u00e9s d'emballage<\/strong><\/p>\n<ul>\n<li>MA9999-96 &#8211; Bo\u00eete 0,40 kg<\/li>\n<li>MA9999-70 &#8211; Carton 5,00 kg<\/li>\n<li>MA9999-25 &#8211; Carton 25,00 kg<\/li>\n<\/ul>\n<p><\/p>\n<p>N&rsquo;h\u00e9sitez pas \u00e0 contacter directement pour toute demande concernant des quantit\u00e9s de livraison ou des unit\u00e9s de conditionnement plus importantes.<\/p>\n\n","width":"4","background_color_text":"bg-white","border_color":"border-gray-light"},{"text":"<p class=\"product-attr-title\" style=\"text-align: center;\"><strong>Propri\u00e9t\u00e9s<\/strong><\/p>\n<ul>\n<li>durcit \u00e0 basses temp\u00e9ratures<\/li>\n<li>temps de durcissement courts<\/li>\n<\/ul>\n","width":"4","background_color_text":"bg-white","border_color":"border-gray-light"}],"background_color":"bg-none","background_color_content":"bg-none"}},"downloads":{"module_download_list":{"inhalt":null,"downloads":[{"download":{"ID":64054,"id":64054,"title":"AC-Haerterpulver_PI_fr_2024_12","filename":"AC-Haerterpulver_PI_fr_2024_12.pdf","filesize":161027,"url":"https:\/\/www.klb-koetztal.de\/app\/uploads\/2024\/12\/AC-Haerterpulver_PI_fr_2024_12.pdf","link":"https:\/\/www.klb-koetztal.de\/fr\/?attachment_id=64054","alt":"","author":"7","description":"","caption":"","name":"ac-haerterpulver_pi_fr_2024_12-2","status":"inherit","uploaded_to":0,"date":"2024-12-18 09:30:42","modified":"2024-12-18 09:30:42","menu_order":0,"mime_type":"application\/pdf","type":"application","subtype":"pdf","icon":"https:\/\/www.klb-koetztal.de\/wp\/wp-includes\/images\/media\/document.png"},"filename":"Information produit","protected":false,"doclang":"FR","externalkey":"Produktinformation","docpos":"3"},{"download":false,"filename":"Fiche de donn\u00e9es de s\u00e9curit\u00e9","protected":true,"doclang":"FR","externalkey":"Sicherheitsdatenblatt","docpos":"3"}],"einstellungen":null,"background_color":"bg-none","background_color_content":"bg-none"}},"included_in_systems":{"module_included_in_systems":{"":null,"background_color":"bg-gray-medium","background_color_content":"bg-none"}},"contact":{"module_contact":{"":null,"background_color":"bg-none","background_color_content":"bg-none"}},"ausschreibende":{"module_ausschreibende":{"andern_sie_den_inhalt_unter_universelle_elemente":null,"background_color":"bg-none","background_color_content":"bg-none"}}},"yoast_head":"<!-- This site is optimized with the Yoast SEO plugin v27.0 - https:\/\/yoast.com\/product\/yoast-seo-wordpress\/ -->\n<title>Composant r\u00e9actif AC-H\u00e4rterpulver | KLB K\u00f6tztal<\/title>\n<meta name=\"description\" content=\"Composant r\u00e9actif AC-H\u00e4rterpulver pour rev\u00eatements r\u00e9sine acryliques | KLB rev\u00eatements de sol r\u00e9sine synth\u00e9tique \u2714\ufe0f ajouter aux r\u00e9sines PMMA durcissant\" \/>\n<meta name=\"robots\" content=\"noindex, follow, max-snippet:-1, max-image-preview:large, max-video-preview:-1\" \/>\n<meta property=\"og:locale\" content=\"fr_FR\" \/>\n<meta property=\"og:type\" content=\"article\" \/>\n<meta property=\"og:title\" content=\"Composant r\u00e9actif AC-H\u00e4rterpulver | KLB K\u00f6tztal\" \/>\n<meta property=\"og:description\" content=\"Composant r\u00e9actif AC-H\u00e4rterpulver pour rev\u00eatements r\u00e9sine acryliques | KLB rev\u00eatements de sol r\u00e9sine synth\u00e9tique \u2714\ufe0f ajouter aux r\u00e9sines PMMA durcissant\" \/>\n<meta property=\"og:url\" content=\"https:\/\/www.klb-koetztal.de\/fr\/produkt\/klb-system-ac-haerterpulver\/\" \/>\n<meta property=\"og:site_name\" content=\"KLB K\u00f6tztal\" \/>\n<meta property=\"article:publisher\" content=\"https:\/\/www.facebook.com\/klbkoetztal\" \/>\n<meta property=\"article:modified_time\" content=\"2026-04-01T10:15:24+00:00\" \/>\n<meta property=\"og:image\" content=\"https:\/\/www.klb-koetztal.de\/app\/uploads\/2022\/03\/Produkt_Platzhalter.jpg\" \/>\n\t<meta property=\"og:image:width\" content=\"500\" \/>\n\t<meta property=\"og:image:height\" content=\"500\" \/>\n\t<meta property=\"og:image:type\" content=\"image\/jpeg\" \/>\n<meta name=\"twitter:card\" content=\"summary_large_image\" \/>\n<script type=\"application\/ld+json\" class=\"yoast-schema-graph\">{\"@context\":\"https:\/\/schema.org\",\"@graph\":[{\"@type\":\"WebPage\",\"@id\":\"https:\/\/www.klb-koetztal.de\/fr\/produkt\/klb-system-ac-haerterpulver\/\",\"url\":\"https:\/\/www.klb-koetztal.de\/fr\/produkt\/klb-system-ac-haerterpulver\/\",\"name\":\"Composant r\u00e9actif AC-H\u00e4rterpulver | KLB K\u00f6tztal\",\"isPartOf\":{\"@id\":\"https:\/\/www.klb-koetztal.de\/fr\/#website\"},\"primaryImageOfPage\":{\"@id\":\"https:\/\/www.klb-koetztal.de\/fr\/produkt\/klb-system-ac-haerterpulver\/#primaryimage\"},\"image\":{\"@id\":\"https:\/\/www.klb-koetztal.de\/fr\/produkt\/klb-system-ac-haerterpulver\/#primaryimage\"},\"thumbnailUrl\":\"https:\/\/www.klb-koetztal.de\/app\/uploads\/2022\/03\/Produkt_Platzhalter.jpg\",\"datePublished\":\"2022-03-14T10:12:23+00:00\",\"dateModified\":\"2026-04-01T10:15:24+00:00\",\"description\":\"Composant r\u00e9actif AC-H\u00e4rterpulver pour rev\u00eatements r\u00e9sine acryliques | KLB rev\u00eatements de sol r\u00e9sine synth\u00e9tique \u2714\ufe0f ajouter aux r\u00e9sines PMMA durcissant\",\"breadcrumb\":{\"@id\":\"https:\/\/www.klb-koetztal.de\/fr\/produkt\/klb-system-ac-haerterpulver\/#breadcrumb\"},\"inLanguage\":\"fr-FR\",\"potentialAction\":[{\"@type\":\"ReadAction\",\"target\":[\"https:\/\/www.klb-koetztal.de\/fr\/produkt\/klb-system-ac-haerterpulver\/\"]}]},{\"@type\":\"ImageObject\",\"inLanguage\":\"fr-FR\",\"@id\":\"https:\/\/www.klb-koetztal.de\/fr\/produkt\/klb-system-ac-haerterpulver\/#primaryimage\",\"url\":\"https:\/\/www.klb-koetztal.de\/app\/uploads\/2022\/03\/Produkt_Platzhalter.jpg\",\"contentUrl\":\"https:\/\/www.klb-koetztal.de\/app\/uploads\/2022\/03\/Produkt_Platzhalter.jpg\",\"width\":500,\"height\":500},{\"@type\":\"BreadcrumbList\",\"@id\":\"https:\/\/www.klb-koetztal.de\/fr\/produkt\/klb-system-ac-haerterpulver\/#breadcrumb\",\"itemListElement\":[{\"@type\":\"ListItem\",\"position\":1,\"name\":\"Startseite\",\"item\":\"https:\/\/www.klb-koetztal.de\/fr\/\"},{\"@type\":\"ListItem\",\"position\":2,\"name\":\"KLB-SYSTEM AC-H\u00e4rterpulver\"}]},{\"@type\":\"WebSite\",\"@id\":\"https:\/\/www.klb-koetztal.de\/fr\/#website\",\"url\":\"https:\/\/www.klb-koetztal.de\/fr\/\",\"name\":\"KLB K\u00f6tztal\",\"description\":\"Gute B\u00f6den haben ein System.\",\"potentialAction\":[{\"@type\":\"SearchAction\",\"target\":{\"@type\":\"EntryPoint\",\"urlTemplate\":\"https:\/\/www.klb-koetztal.de\/fr\/?s={search_term_string}\"},\"query-input\":{\"@type\":\"PropertyValueSpecification\",\"valueRequired\":true,\"valueName\":\"search_term_string\"}}],\"inLanguage\":\"fr-FR\"}]}<\/script>\n<!-- \/ Yoast SEO plugin. -->","yoast_head_json":{"title":"Composant r\u00e9actif AC-H\u00e4rterpulver | KLB K\u00f6tztal","description":"Composant r\u00e9actif AC-H\u00e4rterpulver pour rev\u00eatements r\u00e9sine acryliques | KLB rev\u00eatements de sol r\u00e9sine synth\u00e9tique \u2714\ufe0f ajouter aux r\u00e9sines PMMA durcissant","robots":{"index":"noindex","follow":"follow","max-snippet":"max-snippet:-1","max-image-preview":"max-image-preview:large","max-video-preview":"max-video-preview:-1"},"og_locale":"fr_FR","og_type":"article","og_title":"Composant r\u00e9actif AC-H\u00e4rterpulver | KLB K\u00f6tztal","og_description":"Composant r\u00e9actif AC-H\u00e4rterpulver pour rev\u00eatements r\u00e9sine acryliques | KLB rev\u00eatements de sol r\u00e9sine synth\u00e9tique \u2714\ufe0f ajouter aux r\u00e9sines PMMA durcissant","og_url":"https:\/\/www.klb-koetztal.de\/fr\/produkt\/klb-system-ac-haerterpulver\/","og_site_name":"KLB K\u00f6tztal","article_publisher":"https:\/\/www.facebook.com\/klbkoetztal","article_modified_time":"2026-04-01T10:15:24+00:00","og_image":[{"width":500,"height":500,"url":"https:\/\/www.klb-koetztal.de\/app\/uploads\/2022\/03\/Produkt_Platzhalter.jpg","type":"image\/jpeg"}],"twitter_card":"summary_large_image","schema":{"@context":"https:\/\/schema.org","@graph":[{"@type":"WebPage","@id":"https:\/\/www.klb-koetztal.de\/fr\/produkt\/klb-system-ac-haerterpulver\/","url":"https:\/\/www.klb-koetztal.de\/fr\/produkt\/klb-system-ac-haerterpulver\/","name":"Composant r\u00e9actif AC-H\u00e4rterpulver | KLB K\u00f6tztal","isPartOf":{"@id":"https:\/\/www.klb-koetztal.de\/fr\/#website"},"primaryImageOfPage":{"@id":"https:\/\/www.klb-koetztal.de\/fr\/produkt\/klb-system-ac-haerterpulver\/#primaryimage"},"image":{"@id":"https:\/\/www.klb-koetztal.de\/fr\/produkt\/klb-system-ac-haerterpulver\/#primaryimage"},"thumbnailUrl":"https:\/\/www.klb-koetztal.de\/app\/uploads\/2022\/03\/Produkt_Platzhalter.jpg","datePublished":"2022-03-14T10:12:23+00:00","dateModified":"2026-04-01T10:15:24+00:00","description":"Composant r\u00e9actif AC-H\u00e4rterpulver pour rev\u00eatements r\u00e9sine acryliques | KLB rev\u00eatements de sol r\u00e9sine synth\u00e9tique \u2714\ufe0f ajouter aux r\u00e9sines PMMA durcissant","breadcrumb":{"@id":"https:\/\/www.klb-koetztal.de\/fr\/produkt\/klb-system-ac-haerterpulver\/#breadcrumb"},"inLanguage":"fr-FR","potentialAction":[{"@type":"ReadAction","target":["https:\/\/www.klb-koetztal.de\/fr\/produkt\/klb-system-ac-haerterpulver\/"]}]},{"@type":"ImageObject","inLanguage":"fr-FR","@id":"https:\/\/www.klb-koetztal.de\/fr\/produkt\/klb-system-ac-haerterpulver\/#primaryimage","url":"https:\/\/www.klb-koetztal.de\/app\/uploads\/2022\/03\/Produkt_Platzhalter.jpg","contentUrl":"https:\/\/www.klb-koetztal.de\/app\/uploads\/2022\/03\/Produkt_Platzhalter.jpg","width":500,"height":500},{"@type":"BreadcrumbList","@id":"https:\/\/www.klb-koetztal.de\/fr\/produkt\/klb-system-ac-haerterpulver\/#breadcrumb","itemListElement":[{"@type":"ListItem","position":1,"name":"Startseite","item":"https:\/\/www.klb-koetztal.de\/fr\/"},{"@type":"ListItem","position":2,"name":"KLB-SYSTEM AC-H\u00e4rterpulver"}]},{"@type":"WebSite","@id":"https:\/\/www.klb-koetztal.de\/fr\/#website","url":"https:\/\/www.klb-koetztal.de\/fr\/","name":"KLB K\u00f6tztal","description":"Gute B\u00f6den haben ein System.","potentialAction":[{"@type":"SearchAction","target":{"@type":"EntryPoint","urlTemplate":"https:\/\/www.klb-koetztal.de\/fr\/?s={search_term_string}"},"query-input":{"@type":"PropertyValueSpecification","valueRequired":true,"valueName":"search_term_string"}}],"inLanguage":"fr-FR"}]}},"_links":{"self":[{"href":"https:\/\/www.klb-koetztal.de\/fr\/wp-json\/wp\/v2\/product\/50250","targetHints":{"allow":["GET"]}}],"collection":[{"href":"https:\/\/www.klb-koetztal.de\/fr\/wp-json\/wp\/v2\/product"}],"about":[{"href":"https:\/\/www.klb-koetztal.de\/fr\/wp-json\/wp\/v2\/types\/product"}],"wp:featuredmedia":[{"embeddable":true,"href":"https:\/\/www.klb-koetztal.de\/fr\/wp-json\/wp\/v2\/media\/50358"}],"wp:attachment":[{"href":"https:\/\/www.klb-koetztal.de\/fr\/wp-json\/wp\/v2\/media?parent=50250"}],"wp:term":[{"taxonomy":"product_brand","embeddable":true,"href":"https:\/\/www.klb-koetztal.de\/fr\/wp-json\/wp\/v2\/product_brand?post=50250"},{"taxonomy":"product_cat","embeddable":true,"href":"https:\/\/www.klb-koetztal.de\/fr\/wp-json\/wp\/v2\/product_cat?post=50250"},{"taxonomy":"product_tag","embeddable":true,"href":"https:\/\/www.klb-koetztal.de\/fr\/wp-json\/wp\/v2\/product_tag?post=50250"}],"curies":[{"name":"wp","href":"https:\/\/api.w.org\/{rel}","templated":true}]}}