{"id":50249,"date":"2022-03-14T11:12:22","date_gmt":"2022-03-14T10:12:22","guid":{"rendered":"https:\/\/dev.klb-koetztal.de\/produkt\/klb-system-acryl-ac-beschleuniger-10\/"},"modified":"2026-04-01T12:44:40","modified_gmt":"2026-04-01T10:44:40","slug":"klb-system-acryl-ac-beschleuniger-10","status":"publish","type":"product","link":"https:\/\/www.klb-koetztal.de\/fr\/produkt\/klb-system-acryl-ac-beschleuniger-10\/","title":{"rendered":"KLB-SYSTEM ACRYL AC Beschleuniger 10"},"content":{"rendered":"","protected":false},"excerpt":{"rendered":"<p>Acc\u00e9l\u00e9rateur de durcissement pour les r\u00e9sines acryliques \u00e0 des temp\u00e9ratures de mise en \u0153uvre&#160;inf\u00e9rieures \u00e0 0 \u00b0C.&#160;N&rsquo;ajouter jamais l&rsquo;acc\u00e9l\u00e9rateur par une temp\u00e9rature sup\u00e9rieure \u00e0 5 \u00b0C. Ajoutez la quantit\u00e9&#160;\u00e0 la r\u00e9sine acrylique selon les informations respectives du produit.&#160;Respecter les indications sur&#160;la mise en \u0153uvre&#160;port\u00e9es dans les informations produit !<\/p>\n","protected":false},"featured_media":50358,"template":"","meta":{"_acf_changed":false},"product_brand":[],"product_cat":[10040,10110],"product_tag":[],"class_list":{"0":"post-50249","1":"product","2":"type-product","3":"status-publish","4":"has-post-thumbnail","6":"product_cat-couches-de-fond","7":"product_cat-couches-de-fond_couches-de-fond-pmma","9":"first","10":"instock","11":"shipping-taxable","12":"product-type-simple"},"acf":{"product_header":{"module_product_header":{"":null,"prototype_headline":{"headline":"KLB-SYSTEM ACRYL AC Beschleuniger 10","h1":true,"subheadline":"Acc\u00e9l\u00e9rateur de r\u00e9action pour les r\u00e9sines acryliques \u00e0 des temp\u00e9ratures de mise en \u0153uvre&#160;inf\u00e9rieures \u00e0 0 \u00b0C","anchor":"","url":""},"grid_text_slider":false,"grid_text_content":[{"text":"<p class=\"product-short-title\" style=\"text-align: center;\"><strong>Br\u00e8ve description<\/strong><\/p>\n<p>Acc\u00e9l\u00e9rateur de durcissement pour les r\u00e9sines acryliques \u00e0 des temp\u00e9ratures de mise en \u0153uvre&#160;inf\u00e9rieures \u00e0 0 \u00b0C.&#160;N&rsquo;ajouter jamais l&rsquo;acc\u00e9l\u00e9rateur par une temp\u00e9rature sup\u00e9rieure \u00e0 5 \u00b0C. Ajoutez la quantit\u00e9&#160;\u00e0 la r\u00e9sine acrylique selon les informations respectives du produit.&#160;Respecter les indications sur&#160;la mise en \u0153uvre&#160;port\u00e9es dans les informations produit !<\/p>\n","width":"4","background_color_text":"bg-white","border_color":"border-gray-light"},{"text":"<p class=\"product-sicing-title\" style=\"text-align: center;\"><strong>Unit\u00e9s d'emballage<\/strong><\/p>\n<ul>\n<li>MA0002-97 &#8211; Bouteille 0,20 kg<\/li>\n<li>MA0002-92 &#8211; Bouteille 1,00 kg<\/li>\n<\/ul>\n<p><\/p>\n<p>N&rsquo;h\u00e9sitez pas \u00e0 contacter directement pour toute demande concernant des quantit\u00e9s de livraison ou des unit\u00e9s de conditionnement plus importantes.<\/p>\n\n","width":"4","background_color_text":"bg-white","border_color":"border-gray-light"},{"text":"<p class=\"product-attr-title\" style=\"text-align: center;\"><strong>Propri\u00e9t\u00e9s<\/strong><\/p>\n<ul>\n<li>gain de temps<\/li>\n<\/ul>\n","width":"4","background_color_text":"bg-white","border_color":"border-gray-light"}],"background_color":"bg-none","background_color_content":"bg-none"}},"downloads":{"module_download_list":{"inhalt":null,"downloads":[{"download":{"ID":55238,"id":55238,"title":"AC_Beschleuniger_10_PI_fr_2023_02-1","filename":"AC_Beschleuniger_10_PI_fr_2023_02-1.pdf","filesize":169995,"url":"https:\/\/www.klb-koetztal.de\/app\/uploads\/2023\/02\/AC_Beschleuniger_10_PI_fr_2023_02-1.pdf","link":"https:\/\/www.klb-koetztal.de\/fr\/?attachment_id=55238","alt":"","author":"7","description":"","caption":"","name":"ac_beschleuniger_10_pi_fr_2023_02-1-2","status":"inherit","uploaded_to":0,"date":"2023-02-23 14:40:09","modified":"2023-02-23 14:40:09","menu_order":0,"mime_type":"application\/pdf","type":"application","subtype":"pdf","icon":"https:\/\/www.klb-koetztal.de\/wp\/wp-includes\/images\/media\/document.png"},"filename":"Information produit","protected":false,"doclang":"FR","externalkey":"Produktinformation","docpos":"3"},{"download":false,"filename":"Fiche de donn\u00e9es de s\u00e9curit\u00e9","protected":true,"doclang":"FR","externalkey":"Sicherheitsdatenblatt","docpos":"3"}],"einstellungen":null,"background_color":"bg-none","background_color_content":"bg-none"}},"included_in_systems":{"module_included_in_systems":{"":null,"background_color":"bg-gray-medium","background_color_content":"bg-none"}},"contact":{"module_contact":{"":null,"background_color":"bg-none","background_color_content":"bg-none"}},"ausschreibende":{"module_ausschreibende":{"andern_sie_den_inhalt_unter_universelle_elemente":null,"background_color":"bg-none","background_color_content":"bg-none"}}},"yoast_head":"<!-- This site is optimized with the Yoast SEO plugin v27.0 - https:\/\/yoast.com\/product\/yoast-seo-wordpress\/ -->\n<title>Acc\u00e9l\u00e9rateur pour r\u00e9sines acryliques AC Beschleuniger 10 | KLB<\/title>\n<meta name=\"description\" content=\"Acc\u00e9l\u00e9rateur de r\u00e9action pour r\u00e9sines acryliques AC Beschleuniger 10 | KLB rev\u00eatements de sol \u2714\ufe0f \u00e0 des temp\u00e9ratures de mise en \u0153uvre inf\u00e9rieures \u00e0 0 \u00b0C\" \/>\n<meta name=\"robots\" content=\"noindex, follow, max-snippet:-1, max-image-preview:large, max-video-preview:-1\" \/>\n<meta property=\"og:locale\" content=\"fr_FR\" \/>\n<meta property=\"og:type\" content=\"article\" \/>\n<meta property=\"og:title\" content=\"Acc\u00e9l\u00e9rateur pour r\u00e9sines acryliques AC Beschleuniger 10 | KLB\" \/>\n<meta property=\"og:description\" content=\"Acc\u00e9l\u00e9rateur de r\u00e9action pour r\u00e9sines acryliques AC Beschleuniger 10 | KLB rev\u00eatements de sol \u2714\ufe0f \u00e0 des temp\u00e9ratures de mise en \u0153uvre inf\u00e9rieures \u00e0 0 \u00b0C\" \/>\n<meta property=\"og:url\" content=\"https:\/\/www.klb-koetztal.de\/fr\/produkt\/klb-system-acryl-ac-beschleuniger-10\/\" \/>\n<meta property=\"og:site_name\" content=\"KLB K\u00f6tztal\" \/>\n<meta property=\"article:publisher\" content=\"https:\/\/www.facebook.com\/klbkoetztal\" \/>\n<meta property=\"article:modified_time\" content=\"2026-04-01T10:44:40+00:00\" \/>\n<meta property=\"og:image\" content=\"https:\/\/www.klb-koetztal.de\/app\/uploads\/2022\/03\/Produkt_Platzhalter.jpg\" \/>\n\t<meta property=\"og:image:width\" content=\"500\" \/>\n\t<meta property=\"og:image:height\" content=\"500\" \/>\n\t<meta property=\"og:image:type\" content=\"image\/jpeg\" \/>\n<meta name=\"twitter:card\" content=\"summary_large_image\" \/>\n<script type=\"application\/ld+json\" class=\"yoast-schema-graph\">{\"@context\":\"https:\/\/schema.org\",\"@graph\":[{\"@type\":\"WebPage\",\"@id\":\"https:\/\/www.klb-koetztal.de\/fr\/produkt\/klb-system-acryl-ac-beschleuniger-10\/\",\"url\":\"https:\/\/www.klb-koetztal.de\/fr\/produkt\/klb-system-acryl-ac-beschleuniger-10\/\",\"name\":\"Acc\u00e9l\u00e9rateur pour r\u00e9sines acryliques AC Beschleuniger 10 | KLB\",\"isPartOf\":{\"@id\":\"https:\/\/www.klb-koetztal.de\/fr\/#website\"},\"primaryImageOfPage\":{\"@id\":\"https:\/\/www.klb-koetztal.de\/fr\/produkt\/klb-system-acryl-ac-beschleuniger-10\/#primaryimage\"},\"image\":{\"@id\":\"https:\/\/www.klb-koetztal.de\/fr\/produkt\/klb-system-acryl-ac-beschleuniger-10\/#primaryimage\"},\"thumbnailUrl\":\"https:\/\/www.klb-koetztal.de\/app\/uploads\/2022\/03\/Produkt_Platzhalter.jpg\",\"datePublished\":\"2022-03-14T10:12:22+00:00\",\"dateModified\":\"2026-04-01T10:44:40+00:00\",\"description\":\"Acc\u00e9l\u00e9rateur de r\u00e9action pour r\u00e9sines acryliques AC Beschleuniger 10 | KLB rev\u00eatements de sol \u2714\ufe0f \u00e0 des temp\u00e9ratures de mise en \u0153uvre inf\u00e9rieures \u00e0 0 \u00b0C\",\"breadcrumb\":{\"@id\":\"https:\/\/www.klb-koetztal.de\/fr\/produkt\/klb-system-acryl-ac-beschleuniger-10\/#breadcrumb\"},\"inLanguage\":\"fr-FR\",\"potentialAction\":[{\"@type\":\"ReadAction\",\"target\":[\"https:\/\/www.klb-koetztal.de\/fr\/produkt\/klb-system-acryl-ac-beschleuniger-10\/\"]}]},{\"@type\":\"ImageObject\",\"inLanguage\":\"fr-FR\",\"@id\":\"https:\/\/www.klb-koetztal.de\/fr\/produkt\/klb-system-acryl-ac-beschleuniger-10\/#primaryimage\",\"url\":\"https:\/\/www.klb-koetztal.de\/app\/uploads\/2022\/03\/Produkt_Platzhalter.jpg\",\"contentUrl\":\"https:\/\/www.klb-koetztal.de\/app\/uploads\/2022\/03\/Produkt_Platzhalter.jpg\",\"width\":500,\"height\":500},{\"@type\":\"BreadcrumbList\",\"@id\":\"https:\/\/www.klb-koetztal.de\/fr\/produkt\/klb-system-acryl-ac-beschleuniger-10\/#breadcrumb\",\"itemListElement\":[{\"@type\":\"ListItem\",\"position\":1,\"name\":\"Startseite\",\"item\":\"https:\/\/www.klb-koetztal.de\/fr\/\"},{\"@type\":\"ListItem\",\"position\":2,\"name\":\"KLB-SYSTEM ACRYL AC Beschleuniger 10\"}]},{\"@type\":\"WebSite\",\"@id\":\"https:\/\/www.klb-koetztal.de\/fr\/#website\",\"url\":\"https:\/\/www.klb-koetztal.de\/fr\/\",\"name\":\"KLB K\u00f6tztal\",\"description\":\"Gute B\u00f6den haben ein System.\",\"potentialAction\":[{\"@type\":\"SearchAction\",\"target\":{\"@type\":\"EntryPoint\",\"urlTemplate\":\"https:\/\/www.klb-koetztal.de\/fr\/?s={search_term_string}\"},\"query-input\":{\"@type\":\"PropertyValueSpecification\",\"valueRequired\":true,\"valueName\":\"search_term_string\"}}],\"inLanguage\":\"fr-FR\"}]}<\/script>\n<!-- \/ Yoast SEO plugin. -->","yoast_head_json":{"title":"Acc\u00e9l\u00e9rateur pour r\u00e9sines acryliques AC Beschleuniger 10 | KLB","description":"Acc\u00e9l\u00e9rateur de r\u00e9action pour r\u00e9sines acryliques AC Beschleuniger 10 | KLB rev\u00eatements de sol \u2714\ufe0f \u00e0 des temp\u00e9ratures de mise en \u0153uvre inf\u00e9rieures \u00e0 0 \u00b0C","robots":{"index":"noindex","follow":"follow","max-snippet":"max-snippet:-1","max-image-preview":"max-image-preview:large","max-video-preview":"max-video-preview:-1"},"og_locale":"fr_FR","og_type":"article","og_title":"Acc\u00e9l\u00e9rateur pour r\u00e9sines acryliques AC Beschleuniger 10 | KLB","og_description":"Acc\u00e9l\u00e9rateur de r\u00e9action pour r\u00e9sines acryliques AC Beschleuniger 10 | KLB rev\u00eatements de sol \u2714\ufe0f \u00e0 des temp\u00e9ratures de mise en \u0153uvre inf\u00e9rieures \u00e0 0 \u00b0C","og_url":"https:\/\/www.klb-koetztal.de\/fr\/produkt\/klb-system-acryl-ac-beschleuniger-10\/","og_site_name":"KLB K\u00f6tztal","article_publisher":"https:\/\/www.facebook.com\/klbkoetztal","article_modified_time":"2026-04-01T10:44:40+00:00","og_image":[{"width":500,"height":500,"url":"https:\/\/www.klb-koetztal.de\/app\/uploads\/2022\/03\/Produkt_Platzhalter.jpg","type":"image\/jpeg"}],"twitter_card":"summary_large_image","schema":{"@context":"https:\/\/schema.org","@graph":[{"@type":"WebPage","@id":"https:\/\/www.klb-koetztal.de\/fr\/produkt\/klb-system-acryl-ac-beschleuniger-10\/","url":"https:\/\/www.klb-koetztal.de\/fr\/produkt\/klb-system-acryl-ac-beschleuniger-10\/","name":"Acc\u00e9l\u00e9rateur pour r\u00e9sines acryliques AC Beschleuniger 10 | KLB","isPartOf":{"@id":"https:\/\/www.klb-koetztal.de\/fr\/#website"},"primaryImageOfPage":{"@id":"https:\/\/www.klb-koetztal.de\/fr\/produkt\/klb-system-acryl-ac-beschleuniger-10\/#primaryimage"},"image":{"@id":"https:\/\/www.klb-koetztal.de\/fr\/produkt\/klb-system-acryl-ac-beschleuniger-10\/#primaryimage"},"thumbnailUrl":"https:\/\/www.klb-koetztal.de\/app\/uploads\/2022\/03\/Produkt_Platzhalter.jpg","datePublished":"2022-03-14T10:12:22+00:00","dateModified":"2026-04-01T10:44:40+00:00","description":"Acc\u00e9l\u00e9rateur de r\u00e9action pour r\u00e9sines acryliques AC Beschleuniger 10 | KLB rev\u00eatements de sol \u2714\ufe0f \u00e0 des temp\u00e9ratures de mise en \u0153uvre inf\u00e9rieures \u00e0 0 \u00b0C","breadcrumb":{"@id":"https:\/\/www.klb-koetztal.de\/fr\/produkt\/klb-system-acryl-ac-beschleuniger-10\/#breadcrumb"},"inLanguage":"fr-FR","potentialAction":[{"@type":"ReadAction","target":["https:\/\/www.klb-koetztal.de\/fr\/produkt\/klb-system-acryl-ac-beschleuniger-10\/"]}]},{"@type":"ImageObject","inLanguage":"fr-FR","@id":"https:\/\/www.klb-koetztal.de\/fr\/produkt\/klb-system-acryl-ac-beschleuniger-10\/#primaryimage","url":"https:\/\/www.klb-koetztal.de\/app\/uploads\/2022\/03\/Produkt_Platzhalter.jpg","contentUrl":"https:\/\/www.klb-koetztal.de\/app\/uploads\/2022\/03\/Produkt_Platzhalter.jpg","width":500,"height":500},{"@type":"BreadcrumbList","@id":"https:\/\/www.klb-koetztal.de\/fr\/produkt\/klb-system-acryl-ac-beschleuniger-10\/#breadcrumb","itemListElement":[{"@type":"ListItem","position":1,"name":"Startseite","item":"https:\/\/www.klb-koetztal.de\/fr\/"},{"@type":"ListItem","position":2,"name":"KLB-SYSTEM ACRYL AC Beschleuniger 10"}]},{"@type":"WebSite","@id":"https:\/\/www.klb-koetztal.de\/fr\/#website","url":"https:\/\/www.klb-koetztal.de\/fr\/","name":"KLB K\u00f6tztal","description":"Gute B\u00f6den haben ein System.","potentialAction":[{"@type":"SearchAction","target":{"@type":"EntryPoint","urlTemplate":"https:\/\/www.klb-koetztal.de\/fr\/?s={search_term_string}"},"query-input":{"@type":"PropertyValueSpecification","valueRequired":true,"valueName":"search_term_string"}}],"inLanguage":"fr-FR"}]}},"_links":{"self":[{"href":"https:\/\/www.klb-koetztal.de\/fr\/wp-json\/wp\/v2\/product\/50249","targetHints":{"allow":["GET"]}}],"collection":[{"href":"https:\/\/www.klb-koetztal.de\/fr\/wp-json\/wp\/v2\/product"}],"about":[{"href":"https:\/\/www.klb-koetztal.de\/fr\/wp-json\/wp\/v2\/types\/product"}],"wp:featuredmedia":[{"embeddable":true,"href":"https:\/\/www.klb-koetztal.de\/fr\/wp-json\/wp\/v2\/media\/50358"}],"wp:attachment":[{"href":"https:\/\/www.klb-koetztal.de\/fr\/wp-json\/wp\/v2\/media?parent=50249"}],"wp:term":[{"taxonomy":"product_brand","embeddable":true,"href":"https:\/\/www.klb-koetztal.de\/fr\/wp-json\/wp\/v2\/product_brand?post=50249"},{"taxonomy":"product_cat","embeddable":true,"href":"https:\/\/www.klb-koetztal.de\/fr\/wp-json\/wp\/v2\/product_cat?post=50249"},{"taxonomy":"product_tag","embeddable":true,"href":"https:\/\/www.klb-koetztal.de\/fr\/wp-json\/wp\/v2\/product_tag?post=50249"}],"curies":[{"name":"wp","href":"https:\/\/api.w.org\/{rel}","templated":true}]}}