{"id":50057,"date":"2022-03-14T11:05:24","date_gmt":"2022-03-14T10:05:24","guid":{"rendered":"https:\/\/dev.klb-koetztal.de\/produkt\/klb-system-epoxid-ep-740-e\/"},"modified":"2026-04-01T12:47:47","modified_gmt":"2026-04-01T10:47:47","slug":"klb-system-epoxid-ep-740-e","status":"publish","type":"product","link":"https:\/\/www.klb-koetztal.de\/fr\/produkt\/klb-system-epoxid-ep-740-e\/","title":{"rendered":"KLB-SYSTEM EPOXID EP 740 E"},"content":{"rendered":"","protected":false},"excerpt":{"rendered":"<p>Scellement \u00e0 l&rsquo;\u00e9mulsion en r\u00e9sine \u00e9poxy \u00e0 2 composants, \u00e0 faible \u00e9mission, color\u00e9 et mat satin\u00e9 pour les surfaces commerciales et industrielles l\u00e9g\u00e8rement sollicit\u00e9es. Peut \u00eatre dilu\u00e9 dans l&rsquo;eau. Disponible \u00e0 partir de 10 kg en env. RAL 7030, env. RAL 7032, env. RAL 7035 et env. RAL 7040 ;&#160;\u00e0 partir de 300 kg d&rsquo;autres couleurs sont disponibles.<br \/>\nConforme \u00e0 l&rsquo;AgBB&#160;pour les pi\u00e8ces de s\u00e9jour. Certifi\u00e9 selon Eurofins \u00ab Indoor Air Comfort Gold \u00bb et EMICODE EC1 Plus comme \u00e9tant particuli\u00e8rement faible en \u00e9missions.<\/p>\n","protected":false},"featured_media":50059,"template":"","meta":{"_acf_changed":false},"product_brand":[],"product_cat":[10042,10057,10038,10104],"product_tag":[],"class_list":{"0":"post-50057","1":"product","2":"type-product","3":"status-publish","4":"has-post-thumbnail","6":"product_cat-revetements","7":"product_cat-revetements_revetements-et-scellements-permeables-a-la-diffusion-de-vapeur","8":"product_cat-scellements-impregnations","9":"product_cat-scellements-impregnations_scellements-en-resine-epoxyde-a-2-composants-emulsionnes-a-leau-et-permeables-a-la-diffusion-de-vapeur","11":"first","12":"instock","13":"shipping-taxable","14":"product-type-simple"},"acf":{"product_header":{"module_product_header":{"":null,"prototype_headline":{"headline":"KLB-SYSTEM EPOXID EP 740 E","h1":true,"subheadline":"Scellement \u00e0 l'\u00e9mulsion en r\u00e9sine \u00e9poxy \u00e0 2 composants, mat satin\u00e9 et&#160;color\u00e9 qui a \u00e9t\u00e9&#160;test\u00e9 comme syst\u00e8me de protection de surface&#160;OS 4 selon la&#160;directive&#160;DAfStb","anchor":"","url":""},"grid_text_slider":false,"grid_text_content":[{"text":"<p class=\"product-short-title\" style=\"text-align: center;\"><strong>Br\u00e8ve description<\/strong><\/p>\n<p>Scellement \u00e0 l&rsquo;\u00e9mulsion en r\u00e9sine \u00e9poxy \u00e0 2 composants, \u00e0 faible \u00e9mission, color\u00e9 et mat satin\u00e9 pour les surfaces commerciales et industrielles l\u00e9g\u00e8rement sollicit\u00e9es. Peut \u00eatre dilu\u00e9 dans l&rsquo;eau. Disponible \u00e0 partir de 10 kg en env. RAL 7030, env. RAL 7032, env. RAL 7035 et env. RAL 7040 ;&#160;\u00e0 partir de 300 kg d&rsquo;autres couleurs sont disponibles.<\/p>\n<p>Conforme \u00e0 l&rsquo;AgBB&#160;pour les pi\u00e8ces de s\u00e9jour. Certifi\u00e9 selon Eurofins \u00ab Indoor Air Comfort Gold \u00bb et EMICODE EC1 Plus comme \u00e9tant particuli\u00e8rement faible en \u00e9missions.<\/p>\n","width":"4","background_color_text":"bg-white","border_color":"border-gray-light"},{"text":"<p class=\"product-sicing-title\" style=\"text-align: center;\"><strong>Unit\u00e9s d'emballage<\/strong><\/p>\n<ul>\n<li>AK2718-50 &#8211; Combinaison Seau 10,00 kg<\/li>\n<li>AK2718-25 &#8211; Combinaison Hobbock 25,00 kg<\/li>\n<\/ul>\n<p><\/p>\n<p>N&rsquo;h\u00e9sitez pas \u00e0 contacter directement pour toute demande concernant des quantit\u00e9s de livraison ou des unit\u00e9s de conditionnement plus importantes.<\/p>\n\n","width":"4","background_color_text":"bg-white","border_color":"border-gray-light"},{"text":"<p class=\"product-attr-title\" style=\"text-align: center;\"><strong>Propri\u00e9t\u00e9s<\/strong><\/p>\n<ul>\n<li>qualit\u00e9 contr\u00f4l\u00e9e, \u00e0 faible \u00e9mission<\/li>\n<li>certifi\u00e9 selon EMICODE\u00ae  EC 1PLUS<\/li>\n<li>total Solid selon GISCODE<\/li>\n<li>inodore<\/li>\n<li>surface homog\u00e8ne<\/li>\n<li>perm\u00e9able \u00e0 la vapeur d&rsquo;eau<\/li>\n<li>respectueux de l&rsquo;environnement<\/li>\n<li>tr\u00e8s haute adh\u00e9rence<\/li>\n<li>utilisation simple<\/li>\n<li>grande opacit\u00e9<\/li>\n<\/ul>\n","width":"4","background_color_text":"bg-white","border_color":"border-gray-light"}],"background_color":"bg-none","background_color_content":"bg-none"}},"downloads":{"module_download_list":{"inhalt":null,"downloads":[{"download":{"ID":69607,"id":69607,"title":"EP_740_E_PI_fr_2026_03","filename":"EP_740_E_PI_fr_2026_03.pdf","filesize":1391723,"url":"https:\/\/www.klb-koetztal.de\/app\/uploads\/2026\/03\/EP_740_E_PI_fr_2026_03.pdf","link":"https:\/\/www.klb-koetztal.de\/fr\/?attachment_id=69607","alt":"","author":"7","description":"","caption":"","name":"ep_740_e_pi_fr_2026_03-2","status":"inherit","uploaded_to":0,"date":"2026-03-16 16:01:25","modified":"2026-03-16 16:01:25","menu_order":0,"mime_type":"application\/pdf","type":"application","subtype":"pdf","icon":"https:\/\/www.klb-koetztal.de\/wp\/wp-includes\/images\/media\/document.png"},"filename":"Information produit","protected":false,"doclang":"FR","externalkey":"Produktinformation","docpos":"3"},{"download":{"ID":50061,"id":50061,"title":"Leistungserkl\u00e4rung - Statement of performance","filename":"EP740_E_LE_2013-04.pdf","filesize":322206,"url":"https:\/\/www.klb-koetztal.de\/app\/uploads\/2022\/03\/EP740_E_LE_2013-04.pdf","link":"https:\/\/www.klb-koetztal.de\/fr\/?attachment_id=50061","alt":"","author":"7","description":"","caption":"","name":"ep740_e_le_2013-04","status":"inherit","uploaded_to":0,"date":"2022-03-14 10:05:27","modified":"2026-04-01 10:47:56","menu_order":0,"mime_type":"application\/pdf","type":"application","subtype":"pdf","icon":"https:\/\/www.klb-koetztal.de\/wp\/wp-includes\/images\/media\/document.png"},"filename":"D\u00e9claration de performance","protected":false,"doclang":"Multi","externalkey":"Leistungserklaerung","docpos":"50"},{"download":{"ID":52032,"id":52032,"title":"EP740_E_Umwelt-Deklaration_2022-08","filename":"EP740_E_Umwelt-Deklaration_2022-08.pdf","filesize":2343657,"url":"https:\/\/www.klb-koetztal.de\/app\/uploads\/2022\/09\/EP740_E_Umwelt-Deklaration_2022-08.pdf","link":"https:\/\/www.klb-koetztal.de\/fr\/?attachment_id=52032","alt":"","author":"7","description":"","caption":"","name":"ep740_e_umwelt-deklaration_2022-08-2","status":"inherit","uploaded_to":0,"date":"2022-09-01 11:15:28","modified":"2022-09-01 11:15:28","menu_order":0,"mime_type":"application\/pdf","type":"application","subtype":"pdf","icon":"https:\/\/www.klb-koetztal.de\/wp\/wp-includes\/images\/media\/document.png"},"filename":"D\u00e9clarations de produit environnemental (EPD)","protected":false,"doclang":"Multi","externalkey":"Umweltproduktdeklaration","docpos":"50"},{"download":false,"filename":"Fiche de donn\u00e9es de s\u00e9curit\u00e9","protected":true,"doclang":"FR","externalkey":"Sicherheitsdatenblatt","docpos":"3"}],"einstellungen":null,"background_color":"bg-none","background_color_content":"bg-none"}},"included_in_systems":{"module_included_in_systems":{"":null,"background_color":"bg-gray-medium","background_color_content":"bg-none"}},"contact":{"module_contact":{"":null,"background_color":"bg-none","background_color_content":"bg-none"}},"ausschreibende":{"module_ausschreibende":{"andern_sie_den_inhalt_unter_universelle_elemente":null,"background_color":"bg-none","background_color_content":"bg-none"}}},"yoast_head":"<!-- This site is optimized with the Yoast SEO plugin v27.0 - https:\/\/yoast.com\/product\/yoast-seo-wordpress\/ -->\n<title>Scellement mat satin\u00e9, faible en COV EP 740 E | KLB K\u00f6tztal<\/title>\n<meta name=\"description\" content=\"Scellement EP 740 E color\u00e9, diluable \u00e0 l&#039;eau, faible en \u00e9missions | KLB rev\u00eatements \u2714\ufe0f DIBt\u00ae, AgBB, Eurofins, syst\u00e8me de protection de surface OS 4\" \/>\n<meta name=\"robots\" content=\"noindex, follow, max-snippet:-1, max-image-preview:large, max-video-preview:-1\" \/>\n<meta property=\"og:locale\" content=\"fr_FR\" \/>\n<meta property=\"og:type\" content=\"article\" \/>\n<meta property=\"og:title\" content=\"Scellement mat satin\u00e9, faible en COV EP 740 E | KLB K\u00f6tztal\" \/>\n<meta property=\"og:description\" content=\"Scellement EP 740 E color\u00e9, diluable \u00e0 l&#039;eau, faible en \u00e9missions | KLB rev\u00eatements \u2714\ufe0f DIBt\u00ae, AgBB, Eurofins, syst\u00e8me de protection de surface OS 4\" \/>\n<meta property=\"og:url\" content=\"https:\/\/www.klb-koetztal.de\/fr\/produkt\/klb-system-epoxid-ep-740-e\/\" \/>\n<meta property=\"og:site_name\" content=\"KLB K\u00f6tztal\" \/>\n<meta property=\"article:publisher\" content=\"https:\/\/www.facebook.com\/klbkoetztal\" \/>\n<meta property=\"article:modified_time\" content=\"2026-04-01T10:47:47+00:00\" \/>\n<meta property=\"og:image\" content=\"https:\/\/www.klb-koetztal.de\/app\/uploads\/2022\/03\/EP740_E.jpg\" \/>\n\t<meta property=\"og:image:width\" content=\"500\" \/>\n\t<meta property=\"og:image:height\" content=\"500\" \/>\n\t<meta property=\"og:image:type\" content=\"image\/jpeg\" \/>\n<meta name=\"twitter:card\" content=\"summary_large_image\" \/>\n<script type=\"application\/ld+json\" class=\"yoast-schema-graph\">{\"@context\":\"https:\/\/schema.org\",\"@graph\":[{\"@type\":\"WebPage\",\"@id\":\"https:\/\/www.klb-koetztal.de\/fr\/produkt\/klb-system-epoxid-ep-740-e\/\",\"url\":\"https:\/\/www.klb-koetztal.de\/fr\/produkt\/klb-system-epoxid-ep-740-e\/\",\"name\":\"Scellement mat satin\u00e9, faible en COV EP 740 E | KLB K\u00f6tztal\",\"isPartOf\":{\"@id\":\"https:\/\/www.klb-koetztal.de\/fr\/#website\"},\"primaryImageOfPage\":{\"@id\":\"https:\/\/www.klb-koetztal.de\/fr\/produkt\/klb-system-epoxid-ep-740-e\/#primaryimage\"},\"image\":{\"@id\":\"https:\/\/www.klb-koetztal.de\/fr\/produkt\/klb-system-epoxid-ep-740-e\/#primaryimage\"},\"thumbnailUrl\":\"https:\/\/www.klb-koetztal.de\/app\/uploads\/2022\/03\/EP740_E.jpg\",\"datePublished\":\"2022-03-14T10:05:24+00:00\",\"dateModified\":\"2026-04-01T10:47:47+00:00\",\"description\":\"Scellement EP 740 E color\u00e9, diluable \u00e0 l'eau, faible en \u00e9missions | KLB rev\u00eatements \u2714\ufe0f DIBt\u00ae, AgBB, Eurofins, syst\u00e8me de protection de surface OS 4\",\"breadcrumb\":{\"@id\":\"https:\/\/www.klb-koetztal.de\/fr\/produkt\/klb-system-epoxid-ep-740-e\/#breadcrumb\"},\"inLanguage\":\"fr-FR\",\"potentialAction\":[{\"@type\":\"ReadAction\",\"target\":[\"https:\/\/www.klb-koetztal.de\/fr\/produkt\/klb-system-epoxid-ep-740-e\/\"]}]},{\"@type\":\"ImageObject\",\"inLanguage\":\"fr-FR\",\"@id\":\"https:\/\/www.klb-koetztal.de\/fr\/produkt\/klb-system-epoxid-ep-740-e\/#primaryimage\",\"url\":\"https:\/\/www.klb-koetztal.de\/app\/uploads\/2022\/03\/EP740_E.jpg\",\"contentUrl\":\"https:\/\/www.klb-koetztal.de\/app\/uploads\/2022\/03\/EP740_E.jpg\",\"width\":500,\"height\":500},{\"@type\":\"BreadcrumbList\",\"@id\":\"https:\/\/www.klb-koetztal.de\/fr\/produkt\/klb-system-epoxid-ep-740-e\/#breadcrumb\",\"itemListElement\":[{\"@type\":\"ListItem\",\"position\":1,\"name\":\"Startseite\",\"item\":\"https:\/\/www.klb-koetztal.de\/fr\/\"},{\"@type\":\"ListItem\",\"position\":2,\"name\":\"KLB-SYSTEM EPOXID EP 740 E\"}]},{\"@type\":\"WebSite\",\"@id\":\"https:\/\/www.klb-koetztal.de\/fr\/#website\",\"url\":\"https:\/\/www.klb-koetztal.de\/fr\/\",\"name\":\"KLB K\u00f6tztal\",\"description\":\"Gute B\u00f6den haben ein System.\",\"potentialAction\":[{\"@type\":\"SearchAction\",\"target\":{\"@type\":\"EntryPoint\",\"urlTemplate\":\"https:\/\/www.klb-koetztal.de\/fr\/?s={search_term_string}\"},\"query-input\":{\"@type\":\"PropertyValueSpecification\",\"valueRequired\":true,\"valueName\":\"search_term_string\"}}],\"inLanguage\":\"fr-FR\"}]}<\/script>\n<!-- \/ Yoast SEO plugin. -->","yoast_head_json":{"title":"Scellement mat satin\u00e9, faible en COV EP 740 E | KLB K\u00f6tztal","description":"Scellement EP 740 E color\u00e9, diluable \u00e0 l'eau, faible en \u00e9missions | KLB rev\u00eatements \u2714\ufe0f DIBt\u00ae, AgBB, Eurofins, syst\u00e8me de protection de surface OS 4","robots":{"index":"noindex","follow":"follow","max-snippet":"max-snippet:-1","max-image-preview":"max-image-preview:large","max-video-preview":"max-video-preview:-1"},"og_locale":"fr_FR","og_type":"article","og_title":"Scellement mat satin\u00e9, faible en COV EP 740 E | KLB K\u00f6tztal","og_description":"Scellement EP 740 E color\u00e9, diluable \u00e0 l'eau, faible en \u00e9missions | KLB rev\u00eatements \u2714\ufe0f DIBt\u00ae, AgBB, Eurofins, syst\u00e8me de protection de surface OS 4","og_url":"https:\/\/www.klb-koetztal.de\/fr\/produkt\/klb-system-epoxid-ep-740-e\/","og_site_name":"KLB K\u00f6tztal","article_publisher":"https:\/\/www.facebook.com\/klbkoetztal","article_modified_time":"2026-04-01T10:47:47+00:00","og_image":[{"width":500,"height":500,"url":"https:\/\/www.klb-koetztal.de\/app\/uploads\/2022\/03\/EP740_E.jpg","type":"image\/jpeg"}],"twitter_card":"summary_large_image","schema":{"@context":"https:\/\/schema.org","@graph":[{"@type":"WebPage","@id":"https:\/\/www.klb-koetztal.de\/fr\/produkt\/klb-system-epoxid-ep-740-e\/","url":"https:\/\/www.klb-koetztal.de\/fr\/produkt\/klb-system-epoxid-ep-740-e\/","name":"Scellement mat satin\u00e9, faible en COV EP 740 E | KLB K\u00f6tztal","isPartOf":{"@id":"https:\/\/www.klb-koetztal.de\/fr\/#website"},"primaryImageOfPage":{"@id":"https:\/\/www.klb-koetztal.de\/fr\/produkt\/klb-system-epoxid-ep-740-e\/#primaryimage"},"image":{"@id":"https:\/\/www.klb-koetztal.de\/fr\/produkt\/klb-system-epoxid-ep-740-e\/#primaryimage"},"thumbnailUrl":"https:\/\/www.klb-koetztal.de\/app\/uploads\/2022\/03\/EP740_E.jpg","datePublished":"2022-03-14T10:05:24+00:00","dateModified":"2026-04-01T10:47:47+00:00","description":"Scellement EP 740 E color\u00e9, diluable \u00e0 l'eau, faible en \u00e9missions | KLB rev\u00eatements \u2714\ufe0f DIBt\u00ae, AgBB, Eurofins, syst\u00e8me de protection de surface OS 4","breadcrumb":{"@id":"https:\/\/www.klb-koetztal.de\/fr\/produkt\/klb-system-epoxid-ep-740-e\/#breadcrumb"},"inLanguage":"fr-FR","potentialAction":[{"@type":"ReadAction","target":["https:\/\/www.klb-koetztal.de\/fr\/produkt\/klb-system-epoxid-ep-740-e\/"]}]},{"@type":"ImageObject","inLanguage":"fr-FR","@id":"https:\/\/www.klb-koetztal.de\/fr\/produkt\/klb-system-epoxid-ep-740-e\/#primaryimage","url":"https:\/\/www.klb-koetztal.de\/app\/uploads\/2022\/03\/EP740_E.jpg","contentUrl":"https:\/\/www.klb-koetztal.de\/app\/uploads\/2022\/03\/EP740_E.jpg","width":500,"height":500},{"@type":"BreadcrumbList","@id":"https:\/\/www.klb-koetztal.de\/fr\/produkt\/klb-system-epoxid-ep-740-e\/#breadcrumb","itemListElement":[{"@type":"ListItem","position":1,"name":"Startseite","item":"https:\/\/www.klb-koetztal.de\/fr\/"},{"@type":"ListItem","position":2,"name":"KLB-SYSTEM EPOXID EP 740 E"}]},{"@type":"WebSite","@id":"https:\/\/www.klb-koetztal.de\/fr\/#website","url":"https:\/\/www.klb-koetztal.de\/fr\/","name":"KLB K\u00f6tztal","description":"Gute B\u00f6den haben ein System.","potentialAction":[{"@type":"SearchAction","target":{"@type":"EntryPoint","urlTemplate":"https:\/\/www.klb-koetztal.de\/fr\/?s={search_term_string}"},"query-input":{"@type":"PropertyValueSpecification","valueRequired":true,"valueName":"search_term_string"}}],"inLanguage":"fr-FR"}]}},"_links":{"self":[{"href":"https:\/\/www.klb-koetztal.de\/fr\/wp-json\/wp\/v2\/product\/50057","targetHints":{"allow":["GET"]}}],"collection":[{"href":"https:\/\/www.klb-koetztal.de\/fr\/wp-json\/wp\/v2\/product"}],"about":[{"href":"https:\/\/www.klb-koetztal.de\/fr\/wp-json\/wp\/v2\/types\/product"}],"wp:featuredmedia":[{"embeddable":true,"href":"https:\/\/www.klb-koetztal.de\/fr\/wp-json\/wp\/v2\/media\/50059"}],"wp:attachment":[{"href":"https:\/\/www.klb-koetztal.de\/fr\/wp-json\/wp\/v2\/media?parent=50057"}],"wp:term":[{"taxonomy":"product_brand","embeddable":true,"href":"https:\/\/www.klb-koetztal.de\/fr\/wp-json\/wp\/v2\/product_brand?post=50057"},{"taxonomy":"product_cat","embeddable":true,"href":"https:\/\/www.klb-koetztal.de\/fr\/wp-json\/wp\/v2\/product_cat?post=50057"},{"taxonomy":"product_tag","embeddable":true,"href":"https:\/\/www.klb-koetztal.de\/fr\/wp-json\/wp\/v2\/product_tag?post=50057"}],"curies":[{"name":"wp","href":"https:\/\/api.w.org\/{rel}","templated":true}]}}