{"id":50013,"date":"2022-03-14T11:04:31","date_gmt":"2022-03-14T10:04:31","guid":{"rendered":"https:\/\/dev.klb-koetztal.de\/produkt\/klb-system-epoxid-ep-860\/"},"modified":"2026-04-01T12:04:36","modified_gmt":"2026-04-01T10:04:36","slug":"klb-system-epoxid-ep-860","status":"publish","type":"product","link":"https:\/\/www.klb-koetztal.de\/fr\/produkt\/klb-system-epoxid-ep-860\/","title":{"rendered":"KLB-SYSTEM EPOXID EP 860"},"content":{"rendered":"","protected":false},"excerpt":{"rendered":"<p>Scellant en r\u00e9sine \u00e9poxy \u00e0 2 composants solvant\u00e9&#160;et&#160;\u00e0 consistance de gel\u00e9e&#160;pour le scellement mat&#160;sur les rev\u00eatements de sol industriels dans les zones soumises \u00e0 des contraintes accrues. Tr\u00e8s bonne r\u00e9sistance chimique.<\/p>\n","protected":false},"featured_media":50015,"template":"","meta":{"_acf_changed":false},"product_brand":[],"product_cat":[10038,10107],"product_tag":[],"class_list":{"0":"post-50013","1":"product","2":"type-product","3":"status-publish","4":"has-post-thumbnail","6":"product_cat-scellements-impregnations","7":"product_cat-scellements-impregnations_scellements-en-resine-epoxyde-a-2-composants-avec-solvant","9":"first","10":"instock","11":"shipping-taxable","12":"product-type-simple"},"acf":{"product_header":{"module_product_header":{"":null,"prototype_headline":{"headline":"KLB-SYSTEM EPOXID EP 860","h1":true,"subheadline":"Scellement mat&#160;en r\u00e9sine \u00e9poxy bicomposante incolore et solvant\u00e9 avec une tr\u00e8s bonne r\u00e9sistance chimique","anchor":"","url":""},"grid_text_slider":false,"grid_text_content":[{"text":"<p class=\"product-short-title\" style=\"text-align: center;\"><strong>Br\u00e8ve description<\/strong><\/p>\n<p>Scellant en r\u00e9sine \u00e9poxy \u00e0 2 composants solvant\u00e9&#160;et&#160;\u00e0 consistance de gel\u00e9e&#160;pour le scellement mat&#160;sur les rev\u00eatements de sol industriels dans les zones soumises \u00e0 des contraintes accrues. Tr\u00e8s bonne r\u00e9sistance chimique.<\/p>\n","width":"4","background_color_text":"bg-white","border_color":"border-gray-light"},{"text":"<p class=\"product-sicing-title\" style=\"text-align: center;\"><strong>Unit\u00e9s d'emballage<\/strong><\/p>\n<ul>\n<li>AK1901-50 &#8211; Combinaison Seau 10,00 kg<\/li>\n<li>AK1901-25 &#8211; Combinaison Hobbock 25,00 kg<\/li>\n<\/ul>\n<p><\/p>\n<p>N&rsquo;h\u00e9sitez pas \u00e0 contacter directement pour toute demande concernant des quantit\u00e9s de livraison ou des unit\u00e9s de conditionnement plus importantes.<\/p>\n\n","width":"4","background_color_text":"bg-white","border_color":"border-gray-light"},{"text":"<p class=\"product-attr-title\" style=\"text-align: center;\"><strong>Propri\u00e9t\u00e9s<\/strong><\/p>\n<ul>\n<li>finement structur\u00e9<\/li>\n<li>bonne r\u00e9sistance chimique<\/li>\n<li>faible sensibilit\u00e9 aux taches<\/li>\n<li>tr\u00e8s \u00e9conomique<\/li>\n<li>test\u00e9 par le BIA : antid\u00e9rapance R10 (Institut professionnel\u00a0allemand\u00a0pour\u00a0la s\u00e9curit\u00e9 et\u00a0la\u00a0sant\u00e9\u00a0au\u00a0travail)<\/li>\n<li>exempt de substances susceptibles d&rsquo;endommager les vernis<\/li>\n<\/ul>\n","width":"4","background_color_text":"bg-white","border_color":"border-gray-light"}],"background_color":"bg-none","background_color_content":"bg-none"}},"downloads":{"module_download_list":{"inhalt":null,"downloads":[{"download":{"ID":55164,"id":55164,"title":"EP_860_PI_fr_2023_02","filename":"EP_860_PI_fr_2023_02.pdf","filesize":340678,"url":"https:\/\/www.klb-koetztal.de\/app\/uploads\/2023\/02\/EP_860_PI_fr_2023_02.pdf","link":"https:\/\/www.klb-koetztal.de\/fr\/?attachment_id=55164","alt":"","author":"7","description":"","caption":"","name":"ep_860_pi_fr_2023_02-2","status":"inherit","uploaded_to":0,"date":"2023-02-20 14:50:20","modified":"2023-02-20 14:50:20","menu_order":0,"mime_type":"application\/pdf","type":"application","subtype":"pdf","icon":"https:\/\/www.klb-koetztal.de\/wp\/wp-includes\/images\/media\/document.png"},"filename":"Information produit","protected":false,"doclang":"FR","externalkey":"Produktinformation","docpos":"3"},{"download":{"ID":50018,"id":50018,"title":"Leistungserkl\u00e4rung - Statement of performance","filename":"EP860_LE_2013-04.pdf","filesize":170445,"url":"https:\/\/www.klb-koetztal.de\/app\/uploads\/2022\/03\/EP860_LE_2013-04.pdf","link":"https:\/\/www.klb-koetztal.de\/fr\/?attachment_id=50018","alt":"","author":"7","description":"","caption":"","name":"ep860_le_2013-04","status":"inherit","uploaded_to":0,"date":"2022-03-14 10:04:35","modified":"2026-04-01 10:32:18","menu_order":0,"mime_type":"application\/pdf","type":"application","subtype":"pdf","icon":"https:\/\/www.klb-koetztal.de\/wp\/wp-includes\/images\/media\/document.png"},"filename":"D\u00e9claration de performance","protected":false,"doclang":"Multi","externalkey":"Leistungserklaerung","docpos":"50"},{"download":false,"filename":"Fiche de donn\u00e9es de s\u00e9curit\u00e9","protected":true,"doclang":"FR","externalkey":"Sicherheitsdatenblatt","docpos":"3"}],"einstellungen":null,"background_color":"bg-none","background_color_content":"bg-none"}},"included_in_systems":{"module_included_in_systems":{"":null,"background_color":"bg-gray-medium","background_color_content":"bg-none"}},"contact":{"module_contact":{"":null,"background_color":"bg-none","background_color_content":"bg-none"}},"ausschreibende":{"module_ausschreibende":{"andern_sie_den_inhalt_unter_universelle_elemente":null,"background_color":"bg-none","background_color_content":"bg-none"}}},"yoast_head":"<!-- This site is optimized with the Yoast SEO plugin v27.0 - https:\/\/yoast.com\/product\/yoast-seo-wordpress\/ -->\n<title>Scellement \u00e9poxy EP 860 solvant\u00e9, matifiant | KLB K\u00f6tztal<\/title>\n<meta name=\"description\" content=\"Scellement mat EP 860 solvant\u00e9, transparent, robust | KLB rev\u00eatements industriels \u2714\ufe0f chimi-r\u00e9sistant contre l&#039;eau, carburants, huiles, solvants, etc.\" \/>\n<meta name=\"robots\" content=\"noindex, follow, max-snippet:-1, max-image-preview:large, max-video-preview:-1\" \/>\n<meta property=\"og:locale\" content=\"fr_FR\" \/>\n<meta property=\"og:type\" content=\"article\" \/>\n<meta property=\"og:title\" content=\"Scellement \u00e9poxy EP 860 solvant\u00e9, matifiant | KLB K\u00f6tztal\" \/>\n<meta property=\"og:description\" content=\"Scellement mat EP 860 solvant\u00e9, transparent, robust | KLB rev\u00eatements industriels \u2714\ufe0f chimi-r\u00e9sistant contre l&#039;eau, carburants, huiles, solvants, etc.\" \/>\n<meta property=\"og:url\" content=\"https:\/\/www.klb-koetztal.de\/fr\/produkt\/klb-system-epoxid-ep-860\/\" \/>\n<meta property=\"og:site_name\" content=\"KLB K\u00f6tztal\" \/>\n<meta property=\"article:publisher\" content=\"https:\/\/www.facebook.com\/klbkoetztal\" \/>\n<meta property=\"article:modified_time\" content=\"2026-04-01T10:04:36+00:00\" \/>\n<meta property=\"og:image\" content=\"https:\/\/www.klb-koetztal.de\/app\/uploads\/2022\/03\/EP860.jpg\" \/>\n\t<meta property=\"og:image:width\" content=\"500\" \/>\n\t<meta property=\"og:image:height\" content=\"500\" \/>\n\t<meta property=\"og:image:type\" content=\"image\/jpeg\" \/>\n<meta name=\"twitter:card\" content=\"summary_large_image\" \/>\n<script type=\"application\/ld+json\" class=\"yoast-schema-graph\">{\"@context\":\"https:\/\/schema.org\",\"@graph\":[{\"@type\":\"WebPage\",\"@id\":\"https:\/\/www.klb-koetztal.de\/fr\/produkt\/klb-system-epoxid-ep-860\/\",\"url\":\"https:\/\/www.klb-koetztal.de\/fr\/produkt\/klb-system-epoxid-ep-860\/\",\"name\":\"Scellement \u00e9poxy EP 860 solvant\u00e9, matifiant | KLB K\u00f6tztal\",\"isPartOf\":{\"@id\":\"https:\/\/www.klb-koetztal.de\/fr\/#website\"},\"primaryImageOfPage\":{\"@id\":\"https:\/\/www.klb-koetztal.de\/fr\/produkt\/klb-system-epoxid-ep-860\/#primaryimage\"},\"image\":{\"@id\":\"https:\/\/www.klb-koetztal.de\/fr\/produkt\/klb-system-epoxid-ep-860\/#primaryimage\"},\"thumbnailUrl\":\"https:\/\/www.klb-koetztal.de\/app\/uploads\/2022\/03\/EP860.jpg\",\"datePublished\":\"2022-03-14T10:04:31+00:00\",\"dateModified\":\"2026-04-01T10:04:36+00:00\",\"description\":\"Scellement mat EP 860 solvant\u00e9, transparent, robust | KLB rev\u00eatements industriels \u2714\ufe0f chimi-r\u00e9sistant contre l'eau, carburants, huiles, solvants, etc.\",\"breadcrumb\":{\"@id\":\"https:\/\/www.klb-koetztal.de\/fr\/produkt\/klb-system-epoxid-ep-860\/#breadcrumb\"},\"inLanguage\":\"fr-FR\",\"potentialAction\":[{\"@type\":\"ReadAction\",\"target\":[\"https:\/\/www.klb-koetztal.de\/fr\/produkt\/klb-system-epoxid-ep-860\/\"]}]},{\"@type\":\"ImageObject\",\"inLanguage\":\"fr-FR\",\"@id\":\"https:\/\/www.klb-koetztal.de\/fr\/produkt\/klb-system-epoxid-ep-860\/#primaryimage\",\"url\":\"https:\/\/www.klb-koetztal.de\/app\/uploads\/2022\/03\/EP860.jpg\",\"contentUrl\":\"https:\/\/www.klb-koetztal.de\/app\/uploads\/2022\/03\/EP860.jpg\",\"width\":500,\"height\":500},{\"@type\":\"BreadcrumbList\",\"@id\":\"https:\/\/www.klb-koetztal.de\/fr\/produkt\/klb-system-epoxid-ep-860\/#breadcrumb\",\"itemListElement\":[{\"@type\":\"ListItem\",\"position\":1,\"name\":\"Startseite\",\"item\":\"https:\/\/www.klb-koetztal.de\/fr\/\"},{\"@type\":\"ListItem\",\"position\":2,\"name\":\"KLB-SYSTEM EPOXID EP 860\"}]},{\"@type\":\"WebSite\",\"@id\":\"https:\/\/www.klb-koetztal.de\/fr\/#website\",\"url\":\"https:\/\/www.klb-koetztal.de\/fr\/\",\"name\":\"KLB K\u00f6tztal\",\"description\":\"Gute B\u00f6den haben ein System.\",\"potentialAction\":[{\"@type\":\"SearchAction\",\"target\":{\"@type\":\"EntryPoint\",\"urlTemplate\":\"https:\/\/www.klb-koetztal.de\/fr\/?s={search_term_string}\"},\"query-input\":{\"@type\":\"PropertyValueSpecification\",\"valueRequired\":true,\"valueName\":\"search_term_string\"}}],\"inLanguage\":\"fr-FR\"}]}<\/script>\n<!-- \/ Yoast SEO plugin. -->","yoast_head_json":{"title":"Scellement \u00e9poxy EP 860 solvant\u00e9, matifiant | KLB K\u00f6tztal","description":"Scellement mat EP 860 solvant\u00e9, transparent, robust | KLB rev\u00eatements industriels \u2714\ufe0f chimi-r\u00e9sistant contre l'eau, carburants, huiles, solvants, etc.","robots":{"index":"noindex","follow":"follow","max-snippet":"max-snippet:-1","max-image-preview":"max-image-preview:large","max-video-preview":"max-video-preview:-1"},"og_locale":"fr_FR","og_type":"article","og_title":"Scellement \u00e9poxy EP 860 solvant\u00e9, matifiant | KLB K\u00f6tztal","og_description":"Scellement mat EP 860 solvant\u00e9, transparent, robust | KLB rev\u00eatements industriels \u2714\ufe0f chimi-r\u00e9sistant contre l'eau, carburants, huiles, solvants, etc.","og_url":"https:\/\/www.klb-koetztal.de\/fr\/produkt\/klb-system-epoxid-ep-860\/","og_site_name":"KLB K\u00f6tztal","article_publisher":"https:\/\/www.facebook.com\/klbkoetztal","article_modified_time":"2026-04-01T10:04:36+00:00","og_image":[{"width":500,"height":500,"url":"https:\/\/www.klb-koetztal.de\/app\/uploads\/2022\/03\/EP860.jpg","type":"image\/jpeg"}],"twitter_card":"summary_large_image","schema":{"@context":"https:\/\/schema.org","@graph":[{"@type":"WebPage","@id":"https:\/\/www.klb-koetztal.de\/fr\/produkt\/klb-system-epoxid-ep-860\/","url":"https:\/\/www.klb-koetztal.de\/fr\/produkt\/klb-system-epoxid-ep-860\/","name":"Scellement \u00e9poxy EP 860 solvant\u00e9, matifiant | KLB K\u00f6tztal","isPartOf":{"@id":"https:\/\/www.klb-koetztal.de\/fr\/#website"},"primaryImageOfPage":{"@id":"https:\/\/www.klb-koetztal.de\/fr\/produkt\/klb-system-epoxid-ep-860\/#primaryimage"},"image":{"@id":"https:\/\/www.klb-koetztal.de\/fr\/produkt\/klb-system-epoxid-ep-860\/#primaryimage"},"thumbnailUrl":"https:\/\/www.klb-koetztal.de\/app\/uploads\/2022\/03\/EP860.jpg","datePublished":"2022-03-14T10:04:31+00:00","dateModified":"2026-04-01T10:04:36+00:00","description":"Scellement mat EP 860 solvant\u00e9, transparent, robust | KLB rev\u00eatements industriels \u2714\ufe0f chimi-r\u00e9sistant contre l'eau, carburants, huiles, solvants, etc.","breadcrumb":{"@id":"https:\/\/www.klb-koetztal.de\/fr\/produkt\/klb-system-epoxid-ep-860\/#breadcrumb"},"inLanguage":"fr-FR","potentialAction":[{"@type":"ReadAction","target":["https:\/\/www.klb-koetztal.de\/fr\/produkt\/klb-system-epoxid-ep-860\/"]}]},{"@type":"ImageObject","inLanguage":"fr-FR","@id":"https:\/\/www.klb-koetztal.de\/fr\/produkt\/klb-system-epoxid-ep-860\/#primaryimage","url":"https:\/\/www.klb-koetztal.de\/app\/uploads\/2022\/03\/EP860.jpg","contentUrl":"https:\/\/www.klb-koetztal.de\/app\/uploads\/2022\/03\/EP860.jpg","width":500,"height":500},{"@type":"BreadcrumbList","@id":"https:\/\/www.klb-koetztal.de\/fr\/produkt\/klb-system-epoxid-ep-860\/#breadcrumb","itemListElement":[{"@type":"ListItem","position":1,"name":"Startseite","item":"https:\/\/www.klb-koetztal.de\/fr\/"},{"@type":"ListItem","position":2,"name":"KLB-SYSTEM EPOXID EP 860"}]},{"@type":"WebSite","@id":"https:\/\/www.klb-koetztal.de\/fr\/#website","url":"https:\/\/www.klb-koetztal.de\/fr\/","name":"KLB K\u00f6tztal","description":"Gute B\u00f6den haben ein System.","potentialAction":[{"@type":"SearchAction","target":{"@type":"EntryPoint","urlTemplate":"https:\/\/www.klb-koetztal.de\/fr\/?s={search_term_string}"},"query-input":{"@type":"PropertyValueSpecification","valueRequired":true,"valueName":"search_term_string"}}],"inLanguage":"fr-FR"}]}},"_links":{"self":[{"href":"https:\/\/www.klb-koetztal.de\/fr\/wp-json\/wp\/v2\/product\/50013","targetHints":{"allow":["GET"]}}],"collection":[{"href":"https:\/\/www.klb-koetztal.de\/fr\/wp-json\/wp\/v2\/product"}],"about":[{"href":"https:\/\/www.klb-koetztal.de\/fr\/wp-json\/wp\/v2\/types\/product"}],"wp:featuredmedia":[{"embeddable":true,"href":"https:\/\/www.klb-koetztal.de\/fr\/wp-json\/wp\/v2\/media\/50015"}],"wp:attachment":[{"href":"https:\/\/www.klb-koetztal.de\/fr\/wp-json\/wp\/v2\/media?parent=50013"}],"wp:term":[{"taxonomy":"product_brand","embeddable":true,"href":"https:\/\/www.klb-koetztal.de\/fr\/wp-json\/wp\/v2\/product_brand?post=50013"},{"taxonomy":"product_cat","embeddable":true,"href":"https:\/\/www.klb-koetztal.de\/fr\/wp-json\/wp\/v2\/product_cat?post=50013"},{"taxonomy":"product_tag","embeddable":true,"href":"https:\/\/www.klb-koetztal.de\/fr\/wp-json\/wp\/v2\/product_tag?post=50013"}],"curies":[{"name":"wp","href":"https:\/\/api.w.org\/{rel}","templated":true}]}}