{"id":49783,"date":"2022-03-14T11:02:00","date_gmt":"2022-03-14T10:02:00","guid":{"rendered":"https:\/\/dev.klb-koetztal.de\/produkt\/parking-systeme-de-protection-de-surface-klb-%e2%80%8bsystem-polyurethan-pu-5560\/"},"modified":"2026-04-01T12:09:06","modified_gmt":"2026-04-01T10:09:06","slug":"parking-systeme-de-protection-de-surface-klb-system-polyurethan-pu-5560","status":"publish","type":"product","link":"https:\/\/www.klb-koetztal.de\/fr\/produkt\/parking-systeme-de-protection-de-surface-klb-system-polyurethan-pu-5560\/","title":{"rendered":"PARKING syst\u00e8me de protection de surface KLB-SYSTEM POLYURETHAN PU 5560"},"content":{"rendered":"","protected":false},"excerpt":{"rendered":"<p>Rev\u00eatement en r\u00e9sine polyur\u00e9thane \u00e0 2 composants, qui est&#160;utilis\u00e9 comme couche d&rsquo;usure pour les syst\u00e8mes de protection de surface OS 8, OS 11a et OS 14 selon&#160;la directive de maintenance TR. D&rsquo;apr\u00e8s cette r\u00e9glementation,&#160;le produit convient \u00e0 la fabrication des rev\u00eatements de parking test\u00e9s du type OS 11a ou OS 14 permettant un pontage des fissures dynamique \u00e9lev\u00e9 sur les surfaces accessibles aux pi\u00e9tons et aux v\u00e9hicules. Il&#160;sert \u00e9galement pour les&#160;syst\u00e8mes OS 8 avec pontage statique des fissures.<br \/>\nKLB-SYSTEM POLYURETHAN PU&#160;5560&#160;est r\u00e9sistant au gel et au sel de d\u00e9vergla\u00e7age. En plus, il prot\u00e8ge la substance de la construction durablement contre la p\u00e9n\u00e9tration de l&rsquo;eau et du sel de d\u00e9vergla\u00e7age.<\/p>\n","protected":false},"featured_media":49784,"template":"","meta":{"_acf_changed":false},"product_brand":[],"product_cat":[10042,10066],"product_tag":[],"class_list":{"0":"post-49783","1":"product","2":"type-product","3":"status-publish","4":"has-post-thumbnail","6":"product_cat-revetements","7":"product_cat-revetements_revetements-dans-les-parkings-y-compris-a-durcissement-rapide","9":"first","10":"instock","11":"shipping-taxable","12":"product-type-simple"},"acf":{"product_header":{"module_product_header":{"":null,"prototype_headline":{"headline":"PARKING syst\u00e8me de protection de surface KLB-SYSTEM POLYURETHAN PU 5560","h1":true,"subheadline":"Couche&#160;d'usure&#160;en r\u00e9sine polyur\u00e9thane \u00e0 2 composants pour le&#160;syst\u00e8me&#160;de protection de surface OS 8, OS 11a et OS 14 selon la directive&#160;de maintenance TR","anchor":"","url":""},"grid_text_slider":false,"grid_text_content":[{"text":"<p class=\"product-short-title\" style=\"text-align: center;\"><strong>Br\u00e8ve description<\/strong><\/p>\n<p>Rev\u00eatement en r\u00e9sine polyur\u00e9thane \u00e0 2 composants, qui est&#160;utilis\u00e9 comme couche d&rsquo;usure pour les syst\u00e8mes de protection de surface OS 8, OS 11a et OS 14 selon&#160;la directive de maintenance TR. D&rsquo;apr\u00e8s cette r\u00e9glementation,&#160;le produit convient \u00e0 la fabrication des rev\u00eatements de parking test\u00e9s du type OS 11a ou OS 14 permettant un pontage des fissures dynamique \u00e9lev\u00e9 sur les surfaces accessibles aux pi\u00e9tons et aux v\u00e9hicules. Il&#160;sert \u00e9galement pour les&#160;syst\u00e8mes OS 8 avec pontage statique des fissures.<\/p>\n<p><strong>KLB-SYSTEM POLYURETHAN PU&#160;5560&#160;<\/strong>est r\u00e9sistant au gel et au sel de d\u00e9vergla\u00e7age. En plus, il prot\u00e8ge la substance de la construction durablement contre la p\u00e9n\u00e9tration de l&rsquo;eau et du sel de d\u00e9vergla\u00e7age.<\/p>\n","width":"4","background_color_text":"bg-white","border_color":"border-gray-light"},{"text":"<p class=\"product-sicing-title\" style=\"text-align: center;\"><strong>Unit\u00e9s d'emballage<\/strong><\/p>\n<ul>\n<li>AK6142-47 &#8211; Combinaison Seau 12,00 kg<\/li>\n<li>AK6142-30 &#8211; Combinaison Hobbock 30,00 kg<\/li>\n<li>AK6142-01 &#8211; Combinaison F\u00fbt 1200,00 kg<\/li>\n<\/ul>\n<p><\/p>\n<p>N&rsquo;h\u00e9sitez pas \u00e0 contacter directement pour toute demande concernant des quantit\u00e9s de livraison ou des unit\u00e9s de conditionnement plus importantes.<\/p>\n\n","width":"4","background_color_text":"bg-white","border_color":"border-gray-light"},{"text":"<p class=\"product-attr-title\" style=\"text-align: center;\"><strong>Propri\u00e9t\u00e9s<\/strong><\/p>\n<ul>\n<li>sans solvant<\/li>\n<li>tr\u00e8s bon \u00e9talement<\/li>\n<li>\u00e9lastique et d\u00e9formable<\/li>\n<li>tr\u00e8s r\u00e9sistant \u00e0 l&rsquo;usure<\/li>\n<\/ul>\n","width":"4","background_color_text":"bg-white","border_color":"border-gray-light"}],"background_color":"bg-none","background_color_content":"bg-none"}},"downloads":{"module_download_list":{"inhalt":null,"downloads":[{"download":{"ID":68213,"id":68213,"title":"PU_5560_PI_fr_2025_11","filename":"PU_5560_PI_fr_2025_11.pdf","filesize":1359844,"url":"https:\/\/www.klb-koetztal.de\/app\/uploads\/2025\/11\/PU_5560_PI_fr_2025_11.pdf","link":"https:\/\/www.klb-koetztal.de\/fr\/?attachment_id=68213","alt":"","author":"7","description":"","caption":"","name":"pu_5560_pi_fr_2025_11-2","status":"inherit","uploaded_to":0,"date":"2025-11-28 07:50:56","modified":"2025-11-28 07:50:56","menu_order":0,"mime_type":"application\/pdf","type":"application","subtype":"pdf","icon":"https:\/\/www.klb-koetztal.de\/wp\/wp-includes\/images\/media\/document.png"},"filename":"Information produit","protected":false,"doclang":"FR","externalkey":"Produktinformation","docpos":"3"},{"download":{"ID":49765,"id":49765,"title":"Leistungserkl\u00e4rung - Statement of performance","filename":"Parkhaus_Aufbau_Leistungserklaerungen_23.08.2019.pdf","filesize":904343,"url":"https:\/\/www.klb-koetztal.de\/app\/uploads\/2022\/03\/Parkhaus_Aufbau_Leistungserklaerungen_23.08.2019.pdf","link":"https:\/\/www.klb-koetztal.de\/fr\/?attachment_id=49765","alt":"","author":"7","description":"","caption":"","name":"parkhaus_aufbau_leistungserklaerungen_23-08-2019","status":"inherit","uploaded_to":0,"date":"2022-03-14 10:01:46","modified":"2026-04-10 06:06:40","menu_order":0,"mime_type":"application\/pdf","type":"application","subtype":"pdf","icon":"https:\/\/www.klb-koetztal.de\/wp\/wp-includes\/images\/media\/document.png"},"filename":"Statement of performance","protected":false,"doclang":"GB","externalkey":"Leistungserklaerung","docpos":"2"},{"download":{"ID":62903,"id":62903,"title":"PU_5560_LE_fr_2024_08","filename":"PU_5560_LE_fr_2024_08.pdf","filesize":687877,"url":"https:\/\/www.klb-koetztal.de\/app\/uploads\/2024\/08\/PU_5560_LE_fr_2024_08.pdf","link":"https:\/\/www.klb-koetztal.de\/fr\/?attachment_id=62903","alt":"","author":"7","description":"","caption":"","name":"pu_5560_le_fr_2024_08-2","status":"inherit","uploaded_to":0,"date":"2024-08-29 13:10:14","modified":"2024-08-29 13:10:14","menu_order":0,"mime_type":"application\/pdf","type":"application","subtype":"pdf","icon":"https:\/\/www.klb-koetztal.de\/wp\/wp-includes\/images\/media\/document.png"},"filename":"D\u00e9claration de performance","protected":false,"doclang":"FR","externalkey":"Leistungserklaerung","docpos":"3"},{"download":{"ID":51361,"id":51361,"title":"EPD-Information","filename":"PU5560_Umwelt-Deklaration_2022-07.pdf","filesize":4330158,"url":"https:\/\/www.klb-koetztal.de\/app\/uploads\/2022\/07\/PU5560_Umwelt-Deklaration_2022-07.pdf","link":"https:\/\/www.klb-koetztal.de\/fr\/?attachment_id=51361","alt":"","author":"7","description":"","caption":"","name":"pu5560_umwelt-deklaration_2022-07","status":"inherit","uploaded_to":0,"date":"2022-07-04 07:28:26","modified":"2026-04-01 10:09:23","menu_order":0,"mime_type":"application\/pdf","type":"application","subtype":"pdf","icon":"https:\/\/www.klb-koetztal.de\/wp\/wp-includes\/images\/media\/document.png"},"filename":"D\u00e9clarations de produit environnemental (EPD)","protected":false,"doclang":"Multi","externalkey":"Umweltproduktdeklaration","docpos":"50"},{"download":false,"filename":"Fiche de donn\u00e9es de s\u00e9curit\u00e9","protected":true,"doclang":"FR","externalkey":"Sicherheitsdatenblatt","docpos":"3"}],"einstellungen":null,"background_color":"bg-none","background_color_content":"bg-none"}},"included_in_systems":{"module_included_in_systems":{"":null,"background_color":"bg-gray-medium","background_color_content":"bg-none"}},"contact":{"module_contact":{"":null,"background_color":"bg-none","background_color_content":"bg-none"}},"ausschreibende":{"module_ausschreibende":{"andern_sie_den_inhalt_unter_universelle_elemente":null,"background_color":"bg-none","background_color_content":"bg-none"}}},"yoast_head":"<!-- This site is optimized with the Yoast SEO plugin v27.0 - https:\/\/yoast.com\/product\/yoast-seo-wordpress\/ -->\n<title>Couche d&#039;usure PU 5560 elastifi\u00e9e bicomp. OS | KLB K\u00f6tztal<\/title>\n<meta name=\"description\" content=\"Couche d&#039;usure PU 5560 pontant les fissures, \u00e9lastique, protection de surface OS 8\/11a\/14 | KLB rev\u00eatements de sol \u2714\ufe0fparkings souterrain et \u00e0 \u00e9tages\" \/>\n<meta name=\"robots\" content=\"noindex, follow, max-snippet:-1, max-image-preview:large, max-video-preview:-1\" \/>\n<meta property=\"og:locale\" content=\"fr_FR\" \/>\n<meta property=\"og:type\" content=\"article\" \/>\n<meta property=\"og:title\" content=\"Couche d&#039;usure PU 5560 elastifi\u00e9e bicomp. OS | KLB K\u00f6tztal\" \/>\n<meta property=\"og:description\" content=\"Couche d&#039;usure PU 5560 pontant les fissures, \u00e9lastique, protection de surface OS 8\/11a\/14 | KLB rev\u00eatements de sol \u2714\ufe0fparkings souterrain et \u00e0 \u00e9tages\" \/>\n<meta property=\"og:url\" content=\"https:\/\/www.klb-koetztal.de\/fr\/produkt\/parking-systeme-de-protection-de-surface-klb-system-polyurethan-pu-5560\/\" \/>\n<meta property=\"og:site_name\" content=\"KLB K\u00f6tztal\" \/>\n<meta property=\"article:publisher\" content=\"https:\/\/www.facebook.com\/klbkoetztal\" \/>\n<meta property=\"article:modified_time\" content=\"2026-04-01T10:09:06+00:00\" \/>\n<meta property=\"og:image\" content=\"https:\/\/www.klb-koetztal.de\/app\/uploads\/2022\/03\/PU5560.jpg\" \/>\n\t<meta property=\"og:image:width\" content=\"500\" \/>\n\t<meta property=\"og:image:height\" content=\"500\" \/>\n\t<meta property=\"og:image:type\" content=\"image\/jpeg\" \/>\n<meta name=\"twitter:card\" content=\"summary_large_image\" \/>\n<script type=\"application\/ld+json\" class=\"yoast-schema-graph\">{\"@context\":\"https:\/\/schema.org\",\"@graph\":[{\"@type\":\"WebPage\",\"@id\":\"https:\/\/www.klb-koetztal.de\/fr\/produkt\/parking-systeme-de-protection-de-surface-klb-system-polyurethan-pu-5560\/\",\"url\":\"https:\/\/www.klb-koetztal.de\/fr\/produkt\/parking-systeme-de-protection-de-surface-klb-system-polyurethan-pu-5560\/\",\"name\":\"Couche d'usure PU 5560 elastifi\u00e9e bicomp. OS | KLB K\u00f6tztal\",\"isPartOf\":{\"@id\":\"https:\/\/www.klb-koetztal.de\/fr\/#website\"},\"primaryImageOfPage\":{\"@id\":\"https:\/\/www.klb-koetztal.de\/fr\/produkt\/parking-systeme-de-protection-de-surface-klb-system-polyurethan-pu-5560\/#primaryimage\"},\"image\":{\"@id\":\"https:\/\/www.klb-koetztal.de\/fr\/produkt\/parking-systeme-de-protection-de-surface-klb-system-polyurethan-pu-5560\/#primaryimage\"},\"thumbnailUrl\":\"https:\/\/www.klb-koetztal.de\/app\/uploads\/2022\/03\/PU5560.jpg\",\"datePublished\":\"2022-03-14T10:02:00+00:00\",\"dateModified\":\"2026-04-01T10:09:06+00:00\",\"description\":\"Couche d'usure PU 5560 pontant les fissures, \u00e9lastique, protection de surface OS 8\/11a\/14 | KLB rev\u00eatements de sol \u2714\ufe0fparkings souterrain et \u00e0 \u00e9tages\",\"breadcrumb\":{\"@id\":\"https:\/\/www.klb-koetztal.de\/fr\/produkt\/parking-systeme-de-protection-de-surface-klb-system-polyurethan-pu-5560\/#breadcrumb\"},\"inLanguage\":\"fr-FR\",\"potentialAction\":[{\"@type\":\"ReadAction\",\"target\":[\"https:\/\/www.klb-koetztal.de\/fr\/produkt\/parking-systeme-de-protection-de-surface-klb-system-polyurethan-pu-5560\/\"]}]},{\"@type\":\"ImageObject\",\"inLanguage\":\"fr-FR\",\"@id\":\"https:\/\/www.klb-koetztal.de\/fr\/produkt\/parking-systeme-de-protection-de-surface-klb-system-polyurethan-pu-5560\/#primaryimage\",\"url\":\"https:\/\/www.klb-koetztal.de\/app\/uploads\/2022\/03\/PU5560.jpg\",\"contentUrl\":\"https:\/\/www.klb-koetztal.de\/app\/uploads\/2022\/03\/PU5560.jpg\",\"width\":500,\"height\":500},{\"@type\":\"BreadcrumbList\",\"@id\":\"https:\/\/www.klb-koetztal.de\/fr\/produkt\/parking-systeme-de-protection-de-surface-klb-system-polyurethan-pu-5560\/#breadcrumb\",\"itemListElement\":[{\"@type\":\"ListItem\",\"position\":1,\"name\":\"Startseite\",\"item\":\"https:\/\/www.klb-koetztal.de\/fr\/\"},{\"@type\":\"ListItem\",\"position\":2,\"name\":\"PARKING syst\u00e8me de protection de surface KLB-SYSTEM POLYURETHAN PU 5560\"}]},{\"@type\":\"WebSite\",\"@id\":\"https:\/\/www.klb-koetztal.de\/fr\/#website\",\"url\":\"https:\/\/www.klb-koetztal.de\/fr\/\",\"name\":\"KLB K\u00f6tztal\",\"description\":\"Gute B\u00f6den haben ein System.\",\"potentialAction\":[{\"@type\":\"SearchAction\",\"target\":{\"@type\":\"EntryPoint\",\"urlTemplate\":\"https:\/\/www.klb-koetztal.de\/fr\/?s={search_term_string}\"},\"query-input\":{\"@type\":\"PropertyValueSpecification\",\"valueRequired\":true,\"valueName\":\"search_term_string\"}}],\"inLanguage\":\"fr-FR\"}]}<\/script>\n<!-- \/ Yoast SEO plugin. -->","yoast_head_json":{"title":"Couche d'usure PU 5560 elastifi\u00e9e bicomp. OS | KLB K\u00f6tztal","description":"Couche d'usure PU 5560 pontant les fissures, \u00e9lastique, protection de surface OS 8\/11a\/14 | KLB rev\u00eatements de sol \u2714\ufe0fparkings souterrain et \u00e0 \u00e9tages","robots":{"index":"noindex","follow":"follow","max-snippet":"max-snippet:-1","max-image-preview":"max-image-preview:large","max-video-preview":"max-video-preview:-1"},"og_locale":"fr_FR","og_type":"article","og_title":"Couche d'usure PU 5560 elastifi\u00e9e bicomp. OS | KLB K\u00f6tztal","og_description":"Couche d'usure PU 5560 pontant les fissures, \u00e9lastique, protection de surface OS 8\/11a\/14 | KLB rev\u00eatements de sol \u2714\ufe0fparkings souterrain et \u00e0 \u00e9tages","og_url":"https:\/\/www.klb-koetztal.de\/fr\/produkt\/parking-systeme-de-protection-de-surface-klb-system-polyurethan-pu-5560\/","og_site_name":"KLB K\u00f6tztal","article_publisher":"https:\/\/www.facebook.com\/klbkoetztal","article_modified_time":"2026-04-01T10:09:06+00:00","og_image":[{"width":500,"height":500,"url":"https:\/\/www.klb-koetztal.de\/app\/uploads\/2022\/03\/PU5560.jpg","type":"image\/jpeg"}],"twitter_card":"summary_large_image","schema":{"@context":"https:\/\/schema.org","@graph":[{"@type":"WebPage","@id":"https:\/\/www.klb-koetztal.de\/fr\/produkt\/parking-systeme-de-protection-de-surface-klb-system-polyurethan-pu-5560\/","url":"https:\/\/www.klb-koetztal.de\/fr\/produkt\/parking-systeme-de-protection-de-surface-klb-system-polyurethan-pu-5560\/","name":"Couche d'usure PU 5560 elastifi\u00e9e bicomp. OS | KLB K\u00f6tztal","isPartOf":{"@id":"https:\/\/www.klb-koetztal.de\/fr\/#website"},"primaryImageOfPage":{"@id":"https:\/\/www.klb-koetztal.de\/fr\/produkt\/parking-systeme-de-protection-de-surface-klb-system-polyurethan-pu-5560\/#primaryimage"},"image":{"@id":"https:\/\/www.klb-koetztal.de\/fr\/produkt\/parking-systeme-de-protection-de-surface-klb-system-polyurethan-pu-5560\/#primaryimage"},"thumbnailUrl":"https:\/\/www.klb-koetztal.de\/app\/uploads\/2022\/03\/PU5560.jpg","datePublished":"2022-03-14T10:02:00+00:00","dateModified":"2026-04-01T10:09:06+00:00","description":"Couche d'usure PU 5560 pontant les fissures, \u00e9lastique, protection de surface OS 8\/11a\/14 | KLB rev\u00eatements de sol \u2714\ufe0fparkings souterrain et \u00e0 \u00e9tages","breadcrumb":{"@id":"https:\/\/www.klb-koetztal.de\/fr\/produkt\/parking-systeme-de-protection-de-surface-klb-system-polyurethan-pu-5560\/#breadcrumb"},"inLanguage":"fr-FR","potentialAction":[{"@type":"ReadAction","target":["https:\/\/www.klb-koetztal.de\/fr\/produkt\/parking-systeme-de-protection-de-surface-klb-system-polyurethan-pu-5560\/"]}]},{"@type":"ImageObject","inLanguage":"fr-FR","@id":"https:\/\/www.klb-koetztal.de\/fr\/produkt\/parking-systeme-de-protection-de-surface-klb-system-polyurethan-pu-5560\/#primaryimage","url":"https:\/\/www.klb-koetztal.de\/app\/uploads\/2022\/03\/PU5560.jpg","contentUrl":"https:\/\/www.klb-koetztal.de\/app\/uploads\/2022\/03\/PU5560.jpg","width":500,"height":500},{"@type":"BreadcrumbList","@id":"https:\/\/www.klb-koetztal.de\/fr\/produkt\/parking-systeme-de-protection-de-surface-klb-system-polyurethan-pu-5560\/#breadcrumb","itemListElement":[{"@type":"ListItem","position":1,"name":"Startseite","item":"https:\/\/www.klb-koetztal.de\/fr\/"},{"@type":"ListItem","position":2,"name":"PARKING syst\u00e8me de protection de surface KLB-SYSTEM POLYURETHAN PU 5560"}]},{"@type":"WebSite","@id":"https:\/\/www.klb-koetztal.de\/fr\/#website","url":"https:\/\/www.klb-koetztal.de\/fr\/","name":"KLB K\u00f6tztal","description":"Gute B\u00f6den haben ein System.","potentialAction":[{"@type":"SearchAction","target":{"@type":"EntryPoint","urlTemplate":"https:\/\/www.klb-koetztal.de\/fr\/?s={search_term_string}"},"query-input":{"@type":"PropertyValueSpecification","valueRequired":true,"valueName":"search_term_string"}}],"inLanguage":"fr-FR"}]}},"_links":{"self":[{"href":"https:\/\/www.klb-koetztal.de\/fr\/wp-json\/wp\/v2\/product\/49783","targetHints":{"allow":["GET"]}}],"collection":[{"href":"https:\/\/www.klb-koetztal.de\/fr\/wp-json\/wp\/v2\/product"}],"about":[{"href":"https:\/\/www.klb-koetztal.de\/fr\/wp-json\/wp\/v2\/types\/product"}],"wp:featuredmedia":[{"embeddable":true,"href":"https:\/\/www.klb-koetztal.de\/fr\/wp-json\/wp\/v2\/media\/49784"}],"wp:attachment":[{"href":"https:\/\/www.klb-koetztal.de\/fr\/wp-json\/wp\/v2\/media?parent=49783"}],"wp:term":[{"taxonomy":"product_brand","embeddable":true,"href":"https:\/\/www.klb-koetztal.de\/fr\/wp-json\/wp\/v2\/product_brand?post=49783"},{"taxonomy":"product_cat","embeddable":true,"href":"https:\/\/www.klb-koetztal.de\/fr\/wp-json\/wp\/v2\/product_cat?post=49783"},{"taxonomy":"product_tag","embeddable":true,"href":"https:\/\/www.klb-koetztal.de\/fr\/wp-json\/wp\/v2\/product_tag?post=49783"}],"curies":[{"name":"wp","href":"https:\/\/api.w.org\/{rel}","templated":true}]}}