{"id":49701,"date":"2022-03-14T11:01:07","date_gmt":"2022-03-14T10:01:07","guid":{"rendered":"https:\/\/dev.klb-koetztal.de\/produkt\/klb-system-epoxid-ep-200-el\/"},"modified":"2026-04-01T12:17:38","modified_gmt":"2026-04-01T10:17:38","slug":"klb-system-epoxid-ep-200-el","status":"publish","type":"product","link":"https:\/\/www.klb-koetztal.de\/fr\/produkt\/klb-system-epoxid-ep-200-el\/","title":{"rendered":"KLB-SYSTEM EPOXID EP 200 EL+"},"content":{"rendered":"","protected":false},"excerpt":{"rendered":"<p>Rev\u00eatement autolissant en r\u00e9sine \u00e9poxy \u00e0 2 composants \u00e9lectro-dissipateur&#160;pour la r\u00e9alisation des sols lisses. Seulement conducteur en combinaison avec EP 799 Ableitgrund.&#160;Pour les applications DES, uniquement avec&#160;PU 813 EL+\/ESD, PU 813 EL+\/ESD-R10 ou PU 881 EL+.<\/p>\n","protected":false},"featured_media":49702,"template":"","meta":{"_acf_changed":false},"product_brand":[],"product_cat":[10042,10064],"product_tag":[],"class_list":{"0":"post-49701","1":"product","2":"type-product","3":"status-publish","4":"has-post-thumbnail","6":"product_cat-revetements","7":"product_cat-revetements_revetements-dissipateurs-protection-individuelle-et-antideflagrante","9":"first","10":"instock","11":"shipping-taxable","12":"product-type-simple"},"acf":{"product_header":{"module_product_header":{"":null,"prototype_headline":{"headline":"KLB-SYSTEM EPOXID EP 200 EL+","h1":true,"subheadline":"Rev\u00eatement en r\u00e9sine \u00e9poxy bicomposant \u00e9lectro-dissipateur","anchor":"","url":""},"grid_text_slider":false,"grid_text_content":[{"text":"<p class=\"product-short-title\" style=\"text-align: center;\"><strong>Br\u00e8ve description<\/strong><\/p>\n<p>Rev\u00eatement autolissant en r\u00e9sine \u00e9poxy \u00e0 2 composants \u00e9lectro-dissipateur&#160;pour la r\u00e9alisation des sols lisses. Seulement conducteur en combinaison avec EP 799 Ableitgrund.&#160;Pour les applications DES, uniquement avec&#160;PU 813 EL+\/ESD, PU 813 EL+\/ESD-R10 ou PU 881 EL+.<\/p>\n","width":"4","background_color_text":"bg-white","border_color":"border-gray-light"},{"text":"<p class=\"product-sicing-title\" style=\"text-align: center;\"><strong>Unit\u00e9s d'emballage<\/strong><\/p>\n<ul>\n<li>AK1238-50 &#8211; Combinaison Seau 12,00 kg<\/li>\n<li>AK1238-30 &#8211; Combinaison Hobbock 30,00 kg<\/li>\n<\/ul>\n<p><\/p>\n<p>N&rsquo;h\u00e9sitez pas \u00e0 contacter directement pour toute demande concernant des quantit\u00e9s de livraison ou des unit\u00e9s de conditionnement plus importantes.<\/p>\n\n","width":"4","background_color_text":"bg-white","border_color":"border-gray-light"},{"text":"<p class=\"product-attr-title\" style=\"text-align: center;\"><strong>Propri\u00e9t\u00e9s<\/strong><\/p>\n<ul>\n<li>Total Solid selon GISCODE (m\u00e9thode d&rsquo;essai de \u00ab Deutsche Bauchemie \u00bb, l&rsquo;association all. pour la chimie de construction)<\/li>\n<li>\u00e9lectro-dissipateur<\/li>\n<li>surfaces claires, color\u00e9es<\/li>\n<li>r\u00e9sistance \u00e9quilibre<\/li>\n<li>stable \u00e0 l&rsquo;hydrolyse et \u00e0 la saponification<\/li>\n<li>r\u00e9sistant \u00e0 l&rsquo;abrasion et \u00e0 l&rsquo;usure<\/li>\n<\/ul>\n","width":"4","background_color_text":"bg-white","border_color":"border-gray-light"}],"background_color":"bg-none","background_color_content":"bg-none"}},"downloads":{"module_download_list":{"inhalt":null,"downloads":[{"download":{"ID":69385,"id":69385,"title":"EP_200_EL_plus_PI_fr_2026_02","filename":"EP_200_EL_plus_PI_fr_2026_02.pdf","filesize":680621,"url":"https:\/\/www.klb-koetztal.de\/app\/uploads\/2026\/03\/EP_200_EL_plus_PI_fr_2026_02.pdf","link":"https:\/\/www.klb-koetztal.de\/fr\/?attachment_id=69385","alt":"","author":"7","description":"","caption":"","name":"ep_200_el_plus_pi_fr_2026_02-2","status":"inherit","uploaded_to":0,"date":"2026-03-16 13:22:07","modified":"2026-03-16 13:22:07","menu_order":0,"mime_type":"application\/pdf","type":"application","subtype":"pdf","icon":"https:\/\/www.klb-koetztal.de\/wp\/wp-includes\/images\/media\/document.png"},"filename":"Information produit","protected":false,"doclang":"FR","externalkey":"Produktinformation","docpos":"3"},{"download":{"ID":68863,"id":68863,"title":"EP_200_EL_plus_LE_en_2026_02","filename":"EP_200_EL_plus_LE_en_2026_02.pdf","filesize":345614,"url":"https:\/\/www.klb-koetztal.de\/app\/uploads\/2026\/02\/EP_200_EL_plus_LE_en_2026_02.pdf","link":"https:\/\/www.klb-koetztal.de\/fr\/?attachment_id=68863","alt":"","author":"7","description":"","caption":"","name":"ep_200_el_plus_le_en_2026_02-2","status":"inherit","uploaded_to":0,"date":"2026-02-24 09:10:53","modified":"2026-02-24 09:10:53","menu_order":0,"mime_type":"application\/pdf","type":"application","subtype":"pdf","icon":"https:\/\/www.klb-koetztal.de\/wp\/wp-includes\/images\/media\/document.png"},"filename":"Statement of performance","protected":false,"doclang":"GB","externalkey":"Leistungserklaerung","docpos":"2"},{"download":{"ID":68866,"id":68866,"title":"EP_200_ELplus_LE_fr_2026_02","filename":"EP_200_ELplus_LE_fr_2026_02.pdf","filesize":345832,"url":"https:\/\/www.klb-koetztal.de\/app\/uploads\/2026\/02\/EP_200_ELplus_LE_fr_2026_02.pdf","link":"https:\/\/www.klb-koetztal.de\/fr\/?attachment_id=68866","alt":"","author":"7","description":"","caption":"","name":"ep_200_elplus_le_fr_2026_02-2","status":"inherit","uploaded_to":0,"date":"2026-02-24 09:10:55","modified":"2026-02-24 09:10:55","menu_order":0,"mime_type":"application\/pdf","type":"application","subtype":"pdf","icon":"https:\/\/www.klb-koetztal.de\/wp\/wp-includes\/images\/media\/document.png"},"filename":"D\u00e9claration de performance","protected":false,"doclang":"FR","externalkey":"Leistungserklaerung","docpos":"3"},{"download":{"ID":51942,"id":51942,"title":"EP200_EL_plus_Umwelt-Deklaration_2022-08","filename":"EP200_EL_plus_Umwelt-Deklaration_2022-08.pdf","filesize":2344269,"url":"https:\/\/www.klb-koetztal.de\/app\/uploads\/2022\/09\/EP200_EL_plus_Umwelt-Deklaration_2022-08.pdf","link":"https:\/\/www.klb-koetztal.de\/fr\/?attachment_id=51942","alt":"","author":"7","description":"","caption":"","name":"ep200_el_plus_umwelt-deklaration_2022-08-2","status":"inherit","uploaded_to":0,"date":"2022-09-01 09:05:22","modified":"2022-09-01 09:05:22","menu_order":0,"mime_type":"application\/pdf","type":"application","subtype":"pdf","icon":"https:\/\/www.klb-koetztal.de\/wp\/wp-includes\/images\/media\/document.png"},"filename":"D\u00e9clarations de produit environnemental (EPD)","protected":false,"doclang":"Multi","externalkey":"Umweltproduktdeklaration","docpos":"50"},{"download":false,"filename":"Fiche de donn\u00e9es de s\u00e9curit\u00e9","protected":true,"doclang":"FR","externalkey":"Sicherheitsdatenblatt","docpos":"3"}],"einstellungen":null,"background_color":"bg-none","background_color_content":"bg-none"}},"included_in_systems":{"module_included_in_systems":{"":null,"background_color":"bg-gray-medium","background_color_content":"bg-none"}},"contact":{"module_contact":{"":null,"background_color":"bg-none","background_color_content":"bg-none"}},"ausschreibende":{"module_ausschreibende":{"andern_sie_den_inhalt_unter_universelle_elemente":null,"background_color":"bg-none","background_color_content":"bg-none"}}},"yoast_head":"<!-- This site is optimized with the Yoast SEO plugin v27.0 - https:\/\/yoast.com\/product\/yoast-seo-wordpress\/ -->\n<title>Rev\u00eatement de sol conducteur, lisse EP 200 EL+ | KLB K\u00f6tztal<\/title>\n<meta name=\"description\" content=\"Rev\u00eatement autolissant \u00e9poxyde bicomposant, antistatique, robuste EP 200 EL+ | KLB sols industriels \u2714\ufe0f DES et antid\u00e9flagrante, antid\u00e9rapance R9\/R10\" \/>\n<meta name=\"robots\" content=\"noindex, follow, max-snippet:-1, max-image-preview:large, max-video-preview:-1\" \/>\n<meta property=\"og:locale\" content=\"fr_FR\" \/>\n<meta property=\"og:type\" content=\"article\" \/>\n<meta property=\"og:title\" content=\"Rev\u00eatement de sol conducteur, lisse EP 200 EL+ | KLB K\u00f6tztal\" \/>\n<meta property=\"og:description\" content=\"Rev\u00eatement autolissant \u00e9poxyde bicomposant, antistatique, robuste EP 200 EL+ | KLB sols industriels \u2714\ufe0f DES et antid\u00e9flagrante, antid\u00e9rapance R9\/R10\" \/>\n<meta property=\"og:url\" content=\"https:\/\/www.klb-koetztal.de\/fr\/produkt\/klb-system-epoxid-ep-200-el\/\" \/>\n<meta property=\"og:site_name\" content=\"KLB K\u00f6tztal\" \/>\n<meta property=\"article:publisher\" content=\"https:\/\/www.facebook.com\/klbkoetztal\" \/>\n<meta property=\"article:modified_time\" content=\"2026-04-01T10:17:38+00:00\" \/>\n<meta property=\"og:image\" content=\"https:\/\/www.klb-koetztal.de\/app\/uploads\/2022\/03\/EP200_EL.jpg\" \/>\n\t<meta property=\"og:image:width\" content=\"500\" \/>\n\t<meta property=\"og:image:height\" content=\"500\" \/>\n\t<meta property=\"og:image:type\" content=\"image\/jpeg\" \/>\n<meta name=\"twitter:card\" content=\"summary_large_image\" \/>\n<script type=\"application\/ld+json\" class=\"yoast-schema-graph\">{\"@context\":\"https:\/\/schema.org\",\"@graph\":[{\"@type\":\"WebPage\",\"@id\":\"https:\/\/www.klb-koetztal.de\/fr\/produkt\/klb-system-epoxid-ep-200-el\/\",\"url\":\"https:\/\/www.klb-koetztal.de\/fr\/produkt\/klb-system-epoxid-ep-200-el\/\",\"name\":\"Rev\u00eatement de sol conducteur, lisse EP 200 EL+ | KLB K\u00f6tztal\",\"isPartOf\":{\"@id\":\"https:\/\/www.klb-koetztal.de\/fr\/#website\"},\"primaryImageOfPage\":{\"@id\":\"https:\/\/www.klb-koetztal.de\/fr\/produkt\/klb-system-epoxid-ep-200-el\/#primaryimage\"},\"image\":{\"@id\":\"https:\/\/www.klb-koetztal.de\/fr\/produkt\/klb-system-epoxid-ep-200-el\/#primaryimage\"},\"thumbnailUrl\":\"https:\/\/www.klb-koetztal.de\/app\/uploads\/2022\/03\/EP200_EL.jpg\",\"datePublished\":\"2022-03-14T10:01:07+00:00\",\"dateModified\":\"2026-04-01T10:17:38+00:00\",\"description\":\"Rev\u00eatement autolissant \u00e9poxyde bicomposant, antistatique, robuste EP 200 EL+ | KLB sols industriels \u2714\ufe0f DES et antid\u00e9flagrante, antid\u00e9rapance R9\/R10\",\"breadcrumb\":{\"@id\":\"https:\/\/www.klb-koetztal.de\/fr\/produkt\/klb-system-epoxid-ep-200-el\/#breadcrumb\"},\"inLanguage\":\"fr-FR\",\"potentialAction\":[{\"@type\":\"ReadAction\",\"target\":[\"https:\/\/www.klb-koetztal.de\/fr\/produkt\/klb-system-epoxid-ep-200-el\/\"]}]},{\"@type\":\"ImageObject\",\"inLanguage\":\"fr-FR\",\"@id\":\"https:\/\/www.klb-koetztal.de\/fr\/produkt\/klb-system-epoxid-ep-200-el\/#primaryimage\",\"url\":\"https:\/\/www.klb-koetztal.de\/app\/uploads\/2022\/03\/EP200_EL.jpg\",\"contentUrl\":\"https:\/\/www.klb-koetztal.de\/app\/uploads\/2022\/03\/EP200_EL.jpg\",\"width\":500,\"height\":500},{\"@type\":\"BreadcrumbList\",\"@id\":\"https:\/\/www.klb-koetztal.de\/fr\/produkt\/klb-system-epoxid-ep-200-el\/#breadcrumb\",\"itemListElement\":[{\"@type\":\"ListItem\",\"position\":1,\"name\":\"Startseite\",\"item\":\"https:\/\/www.klb-koetztal.de\/fr\/\"},{\"@type\":\"ListItem\",\"position\":2,\"name\":\"KLB-SYSTEM EPOXID EP 200 EL+\"}]},{\"@type\":\"WebSite\",\"@id\":\"https:\/\/www.klb-koetztal.de\/fr\/#website\",\"url\":\"https:\/\/www.klb-koetztal.de\/fr\/\",\"name\":\"KLB K\u00f6tztal\",\"description\":\"Gute B\u00f6den haben ein System.\",\"potentialAction\":[{\"@type\":\"SearchAction\",\"target\":{\"@type\":\"EntryPoint\",\"urlTemplate\":\"https:\/\/www.klb-koetztal.de\/fr\/?s={search_term_string}\"},\"query-input\":{\"@type\":\"PropertyValueSpecification\",\"valueRequired\":true,\"valueName\":\"search_term_string\"}}],\"inLanguage\":\"fr-FR\"}]}<\/script>\n<!-- \/ Yoast SEO plugin. -->","yoast_head_json":{"title":"Rev\u00eatement de sol conducteur, lisse EP 200 EL+ | KLB K\u00f6tztal","description":"Rev\u00eatement autolissant \u00e9poxyde bicomposant, antistatique, robuste EP 200 EL+ | KLB sols industriels \u2714\ufe0f DES et antid\u00e9flagrante, antid\u00e9rapance R9\/R10","robots":{"index":"noindex","follow":"follow","max-snippet":"max-snippet:-1","max-image-preview":"max-image-preview:large","max-video-preview":"max-video-preview:-1"},"og_locale":"fr_FR","og_type":"article","og_title":"Rev\u00eatement de sol conducteur, lisse EP 200 EL+ | KLB K\u00f6tztal","og_description":"Rev\u00eatement autolissant \u00e9poxyde bicomposant, antistatique, robuste EP 200 EL+ | KLB sols industriels \u2714\ufe0f DES et antid\u00e9flagrante, antid\u00e9rapance R9\/R10","og_url":"https:\/\/www.klb-koetztal.de\/fr\/produkt\/klb-system-epoxid-ep-200-el\/","og_site_name":"KLB K\u00f6tztal","article_publisher":"https:\/\/www.facebook.com\/klbkoetztal","article_modified_time":"2026-04-01T10:17:38+00:00","og_image":[{"width":500,"height":500,"url":"https:\/\/www.klb-koetztal.de\/app\/uploads\/2022\/03\/EP200_EL.jpg","type":"image\/jpeg"}],"twitter_card":"summary_large_image","schema":{"@context":"https:\/\/schema.org","@graph":[{"@type":"WebPage","@id":"https:\/\/www.klb-koetztal.de\/fr\/produkt\/klb-system-epoxid-ep-200-el\/","url":"https:\/\/www.klb-koetztal.de\/fr\/produkt\/klb-system-epoxid-ep-200-el\/","name":"Rev\u00eatement de sol conducteur, lisse EP 200 EL+ | KLB K\u00f6tztal","isPartOf":{"@id":"https:\/\/www.klb-koetztal.de\/fr\/#website"},"primaryImageOfPage":{"@id":"https:\/\/www.klb-koetztal.de\/fr\/produkt\/klb-system-epoxid-ep-200-el\/#primaryimage"},"image":{"@id":"https:\/\/www.klb-koetztal.de\/fr\/produkt\/klb-system-epoxid-ep-200-el\/#primaryimage"},"thumbnailUrl":"https:\/\/www.klb-koetztal.de\/app\/uploads\/2022\/03\/EP200_EL.jpg","datePublished":"2022-03-14T10:01:07+00:00","dateModified":"2026-04-01T10:17:38+00:00","description":"Rev\u00eatement autolissant \u00e9poxyde bicomposant, antistatique, robuste EP 200 EL+ | KLB sols industriels \u2714\ufe0f DES et antid\u00e9flagrante, antid\u00e9rapance R9\/R10","breadcrumb":{"@id":"https:\/\/www.klb-koetztal.de\/fr\/produkt\/klb-system-epoxid-ep-200-el\/#breadcrumb"},"inLanguage":"fr-FR","potentialAction":[{"@type":"ReadAction","target":["https:\/\/www.klb-koetztal.de\/fr\/produkt\/klb-system-epoxid-ep-200-el\/"]}]},{"@type":"ImageObject","inLanguage":"fr-FR","@id":"https:\/\/www.klb-koetztal.de\/fr\/produkt\/klb-system-epoxid-ep-200-el\/#primaryimage","url":"https:\/\/www.klb-koetztal.de\/app\/uploads\/2022\/03\/EP200_EL.jpg","contentUrl":"https:\/\/www.klb-koetztal.de\/app\/uploads\/2022\/03\/EP200_EL.jpg","width":500,"height":500},{"@type":"BreadcrumbList","@id":"https:\/\/www.klb-koetztal.de\/fr\/produkt\/klb-system-epoxid-ep-200-el\/#breadcrumb","itemListElement":[{"@type":"ListItem","position":1,"name":"Startseite","item":"https:\/\/www.klb-koetztal.de\/fr\/"},{"@type":"ListItem","position":2,"name":"KLB-SYSTEM EPOXID EP 200 EL+"}]},{"@type":"WebSite","@id":"https:\/\/www.klb-koetztal.de\/fr\/#website","url":"https:\/\/www.klb-koetztal.de\/fr\/","name":"KLB K\u00f6tztal","description":"Gute B\u00f6den haben ein System.","potentialAction":[{"@type":"SearchAction","target":{"@type":"EntryPoint","urlTemplate":"https:\/\/www.klb-koetztal.de\/fr\/?s={search_term_string}"},"query-input":{"@type":"PropertyValueSpecification","valueRequired":true,"valueName":"search_term_string"}}],"inLanguage":"fr-FR"}]}},"_links":{"self":[{"href":"https:\/\/www.klb-koetztal.de\/fr\/wp-json\/wp\/v2\/product\/49701","targetHints":{"allow":["GET"]}}],"collection":[{"href":"https:\/\/www.klb-koetztal.de\/fr\/wp-json\/wp\/v2\/product"}],"about":[{"href":"https:\/\/www.klb-koetztal.de\/fr\/wp-json\/wp\/v2\/types\/product"}],"wp:featuredmedia":[{"embeddable":true,"href":"https:\/\/www.klb-koetztal.de\/fr\/wp-json\/wp\/v2\/media\/49702"}],"wp:attachment":[{"href":"https:\/\/www.klb-koetztal.de\/fr\/wp-json\/wp\/v2\/media?parent=49701"}],"wp:term":[{"taxonomy":"product_brand","embeddable":true,"href":"https:\/\/www.klb-koetztal.de\/fr\/wp-json\/wp\/v2\/product_brand?post=49701"},{"taxonomy":"product_cat","embeddable":true,"href":"https:\/\/www.klb-koetztal.de\/fr\/wp-json\/wp\/v2\/product_cat?post=49701"},{"taxonomy":"product_tag","embeddable":true,"href":"https:\/\/www.klb-koetztal.de\/fr\/wp-json\/wp\/v2\/product_tag?post=49701"}],"curies":[{"name":"wp","href":"https:\/\/api.w.org\/{rel}","templated":true}]}}