{"id":49679,"date":"2022-03-14T11:00:49","date_gmt":"2022-03-14T10:00:49","guid":{"rendered":"https:\/\/dev.klb-koetztal.de\/produkt\/klb-system-epoxid-ep-202-el\/"},"modified":"2026-04-01T12:38:54","modified_gmt":"2026-04-01T10:38:54","slug":"klb-system-epoxid-ep-202-el","status":"publish","type":"product","link":"https:\/\/www.klb-koetztal.de\/fr\/produkt\/klb-system-epoxid-ep-202-el\/","title":{"rendered":"KLB-SYSTEM EPOXID EP 202 EL+"},"content":{"rendered":"","protected":false},"excerpt":{"rendered":"<p>Rev\u00eatement autolissant en r\u00e9sine \u00e9poxy&#160;\u00e0 2 composants \u00e0 faible \u00e9mission, \u00e9lectro-dissipateur pour \u00e9viter les charges \u00e9lectrostatiques. Pour la protection personnelle et antid\u00e9flagrante. Bonne capacit\u00e9 de nettoyage et de d\u00e9sinfection, ce qui le rend particuli\u00e8rement adapt\u00e9 \u00e0 l&rsquo;industrie biotechnologique, pharmaceutique ou alimentaire. Convient aux salles de loisirs.<br \/>\nConvient aux rev\u00eatements conformes \u00e0 la norme AgBB pour les pi\u00e8ces de s\u00e9jour. Certifi\u00e9 selon Eurofins \u00ab Indoor Air Comfort Gold \u00bb, comme \u00e9tant \u00e0 tr\u00e8s faible \u00e9mission.<\/p>\n","protected":false},"featured_media":49682,"template":"","meta":{"_acf_changed":false},"product_brand":[],"product_cat":[10042,10064],"product_tag":[],"class_list":{"0":"post-49679","1":"product","2":"type-product","3":"status-publish","4":"has-post-thumbnail","6":"product_cat-revetements","7":"product_cat-revetements_revetements-dissipateurs-protection-individuelle-et-antideflagrante","9":"first","10":"instock","11":"shipping-taxable","12":"product-type-simple"},"acf":{"product_header":{"module_product_header":{"":null,"prototype_headline":{"headline":"KLB-SYSTEM EPOXID EP 202 EL+","h1":true,"subheadline":"Rev\u00eatement en r\u00e9sine \u00e9poxy \u00e0 2 composants \u00e0 faible \u00e9mission, \u00e9lectro-dissipateur et pigment\u00e9 pour la r\u00e9alisation de sols sans joint qui sont tr\u00e8s exigeant en mati\u00e8re d\u2018hygi\u00e8ne dans les pi\u00e8ces \u00e0 risque d\u2018explosion et dans les salles blanches","anchor":"","url":""},"grid_text_slider":false,"grid_text_content":[{"text":"<p class=\"product-short-title\" style=\"text-align: center;\"><strong>Br\u00e8ve description<\/strong><\/p>\n<p>Rev\u00eatement autolissant en r\u00e9sine \u00e9poxy&#160;\u00e0 2 composants \u00e0 faible \u00e9mission, \u00e9lectro-dissipateur pour \u00e9viter les charges \u00e9lectrostatiques. Pour la protection personnelle et antid\u00e9flagrante. Bonne capacit\u00e9 de nettoyage et de d\u00e9sinfection, ce qui le rend particuli\u00e8rement adapt\u00e9 \u00e0 l&rsquo;industrie biotechnologique, pharmaceutique ou alimentaire. Convient aux salles de loisirs.<\/p>\n<p>Convient aux rev\u00eatements conformes \u00e0 la norme AgBB pour les pi\u00e8ces de s\u00e9jour. Certifi\u00e9 selon Eurofins \u00ab Indoor Air Comfort Gold \u00bb, comme \u00e9tant \u00e0 tr\u00e8s faible \u00e9mission.<\/p>\n","width":"4","background_color_text":"bg-white","border_color":"border-gray-light"},{"text":"<p class=\"product-sicing-title\" style=\"text-align: center;\"><strong>Unit\u00e9s d'emballage<\/strong><\/p>\n<ul>\n<li>AK1248-50 &#8211; Combinaison Seau 12,00 kg<\/li>\n<li>AK1248-30 &#8211; Combinaison Hobbock 30,00 kg<\/li>\n<\/ul>\n<p><\/p>\n<p>N&rsquo;h\u00e9sitez pas \u00e0 contacter directement pour toute demande concernant des quantit\u00e9s de livraison ou des unit\u00e9s de conditionnement plus importantes.<\/p>\n\n","width":"4","background_color_text":"bg-white","border_color":"border-gray-light"},{"text":"<p class=\"product-attr-title\" style=\"text-align: center;\"><strong>Propri\u00e9t\u00e9s<\/strong><\/p>\n<ul>\n<li>qualit\u00e9 contr\u00f4l\u00e9e, \u00e0 faible \u00e9mission<\/li>\n<li>certifi\u00e9 selon EMICODE\u00ae  EC 1PLUS<\/li>\n<li>Total Solid selon GISCODE (m\u00e9thode d&rsquo;essai de \u00ab Deutsche Bauchemie \u00bb, l&rsquo;association all. pour la chimie de construction)<\/li>\n<li>bonnes propri\u00e9t\u00e9s de traitement<\/li>\n<li>\u00e9lectro-dissipateur<\/li>\n<li>surface homog\u00e8ne<\/li>\n<li>teintes claires disponibles<\/li>\n<li>r\u00e9sistant \u00e0 l&rsquo;abrasion et \u00e0 l&rsquo;usure<\/li>\n<li>bonne r\u00e9sistance \u00e0 l&rsquo;eau et aux produits chimiques<\/li>\n<\/ul>\n","width":"4","background_color_text":"bg-white","border_color":"border-gray-light"}],"background_color":"bg-none","background_color_content":"bg-none"}},"downloads":{"module_download_list":{"inhalt":null,"downloads":[{"download":{"ID":67876,"id":67876,"title":"EP_202_EL_plus_PI_fr_2025_10","filename":"EP_202_EL_plus_PI_fr_2025_10.pdf","filesize":1960346,"url":"https:\/\/www.klb-koetztal.de\/app\/uploads\/2025\/10\/EP_202_EL_plus_PI_fr_2025_10.pdf","link":"https:\/\/www.klb-koetztal.de\/fr\/?attachment_id=67876","alt":"","author":"7","description":"","caption":"","name":"ep_202_el_plus_pi_fr_2025_10-2","status":"inherit","uploaded_to":0,"date":"2025-10-30 10:01:18","modified":"2025-10-30 10:01:18","menu_order":0,"mime_type":"application\/pdf","type":"application","subtype":"pdf","icon":"https:\/\/www.klb-koetztal.de\/wp\/wp-includes\/images\/media\/document.png"},"filename":"Information produit","protected":false,"doclang":"FR","externalkey":"Produktinformation","docpos":"3"},{"download":{"ID":49685,"id":49685,"title":"Leistungserkl\u00e4rung - Statement of performance","filename":"EP202_EL_LE_2017-05.pdf","filesize":202351,"url":"https:\/\/www.klb-koetztal.de\/app\/uploads\/2022\/03\/EP202_EL_LE_2017-05.pdf","link":"https:\/\/www.klb-koetztal.de\/fr\/?attachment_id=49685","alt":"","author":"7","description":"","caption":"","name":"ep202_el_le_2017-05","status":"inherit","uploaded_to":0,"date":"2022-03-14 10:00:53","modified":"2026-04-01 10:39:02","menu_order":0,"mime_type":"application\/pdf","type":"application","subtype":"pdf","icon":"https:\/\/www.klb-koetztal.de\/wp\/wp-includes\/images\/media\/document.png"},"filename":"D\u00e9claration de performance","protected":false,"doclang":"Multi","externalkey":"Leistungserklaerung","docpos":"50"},{"download":{"ID":51963,"id":51963,"title":"EP202_EL_plus_Umwelt-Deklaration_2022-08","filename":"EP202_EL_plus_Umwelt-Deklaration_2022-08.pdf","filesize":2344296,"url":"https:\/\/www.klb-koetztal.de\/app\/uploads\/2022\/09\/EP202_EL_plus_Umwelt-Deklaration_2022-08.pdf","link":"https:\/\/www.klb-koetztal.de\/fr\/?attachment_id=51963","alt":"","author":"7","description":"","caption":"","name":"ep202_el_plus_umwelt-deklaration_2022-08-2","status":"inherit","uploaded_to":0,"date":"2022-09-01 09:35:54","modified":"2022-09-01 09:35:54","menu_order":0,"mime_type":"application\/pdf","type":"application","subtype":"pdf","icon":"https:\/\/www.klb-koetztal.de\/wp\/wp-includes\/images\/media\/document.png"},"filename":"D\u00e9clarations de produit environnemental (EPD)","protected":false,"doclang":"Multi","externalkey":"Umweltproduktdeklaration","docpos":"50"},{"download":false,"filename":"Fiche de donn\u00e9es de s\u00e9curit\u00e9","protected":true,"doclang":"FR","externalkey":"Sicherheitsdatenblatt","docpos":"3"}],"einstellungen":null,"background_color":"bg-none","background_color_content":"bg-none"}},"included_in_systems":{"module_included_in_systems":{"":null,"background_color":"bg-gray-medium","background_color_content":"bg-none"}},"contact":{"module_contact":{"":null,"background_color":"bg-none","background_color_content":"bg-none"}},"ausschreibende":{"module_ausschreibende":{"andern_sie_den_inhalt_unter_universelle_elemente":null,"background_color":"bg-none","background_color_content":"bg-none"}}},"yoast_head":"<!-- This site is optimized with the Yoast SEO plugin v27.0 - https:\/\/yoast.com\/product\/yoast-seo-wordpress\/ -->\n<title>Rev\u00eatement EP 202 EL+ antistatique, faible en COV | KLB K\u00f6tztal<\/title>\n<meta name=\"description\" content=\"Rev\u00eatement de sol EP 202 EL+ dissipateur, \u00e9cologique, pour la protection personnelle et antid\u00e9flagrante | KLB rev\u00eatements r\u00e9sine \u00e9poxy\u2714\ufe0f Eurofins\" \/>\n<meta name=\"robots\" content=\"noindex, follow, max-snippet:-1, max-image-preview:large, max-video-preview:-1\" \/>\n<meta property=\"og:locale\" content=\"fr_FR\" \/>\n<meta property=\"og:type\" content=\"article\" \/>\n<meta property=\"og:title\" content=\"Rev\u00eatement EP 202 EL+ antistatique, faible en COV | KLB K\u00f6tztal\" \/>\n<meta property=\"og:description\" content=\"Rev\u00eatement de sol EP 202 EL+ dissipateur, \u00e9cologique, pour la protection personnelle et antid\u00e9flagrante | KLB rev\u00eatements r\u00e9sine \u00e9poxy\u2714\ufe0f Eurofins\" \/>\n<meta property=\"og:url\" content=\"https:\/\/www.klb-koetztal.de\/fr\/produkt\/klb-system-epoxid-ep-202-el\/\" \/>\n<meta property=\"og:site_name\" content=\"KLB K\u00f6tztal\" \/>\n<meta property=\"article:publisher\" content=\"https:\/\/www.facebook.com\/klbkoetztal\" \/>\n<meta property=\"article:modified_time\" content=\"2026-04-01T10:38:54+00:00\" \/>\n<meta property=\"og:image\" content=\"https:\/\/www.klb-koetztal.de\/app\/uploads\/2022\/03\/EP202_EL.jpg\" \/>\n\t<meta property=\"og:image:width\" content=\"500\" \/>\n\t<meta property=\"og:image:height\" content=\"500\" \/>\n\t<meta property=\"og:image:type\" content=\"image\/jpeg\" \/>\n<meta name=\"twitter:card\" content=\"summary_large_image\" \/>\n<script type=\"application\/ld+json\" class=\"yoast-schema-graph\">{\"@context\":\"https:\/\/schema.org\",\"@graph\":[{\"@type\":\"WebPage\",\"@id\":\"https:\/\/www.klb-koetztal.de\/fr\/produkt\/klb-system-epoxid-ep-202-el\/\",\"url\":\"https:\/\/www.klb-koetztal.de\/fr\/produkt\/klb-system-epoxid-ep-202-el\/\",\"name\":\"Rev\u00eatement EP 202 EL+ antistatique, faible en COV | KLB K\u00f6tztal\",\"isPartOf\":{\"@id\":\"https:\/\/www.klb-koetztal.de\/fr\/#website\"},\"primaryImageOfPage\":{\"@id\":\"https:\/\/www.klb-koetztal.de\/fr\/produkt\/klb-system-epoxid-ep-202-el\/#primaryimage\"},\"image\":{\"@id\":\"https:\/\/www.klb-koetztal.de\/fr\/produkt\/klb-system-epoxid-ep-202-el\/#primaryimage\"},\"thumbnailUrl\":\"https:\/\/www.klb-koetztal.de\/app\/uploads\/2022\/03\/EP202_EL.jpg\",\"datePublished\":\"2022-03-14T10:00:49+00:00\",\"dateModified\":\"2026-04-01T10:38:54+00:00\",\"description\":\"Rev\u00eatement de sol EP 202 EL+ dissipateur, \u00e9cologique, pour la protection personnelle et antid\u00e9flagrante | KLB rev\u00eatements r\u00e9sine \u00e9poxy\u2714\ufe0f Eurofins\",\"breadcrumb\":{\"@id\":\"https:\/\/www.klb-koetztal.de\/fr\/produkt\/klb-system-epoxid-ep-202-el\/#breadcrumb\"},\"inLanguage\":\"fr-FR\",\"potentialAction\":[{\"@type\":\"ReadAction\",\"target\":[\"https:\/\/www.klb-koetztal.de\/fr\/produkt\/klb-system-epoxid-ep-202-el\/\"]}]},{\"@type\":\"ImageObject\",\"inLanguage\":\"fr-FR\",\"@id\":\"https:\/\/www.klb-koetztal.de\/fr\/produkt\/klb-system-epoxid-ep-202-el\/#primaryimage\",\"url\":\"https:\/\/www.klb-koetztal.de\/app\/uploads\/2022\/03\/EP202_EL.jpg\",\"contentUrl\":\"https:\/\/www.klb-koetztal.de\/app\/uploads\/2022\/03\/EP202_EL.jpg\",\"width\":500,\"height\":500},{\"@type\":\"BreadcrumbList\",\"@id\":\"https:\/\/www.klb-koetztal.de\/fr\/produkt\/klb-system-epoxid-ep-202-el\/#breadcrumb\",\"itemListElement\":[{\"@type\":\"ListItem\",\"position\":1,\"name\":\"Startseite\",\"item\":\"https:\/\/www.klb-koetztal.de\/fr\/\"},{\"@type\":\"ListItem\",\"position\":2,\"name\":\"KLB-SYSTEM EPOXID EP 202 EL+\"}]},{\"@type\":\"WebSite\",\"@id\":\"https:\/\/www.klb-koetztal.de\/fr\/#website\",\"url\":\"https:\/\/www.klb-koetztal.de\/fr\/\",\"name\":\"KLB K\u00f6tztal\",\"description\":\"Gute B\u00f6den haben ein System.\",\"potentialAction\":[{\"@type\":\"SearchAction\",\"target\":{\"@type\":\"EntryPoint\",\"urlTemplate\":\"https:\/\/www.klb-koetztal.de\/fr\/?s={search_term_string}\"},\"query-input\":{\"@type\":\"PropertyValueSpecification\",\"valueRequired\":true,\"valueName\":\"search_term_string\"}}],\"inLanguage\":\"fr-FR\"}]}<\/script>\n<!-- \/ Yoast SEO plugin. -->","yoast_head_json":{"title":"Rev\u00eatement EP 202 EL+ antistatique, faible en COV | KLB K\u00f6tztal","description":"Rev\u00eatement de sol EP 202 EL+ dissipateur, \u00e9cologique, pour la protection personnelle et antid\u00e9flagrante | KLB rev\u00eatements r\u00e9sine \u00e9poxy\u2714\ufe0f Eurofins","robots":{"index":"noindex","follow":"follow","max-snippet":"max-snippet:-1","max-image-preview":"max-image-preview:large","max-video-preview":"max-video-preview:-1"},"og_locale":"fr_FR","og_type":"article","og_title":"Rev\u00eatement EP 202 EL+ antistatique, faible en COV | KLB K\u00f6tztal","og_description":"Rev\u00eatement de sol EP 202 EL+ dissipateur, \u00e9cologique, pour la protection personnelle et antid\u00e9flagrante | KLB rev\u00eatements r\u00e9sine \u00e9poxy\u2714\ufe0f Eurofins","og_url":"https:\/\/www.klb-koetztal.de\/fr\/produkt\/klb-system-epoxid-ep-202-el\/","og_site_name":"KLB K\u00f6tztal","article_publisher":"https:\/\/www.facebook.com\/klbkoetztal","article_modified_time":"2026-04-01T10:38:54+00:00","og_image":[{"width":500,"height":500,"url":"https:\/\/www.klb-koetztal.de\/app\/uploads\/2022\/03\/EP202_EL.jpg","type":"image\/jpeg"}],"twitter_card":"summary_large_image","schema":{"@context":"https:\/\/schema.org","@graph":[{"@type":"WebPage","@id":"https:\/\/www.klb-koetztal.de\/fr\/produkt\/klb-system-epoxid-ep-202-el\/","url":"https:\/\/www.klb-koetztal.de\/fr\/produkt\/klb-system-epoxid-ep-202-el\/","name":"Rev\u00eatement EP 202 EL+ antistatique, faible en COV | KLB K\u00f6tztal","isPartOf":{"@id":"https:\/\/www.klb-koetztal.de\/fr\/#website"},"primaryImageOfPage":{"@id":"https:\/\/www.klb-koetztal.de\/fr\/produkt\/klb-system-epoxid-ep-202-el\/#primaryimage"},"image":{"@id":"https:\/\/www.klb-koetztal.de\/fr\/produkt\/klb-system-epoxid-ep-202-el\/#primaryimage"},"thumbnailUrl":"https:\/\/www.klb-koetztal.de\/app\/uploads\/2022\/03\/EP202_EL.jpg","datePublished":"2022-03-14T10:00:49+00:00","dateModified":"2026-04-01T10:38:54+00:00","description":"Rev\u00eatement de sol EP 202 EL+ dissipateur, \u00e9cologique, pour la protection personnelle et antid\u00e9flagrante | KLB rev\u00eatements r\u00e9sine \u00e9poxy\u2714\ufe0f Eurofins","breadcrumb":{"@id":"https:\/\/www.klb-koetztal.de\/fr\/produkt\/klb-system-epoxid-ep-202-el\/#breadcrumb"},"inLanguage":"fr-FR","potentialAction":[{"@type":"ReadAction","target":["https:\/\/www.klb-koetztal.de\/fr\/produkt\/klb-system-epoxid-ep-202-el\/"]}]},{"@type":"ImageObject","inLanguage":"fr-FR","@id":"https:\/\/www.klb-koetztal.de\/fr\/produkt\/klb-system-epoxid-ep-202-el\/#primaryimage","url":"https:\/\/www.klb-koetztal.de\/app\/uploads\/2022\/03\/EP202_EL.jpg","contentUrl":"https:\/\/www.klb-koetztal.de\/app\/uploads\/2022\/03\/EP202_EL.jpg","width":500,"height":500},{"@type":"BreadcrumbList","@id":"https:\/\/www.klb-koetztal.de\/fr\/produkt\/klb-system-epoxid-ep-202-el\/#breadcrumb","itemListElement":[{"@type":"ListItem","position":1,"name":"Startseite","item":"https:\/\/www.klb-koetztal.de\/fr\/"},{"@type":"ListItem","position":2,"name":"KLB-SYSTEM EPOXID EP 202 EL+"}]},{"@type":"WebSite","@id":"https:\/\/www.klb-koetztal.de\/fr\/#website","url":"https:\/\/www.klb-koetztal.de\/fr\/","name":"KLB K\u00f6tztal","description":"Gute B\u00f6den haben ein System.","potentialAction":[{"@type":"SearchAction","target":{"@type":"EntryPoint","urlTemplate":"https:\/\/www.klb-koetztal.de\/fr\/?s={search_term_string}"},"query-input":{"@type":"PropertyValueSpecification","valueRequired":true,"valueName":"search_term_string"}}],"inLanguage":"fr-FR"}]}},"_links":{"self":[{"href":"https:\/\/www.klb-koetztal.de\/fr\/wp-json\/wp\/v2\/product\/49679","targetHints":{"allow":["GET"]}}],"collection":[{"href":"https:\/\/www.klb-koetztal.de\/fr\/wp-json\/wp\/v2\/product"}],"about":[{"href":"https:\/\/www.klb-koetztal.de\/fr\/wp-json\/wp\/v2\/types\/product"}],"wp:featuredmedia":[{"embeddable":true,"href":"https:\/\/www.klb-koetztal.de\/fr\/wp-json\/wp\/v2\/media\/49682"}],"wp:attachment":[{"href":"https:\/\/www.klb-koetztal.de\/fr\/wp-json\/wp\/v2\/media?parent=49679"}],"wp:term":[{"taxonomy":"product_brand","embeddable":true,"href":"https:\/\/www.klb-koetztal.de\/fr\/wp-json\/wp\/v2\/product_brand?post=49679"},{"taxonomy":"product_cat","embeddable":true,"href":"https:\/\/www.klb-koetztal.de\/fr\/wp-json\/wp\/v2\/product_cat?post=49679"},{"taxonomy":"product_tag","embeddable":true,"href":"https:\/\/www.klb-koetztal.de\/fr\/wp-json\/wp\/v2\/product_tag?post=49679"}],"curies":[{"name":"wp","href":"https:\/\/api.w.org\/{rel}","templated":true}]}}