{"id":49656,"date":"2022-03-14T11:00:36","date_gmt":"2022-03-14T10:00:36","guid":{"rendered":"https:\/\/dev.klb-koetztal.de\/produkt\/klb-system-epoxid-ep-212-esd\/"},"modified":"2026-04-01T12:41:18","modified_gmt":"2026-04-01T10:41:18","slug":"klb-system-epoxid-ep-212-esd","status":"publish","type":"product","link":"https:\/\/www.klb-koetztal.de\/fr\/produkt\/klb-system-epoxid-ep-212-esd\/","title":{"rendered":"KLB-SYSTEM EPOXID EP 212 ESD\n&#160;"},"content":{"rendered":"","protected":false},"excerpt":{"rendered":"<p>Rev\u00eatement de sol en r\u00e9sine \u00e9poxy \u00e0 2 composants de haute qualit\u00e9, \u00e0 faible \u00e9mission&#160;et dissipateur pour les exigences \u00e9lev\u00e9es dans les domaines DES. Convient aux exigences DES selon les normes DIN EN 61340-5-1\/2, DIN EN 61340-4-5, DIN EN 61340-4-1, ainsi qu&rsquo;aux exigences de r\u00e9sistance \u00e0 la transition de site selon VDE 0100 &#8211; 600.<br \/>\nKLB-SYSTEM EPOXID EP 212 NEU est particuli\u00e8rement avantageux en cas de faible humidit\u00e9.<\/p>\n","protected":false},"featured_media":49659,"template":"","meta":{"_acf_changed":false},"product_brand":[],"product_cat":[10042,10069],"product_tag":[],"class_list":{"0":"post-49656","1":"product","2":"type-product","3":"status-publish","4":"has-post-thumbnail","6":"product_cat-revetements","7":"product_cat-revetements_revetements-dissipateurs-pour-la-protection-des","9":"first","10":"instock","11":"shipping-taxable","12":"product-type-simple"},"acf":{"product_header":{"module_product_header":{"":null,"prototype_headline":{"headline":"KLB-SYSTEM EPOXID EP 212 ESD\n&#160;","h1":true,"subheadline":"Rev\u00eatement de sol en r\u00e9sine \u00e9poxy bicomposante \u00e0 faible \u00e9mission, de couleur claire et homog\u00e8nement dissipateur&#160;pour les exigences dans les domaines DES.","anchor":"","url":""},"grid_text_slider":false,"grid_text_content":[{"text":"<p class=\"product-short-title\" style=\"text-align: center;\"><strong>Br\u00e8ve description<\/strong><\/p>\n<p>Rev\u00eatement de sol en r\u00e9sine \u00e9poxy \u00e0 2 composants de haute qualit\u00e9, \u00e0 faible \u00e9mission&#160;et dissipateur pour les exigences \u00e9lev\u00e9es dans les domaines DES. Convient aux exigences DES selon les normes DIN EN 61340-5-1\/2, DIN EN 61340-4-5, DIN EN 61340-4-1, ainsi qu&rsquo;aux exigences de r\u00e9sistance \u00e0 la transition de site selon VDE 0100 &#8211; 600.<\/p>\n<p>KLB-SYSTEM EPOXID EP 212 NEU est particuli\u00e8rement avantageux en cas de faible humidit\u00e9.<\/p>\n","width":"4","background_color_text":"bg-white","border_color":"border-gray-light"},{"text":"<p class=\"product-sicing-title\" style=\"text-align: center;\"><strong>Unit\u00e9s d'emballage<\/strong><\/p>\n<ul>\n<li>AK1285-50 &#8211; Combinaison Seau 12,00 kg<\/li>\n<li>AK1285-30 &#8211; Combinaison Hobbock 30,00 kg<\/li>\n<\/ul>\n<p><\/p>\n<p>N&rsquo;h\u00e9sitez pas \u00e0 contacter directement pour toute demande concernant des quantit\u00e9s de livraison ou des unit\u00e9s de conditionnement plus importantes.<\/p>\n\n","width":"4","background_color_text":"bg-white","border_color":"border-gray-light"},{"text":"<p class=\"product-attr-title\" style=\"text-align: center;\"><strong>Propri\u00e9t\u00e9s<\/strong><\/p>\n<ul>\n<li>qualit\u00e9 contr\u00f4l\u00e9e, \u00e0 faible \u00e9mission<\/li>\n<li>Total Solid selon GISCODE (m\u00e9thode d&rsquo;essai de \u00ab Deutsche Bauchemie \u00bb, l&rsquo;association all. pour la chimie de construction)<\/li>\n<li>\u00e9lectro-dissipateur<\/li>\n<li>pour des exigences \u00e9lev\u00e9es en mati\u00e8re de protection DES<\/li>\n<li>surfaces claires, color\u00e9es<\/li>\n<li>r\u00e9sistance \u00e9quilibre<\/li>\n<li>stable \u00e0 l&rsquo;hydrolyse et \u00e0 la saponification<\/li>\n<li>r\u00e9pond \u00e0 la r\u00e9sistance de transition du site selon les indications<\/li>\n<li>r\u00e9sistant \u00e0 l&rsquo;abrasion et \u00e0 l&rsquo;usure<\/li>\n<\/ul>\n","width":"4","background_color_text":"bg-white","border_color":"border-gray-light"}],"background_color":"bg-none","background_color_content":"bg-none"}},"downloads":{"module_download_list":{"inhalt":null,"downloads":[{"download":{"ID":68540,"id":68540,"title":"EP_212_ESD_PI_fr_2026_01-1","filename":"EP_212_ESD_PI_fr_2026_01-1.pdf","filesize":946171,"url":"https:\/\/www.klb-koetztal.de\/app\/uploads\/2026\/01\/EP_212_ESD_PI_fr_2026_01-1.pdf","link":"https:\/\/www.klb-koetztal.de\/fr\/?attachment_id=68540","alt":"","author":"7","description":"","caption":"","name":"ep_212_esd_pi_fr_2026_01-1-2","status":"inherit","uploaded_to":0,"date":"2026-01-12 10:20:57","modified":"2026-01-12 10:20:57","menu_order":0,"mime_type":"application\/pdf","type":"application","subtype":"pdf","icon":"https:\/\/www.klb-koetztal.de\/wp\/wp-includes\/images\/media\/document.png"},"filename":"Information produit","protected":false,"doclang":"FR","externalkey":"Produktinformation","docpos":"3"},{"download":{"ID":68156,"id":68156,"title":"EP_212_ESD_LE_en_2025_11-1","filename":"EP_212_ESD_LE_en_2025_11-1.pdf","filesize":548329,"url":"https:\/\/www.klb-koetztal.de\/app\/uploads\/2025\/11\/EP_212_ESD_LE_en_2025_11-1.pdf","link":"https:\/\/www.klb-koetztal.de\/fr\/?attachment_id=68156","alt":"","author":"7","description":"","caption":"","name":"ep_212_esd_le_en_2025_11-1-2","status":"inherit","uploaded_to":0,"date":"2025-11-26 07:30:42","modified":"2025-11-26 07:30:42","menu_order":0,"mime_type":"application\/pdf","type":"application","subtype":"pdf","icon":"https:\/\/www.klb-koetztal.de\/wp\/wp-includes\/images\/media\/document.png"},"filename":"Statement of performance","protected":false,"doclang":"GB","externalkey":"Leistungserklaerung","docpos":"2"},{"download":{"ID":68159,"id":68159,"title":"EP_212_ESD_LE_fr_2025_11-1","filename":"EP_212_ESD_LE_fr_2025_11-1.pdf","filesize":547718,"url":"https:\/\/www.klb-koetztal.de\/app\/uploads\/2025\/11\/EP_212_ESD_LE_fr_2025_11-1.pdf","link":"https:\/\/www.klb-koetztal.de\/fr\/?attachment_id=68159","alt":"","author":"7","description":"","caption":"","name":"ep_212_esd_le_fr_2025_11-1-2","status":"inherit","uploaded_to":0,"date":"2025-11-26 07:30:44","modified":"2025-11-26 07:30:44","menu_order":0,"mime_type":"application\/pdf","type":"application","subtype":"pdf","icon":"https:\/\/www.klb-koetztal.de\/wp\/wp-includes\/images\/media\/document.png"},"filename":"D\u00e9claration de performance","protected":false,"doclang":"FR","externalkey":"Leistungserklaerung","docpos":"3"},{"download":{"ID":60801,"id":60801,"title":"EP212_NEU_Umwelt-Deklaration_2023-11","filename":"EP212_NEU_Umwelt-Deklaration_2023-11.pdf","filesize":2460493,"url":"https:\/\/www.klb-koetztal.de\/app\/uploads\/2024\/03\/EP212_NEU_Umwelt-Deklaration_2023-11.pdf","link":"https:\/\/www.klb-koetztal.de\/fr\/?attachment_id=60801","alt":"","author":"7","description":"","caption":"","name":"ep212_neu_umwelt-deklaration_2023-11-2","status":"inherit","uploaded_to":0,"date":"2024-03-25 07:30:20","modified":"2024-03-25 07:30:20","menu_order":0,"mime_type":"application\/pdf","type":"application","subtype":"pdf","icon":"https:\/\/www.klb-koetztal.de\/wp\/wp-includes\/images\/media\/document.png"},"filename":"D\u00e9clarations de produit environnemental (EPD)","protected":false,"doclang":"Multi","externalkey":"Umweltproduktdeklaration","docpos":"50"},{"download":false,"filename":"Fiche de donn\u00e9es de s\u00e9curit\u00e9","protected":true,"doclang":"FR","externalkey":"Sicherheitsdatenblatt","docpos":"3"}],"einstellungen":null,"background_color":"bg-none","background_color_content":"bg-none"}},"included_in_systems":{"module_included_in_systems":{"":null,"background_color":"bg-gray-medium","background_color_content":"bg-none"}},"contact":{"module_contact":{"":null,"background_color":"bg-none","background_color_content":"bg-none"}},"ausschreibende":{"module_ausschreibende":{"andern_sie_den_inhalt_unter_universelle_elemente":null,"background_color":"bg-none","background_color_content":"bg-none"}}},"yoast_head":"<!-- This site is optimized with the Yoast SEO plugin v27.0 - https:\/\/yoast.com\/product\/yoast-seo-wordpress\/ -->\n<title>Rev\u00eatement de sol DES-dissipateur, sans solvant EP 212 ESD | KLB<\/title>\n<meta name=\"description\" content=\"Rev\u00eatement EP 212 ESD de haute qualit\u00e9, sans solvant, chimi-r\u00e9sistant | KLB sols industriels \u2714\ufe0f particuli\u00e8rement avantageux en humidit\u00e9 faible\" \/>\n<meta name=\"robots\" content=\"noindex, follow, max-snippet:-1, max-image-preview:large, max-video-preview:-1\" \/>\n<meta property=\"og:locale\" content=\"fr_FR\" \/>\n<meta property=\"og:type\" content=\"article\" \/>\n<meta property=\"og:title\" content=\"Rev\u00eatement de sol DES-dissipateur, sans solvant EP 212 ESD | KLB\" \/>\n<meta property=\"og:description\" content=\"Rev\u00eatement EP 212 ESD de haute qualit\u00e9, sans solvant, chimi-r\u00e9sistant | KLB sols industriels \u2714\ufe0f particuli\u00e8rement avantageux en humidit\u00e9 faible\" \/>\n<meta property=\"og:url\" content=\"https:\/\/www.klb-koetztal.de\/fr\/produkt\/klb-system-epoxid-ep-212-esd\/\" \/>\n<meta property=\"og:site_name\" content=\"KLB K\u00f6tztal\" \/>\n<meta property=\"article:publisher\" content=\"https:\/\/www.facebook.com\/klbkoetztal\" \/>\n<meta property=\"article:modified_time\" content=\"2026-04-01T10:41:18+00:00\" \/>\n<meta property=\"og:image\" content=\"https:\/\/www.klb-koetztal.de\/app\/uploads\/2022\/03\/EP212_ESD.jpg\" \/>\n\t<meta property=\"og:image:width\" content=\"500\" \/>\n\t<meta property=\"og:image:height\" content=\"500\" \/>\n\t<meta property=\"og:image:type\" content=\"image\/jpeg\" \/>\n<meta name=\"twitter:card\" content=\"summary_large_image\" \/>\n<script type=\"application\/ld+json\" class=\"yoast-schema-graph\">{\"@context\":\"https:\/\/schema.org\",\"@graph\":[{\"@type\":\"WebPage\",\"@id\":\"https:\/\/www.klb-koetztal.de\/fr\/produkt\/klb-system-epoxid-ep-212-esd\/\",\"url\":\"https:\/\/www.klb-koetztal.de\/fr\/produkt\/klb-system-epoxid-ep-212-esd\/\",\"name\":\"Rev\u00eatement de sol DES-dissipateur, sans solvant EP 212 ESD | KLB\",\"isPartOf\":{\"@id\":\"https:\/\/www.klb-koetztal.de\/fr\/#website\"},\"primaryImageOfPage\":{\"@id\":\"https:\/\/www.klb-koetztal.de\/fr\/produkt\/klb-system-epoxid-ep-212-esd\/#primaryimage\"},\"image\":{\"@id\":\"https:\/\/www.klb-koetztal.de\/fr\/produkt\/klb-system-epoxid-ep-212-esd\/#primaryimage\"},\"thumbnailUrl\":\"https:\/\/www.klb-koetztal.de\/app\/uploads\/2022\/03\/EP212_ESD.jpg\",\"datePublished\":\"2022-03-14T10:00:36+00:00\",\"dateModified\":\"2026-04-01T10:41:18+00:00\",\"description\":\"Rev\u00eatement EP 212 ESD de haute qualit\u00e9, sans solvant, chimi-r\u00e9sistant | KLB sols industriels \u2714\ufe0f particuli\u00e8rement avantageux en humidit\u00e9 faible\",\"breadcrumb\":{\"@id\":\"https:\/\/www.klb-koetztal.de\/fr\/produkt\/klb-system-epoxid-ep-212-esd\/#breadcrumb\"},\"inLanguage\":\"fr-FR\",\"potentialAction\":[{\"@type\":\"ReadAction\",\"target\":[\"https:\/\/www.klb-koetztal.de\/fr\/produkt\/klb-system-epoxid-ep-212-esd\/\"]}]},{\"@type\":\"ImageObject\",\"inLanguage\":\"fr-FR\",\"@id\":\"https:\/\/www.klb-koetztal.de\/fr\/produkt\/klb-system-epoxid-ep-212-esd\/#primaryimage\",\"url\":\"https:\/\/www.klb-koetztal.de\/app\/uploads\/2022\/03\/EP212_ESD.jpg\",\"contentUrl\":\"https:\/\/www.klb-koetztal.de\/app\/uploads\/2022\/03\/EP212_ESD.jpg\",\"width\":500,\"height\":500},{\"@type\":\"BreadcrumbList\",\"@id\":\"https:\/\/www.klb-koetztal.de\/fr\/produkt\/klb-system-epoxid-ep-212-esd\/#breadcrumb\",\"itemListElement\":[{\"@type\":\"ListItem\",\"position\":1,\"name\":\"Startseite\",\"item\":\"https:\/\/www.klb-koetztal.de\/fr\/\"},{\"@type\":\"ListItem\",\"position\":2,\"name\":\"KLB-SYSTEM EPOXID EP 212 ESD &#160;\"}]},{\"@type\":\"WebSite\",\"@id\":\"https:\/\/www.klb-koetztal.de\/fr\/#website\",\"url\":\"https:\/\/www.klb-koetztal.de\/fr\/\",\"name\":\"KLB K\u00f6tztal\",\"description\":\"Gute B\u00f6den haben ein System.\",\"potentialAction\":[{\"@type\":\"SearchAction\",\"target\":{\"@type\":\"EntryPoint\",\"urlTemplate\":\"https:\/\/www.klb-koetztal.de\/fr\/?s={search_term_string}\"},\"query-input\":{\"@type\":\"PropertyValueSpecification\",\"valueRequired\":true,\"valueName\":\"search_term_string\"}}],\"inLanguage\":\"fr-FR\"}]}<\/script>\n<!-- \/ Yoast SEO plugin. -->","yoast_head_json":{"title":"Rev\u00eatement de sol DES-dissipateur, sans solvant EP 212 ESD | KLB","description":"Rev\u00eatement EP 212 ESD de haute qualit\u00e9, sans solvant, chimi-r\u00e9sistant | KLB sols industriels \u2714\ufe0f particuli\u00e8rement avantageux en humidit\u00e9 faible","robots":{"index":"noindex","follow":"follow","max-snippet":"max-snippet:-1","max-image-preview":"max-image-preview:large","max-video-preview":"max-video-preview:-1"},"og_locale":"fr_FR","og_type":"article","og_title":"Rev\u00eatement de sol DES-dissipateur, sans solvant EP 212 ESD | KLB","og_description":"Rev\u00eatement EP 212 ESD de haute qualit\u00e9, sans solvant, chimi-r\u00e9sistant | KLB sols industriels \u2714\ufe0f particuli\u00e8rement avantageux en humidit\u00e9 faible","og_url":"https:\/\/www.klb-koetztal.de\/fr\/produkt\/klb-system-epoxid-ep-212-esd\/","og_site_name":"KLB K\u00f6tztal","article_publisher":"https:\/\/www.facebook.com\/klbkoetztal","article_modified_time":"2026-04-01T10:41:18+00:00","og_image":[{"width":500,"height":500,"url":"https:\/\/www.klb-koetztal.de\/app\/uploads\/2022\/03\/EP212_ESD.jpg","type":"image\/jpeg"}],"twitter_card":"summary_large_image","schema":{"@context":"https:\/\/schema.org","@graph":[{"@type":"WebPage","@id":"https:\/\/www.klb-koetztal.de\/fr\/produkt\/klb-system-epoxid-ep-212-esd\/","url":"https:\/\/www.klb-koetztal.de\/fr\/produkt\/klb-system-epoxid-ep-212-esd\/","name":"Rev\u00eatement de sol DES-dissipateur, sans solvant EP 212 ESD | KLB","isPartOf":{"@id":"https:\/\/www.klb-koetztal.de\/fr\/#website"},"primaryImageOfPage":{"@id":"https:\/\/www.klb-koetztal.de\/fr\/produkt\/klb-system-epoxid-ep-212-esd\/#primaryimage"},"image":{"@id":"https:\/\/www.klb-koetztal.de\/fr\/produkt\/klb-system-epoxid-ep-212-esd\/#primaryimage"},"thumbnailUrl":"https:\/\/www.klb-koetztal.de\/app\/uploads\/2022\/03\/EP212_ESD.jpg","datePublished":"2022-03-14T10:00:36+00:00","dateModified":"2026-04-01T10:41:18+00:00","description":"Rev\u00eatement EP 212 ESD de haute qualit\u00e9, sans solvant, chimi-r\u00e9sistant | KLB sols industriels \u2714\ufe0f particuli\u00e8rement avantageux en humidit\u00e9 faible","breadcrumb":{"@id":"https:\/\/www.klb-koetztal.de\/fr\/produkt\/klb-system-epoxid-ep-212-esd\/#breadcrumb"},"inLanguage":"fr-FR","potentialAction":[{"@type":"ReadAction","target":["https:\/\/www.klb-koetztal.de\/fr\/produkt\/klb-system-epoxid-ep-212-esd\/"]}]},{"@type":"ImageObject","inLanguage":"fr-FR","@id":"https:\/\/www.klb-koetztal.de\/fr\/produkt\/klb-system-epoxid-ep-212-esd\/#primaryimage","url":"https:\/\/www.klb-koetztal.de\/app\/uploads\/2022\/03\/EP212_ESD.jpg","contentUrl":"https:\/\/www.klb-koetztal.de\/app\/uploads\/2022\/03\/EP212_ESD.jpg","width":500,"height":500},{"@type":"BreadcrumbList","@id":"https:\/\/www.klb-koetztal.de\/fr\/produkt\/klb-system-epoxid-ep-212-esd\/#breadcrumb","itemListElement":[{"@type":"ListItem","position":1,"name":"Startseite","item":"https:\/\/www.klb-koetztal.de\/fr\/"},{"@type":"ListItem","position":2,"name":"KLB-SYSTEM EPOXID EP 212 ESD &#160;"}]},{"@type":"WebSite","@id":"https:\/\/www.klb-koetztal.de\/fr\/#website","url":"https:\/\/www.klb-koetztal.de\/fr\/","name":"KLB K\u00f6tztal","description":"Gute B\u00f6den haben ein System.","potentialAction":[{"@type":"SearchAction","target":{"@type":"EntryPoint","urlTemplate":"https:\/\/www.klb-koetztal.de\/fr\/?s={search_term_string}"},"query-input":{"@type":"PropertyValueSpecification","valueRequired":true,"valueName":"search_term_string"}}],"inLanguage":"fr-FR"}]}},"_links":{"self":[{"href":"https:\/\/www.klb-koetztal.de\/fr\/wp-json\/wp\/v2\/product\/49656","targetHints":{"allow":["GET"]}}],"collection":[{"href":"https:\/\/www.klb-koetztal.de\/fr\/wp-json\/wp\/v2\/product"}],"about":[{"href":"https:\/\/www.klb-koetztal.de\/fr\/wp-json\/wp\/v2\/types\/product"}],"wp:featuredmedia":[{"embeddable":true,"href":"https:\/\/www.klb-koetztal.de\/fr\/wp-json\/wp\/v2\/media\/49659"}],"wp:attachment":[{"href":"https:\/\/www.klb-koetztal.de\/fr\/wp-json\/wp\/v2\/media?parent=49656"}],"wp:term":[{"taxonomy":"product_brand","embeddable":true,"href":"https:\/\/www.klb-koetztal.de\/fr\/wp-json\/wp\/v2\/product_brand?post=49656"},{"taxonomy":"product_cat","embeddable":true,"href":"https:\/\/www.klb-koetztal.de\/fr\/wp-json\/wp\/v2\/product_cat?post=49656"},{"taxonomy":"product_tag","embeddable":true,"href":"https:\/\/www.klb-koetztal.de\/fr\/wp-json\/wp\/v2\/product_tag?post=49656"}],"curies":[{"name":"wp","href":"https:\/\/api.w.org\/{rel}","templated":true}]}}