{"id":49363,"date":"2022-03-14T10:55:00","date_gmt":"2022-03-14T09:55:00","guid":{"rendered":"https:\/\/dev.klb-koetztal.de\/produkt\/klb-system-epoxid-ep-55\/"},"modified":"2026-04-01T12:01:32","modified_gmt":"2026-04-01T10:01:32","slug":"klb-system-epoxid-ep-55","status":"publish","type":"product","link":"https:\/\/www.klb-koetztal.de\/fr\/produkt\/klb-system-epoxid-ep-55\/","title":{"rendered":"KLB-SYSTEM EPOXID EP 55"},"content":{"rendered":"","protected":false},"excerpt":{"rendered":"<p>R\u00e9sine \u00e9poxy \u00e0 2 composants, sans solvants et incolore qui est&#160;d\u00e9stin\u00e9e \u00e0 la r\u00e9alisation de&#160;couches de fonds et racl\u00e9es. Primaire syst\u00e8me approuv\u00e9 pour les rev\u00eatements KLB prot\u00e9geant des eaux EP 280 WHG et EP 282 WHG.<\/p>\n","protected":false},"featured_media":49364,"template":"","meta":{"_acf_changed":false},"product_brand":[],"product_cat":[10040,10041,10042,10043],"product_tag":[],"class_list":{"0":"post-49363","1":"product","2":"type-product","3":"status-publish","4":"has-post-thumbnail","6":"product_cat-couches-de-fond","7":"product_cat-couches-de-fond_couches-de-fond-en-resine-epoxyde-a-2-composants","8":"product_cat-revetements","9":"product_cat-revetements_revetement-en-protection-des-eaux-selon-whg","11":"first","12":"instock","13":"shipping-taxable","14":"product-type-simple"},"acf":{"product_header":{"module_product_header":{"":null,"prototype_headline":{"headline":"KLB-SYSTEM EPOXID EP 55","h1":true,"subheadline":"Couche de fond et racl\u00e9e en&#160;r\u00e9sine \u00e9poxy, universelle et en association avec les syst\u00e8mes de rev\u00eatement&#160;KLB pour la protection des eaux EP 280 WHG et EP 282 WHG","anchor":"","url":""},"grid_text_slider":false,"grid_text_content":[{"text":"<p class=\"product-short-title\" style=\"text-align: center;\"><strong>Br\u00e8ve description<\/strong><\/p>\n<p>R\u00e9sine \u00e9poxy \u00e0 2 composants, sans solvants et incolore qui est&#160;d\u00e9stin\u00e9e \u00e0 la r\u00e9alisation de&#160;couches de fonds et racl\u00e9es. Primaire syst\u00e8me approuv\u00e9 pour les rev\u00eatements KLB prot\u00e9geant des eaux EP 280 WHG et EP 282 WHG.<\/p>\n","width":"4","background_color_text":"bg-white","border_color":"border-gray-light"},{"text":"<p class=\"product-sicing-title\" style=\"text-align: center;\"><strong>Unit\u00e9s d'emballage<\/strong><\/p>\n<ul>\n<li>AK1012-83 &#8211; Combinaison Bo\u00eete 1,00 kg<\/li>\n<li>AK1012-50 &#8211; Combinaison Seau 10,00 kg<\/li>\n<li>AK1012-30 &#8211; Combinaison Hobbock 30,00 kg<\/li>\n<li>AK1012-01 &#8211; Combinaison F\u00fbt 600,00 kg<\/li>\n<\/ul>\n<p><\/p>\n<p>N&rsquo;h\u00e9sitez pas \u00e0 contacter directement pour toute demande concernant des quantit\u00e9s de livraison ou des unit\u00e9s de conditionnement plus importantes.<\/p>\n\n","width":"4","background_color_text":"bg-white","border_color":"border-gray-light"},{"text":"<p class=\"product-attr-title\" style=\"text-align: center;\"><strong>Propri\u00e9t\u00e9s<\/strong><\/p>\n<ul>\n<li>primaire de qualit\u00e9 sup\u00e9rieure<\/li>\n<li>qualit\u00e9 \u00e9prouv\u00e9e<\/li>\n<li>utilisation universelle<\/li>\n<li>stable \u00e0 l&rsquo;hydrolyse et \u00e0 la saponification<\/li>\n<li>bonne adh\u00e9rence interm\u00e9diaire<\/li>\n<li>exempt de substances susceptibles d&rsquo;endommager les vernis<\/li>\n<li>Total Solid selon GISCODE (m\u00e9thode d&rsquo;essai de \u00ab Deutsche Bauchemie \u00bb, l&rsquo;association all. pour la chimie de construction)<\/li>\n<li>avec l&rsquo;approbation des autorit\u00e9s de construction selon DIBt\u00ae<\/li>\n<\/ul>\n","width":"4","background_color_text":"bg-white","border_color":"border-gray-light"}],"background_color":"bg-none","background_color_content":"bg-none"}},"downloads":{"module_download_list":{"inhalt":null,"downloads":[{"download":{"ID":67111,"id":67111,"title":"EP_55_PI_fr_2025_08","filename":"EP_55_PI_fr_2025_08.pdf","filesize":1698935,"url":"https:\/\/www.klb-koetztal.de\/app\/uploads\/2025\/08\/EP_55_PI_fr_2025_08.pdf","link":"https:\/\/www.klb-koetztal.de\/fr\/?attachment_id=67111","alt":"","author":"7","description":"","caption":"","name":"ep_55_pi_fr_2025_08-2","status":"inherit","uploaded_to":0,"date":"2025-08-21 07:41:09","modified":"2025-08-21 07:41:09","menu_order":0,"mime_type":"application\/pdf","type":"application","subtype":"pdf","icon":"https:\/\/www.klb-koetztal.de\/wp\/wp-includes\/images\/media\/document.png"},"filename":"Information produit","protected":false,"doclang":"FR","externalkey":"Produktinformation","docpos":"3"},{"download":{"ID":49365,"id":49365,"title":"Leistungserkl\u00e4rung - Statement of performance","filename":"EP55_LE_2022-01.pdf","filesize":243962,"url":"https:\/\/www.klb-koetztal.de\/app\/uploads\/2022\/03\/EP55_LE_2022-01.pdf","link":"https:\/\/www.klb-koetztal.de\/fr\/?attachment_id=49365","alt":"","author":"7","description":"","caption":"","name":"ep55_le_2022-01","status":"inherit","uploaded_to":0,"date":"2022-03-14 09:55:04","modified":"2026-04-01 10:01:40","menu_order":0,"mime_type":"application\/pdf","type":"application","subtype":"pdf","icon":"https:\/\/www.klb-koetztal.de\/wp\/wp-includes\/images\/media\/document.png"},"filename":"D\u00e9claration de performance","protected":false,"doclang":"Multi","externalkey":"Leistungserklaerung","docpos":"50"},{"download":{"ID":51891,"id":51891,"title":"EP55_Umwelt-Deklaration_2022-08","filename":"EP55_Umwelt-Deklaration_2022-08.pdf","filesize":2901622,"url":"https:\/\/www.klb-koetztal.de\/app\/uploads\/2022\/09\/EP55_Umwelt-Deklaration_2022-08.pdf","link":"https:\/\/www.klb-koetztal.de\/fr\/?attachment_id=51891","alt":"","author":"7","description":"","caption":"","name":"ep55_umwelt-deklaration_2022-08-2","status":"inherit","uploaded_to":0,"date":"2022-09-01 06:35:34","modified":"2022-09-01 06:35:34","menu_order":0,"mime_type":"application\/pdf","type":"application","subtype":"pdf","icon":"https:\/\/www.klb-koetztal.de\/wp\/wp-includes\/images\/media\/document.png"},"filename":"D\u00e9clarations de produit environnemental (EPD)","protected":false,"doclang":"Multi","externalkey":"Umweltproduktdeklaration","docpos":"50"},{"download":false,"filename":"Fiche de donn\u00e9es de s\u00e9curit\u00e9","protected":true,"doclang":"FR","externalkey":"Sicherheitsdatenblatt","docpos":"3"}],"einstellungen":null,"background_color":"bg-none","background_color_content":"bg-none"}},"included_in_systems":{"module_included_in_systems":{"":null,"background_color":"bg-gray-medium","background_color_content":"bg-none"}},"contact":{"module_contact":{"":null,"background_color":"bg-none","background_color_content":"bg-none"}},"ausschreibende":{"module_ausschreibende":{"andern_sie_den_inhalt_unter_universelle_elemente":null,"background_color":"bg-none","background_color_content":"bg-none"}}},"yoast_head":"<!-- This site is optimized with the Yoast SEO plugin v27.0 - https:\/\/yoast.com\/product\/yoast-seo-wordpress\/ -->\n<title>Primaire EP 55 sans solvants, incolore | KLB K\u00f6tztal<\/title>\n<meta name=\"description\" content=\"Couche de base et racl\u00e9e EP 55 sans solvant, sup\u00e9rieure, universelle | KLB rev\u00eatements de sol \u2714\ufe0fapprouv\u00e9 DIBt\u00ae pour rev\u00eatements WHG de protection d&#039;eau\" \/>\n<meta name=\"robots\" content=\"noindex, follow, max-snippet:-1, max-image-preview:large, max-video-preview:-1\" \/>\n<meta property=\"og:locale\" content=\"fr_FR\" \/>\n<meta property=\"og:type\" content=\"article\" \/>\n<meta property=\"og:title\" content=\"Primaire EP 55 sans solvants, incolore | KLB K\u00f6tztal\" \/>\n<meta property=\"og:description\" content=\"Couche de base et racl\u00e9e EP 55 sans solvant, sup\u00e9rieure, universelle | KLB rev\u00eatements de sol \u2714\ufe0fapprouv\u00e9 DIBt\u00ae pour rev\u00eatements WHG de protection d&#039;eau\" \/>\n<meta property=\"og:url\" content=\"https:\/\/www.klb-koetztal.de\/fr\/produkt\/klb-system-epoxid-ep-55\/\" \/>\n<meta property=\"og:site_name\" content=\"KLB K\u00f6tztal\" \/>\n<meta property=\"article:publisher\" content=\"https:\/\/www.facebook.com\/klbkoetztal\" \/>\n<meta property=\"article:modified_time\" content=\"2026-04-01T10:01:32+00:00\" \/>\n<meta property=\"og:image\" content=\"https:\/\/www.klb-koetztal.de\/app\/uploads\/2022\/03\/EP55.jpg\" \/>\n\t<meta property=\"og:image:width\" content=\"500\" \/>\n\t<meta property=\"og:image:height\" content=\"500\" \/>\n\t<meta property=\"og:image:type\" content=\"image\/jpeg\" \/>\n<meta name=\"twitter:card\" content=\"summary_large_image\" \/>\n<script type=\"application\/ld+json\" class=\"yoast-schema-graph\">{\"@context\":\"https:\/\/schema.org\",\"@graph\":[{\"@type\":\"WebPage\",\"@id\":\"https:\/\/www.klb-koetztal.de\/fr\/produkt\/klb-system-epoxid-ep-55\/\",\"url\":\"https:\/\/www.klb-koetztal.de\/fr\/produkt\/klb-system-epoxid-ep-55\/\",\"name\":\"Primaire EP 55 sans solvants, incolore | KLB K\u00f6tztal\",\"isPartOf\":{\"@id\":\"https:\/\/www.klb-koetztal.de\/fr\/#website\"},\"primaryImageOfPage\":{\"@id\":\"https:\/\/www.klb-koetztal.de\/fr\/produkt\/klb-system-epoxid-ep-55\/#primaryimage\"},\"image\":{\"@id\":\"https:\/\/www.klb-koetztal.de\/fr\/produkt\/klb-system-epoxid-ep-55\/#primaryimage\"},\"thumbnailUrl\":\"https:\/\/www.klb-koetztal.de\/app\/uploads\/2022\/03\/EP55.jpg\",\"datePublished\":\"2022-03-14T09:55:00+00:00\",\"dateModified\":\"2026-04-01T10:01:32+00:00\",\"description\":\"Couche de base et racl\u00e9e EP 55 sans solvant, sup\u00e9rieure, universelle | KLB rev\u00eatements de sol \u2714\ufe0fapprouv\u00e9 DIBt\u00ae pour rev\u00eatements WHG de protection d'eau\",\"breadcrumb\":{\"@id\":\"https:\/\/www.klb-koetztal.de\/fr\/produkt\/klb-system-epoxid-ep-55\/#breadcrumb\"},\"inLanguage\":\"fr-FR\",\"potentialAction\":[{\"@type\":\"ReadAction\",\"target\":[\"https:\/\/www.klb-koetztal.de\/fr\/produkt\/klb-system-epoxid-ep-55\/\"]}]},{\"@type\":\"ImageObject\",\"inLanguage\":\"fr-FR\",\"@id\":\"https:\/\/www.klb-koetztal.de\/fr\/produkt\/klb-system-epoxid-ep-55\/#primaryimage\",\"url\":\"https:\/\/www.klb-koetztal.de\/app\/uploads\/2022\/03\/EP55.jpg\",\"contentUrl\":\"https:\/\/www.klb-koetztal.de\/app\/uploads\/2022\/03\/EP55.jpg\",\"width\":500,\"height\":500},{\"@type\":\"BreadcrumbList\",\"@id\":\"https:\/\/www.klb-koetztal.de\/fr\/produkt\/klb-system-epoxid-ep-55\/#breadcrumb\",\"itemListElement\":[{\"@type\":\"ListItem\",\"position\":1,\"name\":\"Startseite\",\"item\":\"https:\/\/www.klb-koetztal.de\/fr\/\"},{\"@type\":\"ListItem\",\"position\":2,\"name\":\"KLB-SYSTEM EPOXID EP 55\"}]},{\"@type\":\"WebSite\",\"@id\":\"https:\/\/www.klb-koetztal.de\/fr\/#website\",\"url\":\"https:\/\/www.klb-koetztal.de\/fr\/\",\"name\":\"KLB K\u00f6tztal\",\"description\":\"Gute B\u00f6den haben ein System.\",\"potentialAction\":[{\"@type\":\"SearchAction\",\"target\":{\"@type\":\"EntryPoint\",\"urlTemplate\":\"https:\/\/www.klb-koetztal.de\/fr\/?s={search_term_string}\"},\"query-input\":{\"@type\":\"PropertyValueSpecification\",\"valueRequired\":true,\"valueName\":\"search_term_string\"}}],\"inLanguage\":\"fr-FR\"}]}<\/script>\n<!-- \/ Yoast SEO plugin. -->","yoast_head_json":{"title":"Primaire EP 55 sans solvants, incolore | KLB K\u00f6tztal","description":"Couche de base et racl\u00e9e EP 55 sans solvant, sup\u00e9rieure, universelle | KLB rev\u00eatements de sol \u2714\ufe0fapprouv\u00e9 DIBt\u00ae pour rev\u00eatements WHG de protection d'eau","robots":{"index":"noindex","follow":"follow","max-snippet":"max-snippet:-1","max-image-preview":"max-image-preview:large","max-video-preview":"max-video-preview:-1"},"og_locale":"fr_FR","og_type":"article","og_title":"Primaire EP 55 sans solvants, incolore | KLB K\u00f6tztal","og_description":"Couche de base et racl\u00e9e EP 55 sans solvant, sup\u00e9rieure, universelle | KLB rev\u00eatements de sol \u2714\ufe0fapprouv\u00e9 DIBt\u00ae pour rev\u00eatements WHG de protection d'eau","og_url":"https:\/\/www.klb-koetztal.de\/fr\/produkt\/klb-system-epoxid-ep-55\/","og_site_name":"KLB K\u00f6tztal","article_publisher":"https:\/\/www.facebook.com\/klbkoetztal","article_modified_time":"2026-04-01T10:01:32+00:00","og_image":[{"width":500,"height":500,"url":"https:\/\/www.klb-koetztal.de\/app\/uploads\/2022\/03\/EP55.jpg","type":"image\/jpeg"}],"twitter_card":"summary_large_image","schema":{"@context":"https:\/\/schema.org","@graph":[{"@type":"WebPage","@id":"https:\/\/www.klb-koetztal.de\/fr\/produkt\/klb-system-epoxid-ep-55\/","url":"https:\/\/www.klb-koetztal.de\/fr\/produkt\/klb-system-epoxid-ep-55\/","name":"Primaire EP 55 sans solvants, incolore | KLB K\u00f6tztal","isPartOf":{"@id":"https:\/\/www.klb-koetztal.de\/fr\/#website"},"primaryImageOfPage":{"@id":"https:\/\/www.klb-koetztal.de\/fr\/produkt\/klb-system-epoxid-ep-55\/#primaryimage"},"image":{"@id":"https:\/\/www.klb-koetztal.de\/fr\/produkt\/klb-system-epoxid-ep-55\/#primaryimage"},"thumbnailUrl":"https:\/\/www.klb-koetztal.de\/app\/uploads\/2022\/03\/EP55.jpg","datePublished":"2022-03-14T09:55:00+00:00","dateModified":"2026-04-01T10:01:32+00:00","description":"Couche de base et racl\u00e9e EP 55 sans solvant, sup\u00e9rieure, universelle | KLB rev\u00eatements de sol \u2714\ufe0fapprouv\u00e9 DIBt\u00ae pour rev\u00eatements WHG de protection d'eau","breadcrumb":{"@id":"https:\/\/www.klb-koetztal.de\/fr\/produkt\/klb-system-epoxid-ep-55\/#breadcrumb"},"inLanguage":"fr-FR","potentialAction":[{"@type":"ReadAction","target":["https:\/\/www.klb-koetztal.de\/fr\/produkt\/klb-system-epoxid-ep-55\/"]}]},{"@type":"ImageObject","inLanguage":"fr-FR","@id":"https:\/\/www.klb-koetztal.de\/fr\/produkt\/klb-system-epoxid-ep-55\/#primaryimage","url":"https:\/\/www.klb-koetztal.de\/app\/uploads\/2022\/03\/EP55.jpg","contentUrl":"https:\/\/www.klb-koetztal.de\/app\/uploads\/2022\/03\/EP55.jpg","width":500,"height":500},{"@type":"BreadcrumbList","@id":"https:\/\/www.klb-koetztal.de\/fr\/produkt\/klb-system-epoxid-ep-55\/#breadcrumb","itemListElement":[{"@type":"ListItem","position":1,"name":"Startseite","item":"https:\/\/www.klb-koetztal.de\/fr\/"},{"@type":"ListItem","position":2,"name":"KLB-SYSTEM EPOXID EP 55"}]},{"@type":"WebSite","@id":"https:\/\/www.klb-koetztal.de\/fr\/#website","url":"https:\/\/www.klb-koetztal.de\/fr\/","name":"KLB K\u00f6tztal","description":"Gute B\u00f6den haben ein System.","potentialAction":[{"@type":"SearchAction","target":{"@type":"EntryPoint","urlTemplate":"https:\/\/www.klb-koetztal.de\/fr\/?s={search_term_string}"},"query-input":{"@type":"PropertyValueSpecification","valueRequired":true,"valueName":"search_term_string"}}],"inLanguage":"fr-FR"}]}},"_links":{"self":[{"href":"https:\/\/www.klb-koetztal.de\/fr\/wp-json\/wp\/v2\/product\/49363","targetHints":{"allow":["GET"]}}],"collection":[{"href":"https:\/\/www.klb-koetztal.de\/fr\/wp-json\/wp\/v2\/product"}],"about":[{"href":"https:\/\/www.klb-koetztal.de\/fr\/wp-json\/wp\/v2\/types\/product"}],"wp:featuredmedia":[{"embeddable":true,"href":"https:\/\/www.klb-koetztal.de\/fr\/wp-json\/wp\/v2\/media\/49364"}],"wp:attachment":[{"href":"https:\/\/www.klb-koetztal.de\/fr\/wp-json\/wp\/v2\/media?parent=49363"}],"wp:term":[{"taxonomy":"product_brand","embeddable":true,"href":"https:\/\/www.klb-koetztal.de\/fr\/wp-json\/wp\/v2\/product_brand?post=49363"},{"taxonomy":"product_cat","embeddable":true,"href":"https:\/\/www.klb-koetztal.de\/fr\/wp-json\/wp\/v2\/product_cat?post=49363"},{"taxonomy":"product_tag","embeddable":true,"href":"https:\/\/www.klb-koetztal.de\/fr\/wp-json\/wp\/v2\/product_tag?post=49363"}],"curies":[{"name":"wp","href":"https:\/\/api.w.org\/{rel}","templated":true}]}}