{"id":56228,"date":"2023-05-16T11:22:12","date_gmt":"2023-05-16T09:22:12","guid":{"rendered":"https:\/\/www.klb-koetztal.de\/?page_id=56228"},"modified":"2025-09-19T08:57:07","modified_gmt":"2025-09-19T06:57:07","slug":"heures-douverture-et-reception-des-marchandises","status":"publish","type":"page","link":"https:\/\/www.klb-koetztal.de\/fr\/lentreprise\/heures-douverture-et-reception-des-marchandises\/","title":{"rendered":"Heures d&rsquo;ouverture et r\u00e9ception des marchandises"},"content":{"rendered":"","protected":false},"excerpt":{"rendered":"","protected":false},"author":13,"featured_media":0,"parent":66064,"menu_order":48,"comment_status":"closed","ping_status":"closed","template":"page-templates\/page-builder.php","meta":{"_acf_changed":false,"footnotes":""},"class_list":["post-56228","page","type-page","status-publish","hentry"],"acf":{"page_builder":[{"acf_fc_layout":"module_header","module_header":{"":null,"slider":[{"background_image":{"ID":56119,"id":56119,"title":"20210610-DSC_2705","filename":"klb-logistik_warenannahme_oeffnungszeiten_20210610-DSC_2705-scaled.jpg","filesize":375943,"url":"https:\/\/www.klb-koetztal.de\/app\/uploads\/2023\/05\/klb-logistik_warenannahme_oeffnungszeiten_20210610-DSC_2705-scaled.jpg","link":"https:\/\/www.klb-koetztal.de\/fr\/lentreprise\/heures-douverture-et-reception-des-marchandises\/20210610-dsc_2705-2\/","alt":"oeffnungszeiten warenannahme logistik klb k\u00f6tztal","author":"11","description":"","caption":"","name":"20210610-dsc_2705-2","status":"inherit","uploaded_to":56228,"date":"2023-05-02 07:29:02","modified":"2023-05-11 09:12:13","menu_order":0,"mime_type":"image\/jpeg","type":"image","subtype":"jpeg","icon":"https:\/\/www.klb-koetztal.de\/wp\/wp-includes\/images\/media\/default.png","width":2560,"height":1120,"sizes":{"thumbnail":"https:\/\/www.klb-koetztal.de\/app\/uploads\/2023\/05\/20210610-DSC_2705-150x150.jpg","thumbnail-width":150,"thumbnail-height":150,"medium":"https:\/\/www.klb-koetztal.de\/app\/uploads\/2023\/05\/20210610-DSC_2705-500x219.jpg","medium-width":500,"medium-height":219,"medium_large":"https:\/\/www.klb-koetztal.de\/app\/uploads\/2023\/05\/klb-logistik_warenannahme_oeffnungszeiten_20210610-DSC_2705-scaled.jpg","medium_large-width":768,"medium_large-height":336,"large":"https:\/\/www.klb-koetztal.de\/app\/uploads\/2023\/05\/20210610-DSC_2705-1920x840.jpg","large-width":1920,"large-height":840,"1536x1536":"https:\/\/www.klb-koetztal.de\/app\/uploads\/2023\/05\/20210610-DSC_2705-1536x672.jpg","1536x1536-width":1536,"1536x1536-height":672,"2048x2048":"https:\/\/www.klb-koetztal.de\/app\/uploads\/2023\/05\/20210610-DSC_2705-2048x896.jpg","2048x2048-width":2048,"2048x2048-height":896,"woocommerce_thumbnail":"https:\/\/www.klb-koetztal.de\/app\/uploads\/2023\/05\/20210610-DSC_2705-300x300.jpg","woocommerce_thumbnail-width":300,"woocommerce_thumbnail-height":300,"woocommerce_single":"https:\/\/www.klb-koetztal.de\/app\/uploads\/2023\/05\/20210610-DSC_2705-600x262.jpg","woocommerce_single-width":600,"woocommerce_single-height":262,"woocommerce_gallery_thumbnail":"https:\/\/www.klb-koetztal.de\/app\/uploads\/2023\/05\/20210610-DSC_2705-100x100.jpg","woocommerce_gallery_thumbnail-width":100,"woocommerce_gallery_thumbnail-height":100}},"headline":"","subheadline":"","headline_color":"text-color-black","button_link":"","button_text":""}],"scroll_down_icon":true,"overlapping_content":true,"anchor":""}},{"acf_fc_layout":"module_grid_text","module_grid_text":{"":null,"prototype_headline":{"headline":"Horaires t\u00e9l\u00e9phoniques","h1":false,"subheadline":"Vous pouvez nous joindre par t\u00e9l\u00e9phone aux heures suivantes :","anchor":"","url":""},"slider":false,"content":[{"text":"<p><strong>Lundi \u00e0 jeudi<\/strong> :<br \/>\n07h30 \u2013 12h00 et 13h00 \u2013 16h30<\/p>\n<p><strong>Vendredi<\/strong> :<br \/>\n07h30 \u2013 12h00 et 13h00 \u2013 14h30<\/p>\n","width":"12","background_color_text":"bg-none","border_color":"border-none"}],"match_height":false,"vertical_align":false,"share_buttons":false,"background_color":"bg-none","background_color_content":"bg-white"}},{"acf_fc_layout":"module_grid_text","module_grid_text":{"":null,"prototype_headline":{"headline":"Heures d'ouverture","h1":false,"subheadline":"Notre r\u00e9ception \u00e0 Ichenhausen vous accueille aux heures suivantes :","anchor":"joignabilite","url":""},"slider":false,"content":[{"text":"<p><strong>Lundi \u00e0 jeudi<\/strong> :<br \/>\n08h00 \u2013 12h00 et 13h00 \u2013 16h00<\/p>\n<p><strong>Vendredi<\/strong> :<br \/>\n08h00 \u2013 12h00 et 13h00 \u2013 14h30<\/p>\n","width":"12","background_color_text":"bg-none","border_color":"border-none"}],"match_height":false,"vertical_align":false,"share_buttons":true,"background_color":"bg-gray-light","background_color_content":"bg-none"}},{"acf_fc_layout":"module_grid_text","module_grid_text":{"":null,"prototype_headline":{"headline":"Heures de r\u00e9ception des marchandises","h1":false,"subheadline":"Veuillez tenir compte des horaires suivants pour une livraison dans notre usine :","anchor":"","url":""},"slider":false,"content":[{"text":"<p><strong>Lundi \u00e0 jeudi<\/strong> :<br \/>\n07h00 \u2013 12h00 et 13h00 \u2013 16h00<\/p>\n<p><strong>Vendredi<\/strong> :<br \/>\n07h00 \u2013 12h00<\/p>\n<p><strong>Livraisons par camion-citerne<\/strong> :<br \/>\nLundi \u00e0 jeudi de 07h00 \u00e0 12h00<\/p>\n","width":"12","background_color_text":"bg-none","border_color":"border-none"}],"match_height":false,"vertical_align":false,"share_buttons":true,"background_color":"bg-none","background_color_content":"bg-none"}},{"acf_fc_layout":"module_posts","module_posts":{"":null,"prototype_headline":{"headline":"Documents importants sur le transport et la s\u00e9curit\u00e9","h1":false,"subheadline":"","anchor":"","url":""},"type":"terms","taxonomy":null,"filter_taxonomy":false,"terms":[{"term":[9960]}],"posts":null,"post_type":false,"post_per_page":"4","orderby":"date","sort":"DESC","button_text":"Voir le document","button_target":false,"button_style":"btn-blue","background_color":"bg-none","background_color_content":"bg-white","button":"ajax","url":null,"text":"","link_to_system_finder":""}},{"acf_fc_layout":"module_grid_text","module_grid_text":{"":null,"prototype_headline":{"headline":"Directions","h1":false,"subheadline":"","anchor":"","url":""},"slider":false,"content":[{"text":"<div class=\"arsorsCookie_main\">\n<p style=\"text-align: center;\"><iframe loading=\"lazy\" style=\"border: 0;\" tabindex=\"0\" src=\"https:\/\/www.google.com\/maps\/embed?pb=!1m14!1m8!1m3!1d5301.984476577676!2d10.2946374!3d48.3606728!3m2!1i1024!2i768!4f13.1!3m3!1m2!1s0x479950eb5095f185%3A0x70ccf5406da4a7f6!2sKLB%20K%C3%B6tztal%20Lacke%20%2B%20Beschichtungen%20GmbH!5e0!3m2!1sfr!2sde!4v1646994541989!5m2!1sfr!2sde\" width=\"100%\" height=\"400\" frameborder=\"0\" allowfullscreen=\"allowfullscreen\" aria-hidden=\"false\"><\/iframe><\/p>\n<\/div>\n","width":"4","background_color_text":"bg-none","border_color":"border-none"},{"text":"<h4><strong>KLB K\u00f6tztal Lacke + Beschichtungen GmbH<\/strong><\/h4>\n<p>G\u00fcnztalstra\u00dfe 25<br \/>\n89335 Ichenhausen<br \/>\nALLEMAGNE<\/p>\n<p>Si n\u00e9cessaire, vous pouvez t\u00e9l\u00e9charger ici l&rsquo;<a href=\"https:\/\/www.klb-koetztal.de\/app\/uploads\/2022\/03\/klb-comment-nous-trouver-informations-generales.pdf\">itin\u00e9raire<\/a> d\u00e9taill\u00e9.<\/p>\n<p><strong>En provenance d&rsquo;Augsbourg\/Munich (est) :<\/strong><br \/>\nSi vous venez de Munich par l&rsquo;autoroute A8, prenez la sortie d&rsquo;autoroute Gunzbourg (Legoland) et suivez ensuite la route f\u00e9d\u00e9rale B16 en direction de Ichenhausen\/Krumbach\/Kaufbeuren. Suivre les panneaux indiquant Ichenhausen.<\/p>\n","width":"4","background_color_text":"bg-none","border_color":"border-none"},{"text":"<p><strong>En provenance de Wurtzbourg (nord) et de Stuttgart (ouest) :<\/strong><br \/>\nSi vous venez de Wurtzbourg par l&rsquo;autoroute A7, allez jusqu&rsquo;\u00e0 l&rsquo;\u00e9changeur d&rsquo;Elchingen et tournez en direction de Munich sur l&rsquo;autoroute A8. La prochaine sortie est Leipheim. Sortez ici, puis tournez \u00e0 droite en direction de Leipheim. Suivre les panneaux indiquant Ichenhausen.<\/p>\n<p><strong>En provenance de Lindau\/Kempten\/Memmingen (sud)<\/strong> :<br \/>\nSi vous venez du sud par l&rsquo;autoroute A7, allez jusqu&rsquo;\u00e0 la sortie Voehringen\/Weissenhorn. Quittez l&rsquo;autoroute et prenez la direction de Wei\u00dfenhorn. \u00c0 l&rsquo;entr\u00e9e de la ville de Wei\u00dfenhorn, vous rencontrez un rond-point avec des panneaux indiquant la direction d&rsquo;Ichenhausen \u00e0 la premi\u00e8re sortie.<\/p>\n","width":"4","background_color_text":"bg-none","border_color":"border-none"}],"match_height":false,"vertical_align":false,"share_buttons":false,"background_color":"bg-gray-medium","background_color_content":"bg-none"}},{"acf_fc_layout":"module_contact","module_contact":{"":null,"background_color":"bg-none","background_color_content":"bg-none"}}]},"yoast_head":"<!-- This site is optimized with the Yoast SEO plugin v27.0 - https:\/\/yoast.com\/product\/yoast-seo-wordpress\/ -->\n<title>Heures d&#039;ouverture et r\u00e9ception des marchandises - KLB K\u00f6tztal<\/title>\n<meta name=\"robots\" content=\"noindex, follow, max-snippet:-1, max-image-preview:large, max-video-preview:-1\" \/>\n<meta property=\"og:locale\" content=\"fr_FR\" \/>\n<meta property=\"og:type\" content=\"article\" \/>\n<meta property=\"og:title\" content=\"Heures d&#039;ouverture et r\u00e9ception des marchandises - KLB K\u00f6tztal\" \/>\n<meta property=\"og:url\" content=\"https:\/\/www.klb-koetztal.de\/fr\/lentreprise\/heures-douverture-et-reception-des-marchandises\/\" \/>\n<meta property=\"og:site_name\" content=\"KLB K\u00f6tztal\" \/>\n<meta property=\"article:publisher\" content=\"https:\/\/www.facebook.com\/klbkoetztal\" \/>\n<meta property=\"article:modified_time\" content=\"2025-09-19T06:57:07+00:00\" \/>\n<meta name=\"twitter:card\" content=\"summary_large_image\" \/>\n<script type=\"application\/ld+json\" class=\"yoast-schema-graph\">{\"@context\":\"https:\/\/schema.org\",\"@graph\":[{\"@type\":\"WebPage\",\"@id\":\"https:\/\/www.klb-koetztal.de\/fr\/lentreprise\/heures-douverture-et-reception-des-marchandises\/\",\"url\":\"https:\/\/www.klb-koetztal.de\/fr\/lentreprise\/heures-douverture-et-reception-des-marchandises\/\",\"name\":\"Heures d'ouverture et r\u00e9ception des marchandises - KLB K\u00f6tztal\",\"isPartOf\":{\"@id\":\"https:\/\/www.klb-koetztal.de\/fr\/#website\"},\"datePublished\":\"2023-05-16T09:22:12+00:00\",\"dateModified\":\"2025-09-19T06:57:07+00:00\",\"breadcrumb\":{\"@id\":\"https:\/\/www.klb-koetztal.de\/fr\/lentreprise\/heures-douverture-et-reception-des-marchandises\/#breadcrumb\"},\"inLanguage\":\"fr-FR\",\"potentialAction\":[{\"@type\":\"ReadAction\",\"target\":[\"https:\/\/www.klb-koetztal.de\/fr\/lentreprise\/heures-douverture-et-reception-des-marchandises\/\"]}]},{\"@type\":\"BreadcrumbList\",\"@id\":\"https:\/\/www.klb-koetztal.de\/fr\/lentreprise\/heures-douverture-et-reception-des-marchandises\/#breadcrumb\",\"itemListElement\":[{\"@type\":\"ListItem\",\"position\":1,\"name\":\"Startseite\",\"item\":\"https:\/\/www.klb-koetztal.de\/fr\/\"},{\"@type\":\"ListItem\",\"position\":2,\"name\":\"L&rsquo;entreprise\",\"item\":\"https:\/\/www.klb-koetztal.de\/fr\/lentreprise\/\"},{\"@type\":\"ListItem\",\"position\":3,\"name\":\"Heures d&rsquo;ouverture et r\u00e9ception des marchandises\"}]},{\"@type\":\"WebSite\",\"@id\":\"https:\/\/www.klb-koetztal.de\/fr\/#website\",\"url\":\"https:\/\/www.klb-koetztal.de\/fr\/\",\"name\":\"KLB K\u00f6tztal\",\"description\":\"Gute B\u00f6den haben ein System.\",\"potentialAction\":[{\"@type\":\"SearchAction\",\"target\":{\"@type\":\"EntryPoint\",\"urlTemplate\":\"https:\/\/www.klb-koetztal.de\/fr\/?s={search_term_string}\"},\"query-input\":{\"@type\":\"PropertyValueSpecification\",\"valueRequired\":true,\"valueName\":\"search_term_string\"}}],\"inLanguage\":\"fr-FR\"}]}<\/script>\n<!-- \/ Yoast SEO plugin. -->","yoast_head_json":{"title":"Heures d'ouverture et r\u00e9ception des marchandises - KLB K\u00f6tztal","robots":{"index":"noindex","follow":"follow","max-snippet":"max-snippet:-1","max-image-preview":"max-image-preview:large","max-video-preview":"max-video-preview:-1"},"og_locale":"fr_FR","og_type":"article","og_title":"Heures d'ouverture et r\u00e9ception des marchandises - KLB K\u00f6tztal","og_url":"https:\/\/www.klb-koetztal.de\/fr\/lentreprise\/heures-douverture-et-reception-des-marchandises\/","og_site_name":"KLB K\u00f6tztal","article_publisher":"https:\/\/www.facebook.com\/klbkoetztal","article_modified_time":"2025-09-19T06:57:07+00:00","twitter_card":"summary_large_image","schema":{"@context":"https:\/\/schema.org","@graph":[{"@type":"WebPage","@id":"https:\/\/www.klb-koetztal.de\/fr\/lentreprise\/heures-douverture-et-reception-des-marchandises\/","url":"https:\/\/www.klb-koetztal.de\/fr\/lentreprise\/heures-douverture-et-reception-des-marchandises\/","name":"Heures d'ouverture et r\u00e9ception des marchandises - KLB K\u00f6tztal","isPartOf":{"@id":"https:\/\/www.klb-koetztal.de\/fr\/#website"},"datePublished":"2023-05-16T09:22:12+00:00","dateModified":"2025-09-19T06:57:07+00:00","breadcrumb":{"@id":"https:\/\/www.klb-koetztal.de\/fr\/lentreprise\/heures-douverture-et-reception-des-marchandises\/#breadcrumb"},"inLanguage":"fr-FR","potentialAction":[{"@type":"ReadAction","target":["https:\/\/www.klb-koetztal.de\/fr\/lentreprise\/heures-douverture-et-reception-des-marchandises\/"]}]},{"@type":"BreadcrumbList","@id":"https:\/\/www.klb-koetztal.de\/fr\/lentreprise\/heures-douverture-et-reception-des-marchandises\/#breadcrumb","itemListElement":[{"@type":"ListItem","position":1,"name":"Startseite","item":"https:\/\/www.klb-koetztal.de\/fr\/"},{"@type":"ListItem","position":2,"name":"L&rsquo;entreprise","item":"https:\/\/www.klb-koetztal.de\/fr\/lentreprise\/"},{"@type":"ListItem","position":3,"name":"Heures d&rsquo;ouverture et r\u00e9ception des marchandises"}]},{"@type":"WebSite","@id":"https:\/\/www.klb-koetztal.de\/fr\/#website","url":"https:\/\/www.klb-koetztal.de\/fr\/","name":"KLB K\u00f6tztal","description":"Gute B\u00f6den haben ein System.","potentialAction":[{"@type":"SearchAction","target":{"@type":"EntryPoint","urlTemplate":"https:\/\/www.klb-koetztal.de\/fr\/?s={search_term_string}"},"query-input":{"@type":"PropertyValueSpecification","valueRequired":true,"valueName":"search_term_string"}}],"inLanguage":"fr-FR"}]}},"_links":{"self":[{"href":"https:\/\/www.klb-koetztal.de\/fr\/wp-json\/wp\/v2\/pages\/56228","targetHints":{"allow":["GET"]}}],"collection":[{"href":"https:\/\/www.klb-koetztal.de\/fr\/wp-json\/wp\/v2\/pages"}],"about":[{"href":"https:\/\/www.klb-koetztal.de\/fr\/wp-json\/wp\/v2\/types\/page"}],"author":[{"embeddable":true,"href":"https:\/\/www.klb-koetztal.de\/fr\/wp-json\/wp\/v2\/users\/13"}],"replies":[{"embeddable":true,"href":"https:\/\/www.klb-koetztal.de\/fr\/wp-json\/wp\/v2\/comments?post=56228"}],"version-history":[{"count":0,"href":"https:\/\/www.klb-koetztal.de\/fr\/wp-json\/wp\/v2\/pages\/56228\/revisions"}],"up":[{"embeddable":true,"href":"https:\/\/www.klb-koetztal.de\/fr\/wp-json\/wp\/v2\/pages\/66064"}],"wp:attachment":[{"href":"https:\/\/www.klb-koetztal.de\/fr\/wp-json\/wp\/v2\/media?parent=56228"}],"curies":[{"name":"wp","href":"https:\/\/api.w.org\/{rel}","templated":true}]}}