{"id":47814,"date":"2022-02-17T11:54:29","date_gmt":"2022-02-17T10:54:29","guid":{"rendered":"https:\/\/www.klb-koetztal.de\/?page_id=47814"},"modified":"2024-10-21T08:29:03","modified_gmt":"2024-10-21T06:29:03","slug":"notice-dinformation-publique","status":"publish","type":"page","link":"https:\/\/www.klb-koetztal.de\/fr\/notice-dinformation-publique\/","title":{"rendered":"Notice d&rsquo;information publique"},"content":{"rendered":"","protected":false},"excerpt":{"rendered":"","protected":false},"author":13,"featured_media":0,"parent":0,"menu_order":69,"comment_status":"closed","ping_status":"closed","template":"page-templates\/page-builder.php","meta":{"_acf_changed":false,"footnotes":""},"class_list":["post-47814","page","type-page","status-publish","hentry"],"acf":{"page_builder":[{"acf_fc_layout":"module_grid_text","module_grid_text":{"":null,"prototype_headline":{"headline":"Notice d'information publique","h1":true,"subheadline":"Obligation d'information en vertu de l'article 8a du 12e d\u00e9cret f\u00e9d\u00e9ral allemand sur la protection contre les immissions (BImSchV) selon l'annexe 5 sur le sujet : \u00ab Notice d'information publique \u00bb","anchor":"","url":""},"slider":false,"content":[{"text":"<p><strong>1. KLB K\u00f6tztal Lacke + Beschichtungen GmbH<\/strong><br \/>\n<strong>G\u00fcnztalstra\u00dfe 25<\/strong><br \/>\n<strong>89335 Ichenhausen<br \/>\nAllemagne<\/strong><\/p>\n<p><strong>Directeurs g\u00e9n\u00e9raux :<\/strong> Artur Kehrle, Patrick Kehrle, Dr Julian Kehrle<\/p>\n<p>T\u00e9l. : +49 8223 9692-0<br \/>\nFax : +49 8223 9692-100<br \/>\nCourriel : <a href=\"mailto:info@klb-koetztal.com\">info@klb-koetztal.com<\/a><\/p>\n<p><strong>2.<\/strong> La zone d&rsquo;exploitation est soumise aux dispositions du 12e d\u00e9cret f\u00e9d\u00e9ral allemand sur la protection contre les immissions (BImSchV). Le 26 mars 2010, l&rsquo;autorit\u00e9 comp\u00e9tente a re\u00e7u la notification conform\u00e9ment \u00e0 l&rsquo;article 7, paragraphe 1, avant le d\u00e9but des travaux de construction et a donn\u00e9 son autorisation de mise en service le 30 mars 2011.<\/p>\n<p><strong>3.<\/strong> KLB K\u00f6tztal Lacke + Beschichtungen GmbH fabrique des plastiques r\u00e9actifs liquides pour diff\u00e9rentes applications dans la chimie du b\u00e2timent et l&rsquo;industrie. L\u2019entreprise se concentre sur les syst\u00e8mes de rev\u00eatement pour les sols commerciaux et industriels. Sur de tels sols, les exigences en termes de couleur, de structure de surface, de r\u00e9sistance, etc. sont tr\u00e8s diff\u00e9rentes.<\/p>\n<p><strong>4.<\/strong> KLB K\u00f6tztal GmbH stocke et traite des substances et des groupes de substances qui rel\u00e8vent de l\u2019ordonnance sur les incidents dangereux. En raison des livraisons ou des sorties permanentes de marchandises, le nombre exact de produits pr\u00e9sents dans les locaux ainsi que la quantit\u00e9 des diff\u00e9rentes substances changent quotidiennement. \u00c9tant donn\u00e9 que KLB K\u00f6tztal en utilise principalement de petites quantit\u00e9s, nous sommes soumis \u00e0 la sous-classe de l&rsquo;ordonnance sur les accidents majeurs. Les r\u00e9sines \u00e9poxy, les r\u00e9sines acryliques, les durcisseurs amin\u00e9s et les isocyanates sont les principaux groupes de substances utilis\u00e9s. En g\u00e9n\u00e9ral, celles-ci pr\u00e9sentent les risques suivants :<\/p>\n<p>&nbsp;<\/p>\n<ul>\n<li><strong>R\u00e9sines \u00e9poxy<\/strong> : Ces substances ont un effet irritant sur les yeux et la peau, \u00e0 laquelle elles sont sensibilisantes. Elles pr\u00e9sentent \u00e9galement un risque pour l&rsquo;environnement, car elles sont toxiques pour les organismes aquatiques.<\/li>\n<li><strong>R\u00e9sines polym\u00e9thacryliques<\/strong> : Ces substances ont un effet irritant sur la peau et peuvent provoquer des r\u00e9actions allergiques cutan\u00e9es. Elles sont \u00e9galement inflammables.<\/li>\n<li><strong>Durcisseurs polyamines<\/strong> : Le contact avec ces substances a un effet corrosif sur la peau et les yeux. Elles sont nocives en cas d&rsquo;ingestion et d&rsquo;exposition aux organismes aquatiques. Des r\u00e9actions allergiques cutan\u00e9es peuvent se produire occasionnellement.<\/li>\n<li><strong>Polyisocyanates<\/strong> : L&rsquo;inhalation de ces substances peut irriter les voies respiratoires et provoquer des r\u00e9actions allergiques cutan\u00e9es. Lorsqu\u2019elles sont inhal\u00e9es, elles peuvent entra\u00eener des allergies, des sympt\u00f4mes similaires \u00e0 ceux de l\u2019asthme ou des difficult\u00e9s respiratoires.<\/li>\n<\/ul>\n<p>&nbsp;<\/p>\n<p>Les substances utilis\u00e9es pertinentes pour les incidents majeurs sont trait\u00e9es directement par m\u00e9lange physique en petites quantit\u00e9s, comme d\u00e9crit au point 3. Seule la quantit\u00e9 absolument n\u00e9cessaire de produits chimiques se trouve sur le site. Il existe des instructions de travail \u00e9crites pour tous les processus.<\/p>\n<p><strong>5.<\/strong> Nous d\u00e9terminons en permanence les classifications concern\u00e9es et les codes de conduite sp\u00e9cifi\u00e9s pour les mati\u00e8res premi\u00e8res utilis\u00e9es. Nous faisons de m\u00eame avec nos produits. Nos processus de fabrication sur le site sont examin\u00e9s en fonction de la probabilit\u00e9 d\u2019incidents potentiels et de la r\u00e9duction possible des risques. Le stockage est ax\u00e9 sur les besoins afin de r\u00e9duire au maximum la quantit\u00e9 de mati\u00e8res perturbatrices tout en r\u00e9pondant aux exigences de production. Chez KLB K\u00f6tztal GmbH, il existe \u00e9galement un plan de d\u2019alarme et de pr\u00e9vention des dangers qui est r\u00e9guli\u00e8rement mis \u00e0 jour et qui d\u00e9finit la conduite \u00e0 adopter en cas d\u2019urgence. Afin d\u2019\u00e9viter les incidents et d\u2019assurer le bon comportement en cas d\u2019urgence, nos employ\u00e9s re\u00e7oivent des instructions p\u00e9riodiquement. En outre, l\u2019entreprise dispose d\u2019un syst\u00e8me d\u2019alarme incendie dans toutes les zones de production qui, en cas d\u2019incendie, envoie imm\u00e9diatement un message correspondant, aussi bien localement que par une connexion directe avec le centre de contr\u00f4le int\u00e9gr\u00e9 Donau-Iller.<\/p>\n<p>En cas d&rsquo;incident, l&rsquo;entreprise informe sans d\u00e9lais les autorit\u00e9s responsables qui prennent les mesures n\u00e9cessaires, conform\u00e9ment \u00e0 leur plan d\u2019intervention d\u2019urgence, pour limiter les r\u00e9percussions au-del\u00e0 de l\u2019usine.<\/p>\n<p><strong>6.<\/strong> La derni\u00e8re inspection sur place par le bureau de district de G\u00fcnzburg a eu lieu le 16 octobre 2024. Si vous souhaitez obtenir plus d\u2019informations sur nos mesures de s\u00e9curit\u00e9 et sur la conduite \u00e0 tenir en cas d\u2019incident, n\u2019h\u00e9sitez pas \u00e0 nous contacter.<\/p>\n<p><strong>Personnes de contact :<\/strong><\/p>\n<p><strong>Monsieur Artur Kehrle, <\/strong>Dipl.-Ing. (FH), Directeur g\u00e9n\u00e9ral<br \/>\n<strong>Monsieur Julian Kehrle<\/strong>, Dr, Directeur g\u00e9n\u00e9ral<br \/>\n<strong>Monsieur Fabian Resl<\/strong>, Responsable HSEQ<br \/>\n<strong>Monsieur Andreas Lerner<\/strong>, Responsable HSEQ<\/p>\n<p>&nbsp;<\/p>\n<p><strong>T\u00e9l\u00e9charger :<\/strong> <a href=\"\/app\/uploads\/2024\/10\/notice-d-information-publique-klb-koetztal-10-2024.pdf\">Notice d&rsquo;information publique<\/a><\/p>\n","width":"12","background_color_text":"bg-none","border_color":"border-none"}],"match_height":false,"vertical_align":false,"share_buttons":true,"background_color":"bg-none","background_color_content":"bg-none"}}]},"yoast_head":"<!-- This site is optimized with the Yoast SEO plugin v27.0 - https:\/\/yoast.com\/product\/yoast-seo-wordpress\/ -->\n<title>Notice d&#039;information publique, personne de contact, conseils - KLB K\u00f6tztal<\/title>\n<meta name=\"description\" content=\"Notice d&#039;information publique en indiquant les personnes de contact. Informations g\u00e9n\u00e9rales sur produits chimiques utilis\u00e9s dans notre usine.\" \/>\n<meta name=\"robots\" content=\"noindex, follow, max-snippet:-1, max-image-preview:large, max-video-preview:-1\" \/>\n<meta property=\"og:locale\" content=\"fr_FR\" \/>\n<meta property=\"og:type\" content=\"article\" \/>\n<meta property=\"og:title\" content=\"Notice d&#039;information publique, personne de contact, conseils - KLB K\u00f6tztal\" \/>\n<meta property=\"og:description\" content=\"Notice d&#039;information publique en indiquant les personnes de contact. Informations g\u00e9n\u00e9rales sur produits chimiques utilis\u00e9s dans notre usine.\" \/>\n<meta property=\"og:url\" content=\"https:\/\/www.klb-koetztal.de\/fr\/notice-dinformation-publique\/\" \/>\n<meta property=\"og:site_name\" content=\"KLB K\u00f6tztal\" \/>\n<meta property=\"article:publisher\" content=\"https:\/\/www.facebook.com\/klbkoetztal\" \/>\n<meta property=\"article:modified_time\" content=\"2024-10-21T06:29:03+00:00\" \/>\n<meta name=\"twitter:card\" content=\"summary_large_image\" \/>\n<script type=\"application\/ld+json\" class=\"yoast-schema-graph\">{\"@context\":\"https:\/\/schema.org\",\"@graph\":[{\"@type\":\"WebPage\",\"@id\":\"https:\/\/www.klb-koetztal.de\/fr\/notice-dinformation-publique\/\",\"url\":\"https:\/\/www.klb-koetztal.de\/fr\/notice-dinformation-publique\/\",\"name\":\"Notice d'information publique, personne de contact, conseils - KLB K\u00f6tztal\",\"isPartOf\":{\"@id\":\"https:\/\/www.klb-koetztal.de\/fr\/#website\"},\"datePublished\":\"2022-02-17T10:54:29+00:00\",\"dateModified\":\"2024-10-21T06:29:03+00:00\",\"description\":\"Notice d'information publique en indiquant les personnes de contact. Informations g\u00e9n\u00e9rales sur produits chimiques utilis\u00e9s dans notre usine.\",\"breadcrumb\":{\"@id\":\"https:\/\/www.klb-koetztal.de\/fr\/notice-dinformation-publique\/#breadcrumb\"},\"inLanguage\":\"fr-FR\",\"potentialAction\":[{\"@type\":\"ReadAction\",\"target\":[\"https:\/\/www.klb-koetztal.de\/fr\/notice-dinformation-publique\/\"]}]},{\"@type\":\"BreadcrumbList\",\"@id\":\"https:\/\/www.klb-koetztal.de\/fr\/notice-dinformation-publique\/#breadcrumb\",\"itemListElement\":[{\"@type\":\"ListItem\",\"position\":1,\"name\":\"Startseite\",\"item\":\"https:\/\/www.klb-koetztal.de\/fr\/\"},{\"@type\":\"ListItem\",\"position\":2,\"name\":\"Notice d&#8217;information publique\"}]},{\"@type\":\"WebSite\",\"@id\":\"https:\/\/www.klb-koetztal.de\/fr\/#website\",\"url\":\"https:\/\/www.klb-koetztal.de\/fr\/\",\"name\":\"KLB K\u00f6tztal\",\"description\":\"Gute B\u00f6den haben ein System.\",\"potentialAction\":[{\"@type\":\"SearchAction\",\"target\":{\"@type\":\"EntryPoint\",\"urlTemplate\":\"https:\/\/www.klb-koetztal.de\/fr\/?s={search_term_string}\"},\"query-input\":{\"@type\":\"PropertyValueSpecification\",\"valueRequired\":true,\"valueName\":\"search_term_string\"}}],\"inLanguage\":\"fr-FR\"}]}<\/script>\n<!-- \/ Yoast SEO plugin. -->","yoast_head_json":{"title":"Notice d'information publique, personne de contact, conseils - KLB K\u00f6tztal","description":"Notice d'information publique en indiquant les personnes de contact. Informations g\u00e9n\u00e9rales sur produits chimiques utilis\u00e9s dans notre usine.","robots":{"index":"noindex","follow":"follow","max-snippet":"max-snippet:-1","max-image-preview":"max-image-preview:large","max-video-preview":"max-video-preview:-1"},"og_locale":"fr_FR","og_type":"article","og_title":"Notice d'information publique, personne de contact, conseils - KLB K\u00f6tztal","og_description":"Notice d'information publique en indiquant les personnes de contact. Informations g\u00e9n\u00e9rales sur produits chimiques utilis\u00e9s dans notre usine.","og_url":"https:\/\/www.klb-koetztal.de\/fr\/notice-dinformation-publique\/","og_site_name":"KLB K\u00f6tztal","article_publisher":"https:\/\/www.facebook.com\/klbkoetztal","article_modified_time":"2024-10-21T06:29:03+00:00","twitter_card":"summary_large_image","schema":{"@context":"https:\/\/schema.org","@graph":[{"@type":"WebPage","@id":"https:\/\/www.klb-koetztal.de\/fr\/notice-dinformation-publique\/","url":"https:\/\/www.klb-koetztal.de\/fr\/notice-dinformation-publique\/","name":"Notice d'information publique, personne de contact, conseils - KLB K\u00f6tztal","isPartOf":{"@id":"https:\/\/www.klb-koetztal.de\/fr\/#website"},"datePublished":"2022-02-17T10:54:29+00:00","dateModified":"2024-10-21T06:29:03+00:00","description":"Notice d'information publique en indiquant les personnes de contact. Informations g\u00e9n\u00e9rales sur produits chimiques utilis\u00e9s dans notre usine.","breadcrumb":{"@id":"https:\/\/www.klb-koetztal.de\/fr\/notice-dinformation-publique\/#breadcrumb"},"inLanguage":"fr-FR","potentialAction":[{"@type":"ReadAction","target":["https:\/\/www.klb-koetztal.de\/fr\/notice-dinformation-publique\/"]}]},{"@type":"BreadcrumbList","@id":"https:\/\/www.klb-koetztal.de\/fr\/notice-dinformation-publique\/#breadcrumb","itemListElement":[{"@type":"ListItem","position":1,"name":"Startseite","item":"https:\/\/www.klb-koetztal.de\/fr\/"},{"@type":"ListItem","position":2,"name":"Notice d&#8217;information publique"}]},{"@type":"WebSite","@id":"https:\/\/www.klb-koetztal.de\/fr\/#website","url":"https:\/\/www.klb-koetztal.de\/fr\/","name":"KLB K\u00f6tztal","description":"Gute B\u00f6den haben ein System.","potentialAction":[{"@type":"SearchAction","target":{"@type":"EntryPoint","urlTemplate":"https:\/\/www.klb-koetztal.de\/fr\/?s={search_term_string}"},"query-input":{"@type":"PropertyValueSpecification","valueRequired":true,"valueName":"search_term_string"}}],"inLanguage":"fr-FR"}]}},"_links":{"self":[{"href":"https:\/\/www.klb-koetztal.de\/fr\/wp-json\/wp\/v2\/pages\/47814","targetHints":{"allow":["GET"]}}],"collection":[{"href":"https:\/\/www.klb-koetztal.de\/fr\/wp-json\/wp\/v2\/pages"}],"about":[{"href":"https:\/\/www.klb-koetztal.de\/fr\/wp-json\/wp\/v2\/types\/page"}],"author":[{"embeddable":true,"href":"https:\/\/www.klb-koetztal.de\/fr\/wp-json\/wp\/v2\/users\/13"}],"replies":[{"embeddable":true,"href":"https:\/\/www.klb-koetztal.de\/fr\/wp-json\/wp\/v2\/comments?post=47814"}],"version-history":[{"count":0,"href":"https:\/\/www.klb-koetztal.de\/fr\/wp-json\/wp\/v2\/pages\/47814\/revisions"}],"wp:attachment":[{"href":"https:\/\/www.klb-koetztal.de\/fr\/wp-json\/wp\/v2\/media?parent=47814"}],"curies":[{"name":"wp","href":"https:\/\/api.w.org\/{rel}","templated":true}]}}