{"id":69207,"date":"2026-03-13T10:40:45","date_gmt":"2026-03-13T09:40:45","guid":{"rendered":"https:\/\/www.klb-koetztal.de\/produkt\/klb-system-polyurethan-pu-9018-flex-color\/"},"modified":"2026-04-01T12:23:40","modified_gmt":"2026-04-01T10:23:40","slug":"klb-system-polyurethan-pu-9018-flex-color","status":"publish","type":"product","link":"https:\/\/www.klb-koetztal.de\/en\/produkt\/klb-system-polyurethan-pu-9018-flex-color\/","title":{"rendered":"KLB-SYSTEM POLYURETHAN PU 9018 Flex Color"},"content":{"rendered":"","protected":false},"excerpt":{"rendered":"<p>Pigmented, moisture-curing&#160;1-component polyurethane coating. Light-stable, weather-resistant, solvent-based balcony coating&#160;for smooth and scattered coverings.<\/p>\n","protected":false},"featured_media":50083,"template":"","meta":{"_acf_changed":false},"product_brand":[],"product_cat":[9621,9626],"product_tag":[],"class_list":{"0":"post-69207","1":"product","2":"type-product","3":"status-publish","4":"has-post-thumbnail","6":"product_cat-sealers-impregnations","7":"product_cat-1-component-polyurethane-sealers","9":"first","10":"instock","11":"shipping-taxable","12":"product-type-simple"},"acf":{"product_header":{"module_product_header":{"":null,"prototype_headline":{"headline":"KLB-SYSTEM POLYURETHAN PU 9018 Flex Color","h1":true,"subheadline":"Coloured, light-stable and weather-resistant&#160;1-component polyurethane coating for balconies and terrace areas","anchor":"","url":""},"grid_text_slider":false,"grid_text_content":[{"text":"<p class=\"product-short-title\" style=\"text-align: center;\"><strong>Brief description<\/strong><\/p>\n<p>Pigmented, moisture-curing&#160;1-component polyurethane coating. Light-stable, weather-resistant, solvent-based balcony coating&#160;for smooth and scattered coverings.<\/p>\n","width":"4","background_color_text":"bg-white","border_color":"border-gray-light"},{"text":"<p class=\"product-sicing-title\" style=\"text-align: center;\"><strong>Packaging units<\/strong><\/p>\n<ul>\n<li>PU6802-60 &#8211; Bucket 6.00 kg<\/li>\n<li>PU6802-50 &#8211; Bucket 12.00 kg<\/li>\n<\/ul>\n<p><\/p>\n<p>Please do not hesitate to contact us directly for enquiries about larger delivery quantities or packaging units.<\/p>\n\n","width":"4","background_color_text":"bg-white","border_color":"border-gray-light"},{"text":"<p class=\"product-attr-title\" style=\"text-align: center;\"><strong>Properties<\/strong><\/p>\n<ul>\n<li>viscoplastic<\/li>\n<li>resistant to weather<\/li>\n<li>resistant to abrasion and wear<\/li>\n<li>ready-to-use<\/li>\n<li>for new buildings and renovations<\/li>\n<li>colour-stable<\/li>\n<li>light-stable<\/li>\n<li>coloured surface<\/li>\n<\/ul>\n","width":"4","background_color_text":"bg-white","border_color":"border-gray-light"}],"background_color":"bg-none","background_color_content":"bg-none"}},"downloads":{"module_download_list":{"inhalt":null,"downloads":[{"download":{"ID":63707,"id":63707,"title":"PU_9018_Flex_Color_PI_en_2024_10","filename":"PU_9018_Flex_Color_PI_en_2024_10.pdf","filesize":282334,"url":"https:\/\/www.klb-koetztal.de\/app\/uploads\/2024\/10\/PU_9018_Flex_Color_PI_en_2024_10.pdf","link":"https:\/\/www.klb-koetztal.de\/en\/?attachment_id=63707","alt":"","author":"7","description":"","caption":"","name":"pu_9018_flex_color_pi_en_2024_10-2","status":"inherit","uploaded_to":0,"date":"2024-10-31 09:10:16","modified":"2024-10-31 09:10:16","menu_order":0,"mime_type":"application\/pdf","type":"application","subtype":"pdf","icon":"https:\/\/www.klb-koetztal.de\/wp\/wp-includes\/images\/media\/document.png"},"filename":"Product Information","protected":false,"doclang":"GB","externalkey":"Produktinformation","docpos":"2"},{"download":{"ID":63710,"id":63710,"title":"PU_9018_Flex_Color_PI_fr_2024_10","filename":"PU_9018_Flex_Color_PI_fr_2024_10.pdf","filesize":269520,"url":"https:\/\/www.klb-koetztal.de\/app\/uploads\/2024\/10\/PU_9018_Flex_Color_PI_fr_2024_10.pdf","link":"https:\/\/www.klb-koetztal.de\/en\/?attachment_id=63710","alt":"","author":"7","description":"","caption":"","name":"pu_9018_flex_color_pi_fr_2024_10-2","status":"inherit","uploaded_to":0,"date":"2024-10-31 09:10:17","modified":"2024-10-31 09:10:17","menu_order":0,"mime_type":"application\/pdf","type":"application","subtype":"pdf","icon":"https:\/\/www.klb-koetztal.de\/wp\/wp-includes\/images\/media\/document.png"},"filename":"Information Produit FR","protected":false,"doclang":"FR","externalkey":"Produktinformation","docpos":"3"},{"download":{"ID":63690,"id":63690,"title":"PU_9018_Flex_Color_LE_en_2024_10","filename":"PU_9018_Flex_Color_LE_en_2024_10.pdf","filesize":184351,"url":"https:\/\/www.klb-koetztal.de\/app\/uploads\/2024\/10\/PU_9018_Flex_Color_LE_en_2024_10.pdf","link":"https:\/\/www.klb-koetztal.de\/en\/?attachment_id=63690","alt":"","author":"7","description":"","caption":"","name":"pu_9018_flex_color_le_en_2024_10-2","status":"inherit","uploaded_to":0,"date":"2024-10-30 10:20:17","modified":"2024-10-30 10:20:17","menu_order":0,"mime_type":"application\/pdf","type":"application","subtype":"pdf","icon":"https:\/\/www.klb-koetztal.de\/wp\/wp-includes\/images\/media\/document.png"},"filename":"Statement of performance","protected":false,"doclang":"GB","externalkey":"Leistungserklaerung","docpos":"2"},{"download":{"ID":51294,"id":51294,"title":"EPD-Information","filename":"PU9018Flex_Color_Umwelt-Deklaration_2022-06.pdf","filesize":2571112,"url":"https:\/\/www.klb-koetztal.de\/app\/uploads\/2022\/06\/PU9018Flex_Color_Umwelt-Deklaration_2022-06.pdf","link":"https:\/\/www.klb-koetztal.de\/en\/?attachment_id=51294","alt":"","author":"7","description":"","caption":"","name":"pu9018flex_color_umwelt-deklaration_2022-06","status":"inherit","uploaded_to":0,"date":"2022-06-23 13:52:53","modified":"2026-04-01 10:23:51","menu_order":0,"mime_type":"application\/pdf","type":"application","subtype":"pdf","icon":"https:\/\/www.klb-koetztal.de\/wp\/wp-includes\/images\/media\/document.png"},"filename":"EPD - Environmental Product Declaration","protected":false,"doclang":"Multi","externalkey":"Umweltproduktdeklaration","docpos":"50"},{"download":false,"filename":"Safety data sheet","protected":true,"doclang":"GB","externalkey":"Sicherheitsdatenblatt","docpos":"2"},{"download":false,"filename":"Fiche de donn\u00e9es de s\u00e9curit\u00e9 FR","protected":true,"doclang":"FR","externalkey":"Sicherheitsdatenblatt","docpos":"3"}],"einstellungen":null,"background_color":"bg-none","background_color_content":"bg-none"}},"included_in_systems":{"module_included_in_systems":{"":null,"background_color":"bg-gray-medium","background_color_content":"bg-none"}},"contact":{"module_contact":{"":null,"background_color":"bg-none","background_color_content":"bg-none"}},"ausschreibende":{"module_ausschreibende":{"andern_sie_den_inhalt_unter_universelle_elemente":null,"background_color":"bg-none","background_color_content":"bg-none"}}},"yoast_head":"<!-- This site is optimized with the Yoast SEO plugin v27.0 - https:\/\/yoast.com\/product\/yoast-seo-wordpress\/ -->\n<title>Pigmented, 1-component coating PU 9018 Flex Color | KLB K\u00f6tztal<\/title>\n<meta name=\"description\" content=\"UV, light and weather-resistant, coloured outdoor coating PU 9018 Flex Color | KLB floor coverings \u2714\ufe0f bubble-free and moisture-curing\" \/>\n<meta name=\"robots\" content=\"index, follow, max-snippet:-1, max-image-preview:large, max-video-preview:-1\" \/>\n<link rel=\"canonical\" href=\"https:\/\/www.klb-koetztal.de\/en\/produkt\/klb-system-polyurethan-pu-9018-flex-color\/\" \/>\n<meta property=\"og:locale\" content=\"en_GB\" \/>\n<meta property=\"og:type\" content=\"article\" \/>\n<meta property=\"og:title\" content=\"Pigmented, 1-component coating PU 9018 Flex Color | KLB K\u00f6tztal\" \/>\n<meta property=\"og:description\" content=\"UV, light and weather-resistant, coloured outdoor coating PU 9018 Flex Color | KLB floor coverings \u2714\ufe0f bubble-free and moisture-curing\" \/>\n<meta property=\"og:url\" content=\"https:\/\/www.klb-koetztal.de\/en\/produkt\/klb-system-polyurethan-pu-9018-flex-color\/\" \/>\n<meta property=\"og:site_name\" content=\"KLB K\u00f6tztal\" \/>\n<meta property=\"article:publisher\" content=\"https:\/\/www.facebook.com\/klbkoetztal\" \/>\n<meta property=\"article:modified_time\" content=\"2026-04-01T10:23:40+00:00\" \/>\n<meta name=\"twitter:card\" content=\"summary_large_image\" \/>\n<script type=\"application\/ld+json\" class=\"yoast-schema-graph\">{\"@context\":\"https:\/\/schema.org\",\"@graph\":[{\"@type\":\"WebPage\",\"@id\":\"https:\/\/www.klb-koetztal.de\/en\/produkt\/klb-system-polyurethan-pu-9018-flex-color\/\",\"url\":\"https:\/\/www.klb-koetztal.de\/en\/produkt\/klb-system-polyurethan-pu-9018-flex-color\/\",\"name\":\"Pigmented, 1-component coating PU 9018 Flex Color | KLB K\u00f6tztal\",\"isPartOf\":{\"@id\":\"https:\/\/www.klb-koetztal.de\/en\/#website\"},\"primaryImageOfPage\":{\"@id\":\"https:\/\/www.klb-koetztal.de\/en\/produkt\/klb-system-polyurethan-pu-9018-flex-color\/#primaryimage\"},\"image\":{\"@id\":\"https:\/\/www.klb-koetztal.de\/en\/produkt\/klb-system-polyurethan-pu-9018-flex-color\/#primaryimage\"},\"thumbnailUrl\":\"https:\/\/www.klb-koetztal.de\/app\/uploads\/2022\/03\/PU9018_Flex_Color.jpg\",\"datePublished\":\"2026-03-13T09:40:45+00:00\",\"dateModified\":\"2026-04-01T10:23:40+00:00\",\"description\":\"UV, light and weather-resistant, coloured outdoor coating PU 9018 Flex Color | KLB floor coverings \u2714\ufe0f bubble-free and moisture-curing\",\"breadcrumb\":{\"@id\":\"https:\/\/www.klb-koetztal.de\/en\/produkt\/klb-system-polyurethan-pu-9018-flex-color\/#breadcrumb\"},\"inLanguage\":\"en-GB\",\"potentialAction\":[{\"@type\":\"ReadAction\",\"target\":[\"https:\/\/www.klb-koetztal.de\/en\/produkt\/klb-system-polyurethan-pu-9018-flex-color\/\"]}]},{\"@type\":\"ImageObject\",\"inLanguage\":\"en-GB\",\"@id\":\"https:\/\/www.klb-koetztal.de\/en\/produkt\/klb-system-polyurethan-pu-9018-flex-color\/#primaryimage\",\"url\":\"https:\/\/www.klb-koetztal.de\/app\/uploads\/2022\/03\/PU9018_Flex_Color.jpg\",\"contentUrl\":\"https:\/\/www.klb-koetztal.de\/app\/uploads\/2022\/03\/PU9018_Flex_Color.jpg\",\"width\":500,\"height\":500},{\"@type\":\"BreadcrumbList\",\"@id\":\"https:\/\/www.klb-koetztal.de\/en\/produkt\/klb-system-polyurethan-pu-9018-flex-color\/#breadcrumb\",\"itemListElement\":[{\"@type\":\"ListItem\",\"position\":1,\"name\":\"Startseite\",\"item\":\"https:\/\/www.klb-koetztal.de\/en\/\"},{\"@type\":\"ListItem\",\"position\":2,\"name\":\"KLB-SYSTEM POLYURETHAN PU 9018 Flex Color\"}]},{\"@type\":\"WebSite\",\"@id\":\"https:\/\/www.klb-koetztal.de\/en\/#website\",\"url\":\"https:\/\/www.klb-koetztal.de\/en\/\",\"name\":\"KLB K\u00f6tztal\",\"description\":\"Gute B\u00f6den haben ein System.\",\"potentialAction\":[{\"@type\":\"SearchAction\",\"target\":{\"@type\":\"EntryPoint\",\"urlTemplate\":\"https:\/\/www.klb-koetztal.de\/en\/?s={search_term_string}\"},\"query-input\":{\"@type\":\"PropertyValueSpecification\",\"valueRequired\":true,\"valueName\":\"search_term_string\"}}],\"inLanguage\":\"en-GB\"}]}<\/script>\n<!-- \/ Yoast SEO plugin. -->","yoast_head_json":{"title":"Pigmented, 1-component coating PU 9018 Flex Color | KLB K\u00f6tztal","description":"UV, light and weather-resistant, coloured outdoor coating PU 9018 Flex Color | KLB floor coverings \u2714\ufe0f bubble-free and moisture-curing","robots":{"index":"index","follow":"follow","max-snippet":"max-snippet:-1","max-image-preview":"max-image-preview:large","max-video-preview":"max-video-preview:-1"},"canonical":"https:\/\/www.klb-koetztal.de\/en\/produkt\/klb-system-polyurethan-pu-9018-flex-color\/","og_locale":"en_GB","og_type":"article","og_title":"Pigmented, 1-component coating PU 9018 Flex Color | KLB K\u00f6tztal","og_description":"UV, light and weather-resistant, coloured outdoor coating PU 9018 Flex Color | KLB floor coverings \u2714\ufe0f bubble-free and moisture-curing","og_url":"https:\/\/www.klb-koetztal.de\/en\/produkt\/klb-system-polyurethan-pu-9018-flex-color\/","og_site_name":"KLB K\u00f6tztal","article_publisher":"https:\/\/www.facebook.com\/klbkoetztal","article_modified_time":"2026-04-01T10:23:40+00:00","twitter_card":"summary_large_image","schema":{"@context":"https:\/\/schema.org","@graph":[{"@type":"WebPage","@id":"https:\/\/www.klb-koetztal.de\/en\/produkt\/klb-system-polyurethan-pu-9018-flex-color\/","url":"https:\/\/www.klb-koetztal.de\/en\/produkt\/klb-system-polyurethan-pu-9018-flex-color\/","name":"Pigmented, 1-component coating PU 9018 Flex Color | KLB K\u00f6tztal","isPartOf":{"@id":"https:\/\/www.klb-koetztal.de\/en\/#website"},"primaryImageOfPage":{"@id":"https:\/\/www.klb-koetztal.de\/en\/produkt\/klb-system-polyurethan-pu-9018-flex-color\/#primaryimage"},"image":{"@id":"https:\/\/www.klb-koetztal.de\/en\/produkt\/klb-system-polyurethan-pu-9018-flex-color\/#primaryimage"},"thumbnailUrl":"https:\/\/www.klb-koetztal.de\/app\/uploads\/2022\/03\/PU9018_Flex_Color.jpg","datePublished":"2026-03-13T09:40:45+00:00","dateModified":"2026-04-01T10:23:40+00:00","description":"UV, light and weather-resistant, coloured outdoor coating PU 9018 Flex Color | KLB floor coverings \u2714\ufe0f bubble-free and moisture-curing","breadcrumb":{"@id":"https:\/\/www.klb-koetztal.de\/en\/produkt\/klb-system-polyurethan-pu-9018-flex-color\/#breadcrumb"},"inLanguage":"en-GB","potentialAction":[{"@type":"ReadAction","target":["https:\/\/www.klb-koetztal.de\/en\/produkt\/klb-system-polyurethan-pu-9018-flex-color\/"]}]},{"@type":"ImageObject","inLanguage":"en-GB","@id":"https:\/\/www.klb-koetztal.de\/en\/produkt\/klb-system-polyurethan-pu-9018-flex-color\/#primaryimage","url":"https:\/\/www.klb-koetztal.de\/app\/uploads\/2022\/03\/PU9018_Flex_Color.jpg","contentUrl":"https:\/\/www.klb-koetztal.de\/app\/uploads\/2022\/03\/PU9018_Flex_Color.jpg","width":500,"height":500},{"@type":"BreadcrumbList","@id":"https:\/\/www.klb-koetztal.de\/en\/produkt\/klb-system-polyurethan-pu-9018-flex-color\/#breadcrumb","itemListElement":[{"@type":"ListItem","position":1,"name":"Startseite","item":"https:\/\/www.klb-koetztal.de\/en\/"},{"@type":"ListItem","position":2,"name":"KLB-SYSTEM POLYURETHAN PU 9018 Flex Color"}]},{"@type":"WebSite","@id":"https:\/\/www.klb-koetztal.de\/en\/#website","url":"https:\/\/www.klb-koetztal.de\/en\/","name":"KLB K\u00f6tztal","description":"Gute B\u00f6den haben ein System.","potentialAction":[{"@type":"SearchAction","target":{"@type":"EntryPoint","urlTemplate":"https:\/\/www.klb-koetztal.de\/en\/?s={search_term_string}"},"query-input":{"@type":"PropertyValueSpecification","valueRequired":true,"valueName":"search_term_string"}}],"inLanguage":"en-GB"}]}},"_links":{"self":[{"href":"https:\/\/www.klb-koetztal.de\/en\/wp-json\/wp\/v2\/product\/69207","targetHints":{"allow":["GET"]}}],"collection":[{"href":"https:\/\/www.klb-koetztal.de\/en\/wp-json\/wp\/v2\/product"}],"about":[{"href":"https:\/\/www.klb-koetztal.de\/en\/wp-json\/wp\/v2\/types\/product"}],"wp:featuredmedia":[{"embeddable":true,"href":"https:\/\/www.klb-koetztal.de\/en\/wp-json\/wp\/v2\/media\/50083"}],"wp:attachment":[{"href":"https:\/\/www.klb-koetztal.de\/en\/wp-json\/wp\/v2\/media?parent=69207"}],"wp:term":[{"taxonomy":"product_brand","embeddable":true,"href":"https:\/\/www.klb-koetztal.de\/en\/wp-json\/wp\/v2\/product_brand?post=69207"},{"taxonomy":"product_cat","embeddable":true,"href":"https:\/\/www.klb-koetztal.de\/en\/wp-json\/wp\/v2\/product_cat?post=69207"},{"taxonomy":"product_tag","embeddable":true,"href":"https:\/\/www.klb-koetztal.de\/en\/wp-json\/wp\/v2\/product_tag?post=69207"}],"curies":[{"name":"wp","href":"https:\/\/api.w.org\/{rel}","templated":true}]}}