{"id":66177,"date":"2025-07-03T09:57:43","date_gmt":"2025-07-03T07:57:43","guid":{"rendered":"https:\/\/www.klb-koetztal.de\/produkt\/klb-system-polyurethan-pu-817-flex\/"},"modified":"2026-04-01T12:51:36","modified_gmt":"2026-04-01T10:51:36","slug":"klb-system-polyurethan-pu-817-flex","status":"publish","type":"product","link":"https:\/\/www.klb-koetztal.de\/en\/produkt\/klb-system-polyurethan-pu-817-flex\/","title":{"rendered":"KLB-SYSTEM POLYURETHAN PU 817 Flex"},"content":{"rendered":"","protected":false},"excerpt":{"rendered":"<p>Low-emission, elastic, transparent and light-stable 2-component polyurethane matt sealer with an impact sound insulation effect for surfaces that are suitable for chair castors,&#160;for top sealing of&#160;elastic&#160;polyurethane coatings such as&#160;KLB-SYSTEM POLYURETHAN PU 414 FLAIR,&#160;KLB-NaturaPUR&#160;PU 435&#160;or PU 405.&#160;The sealing results in uniform, matt surfaces that give the floors an even and&#160;sublime appearance. Due to the elastic and low-emission&#160;setting of the binder, the sealer&#160;can be perfectly&#160;used to seal elastic coatings&#160;that are applied in dekorative private or commercial areas, like recreation rooms. It&#160;forms elastic, abrasion-resistant, light-stable films&#160;with low soiling tendency and good cleanability.<\/p>\n","protected":false},"featured_media":66179,"template":"","meta":{"_acf_changed":false},"product_brand":[],"product_cat":[9621,9630],"product_tag":[],"class_list":{"0":"post-66177","1":"product","2":"type-product","3":"status-publish","4":"has-post-thumbnail","6":"product_cat-sealers-impregnations","7":"product_cat-2-component-polyurethane-sealers-water-emulsified","9":"first","10":"instock","11":"shipping-taxable","12":"product-type-simple"},"acf":{"product_header":{"module_product_header":{"":null,"prototype_headline":{"headline":"KLB-SYSTEM POLYURETHAN PU 817 Flex","h1":true,"subheadline":"Low-emission, elastic, transparent and light-stable 2-component polyurethane matt sealer with an impact sound insulation effect for surfaces that are suitable for chair castors","anchor":"","url":""},"grid_text_slider":false,"grid_text_content":[{"text":"<p class=\"product-short-title\" style=\"text-align: center;\"><strong>Brief description<\/strong><\/p>\n<p>Low-emission, elastic, transparent and light-stable 2-component polyurethane matt sealer with an impact sound insulation effect for surfaces that are suitable for chair castors,&#160;for top sealing of&#160;elastic&#160;polyurethane coatings such as&#160;<strong>KLB-SYSTEM POLYURETHAN PU 414 FLAIR,&#160;KLB-NaturaPUR&#160;PU 435&#160;<\/strong>or <strong>PU 405.&#160;<\/strong>The sealing results in uniform, matt surfaces that give the floors an even and&#160;sublime appearance. Due to the elastic and low-emission&#160;setting of the binder, the sealer&#160;can be perfectly&#160;used to seal elastic coatings&#160;that are applied in dekorative private or commercial areas, like recreation rooms. It&#160;forms elastic, abrasion-resistant, light-stable films&#160;with low soiling tendency and good cleanability.<\/p>\n","width":"4","background_color_text":"bg-white","border_color":"border-gray-light"},{"text":"<p class=\"product-sicing-title\" style=\"text-align: center;\"><strong>Packaging units<\/strong><\/p>\n<ul>\n<li>AK6534-72 &#8211; Combo packaging 5.00 kg<\/li>\n<li>AK6534-50 &#8211; Combo packaging 10.00 kg<\/li>\n<\/ul>\n<p><\/p>\n<p>Please do not hesitate to contact us directly for enquiries about larger delivery quantities or packaging units.<\/p>\n\n","width":"4","background_color_text":"bg-white","border_color":"border-gray-light"},{"text":"<p class=\"product-attr-title\" style=\"text-align: center;\"><strong>Properties<\/strong><\/p>\n<ul>\n<li>elastic<\/li>\n<li>tested, low-emission quality<\/li>\n<li>EMICODE\u00ae EC 1PLUS certified<\/li>\n<li>Total Solid according to GISCODE<\/li>\n<li>matt<\/li>\n<li>even surface<\/li>\n<li>good processing properties<\/li>\n<li>environmentally friendly<\/li>\n<li>very high adhesion<\/li>\n<li>resistant to abrasion and wear<\/li>\n<\/ul>\n","width":"4","background_color_text":"bg-white","border_color":"border-gray-light"}],"background_color":"bg-none","background_color_content":"bg-none"}},"downloads":{"module_download_list":{"inhalt":null,"downloads":[{"download":{"ID":69303,"id":69303,"title":"PU_817_Flex_PI_en_2026_03","filename":"PU_817_Flex_PI_en_2026_03.pdf","filesize":1069650,"url":"https:\/\/www.klb-koetztal.de\/app\/uploads\/2026\/03\/PU_817_Flex_PI_en_2026_03.pdf","link":"https:\/\/www.klb-koetztal.de\/en\/?attachment_id=69303","alt":"","author":"7","description":"","caption":"","name":"pu_817_flex_pi_en_2026_03-2","status":"inherit","uploaded_to":0,"date":"2026-03-16 12:21:04","modified":"2026-03-16 12:21:04","menu_order":0,"mime_type":"application\/pdf","type":"application","subtype":"pdf","icon":"https:\/\/www.klb-koetztal.de\/wp\/wp-includes\/images\/media\/document.png"},"filename":"Product Information","protected":false,"doclang":"GB","externalkey":"Produktinformation","docpos":"2"},{"download":{"ID":69480,"id":69480,"title":"PU_817_Flex_PI_fr_2026_03-3","filename":"PU_817_Flex_PI_fr_2026_03-3.pdf","filesize":1082211,"url":"https:\/\/www.klb-koetztal.de\/app\/uploads\/2026\/03\/PU_817_Flex_PI_fr_2026_03-3.pdf","link":"https:\/\/www.klb-koetztal.de\/en\/?attachment_id=69480","alt":"","author":"7","description":"","caption":"","name":"pu_817_flex_pi_fr_2026_03-3-2","status":"inherit","uploaded_to":0,"date":"2026-03-16 13:35:05","modified":"2026-03-16 13:35:05","menu_order":0,"mime_type":"application\/pdf","type":"application","subtype":"pdf","icon":"https:\/\/www.klb-koetztal.de\/wp\/wp-includes\/images\/media\/document.png"},"filename":"Information Produit FR","protected":false,"doclang":"FR","externalkey":"Produktinformation","docpos":"3"},{"download":{"ID":68074,"id":68074,"title":"PU_817_Flex_LE_en_2025_11","filename":"PU_817_Flex_LE_en_2025_11.pdf","filesize":717954,"url":"https:\/\/www.klb-koetztal.de\/app\/uploads\/2025\/11\/PU_817_Flex_LE_en_2025_11.pdf","link":"https:\/\/www.klb-koetztal.de\/en\/?attachment_id=68074","alt":"","author":"7","description":"","caption":"","name":"pu_817_flex_le_en_2025_11-2","status":"inherit","uploaded_to":0,"date":"2025-11-07 10:11:45","modified":"2025-11-07 10:11:45","menu_order":0,"mime_type":"application\/pdf","type":"application","subtype":"pdf","icon":"https:\/\/www.klb-koetztal.de\/wp\/wp-includes\/images\/media\/document.png"},"filename":"Statement of performance","protected":false,"doclang":"GB","externalkey":"Leistungserklaerung","docpos":"2"},{"download":{"ID":68077,"id":68077,"title":"PU_817_Flex_LE_fr_2025_11","filename":"PU_817_Flex_LE_fr_2025_11.pdf","filesize":721176,"url":"https:\/\/www.klb-koetztal.de\/app\/uploads\/2025\/11\/PU_817_Flex_LE_fr_2025_11.pdf","link":"https:\/\/www.klb-koetztal.de\/en\/?attachment_id=68077","alt":"","author":"7","description":"","caption":"","name":"pu_817_flex_le_fr_2025_11-2","status":"inherit","uploaded_to":0,"date":"2025-11-07 10:11:47","modified":"2025-11-07 10:11:47","menu_order":0,"mime_type":"application\/pdf","type":"application","subtype":"pdf","icon":"https:\/\/www.klb-koetztal.de\/wp\/wp-includes\/images\/media\/document.png"},"filename":"Declaration of performance","protected":false,"doclang":"FR","externalkey":"Leistungserklaerung","docpos":"3"},{"download":{"ID":66192,"id":66192,"title":"PU817Flex_Umwelt-Deklaration_2025-06","filename":"PU817Flex_Umwelt-Deklaration_2025-06.pdf","filesize":2561346,"url":"https:\/\/www.klb-koetztal.de\/app\/uploads\/2025\/07\/PU817Flex_Umwelt-Deklaration_2025-06.pdf","link":"https:\/\/www.klb-koetztal.de\/en\/?attachment_id=66192","alt":"","author":"7","description":"","caption":"","name":"pu817flex_umwelt-deklaration_2025-06-2","status":"inherit","uploaded_to":0,"date":"2025-07-03 07:58:01","modified":"2025-07-03 07:58:01","menu_order":0,"mime_type":"application\/pdf","type":"application","subtype":"pdf","icon":"https:\/\/www.klb-koetztal.de\/wp\/wp-includes\/images\/media\/document.png"},"filename":"EPD - Environmental Product Declaration","protected":false,"doclang":"Multi","externalkey":"Umweltproduktdeklaration","docpos":"50"},{"download":false,"filename":"Safety data sheet","protected":true,"doclang":"GB","externalkey":"Sicherheitsdatenblatt","docpos":"2"},{"download":false,"filename":"Fiche de donn\u00e9es de s\u00e9curit\u00e9 FR","protected":true,"doclang":"FR","externalkey":"Sicherheitsdatenblatt","docpos":"3"}],"einstellungen":null,"background_color":"bg-none","background_color_content":"bg-none"}},"included_in_systems":{"module_included_in_systems":{"":null,"background_color":"bg-gray-medium","background_color_content":"bg-none"}},"contact":{"module_contact":{"":null,"background_color":"bg-none","background_color_content":"bg-none"}},"ausschreibende":{"module_ausschreibende":{"andern_sie_den_inhalt_unter_universelle_elemente":null,"background_color":"bg-none","background_color_content":"bg-none"}}},"yoast_head":"<!-- This site is optimized with the Yoast SEO plugin v27.0 - https:\/\/yoast.com\/product\/yoast-seo-wordpress\/ -->\n<title>Low-emission, mat 2-component top sealer PU 817 | KLB K\u00f6tztal<\/title>\n<meta name=\"description\" content=\"Low-VOC, colourless, light-stable 2-component matt sealant PU 817 Flex, suitable for chair castors, flexible | KLB Floors \u2714\ufe0f AgBB-compliant\" \/>\n<meta name=\"robots\" content=\"noindex, follow, max-snippet:-1, max-image-preview:large, max-video-preview:-1\" \/>\n<meta property=\"og:locale\" content=\"en_GB\" \/>\n<meta property=\"og:type\" content=\"article\" \/>\n<meta property=\"og:title\" content=\"Low-emission, mat 2-component top sealer PU 817 | KLB K\u00f6tztal\" \/>\n<meta property=\"og:description\" content=\"Low-VOC, colourless, light-stable 2-component matt sealant PU 817 Flex, suitable for chair castors, flexible | KLB Floors \u2714\ufe0f AgBB-compliant\" \/>\n<meta property=\"og:url\" content=\"https:\/\/www.klb-koetztal.de\/en\/produkt\/klb-system-polyurethan-pu-817-flex\/\" \/>\n<meta property=\"og:site_name\" content=\"KLB K\u00f6tztal\" \/>\n<meta property=\"article:publisher\" content=\"https:\/\/www.facebook.com\/klbkoetztal\" \/>\n<meta property=\"article:modified_time\" content=\"2026-04-01T10:51:36+00:00\" \/>\n<meta property=\"og:image\" content=\"https:\/\/www.klb-koetztal.de\/app\/uploads\/2025\/07\/PU_817_Flex_10kg_Kombi_600px.jpg\" \/>\n\t<meta property=\"og:image:width\" content=\"600\" \/>\n\t<meta property=\"og:image:height\" content=\"600\" \/>\n\t<meta property=\"og:image:type\" content=\"image\/jpeg\" \/>\n<meta name=\"twitter:card\" content=\"summary_large_image\" \/>\n<script type=\"application\/ld+json\" class=\"yoast-schema-graph\">{\"@context\":\"https:\/\/schema.org\",\"@graph\":[{\"@type\":\"WebPage\",\"@id\":\"https:\/\/www.klb-koetztal.de\/en\/produkt\/klb-system-polyurethan-pu-817-flex\/\",\"url\":\"https:\/\/www.klb-koetztal.de\/en\/produkt\/klb-system-polyurethan-pu-817-flex\/\",\"name\":\"Low-emission, mat 2-component top sealer PU 817 | KLB K\u00f6tztal\",\"isPartOf\":{\"@id\":\"https:\/\/www.klb-koetztal.de\/en\/#website\"},\"primaryImageOfPage\":{\"@id\":\"https:\/\/www.klb-koetztal.de\/en\/produkt\/klb-system-polyurethan-pu-817-flex\/#primaryimage\"},\"image\":{\"@id\":\"https:\/\/www.klb-koetztal.de\/en\/produkt\/klb-system-polyurethan-pu-817-flex\/#primaryimage\"},\"thumbnailUrl\":\"https:\/\/www.klb-koetztal.de\/app\/uploads\/2025\/07\/PU_817_Flex_10kg_Kombi_600px.jpg\",\"datePublished\":\"2025-07-03T07:57:43+00:00\",\"dateModified\":\"2026-04-01T10:51:36+00:00\",\"description\":\"Low-VOC, colourless, light-stable 2-component matt sealant PU 817 Flex, suitable for chair castors, flexible | KLB Floors \u2714\ufe0f AgBB-compliant\",\"breadcrumb\":{\"@id\":\"https:\/\/www.klb-koetztal.de\/en\/produkt\/klb-system-polyurethan-pu-817-flex\/#breadcrumb\"},\"inLanguage\":\"en-GB\",\"potentialAction\":[{\"@type\":\"ReadAction\",\"target\":[\"https:\/\/www.klb-koetztal.de\/en\/produkt\/klb-system-polyurethan-pu-817-flex\/\"]}]},{\"@type\":\"ImageObject\",\"inLanguage\":\"en-GB\",\"@id\":\"https:\/\/www.klb-koetztal.de\/en\/produkt\/klb-system-polyurethan-pu-817-flex\/#primaryimage\",\"url\":\"https:\/\/www.klb-koetztal.de\/app\/uploads\/2025\/07\/PU_817_Flex_10kg_Kombi_600px.jpg\",\"contentUrl\":\"https:\/\/www.klb-koetztal.de\/app\/uploads\/2025\/07\/PU_817_Flex_10kg_Kombi_600px.jpg\",\"width\":600,\"height\":600},{\"@type\":\"BreadcrumbList\",\"@id\":\"https:\/\/www.klb-koetztal.de\/en\/produkt\/klb-system-polyurethan-pu-817-flex\/#breadcrumb\",\"itemListElement\":[{\"@type\":\"ListItem\",\"position\":1,\"name\":\"Startseite\",\"item\":\"https:\/\/www.klb-koetztal.de\/en\/\"},{\"@type\":\"ListItem\",\"position\":2,\"name\":\"KLB-SYSTEM POLYURETHAN PU 817 Flex\"}]},{\"@type\":\"WebSite\",\"@id\":\"https:\/\/www.klb-koetztal.de\/en\/#website\",\"url\":\"https:\/\/www.klb-koetztal.de\/en\/\",\"name\":\"KLB K\u00f6tztal\",\"description\":\"Gute B\u00f6den haben ein System.\",\"potentialAction\":[{\"@type\":\"SearchAction\",\"target\":{\"@type\":\"EntryPoint\",\"urlTemplate\":\"https:\/\/www.klb-koetztal.de\/en\/?s={search_term_string}\"},\"query-input\":{\"@type\":\"PropertyValueSpecification\",\"valueRequired\":true,\"valueName\":\"search_term_string\"}}],\"inLanguage\":\"en-GB\"}]}<\/script>\n<!-- \/ Yoast SEO plugin. -->","yoast_head_json":{"title":"Low-emission, mat 2-component top sealer PU 817 | KLB K\u00f6tztal","description":"Low-VOC, colourless, light-stable 2-component matt sealant PU 817 Flex, suitable for chair castors, flexible | KLB Floors \u2714\ufe0f AgBB-compliant","robots":{"index":"noindex","follow":"follow","max-snippet":"max-snippet:-1","max-image-preview":"max-image-preview:large","max-video-preview":"max-video-preview:-1"},"og_locale":"en_GB","og_type":"article","og_title":"Low-emission, mat 2-component top sealer PU 817 | KLB K\u00f6tztal","og_description":"Low-VOC, colourless, light-stable 2-component matt sealant PU 817 Flex, suitable for chair castors, flexible | KLB Floors \u2714\ufe0f AgBB-compliant","og_url":"https:\/\/www.klb-koetztal.de\/en\/produkt\/klb-system-polyurethan-pu-817-flex\/","og_site_name":"KLB K\u00f6tztal","article_publisher":"https:\/\/www.facebook.com\/klbkoetztal","article_modified_time":"2026-04-01T10:51:36+00:00","og_image":[{"width":600,"height":600,"url":"https:\/\/www.klb-koetztal.de\/app\/uploads\/2025\/07\/PU_817_Flex_10kg_Kombi_600px.jpg","type":"image\/jpeg"}],"twitter_card":"summary_large_image","schema":{"@context":"https:\/\/schema.org","@graph":[{"@type":"WebPage","@id":"https:\/\/www.klb-koetztal.de\/en\/produkt\/klb-system-polyurethan-pu-817-flex\/","url":"https:\/\/www.klb-koetztal.de\/en\/produkt\/klb-system-polyurethan-pu-817-flex\/","name":"Low-emission, mat 2-component top sealer PU 817 | KLB K\u00f6tztal","isPartOf":{"@id":"https:\/\/www.klb-koetztal.de\/en\/#website"},"primaryImageOfPage":{"@id":"https:\/\/www.klb-koetztal.de\/en\/produkt\/klb-system-polyurethan-pu-817-flex\/#primaryimage"},"image":{"@id":"https:\/\/www.klb-koetztal.de\/en\/produkt\/klb-system-polyurethan-pu-817-flex\/#primaryimage"},"thumbnailUrl":"https:\/\/www.klb-koetztal.de\/app\/uploads\/2025\/07\/PU_817_Flex_10kg_Kombi_600px.jpg","datePublished":"2025-07-03T07:57:43+00:00","dateModified":"2026-04-01T10:51:36+00:00","description":"Low-VOC, colourless, light-stable 2-component matt sealant PU 817 Flex, suitable for chair castors, flexible | KLB Floors \u2714\ufe0f AgBB-compliant","breadcrumb":{"@id":"https:\/\/www.klb-koetztal.de\/en\/produkt\/klb-system-polyurethan-pu-817-flex\/#breadcrumb"},"inLanguage":"en-GB","potentialAction":[{"@type":"ReadAction","target":["https:\/\/www.klb-koetztal.de\/en\/produkt\/klb-system-polyurethan-pu-817-flex\/"]}]},{"@type":"ImageObject","inLanguage":"en-GB","@id":"https:\/\/www.klb-koetztal.de\/en\/produkt\/klb-system-polyurethan-pu-817-flex\/#primaryimage","url":"https:\/\/www.klb-koetztal.de\/app\/uploads\/2025\/07\/PU_817_Flex_10kg_Kombi_600px.jpg","contentUrl":"https:\/\/www.klb-koetztal.de\/app\/uploads\/2025\/07\/PU_817_Flex_10kg_Kombi_600px.jpg","width":600,"height":600},{"@type":"BreadcrumbList","@id":"https:\/\/www.klb-koetztal.de\/en\/produkt\/klb-system-polyurethan-pu-817-flex\/#breadcrumb","itemListElement":[{"@type":"ListItem","position":1,"name":"Startseite","item":"https:\/\/www.klb-koetztal.de\/en\/"},{"@type":"ListItem","position":2,"name":"KLB-SYSTEM POLYURETHAN PU 817 Flex"}]},{"@type":"WebSite","@id":"https:\/\/www.klb-koetztal.de\/en\/#website","url":"https:\/\/www.klb-koetztal.de\/en\/","name":"KLB K\u00f6tztal","description":"Gute B\u00f6den haben ein System.","potentialAction":[{"@type":"SearchAction","target":{"@type":"EntryPoint","urlTemplate":"https:\/\/www.klb-koetztal.de\/en\/?s={search_term_string}"},"query-input":{"@type":"PropertyValueSpecification","valueRequired":true,"valueName":"search_term_string"}}],"inLanguage":"en-GB"}]}},"_links":{"self":[{"href":"https:\/\/www.klb-koetztal.de\/en\/wp-json\/wp\/v2\/product\/66177","targetHints":{"allow":["GET"]}}],"collection":[{"href":"https:\/\/www.klb-koetztal.de\/en\/wp-json\/wp\/v2\/product"}],"about":[{"href":"https:\/\/www.klb-koetztal.de\/en\/wp-json\/wp\/v2\/types\/product"}],"wp:featuredmedia":[{"embeddable":true,"href":"https:\/\/www.klb-koetztal.de\/en\/wp-json\/wp\/v2\/media\/66179"}],"wp:attachment":[{"href":"https:\/\/www.klb-koetztal.de\/en\/wp-json\/wp\/v2\/media?parent=66177"}],"wp:term":[{"taxonomy":"product_brand","embeddable":true,"href":"https:\/\/www.klb-koetztal.de\/en\/wp-json\/wp\/v2\/product_brand?post=66177"},{"taxonomy":"product_cat","embeddable":true,"href":"https:\/\/www.klb-koetztal.de\/en\/wp-json\/wp\/v2\/product_cat?post=66177"},{"taxonomy":"product_tag","embeddable":true,"href":"https:\/\/www.klb-koetztal.de\/en\/wp-json\/wp\/v2\/product_tag?post=66177"}],"curies":[{"name":"wp","href":"https:\/\/api.w.org\/{rel}","templated":true}]}}