{"id":63440,"date":"2024-10-15T14:02:40","date_gmt":"2024-10-15T12:02:40","guid":{"rendered":"https:\/\/www.klb-koetztal.de\/produkt\/parkhaus-oberflaechenschutzsystem-klb-system-polymer-ec-5610\/"},"modified":"2026-04-01T12:10:21","modified_gmt":"2026-04-01T10:10:21","slug":"parkhaus-oberflaechenschutzsystem-klb-system-polymer-ec-5610","status":"publish","type":"product","link":"https:\/\/www.klb-koetztal.de\/en\/produkt\/parkhaus-oberflaechenschutzsystem-klb-system-polymer-ec-5610\/","title":{"rendered":"PARKHAUS-Oberfl\u00e4chenschutzsystem KLB-SYSTEM POLYMER EC 5610 +"},"content":{"rendered":"","protected":false},"excerpt":{"rendered":"<p>KLB-SYSTEM POLYMER EC 5610 + is an elastified, statically and dynamically crack-bridging 2-component wall coating, which can be used as&#160;surface protection system OS 5b based on the TR maintenance directive.&#160;<br \/>\nIts flexibility at cold temperatures ensures reliable protection of the concrete building against&#160;the penetration of harmful substances and de-icing salt&#160;on surfaces in underground parking garages or multi-storey car parks that are not accessible for vehicle or pedestrian traffic.<\/p>\n","protected":false},"featured_media":63445,"template":"","meta":{"_acf_changed":false},"product_brand":[],"product_cat":[9609,9639],"product_tag":[],"class_list":{"0":"post-63440","1":"product","2":"type-product","3":"status-publish","4":"has-post-thumbnail","6":"product_cat-coatings","7":"product_cat-car-park-coatings-including-rapid-setting","9":"first","10":"instock","11":"shipping-taxable","12":"product-type-simple"},"acf":{"product_header":{"module_product_header":{"":null,"prototype_headline":{"headline":"PARKHAUS-Oberfl\u00e4chenschutzsystem KLB-SYSTEM POLYMER EC 5610 +","h1":true,"subheadline":"Crack-bridging, polymer-modified 2-component coating to be used as surface protection system OS 5b","anchor":"","url":""},"grid_text_slider":false,"grid_text_content":[{"text":"<p class=\"product-short-title\" style=\"text-align: center;\"><strong>Brief description<\/strong><\/p>\n<p><strong>KLB-SYSTEM POLYMER EC 5610 +<\/strong> is an elastified, statically and dynamically crack-bridging 2-component wall coating, which can be used as&#160;surface protection system OS 5b based on the TR maintenance directive.&#160;<\/p>\n<p>Its flexibility at cold temperatures ensures reliable protection of the concrete building against&#160;the penetration of harmful substances and de-icing salt&#160;on surfaces in underground parking garages or multi-storey car parks that are not accessible for vehicle or pedestrian traffic.<\/p>\n","width":"4","background_color_text":"bg-white","border_color":"border-gray-light"},{"text":"<p class=\"product-sicing-title\" style=\"text-align: center;\"><strong>Packaging units<\/strong><\/p>\n<ul>\n<li>AK7204-00 &#8211; Combo packaging 30.00 kg<\/li>\n<\/ul>\n<p><\/p>\n<p>Please do not hesitate to contact us directly for enquiries about larger delivery quantities or packaging units.<\/p>\n\n","width":"4","background_color_text":"bg-white","border_color":"border-gray-light"},{"text":"<p class=\"product-attr-title\" style=\"text-align: center;\"><strong>Properties<\/strong><\/p>\n<ul>\n<li>crack-bridging<\/li>\n<li>elastic<\/li>\n<li>moisture-blocking<\/li>\n<li>impervious to fluids<\/li>\n<li>increased durability to osmosis<\/li>\n<li>resistant to de-icing salt<\/li>\n<li>dust-reduced<\/li>\n<li>stable setting<\/li>\n<li>water vapour-permeable<\/li>\n<li>resistant to weather<\/li>\n<\/ul>\n","width":"4","background_color_text":"bg-white","border_color":"border-gray-light"}],"background_color":"bg-none","background_color_content":"bg-none"}},"downloads":{"module_download_list":{"inhalt":null,"downloads":[{"download":{"ID":63360,"id":63360,"title":"EC_5610_plus_PI_en_2024_09","filename":"EC_5610_plus_PI_en_2024_09.pdf","filesize":605905,"url":"https:\/\/www.klb-koetztal.de\/app\/uploads\/2024\/09\/EC_5610_plus_PI_en_2024_09.pdf","link":"https:\/\/www.klb-koetztal.de\/en\/?attachment_id=63360","alt":"","author":"7","description":"","caption":"","name":"ec_5610_plus_pi_en_2024_09-2","status":"inherit","uploaded_to":0,"date":"2024-09-26 07:10:18","modified":"2024-09-26 07:10:18","menu_order":0,"mime_type":"application\/pdf","type":"application","subtype":"pdf","icon":"https:\/\/www.klb-koetztal.de\/wp\/wp-includes\/images\/media\/document.png"},"filename":"Product Information","protected":false,"doclang":"GB","externalkey":"Produktinformation","docpos":"2"},{"download":{"ID":63363,"id":63363,"title":"EC_5610_plus_PI_fr_2024_09","filename":"EC_5610_plus_PI_fr_2024_09.pdf","filesize":614361,"url":"https:\/\/www.klb-koetztal.de\/app\/uploads\/2024\/09\/EC_5610_plus_PI_fr_2024_09.pdf","link":"https:\/\/www.klb-koetztal.de\/en\/?attachment_id=63363","alt":"","author":"7","description":"","caption":"","name":"ec_5610_plus_pi_fr_2024_09-2","status":"inherit","uploaded_to":0,"date":"2024-09-26 07:10:20","modified":"2024-09-26 07:10:20","menu_order":0,"mime_type":"application\/pdf","type":"application","subtype":"pdf","icon":"https:\/\/www.klb-koetztal.de\/wp\/wp-includes\/images\/media\/document.png"},"filename":"Information Produit FR","protected":false,"doclang":"FR","externalkey":"Produktinformation","docpos":"3"},{"download":{"ID":63305,"id":63305,"title":"EC5610_Grund_Umwelt-Deklaration_2024-09","filename":"EC5610_Grund_Umwelt-Deklaration_2024-09.pdf","filesize":3964702,"url":"https:\/\/www.klb-koetztal.de\/app\/uploads\/2024\/09\/EC5610_Grund_Umwelt-Deklaration_2024-09.pdf","link":"https:\/\/www.klb-koetztal.de\/en\/?attachment_id=63305","alt":"","author":"7","description":"","caption":"","name":"ec5610_grund_umwelt-deklaration_2024-09-2","status":"inherit","uploaded_to":0,"date":"2024-09-23 05:30:14","modified":"2024-09-23 05:30:14","menu_order":0,"mime_type":"application\/pdf","type":"application","subtype":"pdf","icon":"https:\/\/www.klb-koetztal.de\/wp\/wp-includes\/images\/media\/document.png"},"filename":"EPD - Environmental Product Declaration","protected":false,"doclang":"Multi","externalkey":"Umweltproduktdeklaration","docpos":"50"},{"download":false,"filename":"Safety data sheet","protected":true,"doclang":"GB","externalkey":"Sicherheitsdatenblatt","docpos":"2"},{"download":false,"filename":"Fiche de donn\u00e9es de s\u00e9curit\u00e9 FR","protected":true,"doclang":"FR","externalkey":"Sicherheitsdatenblatt","docpos":"3"}],"einstellungen":null,"background_color":"bg-none","background_color_content":"bg-none"}},"included_in_systems":{"module_included_in_systems":{"":null,"background_color":"bg-gray-medium","background_color_content":"bg-none"}},"contact":{"module_contact":{"":null,"background_color":"bg-none","background_color_content":"bg-none"}},"ausschreibende":{"module_ausschreibende":{"andern_sie_den_inhalt_unter_universelle_elemente":null,"background_color":"bg-none","background_color_content":"bg-none"}}},"yoast_head":"<!-- This site is optimized with the Yoast SEO plugin v27.0 - https:\/\/yoast.com\/product\/yoast-seo-wordpress\/ -->\n<title>EC 5610 + 2-component coating for OS 5b wall systems |KLB K\u00f6tztal<\/title>\n<meta name=\"description\" content=\"Crack-bridging 2-component coating EC 5610 + as surface protection system OS 5b on concrete, reinforced concrete \u2714\ufe0f wall covering, car park, underground parking\" \/>\n<meta name=\"robots\" content=\"noindex, follow, max-snippet:-1, max-image-preview:large, max-video-preview:-1\" \/>\n<meta property=\"og:locale\" content=\"en_GB\" \/>\n<meta property=\"og:type\" content=\"article\" \/>\n<meta property=\"og:title\" content=\"EC 5610 + 2-component coating for OS 5b wall systems |KLB K\u00f6tztal\" \/>\n<meta property=\"og:description\" content=\"Crack-bridging 2-component coating EC 5610 + as surface protection system OS 5b on concrete, reinforced concrete \u2714\ufe0f wall covering, car park, underground parking\" \/>\n<meta property=\"og:url\" content=\"https:\/\/www.klb-koetztal.de\/en\/produkt\/parkhaus-oberflaechenschutzsystem-klb-system-polymer-ec-5610\/\" \/>\n<meta property=\"og:site_name\" content=\"KLB K\u00f6tztal\" \/>\n<meta property=\"article:publisher\" content=\"https:\/\/www.facebook.com\/klbkoetztal\" \/>\n<meta property=\"article:modified_time\" content=\"2026-04-01T10:10:21+00:00\" \/>\n<meta property=\"og:image\" content=\"https:\/\/www.klb-koetztal.de\/app\/uploads\/2024\/10\/EC_5610_plus_OS5b_KLB_40kg_Gebinde.jpg\" \/>\n\t<meta property=\"og:image:width\" content=\"600\" \/>\n\t<meta property=\"og:image:height\" content=\"600\" \/>\n\t<meta property=\"og:image:type\" content=\"image\/jpeg\" \/>\n<meta name=\"twitter:card\" content=\"summary_large_image\" \/>\n<script type=\"application\/ld+json\" class=\"yoast-schema-graph\">{\"@context\":\"https:\/\/schema.org\",\"@graph\":[{\"@type\":\"WebPage\",\"@id\":\"https:\/\/www.klb-koetztal.de\/en\/produkt\/parkhaus-oberflaechenschutzsystem-klb-system-polymer-ec-5610\/\",\"url\":\"https:\/\/www.klb-koetztal.de\/en\/produkt\/parkhaus-oberflaechenschutzsystem-klb-system-polymer-ec-5610\/\",\"name\":\"EC 5610 + 2-component coating for OS 5b wall systems |KLB K\u00f6tztal\",\"isPartOf\":{\"@id\":\"https:\/\/www.klb-koetztal.de\/en\/#website\"},\"primaryImageOfPage\":{\"@id\":\"https:\/\/www.klb-koetztal.de\/en\/produkt\/parkhaus-oberflaechenschutzsystem-klb-system-polymer-ec-5610\/#primaryimage\"},\"image\":{\"@id\":\"https:\/\/www.klb-koetztal.de\/en\/produkt\/parkhaus-oberflaechenschutzsystem-klb-system-polymer-ec-5610\/#primaryimage\"},\"thumbnailUrl\":\"https:\/\/www.klb-koetztal.de\/app\/uploads\/2024\/10\/EC_5610_plus_OS5b_KLB_40kg_Gebinde.jpg\",\"datePublished\":\"2024-10-15T12:02:40+00:00\",\"dateModified\":\"2026-04-01T10:10:21+00:00\",\"description\":\"Crack-bridging 2-component coating EC 5610 + as surface protection system OS 5b on concrete, reinforced concrete \u2714\ufe0f wall covering, car park, underground parking\",\"breadcrumb\":{\"@id\":\"https:\/\/www.klb-koetztal.de\/en\/produkt\/parkhaus-oberflaechenschutzsystem-klb-system-polymer-ec-5610\/#breadcrumb\"},\"inLanguage\":\"en-GB\",\"potentialAction\":[{\"@type\":\"ReadAction\",\"target\":[\"https:\/\/www.klb-koetztal.de\/en\/produkt\/parkhaus-oberflaechenschutzsystem-klb-system-polymer-ec-5610\/\"]}]},{\"@type\":\"ImageObject\",\"inLanguage\":\"en-GB\",\"@id\":\"https:\/\/www.klb-koetztal.de\/en\/produkt\/parkhaus-oberflaechenschutzsystem-klb-system-polymer-ec-5610\/#primaryimage\",\"url\":\"https:\/\/www.klb-koetztal.de\/app\/uploads\/2024\/10\/EC_5610_plus_OS5b_KLB_40kg_Gebinde.jpg\",\"contentUrl\":\"https:\/\/www.klb-koetztal.de\/app\/uploads\/2024\/10\/EC_5610_plus_OS5b_KLB_40kg_Gebinde.jpg\",\"width\":600,\"height\":600},{\"@type\":\"BreadcrumbList\",\"@id\":\"https:\/\/www.klb-koetztal.de\/en\/produkt\/parkhaus-oberflaechenschutzsystem-klb-system-polymer-ec-5610\/#breadcrumb\",\"itemListElement\":[{\"@type\":\"ListItem\",\"position\":1,\"name\":\"Startseite\",\"item\":\"https:\/\/www.klb-koetztal.de\/en\/\"},{\"@type\":\"ListItem\",\"position\":2,\"name\":\"PARKHAUS-Oberfl\u00e4chenschutzsystem KLB-SYSTEM POLYMER EC 5610 +\"}]},{\"@type\":\"WebSite\",\"@id\":\"https:\/\/www.klb-koetztal.de\/en\/#website\",\"url\":\"https:\/\/www.klb-koetztal.de\/en\/\",\"name\":\"KLB K\u00f6tztal\",\"description\":\"Gute B\u00f6den haben ein System.\",\"potentialAction\":[{\"@type\":\"SearchAction\",\"target\":{\"@type\":\"EntryPoint\",\"urlTemplate\":\"https:\/\/www.klb-koetztal.de\/en\/?s={search_term_string}\"},\"query-input\":{\"@type\":\"PropertyValueSpecification\",\"valueRequired\":true,\"valueName\":\"search_term_string\"}}],\"inLanguage\":\"en-GB\"}]}<\/script>\n<!-- \/ Yoast SEO plugin. -->","yoast_head_json":{"title":"EC 5610 + 2-component coating for OS 5b wall systems |KLB K\u00f6tztal","description":"Crack-bridging 2-component coating EC 5610 + as surface protection system OS 5b on concrete, reinforced concrete \u2714\ufe0f wall covering, car park, underground parking","robots":{"index":"noindex","follow":"follow","max-snippet":"max-snippet:-1","max-image-preview":"max-image-preview:large","max-video-preview":"max-video-preview:-1"},"og_locale":"en_GB","og_type":"article","og_title":"EC 5610 + 2-component coating for OS 5b wall systems |KLB K\u00f6tztal","og_description":"Crack-bridging 2-component coating EC 5610 + as surface protection system OS 5b on concrete, reinforced concrete \u2714\ufe0f wall covering, car park, underground parking","og_url":"https:\/\/www.klb-koetztal.de\/en\/produkt\/parkhaus-oberflaechenschutzsystem-klb-system-polymer-ec-5610\/","og_site_name":"KLB K\u00f6tztal","article_publisher":"https:\/\/www.facebook.com\/klbkoetztal","article_modified_time":"2026-04-01T10:10:21+00:00","og_image":[{"width":600,"height":600,"url":"https:\/\/www.klb-koetztal.de\/app\/uploads\/2024\/10\/EC_5610_plus_OS5b_KLB_40kg_Gebinde.jpg","type":"image\/jpeg"}],"twitter_card":"summary_large_image","schema":{"@context":"https:\/\/schema.org","@graph":[{"@type":"WebPage","@id":"https:\/\/www.klb-koetztal.de\/en\/produkt\/parkhaus-oberflaechenschutzsystem-klb-system-polymer-ec-5610\/","url":"https:\/\/www.klb-koetztal.de\/en\/produkt\/parkhaus-oberflaechenschutzsystem-klb-system-polymer-ec-5610\/","name":"EC 5610 + 2-component coating for OS 5b wall systems |KLB K\u00f6tztal","isPartOf":{"@id":"https:\/\/www.klb-koetztal.de\/en\/#website"},"primaryImageOfPage":{"@id":"https:\/\/www.klb-koetztal.de\/en\/produkt\/parkhaus-oberflaechenschutzsystem-klb-system-polymer-ec-5610\/#primaryimage"},"image":{"@id":"https:\/\/www.klb-koetztal.de\/en\/produkt\/parkhaus-oberflaechenschutzsystem-klb-system-polymer-ec-5610\/#primaryimage"},"thumbnailUrl":"https:\/\/www.klb-koetztal.de\/app\/uploads\/2024\/10\/EC_5610_plus_OS5b_KLB_40kg_Gebinde.jpg","datePublished":"2024-10-15T12:02:40+00:00","dateModified":"2026-04-01T10:10:21+00:00","description":"Crack-bridging 2-component coating EC 5610 + as surface protection system OS 5b on concrete, reinforced concrete \u2714\ufe0f wall covering, car park, underground parking","breadcrumb":{"@id":"https:\/\/www.klb-koetztal.de\/en\/produkt\/parkhaus-oberflaechenschutzsystem-klb-system-polymer-ec-5610\/#breadcrumb"},"inLanguage":"en-GB","potentialAction":[{"@type":"ReadAction","target":["https:\/\/www.klb-koetztal.de\/en\/produkt\/parkhaus-oberflaechenschutzsystem-klb-system-polymer-ec-5610\/"]}]},{"@type":"ImageObject","inLanguage":"en-GB","@id":"https:\/\/www.klb-koetztal.de\/en\/produkt\/parkhaus-oberflaechenschutzsystem-klb-system-polymer-ec-5610\/#primaryimage","url":"https:\/\/www.klb-koetztal.de\/app\/uploads\/2024\/10\/EC_5610_plus_OS5b_KLB_40kg_Gebinde.jpg","contentUrl":"https:\/\/www.klb-koetztal.de\/app\/uploads\/2024\/10\/EC_5610_plus_OS5b_KLB_40kg_Gebinde.jpg","width":600,"height":600},{"@type":"BreadcrumbList","@id":"https:\/\/www.klb-koetztal.de\/en\/produkt\/parkhaus-oberflaechenschutzsystem-klb-system-polymer-ec-5610\/#breadcrumb","itemListElement":[{"@type":"ListItem","position":1,"name":"Startseite","item":"https:\/\/www.klb-koetztal.de\/en\/"},{"@type":"ListItem","position":2,"name":"PARKHAUS-Oberfl\u00e4chenschutzsystem KLB-SYSTEM POLYMER EC 5610 +"}]},{"@type":"WebSite","@id":"https:\/\/www.klb-koetztal.de\/en\/#website","url":"https:\/\/www.klb-koetztal.de\/en\/","name":"KLB K\u00f6tztal","description":"Gute B\u00f6den haben ein System.","potentialAction":[{"@type":"SearchAction","target":{"@type":"EntryPoint","urlTemplate":"https:\/\/www.klb-koetztal.de\/en\/?s={search_term_string}"},"query-input":{"@type":"PropertyValueSpecification","valueRequired":true,"valueName":"search_term_string"}}],"inLanguage":"en-GB"}]}},"_links":{"self":[{"href":"https:\/\/www.klb-koetztal.de\/en\/wp-json\/wp\/v2\/product\/63440","targetHints":{"allow":["GET"]}}],"collection":[{"href":"https:\/\/www.klb-koetztal.de\/en\/wp-json\/wp\/v2\/product"}],"about":[{"href":"https:\/\/www.klb-koetztal.de\/en\/wp-json\/wp\/v2\/types\/product"}],"wp:featuredmedia":[{"embeddable":true,"href":"https:\/\/www.klb-koetztal.de\/en\/wp-json\/wp\/v2\/media\/63445"}],"wp:attachment":[{"href":"https:\/\/www.klb-koetztal.de\/en\/wp-json\/wp\/v2\/media?parent=63440"}],"wp:term":[{"taxonomy":"product_brand","embeddable":true,"href":"https:\/\/www.klb-koetztal.de\/en\/wp-json\/wp\/v2\/product_brand?post=63440"},{"taxonomy":"product_cat","embeddable":true,"href":"https:\/\/www.klb-koetztal.de\/en\/wp-json\/wp\/v2\/product_cat?post=63440"},{"taxonomy":"product_tag","embeddable":true,"href":"https:\/\/www.klb-koetztal.de\/en\/wp-json\/wp\/v2\/product_tag?post=63440"}],"curies":[{"name":"wp","href":"https:\/\/api.w.org\/{rel}","templated":true}]}}