{"id":60812,"date":"2024-03-25T10:50:21","date_gmt":"2024-03-25T09:50:21","guid":{"rendered":"https:\/\/www.klb-koetztal.de\/produkt\/klb-system-polyurethan-pu-62-elasticmastik\/"},"modified":"2026-04-01T12:07:59","modified_gmt":"2026-04-01T10:07:59","slug":"klb-system-polyurethan-pu-62-elasticmastik","status":"publish","type":"product","link":"https:\/\/www.klb-koetztal.de\/en\/produkt\/klb-system-polyurethan-pu-62-elasticmastik\/","title":{"rendered":"KLB-SYSTEM POLYURETHAN PU 62 Elasticmastik"},"content":{"rendered":"","protected":false},"excerpt":{"rendered":"<p>Paste-like, elastic, low-VOC 2-component polyurethane compound for&#160;producing concave or triangular covings, but also for filling break-outs, damage spots or holes. With a stable and flexible consistency; easy to spread or apply for easy reprofiling and repair works&#160;as well as for deformable covings. Cures shrinkage-free. Can be pulled down to zero. For rigid covings, please use EP 82 Fugenmastik.<\/p>\n","protected":false},"featured_media":66480,"template":"","meta":{"_acf_changed":false},"product_brand":[],"product_cat":[9605,9651,9645],"product_tag":[],"class_list":{"0":"post-60812","1":"product","2":"type-product","3":"status-publish","4":"has-post-thumbnail","6":"product_cat-ready-mixed-mortar-coving-resins-renovation-injection-and-joint-resins","7":"product_cat-coving-resins","8":"product_cat-joint-resins","10":"first","11":"instock","12":"shipping-taxable","13":"product-type-simple"},"acf":{"product_header":{"module_product_header":{"":null,"prototype_headline":{"headline":"KLB-SYSTEM POLYURETHAN PU 62 Elasticmastik","h1":true,"subheadline":"Paste-like, mouldable&#160;2-component polyurethane compound for producing viscoplastic concave or triangular covings, but also for filling joints, break-outs, damage spots and holes, or for levelling layers. Solvent-free.&#160;Ready-to-use compound with a stable consistency, that is flexible, paste-like and easy to spread or model.&#160;\nCan be pulled down to zero, cures to be largely shrink-free and deformable.","anchor":"","url":""},"grid_text_slider":false,"grid_text_content":[{"text":"<p class=\"product-short-title\" style=\"text-align: center;\"><strong>Brief description<\/strong><\/p>\n<p><font color=\"#505050\">P<\/font>aste-like, elastic, low-VOC 2-component polyurethane compound for&#160;producing concave or triangular covings, but also for filling break-outs, damage spots or holes. With a stable and flexible consistency; easy to spread or apply for easy reprofiling and repair works&#160;as well as for deformable covings. Cures shrinkage-free. Can be pulled down to zero. For rigid covings, please use EP 82 Fugenmastik.<\/p>\n","width":"4","background_color_text":"bg-white","border_color":"border-gray-light"},{"text":"<p class=\"product-sicing-title\" style=\"text-align: center;\"><strong>Packaging units<\/strong><\/p>\n<ul>\n<li>AK6211-16 &#8211; Bucket combo 16.00 kg<\/li>\n<\/ul>\n<p><\/p>\n<p>Please do not hesitate to contact us directly for enquiries about larger delivery quantities or packaging units.<\/p>\n\n","width":"4","background_color_text":"bg-white","border_color":"border-gray-light"},{"text":"<p class=\"product-attr-title\" style=\"text-align: center;\"><strong>Properties<\/strong><\/p>\n<ul>\n<li>tested, low-emission quality<\/li>\n<li>EMICODE\u00ae EC 1PLUS certified<\/li>\n<li>compliant with AgBB and suitable for recreation rooms<\/li>\n<li>viscoplastic<\/li>\n<li>can be pulled to 0 mm<\/li>\n<li>stable setting<\/li>\n<li>easy application<\/li>\n<li>good interlayer adhesion<\/li>\n<li>rapid-setting<\/li>\n<li>very economical<\/li>\n<\/ul>\n","width":"4","background_color_text":"bg-white","border_color":"border-gray-light"}],"background_color":"bg-none","background_color_content":"bg-none"}},"downloads":{"module_download_list":{"inhalt":null,"downloads":[{"download":{"ID":66665,"id":66665,"title":"PU_62_Elasticmastik_PI_en_2025_07","filename":"PU_62_Elasticmastik_PI_en_2025_07.pdf","filesize":1583134,"url":"https:\/\/www.klb-koetztal.de\/app\/uploads\/2025\/07\/PU_62_Elasticmastik_PI_en_2025_07.pdf","link":"https:\/\/www.klb-koetztal.de\/en\/?attachment_id=66665","alt":"","author":"7","description":"","caption":"","name":"pu_62_elasticmastik_pi_en_2025_07-2","status":"inherit","uploaded_to":0,"date":"2025-07-29 13:30:18","modified":"2025-07-29 13:30:18","menu_order":0,"mime_type":"application\/pdf","type":"application","subtype":"pdf","icon":"https:\/\/www.klb-koetztal.de\/wp\/wp-includes\/images\/media\/document.png"},"filename":"Product Information","protected":false,"doclang":"GB","externalkey":"Produktinformation","docpos":"2"},{"download":{"ID":66668,"id":66668,"title":"PU_62_Elasticmastik_PI_fr_2025_07","filename":"PU_62_Elasticmastik_PI_fr_2025_07.pdf","filesize":1283921,"url":"https:\/\/www.klb-koetztal.de\/app\/uploads\/2025\/07\/PU_62_Elasticmastik_PI_fr_2025_07.pdf","link":"https:\/\/www.klb-koetztal.de\/en\/?attachment_id=66668","alt":"","author":"7","description":"","caption":"","name":"pu_62_elasticmastik_pi_fr_2025_07-2","status":"inherit","uploaded_to":0,"date":"2025-07-29 13:30:41","modified":"2025-07-29 13:30:41","menu_order":0,"mime_type":"application\/pdf","type":"application","subtype":"pdf","icon":"https:\/\/www.klb-koetztal.de\/wp\/wp-includes\/images\/media\/document.png"},"filename":"Information Produit FR","protected":false,"doclang":"FR","externalkey":"Produktinformation","docpos":"3"},{"download":{"ID":59264,"id":59264,"title":"PU62_Elasticmastik_Umwelt-Deklaration_2023-06","filename":"PU62_Elasticmastik_Umwelt-Deklaration_2023-06.pdf","filesize":2566693,"url":"https:\/\/www.klb-koetztal.de\/app\/uploads\/2023\/12\/PU62_Elasticmastik_Umwelt-Deklaration_2023-06.pdf","link":"https:\/\/www.klb-koetztal.de\/en\/?attachment_id=59264","alt":"","author":"7","description":"","caption":"","name":"pu62_elasticmastik_umwelt-deklaration_2023-06-2","status":"inherit","uploaded_to":0,"date":"2023-12-15 09:11:00","modified":"2023-12-15 09:11:00","menu_order":0,"mime_type":"application\/pdf","type":"application","subtype":"pdf","icon":"https:\/\/www.klb-koetztal.de\/wp\/wp-includes\/images\/media\/document.png"},"filename":"EPD - Environmental Product Declaration","protected":false,"doclang":"Multi","externalkey":"Umweltproduktdeklaration","docpos":"50"},{"download":false,"filename":"Fiche de donn\u00e9es de s\u00e9curit\u00e9 FR","protected":true,"doclang":"FR","externalkey":"Sicherheitsdatenblatt","docpos":"3"},{"download":false,"filename":"Safety data sheet","protected":true,"doclang":"GB","externalkey":"Sicherheitsdatenblatt","docpos":"2"}],"einstellungen":null,"background_color":"bg-none","background_color_content":"bg-none"}},"included_in_systems":{"module_included_in_systems":{"":null,"background_color":"bg-gray-medium","background_color_content":"bg-none"}},"contact":{"module_contact":{"":null,"background_color":"bg-none","background_color_content":"bg-none"}},"ausschreibende":{"module_ausschreibende":{"andern_sie_den_inhalt_unter_universelle_elemente":null,"background_color":"bg-none","background_color_content":"bg-none"}}},"yoast_head":"<!-- This site is optimized with the Yoast SEO plugin v27.0 - https:\/\/yoast.com\/product\/yoast-seo-wordpress\/ -->\n<title>Elastic, paste-like coving compound PU 62 Elasticmastik | KLB<\/title>\n<meta name=\"description\" content=\"Elastic, paste-like, ready-to-use, low-VOC 2-component PU compound for producing mouldable concave covings and for repair works \u2714\ufe0f low-shrink hardening\" \/>\n<meta name=\"robots\" content=\"noindex, follow, max-snippet:-1, max-image-preview:large, max-video-preview:-1\" \/>\n<meta property=\"og:locale\" content=\"en_GB\" \/>\n<meta property=\"og:type\" content=\"article\" \/>\n<meta property=\"og:title\" content=\"Elastic, paste-like coving compound PU 62 Elasticmastik | KLB\" \/>\n<meta property=\"og:description\" content=\"Elastic, paste-like, ready-to-use, low-VOC 2-component PU compound for producing mouldable concave covings and for repair works \u2714\ufe0f low-shrink hardening\" \/>\n<meta property=\"og:url\" content=\"https:\/\/www.klb-koetztal.de\/en\/produkt\/klb-system-polyurethan-pu-62-elasticmastik\/\" \/>\n<meta property=\"og:site_name\" content=\"KLB K\u00f6tztal\" \/>\n<meta property=\"article:publisher\" content=\"https:\/\/www.facebook.com\/klbkoetztal\" \/>\n<meta property=\"article:modified_time\" content=\"2026-04-01T10:07:59+00:00\" \/>\n<meta property=\"og:image\" content=\"https:\/\/www.klb-koetztal.de\/app\/uploads\/2025\/07\/PU_62_Elasticmastik_KLB_600px_web.jpg\" \/>\n\t<meta property=\"og:image:width\" content=\"600\" \/>\n\t<meta property=\"og:image:height\" content=\"600\" \/>\n\t<meta property=\"og:image:type\" content=\"image\/jpeg\" \/>\n<meta name=\"twitter:card\" content=\"summary_large_image\" \/>\n<script type=\"application\/ld+json\" class=\"yoast-schema-graph\">{\"@context\":\"https:\/\/schema.org\",\"@graph\":[{\"@type\":\"WebPage\",\"@id\":\"https:\/\/www.klb-koetztal.de\/en\/produkt\/klb-system-polyurethan-pu-62-elasticmastik\/\",\"url\":\"https:\/\/www.klb-koetztal.de\/en\/produkt\/klb-system-polyurethan-pu-62-elasticmastik\/\",\"name\":\"Elastic, paste-like coving compound PU 62 Elasticmastik | KLB\",\"isPartOf\":{\"@id\":\"https:\/\/www.klb-koetztal.de\/en\/#website\"},\"primaryImageOfPage\":{\"@id\":\"https:\/\/www.klb-koetztal.de\/en\/produkt\/klb-system-polyurethan-pu-62-elasticmastik\/#primaryimage\"},\"image\":{\"@id\":\"https:\/\/www.klb-koetztal.de\/en\/produkt\/klb-system-polyurethan-pu-62-elasticmastik\/#primaryimage\"},\"thumbnailUrl\":\"https:\/\/www.klb-koetztal.de\/app\/uploads\/2025\/07\/PU_62_Elasticmastik_KLB_600px_web.jpg\",\"datePublished\":\"2024-03-25T09:50:21+00:00\",\"dateModified\":\"2026-04-01T10:07:59+00:00\",\"description\":\"Elastic, paste-like, ready-to-use, low-VOC 2-component PU compound for producing mouldable concave covings and for repair works \u2714\ufe0f low-shrink hardening\",\"breadcrumb\":{\"@id\":\"https:\/\/www.klb-koetztal.de\/en\/produkt\/klb-system-polyurethan-pu-62-elasticmastik\/#breadcrumb\"},\"inLanguage\":\"en-GB\",\"potentialAction\":[{\"@type\":\"ReadAction\",\"target\":[\"https:\/\/www.klb-koetztal.de\/en\/produkt\/klb-system-polyurethan-pu-62-elasticmastik\/\"]}]},{\"@type\":\"ImageObject\",\"inLanguage\":\"en-GB\",\"@id\":\"https:\/\/www.klb-koetztal.de\/en\/produkt\/klb-system-polyurethan-pu-62-elasticmastik\/#primaryimage\",\"url\":\"https:\/\/www.klb-koetztal.de\/app\/uploads\/2025\/07\/PU_62_Elasticmastik_KLB_600px_web.jpg\",\"contentUrl\":\"https:\/\/www.klb-koetztal.de\/app\/uploads\/2025\/07\/PU_62_Elasticmastik_KLB_600px_web.jpg\",\"width\":600,\"height\":600},{\"@type\":\"BreadcrumbList\",\"@id\":\"https:\/\/www.klb-koetztal.de\/en\/produkt\/klb-system-polyurethan-pu-62-elasticmastik\/#breadcrumb\",\"itemListElement\":[{\"@type\":\"ListItem\",\"position\":1,\"name\":\"Startseite\",\"item\":\"https:\/\/www.klb-koetztal.de\/en\/\"},{\"@type\":\"ListItem\",\"position\":2,\"name\":\"KLB-SYSTEM POLYURETHAN PU 62 Elasticmastik\"}]},{\"@type\":\"WebSite\",\"@id\":\"https:\/\/www.klb-koetztal.de\/en\/#website\",\"url\":\"https:\/\/www.klb-koetztal.de\/en\/\",\"name\":\"KLB K\u00f6tztal\",\"description\":\"Gute B\u00f6den haben ein System.\",\"potentialAction\":[{\"@type\":\"SearchAction\",\"target\":{\"@type\":\"EntryPoint\",\"urlTemplate\":\"https:\/\/www.klb-koetztal.de\/en\/?s={search_term_string}\"},\"query-input\":{\"@type\":\"PropertyValueSpecification\",\"valueRequired\":true,\"valueName\":\"search_term_string\"}}],\"inLanguage\":\"en-GB\"}]}<\/script>\n<!-- \/ Yoast SEO plugin. -->","yoast_head_json":{"title":"Elastic, paste-like coving compound PU 62 Elasticmastik | KLB","description":"Elastic, paste-like, ready-to-use, low-VOC 2-component PU compound for producing mouldable concave covings and for repair works \u2714\ufe0f low-shrink hardening","robots":{"index":"noindex","follow":"follow","max-snippet":"max-snippet:-1","max-image-preview":"max-image-preview:large","max-video-preview":"max-video-preview:-1"},"og_locale":"en_GB","og_type":"article","og_title":"Elastic, paste-like coving compound PU 62 Elasticmastik | KLB","og_description":"Elastic, paste-like, ready-to-use, low-VOC 2-component PU compound for producing mouldable concave covings and for repair works \u2714\ufe0f low-shrink hardening","og_url":"https:\/\/www.klb-koetztal.de\/en\/produkt\/klb-system-polyurethan-pu-62-elasticmastik\/","og_site_name":"KLB K\u00f6tztal","article_publisher":"https:\/\/www.facebook.com\/klbkoetztal","article_modified_time":"2026-04-01T10:07:59+00:00","og_image":[{"width":600,"height":600,"url":"https:\/\/www.klb-koetztal.de\/app\/uploads\/2025\/07\/PU_62_Elasticmastik_KLB_600px_web.jpg","type":"image\/jpeg"}],"twitter_card":"summary_large_image","schema":{"@context":"https:\/\/schema.org","@graph":[{"@type":"WebPage","@id":"https:\/\/www.klb-koetztal.de\/en\/produkt\/klb-system-polyurethan-pu-62-elasticmastik\/","url":"https:\/\/www.klb-koetztal.de\/en\/produkt\/klb-system-polyurethan-pu-62-elasticmastik\/","name":"Elastic, paste-like coving compound PU 62 Elasticmastik | KLB","isPartOf":{"@id":"https:\/\/www.klb-koetztal.de\/en\/#website"},"primaryImageOfPage":{"@id":"https:\/\/www.klb-koetztal.de\/en\/produkt\/klb-system-polyurethan-pu-62-elasticmastik\/#primaryimage"},"image":{"@id":"https:\/\/www.klb-koetztal.de\/en\/produkt\/klb-system-polyurethan-pu-62-elasticmastik\/#primaryimage"},"thumbnailUrl":"https:\/\/www.klb-koetztal.de\/app\/uploads\/2025\/07\/PU_62_Elasticmastik_KLB_600px_web.jpg","datePublished":"2024-03-25T09:50:21+00:00","dateModified":"2026-04-01T10:07:59+00:00","description":"Elastic, paste-like, ready-to-use, low-VOC 2-component PU compound for producing mouldable concave covings and for repair works \u2714\ufe0f low-shrink hardening","breadcrumb":{"@id":"https:\/\/www.klb-koetztal.de\/en\/produkt\/klb-system-polyurethan-pu-62-elasticmastik\/#breadcrumb"},"inLanguage":"en-GB","potentialAction":[{"@type":"ReadAction","target":["https:\/\/www.klb-koetztal.de\/en\/produkt\/klb-system-polyurethan-pu-62-elasticmastik\/"]}]},{"@type":"ImageObject","inLanguage":"en-GB","@id":"https:\/\/www.klb-koetztal.de\/en\/produkt\/klb-system-polyurethan-pu-62-elasticmastik\/#primaryimage","url":"https:\/\/www.klb-koetztal.de\/app\/uploads\/2025\/07\/PU_62_Elasticmastik_KLB_600px_web.jpg","contentUrl":"https:\/\/www.klb-koetztal.de\/app\/uploads\/2025\/07\/PU_62_Elasticmastik_KLB_600px_web.jpg","width":600,"height":600},{"@type":"BreadcrumbList","@id":"https:\/\/www.klb-koetztal.de\/en\/produkt\/klb-system-polyurethan-pu-62-elasticmastik\/#breadcrumb","itemListElement":[{"@type":"ListItem","position":1,"name":"Startseite","item":"https:\/\/www.klb-koetztal.de\/en\/"},{"@type":"ListItem","position":2,"name":"KLB-SYSTEM POLYURETHAN PU 62 Elasticmastik"}]},{"@type":"WebSite","@id":"https:\/\/www.klb-koetztal.de\/en\/#website","url":"https:\/\/www.klb-koetztal.de\/en\/","name":"KLB K\u00f6tztal","description":"Gute B\u00f6den haben ein System.","potentialAction":[{"@type":"SearchAction","target":{"@type":"EntryPoint","urlTemplate":"https:\/\/www.klb-koetztal.de\/en\/?s={search_term_string}"},"query-input":{"@type":"PropertyValueSpecification","valueRequired":true,"valueName":"search_term_string"}}],"inLanguage":"en-GB"}]}},"_links":{"self":[{"href":"https:\/\/www.klb-koetztal.de\/en\/wp-json\/wp\/v2\/product\/60812","targetHints":{"allow":["GET"]}}],"collection":[{"href":"https:\/\/www.klb-koetztal.de\/en\/wp-json\/wp\/v2\/product"}],"about":[{"href":"https:\/\/www.klb-koetztal.de\/en\/wp-json\/wp\/v2\/types\/product"}],"wp:featuredmedia":[{"embeddable":true,"href":"https:\/\/www.klb-koetztal.de\/en\/wp-json\/wp\/v2\/media\/66480"}],"wp:attachment":[{"href":"https:\/\/www.klb-koetztal.de\/en\/wp-json\/wp\/v2\/media?parent=60812"}],"wp:term":[{"taxonomy":"product_brand","embeddable":true,"href":"https:\/\/www.klb-koetztal.de\/en\/wp-json\/wp\/v2\/product_brand?post=60812"},{"taxonomy":"product_cat","embeddable":true,"href":"https:\/\/www.klb-koetztal.de\/en\/wp-json\/wp\/v2\/product_cat?post=60812"},{"taxonomy":"product_tag","embeddable":true,"href":"https:\/\/www.klb-koetztal.de\/en\/wp-json\/wp\/v2\/product_tag?post=60812"}],"curies":[{"name":"wp","href":"https:\/\/api.w.org\/{rel}","templated":true}]}}