{"id":60369,"date":"2024-03-05T08:25:32","date_gmt":"2024-03-05T07:25:32","guid":{"rendered":"https:\/\/www.klb-koetztal.de\/produkt\/klb-system-epoxid-ep-179\/"},"modified":"2026-04-01T12:03:30","modified_gmt":"2026-04-01T10:03:30","slug":"klb-system-epoxid-ep-179","status":"publish","type":"product","link":"https:\/\/www.klb-koetztal.de\/en\/produkt\/klb-system-epoxid-ep-179\/","title":{"rendered":"KLB-SYSTEM EPOXID EP 179"},"content":{"rendered":"","protected":false},"excerpt":{"rendered":"<p>Thixotropic and non-pigmented 2-component epoxy resin for producing&#160;stable mortars and to obtain pore-less concave or triangular&#160;covings made of natural and coloured sands.<br \/>\nA consistent quality of mortar and texture&#160;allows a rapid installation. The resin has a low inherent colour&#160;and is formulated to&#160;show very little yellowing.<\/p>\n","protected":false},"featured_media":50567,"template":"","meta":{"_acf_changed":false},"product_brand":[],"product_cat":[9605,9651,9615],"product_tag":[],"class_list":{"0":"post-60369","1":"product","2":"type-product","3":"status-publish","4":"has-post-thumbnail","6":"product_cat-ready-mixed-mortar-coving-resins-renovation-injection-and-joint-resins","7":"product_cat-coving-resins","8":"product_cat-decor-binding-agent-top-sealer-pore-filling","10":"first","11":"instock","12":"shipping-taxable","13":"product-type-simple"},"acf":{"product_header":{"module_product_header":{"":null,"prototype_headline":{"headline":"KLB-SYSTEM EPOXID EP 179","h1":true,"subheadline":"Thixotropic 2-component epoxy resin for concave covings with&#160;coloured and natural sand","anchor":"","url":""},"grid_text_slider":false,"grid_text_content":[{"text":"<p class=\"product-short-title\" style=\"text-align: center;\"><strong>Brief description<\/strong><\/p>\n<p>Thixotropic and non-pigmented 2-component epoxy resin for producing&#160;stable mortars and to obtain pore-less concave or triangular&#160;covings made of natural and coloured sands.<\/p>\n<p>A consistent quality of mortar and texture&#160;allows a rapid installation. The resin has a low inherent colour&#160;and is formulated to&#160;show very little yellowing.<\/p>\n","width":"4","background_color_text":"bg-white","border_color":"border-gray-light"},{"text":"<p class=\"product-sicing-title\" style=\"text-align: center;\"><strong>Packaging units<\/strong><\/p>\n<ul><\/ul>\n<p><\/p>\n<p>Please do not hesitate to contact us directly for enquiries about larger delivery quantities or packaging units.<\/p>\n\n","width":"4","background_color_text":"bg-white","border_color":"border-gray-light"},{"text":"<p class=\"product-attr-title\" style=\"text-align: center;\"><strong>Properties<\/strong><\/p>\n<ul>\n<li>Total Solid according to GISCODE (Test method &#8220;Deutsche Bauchemie&#8221;)<\/li>\n<li>stable setting<\/li>\n<li>evenly sealed pores<\/li>\n<li>mechanically resistant<\/li>\n<li>suitable for wet areas<\/li>\n<li>high chemical resistance<\/li>\n<li>very economical<\/li>\n<\/ul>\n","width":"4","background_color_text":"bg-white","border_color":"border-gray-light"}],"background_color":"bg-none","background_color_content":"bg-none"}},"downloads":{"module_download_list":{"inhalt":null,"downloads":[{"download":{"ID":54944,"id":54944,"title":"EP_179_PI_en_2023_02","filename":"EP_179_PI_en_2023_02.pdf","filesize":290677,"url":"https:\/\/www.klb-koetztal.de\/app\/uploads\/2023\/02\/EP_179_PI_en_2023_02.pdf","link":"https:\/\/www.klb-koetztal.de\/en\/?attachment_id=54944","alt":"","author":"7","description":"","caption":"","name":"ep_179_pi_en_2023_02-2","status":"inherit","uploaded_to":0,"date":"2023-02-17 11:10:12","modified":"2023-02-17 11:10:12","menu_order":0,"mime_type":"application\/pdf","type":"application","subtype":"pdf","icon":"https:\/\/www.klb-koetztal.de\/wp\/wp-includes\/images\/media\/document.png"},"filename":"Product Information","protected":false,"doclang":"GB","externalkey":"Produktinformation","docpos":"2"},{"download":{"ID":54947,"id":54947,"title":"EP_179_PI_fr_2023_02","filename":"EP_179_PI_fr_2023_02.pdf","filesize":296223,"url":"https:\/\/www.klb-koetztal.de\/app\/uploads\/2023\/02\/EP_179_PI_fr_2023_02.pdf","link":"https:\/\/www.klb-koetztal.de\/en\/?attachment_id=54947","alt":"","author":"7","description":"","caption":"","name":"ep_179_pi_fr_2023_02-2","status":"inherit","uploaded_to":0,"date":"2023-02-17 11:10:13","modified":"2023-02-17 11:10:13","menu_order":0,"mime_type":"application\/pdf","type":"application","subtype":"pdf","icon":"https:\/\/www.klb-koetztal.de\/wp\/wp-includes\/images\/media\/document.png"},"filename":"Information Produit FR","protected":false,"doclang":"FR","externalkey":"Produktinformation","docpos":"3"},{"download":{"ID":50568,"id":50568,"title":"Leistungserkl\u00e4rung - Statement of performance","filename":"EP179_LE_2013-04.pdf","filesize":170925,"url":"https:\/\/www.klb-koetztal.de\/app\/uploads\/2022\/03\/EP179_LE_2013-04.pdf","link":"https:\/\/www.klb-koetztal.de\/en\/?attachment_id=50568","alt":"","author":"7","description":"","caption":"","name":"ep179_le_2013-04","status":"inherit","uploaded_to":0,"date":"2022-03-15 12:16:37","modified":"2026-04-01 10:03:39","menu_order":0,"mime_type":"application\/pdf","type":"application","subtype":"pdf","icon":"https:\/\/www.klb-koetztal.de\/wp\/wp-includes\/images\/media\/document.png"},"filename":"Statement of performance - Leistungserkl\u00e4rung","protected":false,"doclang":"Multi","externalkey":"Leistungserklaerung","docpos":"50"},{"download":{"ID":51947,"id":51947,"title":"EP179_Umwelt-Deklaration_2022-08","filename":"EP179_Umwelt-Deklaration_2022-08.pdf","filesize":2902231,"url":"https:\/\/www.klb-koetztal.de\/app\/uploads\/2022\/09\/EP179_Umwelt-Deklaration_2022-08.pdf","link":"https:\/\/www.klb-koetztal.de\/en\/?attachment_id=51947","alt":"","author":"7","description":"","caption":"","name":"ep179_umwelt-deklaration_2022-08-2","status":"inherit","uploaded_to":0,"date":"2022-09-01 09:05:39","modified":"2022-09-01 09:05:39","menu_order":0,"mime_type":"application\/pdf","type":"application","subtype":"pdf","icon":"https:\/\/www.klb-koetztal.de\/wp\/wp-includes\/images\/media\/document.png"},"filename":"EPD - Environmental Product Declaration","protected":false,"doclang":"Multi","externalkey":"Umweltproduktdeklaration","docpos":"50"},{"download":false,"filename":"Fiche de donn\u00e9es de s\u00e9curit\u00e9 FR","protected":true,"doclang":"FR","externalkey":"Sicherheitsdatenblatt","docpos":"3"},{"download":false,"filename":"Safety data sheet","protected":true,"doclang":"GB","externalkey":"Sicherheitsdatenblatt","docpos":"2"}],"einstellungen":null,"background_color":"bg-none","background_color_content":"bg-none"}},"included_in_systems":{"module_included_in_systems":{"":null,"background_color":"bg-gray-medium","background_color_content":"bg-none"}},"contact":{"module_contact":{"":null,"background_color":"bg-none","background_color_content":"bg-none"}},"ausschreibende":{"module_ausschreibende":{"andern_sie_den_inhalt_unter_universelle_elemente":null,"background_color":"bg-none","background_color_content":"bg-none"}}},"yoast_head":"<!-- This site is optimized with the Yoast SEO plugin v27.0 - https:\/\/yoast.com\/product\/yoast-seo-wordpress\/ -->\n<title>Stable 2-component concave coving epoxy resin EP 179 | KLB<\/title>\n<meta name=\"description\" content=\"Thixotropic, non-pigmented, slightly yellowing epoxy resin EP 179 | KLB coverings \u2714\ufe0f concave or triangular covings of coloured\/natural sand with closed pores\" \/>\n<meta name=\"robots\" content=\"noindex, follow, max-snippet:-1, max-image-preview:large, max-video-preview:-1\" \/>\n<meta property=\"og:locale\" content=\"en_GB\" \/>\n<meta property=\"og:type\" content=\"article\" \/>\n<meta property=\"og:title\" content=\"Stable 2-component concave coving epoxy resin EP 179 | KLB\" \/>\n<meta property=\"og:description\" content=\"Thixotropic, non-pigmented, slightly yellowing epoxy resin EP 179 | KLB coverings \u2714\ufe0f concave or triangular covings of coloured\/natural sand with closed pores\" \/>\n<meta property=\"og:url\" content=\"https:\/\/www.klb-koetztal.de\/en\/produkt\/klb-system-epoxid-ep-179\/\" \/>\n<meta property=\"og:site_name\" content=\"KLB K\u00f6tztal\" \/>\n<meta property=\"article:publisher\" content=\"https:\/\/www.facebook.com\/klbkoetztal\" \/>\n<meta property=\"article:modified_time\" content=\"2026-04-01T10:03:30+00:00\" \/>\n<meta property=\"og:image\" content=\"https:\/\/www.klb-koetztal.de\/app\/uploads\/2022\/03\/EP179.jpg\" \/>\n\t<meta property=\"og:image:width\" content=\"500\" \/>\n\t<meta property=\"og:image:height\" content=\"500\" \/>\n\t<meta property=\"og:image:type\" content=\"image\/jpeg\" \/>\n<meta name=\"twitter:card\" content=\"summary_large_image\" \/>\n<script type=\"application\/ld+json\" class=\"yoast-schema-graph\">{\"@context\":\"https:\/\/schema.org\",\"@graph\":[{\"@type\":\"WebPage\",\"@id\":\"https:\/\/www.klb-koetztal.de\/en\/produkt\/klb-system-epoxid-ep-179\/\",\"url\":\"https:\/\/www.klb-koetztal.de\/en\/produkt\/klb-system-epoxid-ep-179\/\",\"name\":\"Stable 2-component concave coving epoxy resin EP 179 | KLB\",\"isPartOf\":{\"@id\":\"https:\/\/www.klb-koetztal.de\/en\/#website\"},\"primaryImageOfPage\":{\"@id\":\"https:\/\/www.klb-koetztal.de\/en\/produkt\/klb-system-epoxid-ep-179\/#primaryimage\"},\"image\":{\"@id\":\"https:\/\/www.klb-koetztal.de\/en\/produkt\/klb-system-epoxid-ep-179\/#primaryimage\"},\"thumbnailUrl\":\"https:\/\/www.klb-koetztal.de\/app\/uploads\/2022\/03\/EP179.jpg\",\"datePublished\":\"2024-03-05T07:25:32+00:00\",\"dateModified\":\"2026-04-01T10:03:30+00:00\",\"description\":\"Thixotropic, non-pigmented, slightly yellowing epoxy resin EP 179 | KLB coverings \u2714\ufe0f concave or triangular covings of coloured\/natural sand with closed pores\",\"breadcrumb\":{\"@id\":\"https:\/\/www.klb-koetztal.de\/en\/produkt\/klb-system-epoxid-ep-179\/#breadcrumb\"},\"inLanguage\":\"en-GB\",\"potentialAction\":[{\"@type\":\"ReadAction\",\"target\":[\"https:\/\/www.klb-koetztal.de\/en\/produkt\/klb-system-epoxid-ep-179\/\"]}]},{\"@type\":\"ImageObject\",\"inLanguage\":\"en-GB\",\"@id\":\"https:\/\/www.klb-koetztal.de\/en\/produkt\/klb-system-epoxid-ep-179\/#primaryimage\",\"url\":\"https:\/\/www.klb-koetztal.de\/app\/uploads\/2022\/03\/EP179.jpg\",\"contentUrl\":\"https:\/\/www.klb-koetztal.de\/app\/uploads\/2022\/03\/EP179.jpg\",\"width\":500,\"height\":500},{\"@type\":\"BreadcrumbList\",\"@id\":\"https:\/\/www.klb-koetztal.de\/en\/produkt\/klb-system-epoxid-ep-179\/#breadcrumb\",\"itemListElement\":[{\"@type\":\"ListItem\",\"position\":1,\"name\":\"Startseite\",\"item\":\"https:\/\/www.klb-koetztal.de\/en\/\"},{\"@type\":\"ListItem\",\"position\":2,\"name\":\"KLB-SYSTEM EPOXID EP 179\"}]},{\"@type\":\"WebSite\",\"@id\":\"https:\/\/www.klb-koetztal.de\/en\/#website\",\"url\":\"https:\/\/www.klb-koetztal.de\/en\/\",\"name\":\"KLB K\u00f6tztal\",\"description\":\"Gute B\u00f6den haben ein System.\",\"potentialAction\":[{\"@type\":\"SearchAction\",\"target\":{\"@type\":\"EntryPoint\",\"urlTemplate\":\"https:\/\/www.klb-koetztal.de\/en\/?s={search_term_string}\"},\"query-input\":{\"@type\":\"PropertyValueSpecification\",\"valueRequired\":true,\"valueName\":\"search_term_string\"}}],\"inLanguage\":\"en-GB\"}]}<\/script>\n<!-- \/ Yoast SEO plugin. -->","yoast_head_json":{"title":"Stable 2-component concave coving epoxy resin EP 179 | KLB","description":"Thixotropic, non-pigmented, slightly yellowing epoxy resin EP 179 | KLB coverings \u2714\ufe0f concave or triangular covings of coloured\/natural sand with closed pores","robots":{"index":"noindex","follow":"follow","max-snippet":"max-snippet:-1","max-image-preview":"max-image-preview:large","max-video-preview":"max-video-preview:-1"},"og_locale":"en_GB","og_type":"article","og_title":"Stable 2-component concave coving epoxy resin EP 179 | KLB","og_description":"Thixotropic, non-pigmented, slightly yellowing epoxy resin EP 179 | KLB coverings \u2714\ufe0f concave or triangular covings of coloured\/natural sand with closed pores","og_url":"https:\/\/www.klb-koetztal.de\/en\/produkt\/klb-system-epoxid-ep-179\/","og_site_name":"KLB K\u00f6tztal","article_publisher":"https:\/\/www.facebook.com\/klbkoetztal","article_modified_time":"2026-04-01T10:03:30+00:00","og_image":[{"width":500,"height":500,"url":"https:\/\/www.klb-koetztal.de\/app\/uploads\/2022\/03\/EP179.jpg","type":"image\/jpeg"}],"twitter_card":"summary_large_image","schema":{"@context":"https:\/\/schema.org","@graph":[{"@type":"WebPage","@id":"https:\/\/www.klb-koetztal.de\/en\/produkt\/klb-system-epoxid-ep-179\/","url":"https:\/\/www.klb-koetztal.de\/en\/produkt\/klb-system-epoxid-ep-179\/","name":"Stable 2-component concave coving epoxy resin EP 179 | KLB","isPartOf":{"@id":"https:\/\/www.klb-koetztal.de\/en\/#website"},"primaryImageOfPage":{"@id":"https:\/\/www.klb-koetztal.de\/en\/produkt\/klb-system-epoxid-ep-179\/#primaryimage"},"image":{"@id":"https:\/\/www.klb-koetztal.de\/en\/produkt\/klb-system-epoxid-ep-179\/#primaryimage"},"thumbnailUrl":"https:\/\/www.klb-koetztal.de\/app\/uploads\/2022\/03\/EP179.jpg","datePublished":"2024-03-05T07:25:32+00:00","dateModified":"2026-04-01T10:03:30+00:00","description":"Thixotropic, non-pigmented, slightly yellowing epoxy resin EP 179 | KLB coverings \u2714\ufe0f concave or triangular covings of coloured\/natural sand with closed pores","breadcrumb":{"@id":"https:\/\/www.klb-koetztal.de\/en\/produkt\/klb-system-epoxid-ep-179\/#breadcrumb"},"inLanguage":"en-GB","potentialAction":[{"@type":"ReadAction","target":["https:\/\/www.klb-koetztal.de\/en\/produkt\/klb-system-epoxid-ep-179\/"]}]},{"@type":"ImageObject","inLanguage":"en-GB","@id":"https:\/\/www.klb-koetztal.de\/en\/produkt\/klb-system-epoxid-ep-179\/#primaryimage","url":"https:\/\/www.klb-koetztal.de\/app\/uploads\/2022\/03\/EP179.jpg","contentUrl":"https:\/\/www.klb-koetztal.de\/app\/uploads\/2022\/03\/EP179.jpg","width":500,"height":500},{"@type":"BreadcrumbList","@id":"https:\/\/www.klb-koetztal.de\/en\/produkt\/klb-system-epoxid-ep-179\/#breadcrumb","itemListElement":[{"@type":"ListItem","position":1,"name":"Startseite","item":"https:\/\/www.klb-koetztal.de\/en\/"},{"@type":"ListItem","position":2,"name":"KLB-SYSTEM EPOXID EP 179"}]},{"@type":"WebSite","@id":"https:\/\/www.klb-koetztal.de\/en\/#website","url":"https:\/\/www.klb-koetztal.de\/en\/","name":"KLB K\u00f6tztal","description":"Gute B\u00f6den haben ein System.","potentialAction":[{"@type":"SearchAction","target":{"@type":"EntryPoint","urlTemplate":"https:\/\/www.klb-koetztal.de\/en\/?s={search_term_string}"},"query-input":{"@type":"PropertyValueSpecification","valueRequired":true,"valueName":"search_term_string"}}],"inLanguage":"en-GB"}]}},"_links":{"self":[{"href":"https:\/\/www.klb-koetztal.de\/en\/wp-json\/wp\/v2\/product\/60369","targetHints":{"allow":["GET"]}}],"collection":[{"href":"https:\/\/www.klb-koetztal.de\/en\/wp-json\/wp\/v2\/product"}],"about":[{"href":"https:\/\/www.klb-koetztal.de\/en\/wp-json\/wp\/v2\/types\/product"}],"wp:featuredmedia":[{"embeddable":true,"href":"https:\/\/www.klb-koetztal.de\/en\/wp-json\/wp\/v2\/media\/50567"}],"wp:attachment":[{"href":"https:\/\/www.klb-koetztal.de\/en\/wp-json\/wp\/v2\/media?parent=60369"}],"wp:term":[{"taxonomy":"product_brand","embeddable":true,"href":"https:\/\/www.klb-koetztal.de\/en\/wp-json\/wp\/v2\/product_brand?post=60369"},{"taxonomy":"product_cat","embeddable":true,"href":"https:\/\/www.klb-koetztal.de\/en\/wp-json\/wp\/v2\/product_cat?post=60369"},{"taxonomy":"product_tag","embeddable":true,"href":"https:\/\/www.klb-koetztal.de\/en\/wp-json\/wp\/v2\/product_tag?post=60369"}],"curies":[{"name":"wp","href":"https:\/\/api.w.org\/{rel}","templated":true}]}}