{"id":60358,"date":"2024-03-05T08:13:07","date_gmt":"2024-03-05T07:13:07","guid":{"rendered":"https:\/\/www.klb-koetztal.de\/produkt\/car-park-surface-protection-system-klb-system-epoxid-ep-5530\/"},"modified":"2026-04-01T12:05:27","modified_gmt":"2026-04-01T10:05:27","slug":"car-park-surface-protection-system-klb-system-epoxid-ep-5530","status":"publish","type":"product","link":"https:\/\/www.klb-koetztal.de\/en\/produkt\/car-park-surface-protection-system-klb-system-epoxid-ep-5530\/","title":{"rendered":"CAR PARK surface protection system KLB-SYSTEM EPOXID EP 5530"},"content":{"rendered":"","protected":false},"excerpt":{"rendered":"<p>Ready-to-use, tested 2-component epoxy resin primer for surface protection systems OS 8, OS 11 a\/b or OS 14 according to the DAfStb and TR maintenance directive. Suitable for normally absorbent concrete substrates.&#160;Tested against rear-side moisture ingress &#8211; 365 days.<\/p>\n","protected":false},"featured_media":49550,"template":"","meta":{"_acf_changed":false},"product_brand":[],"product_cat":[9607,9608,9609,9639],"product_tag":[],"class_list":{"0":"post-60358","1":"product","2":"type-product","3":"status-publish","4":"has-post-thumbnail","6":"product_cat-primers","7":"product_cat-2-component-epoxy-resin-primers","8":"product_cat-coatings","9":"product_cat-car-park-coatings-including-rapid-setting","11":"first","12":"instock","13":"shipping-taxable","14":"product-type-simple"},"acf":{"product_header":{"module_product_header":{"":null,"prototype_headline":{"headline":"CAR PARK surface protection system KLB-SYSTEM EPOXID EP 5530","h1":true,"subheadline":"Ready-to-use 2-component epoxy resin primer for epoxy and polyurethane resin coatings as well as for surface&#160;protection systems (OS 8, 11a\/b and OS 14) in accordance with DAfStb and TR maintenance directive","anchor":"","url":""},"grid_text_slider":false,"grid_text_content":[{"text":"<p class=\"product-short-title\" style=\"text-align: center;\"><strong>Brief description<\/strong><\/p>\n<p>Ready-to-use, tested 2-component epoxy resin primer for surface protection systems OS 8, OS 11 a\/b or OS 14 according to the DAfStb and TR maintenance directive. Suitable for normally absorbent concrete substrates.&#160;Tested against rear-side moisture ingress &#8211; 365 days.<\/p>\n","width":"4","background_color_text":"bg-white","border_color":"border-gray-light"},{"text":"<p class=\"product-sicing-title\" style=\"text-align: center;\"><strong>Packaging units<\/strong><\/p>\n<ul>\n<li>AK1333-51 &#8211; Bucket combo 12.00 kg<\/li>\n<li>AK1333-31 &#8211; Hobbock combo 30.00 kg<\/li>\n<li>AK1333-02 &#8211; Drum combo 1200.00 kg<\/li>\n<\/ul>\n<p><\/p>\n<p>Please do not hesitate to contact us directly for enquiries about larger delivery quantities or packaging units.<\/p>\n\n","width":"4","background_color_text":"bg-white","border_color":"border-gray-light"},{"text":"<p class=\"product-attr-title\" style=\"text-align: center;\"><strong>Properties<\/strong><\/p>\n<ul>\n<li>ready-to-use<\/li>\n<li>rapid-setting<\/li>\n<li>quickly reworkable<\/li>\n<li>good interlayer adhesion<\/li>\n<li>Total Solid according to GISCODE (Test method &#8220;Deutsche Bauchemie&#8221;)<\/li>\n<li>very economical<\/li>\n<\/ul>\n","width":"4","background_color_text":"bg-white","border_color":"border-gray-light"}],"background_color":"bg-none","background_color_content":"bg-none"}},"downloads":{"module_download_list":{"inhalt":null,"downloads":[{"download":{"ID":68164,"id":68164,"title":"EP_5530_PI_en_2025_11","filename":"EP_5530_PI_en_2025_11.pdf","filesize":1285084,"url":"https:\/\/www.klb-koetztal.de\/app\/uploads\/2025\/11\/EP_5530_PI_en_2025_11.pdf","link":"https:\/\/www.klb-koetztal.de\/en\/?attachment_id=68164","alt":"","author":"7","description":"","caption":"","name":"ep_5530_pi_en_2025_11-2","status":"inherit","uploaded_to":0,"date":"2025-11-28 07:20:48","modified":"2025-11-28 07:20:48","menu_order":0,"mime_type":"application\/pdf","type":"application","subtype":"pdf","icon":"https:\/\/www.klb-koetztal.de\/wp\/wp-includes\/images\/media\/document.png"},"filename":"Product Information","protected":false,"doclang":"GB","externalkey":"Produktinformation","docpos":"2"},{"download":{"ID":68167,"id":68167,"title":"EP_5530_PI_fr_2025_11","filename":"EP_5530_PI_fr_2025_11.pdf","filesize":1313346,"url":"https:\/\/www.klb-koetztal.de\/app\/uploads\/2025\/11\/EP_5530_PI_fr_2025_11.pdf","link":"https:\/\/www.klb-koetztal.de\/en\/?attachment_id=68167","alt":"","author":"7","description":"","caption":"","name":"ep_5530_pi_fr_2025_11-2","status":"inherit","uploaded_to":0,"date":"2025-11-28 07:20:50","modified":"2025-11-28 07:20:50","menu_order":0,"mime_type":"application\/pdf","type":"application","subtype":"pdf","icon":"https:\/\/www.klb-koetztal.de\/wp\/wp-includes\/images\/media\/document.png"},"filename":"Information Produit FR","protected":false,"doclang":"FR","externalkey":"Produktinformation","docpos":"3"},{"download":{"ID":67899,"id":67899,"title":"EP_5530_LE_en_2025_10","filename":"EP_5530_LE_en_2025_10.pdf","filesize":783649,"url":"https:\/\/www.klb-koetztal.de\/app\/uploads\/2025\/10\/EP_5530_LE_en_2025_10.pdf","link":"https:\/\/www.klb-koetztal.de\/en\/?attachment_id=67899","alt":"","author":"7","description":"","caption":"","name":"ep_5530_le_en_2025_10-2","status":"inherit","uploaded_to":0,"date":"2025-10-31 12:40:41","modified":"2025-10-31 12:40:41","menu_order":0,"mime_type":"application\/pdf","type":"application","subtype":"pdf","icon":"https:\/\/www.klb-koetztal.de\/wp\/wp-includes\/images\/media\/document.png"},"filename":"Statement of performance","protected":false,"doclang":"GB","externalkey":"Leistungserklaerung","docpos":"2"},{"download":{"ID":68034,"id":68034,"title":"EP_5530_LE_fr_2025_11","filename":"EP_5530_LE_fr_2025_11.pdf","filesize":682380,"url":"https:\/\/www.klb-koetztal.de\/app\/uploads\/2025\/11\/EP_5530_LE_fr_2025_11.pdf","link":"https:\/\/www.klb-koetztal.de\/en\/?attachment_id=68034","alt":"","author":"7","description":"","caption":"","name":"ep_5530_le_fr_2025_11-2","status":"inherit","uploaded_to":0,"date":"2025-11-04 13:42:05","modified":"2025-11-04 13:42:05","menu_order":0,"mime_type":"application\/pdf","type":"application","subtype":"pdf","icon":"https:\/\/www.klb-koetztal.de\/wp\/wp-includes\/images\/media\/document.png"},"filename":"Declaration of performance","protected":false,"doclang":"FR","externalkey":"Leistungserklaerung","docpos":"3"},{"download":{"ID":52067,"id":52067,"title":"EP5530_Umwelt-Deklaration_2022-08","filename":"EP5530_Umwelt-Deklaration_2022-08.pdf","filesize":4670082,"url":"https:\/\/www.klb-koetztal.de\/app\/uploads\/2022\/09\/EP5530_Umwelt-Deklaration_2022-08.pdf","link":"https:\/\/www.klb-koetztal.de\/en\/?attachment_id=52067","alt":"","author":"7","description":"","caption":"","name":"ep5530_umwelt-deklaration_2022-08-2","status":"inherit","uploaded_to":0,"date":"2022-09-01 11:40:43","modified":"2022-09-01 11:40:43","menu_order":0,"mime_type":"application\/pdf","type":"application","subtype":"pdf","icon":"https:\/\/www.klb-koetztal.de\/wp\/wp-includes\/images\/media\/document.png"},"filename":"EPD - Environmental Product Declaration","protected":false,"doclang":"Multi","externalkey":"Umweltproduktdeklaration","docpos":"50"},{"download":false,"filename":"Safety data sheet","protected":true,"doclang":"GB","externalkey":"Sicherheitsdatenblatt","docpos":"2"},{"download":false,"filename":"Fiche de donn\u00e9es de s\u00e9curit\u00e9 FR","protected":true,"doclang":"FR","externalkey":"Sicherheitsdatenblatt","docpos":"3"}],"einstellungen":null,"background_color":"bg-none","background_color_content":"bg-none"}},"included_in_systems":{"module_included_in_systems":{"":null,"background_color":"bg-gray-medium","background_color_content":"bg-none"}},"contact":{"module_contact":{"":null,"background_color":"bg-none","background_color_content":"bg-none"}},"ausschreibende":{"module_ausschreibende":{"andern_sie_den_inhalt_unter_universelle_elemente":null,"background_color":"bg-none","background_color_content":"bg-none"}}},"yoast_head":"<!-- This site is optimized with the Yoast SEO plugin v27.0 - https:\/\/yoast.com\/product\/yoast-seo-wordpress\/ -->\n<title>Ready-to-use 2-component epoxy primer EP 5530 | KLB K\u00f6tztal<\/title>\n<meta name=\"description\" content=\"Ready-to-use, shrinkage-free base coat EP 5530 for concrete substrates | KLB coatings \u2714\ufe0f for surface protection systems OS 8, OS 11a\/b and OS 14\" \/>\n<meta name=\"robots\" content=\"noindex, follow, max-snippet:-1, max-image-preview:large, max-video-preview:-1\" \/>\n<meta property=\"og:locale\" content=\"en_GB\" \/>\n<meta property=\"og:type\" content=\"article\" \/>\n<meta property=\"og:title\" content=\"Ready-to-use 2-component epoxy primer EP 5530 | KLB K\u00f6tztal\" \/>\n<meta property=\"og:description\" content=\"Ready-to-use, shrinkage-free base coat EP 5530 for concrete substrates | KLB coatings \u2714\ufe0f for surface protection systems OS 8, OS 11a\/b and OS 14\" \/>\n<meta property=\"og:url\" content=\"https:\/\/www.klb-koetztal.de\/en\/produkt\/car-park-surface-protection-system-klb-system-epoxid-ep-5530\/\" \/>\n<meta property=\"og:site_name\" content=\"KLB K\u00f6tztal\" \/>\n<meta property=\"article:publisher\" content=\"https:\/\/www.facebook.com\/klbkoetztal\" \/>\n<meta property=\"article:modified_time\" content=\"2026-04-01T10:05:27+00:00\" \/>\n<meta property=\"og:image\" content=\"https:\/\/www.klb-koetztal.de\/app\/uploads\/2022\/03\/EP5530.jpg\" \/>\n\t<meta property=\"og:image:width\" content=\"500\" \/>\n\t<meta property=\"og:image:height\" content=\"500\" \/>\n\t<meta property=\"og:image:type\" content=\"image\/jpeg\" \/>\n<meta name=\"twitter:card\" content=\"summary_large_image\" \/>\n<script type=\"application\/ld+json\" class=\"yoast-schema-graph\">{\"@context\":\"https:\/\/schema.org\",\"@graph\":[{\"@type\":\"WebPage\",\"@id\":\"https:\/\/www.klb-koetztal.de\/en\/produkt\/car-park-surface-protection-system-klb-system-epoxid-ep-5530\/\",\"url\":\"https:\/\/www.klb-koetztal.de\/en\/produkt\/car-park-surface-protection-system-klb-system-epoxid-ep-5530\/\",\"name\":\"Ready-to-use 2-component epoxy primer EP 5530 | KLB K\u00f6tztal\",\"isPartOf\":{\"@id\":\"https:\/\/www.klb-koetztal.de\/en\/#website\"},\"primaryImageOfPage\":{\"@id\":\"https:\/\/www.klb-koetztal.de\/en\/produkt\/car-park-surface-protection-system-klb-system-epoxid-ep-5530\/#primaryimage\"},\"image\":{\"@id\":\"https:\/\/www.klb-koetztal.de\/en\/produkt\/car-park-surface-protection-system-klb-system-epoxid-ep-5530\/#primaryimage\"},\"thumbnailUrl\":\"https:\/\/www.klb-koetztal.de\/app\/uploads\/2022\/03\/EP5530.jpg\",\"datePublished\":\"2024-03-05T07:13:07+00:00\",\"dateModified\":\"2026-04-01T10:05:27+00:00\",\"description\":\"Ready-to-use, shrinkage-free base coat EP 5530 for concrete substrates | KLB coatings \u2714\ufe0f for surface protection systems OS 8, OS 11a\/b and OS 14\",\"breadcrumb\":{\"@id\":\"https:\/\/www.klb-koetztal.de\/en\/produkt\/car-park-surface-protection-system-klb-system-epoxid-ep-5530\/#breadcrumb\"},\"inLanguage\":\"en-GB\",\"potentialAction\":[{\"@type\":\"ReadAction\",\"target\":[\"https:\/\/www.klb-koetztal.de\/en\/produkt\/car-park-surface-protection-system-klb-system-epoxid-ep-5530\/\"]}]},{\"@type\":\"ImageObject\",\"inLanguage\":\"en-GB\",\"@id\":\"https:\/\/www.klb-koetztal.de\/en\/produkt\/car-park-surface-protection-system-klb-system-epoxid-ep-5530\/#primaryimage\",\"url\":\"https:\/\/www.klb-koetztal.de\/app\/uploads\/2022\/03\/EP5530.jpg\",\"contentUrl\":\"https:\/\/www.klb-koetztal.de\/app\/uploads\/2022\/03\/EP5530.jpg\",\"width\":500,\"height\":500},{\"@type\":\"BreadcrumbList\",\"@id\":\"https:\/\/www.klb-koetztal.de\/en\/produkt\/car-park-surface-protection-system-klb-system-epoxid-ep-5530\/#breadcrumb\",\"itemListElement\":[{\"@type\":\"ListItem\",\"position\":1,\"name\":\"Startseite\",\"item\":\"https:\/\/www.klb-koetztal.de\/en\/\"},{\"@type\":\"ListItem\",\"position\":2,\"name\":\"CAR PARK surface protection system KLB-SYSTEM EPOXID EP 5530\"}]},{\"@type\":\"WebSite\",\"@id\":\"https:\/\/www.klb-koetztal.de\/en\/#website\",\"url\":\"https:\/\/www.klb-koetztal.de\/en\/\",\"name\":\"KLB K\u00f6tztal\",\"description\":\"Gute B\u00f6den haben ein System.\",\"potentialAction\":[{\"@type\":\"SearchAction\",\"target\":{\"@type\":\"EntryPoint\",\"urlTemplate\":\"https:\/\/www.klb-koetztal.de\/en\/?s={search_term_string}\"},\"query-input\":{\"@type\":\"PropertyValueSpecification\",\"valueRequired\":true,\"valueName\":\"search_term_string\"}}],\"inLanguage\":\"en-GB\"}]}<\/script>\n<!-- \/ Yoast SEO plugin. -->","yoast_head_json":{"title":"Ready-to-use 2-component epoxy primer EP 5530 | KLB K\u00f6tztal","description":"Ready-to-use, shrinkage-free base coat EP 5530 for concrete substrates | KLB coatings \u2714\ufe0f for surface protection systems OS 8, OS 11a\/b and OS 14","robots":{"index":"noindex","follow":"follow","max-snippet":"max-snippet:-1","max-image-preview":"max-image-preview:large","max-video-preview":"max-video-preview:-1"},"og_locale":"en_GB","og_type":"article","og_title":"Ready-to-use 2-component epoxy primer EP 5530 | KLB K\u00f6tztal","og_description":"Ready-to-use, shrinkage-free base coat EP 5530 for concrete substrates | KLB coatings \u2714\ufe0f for surface protection systems OS 8, OS 11a\/b and OS 14","og_url":"https:\/\/www.klb-koetztal.de\/en\/produkt\/car-park-surface-protection-system-klb-system-epoxid-ep-5530\/","og_site_name":"KLB K\u00f6tztal","article_publisher":"https:\/\/www.facebook.com\/klbkoetztal","article_modified_time":"2026-04-01T10:05:27+00:00","og_image":[{"width":500,"height":500,"url":"https:\/\/www.klb-koetztal.de\/app\/uploads\/2022\/03\/EP5530.jpg","type":"image\/jpeg"}],"twitter_card":"summary_large_image","schema":{"@context":"https:\/\/schema.org","@graph":[{"@type":"WebPage","@id":"https:\/\/www.klb-koetztal.de\/en\/produkt\/car-park-surface-protection-system-klb-system-epoxid-ep-5530\/","url":"https:\/\/www.klb-koetztal.de\/en\/produkt\/car-park-surface-protection-system-klb-system-epoxid-ep-5530\/","name":"Ready-to-use 2-component epoxy primer EP 5530 | KLB K\u00f6tztal","isPartOf":{"@id":"https:\/\/www.klb-koetztal.de\/en\/#website"},"primaryImageOfPage":{"@id":"https:\/\/www.klb-koetztal.de\/en\/produkt\/car-park-surface-protection-system-klb-system-epoxid-ep-5530\/#primaryimage"},"image":{"@id":"https:\/\/www.klb-koetztal.de\/en\/produkt\/car-park-surface-protection-system-klb-system-epoxid-ep-5530\/#primaryimage"},"thumbnailUrl":"https:\/\/www.klb-koetztal.de\/app\/uploads\/2022\/03\/EP5530.jpg","datePublished":"2024-03-05T07:13:07+00:00","dateModified":"2026-04-01T10:05:27+00:00","description":"Ready-to-use, shrinkage-free base coat EP 5530 for concrete substrates | KLB coatings \u2714\ufe0f for surface protection systems OS 8, OS 11a\/b and OS 14","breadcrumb":{"@id":"https:\/\/www.klb-koetztal.de\/en\/produkt\/car-park-surface-protection-system-klb-system-epoxid-ep-5530\/#breadcrumb"},"inLanguage":"en-GB","potentialAction":[{"@type":"ReadAction","target":["https:\/\/www.klb-koetztal.de\/en\/produkt\/car-park-surface-protection-system-klb-system-epoxid-ep-5530\/"]}]},{"@type":"ImageObject","inLanguage":"en-GB","@id":"https:\/\/www.klb-koetztal.de\/en\/produkt\/car-park-surface-protection-system-klb-system-epoxid-ep-5530\/#primaryimage","url":"https:\/\/www.klb-koetztal.de\/app\/uploads\/2022\/03\/EP5530.jpg","contentUrl":"https:\/\/www.klb-koetztal.de\/app\/uploads\/2022\/03\/EP5530.jpg","width":500,"height":500},{"@type":"BreadcrumbList","@id":"https:\/\/www.klb-koetztal.de\/en\/produkt\/car-park-surface-protection-system-klb-system-epoxid-ep-5530\/#breadcrumb","itemListElement":[{"@type":"ListItem","position":1,"name":"Startseite","item":"https:\/\/www.klb-koetztal.de\/en\/"},{"@type":"ListItem","position":2,"name":"CAR PARK surface protection system KLB-SYSTEM EPOXID EP 5530"}]},{"@type":"WebSite","@id":"https:\/\/www.klb-koetztal.de\/en\/#website","url":"https:\/\/www.klb-koetztal.de\/en\/","name":"KLB K\u00f6tztal","description":"Gute B\u00f6den haben ein System.","potentialAction":[{"@type":"SearchAction","target":{"@type":"EntryPoint","urlTemplate":"https:\/\/www.klb-koetztal.de\/en\/?s={search_term_string}"},"query-input":{"@type":"PropertyValueSpecification","valueRequired":true,"valueName":"search_term_string"}}],"inLanguage":"en-GB"}]}},"_links":{"self":[{"href":"https:\/\/www.klb-koetztal.de\/en\/wp-json\/wp\/v2\/product\/60358","targetHints":{"allow":["GET"]}}],"collection":[{"href":"https:\/\/www.klb-koetztal.de\/en\/wp-json\/wp\/v2\/product"}],"about":[{"href":"https:\/\/www.klb-koetztal.de\/en\/wp-json\/wp\/v2\/types\/product"}],"wp:featuredmedia":[{"embeddable":true,"href":"https:\/\/www.klb-koetztal.de\/en\/wp-json\/wp\/v2\/media\/49550"}],"wp:attachment":[{"href":"https:\/\/www.klb-koetztal.de\/en\/wp-json\/wp\/v2\/media?parent=60358"}],"wp:term":[{"taxonomy":"product_brand","embeddable":true,"href":"https:\/\/www.klb-koetztal.de\/en\/wp-json\/wp\/v2\/product_brand?post=60358"},{"taxonomy":"product_cat","embeddable":true,"href":"https:\/\/www.klb-koetztal.de\/en\/wp-json\/wp\/v2\/product_cat?post=60358"},{"taxonomy":"product_tag","embeddable":true,"href":"https:\/\/www.klb-koetztal.de\/en\/wp-json\/wp\/v2\/product_tag?post=60358"}],"curies":[{"name":"wp","href":"https:\/\/api.w.org\/{rel}","templated":true}]}}