{"id":59874,"date":"2024-02-01T11:30:04","date_gmt":"2024-02-01T10:30:04","guid":{"rendered":"https:\/\/www.klb-koetztal.de\/produkt\/chemoresin-pu-beton-4094-kat\/"},"modified":"2026-04-01T12:36:34","modified_gmt":"2026-04-01T10:36:34","slug":"chemoresin-pu-beton-4094-kat","status":"publish","type":"product","link":"https:\/\/www.klb-koetztal.de\/en\/produkt\/chemoresin-pu-beton-4094-kat\/","title":{"rendered":"CHEMORESIN PU-BETON 4094 KAT"},"content":{"rendered":"","protected":false},"excerpt":{"rendered":"<p>CHEMORESIN PU-BETON 4094 KAT is a reaction accelerator for accelerating&#160;PU-BETON primers, coverings and top sealants. By adding it, the curing reaction can be accelerated for faster reworking and time until usability; however, the processing time is also reduced.<br \/>\nPlease adhere to the dosage indications in the product information.<\/p>\n","protected":false},"featured_media":59876,"template":"","meta":{"_acf_changed":false},"product_brand":[],"product_cat":[10393,8674,9609,9644],"product_tag":[],"class_list":{"0":"post-59874","1":"product","2":"type-product","3":"status-publish","4":"has-post-thumbnail","6":"product_cat-chemoresin_pu-concrete-coatings-primers-top-seal-chemoresin-2","7":"product_cat-chemoresin-2","8":"product_cat-coatings","9":"product_cat-pu-concrete-coatings-primers-top-seal","11":"first","12":"instock","13":"shipping-taxable","14":"product-type-simple"},"acf":{"product_header":{"module_product_header":{"":null,"prototype_headline":{"headline":"CHEMORESIN PU-BETON 4094 KAT","h1":true,"subheadline":"Additive for accelerating the hardening time and accessability of CHEMORESIN PU-BETON coverings","anchor":"","url":""},"grid_text_slider":false,"grid_text_content":[{"text":"<p class=\"product-short-title\" style=\"text-align: center;\"><strong>Brief description<\/strong><\/p>\n<p><strong>CHEMORESIN PU-BETON 4094 KAT <\/strong>is a reaction accelerator for accelerating&#160;PU-BETON primers, coverings and top sealants. By adding it, the curing reaction can be accelerated for faster reworking and time until usability; however, the processing time is also reduced.<\/p>\n<p>Please adhere to the dosage indications in the product information.<\/p>\n","width":"4","background_color_text":"bg-white","border_color":"border-gray-light"},{"text":"<p class=\"product-sicing-title\" style=\"text-align: center;\"><strong>Packaging units<\/strong><\/p>\n<ul>\n<li>PU6182-70 &#8211; Canister 5.00 kg<\/li>\n<\/ul>\n<p><\/p>\n<p>Please do not hesitate to contact us directly for enquiries about larger delivery quantities or packaging units.<\/p>\n\n","width":"4","background_color_text":"bg-white","border_color":"border-gray-light"},{"text":"<p class=\"product-attr-title\" style=\"text-align: center;\"><strong>Properties<\/strong><\/p>\n<ul>\n<li>time-saving<\/li>\n<li>one-component<\/li>\n<li>short curing times<\/li>\n<li>PU-Beton system component<\/li>\n<\/ul>\n","width":"4","background_color_text":"bg-white","border_color":"border-gray-light"}],"background_color":"bg-none","background_color_content":"bg-none"}},"downloads":{"module_download_list":{"inhalt":null,"downloads":[{"download":{"ID":68814,"id":68814,"title":"CHEMORESIN_PU-BETON_4094_KAT_PI_en_2026_02","filename":"CHEMORESIN_PU-BETON_4094_KAT_PI_en_2026_02.pdf","filesize":453720,"url":"https:\/\/www.klb-koetztal.de\/app\/uploads\/2026\/02\/CHEMORESIN_PU-BETON_4094_KAT_PI_en_2026_02.pdf","link":"https:\/\/www.klb-koetztal.de\/en\/?attachment_id=68814","alt":"","author":"7","description":"","caption":"","name":"chemoresin_pu-beton_4094_kat_pi_en_2026_02-2","status":"inherit","uploaded_to":0,"date":"2026-02-24 08:00:44","modified":"2026-02-24 08:00:44","menu_order":0,"mime_type":"application\/pdf","type":"application","subtype":"pdf","icon":"https:\/\/www.klb-koetztal.de\/wp\/wp-includes\/images\/media\/document.png"},"filename":"Product information","protected":false,"doclang":"GB","externalkey":"Produktinformation","docpos":"2"},{"download":{"ID":68817,"id":68817,"title":"CHEMORESIN_PU-BETON_4094_KAT_PI_fr_2026_02","filename":"CHEMORESIN_PU-BETON_4094_KAT_PI_fr_2026_02.pdf","filesize":455001,"url":"https:\/\/www.klb-koetztal.de\/app\/uploads\/2026\/02\/CHEMORESIN_PU-BETON_4094_KAT_PI_fr_2026_02.pdf","link":"https:\/\/www.klb-koetztal.de\/en\/?attachment_id=68817","alt":"","author":"7","description":"","caption":"","name":"chemoresin_pu-beton_4094_kat_pi_fr_2026_02-2","status":"inherit","uploaded_to":0,"date":"2026-02-24 08:00:46","modified":"2026-02-24 08:00:46","menu_order":0,"mime_type":"application\/pdf","type":"application","subtype":"pdf","icon":"https:\/\/www.klb-koetztal.de\/wp\/wp-includes\/images\/media\/document.png"},"filename":"Information produit","protected":false,"doclang":"FR","externalkey":"Produktinformation","docpos":"3"},{"download":false,"filename":"Safety data sheet","protected":true,"doclang":"GB","externalkey":"Sicherheitsdatenblatt","docpos":"2"},{"download":false,"filename":"Fiche de donn\u00e9es de s\u00e9curit\u00e9 FR","protected":true,"doclang":"FR","externalkey":"Sicherheitsdatenblatt","docpos":"3"},{"download":false,"filename":"Fiche de donn\u00e9es de s\u00e9curit\u00e9 FR","protected":true,"doclang":"FR","externalkey":"Sicherheitsdatenblatt","docpos":"3"}],"einstellungen":null,"background_color":"bg-none","background_color_content":"bg-none"}},"included_in_systems":{"module_included_in_systems":{"":null,"background_color":"bg-gray-medium","background_color_content":"bg-none"}},"contact":{"module_contact":{"":null,"background_color":"bg-none","background_color_content":"bg-none"}},"ausschreibende":{"module_ausschreibende":{"andern_sie_den_inhalt_unter_universelle_elemente":null,"background_color":"bg-none","background_color_content":"bg-none"}}},"yoast_head":"<!-- This site is optimized with the Yoast SEO plugin v27.0 - https:\/\/yoast.com\/product\/yoast-seo-wordpress\/ -->\n<title>Accelerator for PU-BETON KAT 4094 | CHEMORESIN KLB<\/title>\n<meta name=\"description\" content=\"Accelerator for faster hardening of CHEMORESIN PU-BETON coverings with reduced installation times even at lower temperatures \u2714\ufe0f catalyst\" \/>\n<meta name=\"robots\" content=\"noindex, follow, max-snippet:-1, max-image-preview:large, max-video-preview:-1\" \/>\n<meta property=\"og:locale\" content=\"en_GB\" \/>\n<meta property=\"og:type\" content=\"article\" \/>\n<meta property=\"og:title\" content=\"Accelerator for PU-BETON KAT 4094 | CHEMORESIN KLB\" \/>\n<meta property=\"og:description\" content=\"Accelerator for faster hardening of CHEMORESIN PU-BETON coverings with reduced installation times even at lower temperatures \u2714\ufe0f catalyst\" \/>\n<meta property=\"og:url\" content=\"https:\/\/www.klb-koetztal.de\/en\/produkt\/chemoresin-pu-beton-4094-kat\/\" \/>\n<meta property=\"og:site_name\" content=\"KLB K\u00f6tztal\" \/>\n<meta property=\"article:publisher\" content=\"https:\/\/www.facebook.com\/klbkoetztal\" \/>\n<meta property=\"article:modified_time\" content=\"2026-04-01T10:36:34+00:00\" \/>\n<meta property=\"og:image\" content=\"https:\/\/www.klb-koetztal.de\/app\/uploads\/2024\/02\/CHEMORESIN_PU-BETON_4094_KAT_5_kg_500px.jpg\" \/>\n\t<meta property=\"og:image:width\" content=\"500\" \/>\n\t<meta property=\"og:image:height\" content=\"500\" \/>\n\t<meta property=\"og:image:type\" content=\"image\/jpeg\" \/>\n<meta name=\"twitter:card\" content=\"summary_large_image\" \/>\n<script type=\"application\/ld+json\" class=\"yoast-schema-graph\">{\"@context\":\"https:\/\/schema.org\",\"@graph\":[{\"@type\":\"WebPage\",\"@id\":\"https:\/\/www.klb-koetztal.de\/en\/produkt\/chemoresin-pu-beton-4094-kat\/\",\"url\":\"https:\/\/www.klb-koetztal.de\/en\/produkt\/chemoresin-pu-beton-4094-kat\/\",\"name\":\"Accelerator for PU-BETON KAT 4094 | CHEMORESIN KLB\",\"isPartOf\":{\"@id\":\"https:\/\/www.klb-koetztal.de\/en\/#website\"},\"primaryImageOfPage\":{\"@id\":\"https:\/\/www.klb-koetztal.de\/en\/produkt\/chemoresin-pu-beton-4094-kat\/#primaryimage\"},\"image\":{\"@id\":\"https:\/\/www.klb-koetztal.de\/en\/produkt\/chemoresin-pu-beton-4094-kat\/#primaryimage\"},\"thumbnailUrl\":\"https:\/\/www.klb-koetztal.de\/app\/uploads\/2024\/02\/CHEMORESIN_PU-BETON_4094_KAT_5_kg_500px.jpg\",\"datePublished\":\"2024-02-01T10:30:04+00:00\",\"dateModified\":\"2026-04-01T10:36:34+00:00\",\"description\":\"Accelerator for faster hardening of CHEMORESIN PU-BETON coverings with reduced installation times even at lower temperatures \u2714\ufe0f catalyst\",\"breadcrumb\":{\"@id\":\"https:\/\/www.klb-koetztal.de\/en\/produkt\/chemoresin-pu-beton-4094-kat\/#breadcrumb\"},\"inLanguage\":\"en-GB\",\"potentialAction\":[{\"@type\":\"ReadAction\",\"target\":[\"https:\/\/www.klb-koetztal.de\/en\/produkt\/chemoresin-pu-beton-4094-kat\/\"]}]},{\"@type\":\"ImageObject\",\"inLanguage\":\"en-GB\",\"@id\":\"https:\/\/www.klb-koetztal.de\/en\/produkt\/chemoresin-pu-beton-4094-kat\/#primaryimage\",\"url\":\"https:\/\/www.klb-koetztal.de\/app\/uploads\/2024\/02\/CHEMORESIN_PU-BETON_4094_KAT_5_kg_500px.jpg\",\"contentUrl\":\"https:\/\/www.klb-koetztal.de\/app\/uploads\/2024\/02\/CHEMORESIN_PU-BETON_4094_KAT_5_kg_500px.jpg\",\"width\":500,\"height\":500},{\"@type\":\"BreadcrumbList\",\"@id\":\"https:\/\/www.klb-koetztal.de\/en\/produkt\/chemoresin-pu-beton-4094-kat\/#breadcrumb\",\"itemListElement\":[{\"@type\":\"ListItem\",\"position\":1,\"name\":\"Startseite\",\"item\":\"https:\/\/www.klb-koetztal.de\/en\/\"},{\"@type\":\"ListItem\",\"position\":2,\"name\":\"CHEMORESIN PU-BETON 4094 KAT\"}]},{\"@type\":\"WebSite\",\"@id\":\"https:\/\/www.klb-koetztal.de\/en\/#website\",\"url\":\"https:\/\/www.klb-koetztal.de\/en\/\",\"name\":\"KLB K\u00f6tztal\",\"description\":\"Gute B\u00f6den haben ein System.\",\"potentialAction\":[{\"@type\":\"SearchAction\",\"target\":{\"@type\":\"EntryPoint\",\"urlTemplate\":\"https:\/\/www.klb-koetztal.de\/en\/?s={search_term_string}\"},\"query-input\":{\"@type\":\"PropertyValueSpecification\",\"valueRequired\":true,\"valueName\":\"search_term_string\"}}],\"inLanguage\":\"en-GB\"}]}<\/script>\n<!-- \/ Yoast SEO plugin. -->","yoast_head_json":{"title":"Accelerator for PU-BETON KAT 4094 | CHEMORESIN KLB","description":"Accelerator for faster hardening of CHEMORESIN PU-BETON coverings with reduced installation times even at lower temperatures \u2714\ufe0f catalyst","robots":{"index":"noindex","follow":"follow","max-snippet":"max-snippet:-1","max-image-preview":"max-image-preview:large","max-video-preview":"max-video-preview:-1"},"og_locale":"en_GB","og_type":"article","og_title":"Accelerator for PU-BETON KAT 4094 | CHEMORESIN KLB","og_description":"Accelerator for faster hardening of CHEMORESIN PU-BETON coverings with reduced installation times even at lower temperatures \u2714\ufe0f catalyst","og_url":"https:\/\/www.klb-koetztal.de\/en\/produkt\/chemoresin-pu-beton-4094-kat\/","og_site_name":"KLB K\u00f6tztal","article_publisher":"https:\/\/www.facebook.com\/klbkoetztal","article_modified_time":"2026-04-01T10:36:34+00:00","og_image":[{"width":500,"height":500,"url":"https:\/\/www.klb-koetztal.de\/app\/uploads\/2024\/02\/CHEMORESIN_PU-BETON_4094_KAT_5_kg_500px.jpg","type":"image\/jpeg"}],"twitter_card":"summary_large_image","schema":{"@context":"https:\/\/schema.org","@graph":[{"@type":"WebPage","@id":"https:\/\/www.klb-koetztal.de\/en\/produkt\/chemoresin-pu-beton-4094-kat\/","url":"https:\/\/www.klb-koetztal.de\/en\/produkt\/chemoresin-pu-beton-4094-kat\/","name":"Accelerator for PU-BETON KAT 4094 | CHEMORESIN KLB","isPartOf":{"@id":"https:\/\/www.klb-koetztal.de\/en\/#website"},"primaryImageOfPage":{"@id":"https:\/\/www.klb-koetztal.de\/en\/produkt\/chemoresin-pu-beton-4094-kat\/#primaryimage"},"image":{"@id":"https:\/\/www.klb-koetztal.de\/en\/produkt\/chemoresin-pu-beton-4094-kat\/#primaryimage"},"thumbnailUrl":"https:\/\/www.klb-koetztal.de\/app\/uploads\/2024\/02\/CHEMORESIN_PU-BETON_4094_KAT_5_kg_500px.jpg","datePublished":"2024-02-01T10:30:04+00:00","dateModified":"2026-04-01T10:36:34+00:00","description":"Accelerator for faster hardening of CHEMORESIN PU-BETON coverings with reduced installation times even at lower temperatures \u2714\ufe0f catalyst","breadcrumb":{"@id":"https:\/\/www.klb-koetztal.de\/en\/produkt\/chemoresin-pu-beton-4094-kat\/#breadcrumb"},"inLanguage":"en-GB","potentialAction":[{"@type":"ReadAction","target":["https:\/\/www.klb-koetztal.de\/en\/produkt\/chemoresin-pu-beton-4094-kat\/"]}]},{"@type":"ImageObject","inLanguage":"en-GB","@id":"https:\/\/www.klb-koetztal.de\/en\/produkt\/chemoresin-pu-beton-4094-kat\/#primaryimage","url":"https:\/\/www.klb-koetztal.de\/app\/uploads\/2024\/02\/CHEMORESIN_PU-BETON_4094_KAT_5_kg_500px.jpg","contentUrl":"https:\/\/www.klb-koetztal.de\/app\/uploads\/2024\/02\/CHEMORESIN_PU-BETON_4094_KAT_5_kg_500px.jpg","width":500,"height":500},{"@type":"BreadcrumbList","@id":"https:\/\/www.klb-koetztal.de\/en\/produkt\/chemoresin-pu-beton-4094-kat\/#breadcrumb","itemListElement":[{"@type":"ListItem","position":1,"name":"Startseite","item":"https:\/\/www.klb-koetztal.de\/en\/"},{"@type":"ListItem","position":2,"name":"CHEMORESIN PU-BETON 4094 KAT"}]},{"@type":"WebSite","@id":"https:\/\/www.klb-koetztal.de\/en\/#website","url":"https:\/\/www.klb-koetztal.de\/en\/","name":"KLB K\u00f6tztal","description":"Gute B\u00f6den haben ein System.","potentialAction":[{"@type":"SearchAction","target":{"@type":"EntryPoint","urlTemplate":"https:\/\/www.klb-koetztal.de\/en\/?s={search_term_string}"},"query-input":{"@type":"PropertyValueSpecification","valueRequired":true,"valueName":"search_term_string"}}],"inLanguage":"en-GB"}]}},"_links":{"self":[{"href":"https:\/\/www.klb-koetztal.de\/en\/wp-json\/wp\/v2\/product\/59874","targetHints":{"allow":["GET"]}}],"collection":[{"href":"https:\/\/www.klb-koetztal.de\/en\/wp-json\/wp\/v2\/product"}],"about":[{"href":"https:\/\/www.klb-koetztal.de\/en\/wp-json\/wp\/v2\/types\/product"}],"wp:featuredmedia":[{"embeddable":true,"href":"https:\/\/www.klb-koetztal.de\/en\/wp-json\/wp\/v2\/media\/59876"}],"wp:attachment":[{"href":"https:\/\/www.klb-koetztal.de\/en\/wp-json\/wp\/v2\/media?parent=59874"}],"wp:term":[{"taxonomy":"product_brand","embeddable":true,"href":"https:\/\/www.klb-koetztal.de\/en\/wp-json\/wp\/v2\/product_brand?post=59874"},{"taxonomy":"product_cat","embeddable":true,"href":"https:\/\/www.klb-koetztal.de\/en\/wp-json\/wp\/v2\/product_cat?post=59874"},{"taxonomy":"product_tag","embeddable":true,"href":"https:\/\/www.klb-koetztal.de\/en\/wp-json\/wp\/v2\/product_tag?post=59874"}],"curies":[{"name":"wp","href":"https:\/\/api.w.org\/{rel}","templated":true}]}}