{"id":57297,"date":"2023-07-05T13:20:38","date_gmt":"2023-07-05T11:20:38","guid":{"rendered":"https:\/\/www.klb-koetztal.de\/produkt\/klb-system-balkon-bs-575-top\/"},"modified":"2026-04-01T12:32:00","modified_gmt":"2026-04-01T10:32:00","slug":"klb-system-balkon-bs-575-top","status":"publish","type":"product","link":"https:\/\/www.klb-koetztal.de\/en\/produkt\/klb-system-balkon-bs-575-top\/","title":{"rendered":"KLB-SYSTEM BALKON BS 575 Top"},"content":{"rendered":"","protected":false},"excerpt":{"rendered":"<p>KLB-SYSTEM BALKON BS 575 Top is a coloured, rapid-setting,&#160;solvent-free&#160;2-component polyurea&#160;top sealer for producing plain-coloured,&#160;light and weather-stable scattered surfaces on floors and plinths of balconies, pergolas or loggias&#160;in accordance with DIN&#160;18531-5 Annex A. In combination with&#160;KLB-SYSTEM BALKON BS 570, it is possible to apply a balcony coating within 2 workdays. Suitable for indoor or outdoor scattered surfaces,&#160;especially when a light-stable top layer is required.<\/p>\n","protected":false},"featured_media":57226,"template":"","meta":{"_acf_changed":false},"product_brand":[],"product_cat":[9617,9640],"product_tag":[],"class_list":{"0":"post-57297","1":"product","2":"type-product","3":"status-publish","4":"has-post-thumbnail","6":"product_cat-top-sealers-for-scattered-coatings","7":"product_cat-2-component-polyurea-top-sealers","9":"first","10":"instock","11":"shipping-taxable","12":"product-type-simple"},"acf":{"product_header":{"module_product_header":{"":null,"prototype_headline":{"headline":"KLB-SYSTEM BALKON BS 575 Top","h1":true,"subheadline":"Rapid-setting, light and weather-resistant, flexibilised 2-component polyurea&#160;top sealer which can specifically be&#160;used for producing slip-resistant surfaces on balconies, loggias or pergolas","anchor":"","url":""},"grid_text_slider":false,"grid_text_content":[{"text":"<p class=\"product-short-title\" style=\"text-align: center;\"><strong>Brief description<\/strong><\/p>\n<p><strong>KLB-SYSTEM BALKON BS 575 Top<\/strong> is a coloured, rapid-setting,&#160;solvent-free&#160;2-component polyurea&#160;top sealer for producing plain-coloured,&#160;light and weather-stable scattered surfaces on floors and plinths of balconies, pergolas or loggias&#160;in accordance with DIN&#160;18531-5 Annex A. In combination with&#160;<strong>KLB-SYSTEM BALKON BS 570<\/strong>, it is possible to apply a balcony coating within 2 workdays. Suitable for indoor or outdoor scattered surfaces,&#160;especially when a light-stable top layer is required.<\/p>\n","width":"4","background_color_text":"bg-white","border_color":"border-gray-light"},{"text":"<p class=\"product-sicing-title\" style=\"text-align: center;\"><strong>Packaging units<\/strong><\/p>\n<ul>\n<li>AK6146-60 &#8211; Bucket combo 5.00 kg<\/li>\n<\/ul>\n<p><\/p>\n<p>Please do not hesitate to contact us directly for enquiries about larger delivery quantities or packaging units.<\/p>\n\n","width":"4","background_color_text":"bg-white","border_color":"border-gray-light"},{"text":"<p class=\"product-attr-title\" style=\"text-align: center;\"><strong>Properties<\/strong><\/p>\n<ul>\n<li>Total Solid according to GISCODE (Test method &#8220;Deutsche Bauchemie&#8221;)<\/li>\n<li>rapid-setting<\/li>\n<li>viscoplastic<\/li>\n<li>resistant to abrasion and wear<\/li>\n<li>good resistance to water and chemicals<\/li>\n<li>quickly becomes rainproof<\/li>\n<li>resistant to weather<\/li>\n<li>colour-stable<\/li>\n<li>light-stable<\/li>\n<\/ul>\n","width":"4","background_color_text":"bg-white","border_color":"border-gray-light"}],"background_color":"bg-none","background_color_content":"bg-none"}},"downloads":{"module_download_list":{"inhalt":null,"downloads":[{"download":{"ID":58439,"id":58439,"title":"BS_575_Top_PI_en_2023_10","filename":"BS_575_Top_PI_en_2023_10.pdf","filesize":438749,"url":"https:\/\/www.klb-koetztal.de\/app\/uploads\/2023\/10\/BS_575_Top_PI_en_2023_10.pdf","link":"https:\/\/www.klb-koetztal.de\/en\/?attachment_id=58439","alt":"","author":"7","description":"","caption":"","name":"bs_575_top_pi_en_2023_10-2","status":"inherit","uploaded_to":0,"date":"2023-10-04 12:30:10","modified":"2023-10-04 12:30:10","menu_order":0,"mime_type":"application\/pdf","type":"application","subtype":"pdf","icon":"https:\/\/www.klb-koetztal.de\/wp\/wp-includes\/images\/media\/document.png"},"filename":"Product Information","protected":false,"doclang":"GB","externalkey":"Produktinformation","docpos":"2"},{"download":{"ID":58442,"id":58442,"title":"BS_575_Top_PI_fr_2023_10","filename":"BS_575_Top_PI_fr_2023_10.pdf","filesize":446441,"url":"https:\/\/www.klb-koetztal.de\/app\/uploads\/2023\/10\/BS_575_Top_PI_fr_2023_10.pdf","link":"https:\/\/www.klb-koetztal.de\/en\/?attachment_id=58442","alt":"","author":"7","description":"","caption":"","name":"bs_575_top_pi_fr_2023_10-2","status":"inherit","uploaded_to":0,"date":"2023-10-04 12:30:12","modified":"2023-10-04 12:30:12","menu_order":0,"mime_type":"application\/pdf","type":"application","subtype":"pdf","icon":"https:\/\/www.klb-koetztal.de\/wp\/wp-includes\/images\/media\/document.png"},"filename":"Information Produit FR","protected":false,"doclang":"FR","externalkey":"Produktinformation","docpos":"3"},{"download":false,"filename":"Safety data sheet","protected":true,"doclang":"GB","externalkey":"Sicherheitsdatenblatt","docpos":"2"},{"download":false,"filename":"Fiche de donn\u00e9es de s\u00e9curit\u00e9 FR","protected":true,"doclang":"FR","externalkey":"Sicherheitsdatenblatt","docpos":"3"}],"einstellungen":null,"background_color":"bg-none","background_color_content":"bg-none"}},"included_in_systems":{"module_included_in_systems":{"":null,"background_color":"bg-gray-medium","background_color_content":"bg-none"}},"contact":{"module_contact":{"":null,"background_color":"bg-none","background_color_content":"bg-none"}},"ausschreibende":{"module_ausschreibende":{"andern_sie_den_inhalt_unter_universelle_elemente":null,"background_color":"bg-none","background_color_content":"bg-none"}}},"yoast_head":"<!-- This site is optimized with the Yoast SEO plugin v27.0 - https:\/\/yoast.com\/product\/yoast-seo-wordpress\/ -->\n<title>Light and weather-stable balcony sealer BS 575 Top | KLB<\/title>\n<meta name=\"description\" content=\"Light and weather-resistant, flexibilised 2-component polyurea top sealer for balconies, loggias or pergolas \u2714\ufe0f rapid-setting, non-slip, DIN 18531-5 A\" \/>\n<meta name=\"robots\" content=\"noindex, follow, max-snippet:-1, max-image-preview:large, max-video-preview:-1\" \/>\n<meta property=\"og:locale\" content=\"en_GB\" \/>\n<meta property=\"og:type\" content=\"article\" \/>\n<meta property=\"og:title\" content=\"Light and weather-stable balcony sealer BS 575 Top | KLB\" \/>\n<meta property=\"og:description\" content=\"Light and weather-resistant, flexibilised 2-component polyurea top sealer for balconies, loggias or pergolas \u2714\ufe0f rapid-setting, non-slip, DIN 18531-5 A\" \/>\n<meta property=\"og:url\" content=\"https:\/\/www.klb-koetztal.de\/en\/produkt\/klb-system-balkon-bs-575-top\/\" \/>\n<meta property=\"og:site_name\" content=\"KLB K\u00f6tztal\" \/>\n<meta property=\"article:publisher\" content=\"https:\/\/www.facebook.com\/klbkoetztal\" \/>\n<meta property=\"article:modified_time\" content=\"2026-04-01T10:32:00+00:00\" \/>\n<meta property=\"og:image\" content=\"https:\/\/www.klb-koetztal.de\/app\/uploads\/2023\/07\/BS_575_Top_Kombi_5kg_KLB_600px.jpg\" \/>\n\t<meta property=\"og:image:width\" content=\"600\" \/>\n\t<meta property=\"og:image:height\" content=\"600\" \/>\n\t<meta property=\"og:image:type\" content=\"image\/jpeg\" \/>\n<meta name=\"twitter:card\" content=\"summary_large_image\" \/>\n<script type=\"application\/ld+json\" class=\"yoast-schema-graph\">{\"@context\":\"https:\/\/schema.org\",\"@graph\":[{\"@type\":\"WebPage\",\"@id\":\"https:\/\/www.klb-koetztal.de\/en\/produkt\/klb-system-balkon-bs-575-top\/\",\"url\":\"https:\/\/www.klb-koetztal.de\/en\/produkt\/klb-system-balkon-bs-575-top\/\",\"name\":\"Light and weather-stable balcony sealer BS 575 Top | KLB\",\"isPartOf\":{\"@id\":\"https:\/\/www.klb-koetztal.de\/en\/#website\"},\"primaryImageOfPage\":{\"@id\":\"https:\/\/www.klb-koetztal.de\/en\/produkt\/klb-system-balkon-bs-575-top\/#primaryimage\"},\"image\":{\"@id\":\"https:\/\/www.klb-koetztal.de\/en\/produkt\/klb-system-balkon-bs-575-top\/#primaryimage\"},\"thumbnailUrl\":\"https:\/\/www.klb-koetztal.de\/app\/uploads\/2023\/07\/BS_575_Top_Kombi_5kg_KLB_600px.jpg\",\"datePublished\":\"2023-07-05T11:20:38+00:00\",\"dateModified\":\"2026-04-01T10:32:00+00:00\",\"description\":\"Light and weather-resistant, flexibilised 2-component polyurea top sealer for balconies, loggias or pergolas \u2714\ufe0f rapid-setting, non-slip, DIN 18531-5 A\",\"breadcrumb\":{\"@id\":\"https:\/\/www.klb-koetztal.de\/en\/produkt\/klb-system-balkon-bs-575-top\/#breadcrumb\"},\"inLanguage\":\"en-GB\",\"potentialAction\":[{\"@type\":\"ReadAction\",\"target\":[\"https:\/\/www.klb-koetztal.de\/en\/produkt\/klb-system-balkon-bs-575-top\/\"]}]},{\"@type\":\"ImageObject\",\"inLanguage\":\"en-GB\",\"@id\":\"https:\/\/www.klb-koetztal.de\/en\/produkt\/klb-system-balkon-bs-575-top\/#primaryimage\",\"url\":\"https:\/\/www.klb-koetztal.de\/app\/uploads\/2023\/07\/BS_575_Top_Kombi_5kg_KLB_600px.jpg\",\"contentUrl\":\"https:\/\/www.klb-koetztal.de\/app\/uploads\/2023\/07\/BS_575_Top_Kombi_5kg_KLB_600px.jpg\",\"width\":600,\"height\":600},{\"@type\":\"BreadcrumbList\",\"@id\":\"https:\/\/www.klb-koetztal.de\/en\/produkt\/klb-system-balkon-bs-575-top\/#breadcrumb\",\"itemListElement\":[{\"@type\":\"ListItem\",\"position\":1,\"name\":\"Startseite\",\"item\":\"https:\/\/www.klb-koetztal.de\/en\/\"},{\"@type\":\"ListItem\",\"position\":2,\"name\":\"KLB-SYSTEM BALKON BS 575 Top\"}]},{\"@type\":\"WebSite\",\"@id\":\"https:\/\/www.klb-koetztal.de\/en\/#website\",\"url\":\"https:\/\/www.klb-koetztal.de\/en\/\",\"name\":\"KLB K\u00f6tztal\",\"description\":\"Gute B\u00f6den haben ein System.\",\"potentialAction\":[{\"@type\":\"SearchAction\",\"target\":{\"@type\":\"EntryPoint\",\"urlTemplate\":\"https:\/\/www.klb-koetztal.de\/en\/?s={search_term_string}\"},\"query-input\":{\"@type\":\"PropertyValueSpecification\",\"valueRequired\":true,\"valueName\":\"search_term_string\"}}],\"inLanguage\":\"en-GB\"}]}<\/script>\n<!-- \/ Yoast SEO plugin. -->","yoast_head_json":{"title":"Light and weather-stable balcony sealer BS 575 Top | KLB","description":"Light and weather-resistant, flexibilised 2-component polyurea top sealer for balconies, loggias or pergolas \u2714\ufe0f rapid-setting, non-slip, DIN 18531-5 A","robots":{"index":"noindex","follow":"follow","max-snippet":"max-snippet:-1","max-image-preview":"max-image-preview:large","max-video-preview":"max-video-preview:-1"},"og_locale":"en_GB","og_type":"article","og_title":"Light and weather-stable balcony sealer BS 575 Top | KLB","og_description":"Light and weather-resistant, flexibilised 2-component polyurea top sealer for balconies, loggias or pergolas \u2714\ufe0f rapid-setting, non-slip, DIN 18531-5 A","og_url":"https:\/\/www.klb-koetztal.de\/en\/produkt\/klb-system-balkon-bs-575-top\/","og_site_name":"KLB K\u00f6tztal","article_publisher":"https:\/\/www.facebook.com\/klbkoetztal","article_modified_time":"2026-04-01T10:32:00+00:00","og_image":[{"width":600,"height":600,"url":"https:\/\/www.klb-koetztal.de\/app\/uploads\/2023\/07\/BS_575_Top_Kombi_5kg_KLB_600px.jpg","type":"image\/jpeg"}],"twitter_card":"summary_large_image","schema":{"@context":"https:\/\/schema.org","@graph":[{"@type":"WebPage","@id":"https:\/\/www.klb-koetztal.de\/en\/produkt\/klb-system-balkon-bs-575-top\/","url":"https:\/\/www.klb-koetztal.de\/en\/produkt\/klb-system-balkon-bs-575-top\/","name":"Light and weather-stable balcony sealer BS 575 Top | KLB","isPartOf":{"@id":"https:\/\/www.klb-koetztal.de\/en\/#website"},"primaryImageOfPage":{"@id":"https:\/\/www.klb-koetztal.de\/en\/produkt\/klb-system-balkon-bs-575-top\/#primaryimage"},"image":{"@id":"https:\/\/www.klb-koetztal.de\/en\/produkt\/klb-system-balkon-bs-575-top\/#primaryimage"},"thumbnailUrl":"https:\/\/www.klb-koetztal.de\/app\/uploads\/2023\/07\/BS_575_Top_Kombi_5kg_KLB_600px.jpg","datePublished":"2023-07-05T11:20:38+00:00","dateModified":"2026-04-01T10:32:00+00:00","description":"Light and weather-resistant, flexibilised 2-component polyurea top sealer for balconies, loggias or pergolas \u2714\ufe0f rapid-setting, non-slip, DIN 18531-5 A","breadcrumb":{"@id":"https:\/\/www.klb-koetztal.de\/en\/produkt\/klb-system-balkon-bs-575-top\/#breadcrumb"},"inLanguage":"en-GB","potentialAction":[{"@type":"ReadAction","target":["https:\/\/www.klb-koetztal.de\/en\/produkt\/klb-system-balkon-bs-575-top\/"]}]},{"@type":"ImageObject","inLanguage":"en-GB","@id":"https:\/\/www.klb-koetztal.de\/en\/produkt\/klb-system-balkon-bs-575-top\/#primaryimage","url":"https:\/\/www.klb-koetztal.de\/app\/uploads\/2023\/07\/BS_575_Top_Kombi_5kg_KLB_600px.jpg","contentUrl":"https:\/\/www.klb-koetztal.de\/app\/uploads\/2023\/07\/BS_575_Top_Kombi_5kg_KLB_600px.jpg","width":600,"height":600},{"@type":"BreadcrumbList","@id":"https:\/\/www.klb-koetztal.de\/en\/produkt\/klb-system-balkon-bs-575-top\/#breadcrumb","itemListElement":[{"@type":"ListItem","position":1,"name":"Startseite","item":"https:\/\/www.klb-koetztal.de\/en\/"},{"@type":"ListItem","position":2,"name":"KLB-SYSTEM BALKON BS 575 Top"}]},{"@type":"WebSite","@id":"https:\/\/www.klb-koetztal.de\/en\/#website","url":"https:\/\/www.klb-koetztal.de\/en\/","name":"KLB K\u00f6tztal","description":"Gute B\u00f6den haben ein System.","potentialAction":[{"@type":"SearchAction","target":{"@type":"EntryPoint","urlTemplate":"https:\/\/www.klb-koetztal.de\/en\/?s={search_term_string}"},"query-input":{"@type":"PropertyValueSpecification","valueRequired":true,"valueName":"search_term_string"}}],"inLanguage":"en-GB"}]}},"_links":{"self":[{"href":"https:\/\/www.klb-koetztal.de\/en\/wp-json\/wp\/v2\/product\/57297","targetHints":{"allow":["GET"]}}],"collection":[{"href":"https:\/\/www.klb-koetztal.de\/en\/wp-json\/wp\/v2\/product"}],"about":[{"href":"https:\/\/www.klb-koetztal.de\/en\/wp-json\/wp\/v2\/types\/product"}],"wp:featuredmedia":[{"embeddable":true,"href":"https:\/\/www.klb-koetztal.de\/en\/wp-json\/wp\/v2\/media\/57226"}],"wp:attachment":[{"href":"https:\/\/www.klb-koetztal.de\/en\/wp-json\/wp\/v2\/media?parent=57297"}],"wp:term":[{"taxonomy":"product_brand","embeddable":true,"href":"https:\/\/www.klb-koetztal.de\/en\/wp-json\/wp\/v2\/product_brand?post=57297"},{"taxonomy":"product_cat","embeddable":true,"href":"https:\/\/www.klb-koetztal.de\/en\/wp-json\/wp\/v2\/product_cat?post=57297"},{"taxonomy":"product_tag","embeddable":true,"href":"https:\/\/www.klb-koetztal.de\/en\/wp-json\/wp\/v2\/product_tag?post=57297"}],"curies":[{"name":"wp","href":"https:\/\/api.w.org\/{rel}","templated":true}]}}