{"id":57283,"date":"2023-07-05T09:20:04","date_gmt":"2023-07-05T07:20:04","guid":{"rendered":"https:\/\/www.klb-koetztal.de\/produkt\/klb-system-balkon-bs-570-wp\/"},"modified":"2026-04-01T12:43:20","modified_gmt":"2026-04-01T10:43:20","slug":"klb-system-balkon-bs-570-wp","status":"publish","type":"product","link":"https:\/\/www.klb-koetztal.de\/en\/produkt\/klb-system-balkon-bs-570-wp\/","title":{"rendered":"KLB-SYSTEM BALKON&#160;BS 570 WP"},"content":{"rendered":"","protected":false},"excerpt":{"rendered":"<p>KLB-SYSTEM BALKON&#160;BS 570 WP&#160;is a crack-bridging&#160;2-component polyurethane composite waterproofing, elastic even at low temperatures, to be used in combination with&#160;KLB-SYSTEM BALKON BS 575 Top&#160;for producing&#160;slip-resistant and light-stable&#160;coatings on balconies, loggias or pergolas in accordance with DIN&#160;18531 Part 5.<\/p>\n","protected":false},"featured_media":57272,"template":"","meta":{"_acf_changed":false},"product_brand":[],"product_cat":[9609,9611],"product_tag":[],"class_list":{"0":"post-57283","1":"product","2":"type-product","3":"status-publish","4":"has-post-thumbnail","6":"product_cat-coatings","7":"product_cat-2-component-polyurethane-coatings-comfortable-coatings","9":"first","10":"instock","11":"shipping-taxable","12":"product-type-simple"},"acf":{"product_header":{"module_product_header":{"":null,"prototype_headline":{"headline":"KLB-SYSTEM BALKON&#160;BS 570 WP","h1":true,"subheadline":"2-component polyurethane intermediate layer, elastic even at low temperatures, for producing&#160;light-stable and slip-resistant surfaces on outdoor balconies, loggias or pergolas","anchor":"","url":""},"grid_text_slider":false,"grid_text_content":[{"text":"<p class=\"product-short-title\" style=\"text-align: center;\"><strong>Brief description<\/strong><\/p>\n<p><strong>KLB-SYSTEM BALKON&#160;BS 570 WP&#160;<\/strong>is a crack-bridging&#160;2-component polyurethane composite waterproofing, elastic even at low temperatures, to be used in combination with&#160;<strong>KLB-SYSTEM BALKON BS 575 Top<\/strong>&#160;for producing&#160;slip-resistant and light-stable&#160;coatings on balconies, loggias or pergolas in accordance with DIN&#160;18531 Part 5.<\/p>\n","width":"4","background_color_text":"bg-white","border_color":"border-gray-light"},{"text":"<p class=\"product-sicing-title\" style=\"text-align: center;\"><strong>Packaging units<\/strong><\/p>\n<ul>\n<li>AK6144-47 &#8211; Bucket combo 10.00 kg<\/li>\n<\/ul>\n<p><\/p>\n<p>Please do not hesitate to contact us directly for enquiries about larger delivery quantities or packaging units.<\/p>\n\n","width":"4","background_color_text":"bg-white","border_color":"border-gray-light"},{"text":"<p class=\"product-attr-title\" style=\"text-align: center;\"><strong>Properties<\/strong><\/p>\n<ul>\n<li>elastic and deformable<\/li>\n<li>flexible at low temperatures<\/li>\n<li>resistant to frost and de-icing salt<\/li>\n<li>impervious to fluids<\/li>\n<li>crack-bridging<\/li>\n<li>jointless coating<\/li>\n<\/ul>\n","width":"4","background_color_text":"bg-white","border_color":"border-gray-light"}],"background_color":"bg-none","background_color_content":"bg-none"}},"downloads":{"module_download_list":{"inhalt":null,"downloads":[{"download":{"ID":57312,"id":57312,"title":"BS_570_WP_PI_en_2023_07-1","filename":"BS_570_WP_PI_en_2023_07-1.pdf","filesize":419147,"url":"https:\/\/www.klb-koetztal.de\/app\/uploads\/2023\/07\/BS_570_WP_PI_en_2023_07-1.pdf","link":"https:\/\/www.klb-koetztal.de\/en\/?attachment_id=57312","alt":"","author":"7","description":"","caption":"","name":"bs_570_wp_pi_en_2023_07-1-2","status":"inherit","uploaded_to":0,"date":"2023-07-05 11:20:54","modified":"2023-07-05 11:20:54","menu_order":0,"mime_type":"application\/pdf","type":"application","subtype":"pdf","icon":"https:\/\/www.klb-koetztal.de\/wp\/wp-includes\/images\/media\/document.png"},"filename":"Product Information","protected":false,"doclang":"GB","externalkey":"Produktinformation","docpos":"2"},{"download":{"ID":57315,"id":57315,"title":"BS_570_WP_PI_fr_2023_07-1","filename":"BS_570_WP_PI_fr_2023_07-1.pdf","filesize":427959,"url":"https:\/\/www.klb-koetztal.de\/app\/uploads\/2023\/07\/BS_570_WP_PI_fr_2023_07-1.pdf","link":"https:\/\/www.klb-koetztal.de\/en\/?attachment_id=57315","alt":"","author":"7","description":"","caption":"","name":"bs_570_wp_pi_fr_2023_07-1-2","status":"inherit","uploaded_to":0,"date":"2023-07-05 11:20:56","modified":"2023-07-05 11:20:56","menu_order":0,"mime_type":"application\/pdf","type":"application","subtype":"pdf","icon":"https:\/\/www.klb-koetztal.de\/wp\/wp-includes\/images\/media\/document.png"},"filename":"Information Produit FR","protected":false,"doclang":"FR","externalkey":"Produktinformation","docpos":"3"},{"download":{"ID":57222,"id":57222,"title":"BS570WP_Umwelt-Deklaration_2023-06","filename":"BS570WP_Umwelt-Deklaration_2023-06.pdf","filesize":2566184,"url":"https:\/\/www.klb-koetztal.de\/app\/uploads\/2023\/07\/BS570WP_Umwelt-Deklaration_2023-06.pdf","link":"https:\/\/www.klb-koetztal.de\/en\/?attachment_id=57222","alt":"","author":"7","description":"","caption":"","name":"bs570wp_umwelt-deklaration_2023-06-2","status":"inherit","uploaded_to":0,"date":"2023-07-04 10:00:14","modified":"2023-07-04 10:00:14","menu_order":0,"mime_type":"application\/pdf","type":"application","subtype":"pdf","icon":"https:\/\/www.klb-koetztal.de\/wp\/wp-includes\/images\/media\/document.png"},"filename":"EPD - Environmental Product Declaration","protected":false,"doclang":"Multi","externalkey":"Umweltproduktdeklaration","docpos":"50"},{"download":false,"filename":"Safety data sheet","protected":true,"doclang":"GB","externalkey":"Sicherheitsdatenblatt","docpos":"2"},{"download":false,"filename":"Fiche de donn\u00e9es de s\u00e9curit\u00e9 FR","protected":true,"doclang":"FR","externalkey":"Sicherheitsdatenblatt","docpos":"3"}],"einstellungen":null,"background_color":"bg-none","background_color_content":"bg-none"}},"included_in_systems":{"module_included_in_systems":{"":null,"background_color":"bg-gray-medium","background_color_content":"bg-none"}},"contact":{"module_contact":{"":null,"background_color":"bg-none","background_color_content":"bg-none"}},"ausschreibende":{"module_ausschreibende":{"andern_sie_den_inhalt_unter_universelle_elemente":null,"background_color":"bg-none","background_color_content":"bg-none"}}},"yoast_head":"<!-- This site is optimized with the Yoast SEO plugin v27.0 - https:\/\/yoast.com\/product\/yoast-seo-wordpress\/ -->\n<title>Waterproof balcony coating BS 570 WP crack-bridging | KLB<\/title>\n<meta name=\"description\" content=\"Non-slip and light-stable 2-comp. PU coating, elastic even at low temperatures \u2714\ufe0f for balconies, loggias, pergolas - DIN 18531-5 - KLB-SYSTEM BALKON BS 570 WP\" \/>\n<meta name=\"robots\" content=\"noindex, follow, max-snippet:-1, max-image-preview:large, max-video-preview:-1\" \/>\n<meta property=\"og:locale\" content=\"en_GB\" \/>\n<meta property=\"og:type\" content=\"article\" \/>\n<meta property=\"og:title\" content=\"Waterproof balcony coating BS 570 WP crack-bridging | KLB\" \/>\n<meta property=\"og:description\" content=\"Non-slip and light-stable 2-comp. PU coating, elastic even at low temperatures \u2714\ufe0f for balconies, loggias, pergolas - DIN 18531-5 - KLB-SYSTEM BALKON BS 570 WP\" \/>\n<meta property=\"og:url\" content=\"https:\/\/www.klb-koetztal.de\/en\/produkt\/klb-system-balkon-bs-570-wp\/\" \/>\n<meta property=\"og:site_name\" content=\"KLB K\u00f6tztal\" \/>\n<meta property=\"article:publisher\" content=\"https:\/\/www.facebook.com\/klbkoetztal\" \/>\n<meta property=\"article:modified_time\" content=\"2026-04-01T10:43:20+00:00\" \/>\n<meta property=\"og:image\" content=\"https:\/\/www.klb-koetztal.de\/app\/uploads\/2023\/07\/BS_570_WP_12kg_Kombi_600px.jpg\" \/>\n\t<meta property=\"og:image:width\" content=\"600\" \/>\n\t<meta property=\"og:image:height\" content=\"600\" \/>\n\t<meta property=\"og:image:type\" content=\"image\/jpeg\" \/>\n<meta name=\"twitter:card\" content=\"summary_large_image\" \/>\n<script type=\"application\/ld+json\" class=\"yoast-schema-graph\">{\"@context\":\"https:\/\/schema.org\",\"@graph\":[{\"@type\":\"WebPage\",\"@id\":\"https:\/\/www.klb-koetztal.de\/en\/produkt\/klb-system-balkon-bs-570-wp\/\",\"url\":\"https:\/\/www.klb-koetztal.de\/en\/produkt\/klb-system-balkon-bs-570-wp\/\",\"name\":\"Waterproof balcony coating BS 570 WP crack-bridging | KLB\",\"isPartOf\":{\"@id\":\"https:\/\/www.klb-koetztal.de\/en\/#website\"},\"primaryImageOfPage\":{\"@id\":\"https:\/\/www.klb-koetztal.de\/en\/produkt\/klb-system-balkon-bs-570-wp\/#primaryimage\"},\"image\":{\"@id\":\"https:\/\/www.klb-koetztal.de\/en\/produkt\/klb-system-balkon-bs-570-wp\/#primaryimage\"},\"thumbnailUrl\":\"https:\/\/www.klb-koetztal.de\/app\/uploads\/2023\/07\/O2_KLB_Balcony_decor_pu_outdoor_cqs_4605_600px.png\",\"datePublished\":\"2023-07-05T07:20:04+00:00\",\"dateModified\":\"2026-04-01T10:43:20+00:00\",\"description\":\"Non-slip and light-stable 2-comp. PU coating, elastic even at low temperatures \u2714\ufe0f for balconies, loggias, pergolas - DIN 18531-5 - KLB-SYSTEM BALKON BS 570 WP\",\"breadcrumb\":{\"@id\":\"https:\/\/www.klb-koetztal.de\/en\/produkt\/klb-system-balkon-bs-570-wp\/#breadcrumb\"},\"inLanguage\":\"en-GB\",\"potentialAction\":[{\"@type\":\"ReadAction\",\"target\":[\"https:\/\/www.klb-koetztal.de\/en\/produkt\/klb-system-balkon-bs-570-wp\/\"]}]},{\"@type\":\"ImageObject\",\"inLanguage\":\"en-GB\",\"@id\":\"https:\/\/www.klb-koetztal.de\/en\/produkt\/klb-system-balkon-bs-570-wp\/#primaryimage\",\"url\":\"https:\/\/www.klb-koetztal.de\/app\/uploads\/2023\/07\/O2_KLB_Balcony_decor_pu_outdoor_cqs_4605_600px.png\",\"contentUrl\":\"https:\/\/www.klb-koetztal.de\/app\/uploads\/2023\/07\/O2_KLB_Balcony_decor_pu_outdoor_cqs_4605_600px.png\",\"width\":600,\"height\":600},{\"@type\":\"BreadcrumbList\",\"@id\":\"https:\/\/www.klb-koetztal.de\/en\/produkt\/klb-system-balkon-bs-570-wp\/#breadcrumb\",\"itemListElement\":[{\"@type\":\"ListItem\",\"position\":1,\"name\":\"Startseite\",\"item\":\"https:\/\/www.klb-koetztal.de\/en\/\"},{\"@type\":\"ListItem\",\"position\":2,\"name\":\"KLB-SYSTEM BALKON&#160;BS 570 WP\"}]},{\"@type\":\"WebSite\",\"@id\":\"https:\/\/www.klb-koetztal.de\/en\/#website\",\"url\":\"https:\/\/www.klb-koetztal.de\/en\/\",\"name\":\"KLB K\u00f6tztal\",\"description\":\"Gute B\u00f6den haben ein System.\",\"potentialAction\":[{\"@type\":\"SearchAction\",\"target\":{\"@type\":\"EntryPoint\",\"urlTemplate\":\"https:\/\/www.klb-koetztal.de\/en\/?s={search_term_string}\"},\"query-input\":{\"@type\":\"PropertyValueSpecification\",\"valueRequired\":true,\"valueName\":\"search_term_string\"}}],\"inLanguage\":\"en-GB\"}]}<\/script>\n<!-- \/ Yoast SEO plugin. -->","yoast_head_json":{"title":"Waterproof balcony coating BS 570 WP crack-bridging | KLB","description":"Non-slip and light-stable 2-comp. PU coating, elastic even at low temperatures \u2714\ufe0f for balconies, loggias, pergolas - DIN 18531-5 - KLB-SYSTEM BALKON BS 570 WP","robots":{"index":"noindex","follow":"follow","max-snippet":"max-snippet:-1","max-image-preview":"max-image-preview:large","max-video-preview":"max-video-preview:-1"},"og_locale":"en_GB","og_type":"article","og_title":"Waterproof balcony coating BS 570 WP crack-bridging | KLB","og_description":"Non-slip and light-stable 2-comp. PU coating, elastic even at low temperatures \u2714\ufe0f for balconies, loggias, pergolas - DIN 18531-5 - KLB-SYSTEM BALKON BS 570 WP","og_url":"https:\/\/www.klb-koetztal.de\/en\/produkt\/klb-system-balkon-bs-570-wp\/","og_site_name":"KLB K\u00f6tztal","article_publisher":"https:\/\/www.facebook.com\/klbkoetztal","article_modified_time":"2026-04-01T10:43:20+00:00","og_image":[{"width":600,"height":600,"url":"https:\/\/www.klb-koetztal.de\/app\/uploads\/2023\/07\/BS_570_WP_12kg_Kombi_600px.jpg","type":"image\/jpeg"}],"twitter_card":"summary_large_image","schema":{"@context":"https:\/\/schema.org","@graph":[{"@type":"WebPage","@id":"https:\/\/www.klb-koetztal.de\/en\/produkt\/klb-system-balkon-bs-570-wp\/","url":"https:\/\/www.klb-koetztal.de\/en\/produkt\/klb-system-balkon-bs-570-wp\/","name":"Waterproof balcony coating BS 570 WP crack-bridging | KLB","isPartOf":{"@id":"https:\/\/www.klb-koetztal.de\/en\/#website"},"primaryImageOfPage":{"@id":"https:\/\/www.klb-koetztal.de\/en\/produkt\/klb-system-balkon-bs-570-wp\/#primaryimage"},"image":{"@id":"https:\/\/www.klb-koetztal.de\/en\/produkt\/klb-system-balkon-bs-570-wp\/#primaryimage"},"thumbnailUrl":"https:\/\/www.klb-koetztal.de\/app\/uploads\/2023\/07\/O2_KLB_Balcony_decor_pu_outdoor_cqs_4605_600px.png","datePublished":"2023-07-05T07:20:04+00:00","dateModified":"2026-04-01T10:43:20+00:00","description":"Non-slip and light-stable 2-comp. PU coating, elastic even at low temperatures \u2714\ufe0f for balconies, loggias, pergolas - DIN 18531-5 - KLB-SYSTEM BALKON BS 570 WP","breadcrumb":{"@id":"https:\/\/www.klb-koetztal.de\/en\/produkt\/klb-system-balkon-bs-570-wp\/#breadcrumb"},"inLanguage":"en-GB","potentialAction":[{"@type":"ReadAction","target":["https:\/\/www.klb-koetztal.de\/en\/produkt\/klb-system-balkon-bs-570-wp\/"]}]},{"@type":"ImageObject","inLanguage":"en-GB","@id":"https:\/\/www.klb-koetztal.de\/en\/produkt\/klb-system-balkon-bs-570-wp\/#primaryimage","url":"https:\/\/www.klb-koetztal.de\/app\/uploads\/2023\/07\/O2_KLB_Balcony_decor_pu_outdoor_cqs_4605_600px.png","contentUrl":"https:\/\/www.klb-koetztal.de\/app\/uploads\/2023\/07\/O2_KLB_Balcony_decor_pu_outdoor_cqs_4605_600px.png","width":600,"height":600},{"@type":"BreadcrumbList","@id":"https:\/\/www.klb-koetztal.de\/en\/produkt\/klb-system-balkon-bs-570-wp\/#breadcrumb","itemListElement":[{"@type":"ListItem","position":1,"name":"Startseite","item":"https:\/\/www.klb-koetztal.de\/en\/"},{"@type":"ListItem","position":2,"name":"KLB-SYSTEM BALKON&#160;BS 570 WP"}]},{"@type":"WebSite","@id":"https:\/\/www.klb-koetztal.de\/en\/#website","url":"https:\/\/www.klb-koetztal.de\/en\/","name":"KLB K\u00f6tztal","description":"Gute B\u00f6den haben ein System.","potentialAction":[{"@type":"SearchAction","target":{"@type":"EntryPoint","urlTemplate":"https:\/\/www.klb-koetztal.de\/en\/?s={search_term_string}"},"query-input":{"@type":"PropertyValueSpecification","valueRequired":true,"valueName":"search_term_string"}}],"inLanguage":"en-GB"}]}},"_links":{"self":[{"href":"https:\/\/www.klb-koetztal.de\/en\/wp-json\/wp\/v2\/product\/57283","targetHints":{"allow":["GET"]}}],"collection":[{"href":"https:\/\/www.klb-koetztal.de\/en\/wp-json\/wp\/v2\/product"}],"about":[{"href":"https:\/\/www.klb-koetztal.de\/en\/wp-json\/wp\/v2\/types\/product"}],"wp:featuredmedia":[{"embeddable":true,"href":"https:\/\/www.klb-koetztal.de\/en\/wp-json\/wp\/v2\/media\/57272"}],"wp:attachment":[{"href":"https:\/\/www.klb-koetztal.de\/en\/wp-json\/wp\/v2\/media?parent=57283"}],"wp:term":[{"taxonomy":"product_brand","embeddable":true,"href":"https:\/\/www.klb-koetztal.de\/en\/wp-json\/wp\/v2\/product_brand?post=57283"},{"taxonomy":"product_cat","embeddable":true,"href":"https:\/\/www.klb-koetztal.de\/en\/wp-json\/wp\/v2\/product_cat?post=57283"},{"taxonomy":"product_tag","embeddable":true,"href":"https:\/\/www.klb-koetztal.de\/en\/wp-json\/wp\/v2\/product_tag?post=57283"}],"curies":[{"name":"wp","href":"https:\/\/api.w.org\/{rel}","templated":true}]}}