{"id":56311,"date":"2023-05-15T15:50:03","date_gmt":"2023-05-15T13:50:03","guid":{"rendered":"https:\/\/www.klb-koetztal.de\/produkt\/klb-system-abdichtung-cw-512\/"},"modified":"2026-04-10T08:04:07","modified_gmt":"2026-04-10T06:04:07","slug":"klb-system-abdichtung-cw-512","status":"publish","type":"product","link":"https:\/\/www.klb-koetztal.de\/en\/produkt\/klb-system-abdichtung-cw-512\/","title":{"rendered":"KLB-SYSTEM ABDICHTUNG CW 512"},"content":{"rendered":"","protected":false},"excerpt":{"rendered":"<p>KLB-SYSTEM ABDICHTUNG CW 512&#160;is an elastic, crack-bridging, low-emission 2-component polyurethane composite waterproofing, which is used for sealing walls in wet areas based on&#160;EAD 030352-00-0503 (replacing ETAG 022-2). Suitable for use in areas subject to wet loads&#160;(W1-I to W3-I according to DIN 18534 Part 3), such as private or commercial bathrooms, kitchens or other industrially used rooms in food processing \u2013&#160;in composite with coatings. With a stable consistency for walls and other vertical surfaces.&#160;<br \/>\nDue to its innovative formulation, the coating compound has good elasticity, high static crack-bridging of 0.4 mm at 23 \u00b0C \/&#160;73.4 \u00b0F as well as a good flexibility to cold temperatures.<\/p>\n","protected":false},"featured_media":63762,"template":"","meta":{"_acf_changed":false},"product_brand":[],"product_cat":[9609,9642],"product_tag":[],"class_list":{"0":"post-56311","1":"product","2":"type-product","3":"status-publish","4":"has-post-thumbnail","6":"product_cat-coatings","7":"product_cat-compound-seals","9":"first","10":"instock","11":"shipping-taxable","12":"product-type-simple"},"acf":{"product_header":{"module_product_header":{"":null,"prototype_headline":{"headline":"KLB-SYSTEM ABDICHTUNG CW 512","h1":true,"subheadline":"Low-emission and elastic 2-component polyurethane wall waterproofing with static crack-briding, tested according to&#160;EAD 030352-00-0503","anchor":"","url":""},"grid_text_slider":false,"grid_text_content":[{"text":"<p class=\"product-short-title\" style=\"text-align: center;\"><strong>Brief description<\/strong><\/p>\n<p><strong>KLB-SYSTEM ABDICHTUNG CW 512&#160;<\/strong>is an elastic, crack-bridging, low-emission 2-component polyurethane composite waterproofing, which is used for sealing walls in wet areas based on&#160;EAD 030352-00-0503 (replacing ETAG 022-2). Suitable for use in areas subject to wet loads&#160;(W1-I to W3-I according to DIN 18534 Part 3), such as private or commercial bathrooms, kitchens or other industrially used rooms in food processing \u2013&#160;in composite with coatings. With a stable consistency for walls and other vertical surfaces.&#160;<\/p>\n<p>Due to its innovative formulation, the coating compound has good elasticity, high static crack-bridging of 0.4 mm at 23 \u00b0C \/&#160;73.4 \u00b0F as well as a good flexibility to cold temperatures.<\/p>\n","width":"4","background_color_text":"bg-white","border_color":"border-gray-light"},{"text":"<p class=\"product-sicing-title\" style=\"text-align: center;\"><strong>Packaging units<\/strong><\/p>\n<ul>\n<li>AK6957-61 &#8211; Bucket combo 10.00 kg<\/li>\n<\/ul>\n<p><\/p>\n<p>Please do not hesitate to contact us directly for enquiries about larger delivery quantities or packaging units.<\/p>\n\n","width":"4","background_color_text":"bg-white","border_color":"border-gray-light"},{"text":"<p class=\"product-attr-title\" style=\"text-align: center;\"><strong>Properties<\/strong><\/p>\n<ul>\n<li>low-emission formulation<\/li>\n<li>EMICODE\u00ae EC 1PLUS certified<\/li>\n<li>good processing properties<\/li>\n<li>stable setting<\/li>\n<li>low-shrink<\/li>\n<li>static crack-bridging<\/li>\n<li>extremely resistant to mechanical loading<\/li>\n<li>good resistance to water and chemicals<\/li>\n<li>coatable with reactive resins<\/li>\n<\/ul>\n","width":"4","background_color_text":"bg-white","border_color":"border-gray-light"}],"background_color":"bg-none","background_color_content":"bg-none"}},"downloads":{"module_download_list":{"inhalt":null,"downloads":[{"download":{"ID":69775,"id":69775,"title":"CW_512_PI_en_2026_04-2","filename":"CW_512_PI_en_2026_04-2.pdf","filesize":631996,"url":"https:\/\/www.klb-koetztal.de\/app\/uploads\/2026\/04\/CW_512_PI_en_2026_04-2.pdf","link":"https:\/\/www.klb-koetztal.de\/en\/?attachment_id=69775","alt":"","author":"7","description":"","caption":"","name":"cw_512_pi_en_2026_04-2-2","status":"inherit","uploaded_to":0,"date":"2026-04-10 06:04:10","modified":"2026-04-10 06:04:10","menu_order":0,"mime_type":"application\/pdf","type":"application","subtype":"pdf","icon":"https:\/\/www.klb-koetztal.de\/wp\/wp-includes\/images\/media\/document.png"},"filename":"Product Information","protected":false,"doclang":"GB","externalkey":"Produktinformation","docpos":"2"},{"download":{"ID":69778,"id":69778,"title":"CW_512_PI_fr_2026_04","filename":"CW_512_PI_fr_2026_04.pdf","filesize":848310,"url":"https:\/\/www.klb-koetztal.de\/app\/uploads\/2026\/04\/CW_512_PI_fr_2026_04.pdf","link":"https:\/\/www.klb-koetztal.de\/en\/?attachment_id=69778","alt":"","author":"7","description":"","caption":"","name":"cw_512_pi_fr_2026_04-2","status":"inherit","uploaded_to":0,"date":"2026-04-10 06:04:12","modified":"2026-04-10 06:04:12","menu_order":0,"mime_type":"application\/pdf","type":"application","subtype":"pdf","icon":"https:\/\/www.klb-koetztal.de\/wp\/wp-includes\/images\/media\/document.png"},"filename":"Information Produit FR","protected":false,"doclang":"FR","externalkey":"Produktinformation","docpos":"3"},{"download":{"ID":56198,"id":56198,"title":"CW512_Umwelt-Deklaration_2023-03","filename":"CW512_Umwelt-Deklaration_2023-03.pdf","filesize":2559987,"url":"https:\/\/www.klb-koetztal.de\/app\/uploads\/2023\/05\/CW512_Umwelt-Deklaration_2023-03.pdf","link":"https:\/\/www.klb-koetztal.de\/en\/?attachment_id=56198","alt":"","author":"7","description":"","caption":"","name":"cw512_umwelt-deklaration_2023-03-2","status":"inherit","uploaded_to":0,"date":"2023-05-05 13:00:11","modified":"2023-05-05 13:00:11","menu_order":0,"mime_type":"application\/pdf","type":"application","subtype":"pdf","icon":"https:\/\/www.klb-koetztal.de\/wp\/wp-includes\/images\/media\/document.png"},"filename":"EPD - Environmental Product Declaration","protected":false,"doclang":"Multi","externalkey":"Umweltproduktdeklaration","docpos":"50"},{"download":false,"filename":"Safety data sheet","protected":true,"doclang":"GB","externalkey":"Sicherheitsdatenblatt","docpos":"2"},{"download":false,"filename":"Fiche de donn\u00e9es de s\u00e9curit\u00e9 FR","protected":true,"doclang":"FR","externalkey":"Sicherheitsdatenblatt","docpos":"3"}],"einstellungen":null,"background_color":"bg-none","background_color_content":"bg-none"}},"included_in_systems":{"module_included_in_systems":{"":null,"background_color":"bg-gray-medium","background_color_content":"bg-none"}},"contact":{"module_contact":{"":null,"background_color":"bg-none","background_color_content":"bg-none"}},"ausschreibende":{"module_ausschreibende":{"andern_sie_den_inhalt_unter_universelle_elemente":null,"background_color":"bg-none","background_color_content":"bg-none"}}},"yoast_head":"<!-- This site is optimized with the Yoast SEO plugin v27.0 - https:\/\/yoast.com\/product\/yoast-seo-wordpress\/ -->\n<title>Tested composite waterproofing for wall coatings CW 512 | KLB<\/title>\n<meta name=\"description\" content=\"Low-emission, elastic 2-component polyurethane wall waterproofing CW 512 with static crack-bridging \u2714\ufe0f tested acc. to EAD 030352-00-0503, former ETAG 022\" \/>\n<meta name=\"robots\" content=\"noindex, follow, max-snippet:-1, max-image-preview:large, max-video-preview:-1\" \/>\n<meta property=\"og:locale\" content=\"en_GB\" \/>\n<meta property=\"og:type\" content=\"article\" \/>\n<meta property=\"og:title\" content=\"Tested composite waterproofing for wall coatings CW 512 | KLB\" \/>\n<meta property=\"og:description\" content=\"Low-emission, elastic 2-component polyurethane wall waterproofing CW 512 with static crack-bridging \u2714\ufe0f tested acc. to EAD 030352-00-0503, former ETAG 022\" \/>\n<meta property=\"og:url\" content=\"https:\/\/www.klb-koetztal.de\/en\/produkt\/klb-system-abdichtung-cw-512\/\" \/>\n<meta property=\"og:site_name\" content=\"KLB K\u00f6tztal\" \/>\n<meta property=\"article:publisher\" content=\"https:\/\/www.facebook.com\/klbkoetztal\" \/>\n<meta property=\"article:modified_time\" content=\"2026-04-10T06:04:07+00:00\" \/>\n<meta property=\"og:image\" content=\"https:\/\/www.klb-koetztal.de\/app\/uploads\/2024\/11\/KLB_CW_512_10kg_2kg_600px.jpg\" \/>\n\t<meta property=\"og:image:width\" content=\"600\" \/>\n\t<meta property=\"og:image:height\" content=\"600\" \/>\n\t<meta property=\"og:image:type\" content=\"image\/jpeg\" \/>\n<meta name=\"twitter:card\" content=\"summary_large_image\" \/>\n<script type=\"application\/ld+json\" class=\"yoast-schema-graph\">{\"@context\":\"https:\/\/schema.org\",\"@graph\":[{\"@type\":\"WebPage\",\"@id\":\"https:\/\/www.klb-koetztal.de\/en\/produkt\/klb-system-abdichtung-cw-512\/\",\"url\":\"https:\/\/www.klb-koetztal.de\/en\/produkt\/klb-system-abdichtung-cw-512\/\",\"name\":\"Tested composite waterproofing for wall coatings CW 512 | KLB\",\"isPartOf\":{\"@id\":\"https:\/\/www.klb-koetztal.de\/en\/#website\"},\"primaryImageOfPage\":{\"@id\":\"https:\/\/www.klb-koetztal.de\/en\/produkt\/klb-system-abdichtung-cw-512\/#primaryimage\"},\"image\":{\"@id\":\"https:\/\/www.klb-koetztal.de\/en\/produkt\/klb-system-abdichtung-cw-512\/#primaryimage\"},\"thumbnailUrl\":\"https:\/\/www.klb-koetztal.de\/app\/uploads\/2024\/11\/KLB_CW_512_10kg_2kg_600px.jpg\",\"datePublished\":\"2023-05-15T13:50:03+00:00\",\"dateModified\":\"2026-04-10T06:04:07+00:00\",\"description\":\"Low-emission, elastic 2-component polyurethane wall waterproofing CW 512 with static crack-bridging \u2714\ufe0f tested acc. to EAD 030352-00-0503, former ETAG 022\",\"breadcrumb\":{\"@id\":\"https:\/\/www.klb-koetztal.de\/en\/produkt\/klb-system-abdichtung-cw-512\/#breadcrumb\"},\"inLanguage\":\"en-GB\",\"potentialAction\":[{\"@type\":\"ReadAction\",\"target\":[\"https:\/\/www.klb-koetztal.de\/en\/produkt\/klb-system-abdichtung-cw-512\/\"]}]},{\"@type\":\"ImageObject\",\"inLanguage\":\"en-GB\",\"@id\":\"https:\/\/www.klb-koetztal.de\/en\/produkt\/klb-system-abdichtung-cw-512\/#primaryimage\",\"url\":\"https:\/\/www.klb-koetztal.de\/app\/uploads\/2024\/11\/KLB_CW_512_10kg_2kg_600px.jpg\",\"contentUrl\":\"https:\/\/www.klb-koetztal.de\/app\/uploads\/2024\/11\/KLB_CW_512_10kg_2kg_600px.jpg\",\"width\":600,\"height\":600},{\"@type\":\"BreadcrumbList\",\"@id\":\"https:\/\/www.klb-koetztal.de\/en\/produkt\/klb-system-abdichtung-cw-512\/#breadcrumb\",\"itemListElement\":[{\"@type\":\"ListItem\",\"position\":1,\"name\":\"Startseite\",\"item\":\"https:\/\/www.klb-koetztal.de\/en\/\"},{\"@type\":\"ListItem\",\"position\":2,\"name\":\"KLB-SYSTEM ABDICHTUNG CW 512\"}]},{\"@type\":\"WebSite\",\"@id\":\"https:\/\/www.klb-koetztal.de\/en\/#website\",\"url\":\"https:\/\/www.klb-koetztal.de\/en\/\",\"name\":\"KLB K\u00f6tztal\",\"description\":\"Gute B\u00f6den haben ein System.\",\"potentialAction\":[{\"@type\":\"SearchAction\",\"target\":{\"@type\":\"EntryPoint\",\"urlTemplate\":\"https:\/\/www.klb-koetztal.de\/en\/?s={search_term_string}\"},\"query-input\":{\"@type\":\"PropertyValueSpecification\",\"valueRequired\":true,\"valueName\":\"search_term_string\"}}],\"inLanguage\":\"en-GB\"}]}<\/script>\n<!-- \/ Yoast SEO plugin. -->","yoast_head_json":{"title":"Tested composite waterproofing for wall coatings CW 512 | KLB","description":"Low-emission, elastic 2-component polyurethane wall waterproofing CW 512 with static crack-bridging \u2714\ufe0f tested acc. to EAD 030352-00-0503, former ETAG 022","robots":{"index":"noindex","follow":"follow","max-snippet":"max-snippet:-1","max-image-preview":"max-image-preview:large","max-video-preview":"max-video-preview:-1"},"og_locale":"en_GB","og_type":"article","og_title":"Tested composite waterproofing for wall coatings CW 512 | KLB","og_description":"Low-emission, elastic 2-component polyurethane wall waterproofing CW 512 with static crack-bridging \u2714\ufe0f tested acc. to EAD 030352-00-0503, former ETAG 022","og_url":"https:\/\/www.klb-koetztal.de\/en\/produkt\/klb-system-abdichtung-cw-512\/","og_site_name":"KLB K\u00f6tztal","article_publisher":"https:\/\/www.facebook.com\/klbkoetztal","article_modified_time":"2026-04-10T06:04:07+00:00","og_image":[{"width":600,"height":600,"url":"https:\/\/www.klb-koetztal.de\/app\/uploads\/2024\/11\/KLB_CW_512_10kg_2kg_600px.jpg","type":"image\/jpeg"}],"twitter_card":"summary_large_image","schema":{"@context":"https:\/\/schema.org","@graph":[{"@type":"WebPage","@id":"https:\/\/www.klb-koetztal.de\/en\/produkt\/klb-system-abdichtung-cw-512\/","url":"https:\/\/www.klb-koetztal.de\/en\/produkt\/klb-system-abdichtung-cw-512\/","name":"Tested composite waterproofing for wall coatings CW 512 | KLB","isPartOf":{"@id":"https:\/\/www.klb-koetztal.de\/en\/#website"},"primaryImageOfPage":{"@id":"https:\/\/www.klb-koetztal.de\/en\/produkt\/klb-system-abdichtung-cw-512\/#primaryimage"},"image":{"@id":"https:\/\/www.klb-koetztal.de\/en\/produkt\/klb-system-abdichtung-cw-512\/#primaryimage"},"thumbnailUrl":"https:\/\/www.klb-koetztal.de\/app\/uploads\/2024\/11\/KLB_CW_512_10kg_2kg_600px.jpg","datePublished":"2023-05-15T13:50:03+00:00","dateModified":"2026-04-10T06:04:07+00:00","description":"Low-emission, elastic 2-component polyurethane wall waterproofing CW 512 with static crack-bridging \u2714\ufe0f tested acc. to EAD 030352-00-0503, former ETAG 022","breadcrumb":{"@id":"https:\/\/www.klb-koetztal.de\/en\/produkt\/klb-system-abdichtung-cw-512\/#breadcrumb"},"inLanguage":"en-GB","potentialAction":[{"@type":"ReadAction","target":["https:\/\/www.klb-koetztal.de\/en\/produkt\/klb-system-abdichtung-cw-512\/"]}]},{"@type":"ImageObject","inLanguage":"en-GB","@id":"https:\/\/www.klb-koetztal.de\/en\/produkt\/klb-system-abdichtung-cw-512\/#primaryimage","url":"https:\/\/www.klb-koetztal.de\/app\/uploads\/2024\/11\/KLB_CW_512_10kg_2kg_600px.jpg","contentUrl":"https:\/\/www.klb-koetztal.de\/app\/uploads\/2024\/11\/KLB_CW_512_10kg_2kg_600px.jpg","width":600,"height":600},{"@type":"BreadcrumbList","@id":"https:\/\/www.klb-koetztal.de\/en\/produkt\/klb-system-abdichtung-cw-512\/#breadcrumb","itemListElement":[{"@type":"ListItem","position":1,"name":"Startseite","item":"https:\/\/www.klb-koetztal.de\/en\/"},{"@type":"ListItem","position":2,"name":"KLB-SYSTEM ABDICHTUNG CW 512"}]},{"@type":"WebSite","@id":"https:\/\/www.klb-koetztal.de\/en\/#website","url":"https:\/\/www.klb-koetztal.de\/en\/","name":"KLB K\u00f6tztal","description":"Gute B\u00f6den haben ein System.","potentialAction":[{"@type":"SearchAction","target":{"@type":"EntryPoint","urlTemplate":"https:\/\/www.klb-koetztal.de\/en\/?s={search_term_string}"},"query-input":{"@type":"PropertyValueSpecification","valueRequired":true,"valueName":"search_term_string"}}],"inLanguage":"en-GB"}]}},"_links":{"self":[{"href":"https:\/\/www.klb-koetztal.de\/en\/wp-json\/wp\/v2\/product\/56311","targetHints":{"allow":["GET"]}}],"collection":[{"href":"https:\/\/www.klb-koetztal.de\/en\/wp-json\/wp\/v2\/product"}],"about":[{"href":"https:\/\/www.klb-koetztal.de\/en\/wp-json\/wp\/v2\/types\/product"}],"wp:featuredmedia":[{"embeddable":true,"href":"https:\/\/www.klb-koetztal.de\/en\/wp-json\/wp\/v2\/media\/63762"}],"wp:attachment":[{"href":"https:\/\/www.klb-koetztal.de\/en\/wp-json\/wp\/v2\/media?parent=56311"}],"wp:term":[{"taxonomy":"product_brand","embeddable":true,"href":"https:\/\/www.klb-koetztal.de\/en\/wp-json\/wp\/v2\/product_brand?post=56311"},{"taxonomy":"product_cat","embeddable":true,"href":"https:\/\/www.klb-koetztal.de\/en\/wp-json\/wp\/v2\/product_cat?post=56311"},{"taxonomy":"product_tag","embeddable":true,"href":"https:\/\/www.klb-koetztal.de\/en\/wp-json\/wp\/v2\/product_tag?post=56311"}],"curies":[{"name":"wp","href":"https:\/\/api.w.org\/{rel}","templated":true}]}}