{"id":56103,"date":"2023-04-28T10:58:43","date_gmt":"2023-04-28T08:58:43","guid":{"rendered":"https:\/\/www.klb-koetztal.de\/produkt\/klb-system-ec-450-decor\/"},"modified":"2026-04-01T12:21:07","modified_gmt":"2026-04-01T10:21:07","slug":"klb-system-ec-450-decor","status":"publish","type":"product","link":"https:\/\/www.klb-koetztal.de\/en\/produkt\/klb-system-ec-450-decor\/","title":{"rendered":"KLB-SYSTEM EC 450 DECOR"},"content":{"rendered":"","protected":false},"excerpt":{"rendered":"<p>KLB-SYSTEM EC 450 DECOR is used as a 3-component design trowelling compound for producing coloured, low-emission, decorative, jointless wall and floor coverings in Stucco Veneziano look which are applied in several work steps.<br \/>\nDepending on the requirements for durability and appearance, application is done&#160;in at least 2 trowel coats and different colour shades.<\/p>\n","protected":false},"featured_media":51413,"template":"","meta":{"_acf_changed":false},"product_brand":[],"product_cat":[9609,9631,9627],"product_tag":[],"class_list":{"0":"post-56103","1":"product","2":"type-product","3":"status-publish","4":"has-post-thumbnail","6":"product_cat-coatings","7":"product_cat-vapour-permeable-coatings-and-sealers","8":"product_cat-wall-coatings-and-sealers","10":"first","11":"instock","12":"shipping-taxable","13":"product-type-simple"},"acf":{"product_header":{"module_product_header":{"":null,"prototype_headline":{"headline":"KLB-SYSTEM EC 450 DECOR","h1":true,"subheadline":"Coloured, low-emission 3-component design trowel coating for jointless, decorative wall and floor coverings","anchor":"","url":""},"grid_text_slider":false,"grid_text_content":[{"text":"<p class=\"product-short-title\" style=\"text-align: center;\"><strong>Brief description<\/strong><\/p>\n<p>KLB-SYSTEM EC 450 DECOR is used as a 3-component design trowelling compound for producing coloured, low-emission, decorative, jointless wall and floor coverings in Stucco Veneziano look which are applied in several work steps.<\/p>\n<p>Depending on the requirements for durability and appearance, application is done&#160;in at least 2 trowel coats and different colour shades.<\/p>\n","width":"4","background_color_text":"bg-white","border_color":"border-gray-light"},{"text":"<p class=\"product-sicing-title\" style=\"text-align: center;\"><strong>Packaging units<\/strong><\/p>\n<ul>\n<li>AK6987-51 &#8211; Combo packaging 13.40 kg<\/li>\n<\/ul>\n<p><\/p>\n<p>Please do not hesitate to contact us directly for enquiries about larger delivery quantities or packaging units.<\/p>\n\n","width":"4","background_color_text":"bg-white","border_color":"border-gray-light"},{"text":"<p class=\"product-attr-title\" style=\"text-align: center;\"><strong>Properties<\/strong><\/p>\n<ul>\n<li>decorative, appealing surface<\/li>\n<li>low-grade yellowing<\/li>\n<li>suitable for renovations<\/li>\n<li>low susceptibility to staining<\/li>\n<li>good cleanability<\/li>\n<li>environmentally friendly<\/li>\n<li>tested, low-emission quality<\/li>\n<li>very economical<\/li>\n<li>easy application<\/li>\n<\/ul>\n","width":"4","background_color_text":"bg-white","border_color":"border-gray-light"}],"background_color":"bg-none","background_color_content":"bg-none"}},"downloads":{"module_download_list":{"inhalt":null,"downloads":[{"download":{"ID":68921,"id":68921,"title":"EC_450_DECOR_PI_en_2026_02-1","filename":"EC_450_DECOR_PI_en_2026_02-1.pdf","filesize":1131502,"url":"https:\/\/www.klb-koetztal.de\/app\/uploads\/2026\/02\/EC_450_DECOR_PI_en_2026_02-1.pdf","link":"https:\/\/www.klb-koetztal.de\/en\/?attachment_id=68921","alt":"","author":"7","description":"","caption":"","name":"ec_450_decor_pi_en_2026_02-1-2","status":"inherit","uploaded_to":0,"date":"2026-02-25 10:16:28","modified":"2026-02-25 10:16:28","menu_order":0,"mime_type":"application\/pdf","type":"application","subtype":"pdf","icon":"https:\/\/www.klb-koetztal.de\/wp\/wp-includes\/images\/media\/document.png"},"filename":"Product Information","protected":false,"doclang":"GB","externalkey":"Produktinformation","docpos":"2"},{"download":{"ID":69342,"id":69342,"title":"EC_450_DECOR_PI_fr_2026_02","filename":"EC_450_DECOR_PI_fr_2026_02.pdf","filesize":1143896,"url":"https:\/\/www.klb-koetztal.de\/app\/uploads\/2026\/03\/EC_450_DECOR_PI_fr_2026_02.pdf","link":"https:\/\/www.klb-koetztal.de\/en\/?attachment_id=69342","alt":"","author":"7","description":"","caption":"","name":"ec_450_decor_pi_fr_2026_02-2-2","status":"inherit","uploaded_to":0,"date":"2026-03-16 13:20:51","modified":"2026-03-16 13:20:51","menu_order":0,"mime_type":"application\/pdf","type":"application","subtype":"pdf","icon":"https:\/\/www.klb-koetztal.de\/wp\/wp-includes\/images\/media\/document.png"},"filename":"Information Produit FR","protected":false,"doclang":"FR","externalkey":"Produktinformation","docpos":"3"},{"download":{"ID":69348,"id":69348,"title":"EC_450_DECOR_LE_en_2026_02","filename":"EC_450_DECOR_LE_en_2026_02.pdf","filesize":837309,"url":"https:\/\/www.klb-koetztal.de\/app\/uploads\/2026\/03\/EC_450_DECOR_LE_en_2026_02.pdf","link":"https:\/\/www.klb-koetztal.de\/en\/?attachment_id=69348","alt":"","author":"7","description":"","caption":"","name":"ec_450_decor_le_en_2026_02-2","status":"inherit","uploaded_to":0,"date":"2026-03-16 13:20:58","modified":"2026-03-16 13:20:58","menu_order":0,"mime_type":"application\/pdf","type":"application","subtype":"pdf","icon":"https:\/\/www.klb-koetztal.de\/wp\/wp-includes\/images\/media\/document.png"},"filename":"Statement of performance","protected":false,"doclang":"GB","externalkey":"Leistungserklaerung","docpos":"2"},{"download":{"ID":69516,"id":69516,"title":"EC_450_DECOR_LE_fr_2026_02-1","filename":"EC_450_DECOR_LE_fr_2026_02-1.pdf","filesize":840316,"url":"https:\/\/www.klb-koetztal.de\/app\/uploads\/2026\/03\/EC_450_DECOR_LE_fr_2026_02-1.pdf","link":"https:\/\/www.klb-koetztal.de\/en\/?attachment_id=69516","alt":"","author":"7","description":"","caption":"","name":"ec_450_decor_le_fr_2026_02-1-2","status":"inherit","uploaded_to":0,"date":"2026-03-16 15:09:33","modified":"2026-03-16 15:09:33","menu_order":0,"mime_type":"application\/pdf","type":"application","subtype":"pdf","icon":"https:\/\/www.klb-koetztal.de\/wp\/wp-includes\/images\/media\/document.png"},"filename":"Declaration of performance","protected":false,"doclang":"FR","externalkey":"Leistungserklaerung","docpos":"3"},{"download":false,"filename":"Safety data sheet","protected":true,"doclang":"GB","externalkey":"Sicherheitsdatenblatt","docpos":"2"},{"download":false,"filename":"Fiche de donn\u00e9es de s\u00e9curit\u00e9 FR","protected":true,"doclang":"FR","externalkey":"Sicherheitsdatenblatt","docpos":"3"},{"download":{"ID":52547,"id":52547,"title":"Farbkarte_EN_KLB_EC_450-DECOR_08_2022","filename":"Farbkarte_EN_KLB_EC_450-DECOR_08_2022.pdf","filesize":578053,"url":"https:\/\/www.klb-koetztal.de\/app\/uploads\/2022\/09\/Farbkarte_EN_KLB_EC_450-DECOR_08_2022.pdf","link":"https:\/\/www.klb-koetztal.de\/en\/?attachment_id=52547","alt":"","author":"7","description":"","caption":"","name":"farbkarte_en_klb_ec_450-decor_08_2022-2","status":"inherit","uploaded_to":0,"date":"2022-09-22 06:56:34","modified":"2022-09-22 06:56:34","menu_order":0,"mime_type":"application\/pdf","type":"application","subtype":"pdf","icon":"https:\/\/www.klb-koetztal.de\/wp\/wp-includes\/images\/media\/document.png"},"filename":"Colour charts EN","protected":false,"doclang":"GB","externalkey":"Farbkarten","docpos":"2"}],"einstellungen":null,"background_color":"bg-none","background_color_content":"bg-none"}},"included_in_systems":{"module_included_in_systems":{"":null,"background_color":"bg-gray-medium","background_color_content":"bg-none"}},"contact":{"module_contact":{"":null,"background_color":"bg-none","background_color_content":"bg-none"}},"ausschreibende":{"module_ausschreibende":{"andern_sie_den_inhalt_unter_universelle_elemente":null,"background_color":"bg-none","background_color_content":"bg-none"}}},"yoast_head":"<!-- This site is optimized with the Yoast SEO plugin v27.0 - https:\/\/yoast.com\/product\/yoast-seo-wordpress\/ -->\n<title>Decorative trowel effect floor - EC 450 DECOR - KLB K\u00f6tztal<\/title>\n<meta name=\"description\" content=\"Mineral design coating for coloured, decorative wall and floor coverings in Stucco Veneziano look | KLB design floor \u2714\ufe0f low-emission, low-odour\" \/>\n<meta name=\"robots\" content=\"noindex, follow, max-snippet:-1, max-image-preview:large, max-video-preview:-1\" \/>\n<meta property=\"og:locale\" content=\"en_GB\" \/>\n<meta property=\"og:type\" content=\"article\" \/>\n<meta property=\"og:title\" content=\"Decorative trowel effect floor - EC 450 DECOR - KLB K\u00f6tztal\" \/>\n<meta property=\"og:description\" content=\"Mineral design coating for coloured, decorative wall and floor coverings in Stucco Veneziano look | KLB design floor \u2714\ufe0f low-emission, low-odour\" \/>\n<meta property=\"og:url\" content=\"https:\/\/www.klb-koetztal.de\/en\/produkt\/klb-system-ec-450-decor\/\" \/>\n<meta property=\"og:site_name\" content=\"KLB K\u00f6tztal\" \/>\n<meta property=\"article:publisher\" content=\"https:\/\/www.facebook.com\/klbkoetztal\" \/>\n<meta property=\"article:modified_time\" content=\"2026-04-01T10:21:07+00:00\" \/>\n<meta property=\"og:image\" content=\"https:\/\/www.klb-koetztal.de\/app\/uploads\/2022\/07\/EC450-Decor_600px_Kombi.jpg\" \/>\n\t<meta property=\"og:image:width\" content=\"600\" \/>\n\t<meta property=\"og:image:height\" content=\"600\" \/>\n\t<meta property=\"og:image:type\" content=\"image\/jpeg\" \/>\n<meta name=\"twitter:card\" content=\"summary_large_image\" \/>\n<script type=\"application\/ld+json\" class=\"yoast-schema-graph\">{\"@context\":\"https:\/\/schema.org\",\"@graph\":[{\"@type\":\"WebPage\",\"@id\":\"https:\/\/www.klb-koetztal.de\/en\/produkt\/klb-system-ec-450-decor\/\",\"url\":\"https:\/\/www.klb-koetztal.de\/en\/produkt\/klb-system-ec-450-decor\/\",\"name\":\"Decorative trowel effect floor - EC 450 DECOR - KLB K\u00f6tztal\",\"isPartOf\":{\"@id\":\"https:\/\/www.klb-koetztal.de\/en\/#website\"},\"primaryImageOfPage\":{\"@id\":\"https:\/\/www.klb-koetztal.de\/en\/produkt\/klb-system-ec-450-decor\/#primaryimage\"},\"image\":{\"@id\":\"https:\/\/www.klb-koetztal.de\/en\/produkt\/klb-system-ec-450-decor\/#primaryimage\"},\"thumbnailUrl\":\"https:\/\/www.klb-koetztal.de\/app\/uploads\/2022\/07\/EC450-Decor_600px_Kombi.jpg\",\"datePublished\":\"2023-04-28T08:58:43+00:00\",\"dateModified\":\"2026-04-01T10:21:07+00:00\",\"description\":\"Mineral design coating for coloured, decorative wall and floor coverings in Stucco Veneziano look | KLB design floor \u2714\ufe0f low-emission, low-odour\",\"breadcrumb\":{\"@id\":\"https:\/\/www.klb-koetztal.de\/en\/produkt\/klb-system-ec-450-decor\/#breadcrumb\"},\"inLanguage\":\"en-GB\",\"potentialAction\":[{\"@type\":\"ReadAction\",\"target\":[\"https:\/\/www.klb-koetztal.de\/en\/produkt\/klb-system-ec-450-decor\/\"]}]},{\"@type\":\"ImageObject\",\"inLanguage\":\"en-GB\",\"@id\":\"https:\/\/www.klb-koetztal.de\/en\/produkt\/klb-system-ec-450-decor\/#primaryimage\",\"url\":\"https:\/\/www.klb-koetztal.de\/app\/uploads\/2022\/07\/EC450-Decor_600px_Kombi.jpg\",\"contentUrl\":\"https:\/\/www.klb-koetztal.de\/app\/uploads\/2022\/07\/EC450-Decor_600px_Kombi.jpg\",\"width\":600,\"height\":600},{\"@type\":\"BreadcrumbList\",\"@id\":\"https:\/\/www.klb-koetztal.de\/en\/produkt\/klb-system-ec-450-decor\/#breadcrumb\",\"itemListElement\":[{\"@type\":\"ListItem\",\"position\":1,\"name\":\"Startseite\",\"item\":\"https:\/\/www.klb-koetztal.de\/en\/\"},{\"@type\":\"ListItem\",\"position\":2,\"name\":\"KLB-SYSTEM EC 450 DECOR\"}]},{\"@type\":\"WebSite\",\"@id\":\"https:\/\/www.klb-koetztal.de\/en\/#website\",\"url\":\"https:\/\/www.klb-koetztal.de\/en\/\",\"name\":\"KLB K\u00f6tztal\",\"description\":\"Gute B\u00f6den haben ein System.\",\"potentialAction\":[{\"@type\":\"SearchAction\",\"target\":{\"@type\":\"EntryPoint\",\"urlTemplate\":\"https:\/\/www.klb-koetztal.de\/en\/?s={search_term_string}\"},\"query-input\":{\"@type\":\"PropertyValueSpecification\",\"valueRequired\":true,\"valueName\":\"search_term_string\"}}],\"inLanguage\":\"en-GB\"}]}<\/script>\n<!-- \/ Yoast SEO plugin. -->","yoast_head_json":{"title":"Decorative trowel effect floor - EC 450 DECOR - KLB K\u00f6tztal","description":"Mineral design coating for coloured, decorative wall and floor coverings in Stucco Veneziano look | KLB design floor \u2714\ufe0f low-emission, low-odour","robots":{"index":"noindex","follow":"follow","max-snippet":"max-snippet:-1","max-image-preview":"max-image-preview:large","max-video-preview":"max-video-preview:-1"},"og_locale":"en_GB","og_type":"article","og_title":"Decorative trowel effect floor - EC 450 DECOR - KLB K\u00f6tztal","og_description":"Mineral design coating for coloured, decorative wall and floor coverings in Stucco Veneziano look | KLB design floor \u2714\ufe0f low-emission, low-odour","og_url":"https:\/\/www.klb-koetztal.de\/en\/produkt\/klb-system-ec-450-decor\/","og_site_name":"KLB K\u00f6tztal","article_publisher":"https:\/\/www.facebook.com\/klbkoetztal","article_modified_time":"2026-04-01T10:21:07+00:00","og_image":[{"width":600,"height":600,"url":"https:\/\/www.klb-koetztal.de\/app\/uploads\/2022\/07\/EC450-Decor_600px_Kombi.jpg","type":"image\/jpeg"}],"twitter_card":"summary_large_image","schema":{"@context":"https:\/\/schema.org","@graph":[{"@type":"WebPage","@id":"https:\/\/www.klb-koetztal.de\/en\/produkt\/klb-system-ec-450-decor\/","url":"https:\/\/www.klb-koetztal.de\/en\/produkt\/klb-system-ec-450-decor\/","name":"Decorative trowel effect floor - EC 450 DECOR - KLB K\u00f6tztal","isPartOf":{"@id":"https:\/\/www.klb-koetztal.de\/en\/#website"},"primaryImageOfPage":{"@id":"https:\/\/www.klb-koetztal.de\/en\/produkt\/klb-system-ec-450-decor\/#primaryimage"},"image":{"@id":"https:\/\/www.klb-koetztal.de\/en\/produkt\/klb-system-ec-450-decor\/#primaryimage"},"thumbnailUrl":"https:\/\/www.klb-koetztal.de\/app\/uploads\/2022\/07\/EC450-Decor_600px_Kombi.jpg","datePublished":"2023-04-28T08:58:43+00:00","dateModified":"2026-04-01T10:21:07+00:00","description":"Mineral design coating for coloured, decorative wall and floor coverings in Stucco Veneziano look | KLB design floor \u2714\ufe0f low-emission, low-odour","breadcrumb":{"@id":"https:\/\/www.klb-koetztal.de\/en\/produkt\/klb-system-ec-450-decor\/#breadcrumb"},"inLanguage":"en-GB","potentialAction":[{"@type":"ReadAction","target":["https:\/\/www.klb-koetztal.de\/en\/produkt\/klb-system-ec-450-decor\/"]}]},{"@type":"ImageObject","inLanguage":"en-GB","@id":"https:\/\/www.klb-koetztal.de\/en\/produkt\/klb-system-ec-450-decor\/#primaryimage","url":"https:\/\/www.klb-koetztal.de\/app\/uploads\/2022\/07\/EC450-Decor_600px_Kombi.jpg","contentUrl":"https:\/\/www.klb-koetztal.de\/app\/uploads\/2022\/07\/EC450-Decor_600px_Kombi.jpg","width":600,"height":600},{"@type":"BreadcrumbList","@id":"https:\/\/www.klb-koetztal.de\/en\/produkt\/klb-system-ec-450-decor\/#breadcrumb","itemListElement":[{"@type":"ListItem","position":1,"name":"Startseite","item":"https:\/\/www.klb-koetztal.de\/en\/"},{"@type":"ListItem","position":2,"name":"KLB-SYSTEM EC 450 DECOR"}]},{"@type":"WebSite","@id":"https:\/\/www.klb-koetztal.de\/en\/#website","url":"https:\/\/www.klb-koetztal.de\/en\/","name":"KLB K\u00f6tztal","description":"Gute B\u00f6den haben ein System.","potentialAction":[{"@type":"SearchAction","target":{"@type":"EntryPoint","urlTemplate":"https:\/\/www.klb-koetztal.de\/en\/?s={search_term_string}"},"query-input":{"@type":"PropertyValueSpecification","valueRequired":true,"valueName":"search_term_string"}}],"inLanguage":"en-GB"}]}},"_links":{"self":[{"href":"https:\/\/www.klb-koetztal.de\/en\/wp-json\/wp\/v2\/product\/56103","targetHints":{"allow":["GET"]}}],"collection":[{"href":"https:\/\/www.klb-koetztal.de\/en\/wp-json\/wp\/v2\/product"}],"about":[{"href":"https:\/\/www.klb-koetztal.de\/en\/wp-json\/wp\/v2\/types\/product"}],"wp:featuredmedia":[{"embeddable":true,"href":"https:\/\/www.klb-koetztal.de\/en\/wp-json\/wp\/v2\/media\/51413"}],"wp:attachment":[{"href":"https:\/\/www.klb-koetztal.de\/en\/wp-json\/wp\/v2\/media?parent=56103"}],"wp:term":[{"taxonomy":"product_brand","embeddable":true,"href":"https:\/\/www.klb-koetztal.de\/en\/wp-json\/wp\/v2\/product_brand?post=56103"},{"taxonomy":"product_cat","embeddable":true,"href":"https:\/\/www.klb-koetztal.de\/en\/wp-json\/wp\/v2\/product_cat?post=56103"},{"taxonomy":"product_tag","embeddable":true,"href":"https:\/\/www.klb-koetztal.de\/en\/wp-json\/wp\/v2\/product_tag?post=56103"}],"curies":[{"name":"wp","href":"https:\/\/api.w.org\/{rel}","templated":true}]}}