{"id":51126,"date":"2022-05-04T09:46:30","date_gmt":"2022-05-04T07:46:30","guid":{"rendered":"https:\/\/www.klb-koetztal.de\/produkt\/klb-system-polyurethan-pu-68-rapid-u\/"},"modified":"2026-04-01T12:26:20","modified_gmt":"2026-04-01T10:26:20","slug":"klb-system-polyurethan-pu-68-rapid-u","status":"publish","type":"product","link":"https:\/\/www.klb-koetztal.de\/en\/produkt\/klb-system-polyurethan-pu-68-rapid-u\/","title":{"rendered":"KLB-SYSTEM POLYURETHAN PU 68 Rapid U"},"content":{"rendered":"","protected":false},"excerpt":{"rendered":"<p>Rapid-setting, solvent-free&#160;2-component polyurethane primer and binding agent. Suitable&#160;as&#160;adhesion primer and reprofiling mortar for the renovation of structural joints within a system with&#160;the PU grouting resin KLB-SYSTEM POLYURETHAN PU 466.<\/p>\n","protected":false},"featured_media":51128,"template":"","meta":{"_acf_changed":false},"product_brand":[],"product_cat":[10151,9607],"product_tag":[],"class_list":{"0":"post-51126","1":"product","2":"type-product","3":"status-publish","4":"has-post-thumbnail","6":"product_cat-primers_2-component-polyurethane-primers","7":"product_cat-primers","9":"first","10":"instock","11":"shipping-taxable","12":"product-type-simple"},"acf":{"product_header":{"module_product_header":{"":null,"prototype_headline":{"headline":"KLB-SYSTEM POLYURETHAN PU 68 Rapid U","h1":true,"subheadline":"Rapid-setting 2-component polyurethane binding agent and primer for concrete and other substrates. Suitable for repair works and as&#160;adhesion primer for the renovation of concrete joints","anchor":"","url":""},"grid_text_slider":false,"grid_text_content":[{"text":"<p class=\"product-short-title\" style=\"text-align: center;\"><strong>Brief description<\/strong><\/p>\n<p>Rapid-setting, solvent-free&#160;2-component polyurethane primer and binding agent. Suitable&#160;as&#160;adhesion primer and reprofiling mortar for the renovation of structural joints within a system with&#160;the PU grouting resin KLB-SYSTEM POLYURETHAN PU 466.<\/p>\n","width":"4","background_color_text":"bg-white","border_color":"border-gray-light"},{"text":"<p class=\"product-sicing-title\" style=\"text-align: center;\"><strong>Packaging units<\/strong><\/p>\n<ul>\n<li>AK6156-95 &#8211; Combo can 1.00 kg<\/li>\n<li>AK6156-70 &#8211; Bucket combo 5.00 kg<\/li>\n<\/ul>\n<p><\/p>\n<p>Please do not hesitate to contact us directly for enquiries about larger delivery quantities or packaging units.<\/p>\n\n","width":"4","background_color_text":"bg-white","border_color":"border-gray-light"},{"text":"<p class=\"product-attr-title\" style=\"text-align: center;\"><strong>Properties<\/strong><\/p>\n<ul>\n<li>solvent-free<\/li>\n<li>short reaction time<\/li>\n<li>quickly reworkable<\/li>\n<li>very high adhesion<\/li>\n<li>good resistance to water and chemicals<\/li>\n<\/ul>\n","width":"4","background_color_text":"bg-white","border_color":"border-gray-light"}],"background_color":"bg-none","background_color_content":"bg-none"}},"downloads":{"module_download_list":{"inhalt":null,"downloads":[{"download":{"ID":68664,"id":68664,"title":"PU_68_Rapid_U_PI_en_2026_01","filename":"PU_68_Rapid_U_PI_en_2026_01.pdf","filesize":821051,"url":"https:\/\/www.klb-koetztal.de\/app\/uploads\/2026\/01\/PU_68_Rapid_U_PI_en_2026_01.pdf","link":"https:\/\/www.klb-koetztal.de\/en\/?attachment_id=68664","alt":"","author":"7","description":"","caption":"","name":"pu_68_rapid_u_pi_en_2026_01-2","status":"inherit","uploaded_to":0,"date":"2026-01-23 07:00:48","modified":"2026-01-23 07:00:48","menu_order":0,"mime_type":"application\/pdf","type":"application","subtype":"pdf","icon":"https:\/\/www.klb-koetztal.de\/wp\/wp-includes\/images\/media\/document.png"},"filename":"Product Information","protected":false,"doclang":"GB","externalkey":"Produktinformation","docpos":"2"},{"download":{"ID":68667,"id":68667,"title":"PU_68_Rapid_U_PI_fr_2026_01","filename":"PU_68_Rapid_U_PI_fr_2026_01.pdf","filesize":828546,"url":"https:\/\/www.klb-koetztal.de\/app\/uploads\/2026\/01\/PU_68_Rapid_U_PI_fr_2026_01.pdf","link":"https:\/\/www.klb-koetztal.de\/en\/?attachment_id=68667","alt":"","author":"7","description":"","caption":"","name":"pu_68_rapid_u_pi_fr_2026_01-2","status":"inherit","uploaded_to":0,"date":"2026-01-23 07:00:54","modified":"2026-01-23 07:00:54","menu_order":0,"mime_type":"application\/pdf","type":"application","subtype":"pdf","icon":"https:\/\/www.klb-koetztal.de\/wp\/wp-includes\/images\/media\/document.png"},"filename":"Information Produit FR","protected":false,"doclang":"FR","externalkey":"Produktinformation","docpos":"3"},{"download":{"ID":51318,"id":51318,"title":"EPD-Information","filename":"PU68_RAPID_U_Umwelt-Deklaration_2022-06.pdf","filesize":2560573,"url":"https:\/\/www.klb-koetztal.de\/app\/uploads\/2022\/06\/PU68_RAPID_U_Umwelt-Deklaration_2022-06.pdf","link":"https:\/\/www.klb-koetztal.de\/en\/?attachment_id=51318","alt":"","author":"7","description":"","caption":"","name":"pu68_rapid_u_umwelt-deklaration_2022-06","status":"inherit","uploaded_to":0,"date":"2022-06-30 12:33:27","modified":"2026-04-01 10:26:28","menu_order":0,"mime_type":"application\/pdf","type":"application","subtype":"pdf","icon":"https:\/\/www.klb-koetztal.de\/wp\/wp-includes\/images\/media\/document.png"},"filename":"EPD - Environmental Product Declaration","protected":false,"doclang":"Multi","externalkey":"Umweltproduktdeklaration","docpos":"50"},{"download":false,"filename":"Safety data sheet","protected":true,"doclang":"GB","externalkey":"Sicherheitsdatenblatt","docpos":"2"},{"download":false,"filename":"Fiche de donn\u00e9es de s\u00e9curit\u00e9 FR","protected":true,"doclang":"FR","externalkey":"Sicherheitsdatenblatt","docpos":"3"}],"einstellungen":null,"background_color":"bg-none","background_color_content":"bg-none"}},"included_in_systems":{"module_included_in_systems":{"":null,"background_color":"bg-gray-medium","background_color_content":"bg-none"}},"contact":{"module_contact":{"":null,"background_color":"bg-none","background_color_content":"bg-none"}},"ausschreibende":{"module_ausschreibende":{"andern_sie_den_inhalt_unter_universelle_elemente":null,"background_color":"bg-none","background_color_content":"bg-none"}}},"yoast_head":"<!-- This site is optimized with the Yoast SEO plugin v27.0 - https:\/\/yoast.com\/product\/yoast-seo-wordpress\/ -->\n<title>Rapid-setting, reactive primer PU 68 Rapid U | KLB K\u00f6tztal<\/title>\n<meta name=\"description\" content=\"Rapid-setting, reactive, solvent-free primer PU 68 Rapid U | KLB floor coatings \u2714\ufe0f repair works, bonding bridge for renovation of concrete joints\" \/>\n<meta name=\"robots\" content=\"noindex, follow, max-snippet:-1, max-image-preview:large, max-video-preview:-1\" \/>\n<meta property=\"og:locale\" content=\"en_GB\" \/>\n<meta property=\"og:type\" content=\"article\" \/>\n<meta property=\"og:title\" content=\"Rapid-setting, reactive primer PU 68 Rapid U | KLB K\u00f6tztal\" \/>\n<meta property=\"og:description\" content=\"Rapid-setting, reactive, solvent-free primer PU 68 Rapid U | KLB floor coatings \u2714\ufe0f repair works, bonding bridge for renovation of concrete joints\" \/>\n<meta property=\"og:url\" content=\"https:\/\/www.klb-koetztal.de\/en\/produkt\/klb-system-polyurethan-pu-68-rapid-u\/\" \/>\n<meta property=\"og:site_name\" content=\"KLB K\u00f6tztal\" \/>\n<meta property=\"article:publisher\" content=\"https:\/\/www.facebook.com\/klbkoetztal\" \/>\n<meta property=\"article:modified_time\" content=\"2026-04-01T10:26:20+00:00\" \/>\n<meta property=\"og:image\" content=\"https:\/\/www.klb-koetztal.de\/app\/uploads\/2022\/05\/PU_68_Rapid_U-KLB-Polyurethan-Grundierung-schnellhaertend_1kg_Kombi_Gebinde.jpg\" \/>\n\t<meta property=\"og:image:width\" content=\"600\" \/>\n\t<meta property=\"og:image:height\" content=\"600\" \/>\n\t<meta property=\"og:image:type\" content=\"image\/jpeg\" \/>\n<meta name=\"twitter:card\" content=\"summary_large_image\" \/>\n<script type=\"application\/ld+json\" class=\"yoast-schema-graph\">{\"@context\":\"https:\/\/schema.org\",\"@graph\":[{\"@type\":\"WebPage\",\"@id\":\"https:\/\/www.klb-koetztal.de\/en\/produkt\/klb-system-polyurethan-pu-68-rapid-u\/\",\"url\":\"https:\/\/www.klb-koetztal.de\/en\/produkt\/klb-system-polyurethan-pu-68-rapid-u\/\",\"name\":\"Rapid-setting, reactive primer PU 68 Rapid U | KLB K\u00f6tztal\",\"isPartOf\":{\"@id\":\"https:\/\/www.klb-koetztal.de\/en\/#website\"},\"primaryImageOfPage\":{\"@id\":\"https:\/\/www.klb-koetztal.de\/en\/produkt\/klb-system-polyurethan-pu-68-rapid-u\/#primaryimage\"},\"image\":{\"@id\":\"https:\/\/www.klb-koetztal.de\/en\/produkt\/klb-system-polyurethan-pu-68-rapid-u\/#primaryimage\"},\"thumbnailUrl\":\"https:\/\/www.klb-koetztal.de\/app\/uploads\/2022\/05\/PU_68_Rapid_U-KLB-Polyurethan-Grundierung-schnellhaertend_1kg_Kombi_Gebinde.jpg\",\"datePublished\":\"2022-05-04T07:46:30+00:00\",\"dateModified\":\"2026-04-01T10:26:20+00:00\",\"description\":\"Rapid-setting, reactive, solvent-free primer PU 68 Rapid U | KLB floor coatings \u2714\ufe0f repair works, bonding bridge for renovation of concrete joints\",\"breadcrumb\":{\"@id\":\"https:\/\/www.klb-koetztal.de\/en\/produkt\/klb-system-polyurethan-pu-68-rapid-u\/#breadcrumb\"},\"inLanguage\":\"en-GB\",\"potentialAction\":[{\"@type\":\"ReadAction\",\"target\":[\"https:\/\/www.klb-koetztal.de\/en\/produkt\/klb-system-polyurethan-pu-68-rapid-u\/\"]}]},{\"@type\":\"ImageObject\",\"inLanguage\":\"en-GB\",\"@id\":\"https:\/\/www.klb-koetztal.de\/en\/produkt\/klb-system-polyurethan-pu-68-rapid-u\/#primaryimage\",\"url\":\"https:\/\/www.klb-koetztal.de\/app\/uploads\/2022\/05\/PU_68_Rapid_U-KLB-Polyurethan-Grundierung-schnellhaertend_1kg_Kombi_Gebinde.jpg\",\"contentUrl\":\"https:\/\/www.klb-koetztal.de\/app\/uploads\/2022\/05\/PU_68_Rapid_U-KLB-Polyurethan-Grundierung-schnellhaertend_1kg_Kombi_Gebinde.jpg\",\"width\":600,\"height\":600},{\"@type\":\"BreadcrumbList\",\"@id\":\"https:\/\/www.klb-koetztal.de\/en\/produkt\/klb-system-polyurethan-pu-68-rapid-u\/#breadcrumb\",\"itemListElement\":[{\"@type\":\"ListItem\",\"position\":1,\"name\":\"Startseite\",\"item\":\"https:\/\/www.klb-koetztal.de\/en\/\"},{\"@type\":\"ListItem\",\"position\":2,\"name\":\"KLB-SYSTEM POLYURETHAN PU 68 Rapid U\"}]},{\"@type\":\"WebSite\",\"@id\":\"https:\/\/www.klb-koetztal.de\/en\/#website\",\"url\":\"https:\/\/www.klb-koetztal.de\/en\/\",\"name\":\"KLB K\u00f6tztal\",\"description\":\"Gute B\u00f6den haben ein System.\",\"potentialAction\":[{\"@type\":\"SearchAction\",\"target\":{\"@type\":\"EntryPoint\",\"urlTemplate\":\"https:\/\/www.klb-koetztal.de\/en\/?s={search_term_string}\"},\"query-input\":{\"@type\":\"PropertyValueSpecification\",\"valueRequired\":true,\"valueName\":\"search_term_string\"}}],\"inLanguage\":\"en-GB\"}]}<\/script>\n<!-- \/ Yoast SEO plugin. -->","yoast_head_json":{"title":"Rapid-setting, reactive primer PU 68 Rapid U | KLB K\u00f6tztal","description":"Rapid-setting, reactive, solvent-free primer PU 68 Rapid U | KLB floor coatings \u2714\ufe0f repair works, bonding bridge for renovation of concrete joints","robots":{"index":"noindex","follow":"follow","max-snippet":"max-snippet:-1","max-image-preview":"max-image-preview:large","max-video-preview":"max-video-preview:-1"},"og_locale":"en_GB","og_type":"article","og_title":"Rapid-setting, reactive primer PU 68 Rapid U | KLB K\u00f6tztal","og_description":"Rapid-setting, reactive, solvent-free primer PU 68 Rapid U | KLB floor coatings \u2714\ufe0f repair works, bonding bridge for renovation of concrete joints","og_url":"https:\/\/www.klb-koetztal.de\/en\/produkt\/klb-system-polyurethan-pu-68-rapid-u\/","og_site_name":"KLB K\u00f6tztal","article_publisher":"https:\/\/www.facebook.com\/klbkoetztal","article_modified_time":"2026-04-01T10:26:20+00:00","og_image":[{"width":600,"height":600,"url":"https:\/\/www.klb-koetztal.de\/app\/uploads\/2022\/05\/PU_68_Rapid_U-KLB-Polyurethan-Grundierung-schnellhaertend_1kg_Kombi_Gebinde.jpg","type":"image\/jpeg"}],"twitter_card":"summary_large_image","schema":{"@context":"https:\/\/schema.org","@graph":[{"@type":"WebPage","@id":"https:\/\/www.klb-koetztal.de\/en\/produkt\/klb-system-polyurethan-pu-68-rapid-u\/","url":"https:\/\/www.klb-koetztal.de\/en\/produkt\/klb-system-polyurethan-pu-68-rapid-u\/","name":"Rapid-setting, reactive primer PU 68 Rapid U | KLB K\u00f6tztal","isPartOf":{"@id":"https:\/\/www.klb-koetztal.de\/en\/#website"},"primaryImageOfPage":{"@id":"https:\/\/www.klb-koetztal.de\/en\/produkt\/klb-system-polyurethan-pu-68-rapid-u\/#primaryimage"},"image":{"@id":"https:\/\/www.klb-koetztal.de\/en\/produkt\/klb-system-polyurethan-pu-68-rapid-u\/#primaryimage"},"thumbnailUrl":"https:\/\/www.klb-koetztal.de\/app\/uploads\/2022\/05\/PU_68_Rapid_U-KLB-Polyurethan-Grundierung-schnellhaertend_1kg_Kombi_Gebinde.jpg","datePublished":"2022-05-04T07:46:30+00:00","dateModified":"2026-04-01T10:26:20+00:00","description":"Rapid-setting, reactive, solvent-free primer PU 68 Rapid U | KLB floor coatings \u2714\ufe0f repair works, bonding bridge for renovation of concrete joints","breadcrumb":{"@id":"https:\/\/www.klb-koetztal.de\/en\/produkt\/klb-system-polyurethan-pu-68-rapid-u\/#breadcrumb"},"inLanguage":"en-GB","potentialAction":[{"@type":"ReadAction","target":["https:\/\/www.klb-koetztal.de\/en\/produkt\/klb-system-polyurethan-pu-68-rapid-u\/"]}]},{"@type":"ImageObject","inLanguage":"en-GB","@id":"https:\/\/www.klb-koetztal.de\/en\/produkt\/klb-system-polyurethan-pu-68-rapid-u\/#primaryimage","url":"https:\/\/www.klb-koetztal.de\/app\/uploads\/2022\/05\/PU_68_Rapid_U-KLB-Polyurethan-Grundierung-schnellhaertend_1kg_Kombi_Gebinde.jpg","contentUrl":"https:\/\/www.klb-koetztal.de\/app\/uploads\/2022\/05\/PU_68_Rapid_U-KLB-Polyurethan-Grundierung-schnellhaertend_1kg_Kombi_Gebinde.jpg","width":600,"height":600},{"@type":"BreadcrumbList","@id":"https:\/\/www.klb-koetztal.de\/en\/produkt\/klb-system-polyurethan-pu-68-rapid-u\/#breadcrumb","itemListElement":[{"@type":"ListItem","position":1,"name":"Startseite","item":"https:\/\/www.klb-koetztal.de\/en\/"},{"@type":"ListItem","position":2,"name":"KLB-SYSTEM POLYURETHAN PU 68 Rapid U"}]},{"@type":"WebSite","@id":"https:\/\/www.klb-koetztal.de\/en\/#website","url":"https:\/\/www.klb-koetztal.de\/en\/","name":"KLB K\u00f6tztal","description":"Gute B\u00f6den haben ein System.","potentialAction":[{"@type":"SearchAction","target":{"@type":"EntryPoint","urlTemplate":"https:\/\/www.klb-koetztal.de\/en\/?s={search_term_string}"},"query-input":{"@type":"PropertyValueSpecification","valueRequired":true,"valueName":"search_term_string"}}],"inLanguage":"en-GB"}]}},"_links":{"self":[{"href":"https:\/\/www.klb-koetztal.de\/en\/wp-json\/wp\/v2\/product\/51126","targetHints":{"allow":["GET"]}}],"collection":[{"href":"https:\/\/www.klb-koetztal.de\/en\/wp-json\/wp\/v2\/product"}],"about":[{"href":"https:\/\/www.klb-koetztal.de\/en\/wp-json\/wp\/v2\/types\/product"}],"wp:featuredmedia":[{"embeddable":true,"href":"https:\/\/www.klb-koetztal.de\/en\/wp-json\/wp\/v2\/media\/51128"}],"wp:attachment":[{"href":"https:\/\/www.klb-koetztal.de\/en\/wp-json\/wp\/v2\/media?parent=51126"}],"wp:term":[{"taxonomy":"product_brand","embeddable":true,"href":"https:\/\/www.klb-koetztal.de\/en\/wp-json\/wp\/v2\/product_brand?post=51126"},{"taxonomy":"product_cat","embeddable":true,"href":"https:\/\/www.klb-koetztal.de\/en\/wp-json\/wp\/v2\/product_cat?post=51126"},{"taxonomy":"product_tag","embeddable":true,"href":"https:\/\/www.klb-koetztal.de\/en\/wp-json\/wp\/v2\/product_tag?post=51126"}],"curies":[{"name":"wp","href":"https:\/\/api.w.org\/{rel}","templated":true}]}}