{"id":50428,"date":"2022-03-14T11:20:46","date_gmt":"2022-03-14T10:20:46","guid":{"rendered":"https:\/\/dev.klb-koetztal.de\/produkt\/klb-system-polyurethan-pu-812-e-r10\/"},"modified":"2026-04-01T12:18:57","modified_gmt":"2026-04-01T10:18:57","slug":"klb-system-polyurethan-pu-812-e-r10","status":"publish","type":"product","link":"https:\/\/www.klb-koetztal.de\/en\/produkt\/klb-system-polyurethan-pu-812-e-r10\/","title":{"rendered":"KLB-SYSTEM POLYURETHAN PU 812 E &#8211; R10"},"content":{"rendered":"","protected":false},"excerpt":{"rendered":"<p>Coloured, low-emission and light-stable 2-component sealer on the basis of a high-quality polyurethane dispersion system with good processability. The sealer can be applied as coloured matt finish onto coatings or coverings and is highly resistant to staining.&#160;Designed to have a slip-resistance grade of R10 (also suitable for areas with demands on R9).&#160;<br \/>\nSuitable for coatings that comply&#160;with Eurofins &#8220;Indoor Air Comfort&#8221; and the Gold certification. Comliant with AgBB and the EMICODE EC1 Plus certificate.<\/p>\n","protected":false},"featured_media":50430,"template":"","meta":{"_acf_changed":false},"product_brand":[],"product_cat":[9621,9630],"product_tag":[],"class_list":{"0":"post-50428","1":"product","2":"type-product","3":"status-publish","4":"has-post-thumbnail","6":"product_cat-sealers-impregnations","7":"product_cat-2-component-polyurethane-sealers-water-emulsified","9":"first","10":"instock","11":"shipping-taxable","12":"product-type-simple"},"acf":{"product_header":{"module_product_header":{"":null,"prototype_headline":{"headline":"KLB-SYSTEM POLYURETHAN PU 812 E - R10","h1":true,"subheadline":"Slip-resistant,&#160;pigmented, low-emission and environmentally friendly 2-component sealer on the basis of polyurethane, light-stable with appealing matt look and good stain resistance for floor coverings with a defined slip-resistance of R10","anchor":"","url":""},"grid_text_slider":false,"grid_text_content":[{"text":"<p class=\"product-short-title\" style=\"text-align: center;\"><strong>Brief description<\/strong><\/p>\n<p>Coloured, low-emission and light-stable 2-component sealer on the basis of a high-quality polyurethane dispersion system with good processability. The sealer can be applied as coloured matt finish onto coatings or coverings and is highly resistant to staining.&#160;Designed to have a slip-resistance grade of R10 (also suitable for areas with demands on R9).&#160;<\/p>\n<p>Suitable for coatings that comply&#160;with Eurofins &#8220;Indoor Air Comfort&#8221; and the Gold certification. Comliant with AgBB and the EMICODE EC1 Plus certificate.<\/p>\n","width":"4","background_color_text":"bg-white","border_color":"border-gray-light"},{"text":"<p class=\"product-sicing-title\" style=\"text-align: center;\"><strong>Packaging units<\/strong><\/p>\n<ul>\n<li>AK6529-70 &#8211; Combo packaging 5.25 kg<\/li>\n<li>AK6529-40 &#8211; Combo packaging 10.50 kg<\/li>\n<\/ul>\n<p><\/p>\n<p>Please do not hesitate to contact us directly for enquiries about larger delivery quantities or packaging units.<\/p>\n\n","width":"4","background_color_text":"bg-white","border_color":"border-gray-light"},{"text":"<p class=\"product-attr-title\" style=\"text-align: center;\"><strong>Properties<\/strong><\/p>\n<ul>\n<li>EMICODE\u00ae EC 1PLUS certified<\/li>\n<li>very low-emission<\/li>\n<li>odorless<\/li>\n<li>environmentally friendly<\/li>\n<li>even surface<\/li>\n<li>silk-matt<\/li>\n<li>water vapour-permeable<\/li>\n<li>easy application<\/li>\n<li>very high adhesion<\/li>\n<li>high covering power<\/li>\n<li>resistant to abrasion and wear<\/li>\n<\/ul>\n","width":"4","background_color_text":"bg-white","border_color":"border-gray-light"}],"background_color":"bg-none","background_color_content":"bg-none"}},"downloads":{"module_download_list":{"inhalt":null,"downloads":[{"download":{"ID":69294,"id":69294,"title":"PU_812_E_R10_PI_en_2026_03","filename":"PU_812_E_R10_PI_en_2026_03.pdf","filesize":1213761,"url":"https:\/\/www.klb-koetztal.de\/app\/uploads\/2026\/03\/PU_812_E_R10_PI_en_2026_03.pdf","link":"https:\/\/www.klb-koetztal.de\/en\/?attachment_id=69294","alt":"","author":"7","description":"","caption":"","name":"pu_812_e_r10_pi_en_2026_03-2","status":"inherit","uploaded_to":0,"date":"2026-03-16 12:20:55","modified":"2026-03-16 12:20:55","menu_order":0,"mime_type":"application\/pdf","type":"application","subtype":"pdf","icon":"https:\/\/www.klb-koetztal.de\/wp\/wp-includes\/images\/media\/document.png"},"filename":"Product Information","protected":false,"doclang":"GB","externalkey":"Produktinformation","docpos":"2"},{"download":{"ID":69462,"id":69462,"title":"PU_812_E_R10_PI_fr_2026_03-1","filename":"PU_812_E_R10_PI_fr_2026_03-1.pdf","filesize":1222544,"url":"https:\/\/www.klb-koetztal.de\/app\/uploads\/2026\/03\/PU_812_E_R10_PI_fr_2026_03-1.pdf","link":"https:\/\/www.klb-koetztal.de\/en\/?attachment_id=69462","alt":"","author":"7","description":"","caption":"","name":"pu_812_e_r10_pi_fr_2026_03-1-2","status":"inherit","uploaded_to":0,"date":"2026-03-16 13:25:19","modified":"2026-03-16 13:25:19","menu_order":0,"mime_type":"application\/pdf","type":"application","subtype":"pdf","icon":"https:\/\/www.klb-koetztal.de\/wp\/wp-includes\/images\/media\/document.png"},"filename":"Information Produit FR","protected":false,"doclang":"FR","externalkey":"Produktinformation","docpos":"3"},{"download":{"ID":49508,"id":49508,"title":"Leistungserkl\u00e4rung - Statement of performance","filename":"PU812E_LE_06-2020.pdf","filesize":202636,"url":"https:\/\/www.klb-koetztal.de\/app\/uploads\/2022\/03\/PU812E_LE_06-2020.pdf","link":"https:\/\/www.klb-koetztal.de\/en\/?attachment_id=49508","alt":"","author":"7","description":"","caption":"","name":"pu812e_le_06-2020","status":"inherit","uploaded_to":0,"date":"2022-03-14 09:57:49","modified":"2026-04-01 10:19:06","menu_order":0,"mime_type":"application\/pdf","type":"application","subtype":"pdf","icon":"https:\/\/www.klb-koetztal.de\/wp\/wp-includes\/images\/media\/document.png"},"filename":"Statement of performance - Leistungserkl\u00e4rung","protected":false,"doclang":"Multi","externalkey":"Leistungserklaerung","docpos":"50"},{"download":{"ID":51284,"id":51284,"title":"EPD-Information","filename":"PU812E_R10_Umwelt-Deklaration_2022-06.pdf","filesize":2569109,"url":"https:\/\/www.klb-koetztal.de\/app\/uploads\/2022\/06\/PU812E_R10_Umwelt-Deklaration_2022-06.pdf","link":"https:\/\/www.klb-koetztal.de\/en\/?attachment_id=51284","alt":"","author":"7","description":"","caption":"","name":"pu812e_r10_umwelt-deklaration_2022-06","status":"inherit","uploaded_to":0,"date":"2022-06-23 13:43:38","modified":"2026-04-01 10:19:11","menu_order":0,"mime_type":"application\/pdf","type":"application","subtype":"pdf","icon":"https:\/\/www.klb-koetztal.de\/wp\/wp-includes\/images\/media\/document.png"},"filename":"EPD - Environmental Product Declaration","protected":false,"doclang":"Multi","externalkey":"Umweltproduktdeklaration","docpos":"50"},{"download":false,"filename":"Safety data sheet","protected":true,"doclang":"GB","externalkey":"Sicherheitsdatenblatt","docpos":"2"},{"download":false,"filename":"Fiche de donn\u00e9es de s\u00e9curit\u00e9 FR","protected":true,"doclang":"FR","externalkey":"Sicherheitsdatenblatt","docpos":"3"}],"einstellungen":null,"background_color":"bg-none","background_color_content":"bg-none"}},"included_in_systems":{"module_included_in_systems":{"":null,"background_color":"bg-gray-medium","background_color_content":"bg-none"}},"contact":{"module_contact":{"":null,"background_color":"bg-none","background_color_content":"bg-none"}},"ausschreibende":{"module_ausschreibende":{"andern_sie_den_inhalt_unter_universelle_elemente":null,"background_color":"bg-none","background_color_content":"bg-none"}}},"yoast_head":"<!-- This site is optimized with the Yoast SEO plugin v27.0 - https:\/\/yoast.com\/product\/yoast-seo-wordpress\/ -->\n<title>Low-VOC, UV-stable top sealer PU 812 E-R10 | KLB<\/title>\n<meta name=\"description\" content=\"Slip-resistant, environmentally friendly sealer PU 812 E-R10 with low susceptibility to staining and low emissions | KLB \u2714\ufe0f AgBB, EMICODE, Eurofins\" \/>\n<meta name=\"robots\" content=\"noindex, follow, max-snippet:-1, max-image-preview:large, max-video-preview:-1\" \/>\n<meta property=\"og:locale\" content=\"en_GB\" \/>\n<meta property=\"og:type\" content=\"article\" \/>\n<meta property=\"og:title\" content=\"Low-VOC, UV-stable top sealer PU 812 E-R10 | KLB\" \/>\n<meta property=\"og:description\" content=\"Slip-resistant, environmentally friendly sealer PU 812 E-R10 with low susceptibility to staining and low emissions | KLB \u2714\ufe0f AgBB, EMICODE, Eurofins\" \/>\n<meta property=\"og:url\" content=\"https:\/\/www.klb-koetztal.de\/en\/produkt\/klb-system-polyurethan-pu-812-e-r10\/\" \/>\n<meta property=\"og:site_name\" content=\"KLB K\u00f6tztal\" \/>\n<meta property=\"article:publisher\" content=\"https:\/\/www.facebook.com\/klbkoetztal\" \/>\n<meta property=\"article:modified_time\" content=\"2026-04-01T10:18:57+00:00\" \/>\n<meta property=\"og:image\" content=\"https:\/\/www.klb-koetztal.de\/app\/uploads\/2022\/03\/PU812-E-R10_600px_Kombi.jpg\" \/>\n\t<meta property=\"og:image:width\" content=\"600\" \/>\n\t<meta property=\"og:image:height\" content=\"600\" \/>\n\t<meta property=\"og:image:type\" content=\"image\/jpeg\" \/>\n<meta name=\"twitter:card\" content=\"summary_large_image\" \/>\n<script type=\"application\/ld+json\" class=\"yoast-schema-graph\">{\"@context\":\"https:\/\/schema.org\",\"@graph\":[{\"@type\":\"WebPage\",\"@id\":\"https:\/\/www.klb-koetztal.de\/en\/produkt\/klb-system-polyurethan-pu-812-e-r10\/\",\"url\":\"https:\/\/www.klb-koetztal.de\/en\/produkt\/klb-system-polyurethan-pu-812-e-r10\/\",\"name\":\"Low-VOC, UV-stable top sealer PU 812 E-R10 | KLB\",\"isPartOf\":{\"@id\":\"https:\/\/www.klb-koetztal.de\/en\/#website\"},\"primaryImageOfPage\":{\"@id\":\"https:\/\/www.klb-koetztal.de\/en\/produkt\/klb-system-polyurethan-pu-812-e-r10\/#primaryimage\"},\"image\":{\"@id\":\"https:\/\/www.klb-koetztal.de\/en\/produkt\/klb-system-polyurethan-pu-812-e-r10\/#primaryimage\"},\"thumbnailUrl\":\"https:\/\/www.klb-koetztal.de\/app\/uploads\/2022\/03\/PU812-E-R10_600px_Kombi.jpg\",\"datePublished\":\"2022-03-14T10:20:46+00:00\",\"dateModified\":\"2026-04-01T10:18:57+00:00\",\"description\":\"Slip-resistant, environmentally friendly sealer PU 812 E-R10 with low susceptibility to staining and low emissions | KLB \u2714\ufe0f AgBB, EMICODE, Eurofins\",\"breadcrumb\":{\"@id\":\"https:\/\/www.klb-koetztal.de\/en\/produkt\/klb-system-polyurethan-pu-812-e-r10\/#breadcrumb\"},\"inLanguage\":\"en-GB\",\"potentialAction\":[{\"@type\":\"ReadAction\",\"target\":[\"https:\/\/www.klb-koetztal.de\/en\/produkt\/klb-system-polyurethan-pu-812-e-r10\/\"]}]},{\"@type\":\"ImageObject\",\"inLanguage\":\"en-GB\",\"@id\":\"https:\/\/www.klb-koetztal.de\/en\/produkt\/klb-system-polyurethan-pu-812-e-r10\/#primaryimage\",\"url\":\"https:\/\/www.klb-koetztal.de\/app\/uploads\/2022\/03\/PU812-E-R10_600px_Kombi.jpg\",\"contentUrl\":\"https:\/\/www.klb-koetztal.de\/app\/uploads\/2022\/03\/PU812-E-R10_600px_Kombi.jpg\",\"width\":600,\"height\":600},{\"@type\":\"BreadcrumbList\",\"@id\":\"https:\/\/www.klb-koetztal.de\/en\/produkt\/klb-system-polyurethan-pu-812-e-r10\/#breadcrumb\",\"itemListElement\":[{\"@type\":\"ListItem\",\"position\":1,\"name\":\"Startseite\",\"item\":\"https:\/\/www.klb-koetztal.de\/en\/\"},{\"@type\":\"ListItem\",\"position\":2,\"name\":\"KLB-SYSTEM POLYURETHAN PU 812 E &#8211; R10\"}]},{\"@type\":\"WebSite\",\"@id\":\"https:\/\/www.klb-koetztal.de\/en\/#website\",\"url\":\"https:\/\/www.klb-koetztal.de\/en\/\",\"name\":\"KLB K\u00f6tztal\",\"description\":\"Gute B\u00f6den haben ein System.\",\"potentialAction\":[{\"@type\":\"SearchAction\",\"target\":{\"@type\":\"EntryPoint\",\"urlTemplate\":\"https:\/\/www.klb-koetztal.de\/en\/?s={search_term_string}\"},\"query-input\":{\"@type\":\"PropertyValueSpecification\",\"valueRequired\":true,\"valueName\":\"search_term_string\"}}],\"inLanguage\":\"en-GB\"}]}<\/script>\n<!-- \/ Yoast SEO plugin. -->","yoast_head_json":{"title":"Low-VOC, UV-stable top sealer PU 812 E-R10 | KLB","description":"Slip-resistant, environmentally friendly sealer PU 812 E-R10 with low susceptibility to staining and low emissions | KLB \u2714\ufe0f AgBB, EMICODE, Eurofins","robots":{"index":"noindex","follow":"follow","max-snippet":"max-snippet:-1","max-image-preview":"max-image-preview:large","max-video-preview":"max-video-preview:-1"},"og_locale":"en_GB","og_type":"article","og_title":"Low-VOC, UV-stable top sealer PU 812 E-R10 | KLB","og_description":"Slip-resistant, environmentally friendly sealer PU 812 E-R10 with low susceptibility to staining and low emissions | KLB \u2714\ufe0f AgBB, EMICODE, Eurofins","og_url":"https:\/\/www.klb-koetztal.de\/en\/produkt\/klb-system-polyurethan-pu-812-e-r10\/","og_site_name":"KLB K\u00f6tztal","article_publisher":"https:\/\/www.facebook.com\/klbkoetztal","article_modified_time":"2026-04-01T10:18:57+00:00","og_image":[{"width":600,"height":600,"url":"https:\/\/www.klb-koetztal.de\/app\/uploads\/2022\/03\/PU812-E-R10_600px_Kombi.jpg","type":"image\/jpeg"}],"twitter_card":"summary_large_image","schema":{"@context":"https:\/\/schema.org","@graph":[{"@type":"WebPage","@id":"https:\/\/www.klb-koetztal.de\/en\/produkt\/klb-system-polyurethan-pu-812-e-r10\/","url":"https:\/\/www.klb-koetztal.de\/en\/produkt\/klb-system-polyurethan-pu-812-e-r10\/","name":"Low-VOC, UV-stable top sealer PU 812 E-R10 | KLB","isPartOf":{"@id":"https:\/\/www.klb-koetztal.de\/en\/#website"},"primaryImageOfPage":{"@id":"https:\/\/www.klb-koetztal.de\/en\/produkt\/klb-system-polyurethan-pu-812-e-r10\/#primaryimage"},"image":{"@id":"https:\/\/www.klb-koetztal.de\/en\/produkt\/klb-system-polyurethan-pu-812-e-r10\/#primaryimage"},"thumbnailUrl":"https:\/\/www.klb-koetztal.de\/app\/uploads\/2022\/03\/PU812-E-R10_600px_Kombi.jpg","datePublished":"2022-03-14T10:20:46+00:00","dateModified":"2026-04-01T10:18:57+00:00","description":"Slip-resistant, environmentally friendly sealer PU 812 E-R10 with low susceptibility to staining and low emissions | KLB \u2714\ufe0f AgBB, EMICODE, Eurofins","breadcrumb":{"@id":"https:\/\/www.klb-koetztal.de\/en\/produkt\/klb-system-polyurethan-pu-812-e-r10\/#breadcrumb"},"inLanguage":"en-GB","potentialAction":[{"@type":"ReadAction","target":["https:\/\/www.klb-koetztal.de\/en\/produkt\/klb-system-polyurethan-pu-812-e-r10\/"]}]},{"@type":"ImageObject","inLanguage":"en-GB","@id":"https:\/\/www.klb-koetztal.de\/en\/produkt\/klb-system-polyurethan-pu-812-e-r10\/#primaryimage","url":"https:\/\/www.klb-koetztal.de\/app\/uploads\/2022\/03\/PU812-E-R10_600px_Kombi.jpg","contentUrl":"https:\/\/www.klb-koetztal.de\/app\/uploads\/2022\/03\/PU812-E-R10_600px_Kombi.jpg","width":600,"height":600},{"@type":"BreadcrumbList","@id":"https:\/\/www.klb-koetztal.de\/en\/produkt\/klb-system-polyurethan-pu-812-e-r10\/#breadcrumb","itemListElement":[{"@type":"ListItem","position":1,"name":"Startseite","item":"https:\/\/www.klb-koetztal.de\/en\/"},{"@type":"ListItem","position":2,"name":"KLB-SYSTEM POLYURETHAN PU 812 E &#8211; R10"}]},{"@type":"WebSite","@id":"https:\/\/www.klb-koetztal.de\/en\/#website","url":"https:\/\/www.klb-koetztal.de\/en\/","name":"KLB K\u00f6tztal","description":"Gute B\u00f6den haben ein System.","potentialAction":[{"@type":"SearchAction","target":{"@type":"EntryPoint","urlTemplate":"https:\/\/www.klb-koetztal.de\/en\/?s={search_term_string}"},"query-input":{"@type":"PropertyValueSpecification","valueRequired":true,"valueName":"search_term_string"}}],"inLanguage":"en-GB"}]}},"_links":{"self":[{"href":"https:\/\/www.klb-koetztal.de\/en\/wp-json\/wp\/v2\/product\/50428","targetHints":{"allow":["GET"]}}],"collection":[{"href":"https:\/\/www.klb-koetztal.de\/en\/wp-json\/wp\/v2\/product"}],"about":[{"href":"https:\/\/www.klb-koetztal.de\/en\/wp-json\/wp\/v2\/types\/product"}],"wp:featuredmedia":[{"embeddable":true,"href":"https:\/\/www.klb-koetztal.de\/en\/wp-json\/wp\/v2\/media\/50430"}],"wp:attachment":[{"href":"https:\/\/www.klb-koetztal.de\/en\/wp-json\/wp\/v2\/media?parent=50428"}],"wp:term":[{"taxonomy":"product_brand","embeddable":true,"href":"https:\/\/www.klb-koetztal.de\/en\/wp-json\/wp\/v2\/product_brand?post=50428"},{"taxonomy":"product_cat","embeddable":true,"href":"https:\/\/www.klb-koetztal.de\/en\/wp-json\/wp\/v2\/product_cat?post=50428"},{"taxonomy":"product_tag","embeddable":true,"href":"https:\/\/www.klb-koetztal.de\/en\/wp-json\/wp\/v2\/product_tag?post=50428"}],"curies":[{"name":"wp","href":"https:\/\/api.w.org\/{rel}","templated":true}]}}