{"id":50305,"date":"2022-03-14T11:13:57","date_gmt":"2022-03-14T10:13:57","guid":{"rendered":"https:\/\/dev.klb-koetztal.de\/produkt\/klb-system-dekor-ds-925-porenfueller\/"},"modified":"2026-04-01T12:11:56","modified_gmt":"2026-04-01T10:11:56","slug":"klb-system-dekor-ds-925-porenfueller","status":"publish","type":"product","link":"https:\/\/www.klb-koetztal.de\/en\/produkt\/klb-system-dekor-ds-925-porenfueller\/","title":{"rendered":"KLB-SYSTEM DEKOR DS 925 Porenf\u00fcller"},"content":{"rendered":"","protected":false},"excerpt":{"rendered":"<p>Low-emission, colourless 1-component dispersion formulation for pore-filling on quartz pebble and marble granulate coatings in&#160;indoor areas that are not permanently wet. Easy to process and&#160;low odour.&#160;<br \/>\nSuitable for coatings that comply with Eurofins &#8220;Indoor Air Comfort&#8221; and the Gold certification. Compliant with AgBB for recreation rooms.<br \/>\nNot suitable for permanently wet areas!<\/p>\n","protected":false},"featured_media":50307,"template":"","meta":{"_acf_changed":false},"product_brand":[],"product_cat":[9615,9648],"product_tag":[],"class_list":{"0":"post-50305","1":"product","2":"type-product","3":"status-publish","4":"has-post-thumbnail","6":"product_cat-decor-binding-agent-top-sealer-pore-filling","7":"product_cat-pore-filling","9":"first","10":"instock","11":"shipping-taxable","12":"product-type-simple"},"acf":{"product_header":{"module_product_header":{"":null,"prototype_headline":{"headline":"KLB-SYSTEM DEKOR DS 925 Porenf\u00fcller","h1":true,"subheadline":"Low-emission&#160;1-component pore filler for stone carpets","anchor":"","url":""},"grid_text_slider":false,"grid_text_content":[{"text":"<p class=\"product-short-title\" style=\"text-align: center;\"><strong>Brief description<\/strong><\/p>\n<p>Low-emission, colourless 1-component dispersion formulation for pore-filling on quartz pebble and marble granulate coatings in&#160;indoor areas that are not permanently wet. Easy to process and&#160;low odour.&#160;<\/p>\n<p>Suitable for coatings that comply with Eurofins &#8220;Indoor Air Comfort&#8221; and the Gold certification. Compliant with AgBB for recreation rooms.<\/p>\n<p>Not suitable for permanently wet areas!<\/p>\n","width":"4","background_color_text":"bg-white","border_color":"border-gray-light"},{"text":"<p class=\"product-sicing-title\" style=\"text-align: center;\"><strong>Packaging units<\/strong><\/p>\n<ul>\n<li>DP7502-50 &#8211; Bucket 10.00 kg<\/li>\n<li>DP7502-25 &#8211; Hobbock 25.00 kg<\/li>\n<\/ul>\n<p><\/p>\n<p>Please do not hesitate to contact us directly for enquiries about larger delivery quantities or packaging units.<\/p>\n\n","width":"4","background_color_text":"bg-white","border_color":"border-gray-light"},{"text":"<p class=\"product-attr-title\" style=\"text-align: center;\"><strong>Properties<\/strong><\/p>\n<ul>\n<li>one-component<\/li>\n<li>ready-to-use<\/li>\n<li>for interior use<\/li>\n<li>physical drying<\/li>\n<li>low-grade yellowing<\/li>\n<li>physiologically harmless<\/li>\n<li>low-emission formulation<\/li>\n<li>stable setting<\/li>\n<\/ul>\n","width":"4","background_color_text":"bg-white","border_color":"border-gray-light"}],"background_color":"bg-none","background_color_content":"bg-none"}},"downloads":{"module_download_list":{"inhalt":null,"downloads":[{"download":{"ID":53232,"id":53232,"title":"DS_925_Porenfueller_PI_en_2022_10","filename":"DS_925_Porenfueller_PI_en_2022_10.pdf","filesize":519177,"url":"https:\/\/www.klb-koetztal.de\/app\/uploads\/2022\/10\/DS_925_Porenfueller_PI_en_2022_10.pdf","link":"https:\/\/www.klb-koetztal.de\/en\/?attachment_id=53232","alt":"","author":"7","description":"","caption":"","name":"ds_925_porenfueller_pi_en_2022_10-2","status":"inherit","uploaded_to":0,"date":"2022-10-07 08:00:46","modified":"2022-10-07 08:00:46","menu_order":0,"mime_type":"application\/pdf","type":"application","subtype":"pdf","icon":"https:\/\/www.klb-koetztal.de\/wp\/wp-includes\/images\/media\/document.png"},"filename":"Product Information","protected":false,"doclang":"GB","externalkey":"Produktinformation","docpos":"2"},{"download":{"ID":53235,"id":53235,"title":"DS_925_Porenfueller_PI_fr_2022_10","filename":"DS_925_Porenfueller_PI_fr_2022_10.pdf","filesize":522680,"url":"https:\/\/www.klb-koetztal.de\/app\/uploads\/2022\/10\/DS_925_Porenfueller_PI_fr_2022_10.pdf","link":"https:\/\/www.klb-koetztal.de\/en\/?attachment_id=53235","alt":"","author":"7","description":"","caption":"","name":"ds_925_porenfueller_pi_fr_2022_10-2","status":"inherit","uploaded_to":0,"date":"2022-10-07 08:00:47","modified":"2022-10-07 08:00:47","menu_order":0,"mime_type":"application\/pdf","type":"application","subtype":"pdf","icon":"https:\/\/www.klb-koetztal.de\/wp\/wp-includes\/images\/media\/document.png"},"filename":"Information Produit FR","protected":false,"doclang":"FR","externalkey":"Produktinformation","docpos":"3"},{"download":{"ID":51269,"id":51269,"title":"EPD-Information","filename":"DS925_Umwelt-Deklaration_2022-06.pdf","filesize":2990832,"url":"https:\/\/www.klb-koetztal.de\/app\/uploads\/2022\/06\/DS925_Umwelt-Deklaration_2022-06.pdf","link":"https:\/\/www.klb-koetztal.de\/en\/?attachment_id=51269","alt":"","author":"7","description":"","caption":"","name":"ds925_umwelt-deklaration_2022-06","status":"inherit","uploaded_to":0,"date":"2022-06-22 11:47:57","modified":"2026-04-01 10:12:05","menu_order":0,"mime_type":"application\/pdf","type":"application","subtype":"pdf","icon":"https:\/\/www.klb-koetztal.de\/wp\/wp-includes\/images\/media\/document.png"},"filename":"EPD - Environmental Product Declaration","protected":false,"doclang":"Multi","externalkey":"Umweltproduktdeklaration","docpos":"50"},{"download":false,"filename":"Safety data sheet","protected":true,"doclang":"GB","externalkey":"Sicherheitsdatenblatt","docpos":"2"},{"download":false,"filename":"Fiche de donn\u00e9es de s\u00e9curit\u00e9 FR","protected":true,"doclang":"FR","externalkey":"Sicherheitsdatenblatt","docpos":"3"}],"einstellungen":null,"background_color":"bg-none","background_color_content":"bg-none"}},"included_in_systems":{"module_included_in_systems":{"":null,"background_color":"bg-gray-medium","background_color_content":"bg-none"}},"contact":{"module_contact":{"":null,"background_color":"bg-none","background_color_content":"bg-none"}},"ausschreibende":{"module_ausschreibende":{"andern_sie_den_inhalt_unter_universelle_elemente":null,"background_color":"bg-none","background_color_content":"bg-none"}}},"yoast_head":"<!-- This site is optimized with the Yoast SEO plugin v27.0 - https:\/\/yoast.com\/product\/yoast-seo-wordpress\/ -->\n<title>Colourless, viscous 1-component pore-filler DS 925 | KLB K\u00f6tztal<\/title>\n<meta name=\"description\" content=\"Transparent, viscous 1-component pore-filler DS 925 for closing pores in indoor stone carpets | KLB floor coatings \u2714\ufe0f Eurofins, AgBB-compliant\" \/>\n<meta name=\"robots\" content=\"noindex, follow, max-snippet:-1, max-image-preview:large, max-video-preview:-1\" \/>\n<meta property=\"og:locale\" content=\"en_GB\" \/>\n<meta property=\"og:type\" content=\"article\" \/>\n<meta property=\"og:title\" content=\"Colourless, viscous 1-component pore-filler DS 925 | KLB K\u00f6tztal\" \/>\n<meta property=\"og:description\" content=\"Transparent, viscous 1-component pore-filler DS 925 for closing pores in indoor stone carpets | KLB floor coatings \u2714\ufe0f Eurofins, AgBB-compliant\" \/>\n<meta property=\"og:url\" content=\"https:\/\/www.klb-koetztal.de\/en\/produkt\/klb-system-dekor-ds-925-porenfueller\/\" \/>\n<meta property=\"og:site_name\" content=\"KLB K\u00f6tztal\" \/>\n<meta property=\"article:publisher\" content=\"https:\/\/www.facebook.com\/klbkoetztal\" \/>\n<meta property=\"article:modified_time\" content=\"2026-04-01T10:11:56+00:00\" \/>\n<meta property=\"og:image\" content=\"https:\/\/www.klb-koetztal.de\/app\/uploads\/2022\/03\/DS925.jpg\" \/>\n\t<meta property=\"og:image:width\" content=\"500\" \/>\n\t<meta property=\"og:image:height\" content=\"500\" \/>\n\t<meta property=\"og:image:type\" content=\"image\/jpeg\" \/>\n<meta name=\"twitter:card\" content=\"summary_large_image\" \/>\n<script type=\"application\/ld+json\" class=\"yoast-schema-graph\">{\"@context\":\"https:\/\/schema.org\",\"@graph\":[{\"@type\":\"WebPage\",\"@id\":\"https:\/\/www.klb-koetztal.de\/en\/produkt\/klb-system-dekor-ds-925-porenfueller\/\",\"url\":\"https:\/\/www.klb-koetztal.de\/en\/produkt\/klb-system-dekor-ds-925-porenfueller\/\",\"name\":\"Colourless, viscous 1-component pore-filler DS 925 | KLB K\u00f6tztal\",\"isPartOf\":{\"@id\":\"https:\/\/www.klb-koetztal.de\/en\/#website\"},\"primaryImageOfPage\":{\"@id\":\"https:\/\/www.klb-koetztal.de\/en\/produkt\/klb-system-dekor-ds-925-porenfueller\/#primaryimage\"},\"image\":{\"@id\":\"https:\/\/www.klb-koetztal.de\/en\/produkt\/klb-system-dekor-ds-925-porenfueller\/#primaryimage\"},\"thumbnailUrl\":\"https:\/\/www.klb-koetztal.de\/app\/uploads\/2022\/03\/DS925.jpg\",\"datePublished\":\"2022-03-14T10:13:57+00:00\",\"dateModified\":\"2026-04-01T10:11:56+00:00\",\"description\":\"Transparent, viscous 1-component pore-filler DS 925 for closing pores in indoor stone carpets | KLB floor coatings \u2714\ufe0f Eurofins, AgBB-compliant\",\"breadcrumb\":{\"@id\":\"https:\/\/www.klb-koetztal.de\/en\/produkt\/klb-system-dekor-ds-925-porenfueller\/#breadcrumb\"},\"inLanguage\":\"en-GB\",\"potentialAction\":[{\"@type\":\"ReadAction\",\"target\":[\"https:\/\/www.klb-koetztal.de\/en\/produkt\/klb-system-dekor-ds-925-porenfueller\/\"]}]},{\"@type\":\"ImageObject\",\"inLanguage\":\"en-GB\",\"@id\":\"https:\/\/www.klb-koetztal.de\/en\/produkt\/klb-system-dekor-ds-925-porenfueller\/#primaryimage\",\"url\":\"https:\/\/www.klb-koetztal.de\/app\/uploads\/2022\/03\/DS925.jpg\",\"contentUrl\":\"https:\/\/www.klb-koetztal.de\/app\/uploads\/2022\/03\/DS925.jpg\",\"width\":500,\"height\":500},{\"@type\":\"BreadcrumbList\",\"@id\":\"https:\/\/www.klb-koetztal.de\/en\/produkt\/klb-system-dekor-ds-925-porenfueller\/#breadcrumb\",\"itemListElement\":[{\"@type\":\"ListItem\",\"position\":1,\"name\":\"Startseite\",\"item\":\"https:\/\/www.klb-koetztal.de\/en\/\"},{\"@type\":\"ListItem\",\"position\":2,\"name\":\"KLB-SYSTEM DEKOR DS 925 Porenf\u00fcller\"}]},{\"@type\":\"WebSite\",\"@id\":\"https:\/\/www.klb-koetztal.de\/en\/#website\",\"url\":\"https:\/\/www.klb-koetztal.de\/en\/\",\"name\":\"KLB K\u00f6tztal\",\"description\":\"Gute B\u00f6den haben ein System.\",\"potentialAction\":[{\"@type\":\"SearchAction\",\"target\":{\"@type\":\"EntryPoint\",\"urlTemplate\":\"https:\/\/www.klb-koetztal.de\/en\/?s={search_term_string}\"},\"query-input\":{\"@type\":\"PropertyValueSpecification\",\"valueRequired\":true,\"valueName\":\"search_term_string\"}}],\"inLanguage\":\"en-GB\"}]}<\/script>\n<!-- \/ Yoast SEO plugin. -->","yoast_head_json":{"title":"Colourless, viscous 1-component pore-filler DS 925 | KLB K\u00f6tztal","description":"Transparent, viscous 1-component pore-filler DS 925 for closing pores in indoor stone carpets | KLB floor coatings \u2714\ufe0f Eurofins, AgBB-compliant","robots":{"index":"noindex","follow":"follow","max-snippet":"max-snippet:-1","max-image-preview":"max-image-preview:large","max-video-preview":"max-video-preview:-1"},"og_locale":"en_GB","og_type":"article","og_title":"Colourless, viscous 1-component pore-filler DS 925 | KLB K\u00f6tztal","og_description":"Transparent, viscous 1-component pore-filler DS 925 for closing pores in indoor stone carpets | KLB floor coatings \u2714\ufe0f Eurofins, AgBB-compliant","og_url":"https:\/\/www.klb-koetztal.de\/en\/produkt\/klb-system-dekor-ds-925-porenfueller\/","og_site_name":"KLB K\u00f6tztal","article_publisher":"https:\/\/www.facebook.com\/klbkoetztal","article_modified_time":"2026-04-01T10:11:56+00:00","og_image":[{"width":500,"height":500,"url":"https:\/\/www.klb-koetztal.de\/app\/uploads\/2022\/03\/DS925.jpg","type":"image\/jpeg"}],"twitter_card":"summary_large_image","schema":{"@context":"https:\/\/schema.org","@graph":[{"@type":"WebPage","@id":"https:\/\/www.klb-koetztal.de\/en\/produkt\/klb-system-dekor-ds-925-porenfueller\/","url":"https:\/\/www.klb-koetztal.de\/en\/produkt\/klb-system-dekor-ds-925-porenfueller\/","name":"Colourless, viscous 1-component pore-filler DS 925 | KLB K\u00f6tztal","isPartOf":{"@id":"https:\/\/www.klb-koetztal.de\/en\/#website"},"primaryImageOfPage":{"@id":"https:\/\/www.klb-koetztal.de\/en\/produkt\/klb-system-dekor-ds-925-porenfueller\/#primaryimage"},"image":{"@id":"https:\/\/www.klb-koetztal.de\/en\/produkt\/klb-system-dekor-ds-925-porenfueller\/#primaryimage"},"thumbnailUrl":"https:\/\/www.klb-koetztal.de\/app\/uploads\/2022\/03\/DS925.jpg","datePublished":"2022-03-14T10:13:57+00:00","dateModified":"2026-04-01T10:11:56+00:00","description":"Transparent, viscous 1-component pore-filler DS 925 for closing pores in indoor stone carpets | KLB floor coatings \u2714\ufe0f Eurofins, AgBB-compliant","breadcrumb":{"@id":"https:\/\/www.klb-koetztal.de\/en\/produkt\/klb-system-dekor-ds-925-porenfueller\/#breadcrumb"},"inLanguage":"en-GB","potentialAction":[{"@type":"ReadAction","target":["https:\/\/www.klb-koetztal.de\/en\/produkt\/klb-system-dekor-ds-925-porenfueller\/"]}]},{"@type":"ImageObject","inLanguage":"en-GB","@id":"https:\/\/www.klb-koetztal.de\/en\/produkt\/klb-system-dekor-ds-925-porenfueller\/#primaryimage","url":"https:\/\/www.klb-koetztal.de\/app\/uploads\/2022\/03\/DS925.jpg","contentUrl":"https:\/\/www.klb-koetztal.de\/app\/uploads\/2022\/03\/DS925.jpg","width":500,"height":500},{"@type":"BreadcrumbList","@id":"https:\/\/www.klb-koetztal.de\/en\/produkt\/klb-system-dekor-ds-925-porenfueller\/#breadcrumb","itemListElement":[{"@type":"ListItem","position":1,"name":"Startseite","item":"https:\/\/www.klb-koetztal.de\/en\/"},{"@type":"ListItem","position":2,"name":"KLB-SYSTEM DEKOR DS 925 Porenf\u00fcller"}]},{"@type":"WebSite","@id":"https:\/\/www.klb-koetztal.de\/en\/#website","url":"https:\/\/www.klb-koetztal.de\/en\/","name":"KLB K\u00f6tztal","description":"Gute B\u00f6den haben ein System.","potentialAction":[{"@type":"SearchAction","target":{"@type":"EntryPoint","urlTemplate":"https:\/\/www.klb-koetztal.de\/en\/?s={search_term_string}"},"query-input":{"@type":"PropertyValueSpecification","valueRequired":true,"valueName":"search_term_string"}}],"inLanguage":"en-GB"}]}},"_links":{"self":[{"href":"https:\/\/www.klb-koetztal.de\/en\/wp-json\/wp\/v2\/product\/50305","targetHints":{"allow":["GET"]}}],"collection":[{"href":"https:\/\/www.klb-koetztal.de\/en\/wp-json\/wp\/v2\/product"}],"about":[{"href":"https:\/\/www.klb-koetztal.de\/en\/wp-json\/wp\/v2\/types\/product"}],"wp:featuredmedia":[{"embeddable":true,"href":"https:\/\/www.klb-koetztal.de\/en\/wp-json\/wp\/v2\/media\/50307"}],"wp:attachment":[{"href":"https:\/\/www.klb-koetztal.de\/en\/wp-json\/wp\/v2\/media?parent=50305"}],"wp:term":[{"taxonomy":"product_brand","embeddable":true,"href":"https:\/\/www.klb-koetztal.de\/en\/wp-json\/wp\/v2\/product_brand?post=50305"},{"taxonomy":"product_cat","embeddable":true,"href":"https:\/\/www.klb-koetztal.de\/en\/wp-json\/wp\/v2\/product_cat?post=50305"},{"taxonomy":"product_tag","embeddable":true,"href":"https:\/\/www.klb-koetztal.de\/en\/wp-json\/wp\/v2\/product_tag?post=50305"}],"curies":[{"name":"wp","href":"https:\/\/api.w.org\/{rel}","templated":true}]}}