{"id":49234,"date":"2022-02-25T13:11:03","date_gmt":"2022-02-25T12:11:03","guid":{"rendered":"https:\/\/www.klb-koetztal.de\/produkt\/klb-system-polyurethan-pu-813-el-esd\/"},"modified":"2026-04-01T12:40:21","modified_gmt":"2026-04-01T10:40:21","slug":"klb-system-polyurethan-pu-813-el-esd","status":"publish","type":"product","link":"https:\/\/www.klb-koetztal.de\/en\/produkt\/klb-system-polyurethan-pu-813-el-esd\/","title":{"rendered":"KLB-SYSTEM POLYURETHAN PU 813 EL+\/ESD"},"content":{"rendered":"","protected":false},"excerpt":{"rendered":"<p>Low-emission, electrically conductive, pigmented and environmentally friendly 2-component sealer on the basis of polyurethane for top sealing of dissipative polyurethane and epoxy resin coatings. Suitable for requirements&#160;in ESD, personal and EX protection areas,&#160;even in the case of subsequent change of use. Silk-matt appearance, light-stable and with good stain resistance. Certified as low-emission according to EMICODE with the EC1 Plus label.<\/p>\n","protected":false},"featured_media":59688,"template":"","meta":{"_acf_changed":false},"product_brand":[],"product_cat":[9609,9636,9641,9621,9630],"product_tag":[],"class_list":{"0":"post-49234","1":"product","2":"type-product","3":"status-publish","4":"has-post-thumbnail","6":"product_cat-coatings","7":"product_cat-conductive-coatings-personal-and-explosion-protection","8":"product_cat-conductive-coatings-for-esd-protection","9":"product_cat-sealers-impregnations","10":"product_cat-2-component-polyurethane-sealers-water-emulsified","12":"first","13":"instock","14":"shipping-taxable","15":"product-type-simple"},"acf":{"product_header":{"module_product_header":{"":null,"prototype_headline":{"headline":"KLB-SYSTEM POLYURETHAN PU 813 EL+\/ESD","h1":true,"subheadline":"Electrically conductive, pigmented, low-emission and environmentally friendly&#160;2-component sealer on the basis of polyurethane, suitable for&#160;requirements in ESD, personal and EX protection areas.","anchor":"","url":""},"grid_text_slider":false,"grid_text_content":[{"text":"<p class=\"product-short-title\" style=\"text-align: center;\"><strong>Brief description<\/strong><\/p>\n<p>Low-emission, electrically conductive, pigmented and environmentally friendly 2-component sealer on the basis of polyurethane for top sealing of dissipative polyurethane and epoxy resin coatings. Suitable for requirements&#160;in ESD, personal and EX protection areas,&#160;even in the case of subsequent change of use. Silk-matt appearance, light-stable and with good stain resistance. Certified as low-emission according to EMICODE with the EC1 Plus label.<\/p>\n","width":"4","background_color_text":"bg-white","border_color":"border-gray-light"},{"text":"<p class=\"product-sicing-title\" style=\"text-align: center;\"><strong>Packaging units<\/strong><\/p>\n<ul>\n<li>AK6530-92 &#8211; Combo can 1.00 kg<\/li>\n<li>AK6530-40 &#8211; Combo packaging 10.00 kg<\/li>\n<\/ul>\n<p><\/p>\n<p>Please do not hesitate to contact us directly for enquiries about larger delivery quantities or packaging units.<\/p>\n\n","width":"4","background_color_text":"bg-white","border_color":"border-gray-light"},{"text":"<p class=\"product-attr-title\" style=\"text-align: center;\"><strong>Properties<\/strong><\/p>\n<ul>\n<li>electrically conductive for explosion protection<\/li>\n<li>for increased demands on ESD protection<\/li>\n<li>tested, low-emission quality<\/li>\n<li>EMICODE\u00ae EC 1PLUS certified<\/li>\n<li>environmentally friendly<\/li>\n<li>easy application<\/li>\n<li>good interlayer adhesion<\/li>\n<li>matt<\/li>\n<li>even surface<\/li>\n<\/ul>\n","width":"4","background_color_text":"bg-white","border_color":"border-gray-light"}],"background_color":"bg-none","background_color_content":"bg-none"}},"downloads":{"module_download_list":{"inhalt":null,"downloads":[{"download":{"ID":69315,"id":69315,"title":"PU_813_ELplus_ESD_PI_en_2026_03","filename":"PU_813_ELplus_ESD_PI_en_2026_03.pdf","filesize":1172856,"url":"https:\/\/www.klb-koetztal.de\/app\/uploads\/2026\/03\/PU_813_ELplus_ESD_PI_en_2026_03.pdf","link":"https:\/\/www.klb-koetztal.de\/en\/?attachment_id=69315","alt":"","author":"7","description":"","caption":"","name":"pu_813_elplus_esd_pi_en_2026_03-2","status":"inherit","uploaded_to":0,"date":"2026-03-16 12:40:49","modified":"2026-03-16 12:40:49","menu_order":0,"mime_type":"application\/pdf","type":"application","subtype":"pdf","icon":"https:\/\/www.klb-koetztal.de\/wp\/wp-includes\/images\/media\/document.png"},"filename":"Product Information","protected":false,"doclang":"GB","externalkey":"Produktinformation","docpos":"2"},{"download":{"ID":69339,"id":69339,"title":"PU_813_ELplus_ESD_PI_fr_2026_03-1","filename":"PU_813_ELplus_ESD_PI_fr_2026_03-1.pdf","filesize":1183906,"url":"https:\/\/www.klb-koetztal.de\/app\/uploads\/2026\/03\/PU_813_ELplus_ESD_PI_fr_2026_03-1.pdf","link":"https:\/\/www.klb-koetztal.de\/en\/?attachment_id=69339","alt":"","author":"7","description":"","caption":"","name":"pu_813_elplus_esd_pi_fr_2026_03-1-2","status":"inherit","uploaded_to":0,"date":"2026-03-16 13:16:29","modified":"2026-03-16 13:16:29","menu_order":0,"mime_type":"application\/pdf","type":"application","subtype":"pdf","icon":"https:\/\/www.klb-koetztal.de\/wp\/wp-includes\/images\/media\/document.png"},"filename":"Information Produit FR","protected":false,"doclang":"FR","externalkey":"Produktinformation","docpos":"3"},{"download":{"ID":50442,"id":50442,"title":"Leistungserkl\u00e4rung - Statement of performance","filename":"PU813_ELESD_LE_2021-02.pdf","filesize":179783,"url":"https:\/\/www.klb-koetztal.de\/app\/uploads\/2022\/03\/PU813_ELESD_LE_2021-02.pdf","link":"https:\/\/www.klb-koetztal.de\/en\/?attachment_id=50442","alt":"","author":"7","description":"","caption":"","name":"pu813_elesd_le_2021-02","status":"inherit","uploaded_to":0,"date":"2022-03-14 10:21:13","modified":"2026-04-01 10:40:52","menu_order":0,"mime_type":"application\/pdf","type":"application","subtype":"pdf","icon":"https:\/\/www.klb-koetztal.de\/wp\/wp-includes\/images\/media\/document.png"},"filename":"Statement of performance - Leistungserkl\u00e4rung","protected":false,"doclang":"Multi","externalkey":"Leistungserklaerung","docpos":"50"},{"download":{"ID":51285,"id":51285,"title":"EPD-Information","filename":"PU813EL_ESD_Umwelt-Deklaration_2022-06.pdf","filesize":2570100,"url":"https:\/\/www.klb-koetztal.de\/app\/uploads\/2022\/06\/PU813EL_ESD_Umwelt-Deklaration_2022-06.pdf","link":"https:\/\/www.klb-koetztal.de\/en\/?attachment_id=51285","alt":"","author":"7","description":"","caption":"","name":"pu813el_esd_umwelt-deklaration_2022-06","status":"inherit","uploaded_to":0,"date":"2022-06-23 13:43:49","modified":"2026-04-01 10:40:34","menu_order":0,"mime_type":"application\/pdf","type":"application","subtype":"pdf","icon":"https:\/\/www.klb-koetztal.de\/wp\/wp-includes\/images\/media\/document.png"},"filename":"EPD - Environmental Product Declaration","protected":false,"doclang":"Multi","externalkey":"Umweltproduktdeklaration","docpos":"50"},{"download":false,"filename":"Safety data sheet","protected":true,"doclang":"GB","externalkey":"Sicherheitsdatenblatt","docpos":"2"},{"download":false,"filename":"Fiche de donn\u00e9es de s\u00e9curit\u00e9 FR","protected":true,"doclang":"FR","externalkey":"Sicherheitsdatenblatt","docpos":"3"}],"einstellungen":null,"background_color":"bg-none","background_color_content":"bg-none"}},"included_in_systems":{"module_included_in_systems":{"":null,"background_color":"bg-gray-medium","background_color_content":"bg-none"}},"contact":{"module_contact":{"":null,"background_color":"bg-none","background_color_content":"bg-none"}},"ausschreibende":{"module_ausschreibende":{"andern_sie_den_inhalt_unter_universelle_elemente":null,"background_color":"bg-none","background_color_content":"bg-none"}}},"yoast_head":"<!-- This site is optimized with the Yoast SEO plugin v27.0 - https:\/\/yoast.com\/product\/yoast-seo-wordpress\/ -->\n<title>Low-VOC, conductive sealer PU 813 EL+\/ESD | KLB K\u00f6tztal<\/title>\n<meta name=\"description\" content=\"Low-emission, electrically conductive sealer PU 813 EL+\/ESD with yellowing resistance | KLB floor \u2714\ufe0f ESD, personal and EX protection areas\" \/>\n<meta name=\"robots\" content=\"noindex, follow, max-snippet:-1, max-image-preview:large, max-video-preview:-1\" \/>\n<meta property=\"og:locale\" content=\"en_GB\" \/>\n<meta property=\"og:type\" content=\"article\" \/>\n<meta property=\"og:title\" content=\"Low-VOC, conductive sealer PU 813 EL+\/ESD | KLB K\u00f6tztal\" \/>\n<meta property=\"og:description\" content=\"Low-emission, electrically conductive sealer PU 813 EL+\/ESD with yellowing resistance | KLB floor \u2714\ufe0f ESD, personal and EX protection areas\" \/>\n<meta property=\"og:url\" content=\"https:\/\/www.klb-koetztal.de\/en\/produkt\/klb-system-polyurethan-pu-813-el-esd\/\" \/>\n<meta property=\"og:site_name\" content=\"KLB K\u00f6tztal\" \/>\n<meta property=\"article:publisher\" content=\"https:\/\/www.facebook.com\/klbkoetztal\" \/>\n<meta property=\"article:modified_time\" content=\"2026-04-01T10:40:21+00:00\" \/>\n<meta property=\"og:image\" content=\"https:\/\/www.klb-koetztal.de\/app\/uploads\/2024\/01\/PU_813_EL_ESD_500px_neu.jpg\" \/>\n\t<meta property=\"og:image:width\" content=\"500\" \/>\n\t<meta property=\"og:image:height\" content=\"500\" \/>\n\t<meta property=\"og:image:type\" content=\"image\/jpeg\" \/>\n<meta name=\"twitter:card\" content=\"summary_large_image\" \/>\n<script type=\"application\/ld+json\" class=\"yoast-schema-graph\">{\"@context\":\"https:\/\/schema.org\",\"@graph\":[{\"@type\":\"WebPage\",\"@id\":\"https:\/\/www.klb-koetztal.de\/en\/produkt\/klb-system-polyurethan-pu-813-el-esd\/\",\"url\":\"https:\/\/www.klb-koetztal.de\/en\/produkt\/klb-system-polyurethan-pu-813-el-esd\/\",\"name\":\"Low-VOC, conductive sealer PU 813 EL+\/ESD | KLB K\u00f6tztal\",\"isPartOf\":{\"@id\":\"https:\/\/www.klb-koetztal.de\/en\/#website\"},\"primaryImageOfPage\":{\"@id\":\"https:\/\/www.klb-koetztal.de\/en\/produkt\/klb-system-polyurethan-pu-813-el-esd\/#primaryimage\"},\"image\":{\"@id\":\"https:\/\/www.klb-koetztal.de\/en\/produkt\/klb-system-polyurethan-pu-813-el-esd\/#primaryimage\"},\"thumbnailUrl\":\"https:\/\/www.klb-koetztal.de\/app\/uploads\/2024\/01\/PU_813_EL_ESD_500px_neu.jpg\",\"datePublished\":\"2022-02-25T12:11:03+00:00\",\"dateModified\":\"2026-04-01T10:40:21+00:00\",\"description\":\"Low-emission, electrically conductive sealer PU 813 EL+\/ESD with yellowing resistance | KLB floor \u2714\ufe0f ESD, personal and EX protection areas\",\"breadcrumb\":{\"@id\":\"https:\/\/www.klb-koetztal.de\/en\/produkt\/klb-system-polyurethan-pu-813-el-esd\/#breadcrumb\"},\"inLanguage\":\"en-GB\",\"potentialAction\":[{\"@type\":\"ReadAction\",\"target\":[\"https:\/\/www.klb-koetztal.de\/en\/produkt\/klb-system-polyurethan-pu-813-el-esd\/\"]}]},{\"@type\":\"ImageObject\",\"inLanguage\":\"en-GB\",\"@id\":\"https:\/\/www.klb-koetztal.de\/en\/produkt\/klb-system-polyurethan-pu-813-el-esd\/#primaryimage\",\"url\":\"https:\/\/www.klb-koetztal.de\/app\/uploads\/2024\/01\/PU_813_EL_ESD_500px_neu.jpg\",\"contentUrl\":\"https:\/\/www.klb-koetztal.de\/app\/uploads\/2024\/01\/PU_813_EL_ESD_500px_neu.jpg\",\"width\":500,\"height\":500},{\"@type\":\"BreadcrumbList\",\"@id\":\"https:\/\/www.klb-koetztal.de\/en\/produkt\/klb-system-polyurethan-pu-813-el-esd\/#breadcrumb\",\"itemListElement\":[{\"@type\":\"ListItem\",\"position\":1,\"name\":\"Startseite\",\"item\":\"https:\/\/www.klb-koetztal.de\/en\/\"},{\"@type\":\"ListItem\",\"position\":2,\"name\":\"KLB-SYSTEM POLYURETHAN PU 813 EL+\/ESD\"}]},{\"@type\":\"WebSite\",\"@id\":\"https:\/\/www.klb-koetztal.de\/en\/#website\",\"url\":\"https:\/\/www.klb-koetztal.de\/en\/\",\"name\":\"KLB K\u00f6tztal\",\"description\":\"Gute B\u00f6den haben ein System.\",\"potentialAction\":[{\"@type\":\"SearchAction\",\"target\":{\"@type\":\"EntryPoint\",\"urlTemplate\":\"https:\/\/www.klb-koetztal.de\/en\/?s={search_term_string}\"},\"query-input\":{\"@type\":\"PropertyValueSpecification\",\"valueRequired\":true,\"valueName\":\"search_term_string\"}}],\"inLanguage\":\"en-GB\"}]}<\/script>\n<!-- \/ Yoast SEO plugin. -->","yoast_head_json":{"title":"Low-VOC, conductive sealer PU 813 EL+\/ESD | KLB K\u00f6tztal","description":"Low-emission, electrically conductive sealer PU 813 EL+\/ESD with yellowing resistance | KLB floor \u2714\ufe0f ESD, personal and EX protection areas","robots":{"index":"noindex","follow":"follow","max-snippet":"max-snippet:-1","max-image-preview":"max-image-preview:large","max-video-preview":"max-video-preview:-1"},"og_locale":"en_GB","og_type":"article","og_title":"Low-VOC, conductive sealer PU 813 EL+\/ESD | KLB K\u00f6tztal","og_description":"Low-emission, electrically conductive sealer PU 813 EL+\/ESD with yellowing resistance | KLB floor \u2714\ufe0f ESD, personal and EX protection areas","og_url":"https:\/\/www.klb-koetztal.de\/en\/produkt\/klb-system-polyurethan-pu-813-el-esd\/","og_site_name":"KLB K\u00f6tztal","article_publisher":"https:\/\/www.facebook.com\/klbkoetztal","article_modified_time":"2026-04-01T10:40:21+00:00","og_image":[{"width":500,"height":500,"url":"https:\/\/www.klb-koetztal.de\/app\/uploads\/2024\/01\/PU_813_EL_ESD_500px_neu.jpg","type":"image\/jpeg"}],"twitter_card":"summary_large_image","schema":{"@context":"https:\/\/schema.org","@graph":[{"@type":"WebPage","@id":"https:\/\/www.klb-koetztal.de\/en\/produkt\/klb-system-polyurethan-pu-813-el-esd\/","url":"https:\/\/www.klb-koetztal.de\/en\/produkt\/klb-system-polyurethan-pu-813-el-esd\/","name":"Low-VOC, conductive sealer PU 813 EL+\/ESD | KLB K\u00f6tztal","isPartOf":{"@id":"https:\/\/www.klb-koetztal.de\/en\/#website"},"primaryImageOfPage":{"@id":"https:\/\/www.klb-koetztal.de\/en\/produkt\/klb-system-polyurethan-pu-813-el-esd\/#primaryimage"},"image":{"@id":"https:\/\/www.klb-koetztal.de\/en\/produkt\/klb-system-polyurethan-pu-813-el-esd\/#primaryimage"},"thumbnailUrl":"https:\/\/www.klb-koetztal.de\/app\/uploads\/2024\/01\/PU_813_EL_ESD_500px_neu.jpg","datePublished":"2022-02-25T12:11:03+00:00","dateModified":"2026-04-01T10:40:21+00:00","description":"Low-emission, electrically conductive sealer PU 813 EL+\/ESD with yellowing resistance | KLB floor \u2714\ufe0f ESD, personal and EX protection areas","breadcrumb":{"@id":"https:\/\/www.klb-koetztal.de\/en\/produkt\/klb-system-polyurethan-pu-813-el-esd\/#breadcrumb"},"inLanguage":"en-GB","potentialAction":[{"@type":"ReadAction","target":["https:\/\/www.klb-koetztal.de\/en\/produkt\/klb-system-polyurethan-pu-813-el-esd\/"]}]},{"@type":"ImageObject","inLanguage":"en-GB","@id":"https:\/\/www.klb-koetztal.de\/en\/produkt\/klb-system-polyurethan-pu-813-el-esd\/#primaryimage","url":"https:\/\/www.klb-koetztal.de\/app\/uploads\/2024\/01\/PU_813_EL_ESD_500px_neu.jpg","contentUrl":"https:\/\/www.klb-koetztal.de\/app\/uploads\/2024\/01\/PU_813_EL_ESD_500px_neu.jpg","width":500,"height":500},{"@type":"BreadcrumbList","@id":"https:\/\/www.klb-koetztal.de\/en\/produkt\/klb-system-polyurethan-pu-813-el-esd\/#breadcrumb","itemListElement":[{"@type":"ListItem","position":1,"name":"Startseite","item":"https:\/\/www.klb-koetztal.de\/en\/"},{"@type":"ListItem","position":2,"name":"KLB-SYSTEM POLYURETHAN PU 813 EL+\/ESD"}]},{"@type":"WebSite","@id":"https:\/\/www.klb-koetztal.de\/en\/#website","url":"https:\/\/www.klb-koetztal.de\/en\/","name":"KLB K\u00f6tztal","description":"Gute B\u00f6den haben ein System.","potentialAction":[{"@type":"SearchAction","target":{"@type":"EntryPoint","urlTemplate":"https:\/\/www.klb-koetztal.de\/en\/?s={search_term_string}"},"query-input":{"@type":"PropertyValueSpecification","valueRequired":true,"valueName":"search_term_string"}}],"inLanguage":"en-GB"}]}},"_links":{"self":[{"href":"https:\/\/www.klb-koetztal.de\/en\/wp-json\/wp\/v2\/product\/49234","targetHints":{"allow":["GET"]}}],"collection":[{"href":"https:\/\/www.klb-koetztal.de\/en\/wp-json\/wp\/v2\/product"}],"about":[{"href":"https:\/\/www.klb-koetztal.de\/en\/wp-json\/wp\/v2\/types\/product"}],"wp:featuredmedia":[{"embeddable":true,"href":"https:\/\/www.klb-koetztal.de\/en\/wp-json\/wp\/v2\/media\/59688"}],"wp:attachment":[{"href":"https:\/\/www.klb-koetztal.de\/en\/wp-json\/wp\/v2\/media?parent=49234"}],"wp:term":[{"taxonomy":"product_brand","embeddable":true,"href":"https:\/\/www.klb-koetztal.de\/en\/wp-json\/wp\/v2\/product_brand?post=49234"},{"taxonomy":"product_cat","embeddable":true,"href":"https:\/\/www.klb-koetztal.de\/en\/wp-json\/wp\/v2\/product_cat?post=49234"},{"taxonomy":"product_tag","embeddable":true,"href":"https:\/\/www.klb-koetztal.de\/en\/wp-json\/wp\/v2\/product_tag?post=49234"}],"curies":[{"name":"wp","href":"https:\/\/api.w.org\/{rel}","templated":true}]}}