{"id":46849,"date":"2021-08-20T09:40:21","date_gmt":"2021-08-20T07:40:21","guid":{"rendered":"https:\/\/dev.klb-koetztal.de\/produkt\/klb-system-epoxid-ep-175-spezial\/"},"modified":"2026-04-01T12:34:48","modified_gmt":"2026-04-01T10:34:48","slug":"klb-system-epoxid-ep-175-spezial","status":"publish","type":"product","link":"https:\/\/www.klb-koetztal.de\/en\/produkt\/klb-system-epoxid-ep-175-spezial\/","title":{"rendered":"KLB-SYSTEM EPOXID EP 175 Spezial"},"content":{"rendered":"","protected":false},"excerpt":{"rendered":"<p>Solvent-free, colourless 2-component epoxy resin top sealer for decorative coloured&#160;quartz sand and scattered coatings. Low yellowing tendency.<\/p>\n","protected":false},"featured_media":49456,"template":"","meta":{"_acf_changed":false},"product_brand":[],"product_cat":[9615,9616,9617,9618],"product_tag":[],"class_list":{"0":"post-46849","1":"product","2":"type-product","3":"status-publish","4":"has-post-thumbnail","6":"product_cat-decor-binding-agent-top-sealer-pore-filling","7":"product_cat-top-sealers","8":"product_cat-top-sealers-for-scattered-coatings","9":"product_cat-2-component-epoxy-resin-top-seal","11":"first","12":"instock","13":"shipping-taxable","14":"product-type-simple"},"acf":{"product_header":{"module_product_header":{"":null,"prototype_headline":{"headline":"KLB-SYSTEM EPOXID EP 175 Spezial","h1":true,"subheadline":"Low-yellowing 2-component epoxy resin for scattered and decorative coatings","anchor":"","url":""},"grid_text_slider":false,"grid_text_content":[{"text":"<p class=\"product-short-title\" style=\"text-align: center;\"><strong>Brief description<\/strong><\/p>\n<p>Solvent-free, colourless 2-component epoxy resin top sealer for decorative coloured&#160;quartz sand and scattered coatings. Low yellowing tendency.<\/p>\n","width":"4","background_color_text":"bg-white","border_color":"border-gray-light"},{"text":"<p class=\"product-sicing-title\" style=\"text-align: center;\"><strong>Packaging units<\/strong><\/p>\n<ul>\n<li>AK1088-50 &#8211; Bucket combo 10.00 kg<\/li>\n<li>AK1078-30 &#8211; Hobbock combo 30.00 kg<\/li>\n<li>AK1078-01 &#8211; Drum combo 600.00 kg<\/li>\n<\/ul>\n<p><\/p>\n<p>Please do not hesitate to contact us directly for enquiries about larger delivery quantities or packaging units.<\/p>\n\n","width":"4","background_color_text":"bg-white","border_color":"border-gray-light"},{"text":"<p class=\"product-attr-title\" style=\"text-align: center;\"><strong>Properties<\/strong><\/p>\n<ul>\n<li>Total Solid according to GISCODE (Test method &#8220;Deutsche Bauchemie&#8221;)<\/li>\n<li>suitable for wet areas<\/li>\n<li>mechanically resistant<\/li>\n<li>good interlayer adhesion<\/li>\n<li>non-pigmented, glossy<\/li>\n<li>good resistance to water and chemicals<\/li>\n<li>low-grade yellowing<\/li>\n<li>consistent to hydrolysis and saponification<\/li>\n<li>free of deleterious substances against varnish<\/li>\n<\/ul>\n","width":"4","background_color_text":"bg-white","border_color":"border-gray-light"}],"background_color":"bg-none","background_color_content":"bg-none"}},"downloads":{"module_download_list":{"inhalt":null,"downloads":[{"download":{"ID":67962,"id":67962,"title":"EP_175_Spezial_PI_en_2025_11","filename":"EP_175_Spezial_PI_en_2025_11.pdf","filesize":1615566,"url":"https:\/\/www.klb-koetztal.de\/app\/uploads\/2025\/11\/EP_175_Spezial_PI_en_2025_11.pdf","link":"https:\/\/www.klb-koetztal.de\/en\/?attachment_id=67962","alt":"","author":"7","description":"","caption":"","name":"ep_175_spezial_pi_en_2025_11-2","status":"inherit","uploaded_to":0,"date":"2025-11-03 12:31:09","modified":"2025-11-03 12:31:09","menu_order":0,"mime_type":"application\/pdf","type":"application","subtype":"pdf","icon":"https:\/\/www.klb-koetztal.de\/wp\/wp-includes\/images\/media\/document.png"},"filename":"Product Information","protected":false,"doclang":"GB","externalkey":"Produktinformation","docpos":"2"},{"download":{"ID":67965,"id":67965,"title":"EP_175_Spezial_PI_fr_2025_11","filename":"EP_175_Spezial_PI_fr_2025_11.pdf","filesize":1625828,"url":"https:\/\/www.klb-koetztal.de\/app\/uploads\/2025\/11\/EP_175_Spezial_PI_fr_2025_11.pdf","link":"https:\/\/www.klb-koetztal.de\/en\/?attachment_id=67965","alt":"","author":"7","description":"","caption":"","name":"ep_175_spezial_pi_fr_2025_11-2","status":"inherit","uploaded_to":0,"date":"2025-11-03 12:31:11","modified":"2025-11-03 12:31:11","menu_order":0,"mime_type":"application\/pdf","type":"application","subtype":"pdf","icon":"https:\/\/www.klb-koetztal.de\/wp\/wp-includes\/images\/media\/document.png"},"filename":"Information Produit FR","protected":false,"doclang":"FR","externalkey":"Produktinformation","docpos":"3"},{"download":{"ID":67917,"id":67917,"title":"EP_175_Spezial_LE_en_2025_10","filename":"EP_175_Spezial_LE_en_2025_10.pdf","filesize":290373,"url":"https:\/\/www.klb-koetztal.de\/app\/uploads\/2025\/10\/EP_175_Spezial_LE_en_2025_10.pdf","link":"https:\/\/www.klb-koetztal.de\/en\/?attachment_id=67917","alt":"","author":"7","description":"","caption":"","name":"ep_175_spezial_le_en_2025_10-2","status":"inherit","uploaded_to":0,"date":"2025-10-31 12:51:12","modified":"2025-10-31 12:51:12","menu_order":0,"mime_type":"application\/pdf","type":"application","subtype":"pdf","icon":"https:\/\/www.klb-koetztal.de\/wp\/wp-includes\/images\/media\/document.png"},"filename":"Statement of performance","protected":false,"doclang":"GB","externalkey":"Leistungserklaerung","docpos":"2"},{"download":{"ID":67920,"id":67920,"title":"EP_175_Spezial_LE_fr_2025_10","filename":"EP_175_Spezial_LE_fr_2025_10.pdf","filesize":290520,"url":"https:\/\/www.klb-koetztal.de\/app\/uploads\/2025\/10\/EP_175_Spezial_LE_fr_2025_10.pdf","link":"https:\/\/www.klb-koetztal.de\/en\/?attachment_id=67920","alt":"","author":"7","description":"","caption":"","name":"ep_175_spezial_le_fr_2025_10-2","status":"inherit","uploaded_to":0,"date":"2025-10-31 12:51:13","modified":"2025-10-31 12:51:13","menu_order":0,"mime_type":"application\/pdf","type":"application","subtype":"pdf","icon":"https:\/\/www.klb-koetztal.de\/wp\/wp-includes\/images\/media\/document.png"},"filename":"Declaration of performance","protected":false,"doclang":"FR","externalkey":"Leistungserklaerung","docpos":"3"},{"download":{"ID":51938,"id":51938,"title":"EP175_Spezial_Umwelt-Deklaration_2022-08","filename":"EP175_Spezial_Umwelt-Deklaration_2022-08.pdf","filesize":2903115,"url":"https:\/\/www.klb-koetztal.de\/app\/uploads\/2022\/09\/EP175_Spezial_Umwelt-Deklaration_2022-08.pdf","link":"https:\/\/www.klb-koetztal.de\/en\/?attachment_id=51938","alt":"","author":"7","description":"","caption":"","name":"ep175_spezial_umwelt-deklaration_2022-08-2","status":"inherit","uploaded_to":0,"date":"2022-09-01 09:00:27","modified":"2022-09-01 09:00:27","menu_order":0,"mime_type":"application\/pdf","type":"application","subtype":"pdf","icon":"https:\/\/www.klb-koetztal.de\/wp\/wp-includes\/images\/media\/document.png"},"filename":"EPD - Environmental Product Declaration","protected":false,"doclang":"Multi","externalkey":"Umweltproduktdeklaration","docpos":"50"},{"download":false,"filename":"Safety data sheet","protected":true,"doclang":"GB","externalkey":"Sicherheitsdatenblatt","docpos":"2"},{"download":false,"filename":"Fiche de donn\u00e9es de s\u00e9curit\u00e9 FR","protected":true,"doclang":"FR","externalkey":"Sicherheitsdatenblatt","docpos":"3"}],"einstellungen":null,"background_color":"bg-none","background_color_content":"bg-none"}},"included_in_systems":{"module_included_in_systems":{"":null,"background_color":"bg-gray-medium","background_color_content":"bg-none"}},"contact":{"module_contact":{"":null,"background_color":"bg-none","background_color_content":"bg-none"}},"ausschreibende":{"module_ausschreibende":{"andern_sie_den_inhalt_unter_universelle_elemente":null,"background_color":"bg-none","background_color_content":"bg-none"}}},"yoast_head":"<!-- This site is optimized with the Yoast SEO plugin v27.0 - https:\/\/yoast.com\/product\/yoast-seo-wordpress\/ -->\n<title>Solvent-free, non-pigmented sealer EP 175 Spezial | KLB<\/title>\n<meta name=\"description\" content=\"Solvent-free, non-pigmented top sealer EP 175 Spezial for scattered and decorative coverings | KLB floor coating \u2714\ufe0f low tendency to yellowing\" \/>\n<meta name=\"robots\" content=\"noindex, follow, max-snippet:-1, max-image-preview:large, max-video-preview:-1\" \/>\n<meta property=\"og:locale\" content=\"en_GB\" \/>\n<meta property=\"og:type\" content=\"article\" \/>\n<meta property=\"og:title\" content=\"Solvent-free, non-pigmented sealer EP 175 Spezial | KLB\" \/>\n<meta property=\"og:description\" content=\"Solvent-free, non-pigmented top sealer EP 175 Spezial for scattered and decorative coverings | KLB floor coating \u2714\ufe0f low tendency to yellowing\" \/>\n<meta property=\"og:url\" content=\"https:\/\/www.klb-koetztal.de\/en\/produkt\/klb-system-epoxid-ep-175-spezial\/\" \/>\n<meta property=\"og:site_name\" content=\"KLB K\u00f6tztal\" \/>\n<meta property=\"article:publisher\" content=\"https:\/\/www.facebook.com\/klbkoetztal\" \/>\n<meta property=\"article:modified_time\" content=\"2026-04-01T10:34:48+00:00\" \/>\n<meta property=\"og:image\" content=\"https:\/\/www.klb-koetztal.de\/app\/uploads\/2022\/03\/EP175_Spezial.jpg\" \/>\n\t<meta property=\"og:image:width\" content=\"500\" \/>\n\t<meta property=\"og:image:height\" content=\"500\" \/>\n\t<meta property=\"og:image:type\" content=\"image\/jpeg\" \/>\n<meta name=\"twitter:card\" content=\"summary_large_image\" \/>\n<script type=\"application\/ld+json\" class=\"yoast-schema-graph\">{\"@context\":\"https:\/\/schema.org\",\"@graph\":[{\"@type\":\"WebPage\",\"@id\":\"https:\/\/www.klb-koetztal.de\/en\/produkt\/klb-system-epoxid-ep-175-spezial\/\",\"url\":\"https:\/\/www.klb-koetztal.de\/en\/produkt\/klb-system-epoxid-ep-175-spezial\/\",\"name\":\"Solvent-free, non-pigmented sealer EP 175 Spezial | KLB\",\"isPartOf\":{\"@id\":\"https:\/\/www.klb-koetztal.de\/en\/#website\"},\"primaryImageOfPage\":{\"@id\":\"https:\/\/www.klb-koetztal.de\/en\/produkt\/klb-system-epoxid-ep-175-spezial\/#primaryimage\"},\"image\":{\"@id\":\"https:\/\/www.klb-koetztal.de\/en\/produkt\/klb-system-epoxid-ep-175-spezial\/#primaryimage\"},\"thumbnailUrl\":\"https:\/\/www.klb-koetztal.de\/app\/uploads\/2022\/03\/EP175_Spezial.jpg\",\"datePublished\":\"2021-08-20T07:40:21+00:00\",\"dateModified\":\"2026-04-01T10:34:48+00:00\",\"description\":\"Solvent-free, non-pigmented top sealer EP 175 Spezial for scattered and decorative coverings | KLB floor coating \u2714\ufe0f low tendency to yellowing\",\"breadcrumb\":{\"@id\":\"https:\/\/www.klb-koetztal.de\/en\/produkt\/klb-system-epoxid-ep-175-spezial\/#breadcrumb\"},\"inLanguage\":\"en-GB\",\"potentialAction\":[{\"@type\":\"ReadAction\",\"target\":[\"https:\/\/www.klb-koetztal.de\/en\/produkt\/klb-system-epoxid-ep-175-spezial\/\"]}]},{\"@type\":\"ImageObject\",\"inLanguage\":\"en-GB\",\"@id\":\"https:\/\/www.klb-koetztal.de\/en\/produkt\/klb-system-epoxid-ep-175-spezial\/#primaryimage\",\"url\":\"https:\/\/www.klb-koetztal.de\/app\/uploads\/2022\/03\/EP175_Spezial.jpg\",\"contentUrl\":\"https:\/\/www.klb-koetztal.de\/app\/uploads\/2022\/03\/EP175_Spezial.jpg\",\"width\":500,\"height\":500},{\"@type\":\"BreadcrumbList\",\"@id\":\"https:\/\/www.klb-koetztal.de\/en\/produkt\/klb-system-epoxid-ep-175-spezial\/#breadcrumb\",\"itemListElement\":[{\"@type\":\"ListItem\",\"position\":1,\"name\":\"Startseite\",\"item\":\"https:\/\/www.klb-koetztal.de\/en\/\"},{\"@type\":\"ListItem\",\"position\":2,\"name\":\"KLB-SYSTEM EPOXID EP 175 Spezial\"}]},{\"@type\":\"WebSite\",\"@id\":\"https:\/\/www.klb-koetztal.de\/en\/#website\",\"url\":\"https:\/\/www.klb-koetztal.de\/en\/\",\"name\":\"KLB K\u00f6tztal\",\"description\":\"Gute B\u00f6den haben ein System.\",\"potentialAction\":[{\"@type\":\"SearchAction\",\"target\":{\"@type\":\"EntryPoint\",\"urlTemplate\":\"https:\/\/www.klb-koetztal.de\/en\/?s={search_term_string}\"},\"query-input\":{\"@type\":\"PropertyValueSpecification\",\"valueRequired\":true,\"valueName\":\"search_term_string\"}}],\"inLanguage\":\"en-GB\"}]}<\/script>\n<!-- \/ Yoast SEO plugin. -->","yoast_head_json":{"title":"Solvent-free, non-pigmented sealer EP 175 Spezial | KLB","description":"Solvent-free, non-pigmented top sealer EP 175 Spezial for scattered and decorative coverings | KLB floor coating \u2714\ufe0f low tendency to yellowing","robots":{"index":"noindex","follow":"follow","max-snippet":"max-snippet:-1","max-image-preview":"max-image-preview:large","max-video-preview":"max-video-preview:-1"},"og_locale":"en_GB","og_type":"article","og_title":"Solvent-free, non-pigmented sealer EP 175 Spezial | KLB","og_description":"Solvent-free, non-pigmented top sealer EP 175 Spezial for scattered and decorative coverings | KLB floor coating \u2714\ufe0f low tendency to yellowing","og_url":"https:\/\/www.klb-koetztal.de\/en\/produkt\/klb-system-epoxid-ep-175-spezial\/","og_site_name":"KLB K\u00f6tztal","article_publisher":"https:\/\/www.facebook.com\/klbkoetztal","article_modified_time":"2026-04-01T10:34:48+00:00","og_image":[{"width":500,"height":500,"url":"https:\/\/www.klb-koetztal.de\/app\/uploads\/2022\/03\/EP175_Spezial.jpg","type":"image\/jpeg"}],"twitter_card":"summary_large_image","schema":{"@context":"https:\/\/schema.org","@graph":[{"@type":"WebPage","@id":"https:\/\/www.klb-koetztal.de\/en\/produkt\/klb-system-epoxid-ep-175-spezial\/","url":"https:\/\/www.klb-koetztal.de\/en\/produkt\/klb-system-epoxid-ep-175-spezial\/","name":"Solvent-free, non-pigmented sealer EP 175 Spezial | KLB","isPartOf":{"@id":"https:\/\/www.klb-koetztal.de\/en\/#website"},"primaryImageOfPage":{"@id":"https:\/\/www.klb-koetztal.de\/en\/produkt\/klb-system-epoxid-ep-175-spezial\/#primaryimage"},"image":{"@id":"https:\/\/www.klb-koetztal.de\/en\/produkt\/klb-system-epoxid-ep-175-spezial\/#primaryimage"},"thumbnailUrl":"https:\/\/www.klb-koetztal.de\/app\/uploads\/2022\/03\/EP175_Spezial.jpg","datePublished":"2021-08-20T07:40:21+00:00","dateModified":"2026-04-01T10:34:48+00:00","description":"Solvent-free, non-pigmented top sealer EP 175 Spezial for scattered and decorative coverings | KLB floor coating \u2714\ufe0f low tendency to yellowing","breadcrumb":{"@id":"https:\/\/www.klb-koetztal.de\/en\/produkt\/klb-system-epoxid-ep-175-spezial\/#breadcrumb"},"inLanguage":"en-GB","potentialAction":[{"@type":"ReadAction","target":["https:\/\/www.klb-koetztal.de\/en\/produkt\/klb-system-epoxid-ep-175-spezial\/"]}]},{"@type":"ImageObject","inLanguage":"en-GB","@id":"https:\/\/www.klb-koetztal.de\/en\/produkt\/klb-system-epoxid-ep-175-spezial\/#primaryimage","url":"https:\/\/www.klb-koetztal.de\/app\/uploads\/2022\/03\/EP175_Spezial.jpg","contentUrl":"https:\/\/www.klb-koetztal.de\/app\/uploads\/2022\/03\/EP175_Spezial.jpg","width":500,"height":500},{"@type":"BreadcrumbList","@id":"https:\/\/www.klb-koetztal.de\/en\/produkt\/klb-system-epoxid-ep-175-spezial\/#breadcrumb","itemListElement":[{"@type":"ListItem","position":1,"name":"Startseite","item":"https:\/\/www.klb-koetztal.de\/en\/"},{"@type":"ListItem","position":2,"name":"KLB-SYSTEM EPOXID EP 175 Spezial"}]},{"@type":"WebSite","@id":"https:\/\/www.klb-koetztal.de\/en\/#website","url":"https:\/\/www.klb-koetztal.de\/en\/","name":"KLB K\u00f6tztal","description":"Gute B\u00f6den haben ein System.","potentialAction":[{"@type":"SearchAction","target":{"@type":"EntryPoint","urlTemplate":"https:\/\/www.klb-koetztal.de\/en\/?s={search_term_string}"},"query-input":{"@type":"PropertyValueSpecification","valueRequired":true,"valueName":"search_term_string"}}],"inLanguage":"en-GB"}]}},"_links":{"self":[{"href":"https:\/\/www.klb-koetztal.de\/en\/wp-json\/wp\/v2\/product\/46849","targetHints":{"allow":["GET"]}}],"collection":[{"href":"https:\/\/www.klb-koetztal.de\/en\/wp-json\/wp\/v2\/product"}],"about":[{"href":"https:\/\/www.klb-koetztal.de\/en\/wp-json\/wp\/v2\/types\/product"}],"wp:featuredmedia":[{"embeddable":true,"href":"https:\/\/www.klb-koetztal.de\/en\/wp-json\/wp\/v2\/media\/49456"}],"wp:attachment":[{"href":"https:\/\/www.klb-koetztal.de\/en\/wp-json\/wp\/v2\/media?parent=46849"}],"wp:term":[{"taxonomy":"product_brand","embeddable":true,"href":"https:\/\/www.klb-koetztal.de\/en\/wp-json\/wp\/v2\/product_brand?post=46849"},{"taxonomy":"product_cat","embeddable":true,"href":"https:\/\/www.klb-koetztal.de\/en\/wp-json\/wp\/v2\/product_cat?post=46849"},{"taxonomy":"product_tag","embeddable":true,"href":"https:\/\/www.klb-koetztal.de\/en\/wp-json\/wp\/v2\/product_tag?post=46849"}],"curies":[{"name":"wp","href":"https:\/\/api.w.org\/{rel}","templated":true}]}}