{"id":46828,"date":"2021-08-19T10:40:59","date_gmt":"2021-08-19T08:40:59","guid":{"rendered":"https:\/\/dev.klb-koetztal.de\/produkt\/klb-system-epoxid-ep-724-e-haftgrund-super\/"},"modified":"2026-04-01T12:45:58","modified_gmt":"2026-04-01T10:45:58","slug":"klb-system-epoxid-ep-724-e-haftgrund-super","status":"publish","type":"product","link":"https:\/\/www.klb-koetztal.de\/en\/produkt\/klb-system-epoxid-ep-724-e-haftgrund-super\/","title":{"rendered":"KLB-SYSTEM EPOXID EP 724 E Haftgrund Super"},"content":{"rendered":"","protected":false},"excerpt":{"rendered":"<p>Low-emission 2-component&#160;epoxy resin primer containing water, with a wide range of adhesion properties on various old or new substrates (e.g. metal, ceramic floors, old coverings etc.) Suitable as primer and scratch coat, also on&#160;vapour-permeable coverings such as EP 785 HS. Can be diluted depending on the application. Tested based on EC1 Plus.<\/p>\n","protected":false},"featured_media":50373,"template":"","meta":{"_acf_changed":false},"product_brand":[],"product_cat":[9607,9635,9609,9631],"product_tag":[],"class_list":{"0":"post-46828","1":"product","2":"type-product","3":"status-publish","4":"has-post-thumbnail","6":"product_cat-primers","7":"product_cat-2-component-epoxy-resin-primers-low-emission-water-based","8":"product_cat-coatings","9":"product_cat-vapour-permeable-coatings-and-sealers","11":"first","12":"instock","13":"shipping-taxable","14":"product-type-simple"},"acf":{"product_header":{"module_product_header":{"":null,"prototype_headline":{"headline":"KLB-SYSTEM EPOXID EP 724 E Haftgrund Super","h1":true,"subheadline":"Water-based, low-VOC, AgBB-compliant 2-component&#160;epoxy resin primer and binding agent for scratch&#160;coats, with a wide range of adhesion properties on various substrates (metal, ceramics, etc.) Certified according to the EMICODE&#160;EC1 Plus label.","anchor":"","url":""},"grid_text_slider":false,"grid_text_content":[{"text":"<p class=\"product-short-title\" style=\"text-align: center;\"><strong>Brief description<\/strong><\/p>\n<p>Low-emission 2-component&#160;epoxy resin primer containing water, with a wide range of adhesion properties on various old or new substrates (e.g. metal, ceramic floors, old coverings etc.) Suitable as primer and scratch coat, also on&#160;vapour-permeable coverings such as EP 785 HS. Can be diluted depending on the application. Tested based on EC1 Plus.<\/p>\n","width":"4","background_color_text":"bg-white","border_color":"border-gray-light"},{"text":"<p class=\"product-sicing-title\" style=\"text-align: center;\"><strong>Packaging units<\/strong><\/p>\n<ul>\n<li>AK2803-60 &#8211; Combi unit 9.00 kg<\/li>\n<li>AK2803-40 &#8211; Combi unit 18.00 kg<\/li>\n<\/ul>\n<p><\/p>\n<p>Please do not hesitate to contact us directly for enquiries about larger delivery quantities or packaging units.<\/p>\n\n","width":"4","background_color_text":"bg-white","border_color":"border-gray-light"},{"text":"<p class=\"product-attr-title\" style=\"text-align: center;\"><strong>Properties<\/strong><\/p>\n<ul>\n<li>tested, low-emission quality<\/li>\n<li>EMICODE\u00ae EC 1PLUS certified<\/li>\n<li>Total Solid according to GISCODE<\/li>\n<li>easy application<\/li>\n<li>very high adhesion<\/li>\n<li>water vapour-permeable<\/li>\n<li>consistent to hydrolysis and saponification<\/li>\n<li>environmentally friendly<\/li>\n<\/ul>\n","width":"4","background_color_text":"bg-white","border_color":"border-gray-light"}],"background_color":"bg-none","background_color_content":"bg-none"}},"downloads":{"module_download_list":{"inhalt":null,"downloads":[{"download":{"ID":67645,"id":67645,"title":"EP_724_E_PI_en_2025_10","filename":"EP_724_E_PI_en_2025_10.pdf","filesize":1250315,"url":"https:\/\/www.klb-koetztal.de\/app\/uploads\/2025\/10\/EP_724_E_PI_en_2025_10.pdf","link":"https:\/\/www.klb-koetztal.de\/en\/?attachment_id=67645","alt":"","author":"7","description":"","caption":"","name":"ep_724_e_pi_en_2025_10-2","status":"inherit","uploaded_to":0,"date":"2025-10-06 09:10:54","modified":"2025-10-06 09:10:54","menu_order":0,"mime_type":"application\/pdf","type":"application","subtype":"pdf","icon":"https:\/\/www.klb-koetztal.de\/wp\/wp-includes\/images\/media\/document.png"},"filename":"Product Information","protected":false,"doclang":"GB","externalkey":"Produktinformation","docpos":"2"},{"download":{"ID":67648,"id":67648,"title":"EP_724_E_PI_fr_2025_10","filename":"EP_724_E_PI_fr_2025_10.pdf","filesize":1262368,"url":"https:\/\/www.klb-koetztal.de\/app\/uploads\/2025\/10\/EP_724_E_PI_fr_2025_10.pdf","link":"https:\/\/www.klb-koetztal.de\/en\/?attachment_id=67648","alt":"","author":"7","description":"","caption":"","name":"ep_724_e_pi_fr_2025_10-2","status":"inherit","uploaded_to":0,"date":"2025-10-06 09:10:56","modified":"2025-10-06 09:10:56","menu_order":0,"mime_type":"application\/pdf","type":"application","subtype":"pdf","icon":"https:\/\/www.klb-koetztal.de\/wp\/wp-includes\/images\/media\/document.png"},"filename":"Information Produit FR","protected":false,"doclang":"FR","externalkey":"Produktinformation","docpos":"3"},{"download":{"ID":50374,"id":50374,"title":"Leistungserkl\u00e4rung - Statement of performance","filename":"EP724E_Haftgrund_Super_LE_2021-02.pdf","filesize":207189,"url":"https:\/\/www.klb-koetztal.de\/app\/uploads\/2022\/03\/EP724E_Haftgrund_Super_LE_2021-02.pdf","link":"https:\/\/www.klb-koetztal.de\/en\/?attachment_id=50374","alt":"","author":"7","description":"","caption":"","name":"ep724e_haftgrund_super_le_2021-02","status":"inherit","uploaded_to":0,"date":"2022-03-14 10:16:01","modified":"2026-04-01 10:46:08","menu_order":0,"mime_type":"application\/pdf","type":"application","subtype":"pdf","icon":"https:\/\/www.klb-koetztal.de\/wp\/wp-includes\/images\/media\/document.png"},"filename":"Statement of performance - Leistungserkl\u00e4rung","protected":false,"doclang":"Multi","externalkey":"Leistungserklaerung","docpos":"50"},{"download":{"ID":52028,"id":52028,"title":"EP724_E_Haftgrund_Super_Umwelt-Deklaration_2022-08","filename":"EP724_E_Haftgrund_Super_Umwelt-Deklaration_2022-08.pdf","filesize":2343749,"url":"https:\/\/www.klb-koetztal.de\/app\/uploads\/2022\/09\/EP724_E_Haftgrund_Super_Umwelt-Deklaration_2022-08.pdf","link":"https:\/\/www.klb-koetztal.de\/en\/?attachment_id=52028","alt":"","author":"7","description":"","caption":"","name":"ep724_e_haftgrund_super_umwelt-deklaration_2022-08-2","status":"inherit","uploaded_to":0,"date":"2022-09-01 11:10:41","modified":"2022-09-01 11:10:41","menu_order":0,"mime_type":"application\/pdf","type":"application","subtype":"pdf","icon":"https:\/\/www.klb-koetztal.de\/wp\/wp-includes\/images\/media\/document.png"},"filename":"EPD - Environmental Product Declaration","protected":false,"doclang":"Multi","externalkey":"Umweltproduktdeklaration","docpos":"50"},{"download":false,"filename":"Safety data sheet","protected":true,"doclang":"GB","externalkey":"Sicherheitsdatenblatt","docpos":"2"},{"download":false,"filename":"Fiche de donn\u00e9es de s\u00e9curit\u00e9 FR","protected":true,"doclang":"FR","externalkey":"Sicherheitsdatenblatt","docpos":"3"}],"einstellungen":null,"background_color":"bg-none","background_color_content":"bg-none"}},"included_in_systems":{"module_included_in_systems":{"":null,"background_color":"bg-gray-medium","background_color_content":"bg-none"}},"contact":{"module_contact":{"":null,"background_color":"bg-none","background_color_content":"bg-none"}},"ausschreibende":{"module_ausschreibende":{"andern_sie_den_inhalt_unter_universelle_elemente":null,"background_color":"bg-none","background_color_content":"bg-none"}}},"yoast_head":"<!-- This site is optimized with the Yoast SEO plugin v27.0 - https:\/\/yoast.com\/product\/yoast-seo-wordpress\/ -->\n<title>Environmentally friendly 2C primer EP 724 E | KLB K\u00f6tztal<\/title>\n<meta name=\"description\" content=\"Low-emission, well adherent 2-component base coat and binder EP 724 E for vapour-permeable coverings | KLB industrial coatings \u2714\ufe0f AgBB-compliant\" \/>\n<meta name=\"robots\" content=\"noindex, follow, max-snippet:-1, max-image-preview:large, max-video-preview:-1\" \/>\n<meta property=\"og:locale\" content=\"en_GB\" \/>\n<meta property=\"og:type\" content=\"article\" \/>\n<meta property=\"og:title\" content=\"Environmentally friendly 2C primer EP 724 E | KLB K\u00f6tztal\" \/>\n<meta property=\"og:description\" content=\"Low-emission, well adherent 2-component base coat and binder EP 724 E for vapour-permeable coverings | KLB industrial coatings \u2714\ufe0f AgBB-compliant\" \/>\n<meta property=\"og:url\" content=\"https:\/\/www.klb-koetztal.de\/en\/produkt\/klb-system-epoxid-ep-724-e-haftgrund-super\/\" \/>\n<meta property=\"og:site_name\" content=\"KLB K\u00f6tztal\" \/>\n<meta property=\"article:publisher\" content=\"https:\/\/www.facebook.com\/klbkoetztal\" \/>\n<meta property=\"article:modified_time\" content=\"2026-04-01T10:45:58+00:00\" \/>\n<meta property=\"og:image\" content=\"https:\/\/www.klb-koetztal.de\/app\/uploads\/2022\/03\/EP724E.jpg\" \/>\n\t<meta property=\"og:image:width\" content=\"500\" \/>\n\t<meta property=\"og:image:height\" content=\"500\" \/>\n\t<meta property=\"og:image:type\" content=\"image\/jpeg\" \/>\n<meta name=\"twitter:card\" content=\"summary_large_image\" \/>\n<script type=\"application\/ld+json\" class=\"yoast-schema-graph\">{\"@context\":\"https:\/\/schema.org\",\"@graph\":[{\"@type\":\"WebPage\",\"@id\":\"https:\/\/www.klb-koetztal.de\/en\/produkt\/klb-system-epoxid-ep-724-e-haftgrund-super\/\",\"url\":\"https:\/\/www.klb-koetztal.de\/en\/produkt\/klb-system-epoxid-ep-724-e-haftgrund-super\/\",\"name\":\"Environmentally friendly 2C primer EP 724 E | KLB K\u00f6tztal\",\"isPartOf\":{\"@id\":\"https:\/\/www.klb-koetztal.de\/en\/#website\"},\"primaryImageOfPage\":{\"@id\":\"https:\/\/www.klb-koetztal.de\/en\/produkt\/klb-system-epoxid-ep-724-e-haftgrund-super\/#primaryimage\"},\"image\":{\"@id\":\"https:\/\/www.klb-koetztal.de\/en\/produkt\/klb-system-epoxid-ep-724-e-haftgrund-super\/#primaryimage\"},\"thumbnailUrl\":\"https:\/\/www.klb-koetztal.de\/app\/uploads\/2022\/03\/EP724E.jpg\",\"datePublished\":\"2021-08-19T08:40:59+00:00\",\"dateModified\":\"2026-04-01T10:45:58+00:00\",\"description\":\"Low-emission, well adherent 2-component base coat and binder EP 724 E for vapour-permeable coverings | KLB industrial coatings \u2714\ufe0f AgBB-compliant\",\"breadcrumb\":{\"@id\":\"https:\/\/www.klb-koetztal.de\/en\/produkt\/klb-system-epoxid-ep-724-e-haftgrund-super\/#breadcrumb\"},\"inLanguage\":\"en-GB\",\"potentialAction\":[{\"@type\":\"ReadAction\",\"target\":[\"https:\/\/www.klb-koetztal.de\/en\/produkt\/klb-system-epoxid-ep-724-e-haftgrund-super\/\"]}]},{\"@type\":\"ImageObject\",\"inLanguage\":\"en-GB\",\"@id\":\"https:\/\/www.klb-koetztal.de\/en\/produkt\/klb-system-epoxid-ep-724-e-haftgrund-super\/#primaryimage\",\"url\":\"https:\/\/www.klb-koetztal.de\/app\/uploads\/2022\/03\/EP724E.jpg\",\"contentUrl\":\"https:\/\/www.klb-koetztal.de\/app\/uploads\/2022\/03\/EP724E.jpg\",\"width\":500,\"height\":500},{\"@type\":\"BreadcrumbList\",\"@id\":\"https:\/\/www.klb-koetztal.de\/en\/produkt\/klb-system-epoxid-ep-724-e-haftgrund-super\/#breadcrumb\",\"itemListElement\":[{\"@type\":\"ListItem\",\"position\":1,\"name\":\"Startseite\",\"item\":\"https:\/\/www.klb-koetztal.de\/en\/\"},{\"@type\":\"ListItem\",\"position\":2,\"name\":\"KLB-SYSTEM EPOXID EP 724 E Haftgrund Super\"}]},{\"@type\":\"WebSite\",\"@id\":\"https:\/\/www.klb-koetztal.de\/en\/#website\",\"url\":\"https:\/\/www.klb-koetztal.de\/en\/\",\"name\":\"KLB K\u00f6tztal\",\"description\":\"Gute B\u00f6den haben ein System.\",\"potentialAction\":[{\"@type\":\"SearchAction\",\"target\":{\"@type\":\"EntryPoint\",\"urlTemplate\":\"https:\/\/www.klb-koetztal.de\/en\/?s={search_term_string}\"},\"query-input\":{\"@type\":\"PropertyValueSpecification\",\"valueRequired\":true,\"valueName\":\"search_term_string\"}}],\"inLanguage\":\"en-GB\"}]}<\/script>\n<!-- \/ Yoast SEO plugin. -->","yoast_head_json":{"title":"Environmentally friendly 2C primer EP 724 E | KLB K\u00f6tztal","description":"Low-emission, well adherent 2-component base coat and binder EP 724 E for vapour-permeable coverings | KLB industrial coatings \u2714\ufe0f AgBB-compliant","robots":{"index":"noindex","follow":"follow","max-snippet":"max-snippet:-1","max-image-preview":"max-image-preview:large","max-video-preview":"max-video-preview:-1"},"og_locale":"en_GB","og_type":"article","og_title":"Environmentally friendly 2C primer EP 724 E | KLB K\u00f6tztal","og_description":"Low-emission, well adherent 2-component base coat and binder EP 724 E for vapour-permeable coverings | KLB industrial coatings \u2714\ufe0f AgBB-compliant","og_url":"https:\/\/www.klb-koetztal.de\/en\/produkt\/klb-system-epoxid-ep-724-e-haftgrund-super\/","og_site_name":"KLB K\u00f6tztal","article_publisher":"https:\/\/www.facebook.com\/klbkoetztal","article_modified_time":"2026-04-01T10:45:58+00:00","og_image":[{"width":500,"height":500,"url":"https:\/\/www.klb-koetztal.de\/app\/uploads\/2022\/03\/EP724E.jpg","type":"image\/jpeg"}],"twitter_card":"summary_large_image","schema":{"@context":"https:\/\/schema.org","@graph":[{"@type":"WebPage","@id":"https:\/\/www.klb-koetztal.de\/en\/produkt\/klb-system-epoxid-ep-724-e-haftgrund-super\/","url":"https:\/\/www.klb-koetztal.de\/en\/produkt\/klb-system-epoxid-ep-724-e-haftgrund-super\/","name":"Environmentally friendly 2C primer EP 724 E | KLB K\u00f6tztal","isPartOf":{"@id":"https:\/\/www.klb-koetztal.de\/en\/#website"},"primaryImageOfPage":{"@id":"https:\/\/www.klb-koetztal.de\/en\/produkt\/klb-system-epoxid-ep-724-e-haftgrund-super\/#primaryimage"},"image":{"@id":"https:\/\/www.klb-koetztal.de\/en\/produkt\/klb-system-epoxid-ep-724-e-haftgrund-super\/#primaryimage"},"thumbnailUrl":"https:\/\/www.klb-koetztal.de\/app\/uploads\/2022\/03\/EP724E.jpg","datePublished":"2021-08-19T08:40:59+00:00","dateModified":"2026-04-01T10:45:58+00:00","description":"Low-emission, well adherent 2-component base coat and binder EP 724 E for vapour-permeable coverings | KLB industrial coatings \u2714\ufe0f AgBB-compliant","breadcrumb":{"@id":"https:\/\/www.klb-koetztal.de\/en\/produkt\/klb-system-epoxid-ep-724-e-haftgrund-super\/#breadcrumb"},"inLanguage":"en-GB","potentialAction":[{"@type":"ReadAction","target":["https:\/\/www.klb-koetztal.de\/en\/produkt\/klb-system-epoxid-ep-724-e-haftgrund-super\/"]}]},{"@type":"ImageObject","inLanguage":"en-GB","@id":"https:\/\/www.klb-koetztal.de\/en\/produkt\/klb-system-epoxid-ep-724-e-haftgrund-super\/#primaryimage","url":"https:\/\/www.klb-koetztal.de\/app\/uploads\/2022\/03\/EP724E.jpg","contentUrl":"https:\/\/www.klb-koetztal.de\/app\/uploads\/2022\/03\/EP724E.jpg","width":500,"height":500},{"@type":"BreadcrumbList","@id":"https:\/\/www.klb-koetztal.de\/en\/produkt\/klb-system-epoxid-ep-724-e-haftgrund-super\/#breadcrumb","itemListElement":[{"@type":"ListItem","position":1,"name":"Startseite","item":"https:\/\/www.klb-koetztal.de\/en\/"},{"@type":"ListItem","position":2,"name":"KLB-SYSTEM EPOXID EP 724 E Haftgrund Super"}]},{"@type":"WebSite","@id":"https:\/\/www.klb-koetztal.de\/en\/#website","url":"https:\/\/www.klb-koetztal.de\/en\/","name":"KLB K\u00f6tztal","description":"Gute B\u00f6den haben ein System.","potentialAction":[{"@type":"SearchAction","target":{"@type":"EntryPoint","urlTemplate":"https:\/\/www.klb-koetztal.de\/en\/?s={search_term_string}"},"query-input":{"@type":"PropertyValueSpecification","valueRequired":true,"valueName":"search_term_string"}}],"inLanguage":"en-GB"}]}},"_links":{"self":[{"href":"https:\/\/www.klb-koetztal.de\/en\/wp-json\/wp\/v2\/product\/46828","targetHints":{"allow":["GET"]}}],"collection":[{"href":"https:\/\/www.klb-koetztal.de\/en\/wp-json\/wp\/v2\/product"}],"about":[{"href":"https:\/\/www.klb-koetztal.de\/en\/wp-json\/wp\/v2\/types\/product"}],"wp:featuredmedia":[{"embeddable":true,"href":"https:\/\/www.klb-koetztal.de\/en\/wp-json\/wp\/v2\/media\/50373"}],"wp:attachment":[{"href":"https:\/\/www.klb-koetztal.de\/en\/wp-json\/wp\/v2\/media?parent=46828"}],"wp:term":[{"taxonomy":"product_brand","embeddable":true,"href":"https:\/\/www.klb-koetztal.de\/en\/wp-json\/wp\/v2\/product_brand?post=46828"},{"taxonomy":"product_cat","embeddable":true,"href":"https:\/\/www.klb-koetztal.de\/en\/wp-json\/wp\/v2\/product_cat?post=46828"},{"taxonomy":"product_tag","embeddable":true,"href":"https:\/\/www.klb-koetztal.de\/en\/wp-json\/wp\/v2\/product_tag?post=46828"}],"curies":[{"name":"wp","href":"https:\/\/api.w.org\/{rel}","templated":true}]}}