{"id":46816,"date":"2021-08-19T10:35:44","date_gmt":"2021-08-19T08:35:44","guid":{"rendered":"https:\/\/dev.klb-koetztal.de\/produkt\/klb-system-epoxid-ec-610-c\/"},"modified":"2026-04-01T12:35:11","modified_gmt":"2026-04-01T10:35:11","slug":"klb-system-epoxid-ec-610-c","status":"publish","type":"product","link":"https:\/\/www.klb-koetztal.de\/en\/produkt\/klb-system-epoxid-ec-610-c\/","title":{"rendered":"KLB-SYSTEM EPOXID EC 610 C"},"content":{"rendered":"","protected":false},"excerpt":{"rendered":"<p>Rapid-setting, self-levelling 3-component epoxy cement mortar used as a levelling and osmoprotection intermediate layer. It is suitable for levelling and equalising rough or uneven surfaces in commercial and industrial flooring areas. The application is intended for&#160;areas subject to medium and higher mechanical loads, especially in refurbishment with subsequent reactive resin coating. EP 724 E Haftrgund Super must be used as primer.<\/p>\n","protected":false},"featured_media":50245,"template":"","meta":{"_acf_changed":false},"product_brand":[],"product_cat":[9609,9628],"product_tag":[],"class_list":{"0":"post-46816","1":"product","2":"type-product","3":"status-publish","4":"has-post-thumbnail","6":"product_cat-coatings","7":"product_cat-ecc-and-levelling-coatings-primers","9":"first","10":"instock","11":"shipping-taxable","12":"product-type-simple"},"acf":{"product_header":{"module_product_header":{"":null,"prototype_headline":{"headline":"KLB-SYSTEM EPOXID EC 610 C","h1":true,"subheadline":"Quick-hardening, self-levelling 3-component epoxy cement levelling layer (ECC)&#160;for producing and renovating commercial and industrial floors, and as a vapour-venting interlayer on critical&#160;substrates prior to coating with reactive resin coverings in areas subject to medium and high loads. Low-emission and cures with low shrinkage.","anchor":"","url":""},"grid_text_slider":false,"grid_text_content":[{"text":"<p class=\"product-short-title\" style=\"text-align: center;\"><strong>Brief description<\/strong><\/p>\n<p>Rapid-setting, self-levelling 3-component epoxy cement mortar used as a levelling and osmoprotection intermediate layer. It is suitable for levelling and equalising rough or uneven surfaces in commercial and industrial flooring areas. The application is intended for&#160;areas subject to medium and higher mechanical loads, especially in refurbishment with subsequent reactive resin coating. EP 724 E Haftrgund Super must be used as primer.<\/p>\n","width":"4","background_color_text":"bg-white","border_color":"border-gray-light"},{"text":"<p class=\"product-sicing-title\" style=\"text-align: center;\"><strong>Packaging units<\/strong><\/p>\n<ul>\n<li>AK3001-26 &#8211; Combo packaging 28.00 kg<\/li>\n<li>AK3001-16 &#8211; Combo packaging 56.00 kg<\/li>\n<\/ul>\n<p><\/p>\n<p>Please do not hesitate to contact us directly for enquiries about larger delivery quantities or packaging units.<\/p>\n\n","width":"4","background_color_text":"bg-white","border_color":"border-gray-light"},{"text":"<p class=\"product-attr-title\" style=\"text-align: center;\"><strong>Properties<\/strong><\/p>\n<ul>\n<li>tested, low-emission quality<\/li>\n<li>environmentally friendly<\/li>\n<li>self-levelling<\/li>\n<li>rapid-setting<\/li>\n<li>quickly reworkable<\/li>\n<li>as an osmosis-retarding expansion layer<\/li>\n<li>coatable with reactive resins<\/li>\n<li>resistant to impacts<\/li>\n<li>with temporarily increased residual moisture<\/li>\n<li>good processing properties<\/li>\n<li>EMICODE\u00ae EC 1PLUS certified<\/li>\n<\/ul>\n","width":"4","background_color_text":"bg-white","border_color":"border-gray-light"}],"background_color":"bg-none","background_color_content":"bg-none"}},"downloads":{"module_download_list":{"inhalt":null,"downloads":[{"download":{"ID":67660,"id":67660,"title":"EC_610_C_PI_fr_2025_10","filename":"EC_610_C_PI_fr_2025_10.pdf","filesize":1446172,"url":"https:\/\/www.klb-koetztal.de\/app\/uploads\/2025\/10\/EC_610_C_PI_fr_2025_10.pdf","link":"https:\/\/www.klb-koetztal.de\/en\/?attachment_id=67660","alt":"","author":"7","description":"","caption":"","name":"ec_610_c_pi_fr_2025_10-2","status":"inherit","uploaded_to":0,"date":"2025-10-06 11:11:04","modified":"2025-10-06 11:11:04","menu_order":0,"mime_type":"application\/pdf","type":"application","subtype":"pdf","icon":"https:\/\/www.klb-koetztal.de\/wp\/wp-includes\/images\/media\/document.png"},"filename":"Information Produit FR","protected":false,"doclang":"FR","externalkey":"Produktinformation","docpos":"3"},{"download":{"ID":67666,"id":67666,"title":"EC_610_C_PI_en_2025_10","filename":"EC_610_C_PI_en_2025_10.pdf","filesize":1442269,"url":"https:\/\/www.klb-koetztal.de\/app\/uploads\/2025\/10\/EC_610_C_PI_en_2025_10.pdf","link":"https:\/\/www.klb-koetztal.de\/en\/?attachment_id=67666","alt":"","author":"7","description":"","caption":"","name":"ec_610_c_pi_en_2025_10-2","status":"inherit","uploaded_to":0,"date":"2025-10-06 11:20:54","modified":"2025-10-06 11:20:54","menu_order":0,"mime_type":"application\/pdf","type":"application","subtype":"pdf","icon":"https:\/\/www.klb-koetztal.de\/wp\/wp-includes\/images\/media\/document.png"},"filename":"Product Information","protected":false,"doclang":"GB","externalkey":"Produktinformation","docpos":"2"},{"download":false,"filename":"Safety data sheet","protected":true,"doclang":"GB","externalkey":"Sicherheitsdatenblatt","docpos":"2"},{"download":false,"filename":"Fiche de donn\u00e9es de s\u00e9curit\u00e9 FR","protected":true,"doclang":"FR","externalkey":"Sicherheitsdatenblatt","docpos":"3"}],"einstellungen":null,"background_color":"bg-none","background_color_content":"bg-none"}},"included_in_systems":{"module_included_in_systems":{"":null,"background_color":"bg-gray-medium","background_color_content":"bg-none"}},"contact":{"module_contact":{"":null,"background_color":"bg-none","background_color_content":"bg-none"}},"ausschreibende":{"module_ausschreibende":{"andern_sie_den_inhalt_unter_universelle_elemente":null,"background_color":"bg-none","background_color_content":"bg-none"}}},"yoast_head":"<!-- This site is optimized with the Yoast SEO plugin v27.0 - https:\/\/yoast.com\/product\/yoast-seo-wordpress\/ -->\n<title>Rapid-setting 3C epoxy cement mortar EC 610 C | KLB K\u00f6tztal<\/title>\n<meta name=\"description\" content=\"Rapid-setting, self-levelling EP cement mortar EC 610 C to smooth unevenness | KLB synthetic resin floor \u2714\ufe0f suitable for renovation works\" \/>\n<meta name=\"robots\" content=\"noindex, follow, max-snippet:-1, max-image-preview:large, max-video-preview:-1\" \/>\n<meta property=\"og:locale\" content=\"en_GB\" \/>\n<meta property=\"og:type\" content=\"article\" \/>\n<meta property=\"og:title\" content=\"Rapid-setting 3C epoxy cement mortar EC 610 C | KLB K\u00f6tztal\" \/>\n<meta property=\"og:description\" content=\"Rapid-setting, self-levelling EP cement mortar EC 610 C to smooth unevenness | KLB synthetic resin floor \u2714\ufe0f suitable for renovation works\" \/>\n<meta property=\"og:url\" content=\"https:\/\/www.klb-koetztal.de\/en\/produkt\/klb-system-epoxid-ec-610-c\/\" \/>\n<meta property=\"og:site_name\" content=\"KLB K\u00f6tztal\" \/>\n<meta property=\"article:publisher\" content=\"https:\/\/www.facebook.com\/klbkoetztal\" \/>\n<meta property=\"article:modified_time\" content=\"2026-04-01T10:35:11+00:00\" \/>\n<meta property=\"og:image\" content=\"https:\/\/www.klb-koetztal.de\/app\/uploads\/2022\/03\/EC_610_C.jpg\" \/>\n\t<meta property=\"og:image:width\" content=\"500\" \/>\n\t<meta property=\"og:image:height\" content=\"500\" \/>\n\t<meta property=\"og:image:type\" content=\"image\/jpeg\" \/>\n<meta name=\"twitter:card\" content=\"summary_large_image\" \/>\n<script type=\"application\/ld+json\" class=\"yoast-schema-graph\">{\"@context\":\"https:\/\/schema.org\",\"@graph\":[{\"@type\":\"WebPage\",\"@id\":\"https:\/\/www.klb-koetztal.de\/en\/produkt\/klb-system-epoxid-ec-610-c\/\",\"url\":\"https:\/\/www.klb-koetztal.de\/en\/produkt\/klb-system-epoxid-ec-610-c\/\",\"name\":\"Rapid-setting 3C epoxy cement mortar EC 610 C | KLB K\u00f6tztal\",\"isPartOf\":{\"@id\":\"https:\/\/www.klb-koetztal.de\/en\/#website\"},\"primaryImageOfPage\":{\"@id\":\"https:\/\/www.klb-koetztal.de\/en\/produkt\/klb-system-epoxid-ec-610-c\/#primaryimage\"},\"image\":{\"@id\":\"https:\/\/www.klb-koetztal.de\/en\/produkt\/klb-system-epoxid-ec-610-c\/#primaryimage\"},\"thumbnailUrl\":\"https:\/\/www.klb-koetztal.de\/app\/uploads\/2022\/03\/EC_610_C.jpg\",\"datePublished\":\"2021-08-19T08:35:44+00:00\",\"dateModified\":\"2026-04-01T10:35:11+00:00\",\"description\":\"Rapid-setting, self-levelling EP cement mortar EC 610 C to smooth unevenness | KLB synthetic resin floor \u2714\ufe0f suitable for renovation works\",\"breadcrumb\":{\"@id\":\"https:\/\/www.klb-koetztal.de\/en\/produkt\/klb-system-epoxid-ec-610-c\/#breadcrumb\"},\"inLanguage\":\"en-GB\",\"potentialAction\":[{\"@type\":\"ReadAction\",\"target\":[\"https:\/\/www.klb-koetztal.de\/en\/produkt\/klb-system-epoxid-ec-610-c\/\"]}]},{\"@type\":\"ImageObject\",\"inLanguage\":\"en-GB\",\"@id\":\"https:\/\/www.klb-koetztal.de\/en\/produkt\/klb-system-epoxid-ec-610-c\/#primaryimage\",\"url\":\"https:\/\/www.klb-koetztal.de\/app\/uploads\/2022\/03\/EC_610_C.jpg\",\"contentUrl\":\"https:\/\/www.klb-koetztal.de\/app\/uploads\/2022\/03\/EC_610_C.jpg\",\"width\":500,\"height\":500},{\"@type\":\"BreadcrumbList\",\"@id\":\"https:\/\/www.klb-koetztal.de\/en\/produkt\/klb-system-epoxid-ec-610-c\/#breadcrumb\",\"itemListElement\":[{\"@type\":\"ListItem\",\"position\":1,\"name\":\"Startseite\",\"item\":\"https:\/\/www.klb-koetztal.de\/en\/\"},{\"@type\":\"ListItem\",\"position\":2,\"name\":\"KLB-SYSTEM EPOXID EC 610 C\"}]},{\"@type\":\"WebSite\",\"@id\":\"https:\/\/www.klb-koetztal.de\/en\/#website\",\"url\":\"https:\/\/www.klb-koetztal.de\/en\/\",\"name\":\"KLB K\u00f6tztal\",\"description\":\"Gute B\u00f6den haben ein System.\",\"potentialAction\":[{\"@type\":\"SearchAction\",\"target\":{\"@type\":\"EntryPoint\",\"urlTemplate\":\"https:\/\/www.klb-koetztal.de\/en\/?s={search_term_string}\"},\"query-input\":{\"@type\":\"PropertyValueSpecification\",\"valueRequired\":true,\"valueName\":\"search_term_string\"}}],\"inLanguage\":\"en-GB\"}]}<\/script>\n<!-- \/ Yoast SEO plugin. -->","yoast_head_json":{"title":"Rapid-setting 3C epoxy cement mortar EC 610 C | KLB K\u00f6tztal","description":"Rapid-setting, self-levelling EP cement mortar EC 610 C to smooth unevenness | KLB synthetic resin floor \u2714\ufe0f suitable for renovation works","robots":{"index":"noindex","follow":"follow","max-snippet":"max-snippet:-1","max-image-preview":"max-image-preview:large","max-video-preview":"max-video-preview:-1"},"og_locale":"en_GB","og_type":"article","og_title":"Rapid-setting 3C epoxy cement mortar EC 610 C | KLB K\u00f6tztal","og_description":"Rapid-setting, self-levelling EP cement mortar EC 610 C to smooth unevenness | KLB synthetic resin floor \u2714\ufe0f suitable for renovation works","og_url":"https:\/\/www.klb-koetztal.de\/en\/produkt\/klb-system-epoxid-ec-610-c\/","og_site_name":"KLB K\u00f6tztal","article_publisher":"https:\/\/www.facebook.com\/klbkoetztal","article_modified_time":"2026-04-01T10:35:11+00:00","og_image":[{"width":500,"height":500,"url":"https:\/\/www.klb-koetztal.de\/app\/uploads\/2022\/03\/EC_610_C.jpg","type":"image\/jpeg"}],"twitter_card":"summary_large_image","schema":{"@context":"https:\/\/schema.org","@graph":[{"@type":"WebPage","@id":"https:\/\/www.klb-koetztal.de\/en\/produkt\/klb-system-epoxid-ec-610-c\/","url":"https:\/\/www.klb-koetztal.de\/en\/produkt\/klb-system-epoxid-ec-610-c\/","name":"Rapid-setting 3C epoxy cement mortar EC 610 C | KLB K\u00f6tztal","isPartOf":{"@id":"https:\/\/www.klb-koetztal.de\/en\/#website"},"primaryImageOfPage":{"@id":"https:\/\/www.klb-koetztal.de\/en\/produkt\/klb-system-epoxid-ec-610-c\/#primaryimage"},"image":{"@id":"https:\/\/www.klb-koetztal.de\/en\/produkt\/klb-system-epoxid-ec-610-c\/#primaryimage"},"thumbnailUrl":"https:\/\/www.klb-koetztal.de\/app\/uploads\/2022\/03\/EC_610_C.jpg","datePublished":"2021-08-19T08:35:44+00:00","dateModified":"2026-04-01T10:35:11+00:00","description":"Rapid-setting, self-levelling EP cement mortar EC 610 C to smooth unevenness | KLB synthetic resin floor \u2714\ufe0f suitable for renovation works","breadcrumb":{"@id":"https:\/\/www.klb-koetztal.de\/en\/produkt\/klb-system-epoxid-ec-610-c\/#breadcrumb"},"inLanguage":"en-GB","potentialAction":[{"@type":"ReadAction","target":["https:\/\/www.klb-koetztal.de\/en\/produkt\/klb-system-epoxid-ec-610-c\/"]}]},{"@type":"ImageObject","inLanguage":"en-GB","@id":"https:\/\/www.klb-koetztal.de\/en\/produkt\/klb-system-epoxid-ec-610-c\/#primaryimage","url":"https:\/\/www.klb-koetztal.de\/app\/uploads\/2022\/03\/EC_610_C.jpg","contentUrl":"https:\/\/www.klb-koetztal.de\/app\/uploads\/2022\/03\/EC_610_C.jpg","width":500,"height":500},{"@type":"BreadcrumbList","@id":"https:\/\/www.klb-koetztal.de\/en\/produkt\/klb-system-epoxid-ec-610-c\/#breadcrumb","itemListElement":[{"@type":"ListItem","position":1,"name":"Startseite","item":"https:\/\/www.klb-koetztal.de\/en\/"},{"@type":"ListItem","position":2,"name":"KLB-SYSTEM EPOXID EC 610 C"}]},{"@type":"WebSite","@id":"https:\/\/www.klb-koetztal.de\/en\/#website","url":"https:\/\/www.klb-koetztal.de\/en\/","name":"KLB K\u00f6tztal","description":"Gute B\u00f6den haben ein System.","potentialAction":[{"@type":"SearchAction","target":{"@type":"EntryPoint","urlTemplate":"https:\/\/www.klb-koetztal.de\/en\/?s={search_term_string}"},"query-input":{"@type":"PropertyValueSpecification","valueRequired":true,"valueName":"search_term_string"}}],"inLanguage":"en-GB"}]}},"_links":{"self":[{"href":"https:\/\/www.klb-koetztal.de\/en\/wp-json\/wp\/v2\/product\/46816","targetHints":{"allow":["GET"]}}],"collection":[{"href":"https:\/\/www.klb-koetztal.de\/en\/wp-json\/wp\/v2\/product"}],"about":[{"href":"https:\/\/www.klb-koetztal.de\/en\/wp-json\/wp\/v2\/types\/product"}],"wp:featuredmedia":[{"embeddable":true,"href":"https:\/\/www.klb-koetztal.de\/en\/wp-json\/wp\/v2\/media\/50245"}],"wp:attachment":[{"href":"https:\/\/www.klb-koetztal.de\/en\/wp-json\/wp\/v2\/media?parent=46816"}],"wp:term":[{"taxonomy":"product_brand","embeddable":true,"href":"https:\/\/www.klb-koetztal.de\/en\/wp-json\/wp\/v2\/product_brand?post=46816"},{"taxonomy":"product_cat","embeddable":true,"href":"https:\/\/www.klb-koetztal.de\/en\/wp-json\/wp\/v2\/product_cat?post=46816"},{"taxonomy":"product_tag","embeddable":true,"href":"https:\/\/www.klb-koetztal.de\/en\/wp-json\/wp\/v2\/product_tag?post=46816"}],"curies":[{"name":"wp","href":"https:\/\/api.w.org\/{rel}","templated":true}]}}