{"id":46802,"date":"2021-08-19T10:13:11","date_gmt":"2021-08-19T08:13:11","guid":{"rendered":"https:\/\/dev.klb-koetztal.de\/produkt\/klb-system-epoxid-ep-790-el\/"},"modified":"2026-04-01T12:22:29","modified_gmt":"2026-04-01T10:22:29","slug":"klb-system-epoxid-ep-790-el","status":"publish","type":"product","link":"https:\/\/www.klb-koetztal.de\/en\/produkt\/klb-system-epoxid-ep-790-el\/","title":{"rendered":"KLB-SYSTEM EPOXID EP 790 EL+"},"content":{"rendered":"","protected":false},"excerpt":{"rendered":"<p>Low-emission, coloured, electrically conductive 2-component epoxy&#160;resin sealer. Results in a water vapour-permeable, matt surface.<br \/>\nSuitable for coatings that comply with AgBB&#160;for recreation rooms. Certified according to Eurofins &#8220;Indoor Air Comfort Gold&#8221; as very low-emission.<\/p>\n","protected":false},"featured_media":49991,"template":"","meta":{"_acf_changed":false},"product_brand":[],"product_cat":[9609,9636,9621,9652],"product_tag":[],"class_list":{"0":"post-46802","1":"product","2":"type-product","3":"status-publish","4":"has-post-thumbnail","6":"product_cat-coatings","7":"product_cat-conductive-coatings-personal-and-explosion-protection","8":"product_cat-sealers-impregnations","9":"product_cat-2-component-epoxy-resin-sealers-water-emulsified-and-vapour-permeable","11":"first","12":"instock","13":"shipping-taxable","14":"product-type-simple"},"acf":{"product_header":{"module_product_header":{"":null,"prototype_headline":{"headline":"KLB-SYSTEM EPOXID EP 790 EL+","h1":true,"subheadline":"Low-emission, electrically conductive&#160;2-component epoxy resin matt sealer, water vapour-permeable","anchor":"","url":""},"grid_text_slider":false,"grid_text_content":[{"text":"<p class=\"product-short-title\" style=\"text-align: center;\"><strong>Brief description<\/strong><\/p>\n<p>Low-emission, coloured, electrically conductive 2-component epoxy&#160;resin sealer. Results in a water vapour-permeable, matt surface.<\/p>\n<p>Suitable for coatings that comply with AgBB&#160;for recreation rooms. Certified according to Eurofins &#8220;Indoor Air Comfort Gold&#8221; as very low-emission.<\/p>\n","width":"4","background_color_text":"bg-white","border_color":"border-gray-light"},{"text":"<p class=\"product-sicing-title\" style=\"text-align: center;\"><strong>Packaging units<\/strong><\/p>\n<ul>\n<li>AK2743-50 &#8211; Bucket combo 10.00 kg<\/li>\n<\/ul>\n<p><\/p>\n<p>Please do not hesitate to contact us directly for enquiries about larger delivery quantities or packaging units.<\/p>\n\n","width":"4","background_color_text":"bg-white","border_color":"border-gray-light"},{"text":"<p class=\"product-attr-title\" style=\"text-align: center;\"><strong>Properties<\/strong><\/p>\n<ul>\n<li>electrically conductive<\/li>\n<li>water vapour-permeable<\/li>\n<li>environmentally friendly<\/li>\n<li>odorless<\/li>\n<li>Total Solid according to GISCODE<\/li>\n<li>easy application<\/li>\n<li>even surface<\/li>\n<li>silk-matt<\/li>\n<\/ul>\n","width":"4","background_color_text":"bg-white","border_color":"border-gray-light"}],"background_color":"bg-none","background_color_content":"bg-none"}},"downloads":{"module_download_list":{"inhalt":null,"downloads":[{"download":{"ID":54962,"id":54962,"title":"EP_790_EL_plus_PI_en_2023_02","filename":"EP_790_EL_plus_PI_en_2023_02.pdf","filesize":554875,"url":"https:\/\/www.klb-koetztal.de\/app\/uploads\/2023\/02\/EP_790_EL_plus_PI_en_2023_02.pdf","link":"https:\/\/www.klb-koetztal.de\/en\/?attachment_id=54962","alt":"","author":"7","description":"","caption":"","name":"ep_790_el_plus_pi_en_2023_02-2","status":"inherit","uploaded_to":0,"date":"2023-02-20 08:30:17","modified":"2023-02-20 08:30:17","menu_order":0,"mime_type":"application\/pdf","type":"application","subtype":"pdf","icon":"https:\/\/www.klb-koetztal.de\/wp\/wp-includes\/images\/media\/document.png"},"filename":"Product Information","protected":false,"doclang":"GB","externalkey":"Produktinformation","docpos":"2"},{"download":{"ID":54965,"id":54965,"title":"EP_790_EL_plus_PI_fr_2023_02","filename":"EP_790_EL_plus_PI_fr_2023_02.pdf","filesize":558924,"url":"https:\/\/www.klb-koetztal.de\/app\/uploads\/2023\/02\/EP_790_EL_plus_PI_fr_2023_02.pdf","link":"https:\/\/www.klb-koetztal.de\/en\/?attachment_id=54965","alt":"","author":"7","description":"","caption":"","name":"ep_790_el_plus_pi_fr_2023_02-2","status":"inherit","uploaded_to":0,"date":"2023-02-20 08:30:19","modified":"2023-02-20 08:30:19","menu_order":0,"mime_type":"application\/pdf","type":"application","subtype":"pdf","icon":"https:\/\/www.klb-koetztal.de\/wp\/wp-includes\/images\/media\/document.png"},"filename":"Information Produit FR","protected":false,"doclang":"FR","externalkey":"Produktinformation","docpos":"3"},{"download":{"ID":49996,"id":49996,"title":"Leistungserkl\u00e4rung - Statement of performance","filename":"EP790_EL_LE_2013-04.pdf","filesize":171200,"url":"https:\/\/www.klb-koetztal.de\/app\/uploads\/2022\/03\/EP790_EL_LE_2013-04.pdf","link":"https:\/\/www.klb-koetztal.de\/en\/?attachment_id=49996","alt":"","author":"7","description":"","caption":"","name":"ep790_el_le_2013-04","status":"inherit","uploaded_to":0,"date":"2022-03-14 10:04:15","modified":"2026-04-01 10:22:37","menu_order":0,"mime_type":"application\/pdf","type":"application","subtype":"pdf","icon":"https:\/\/www.klb-koetztal.de\/wp\/wp-includes\/images\/media\/document.png"},"filename":"Statement of performance - Leistungserkl\u00e4rung","protected":false,"doclang":"Multi","externalkey":"Leistungserklaerung","docpos":"50"},{"download":{"ID":52061,"id":52061,"title":"EP790_EL_plus_Umwelt-Deklaration_2022-08","filename":"EP790_EL_plus_Umwelt-Deklaration_2022-08.pdf","filesize":2344265,"url":"https:\/\/www.klb-koetztal.de\/app\/uploads\/2022\/09\/EP790_EL_plus_Umwelt-Deklaration_2022-08.pdf","link":"https:\/\/www.klb-koetztal.de\/en\/?attachment_id=52061","alt":"","author":"7","description":"","caption":"","name":"ep790_el_plus_umwelt-deklaration_2022-08-2","status":"inherit","uploaded_to":0,"date":"2022-09-01 11:36:30","modified":"2022-09-01 11:36:30","menu_order":0,"mime_type":"application\/pdf","type":"application","subtype":"pdf","icon":"https:\/\/www.klb-koetztal.de\/wp\/wp-includes\/images\/media\/document.png"},"filename":"EPD - Environmental Product Declaration","protected":false,"doclang":"Multi","externalkey":"Umweltproduktdeklaration","docpos":"50"},{"download":false,"filename":"Safety data sheet","protected":true,"doclang":"GB","externalkey":"Sicherheitsdatenblatt","docpos":"2"},{"download":false,"filename":"Fiche de donn\u00e9es de s\u00e9curit\u00e9 FR","protected":true,"doclang":"FR","externalkey":"Sicherheitsdatenblatt","docpos":"3"}],"einstellungen":null,"background_color":"bg-none","background_color_content":"bg-none"}},"included_in_systems":{"module_included_in_systems":{"":null,"background_color":"bg-gray-medium","background_color_content":"bg-none"}},"contact":{"module_contact":{"":null,"background_color":"bg-none","background_color_content":"bg-none"}},"ausschreibende":{"module_ausschreibende":{"andern_sie_den_inhalt_unter_universelle_elemente":null,"background_color":"bg-none","background_color_content":"bg-none"}}},"yoast_head":"<!-- This site is optimized with the Yoast SEO plugin v27.0 - https:\/\/yoast.com\/product\/yoast-seo-wordpress\/ -->\n<title>Conductive, vapour-permeable sealant EP 790 EL+ | KLB K\u00f6tztal<\/title>\n<meta name=\"description\" content=\"ESD-conductive, water vapour-permeable, low-VOC, coloured 2-component matt sealer EP 790 EL+ | KLB floor coatings \u2714\ufe0f AgBB-compliant, Eurofins\" \/>\n<meta name=\"robots\" content=\"noindex, follow, max-snippet:-1, max-image-preview:large, max-video-preview:-1\" \/>\n<meta property=\"og:locale\" content=\"en_GB\" \/>\n<meta property=\"og:type\" content=\"article\" \/>\n<meta property=\"og:title\" content=\"Conductive, vapour-permeable sealant EP 790 EL+ | KLB K\u00f6tztal\" \/>\n<meta property=\"og:description\" content=\"ESD-conductive, water vapour-permeable, low-VOC, coloured 2-component matt sealer EP 790 EL+ | KLB floor coatings \u2714\ufe0f AgBB-compliant, Eurofins\" \/>\n<meta property=\"og:url\" content=\"https:\/\/www.klb-koetztal.de\/en\/produkt\/klb-system-epoxid-ep-790-el\/\" \/>\n<meta property=\"og:site_name\" content=\"KLB K\u00f6tztal\" \/>\n<meta property=\"article:publisher\" content=\"https:\/\/www.facebook.com\/klbkoetztal\" \/>\n<meta property=\"article:modified_time\" content=\"2026-04-01T10:22:29+00:00\" \/>\n<meta property=\"og:image\" content=\"https:\/\/www.klb-koetztal.de\/app\/uploads\/2022\/03\/EP790_EL.jpg\" \/>\n\t<meta property=\"og:image:width\" content=\"500\" \/>\n\t<meta property=\"og:image:height\" content=\"500\" \/>\n\t<meta property=\"og:image:type\" content=\"image\/jpeg\" \/>\n<meta name=\"twitter:card\" content=\"summary_large_image\" \/>\n<script type=\"application\/ld+json\" class=\"yoast-schema-graph\">{\"@context\":\"https:\/\/schema.org\",\"@graph\":[{\"@type\":\"WebPage\",\"@id\":\"https:\/\/www.klb-koetztal.de\/en\/produkt\/klb-system-epoxid-ep-790-el\/\",\"url\":\"https:\/\/www.klb-koetztal.de\/en\/produkt\/klb-system-epoxid-ep-790-el\/\",\"name\":\"Conductive, vapour-permeable sealant EP 790 EL+ | KLB K\u00f6tztal\",\"isPartOf\":{\"@id\":\"https:\/\/www.klb-koetztal.de\/en\/#website\"},\"primaryImageOfPage\":{\"@id\":\"https:\/\/www.klb-koetztal.de\/en\/produkt\/klb-system-epoxid-ep-790-el\/#primaryimage\"},\"image\":{\"@id\":\"https:\/\/www.klb-koetztal.de\/en\/produkt\/klb-system-epoxid-ep-790-el\/#primaryimage\"},\"thumbnailUrl\":\"https:\/\/www.klb-koetztal.de\/app\/uploads\/2022\/03\/EP790_EL.jpg\",\"datePublished\":\"2021-08-19T08:13:11+00:00\",\"dateModified\":\"2026-04-01T10:22:29+00:00\",\"description\":\"ESD-conductive, water vapour-permeable, low-VOC, coloured 2-component matt sealer EP 790 EL+ | KLB floor coatings \u2714\ufe0f AgBB-compliant, Eurofins\",\"breadcrumb\":{\"@id\":\"https:\/\/www.klb-koetztal.de\/en\/produkt\/klb-system-epoxid-ep-790-el\/#breadcrumb\"},\"inLanguage\":\"en-GB\",\"potentialAction\":[{\"@type\":\"ReadAction\",\"target\":[\"https:\/\/www.klb-koetztal.de\/en\/produkt\/klb-system-epoxid-ep-790-el\/\"]}]},{\"@type\":\"ImageObject\",\"inLanguage\":\"en-GB\",\"@id\":\"https:\/\/www.klb-koetztal.de\/en\/produkt\/klb-system-epoxid-ep-790-el\/#primaryimage\",\"url\":\"https:\/\/www.klb-koetztal.de\/app\/uploads\/2022\/03\/EP790_EL.jpg\",\"contentUrl\":\"https:\/\/www.klb-koetztal.de\/app\/uploads\/2022\/03\/EP790_EL.jpg\",\"width\":500,\"height\":500},{\"@type\":\"BreadcrumbList\",\"@id\":\"https:\/\/www.klb-koetztal.de\/en\/produkt\/klb-system-epoxid-ep-790-el\/#breadcrumb\",\"itemListElement\":[{\"@type\":\"ListItem\",\"position\":1,\"name\":\"Startseite\",\"item\":\"https:\/\/www.klb-koetztal.de\/en\/\"},{\"@type\":\"ListItem\",\"position\":2,\"name\":\"KLB-SYSTEM EPOXID EP 790 EL+\"}]},{\"@type\":\"WebSite\",\"@id\":\"https:\/\/www.klb-koetztal.de\/en\/#website\",\"url\":\"https:\/\/www.klb-koetztal.de\/en\/\",\"name\":\"KLB K\u00f6tztal\",\"description\":\"Gute B\u00f6den haben ein System.\",\"potentialAction\":[{\"@type\":\"SearchAction\",\"target\":{\"@type\":\"EntryPoint\",\"urlTemplate\":\"https:\/\/www.klb-koetztal.de\/en\/?s={search_term_string}\"},\"query-input\":{\"@type\":\"PropertyValueSpecification\",\"valueRequired\":true,\"valueName\":\"search_term_string\"}}],\"inLanguage\":\"en-GB\"}]}<\/script>\n<!-- \/ Yoast SEO plugin. -->","yoast_head_json":{"title":"Conductive, vapour-permeable sealant EP 790 EL+ | KLB K\u00f6tztal","description":"ESD-conductive, water vapour-permeable, low-VOC, coloured 2-component matt sealer EP 790 EL+ | KLB floor coatings \u2714\ufe0f AgBB-compliant, Eurofins","robots":{"index":"noindex","follow":"follow","max-snippet":"max-snippet:-1","max-image-preview":"max-image-preview:large","max-video-preview":"max-video-preview:-1"},"og_locale":"en_GB","og_type":"article","og_title":"Conductive, vapour-permeable sealant EP 790 EL+ | KLB K\u00f6tztal","og_description":"ESD-conductive, water vapour-permeable, low-VOC, coloured 2-component matt sealer EP 790 EL+ | KLB floor coatings \u2714\ufe0f AgBB-compliant, Eurofins","og_url":"https:\/\/www.klb-koetztal.de\/en\/produkt\/klb-system-epoxid-ep-790-el\/","og_site_name":"KLB K\u00f6tztal","article_publisher":"https:\/\/www.facebook.com\/klbkoetztal","article_modified_time":"2026-04-01T10:22:29+00:00","og_image":[{"width":500,"height":500,"url":"https:\/\/www.klb-koetztal.de\/app\/uploads\/2022\/03\/EP790_EL.jpg","type":"image\/jpeg"}],"twitter_card":"summary_large_image","schema":{"@context":"https:\/\/schema.org","@graph":[{"@type":"WebPage","@id":"https:\/\/www.klb-koetztal.de\/en\/produkt\/klb-system-epoxid-ep-790-el\/","url":"https:\/\/www.klb-koetztal.de\/en\/produkt\/klb-system-epoxid-ep-790-el\/","name":"Conductive, vapour-permeable sealant EP 790 EL+ | KLB K\u00f6tztal","isPartOf":{"@id":"https:\/\/www.klb-koetztal.de\/en\/#website"},"primaryImageOfPage":{"@id":"https:\/\/www.klb-koetztal.de\/en\/produkt\/klb-system-epoxid-ep-790-el\/#primaryimage"},"image":{"@id":"https:\/\/www.klb-koetztal.de\/en\/produkt\/klb-system-epoxid-ep-790-el\/#primaryimage"},"thumbnailUrl":"https:\/\/www.klb-koetztal.de\/app\/uploads\/2022\/03\/EP790_EL.jpg","datePublished":"2021-08-19T08:13:11+00:00","dateModified":"2026-04-01T10:22:29+00:00","description":"ESD-conductive, water vapour-permeable, low-VOC, coloured 2-component matt sealer EP 790 EL+ | KLB floor coatings \u2714\ufe0f AgBB-compliant, Eurofins","breadcrumb":{"@id":"https:\/\/www.klb-koetztal.de\/en\/produkt\/klb-system-epoxid-ep-790-el\/#breadcrumb"},"inLanguage":"en-GB","potentialAction":[{"@type":"ReadAction","target":["https:\/\/www.klb-koetztal.de\/en\/produkt\/klb-system-epoxid-ep-790-el\/"]}]},{"@type":"ImageObject","inLanguage":"en-GB","@id":"https:\/\/www.klb-koetztal.de\/en\/produkt\/klb-system-epoxid-ep-790-el\/#primaryimage","url":"https:\/\/www.klb-koetztal.de\/app\/uploads\/2022\/03\/EP790_EL.jpg","contentUrl":"https:\/\/www.klb-koetztal.de\/app\/uploads\/2022\/03\/EP790_EL.jpg","width":500,"height":500},{"@type":"BreadcrumbList","@id":"https:\/\/www.klb-koetztal.de\/en\/produkt\/klb-system-epoxid-ep-790-el\/#breadcrumb","itemListElement":[{"@type":"ListItem","position":1,"name":"Startseite","item":"https:\/\/www.klb-koetztal.de\/en\/"},{"@type":"ListItem","position":2,"name":"KLB-SYSTEM EPOXID EP 790 EL+"}]},{"@type":"WebSite","@id":"https:\/\/www.klb-koetztal.de\/en\/#website","url":"https:\/\/www.klb-koetztal.de\/en\/","name":"KLB K\u00f6tztal","description":"Gute B\u00f6den haben ein System.","potentialAction":[{"@type":"SearchAction","target":{"@type":"EntryPoint","urlTemplate":"https:\/\/www.klb-koetztal.de\/en\/?s={search_term_string}"},"query-input":{"@type":"PropertyValueSpecification","valueRequired":true,"valueName":"search_term_string"}}],"inLanguage":"en-GB"}]}},"_links":{"self":[{"href":"https:\/\/www.klb-koetztal.de\/en\/wp-json\/wp\/v2\/product\/46802","targetHints":{"allow":["GET"]}}],"collection":[{"href":"https:\/\/www.klb-koetztal.de\/en\/wp-json\/wp\/v2\/product"}],"about":[{"href":"https:\/\/www.klb-koetztal.de\/en\/wp-json\/wp\/v2\/types\/product"}],"wp:featuredmedia":[{"embeddable":true,"href":"https:\/\/www.klb-koetztal.de\/en\/wp-json\/wp\/v2\/media\/49991"}],"wp:attachment":[{"href":"https:\/\/www.klb-koetztal.de\/en\/wp-json\/wp\/v2\/media?parent=46802"}],"wp:term":[{"taxonomy":"product_brand","embeddable":true,"href":"https:\/\/www.klb-koetztal.de\/en\/wp-json\/wp\/v2\/product_brand?post=46802"},{"taxonomy":"product_cat","embeddable":true,"href":"https:\/\/www.klb-koetztal.de\/en\/wp-json\/wp\/v2\/product_cat?post=46802"},{"taxonomy":"product_tag","embeddable":true,"href":"https:\/\/www.klb-koetztal.de\/en\/wp-json\/wp\/v2\/product_tag?post=46802"}],"curies":[{"name":"wp","href":"https:\/\/api.w.org\/{rel}","templated":true}]}}