{"id":46780,"date":"2021-08-19T10:03:06","date_gmt":"2021-08-19T08:03:06","guid":{"rendered":"https:\/\/dev.klb-koetztal.de\/produkt\/klb-system-epoxid-ep-233-el\/"},"modified":"2026-04-01T12:39:19","modified_gmt":"2026-04-01T10:39:19","slug":"klb-system-epoxid-ep-233-el","status":"publish","type":"product","link":"https:\/\/www.klb-koetztal.de\/en\/produkt\/klb-system-epoxid-ep-233-el\/","title":{"rendered":"KLB-SYSTEM EPOXID EP 233 EL+"},"content":{"rendered":"","protected":false},"excerpt":{"rendered":"<p>Slightly slip-resistant 2-component epoxy resin roll coating with a glossy surface, containing SIC. Electrically conductive when used in combination with EP 799 Ableitgrund.&#160;Economic thin coating for lightly stressed floors with demands on personal and EX protection.<\/p>\n","protected":false},"featured_media":49638,"template":"","meta":{"_acf_changed":false},"product_brand":[],"product_cat":[9609,9636],"product_tag":[],"class_list":{"0":"post-46780","1":"product","2":"type-product","3":"status-publish","4":"has-post-thumbnail","6":"product_cat-coatings","7":"product_cat-conductive-coatings-personal-and-explosion-protection","9":"first","10":"instock","11":"shipping-taxable","12":"product-type-simple"},"acf":{"product_header":{"module_product_header":{"":null,"prototype_headline":{"headline":"KLB-SYSTEM EPOXID EP 233 EL+","h1":true,"subheadline":"Fine-textured 2-component epoxy resin SiC thin coating","anchor":"","url":""},"grid_text_slider":false,"grid_text_content":[{"text":"<p class=\"product-short-title\" style=\"text-align: center;\"><strong>Brief description<\/strong><\/p>\n<p>Slightly slip-resistant 2-component epoxy resin roll coating with a glossy surface, containing SIC. Electrically conductive when used in combination with EP 799 Ableitgrund.&#160;Economic thin coating for lightly stressed floors with demands on personal and EX protection.<\/p>\n","width":"4","background_color_text":"bg-white","border_color":"border-gray-light"},{"text":"<p class=\"product-sicing-title\" style=\"text-align: center;\"><strong>Packaging units<\/strong><\/p>\n<ul>\n<li>AL1254-10 &#8211; Bucket combo 10.00 kg<\/li>\n<li>AL1254-30 &#8211; Hobbock combo 30.00 kg<\/li>\n<\/ul>\n<p><\/p>\n<p>Please do not hesitate to contact us directly for enquiries about larger delivery quantities or packaging units.<\/p>\n\n","width":"4","background_color_text":"bg-white","border_color":"border-gray-light"},{"text":"<p class=\"product-attr-title\" style=\"text-align: center;\"><strong>Properties<\/strong><\/p>\n<ul>\n<li>Total Solid according to GISCODE (Test method &#8220;Deutsche Bauchemie&#8221;)<\/li>\n<li>slip-resistant<\/li>\n<li>electrically conductive<\/li>\n<li>structured<\/li>\n<li>good resistance to water and chemicals<\/li>\n<li>very economical<\/li>\n<li>resistant to abrasion and wear<\/li>\n<\/ul>\n","width":"4","background_color_text":"bg-white","border_color":"border-gray-light"}],"background_color":"bg-none","background_color_content":"bg-none"}},"downloads":{"module_download_list":{"inhalt":null,"downloads":[{"download":{"ID":68596,"id":68596,"title":"EP_233_EL_plus_PI_en_2026_01","filename":"EP_233_EL_plus_PI_en_2026_01.pdf","filesize":672379,"url":"https:\/\/www.klb-koetztal.de\/app\/uploads\/2026\/01\/EP_233_EL_plus_PI_en_2026_01.pdf","link":"https:\/\/www.klb-koetztal.de\/en\/?attachment_id=68596","alt":"","author":"7","description":"","caption":"","name":"ep_233_el_plus_pi_en_2026_01-2","status":"inherit","uploaded_to":0,"date":"2026-01-14 07:50:25","modified":"2026-01-14 07:50:25","menu_order":0,"mime_type":"application\/pdf","type":"application","subtype":"pdf","icon":"https:\/\/www.klb-koetztal.de\/wp\/wp-includes\/images\/media\/document.png"},"filename":"Product Information","protected":false,"doclang":"GB","externalkey":"Produktinformation","docpos":"2"},{"download":{"ID":68639,"id":68639,"title":"EP_233_EL_plus_PI_fr_2026_01","filename":"EP_233_EL_plus_PI_fr_2026_01.pdf","filesize":678990,"url":"https:\/\/www.klb-koetztal.de\/app\/uploads\/2026\/01\/EP_233_EL_plus_PI_fr_2026_01.pdf","link":"https:\/\/www.klb-koetztal.de\/en\/?attachment_id=68639","alt":"","author":"7","description":"","caption":"","name":"ep_233_el_plus_pi_fr_2026_01-2","status":"inherit","uploaded_to":0,"date":"2026-01-22 08:30:40","modified":"2026-01-22 08:30:40","menu_order":0,"mime_type":"application\/pdf","type":"application","subtype":"pdf","icon":"https:\/\/www.klb-koetztal.de\/wp\/wp-includes\/images\/media\/document.png"},"filename":"Information Produit FR","protected":false,"doclang":"FR","externalkey":"Produktinformation","docpos":"3"},{"download":{"ID":68401,"id":68401,"title":"EP_233_EL_plus_LE_en_2025_12","filename":"EP_233_EL_plus_LE_en_2025_12.pdf","filesize":345977,"url":"https:\/\/www.klb-koetztal.de\/app\/uploads\/2025\/12\/EP_233_EL_plus_LE_en_2025_12.pdf","link":"https:\/\/www.klb-koetztal.de\/en\/?attachment_id=68401","alt":"","author":"7","description":"","caption":"","name":"ep_233_el_plus_le_en_2025_12-2","status":"inherit","uploaded_to":0,"date":"2025-12-15 06:51:23","modified":"2025-12-15 06:51:23","menu_order":0,"mime_type":"application\/pdf","type":"application","subtype":"pdf","icon":"https:\/\/www.klb-koetztal.de\/wp\/wp-includes\/images\/media\/document.png"},"filename":"Statement of performance","protected":false,"doclang":"GB","externalkey":"Leistungserklaerung","docpos":"2"},{"download":{"ID":68404,"id":68404,"title":"EP_233_EL_plus_LE_fr_2025_12","filename":"EP_233_EL_plus_LE_fr_2025_12.pdf","filesize":345515,"url":"https:\/\/www.klb-koetztal.de\/app\/uploads\/2025\/12\/EP_233_EL_plus_LE_fr_2025_12.pdf","link":"https:\/\/www.klb-koetztal.de\/en\/?attachment_id=68404","alt":"","author":"7","description":"","caption":"","name":"ep_233_el_plus_le_fr_2025_12-2","status":"inherit","uploaded_to":0,"date":"2025-12-15 06:51:27","modified":"2025-12-15 06:51:27","menu_order":0,"mime_type":"application\/pdf","type":"application","subtype":"pdf","icon":"https:\/\/www.klb-koetztal.de\/wp\/wp-includes\/images\/media\/document.png"},"filename":"Declaration of performance","protected":false,"doclang":"FR","externalkey":"Leistungserklaerung","docpos":"3"},{"download":{"ID":51968,"id":51968,"title":"EP233_EL_plus_Umwelt-Deklaration_2022-08","filename":"EP233_EL_plus_Umwelt-Deklaration_2022-08.pdf","filesize":2470739,"url":"https:\/\/www.klb-koetztal.de\/app\/uploads\/2022\/09\/EP233_EL_plus_Umwelt-Deklaration_2022-08.pdf","link":"https:\/\/www.klb-koetztal.de\/en\/?attachment_id=51968","alt":"","author":"7","description":"","caption":"","name":"ep233_el_plus_umwelt-deklaration_2022-08-2","status":"inherit","uploaded_to":0,"date":"2022-09-01 09:40:22","modified":"2022-09-01 09:40:22","menu_order":0,"mime_type":"application\/pdf","type":"application","subtype":"pdf","icon":"https:\/\/www.klb-koetztal.de\/wp\/wp-includes\/images\/media\/document.png"},"filename":"EPD - Environmental Product Declaration","protected":false,"doclang":"Multi","externalkey":"Umweltproduktdeklaration","docpos":"50"},{"download":false,"filename":"Safety data sheet","protected":true,"doclang":"GB","externalkey":"Sicherheitsdatenblatt","docpos":"2"},{"download":false,"filename":"Fiche de donn\u00e9es de s\u00e9curit\u00e9 FR","protected":true,"doclang":"FR","externalkey":"Sicherheitsdatenblatt","docpos":"3"}],"einstellungen":null,"background_color":"bg-none","background_color_content":"bg-none"}},"included_in_systems":{"module_included_in_systems":{"":null,"background_color":"bg-gray-medium","background_color_content":"bg-none"}},"contact":{"module_contact":{"":null,"background_color":"bg-none","background_color_content":"bg-none"}},"ausschreibende":{"module_ausschreibende":{"andern_sie_den_inhalt_unter_universelle_elemente":null,"background_color":"bg-none","background_color_content":"bg-none"}}},"yoast_head":"<!-- This site is optimized with the Yoast SEO plugin v27.0 - https:\/\/yoast.com\/product\/yoast-seo-wordpress\/ -->\n<title>Fine grip, conductive coating EP 233 EL+ | KLB K\u00f6tztal<\/title>\n<meta name=\"description\" content=\"SiC-containing, glossy, thin roll coating EP 233 EL+ for personal and explosion protection | KLB coatings \u2714\ufe0f robust, chemically-resistant\" \/>\n<meta name=\"robots\" content=\"noindex, follow, max-snippet:-1, max-image-preview:large, max-video-preview:-1\" \/>\n<meta property=\"og:locale\" content=\"en_GB\" \/>\n<meta property=\"og:type\" content=\"article\" \/>\n<meta property=\"og:title\" content=\"Fine grip, conductive coating EP 233 EL+ | KLB K\u00f6tztal\" \/>\n<meta property=\"og:description\" content=\"SiC-containing, glossy, thin roll coating EP 233 EL+ for personal and explosion protection | KLB coatings \u2714\ufe0f robust, chemically-resistant\" \/>\n<meta property=\"og:url\" content=\"https:\/\/www.klb-koetztal.de\/en\/produkt\/klb-system-epoxid-ep-233-el\/\" \/>\n<meta property=\"og:site_name\" content=\"KLB K\u00f6tztal\" \/>\n<meta property=\"article:publisher\" content=\"https:\/\/www.facebook.com\/klbkoetztal\" \/>\n<meta property=\"article:modified_time\" content=\"2026-04-01T10:39:19+00:00\" \/>\n<meta property=\"og:image\" content=\"https:\/\/www.klb-koetztal.de\/app\/uploads\/2022\/03\/EP233_EL.jpg\" \/>\n\t<meta property=\"og:image:width\" content=\"500\" \/>\n\t<meta property=\"og:image:height\" content=\"500\" \/>\n\t<meta property=\"og:image:type\" content=\"image\/jpeg\" \/>\n<meta name=\"twitter:card\" content=\"summary_large_image\" \/>\n<script type=\"application\/ld+json\" class=\"yoast-schema-graph\">{\"@context\":\"https:\/\/schema.org\",\"@graph\":[{\"@type\":\"WebPage\",\"@id\":\"https:\/\/www.klb-koetztal.de\/en\/produkt\/klb-system-epoxid-ep-233-el\/\",\"url\":\"https:\/\/www.klb-koetztal.de\/en\/produkt\/klb-system-epoxid-ep-233-el\/\",\"name\":\"Fine grip, conductive coating EP 233 EL+ | KLB K\u00f6tztal\",\"isPartOf\":{\"@id\":\"https:\/\/www.klb-koetztal.de\/en\/#website\"},\"primaryImageOfPage\":{\"@id\":\"https:\/\/www.klb-koetztal.de\/en\/produkt\/klb-system-epoxid-ep-233-el\/#primaryimage\"},\"image\":{\"@id\":\"https:\/\/www.klb-koetztal.de\/en\/produkt\/klb-system-epoxid-ep-233-el\/#primaryimage\"},\"thumbnailUrl\":\"https:\/\/www.klb-koetztal.de\/app\/uploads\/2022\/03\/EP233_EL.jpg\",\"datePublished\":\"2021-08-19T08:03:06+00:00\",\"dateModified\":\"2026-04-01T10:39:19+00:00\",\"description\":\"SiC-containing, glossy, thin roll coating EP 233 EL+ for personal and explosion protection | KLB coatings \u2714\ufe0f robust, chemically-resistant\",\"breadcrumb\":{\"@id\":\"https:\/\/www.klb-koetztal.de\/en\/produkt\/klb-system-epoxid-ep-233-el\/#breadcrumb\"},\"inLanguage\":\"en-GB\",\"potentialAction\":[{\"@type\":\"ReadAction\",\"target\":[\"https:\/\/www.klb-koetztal.de\/en\/produkt\/klb-system-epoxid-ep-233-el\/\"]}]},{\"@type\":\"ImageObject\",\"inLanguage\":\"en-GB\",\"@id\":\"https:\/\/www.klb-koetztal.de\/en\/produkt\/klb-system-epoxid-ep-233-el\/#primaryimage\",\"url\":\"https:\/\/www.klb-koetztal.de\/app\/uploads\/2022\/03\/EP233_EL.jpg\",\"contentUrl\":\"https:\/\/www.klb-koetztal.de\/app\/uploads\/2022\/03\/EP233_EL.jpg\",\"width\":500,\"height\":500},{\"@type\":\"BreadcrumbList\",\"@id\":\"https:\/\/www.klb-koetztal.de\/en\/produkt\/klb-system-epoxid-ep-233-el\/#breadcrumb\",\"itemListElement\":[{\"@type\":\"ListItem\",\"position\":1,\"name\":\"Startseite\",\"item\":\"https:\/\/www.klb-koetztal.de\/en\/\"},{\"@type\":\"ListItem\",\"position\":2,\"name\":\"KLB-SYSTEM EPOXID EP 233 EL+\"}]},{\"@type\":\"WebSite\",\"@id\":\"https:\/\/www.klb-koetztal.de\/en\/#website\",\"url\":\"https:\/\/www.klb-koetztal.de\/en\/\",\"name\":\"KLB K\u00f6tztal\",\"description\":\"Gute B\u00f6den haben ein System.\",\"potentialAction\":[{\"@type\":\"SearchAction\",\"target\":{\"@type\":\"EntryPoint\",\"urlTemplate\":\"https:\/\/www.klb-koetztal.de\/en\/?s={search_term_string}\"},\"query-input\":{\"@type\":\"PropertyValueSpecification\",\"valueRequired\":true,\"valueName\":\"search_term_string\"}}],\"inLanguage\":\"en-GB\"}]}<\/script>\n<!-- \/ Yoast SEO plugin. -->","yoast_head_json":{"title":"Fine grip, conductive coating EP 233 EL+ | KLB K\u00f6tztal","description":"SiC-containing, glossy, thin roll coating EP 233 EL+ for personal and explosion protection | KLB coatings \u2714\ufe0f robust, chemically-resistant","robots":{"index":"noindex","follow":"follow","max-snippet":"max-snippet:-1","max-image-preview":"max-image-preview:large","max-video-preview":"max-video-preview:-1"},"og_locale":"en_GB","og_type":"article","og_title":"Fine grip, conductive coating EP 233 EL+ | KLB K\u00f6tztal","og_description":"SiC-containing, glossy, thin roll coating EP 233 EL+ for personal and explosion protection | KLB coatings \u2714\ufe0f robust, chemically-resistant","og_url":"https:\/\/www.klb-koetztal.de\/en\/produkt\/klb-system-epoxid-ep-233-el\/","og_site_name":"KLB K\u00f6tztal","article_publisher":"https:\/\/www.facebook.com\/klbkoetztal","article_modified_time":"2026-04-01T10:39:19+00:00","og_image":[{"width":500,"height":500,"url":"https:\/\/www.klb-koetztal.de\/app\/uploads\/2022\/03\/EP233_EL.jpg","type":"image\/jpeg"}],"twitter_card":"summary_large_image","schema":{"@context":"https:\/\/schema.org","@graph":[{"@type":"WebPage","@id":"https:\/\/www.klb-koetztal.de\/en\/produkt\/klb-system-epoxid-ep-233-el\/","url":"https:\/\/www.klb-koetztal.de\/en\/produkt\/klb-system-epoxid-ep-233-el\/","name":"Fine grip, conductive coating EP 233 EL+ | KLB K\u00f6tztal","isPartOf":{"@id":"https:\/\/www.klb-koetztal.de\/en\/#website"},"primaryImageOfPage":{"@id":"https:\/\/www.klb-koetztal.de\/en\/produkt\/klb-system-epoxid-ep-233-el\/#primaryimage"},"image":{"@id":"https:\/\/www.klb-koetztal.de\/en\/produkt\/klb-system-epoxid-ep-233-el\/#primaryimage"},"thumbnailUrl":"https:\/\/www.klb-koetztal.de\/app\/uploads\/2022\/03\/EP233_EL.jpg","datePublished":"2021-08-19T08:03:06+00:00","dateModified":"2026-04-01T10:39:19+00:00","description":"SiC-containing, glossy, thin roll coating EP 233 EL+ for personal and explosion protection | KLB coatings \u2714\ufe0f robust, chemically-resistant","breadcrumb":{"@id":"https:\/\/www.klb-koetztal.de\/en\/produkt\/klb-system-epoxid-ep-233-el\/#breadcrumb"},"inLanguage":"en-GB","potentialAction":[{"@type":"ReadAction","target":["https:\/\/www.klb-koetztal.de\/en\/produkt\/klb-system-epoxid-ep-233-el\/"]}]},{"@type":"ImageObject","inLanguage":"en-GB","@id":"https:\/\/www.klb-koetztal.de\/en\/produkt\/klb-system-epoxid-ep-233-el\/#primaryimage","url":"https:\/\/www.klb-koetztal.de\/app\/uploads\/2022\/03\/EP233_EL.jpg","contentUrl":"https:\/\/www.klb-koetztal.de\/app\/uploads\/2022\/03\/EP233_EL.jpg","width":500,"height":500},{"@type":"BreadcrumbList","@id":"https:\/\/www.klb-koetztal.de\/en\/produkt\/klb-system-epoxid-ep-233-el\/#breadcrumb","itemListElement":[{"@type":"ListItem","position":1,"name":"Startseite","item":"https:\/\/www.klb-koetztal.de\/en\/"},{"@type":"ListItem","position":2,"name":"KLB-SYSTEM EPOXID EP 233 EL+"}]},{"@type":"WebSite","@id":"https:\/\/www.klb-koetztal.de\/en\/#website","url":"https:\/\/www.klb-koetztal.de\/en\/","name":"KLB K\u00f6tztal","description":"Gute B\u00f6den haben ein System.","potentialAction":[{"@type":"SearchAction","target":{"@type":"EntryPoint","urlTemplate":"https:\/\/www.klb-koetztal.de\/en\/?s={search_term_string}"},"query-input":{"@type":"PropertyValueSpecification","valueRequired":true,"valueName":"search_term_string"}}],"inLanguage":"en-GB"}]}},"_links":{"self":[{"href":"https:\/\/www.klb-koetztal.de\/en\/wp-json\/wp\/v2\/product\/46780","targetHints":{"allow":["GET"]}}],"collection":[{"href":"https:\/\/www.klb-koetztal.de\/en\/wp-json\/wp\/v2\/product"}],"about":[{"href":"https:\/\/www.klb-koetztal.de\/en\/wp-json\/wp\/v2\/types\/product"}],"wp:featuredmedia":[{"embeddable":true,"href":"https:\/\/www.klb-koetztal.de\/en\/wp-json\/wp\/v2\/media\/49638"}],"wp:attachment":[{"href":"https:\/\/www.klb-koetztal.de\/en\/wp-json\/wp\/v2\/media?parent=46780"}],"wp:term":[{"taxonomy":"product_brand","embeddable":true,"href":"https:\/\/www.klb-koetztal.de\/en\/wp-json\/wp\/v2\/product_brand?post=46780"},{"taxonomy":"product_cat","embeddable":true,"href":"https:\/\/www.klb-koetztal.de\/en\/wp-json\/wp\/v2\/product_cat?post=46780"},{"taxonomy":"product_tag","embeddable":true,"href":"https:\/\/www.klb-koetztal.de\/en\/wp-json\/wp\/v2\/product_tag?post=46780"}],"curies":[{"name":"wp","href":"https:\/\/api.w.org\/{rel}","templated":true}]}}