{"id":46763,"date":"2021-08-19T09:55:57","date_gmt":"2021-08-19T07:55:57","guid":{"rendered":"https:\/\/dev.klb-koetztal.de\/produkt\/klb-system-epoxid-ep-799-ableitgrund\/"},"modified":"2026-04-01T12:38:29","modified_gmt":"2026-04-01T10:38:29","slug":"klb-system-epoxid-ep-799-ableitgrund","status":"publish","type":"product","link":"https:\/\/www.klb-koetztal.de\/en\/produkt\/klb-system-epoxid-ep-799-ableitgrund\/","title":{"rendered":"KLB-SYSTEM EPOXID EP 799 Ableitgrund"},"content":{"rendered":"","protected":false},"excerpt":{"rendered":"<p>Low-emission 2-component&#160;conductive layer based on an epoxy resin emulsion. System product for producing electrically dissipative floor coverings.&#160;<br \/>\nWhen used within the system, also&#160;DIBt\u00ae-certified for water protection coatings in accordance with WHG \u00a7 63.<br \/>\nSuitable for coatings that comply with AgBB for recreation rooms. Certified according to Eurofins &#8220;Indoor Air Comfort Gold&#8221; as very low-emission.<\/p>\n","protected":false},"featured_media":49473,"template":"","meta":{"_acf_changed":false},"product_brand":[],"product_cat":[9609,9610,9636],"product_tag":[],"class_list":{"0":"post-46763","1":"product","2":"type-product","3":"status-publish","4":"has-post-thumbnail","6":"product_cat-coatings","7":"product_cat-water-protection-coating-according-to-whg","8":"product_cat-conductive-coatings-personal-and-explosion-protection","10":"first","11":"instock","12":"shipping-taxable","13":"product-type-simple"},"acf":{"product_header":{"module_product_header":{"":null,"prototype_headline":{"headline":"KLB-SYSTEM EPOXID EP 799 Ableitgrund","h1":true,"subheadline":"Electrically highly conductive, low-emission&#160;2-component epoxy resin base coat for producing&#160;of electrically dissipative coatings for ESD, personal and explosion protection","anchor":"","url":""},"grid_text_slider":false,"grid_text_content":[{"text":"<p class=\"product-short-title\" style=\"text-align: center;\"><strong>Brief description<\/strong><\/p>\n<p>Low-emission 2-component&#160;conductive layer based on an epoxy resin emulsion. System product for producing electrically dissipative floor coverings.&#160;<\/p>\n<p>When used within the system, also&#160;DIBt\u00ae-certified for water protection coatings in accordance with WHG \u00a7 63.<\/p>\n<p>Suitable for coatings that comply with AgBB for recreation rooms. Certified according to Eurofins &#8220;Indoor Air Comfort Gold&#8221; as very low-emission.<\/p>\n","width":"4","background_color_text":"bg-white","border_color":"border-gray-light"},{"text":"<p class=\"product-sicing-title\" style=\"text-align: center;\"><strong>Packaging units<\/strong><\/p>\n<ul>\n<li>AK2719-50 &#8211; Bucket combo 10.00 kg<\/li>\n<\/ul>\n<p><\/p>\n<p>Please do not hesitate to contact us directly for enquiries about larger delivery quantities or packaging units.<\/p>\n\n","width":"4","background_color_text":"bg-white","border_color":"border-gray-light"},{"text":"<p class=\"product-attr-title\" style=\"text-align: center;\"><strong>Properties<\/strong><\/p>\n<ul>\n<li>high conductivity<\/li>\n<li>tested, low-emission quality<\/li>\n<li>Total Solid according to GISCODE<\/li>\n<li>consistent to hydrolysis and saponification<\/li>\n<li>in combination also for ESD coverings<\/li>\n<li>free of deleterious substances against varnish<\/li>\n<li>very economical<\/li>\n<li>good processing properties<\/li>\n<li>building authority approval according to DIBt\u00ae<\/li>\n<\/ul>\n","width":"4","background_color_text":"bg-white","border_color":"border-gray-light"}],"background_color":"bg-none","background_color_content":"bg-none"}},"downloads":{"module_download_list":{"inhalt":null,"downloads":[{"download":{"ID":67016,"id":67016,"title":"EP_799_Ableitgrund_PI_en_2025_08","filename":"EP_799_Ableitgrund_PI_en_2025_08.pdf","filesize":1743109,"url":"https:\/\/www.klb-koetztal.de\/app\/uploads\/2025\/08\/EP_799_Ableitgrund_PI_en_2025_08.pdf","link":"https:\/\/www.klb-koetztal.de\/en\/?attachment_id=67016","alt":"","author":"7","description":"","caption":"","name":"ep_799_ableitgrund_pi_en_2025_08-2","status":"inherit","uploaded_to":0,"date":"2025-08-12 06:01:01","modified":"2025-08-12 06:01:01","menu_order":0,"mime_type":"application\/pdf","type":"application","subtype":"pdf","icon":"https:\/\/www.klb-koetztal.de\/wp\/wp-includes\/images\/media\/document.png"},"filename":"Product Information","protected":false,"doclang":"GB","externalkey":"Produktinformation","docpos":"2"},{"download":{"ID":67019,"id":67019,"title":"EP_799_Ableitgrund_PI_fr_2025_08","filename":"EP_799_Ableitgrund_PI_fr_2025_08.pdf","filesize":1757711,"url":"https:\/\/www.klb-koetztal.de\/app\/uploads\/2025\/08\/EP_799_Ableitgrund_PI_fr_2025_08.pdf","link":"https:\/\/www.klb-koetztal.de\/en\/?attachment_id=67019","alt":"","author":"7","description":"","caption":"","name":"ep_799_ableitgrund_pi_fr_2025_08-2","status":"inherit","uploaded_to":0,"date":"2025-08-12 06:01:03","modified":"2025-08-12 06:01:03","menu_order":0,"mime_type":"application\/pdf","type":"application","subtype":"pdf","icon":"https:\/\/www.klb-koetztal.de\/wp\/wp-includes\/images\/media\/document.png"},"filename":"Information Produit FR","protected":false,"doclang":"FR","externalkey":"Produktinformation","docpos":"3"},{"download":{"ID":49475,"id":49475,"title":"Leistungserkl\u00e4rung - Statement of performance","filename":"EP799_Ableitgrund_LE_2014-02.pdf","filesize":185421,"url":"https:\/\/www.klb-koetztal.de\/app\/uploads\/2022\/03\/EP799_Ableitgrund_LE_2014-02.pdf","link":"https:\/\/www.klb-koetztal.de\/en\/?attachment_id=49475","alt":"","author":"7","description":"","caption":"","name":"ep799_ableitgrund_le_2014-02","status":"inherit","uploaded_to":0,"date":"2022-03-14 09:57:10","modified":"2026-04-01 10:38:39","menu_order":0,"mime_type":"application\/pdf","type":"application","subtype":"pdf","icon":"https:\/\/www.klb-koetztal.de\/wp\/wp-includes\/images\/media\/document.png"},"filename":"Statement of performance - Leistungserkl\u00e4rung","protected":false,"doclang":"Multi","externalkey":"Leistungserklaerung","docpos":"50"},{"download":{"ID":52052,"id":52052,"title":"EP799_Ableitgrund_Umwelt-Deklaration_2022-08","filename":"EP799_Ableitgrund_Umwelt-Deklaration_2022-08.pdf","filesize":2344405,"url":"https:\/\/www.klb-koetztal.de\/app\/uploads\/2022\/09\/EP799_Ableitgrund_Umwelt-Deklaration_2022-08.pdf","link":"https:\/\/www.klb-koetztal.de\/en\/?attachment_id=52052","alt":"","author":"7","description":"","caption":"","name":"ep799_ableitgrund_umwelt-deklaration_2022-08-2","status":"inherit","uploaded_to":0,"date":"2022-09-01 11:35:57","modified":"2022-09-01 11:35:57","menu_order":0,"mime_type":"application\/pdf","type":"application","subtype":"pdf","icon":"https:\/\/www.klb-koetztal.de\/wp\/wp-includes\/images\/media\/document.png"},"filename":"EPD - Environmental Product Declaration","protected":false,"doclang":"Multi","externalkey":"Umweltproduktdeklaration","docpos":"50"},{"download":false,"filename":"Safety data sheet","protected":true,"doclang":"GB","externalkey":"Sicherheitsdatenblatt","docpos":"2"},{"download":false,"filename":"Fiche de donn\u00e9es de s\u00e9curit\u00e9 FR","protected":true,"doclang":"FR","externalkey":"Sicherheitsdatenblatt","docpos":"3"}],"einstellungen":null,"background_color":"bg-none","background_color_content":"bg-none"}},"included_in_systems":{"module_included_in_systems":{"":null,"background_color":"bg-gray-medium","background_color_content":"bg-none"}},"contact":{"module_contact":{"":null,"background_color":"bg-none","background_color_content":"bg-none"}},"ausschreibende":{"module_ausschreibende":{"andern_sie_den_inhalt_unter_universelle_elemente":null,"background_color":"bg-none","background_color_content":"bg-none"}}},"yoast_head":"<!-- This site is optimized with the Yoast SEO plugin v27.0 - https:\/\/yoast.com\/product\/yoast-seo-wordpress\/ -->\n<title>Conductive 2-component epoxy resin primer EP 799 | KLB K\u00f6tztal<\/title>\n<meta name=\"description\" content=\"Electrically-conductive, low-emission 2-comp. epoxy resin primer EP 799 | KLB floor coatings \u2714\ufe0f DIBt\u00ae, WHG \u00a7 63, AgBB-compliant, Eurofins\" \/>\n<meta name=\"robots\" content=\"noindex, follow, max-snippet:-1, max-image-preview:large, max-video-preview:-1\" \/>\n<meta property=\"og:locale\" content=\"en_GB\" \/>\n<meta property=\"og:type\" content=\"article\" \/>\n<meta property=\"og:title\" content=\"Conductive 2-component epoxy resin primer EP 799 | KLB K\u00f6tztal\" \/>\n<meta property=\"og:description\" content=\"Electrically-conductive, low-emission 2-comp. epoxy resin primer EP 799 | KLB floor coatings \u2714\ufe0f DIBt\u00ae, WHG \u00a7 63, AgBB-compliant, Eurofins\" \/>\n<meta property=\"og:url\" content=\"https:\/\/www.klb-koetztal.de\/en\/produkt\/klb-system-epoxid-ep-799-ableitgrund\/\" \/>\n<meta property=\"og:site_name\" content=\"KLB K\u00f6tztal\" \/>\n<meta property=\"article:publisher\" content=\"https:\/\/www.facebook.com\/klbkoetztal\" \/>\n<meta property=\"article:modified_time\" content=\"2026-04-01T10:38:29+00:00\" \/>\n<meta property=\"og:image\" content=\"https:\/\/www.klb-koetztal.de\/app\/uploads\/2022\/03\/EP799.jpg\" \/>\n\t<meta property=\"og:image:width\" content=\"500\" \/>\n\t<meta property=\"og:image:height\" content=\"500\" \/>\n\t<meta property=\"og:image:type\" content=\"image\/jpeg\" \/>\n<meta name=\"twitter:card\" content=\"summary_large_image\" \/>\n<script type=\"application\/ld+json\" class=\"yoast-schema-graph\">{\"@context\":\"https:\/\/schema.org\",\"@graph\":[{\"@type\":\"WebPage\",\"@id\":\"https:\/\/www.klb-koetztal.de\/en\/produkt\/klb-system-epoxid-ep-799-ableitgrund\/\",\"url\":\"https:\/\/www.klb-koetztal.de\/en\/produkt\/klb-system-epoxid-ep-799-ableitgrund\/\",\"name\":\"Conductive 2-component epoxy resin primer EP 799 | KLB K\u00f6tztal\",\"isPartOf\":{\"@id\":\"https:\/\/www.klb-koetztal.de\/en\/#website\"},\"primaryImageOfPage\":{\"@id\":\"https:\/\/www.klb-koetztal.de\/en\/produkt\/klb-system-epoxid-ep-799-ableitgrund\/#primaryimage\"},\"image\":{\"@id\":\"https:\/\/www.klb-koetztal.de\/en\/produkt\/klb-system-epoxid-ep-799-ableitgrund\/#primaryimage\"},\"thumbnailUrl\":\"https:\/\/www.klb-koetztal.de\/app\/uploads\/2022\/03\/EP799.jpg\",\"datePublished\":\"2021-08-19T07:55:57+00:00\",\"dateModified\":\"2026-04-01T10:38:29+00:00\",\"description\":\"Electrically-conductive, low-emission 2-comp. epoxy resin primer EP 799 | KLB floor coatings \u2714\ufe0f DIBt\u00ae, WHG \u00a7 63, AgBB-compliant, Eurofins\",\"breadcrumb\":{\"@id\":\"https:\/\/www.klb-koetztal.de\/en\/produkt\/klb-system-epoxid-ep-799-ableitgrund\/#breadcrumb\"},\"inLanguage\":\"en-GB\",\"potentialAction\":[{\"@type\":\"ReadAction\",\"target\":[\"https:\/\/www.klb-koetztal.de\/en\/produkt\/klb-system-epoxid-ep-799-ableitgrund\/\"]}]},{\"@type\":\"ImageObject\",\"inLanguage\":\"en-GB\",\"@id\":\"https:\/\/www.klb-koetztal.de\/en\/produkt\/klb-system-epoxid-ep-799-ableitgrund\/#primaryimage\",\"url\":\"https:\/\/www.klb-koetztal.de\/app\/uploads\/2022\/03\/EP799.jpg\",\"contentUrl\":\"https:\/\/www.klb-koetztal.de\/app\/uploads\/2022\/03\/EP799.jpg\",\"width\":500,\"height\":500},{\"@type\":\"BreadcrumbList\",\"@id\":\"https:\/\/www.klb-koetztal.de\/en\/produkt\/klb-system-epoxid-ep-799-ableitgrund\/#breadcrumb\",\"itemListElement\":[{\"@type\":\"ListItem\",\"position\":1,\"name\":\"Startseite\",\"item\":\"https:\/\/www.klb-koetztal.de\/en\/\"},{\"@type\":\"ListItem\",\"position\":2,\"name\":\"KLB-SYSTEM EPOXID EP 799 Ableitgrund\"}]},{\"@type\":\"WebSite\",\"@id\":\"https:\/\/www.klb-koetztal.de\/en\/#website\",\"url\":\"https:\/\/www.klb-koetztal.de\/en\/\",\"name\":\"KLB K\u00f6tztal\",\"description\":\"Gute B\u00f6den haben ein System.\",\"potentialAction\":[{\"@type\":\"SearchAction\",\"target\":{\"@type\":\"EntryPoint\",\"urlTemplate\":\"https:\/\/www.klb-koetztal.de\/en\/?s={search_term_string}\"},\"query-input\":{\"@type\":\"PropertyValueSpecification\",\"valueRequired\":true,\"valueName\":\"search_term_string\"}}],\"inLanguage\":\"en-GB\"}]}<\/script>\n<!-- \/ Yoast SEO plugin. -->","yoast_head_json":{"title":"Conductive 2-component epoxy resin primer EP 799 | KLB K\u00f6tztal","description":"Electrically-conductive, low-emission 2-comp. epoxy resin primer EP 799 | KLB floor coatings \u2714\ufe0f DIBt\u00ae, WHG \u00a7 63, AgBB-compliant, Eurofins","robots":{"index":"noindex","follow":"follow","max-snippet":"max-snippet:-1","max-image-preview":"max-image-preview:large","max-video-preview":"max-video-preview:-1"},"og_locale":"en_GB","og_type":"article","og_title":"Conductive 2-component epoxy resin primer EP 799 | KLB K\u00f6tztal","og_description":"Electrically-conductive, low-emission 2-comp. epoxy resin primer EP 799 | KLB floor coatings \u2714\ufe0f DIBt\u00ae, WHG \u00a7 63, AgBB-compliant, Eurofins","og_url":"https:\/\/www.klb-koetztal.de\/en\/produkt\/klb-system-epoxid-ep-799-ableitgrund\/","og_site_name":"KLB K\u00f6tztal","article_publisher":"https:\/\/www.facebook.com\/klbkoetztal","article_modified_time":"2026-04-01T10:38:29+00:00","og_image":[{"width":500,"height":500,"url":"https:\/\/www.klb-koetztal.de\/app\/uploads\/2022\/03\/EP799.jpg","type":"image\/jpeg"}],"twitter_card":"summary_large_image","schema":{"@context":"https:\/\/schema.org","@graph":[{"@type":"WebPage","@id":"https:\/\/www.klb-koetztal.de\/en\/produkt\/klb-system-epoxid-ep-799-ableitgrund\/","url":"https:\/\/www.klb-koetztal.de\/en\/produkt\/klb-system-epoxid-ep-799-ableitgrund\/","name":"Conductive 2-component epoxy resin primer EP 799 | KLB K\u00f6tztal","isPartOf":{"@id":"https:\/\/www.klb-koetztal.de\/en\/#website"},"primaryImageOfPage":{"@id":"https:\/\/www.klb-koetztal.de\/en\/produkt\/klb-system-epoxid-ep-799-ableitgrund\/#primaryimage"},"image":{"@id":"https:\/\/www.klb-koetztal.de\/en\/produkt\/klb-system-epoxid-ep-799-ableitgrund\/#primaryimage"},"thumbnailUrl":"https:\/\/www.klb-koetztal.de\/app\/uploads\/2022\/03\/EP799.jpg","datePublished":"2021-08-19T07:55:57+00:00","dateModified":"2026-04-01T10:38:29+00:00","description":"Electrically-conductive, low-emission 2-comp. epoxy resin primer EP 799 | KLB floor coatings \u2714\ufe0f DIBt\u00ae, WHG \u00a7 63, AgBB-compliant, Eurofins","breadcrumb":{"@id":"https:\/\/www.klb-koetztal.de\/en\/produkt\/klb-system-epoxid-ep-799-ableitgrund\/#breadcrumb"},"inLanguage":"en-GB","potentialAction":[{"@type":"ReadAction","target":["https:\/\/www.klb-koetztal.de\/en\/produkt\/klb-system-epoxid-ep-799-ableitgrund\/"]}]},{"@type":"ImageObject","inLanguage":"en-GB","@id":"https:\/\/www.klb-koetztal.de\/en\/produkt\/klb-system-epoxid-ep-799-ableitgrund\/#primaryimage","url":"https:\/\/www.klb-koetztal.de\/app\/uploads\/2022\/03\/EP799.jpg","contentUrl":"https:\/\/www.klb-koetztal.de\/app\/uploads\/2022\/03\/EP799.jpg","width":500,"height":500},{"@type":"BreadcrumbList","@id":"https:\/\/www.klb-koetztal.de\/en\/produkt\/klb-system-epoxid-ep-799-ableitgrund\/#breadcrumb","itemListElement":[{"@type":"ListItem","position":1,"name":"Startseite","item":"https:\/\/www.klb-koetztal.de\/en\/"},{"@type":"ListItem","position":2,"name":"KLB-SYSTEM EPOXID EP 799 Ableitgrund"}]},{"@type":"WebSite","@id":"https:\/\/www.klb-koetztal.de\/en\/#website","url":"https:\/\/www.klb-koetztal.de\/en\/","name":"KLB K\u00f6tztal","description":"Gute B\u00f6den haben ein System.","potentialAction":[{"@type":"SearchAction","target":{"@type":"EntryPoint","urlTemplate":"https:\/\/www.klb-koetztal.de\/en\/?s={search_term_string}"},"query-input":{"@type":"PropertyValueSpecification","valueRequired":true,"valueName":"search_term_string"}}],"inLanguage":"en-GB"}]}},"_links":{"self":[{"href":"https:\/\/www.klb-koetztal.de\/en\/wp-json\/wp\/v2\/product\/46763","targetHints":{"allow":["GET"]}}],"collection":[{"href":"https:\/\/www.klb-koetztal.de\/en\/wp-json\/wp\/v2\/product"}],"about":[{"href":"https:\/\/www.klb-koetztal.de\/en\/wp-json\/wp\/v2\/types\/product"}],"wp:featuredmedia":[{"embeddable":true,"href":"https:\/\/www.klb-koetztal.de\/en\/wp-json\/wp\/v2\/media\/49473"}],"wp:attachment":[{"href":"https:\/\/www.klb-koetztal.de\/en\/wp-json\/wp\/v2\/media?parent=46763"}],"wp:term":[{"taxonomy":"product_brand","embeddable":true,"href":"https:\/\/www.klb-koetztal.de\/en\/wp-json\/wp\/v2\/product_brand?post=46763"},{"taxonomy":"product_cat","embeddable":true,"href":"https:\/\/www.klb-koetztal.de\/en\/wp-json\/wp\/v2\/product_cat?post=46763"},{"taxonomy":"product_tag","embeddable":true,"href":"https:\/\/www.klb-koetztal.de\/en\/wp-json\/wp\/v2\/product_tag?post=46763"}],"curies":[{"name":"wp","href":"https:\/\/api.w.org\/{rel}","templated":true}]}}