{"id":46746,"date":"2021-08-19T09:12:40","date_gmt":"2021-08-19T07:12:40","guid":{"rendered":"https:\/\/dev.klb-koetztal.de\/produkt\/klb-system-acryl-ac-320\/"},"modified":"2026-04-24T13:01:23","modified_gmt":"2026-04-24T11:01:23","slug":"klb-system-acryl-ac-320","status":"publish","type":"product","link":"https:\/\/www.klb-koetztal.de\/en\/produkt\/klb-system-acryl-ac-320\/","title":{"rendered":"KLB-SYSTEM ACRYL AC 320"},"content":{"rendered":"","protected":false},"excerpt":{"rendered":"<p>Rapid-setting, flexibilised&#160;2-component PMMA coating resin for smooth floor coverings, optionally also with partiColor\u00ae-Chips (flakes) scattering. The coating compound is produced by adding pigments, mixed sand&#160;KLB-Mischsand 2\/1 and hardener.&#160;The surface&#160;is then sealed smoothly and transparently with AC 820.<br \/>\nPlease order hardener powder separately!<\/p>\n","protected":false},"featured_media":50278,"template":"","meta":{"_acf_changed":false},"product_brand":[],"product_cat":[9609,9657],"product_tag":[],"class_list":{"0":"post-46746","1":"product","2":"type-product","3":"status-publish","4":"has-post-thumbnail","6":"product_cat-coatings","7":"product_cat-pmma-coatings-and-top-sealer","9":"first","10":"instock","11":"shipping-taxable","12":"product-type-simple"},"acf":{"product_header":{"module_product_header":{"":null,"prototype_headline":{"headline":"KLB-SYSTEM ACRYL AC 320","h1":true,"subheadline":"Rapid-setting, flexibilised PMMA&#160;coating resin for smooth or partiColor\u00ae-Chips (flakes) scattered coverings","anchor":"","url":""},"grid_text_slider":false,"grid_text_content":[{"text":"<p class=\"product-short-title\" style=\"text-align: center;\"><strong>Brief description<\/strong><\/p>\n<p>Rapid-setting, flexibilised&#160;2-component PMMA coating resin for smooth floor coverings, optionally also with partiColor\u00ae-Chips (flakes) scattering. The coating compound is produced by adding pigments, mixed sand&#160;KLB-Mischsand 2\/1 and hardener.&#160;The surface&#160;is then sealed smoothly and transparently with AC 820.<\/p>\n<p>Please order hardener powder separately!<\/p>\n","width":"4","background_color_text":"bg-white","border_color":"border-gray-light"},{"text":"<p class=\"product-sicing-title\" style=\"text-align: center;\"><strong>Packaging units<\/strong><\/p>\n<ul>\n<li>MA0014-50 &#8211; Canister 10.00 kg<\/li>\n<li>MA0014-25 &#8211; Hobbock 25.00 kg<\/li>\n<li>MA0013-01 &#8211; Drum 200.00 kg<\/li>\n<\/ul>\n<p><\/p>\n<p>Please do not hesitate to contact us directly for enquiries about larger delivery quantities or packaging units.<\/p>\n\n","width":"4","background_color_text":"bg-white","border_color":"border-gray-light"},{"text":"<p class=\"product-attr-title\" style=\"text-align: center;\"><strong>Properties<\/strong><\/p>\n<ul>\n<li>very rapid-setting<\/li>\n<li>quickly accessible<\/li>\n<li>cures at low temperatures<\/li>\n<li>reworkable after 1 hour<\/li>\n<li>good resistance to water and chemicals<\/li>\n<li>free of deleterious substances against varnish<\/li>\n<li>suitable for renovations<\/li>\n<\/ul>\n","width":"4","background_color_text":"bg-white","border_color":"border-gray-light"}],"background_color":"bg-none","background_color_content":"bg-none"}},"downloads":{"module_download_list":{"inhalt":null,"downloads":[{"download":{"ID":55115,"id":55115,"title":"AC_320_PI_en_2023_02","filename":"AC_320_PI_en_2023_02.pdf","filesize":264021,"url":"https:\/\/www.klb-koetztal.de\/app\/uploads\/2023\/02\/AC_320_PI_en_2023_02.pdf","link":"https:\/\/www.klb-koetztal.de\/en\/?attachment_id=55115","alt":"","author":"7","description":"","caption":"","name":"ac_320_pi_en_2023_02-2","status":"inherit","uploaded_to":0,"date":"2023-02-20 14:10:15","modified":"2023-02-20 14:10:15","menu_order":0,"mime_type":"application\/pdf","type":"application","subtype":"pdf","icon":"https:\/\/www.klb-koetztal.de\/wp\/wp-includes\/images\/media\/document.png"},"filename":"Product Information","protected":false,"doclang":"GB","externalkey":"Produktinformation","docpos":"2"},{"download":{"ID":55118,"id":55118,"title":"AC_320_PI_fr_2023_02","filename":"AC_320_PI_fr_2023_02.pdf","filesize":266178,"url":"https:\/\/www.klb-koetztal.de\/app\/uploads\/2023\/02\/AC_320_PI_fr_2023_02.pdf","link":"https:\/\/www.klb-koetztal.de\/en\/?attachment_id=55118","alt":"","author":"7","description":"","caption":"","name":"ac_320_pi_fr_2023_02-2","status":"inherit","uploaded_to":0,"date":"2023-02-20 14:10:16","modified":"2023-02-20 14:10:16","menu_order":0,"mime_type":"application\/pdf","type":"application","subtype":"pdf","icon":"https:\/\/www.klb-koetztal.de\/wp\/wp-includes\/images\/media\/document.png"},"filename":"Information Produit FR","protected":false,"doclang":"FR","externalkey":"Produktinformation","docpos":"3"},{"download":{"ID":50279,"id":50279,"title":"Leistungserkl\u00e4rung - Statement of performance","filename":"AC320_LE_2013-04.pdf","filesize":169849,"url":"https:\/\/www.klb-koetztal.de\/app\/uploads\/2022\/03\/AC320_LE_2013-04.pdf","link":"https:\/\/www.klb-koetztal.de\/en\/?attachment_id=50279","alt":"","author":"7","description":"","caption":"","name":"ac320_le_2013-04","status":"inherit","uploaded_to":0,"date":"2022-03-14 10:13:12","modified":"2026-04-24 11:01:30","menu_order":0,"mime_type":"application\/pdf","type":"application","subtype":"pdf","icon":"https:\/\/www.klb-koetztal.de\/wp\/wp-includes\/images\/media\/document.png"},"filename":"Statement of performance - Leistungserkl\u00e4rung","protected":false,"doclang":"Multi","externalkey":"Leistungserklaerung","docpos":"50"},{"download":{"ID":67721,"id":67721,"title":"AC320_Umwelt-Deklaration_2025-10","filename":"AC320_Umwelt-Deklaration_2025-10.pdf","filesize":1692080,"url":"https:\/\/www.klb-koetztal.de\/app\/uploads\/2025\/10\/AC320_Umwelt-Deklaration_2025-10.pdf","link":"https:\/\/www.klb-koetztal.de\/en\/?attachment_id=67721","alt":"","author":"7","description":"","caption":"","name":"ac320_umwelt-deklaration_2025-10-2","status":"inherit","uploaded_to":0,"date":"2025-10-16 09:01:36","modified":"2025-10-16 09:01:36","menu_order":0,"mime_type":"application\/pdf","type":"application","subtype":"pdf","icon":"https:\/\/www.klb-koetztal.de\/wp\/wp-includes\/images\/media\/document.png"},"filename":"EPD - Environmental Product Declaration","protected":false,"doclang":"Multi","externalkey":"Umweltproduktdeklaration","docpos":"50"},{"download":false,"filename":"Safety data sheet","protected":true,"doclang":"GB","externalkey":"Sicherheitsdatenblatt","docpos":"2"},{"download":false,"filename":"Fiche de donn\u00e9es de s\u00e9curit\u00e9 FR","protected":true,"doclang":"FR","externalkey":"Sicherheitsdatenblatt","docpos":"3"}],"einstellungen":null,"background_color":"bg-none","background_color_content":"bg-none"}},"included_in_systems":{"module_included_in_systems":{"":null,"background_color":"bg-gray-medium","background_color_content":"bg-none"}},"contact":{"module_contact":{"":null,"background_color":"bg-none","background_color_content":"bg-none"}},"ausschreibende":{"module_ausschreibende":{"andern_sie_den_inhalt_unter_universelle_elemente":null,"background_color":"bg-none","background_color_content":"bg-none"}}},"yoast_head":"<!-- This site is optimized with the Yoast SEO plugin v27.0 - https:\/\/yoast.com\/product\/yoast-seo-wordpress\/ -->\n<title>Rapid-setting 2C PMMA coating resin AC 320 | KLB<\/title>\n<meta name=\"description\" content=\"Rapid-setting, flexibilised PMMA coating resin AC 320 | KLB floor coating \u2714\ufe0f for smooth floor coverings, optionally also with partiColor\u00ae-Chips scattering\" \/>\n<meta name=\"robots\" content=\"noindex, follow, max-snippet:-1, max-image-preview:large, max-video-preview:-1\" \/>\n<meta property=\"og:locale\" content=\"en_GB\" \/>\n<meta property=\"og:type\" content=\"article\" \/>\n<meta property=\"og:title\" content=\"Rapid-setting 2C PMMA coating resin AC 320 | KLB\" \/>\n<meta property=\"og:description\" content=\"Rapid-setting, flexibilised PMMA coating resin AC 320 | KLB floor coating \u2714\ufe0f for smooth floor coverings, optionally also with partiColor\u00ae-Chips scattering\" \/>\n<meta property=\"og:url\" content=\"https:\/\/www.klb-koetztal.de\/en\/produkt\/klb-system-acryl-ac-320\/\" \/>\n<meta property=\"og:site_name\" content=\"KLB K\u00f6tztal\" \/>\n<meta property=\"article:publisher\" content=\"https:\/\/www.facebook.com\/klbkoetztal\" \/>\n<meta property=\"article:modified_time\" content=\"2026-04-24T11:01:23+00:00\" \/>\n<meta property=\"og:image\" content=\"https:\/\/www.klb-koetztal.de\/app\/uploads\/2022\/03\/AC320.jpg\" \/>\n\t<meta property=\"og:image:width\" content=\"500\" \/>\n\t<meta property=\"og:image:height\" content=\"500\" \/>\n\t<meta property=\"og:image:type\" content=\"image\/jpeg\" \/>\n<meta name=\"twitter:card\" content=\"summary_large_image\" \/>\n<script type=\"application\/ld+json\" class=\"yoast-schema-graph\">{\"@context\":\"https:\/\/schema.org\",\"@graph\":[{\"@type\":\"WebPage\",\"@id\":\"https:\/\/www.klb-koetztal.de\/en\/produkt\/klb-system-acryl-ac-320\/\",\"url\":\"https:\/\/www.klb-koetztal.de\/en\/produkt\/klb-system-acryl-ac-320\/\",\"name\":\"Rapid-setting 2C PMMA coating resin AC 320 | KLB\",\"isPartOf\":{\"@id\":\"https:\/\/www.klb-koetztal.de\/en\/#website\"},\"primaryImageOfPage\":{\"@id\":\"https:\/\/www.klb-koetztal.de\/en\/produkt\/klb-system-acryl-ac-320\/#primaryimage\"},\"image\":{\"@id\":\"https:\/\/www.klb-koetztal.de\/en\/produkt\/klb-system-acryl-ac-320\/#primaryimage\"},\"thumbnailUrl\":\"https:\/\/www.klb-koetztal.de\/app\/uploads\/2022\/03\/AC320.jpg\",\"datePublished\":\"2021-08-19T07:12:40+00:00\",\"dateModified\":\"2026-04-24T11:01:23+00:00\",\"description\":\"Rapid-setting, flexibilised PMMA coating resin AC 320 | KLB floor coating \u2714\ufe0f for smooth floor coverings, optionally also with partiColor\u00ae-Chips scattering\",\"breadcrumb\":{\"@id\":\"https:\/\/www.klb-koetztal.de\/en\/produkt\/klb-system-acryl-ac-320\/#breadcrumb\"},\"inLanguage\":\"en-GB\",\"potentialAction\":[{\"@type\":\"ReadAction\",\"target\":[\"https:\/\/www.klb-koetztal.de\/en\/produkt\/klb-system-acryl-ac-320\/\"]}]},{\"@type\":\"ImageObject\",\"inLanguage\":\"en-GB\",\"@id\":\"https:\/\/www.klb-koetztal.de\/en\/produkt\/klb-system-acryl-ac-320\/#primaryimage\",\"url\":\"https:\/\/www.klb-koetztal.de\/app\/uploads\/2022\/03\/AC320.jpg\",\"contentUrl\":\"https:\/\/www.klb-koetztal.de\/app\/uploads\/2022\/03\/AC320.jpg\",\"width\":500,\"height\":500},{\"@type\":\"BreadcrumbList\",\"@id\":\"https:\/\/www.klb-koetztal.de\/en\/produkt\/klb-system-acryl-ac-320\/#breadcrumb\",\"itemListElement\":[{\"@type\":\"ListItem\",\"position\":1,\"name\":\"Startseite\",\"item\":\"https:\/\/www.klb-koetztal.de\/en\/\"},{\"@type\":\"ListItem\",\"position\":2,\"name\":\"KLB-SYSTEM ACRYL AC 320\"}]},{\"@type\":\"WebSite\",\"@id\":\"https:\/\/www.klb-koetztal.de\/en\/#website\",\"url\":\"https:\/\/www.klb-koetztal.de\/en\/\",\"name\":\"KLB K\u00f6tztal Lacke + Beschichtungen GmbH\",\"description\":\"Gute B\u00f6den haben ein System.\",\"publisher\":{\"@id\":\"https:\/\/www.klb-koetztal.de\/en\/#organization\"},\"potentialAction\":[{\"@type\":\"SearchAction\",\"target\":{\"@type\":\"EntryPoint\",\"urlTemplate\":\"https:\/\/www.klb-koetztal.de\/en\/?s={search_term_string}\"},\"query-input\":{\"@type\":\"PropertyValueSpecification\",\"valueRequired\":true,\"valueName\":\"search_term_string\"}}],\"inLanguage\":\"en-GB\"},{\"@type\":\"Organization\",\"@id\":\"https:\/\/www.klb-koetztal.de\/en\/#organization\",\"name\":\"KLB K\u00f6tztal Lacke + Beschichtungen GmbH\",\"url\":\"https:\/\/www.klb-koetztal.de\/en\/\",\"logo\":{\"@type\":\"ImageObject\",\"inLanguage\":\"en-GB\",\"@id\":\"https:\/\/www.klb-koetztal.de\/en\/#\/schema\/logo\/image\/\",\"url\":\"https:\/\/www.klb-koetztal.de\/app\/uploads\/2023\/10\/KLB_4C_HQ.png\",\"contentUrl\":\"https:\/\/www.klb-koetztal.de\/app\/uploads\/2023\/10\/KLB_4C_HQ.png\",\"width\":1500,\"height\":363,\"caption\":\"KLB K\u00f6tztal Lacke + Beschichtungen GmbH\"},\"image\":{\"@id\":\"https:\/\/www.klb-koetztal.de\/en\/#\/schema\/logo\/image\/\"},\"sameAs\":[\"https:\/\/www.facebook.com\/klbkoetztal\",\"https:\/\/www.instagram.com\/klbkoetztal\/\",\"https:\/\/www.linkedin.com\/company\/klbkoetztal\"]}]}<\/script>\n<!-- \/ Yoast SEO plugin. -->","yoast_head_json":{"title":"Rapid-setting 2C PMMA coating resin AC 320 | KLB","description":"Rapid-setting, flexibilised PMMA coating resin AC 320 | KLB floor coating \u2714\ufe0f for smooth floor coverings, optionally also with partiColor\u00ae-Chips scattering","robots":{"index":"noindex","follow":"follow","max-snippet":"max-snippet:-1","max-image-preview":"max-image-preview:large","max-video-preview":"max-video-preview:-1"},"og_locale":"en_GB","og_type":"article","og_title":"Rapid-setting 2C PMMA coating resin AC 320 | KLB","og_description":"Rapid-setting, flexibilised PMMA coating resin AC 320 | KLB floor coating \u2714\ufe0f for smooth floor coverings, optionally also with partiColor\u00ae-Chips scattering","og_url":"https:\/\/www.klb-koetztal.de\/en\/produkt\/klb-system-acryl-ac-320\/","og_site_name":"KLB K\u00f6tztal","article_publisher":"https:\/\/www.facebook.com\/klbkoetztal","article_modified_time":"2026-04-24T11:01:23+00:00","og_image":[{"width":500,"height":500,"url":"https:\/\/www.klb-koetztal.de\/app\/uploads\/2022\/03\/AC320.jpg","type":"image\/jpeg"}],"twitter_card":"summary_large_image","schema":{"@context":"https:\/\/schema.org","@graph":[{"@type":"WebPage","@id":"https:\/\/www.klb-koetztal.de\/en\/produkt\/klb-system-acryl-ac-320\/","url":"https:\/\/www.klb-koetztal.de\/en\/produkt\/klb-system-acryl-ac-320\/","name":"Rapid-setting 2C PMMA coating resin AC 320 | KLB","isPartOf":{"@id":"https:\/\/www.klb-koetztal.de\/en\/#website"},"primaryImageOfPage":{"@id":"https:\/\/www.klb-koetztal.de\/en\/produkt\/klb-system-acryl-ac-320\/#primaryimage"},"image":{"@id":"https:\/\/www.klb-koetztal.de\/en\/produkt\/klb-system-acryl-ac-320\/#primaryimage"},"thumbnailUrl":"https:\/\/www.klb-koetztal.de\/app\/uploads\/2022\/03\/AC320.jpg","datePublished":"2021-08-19T07:12:40+00:00","dateModified":"2026-04-24T11:01:23+00:00","description":"Rapid-setting, flexibilised PMMA coating resin AC 320 | KLB floor coating \u2714\ufe0f for smooth floor coverings, optionally also with partiColor\u00ae-Chips scattering","breadcrumb":{"@id":"https:\/\/www.klb-koetztal.de\/en\/produkt\/klb-system-acryl-ac-320\/#breadcrumb"},"inLanguage":"en-GB","potentialAction":[{"@type":"ReadAction","target":["https:\/\/www.klb-koetztal.de\/en\/produkt\/klb-system-acryl-ac-320\/"]}]},{"@type":"ImageObject","inLanguage":"en-GB","@id":"https:\/\/www.klb-koetztal.de\/en\/produkt\/klb-system-acryl-ac-320\/#primaryimage","url":"https:\/\/www.klb-koetztal.de\/app\/uploads\/2022\/03\/AC320.jpg","contentUrl":"https:\/\/www.klb-koetztal.de\/app\/uploads\/2022\/03\/AC320.jpg","width":500,"height":500},{"@type":"BreadcrumbList","@id":"https:\/\/www.klb-koetztal.de\/en\/produkt\/klb-system-acryl-ac-320\/#breadcrumb","itemListElement":[{"@type":"ListItem","position":1,"name":"Startseite","item":"https:\/\/www.klb-koetztal.de\/en\/"},{"@type":"ListItem","position":2,"name":"KLB-SYSTEM ACRYL AC 320"}]},{"@type":"WebSite","@id":"https:\/\/www.klb-koetztal.de\/en\/#website","url":"https:\/\/www.klb-koetztal.de\/en\/","name":"KLB K\u00f6tztal Lacke + Beschichtungen GmbH","description":"Gute B\u00f6den haben ein System.","publisher":{"@id":"https:\/\/www.klb-koetztal.de\/en\/#organization"},"potentialAction":[{"@type":"SearchAction","target":{"@type":"EntryPoint","urlTemplate":"https:\/\/www.klb-koetztal.de\/en\/?s={search_term_string}"},"query-input":{"@type":"PropertyValueSpecification","valueRequired":true,"valueName":"search_term_string"}}],"inLanguage":"en-GB"},{"@type":"Organization","@id":"https:\/\/www.klb-koetztal.de\/en\/#organization","name":"KLB K\u00f6tztal Lacke + Beschichtungen GmbH","url":"https:\/\/www.klb-koetztal.de\/en\/","logo":{"@type":"ImageObject","inLanguage":"en-GB","@id":"https:\/\/www.klb-koetztal.de\/en\/#\/schema\/logo\/image\/","url":"https:\/\/www.klb-koetztal.de\/app\/uploads\/2023\/10\/KLB_4C_HQ.png","contentUrl":"https:\/\/www.klb-koetztal.de\/app\/uploads\/2023\/10\/KLB_4C_HQ.png","width":1500,"height":363,"caption":"KLB K\u00f6tztal Lacke + Beschichtungen GmbH"},"image":{"@id":"https:\/\/www.klb-koetztal.de\/en\/#\/schema\/logo\/image\/"},"sameAs":["https:\/\/www.facebook.com\/klbkoetztal","https:\/\/www.instagram.com\/klbkoetztal\/","https:\/\/www.linkedin.com\/company\/klbkoetztal"]}]}},"_links":{"self":[{"href":"https:\/\/www.klb-koetztal.de\/en\/wp-json\/wp\/v2\/product\/46746","targetHints":{"allow":["GET"]}}],"collection":[{"href":"https:\/\/www.klb-koetztal.de\/en\/wp-json\/wp\/v2\/product"}],"about":[{"href":"https:\/\/www.klb-koetztal.de\/en\/wp-json\/wp\/v2\/types\/product"}],"wp:featuredmedia":[{"embeddable":true,"href":"https:\/\/www.klb-koetztal.de\/en\/wp-json\/wp\/v2\/media\/50278"}],"wp:attachment":[{"href":"https:\/\/www.klb-koetztal.de\/en\/wp-json\/wp\/v2\/media?parent=46746"}],"wp:term":[{"taxonomy":"product_brand","embeddable":true,"href":"https:\/\/www.klb-koetztal.de\/en\/wp-json\/wp\/v2\/product_brand?post=46746"},{"taxonomy":"product_cat","embeddable":true,"href":"https:\/\/www.klb-koetztal.de\/en\/wp-json\/wp\/v2\/product_cat?post=46746"},{"taxonomy":"product_tag","embeddable":true,"href":"https:\/\/www.klb-koetztal.de\/en\/wp-json\/wp\/v2\/product_tag?post=46746"}],"curies":[{"name":"wp","href":"https:\/\/api.w.org\/{rel}","templated":true}]}}