{"id":46740,"date":"2021-08-19T09:11:28","date_gmt":"2021-08-19T07:11:28","guid":{"rendered":"https:\/\/dev.klb-koetztal.de\/produkt\/klb-system-ac-haerterpulver\/"},"modified":"2026-04-01T12:15:23","modified_gmt":"2026-04-01T10:15:23","slug":"klb-system-ac-haerterpulver","status":"publish","type":"product","link":"https:\/\/www.klb-koetztal.de\/en\/produkt\/klb-system-ac-haerterpulver\/","title":{"rendered":"KLB-SYSTEM AC-H\u00e4rterpulver"},"content":{"rendered":"","protected":false},"excerpt":{"rendered":"<p>Reactive hardener component&#160;for curing PMMA resins such as AC 20, AC 313, AC 820, etc.<br \/>\nTo achieve excellent results, the additive quantities recommended for the resins must be respected temperature-wise.&#160;The dosage is specified in the product information of the resins.<\/p>\n","protected":false},"featured_media":50358,"template":"","meta":{"_acf_changed":false},"product_brand":[],"product_cat":[9607,9655,9609,9657,9617,9656],"product_tag":[],"class_list":{"0":"post-46740","1":"product","2":"type-product","3":"status-publish","4":"has-post-thumbnail","6":"product_cat-primers","7":"product_cat-pmma-primers","8":"product_cat-coatings","9":"product_cat-pmma-coatings-and-top-sealer","10":"product_cat-top-sealers-for-scattered-coatings","11":"product_cat-pmma-top-sealers","13":"first","14":"instock","15":"shipping-taxable","16":"product-type-simple"},"acf":{"product_header":{"module_product_header":{"":null,"prototype_headline":{"headline":"KLB-SYSTEM AC-H\u00e4rterpulver","h1":true,"subheadline":"Reactive hardener component&#160;for curing PMMA resins","anchor":"","url":""},"grid_text_slider":false,"grid_text_content":[{"text":"<p class=\"product-short-title\" style=\"text-align: center;\"><strong>Brief description<\/strong><\/p>\n<p>Reactive hardener component&#160;for curing PMMA resins such as AC 20, AC 313, AC 820, etc.<\/p>\n<p>To achieve excellent results, the additive quantities recommended for the resins must be respected temperature-wise.&#160;The dosage is specified in the product information of the resins.<\/p>\n","width":"4","background_color_text":"bg-white","border_color":"border-gray-light"},{"text":"<p class=\"product-sicing-title\" style=\"text-align: center;\"><strong>Packaging units<\/strong><\/p>\n<ul>\n<li>MA9999-96 &#8211; Can 0.40 kg<\/li>\n<li>MA9999-70 &#8211; Cardboard box 5.00 kg<\/li>\n<li>MA9999-25 &#8211; Cardboard box 25.00 kg<\/li>\n<\/ul>\n<p><\/p>\n<p>Please do not hesitate to contact us directly for enquiries about larger delivery quantities or packaging units.<\/p>\n\n","width":"4","background_color_text":"bg-white","border_color":"border-gray-light"},{"text":"<p class=\"product-attr-title\" style=\"text-align: center;\"><strong>Properties<\/strong><\/p>\n<ul>\n<li>cures at low temperatures<\/li>\n<li>short curing times<\/li>\n<\/ul>\n","width":"4","background_color_text":"bg-white","border_color":"border-gray-light"}],"background_color":"bg-none","background_color_content":"bg-none"}},"downloads":{"module_download_list":{"inhalt":null,"downloads":[{"download":{"ID":64050,"id":64050,"title":"AC-Haerterpulver_PI_en_2024_12","filename":"AC-Haerterpulver_PI_en_2024_12.pdf","filesize":148424,"url":"https:\/\/www.klb-koetztal.de\/app\/uploads\/2024\/12\/AC-Haerterpulver_PI_en_2024_12.pdf","link":"https:\/\/www.klb-koetztal.de\/en\/?attachment_id=64050","alt":"","author":"7","description":"","caption":"","name":"ac-haerterpulver_pi_en_2024_12-2","status":"inherit","uploaded_to":0,"date":"2024-12-18 09:30:40","modified":"2024-12-18 09:30:40","menu_order":0,"mime_type":"application\/pdf","type":"application","subtype":"pdf","icon":"https:\/\/www.klb-koetztal.de\/wp\/wp-includes\/images\/media\/document.png"},"filename":"Product Information","protected":false,"doclang":"GB","externalkey":"Produktinformation","docpos":"2"},{"download":{"ID":64053,"id":64053,"title":"AC-Haerterpulver_PI_fr_2024_12","filename":"AC-Haerterpulver_PI_fr_2024_12.pdf","filesize":161027,"url":"https:\/\/www.klb-koetztal.de\/app\/uploads\/2024\/12\/AC-Haerterpulver_PI_fr_2024_12.pdf","link":"https:\/\/www.klb-koetztal.de\/en\/?attachment_id=64053","alt":"","author":"7","description":"","caption":"","name":"ac-haerterpulver_pi_fr_2024_12-2","status":"inherit","uploaded_to":0,"date":"2024-12-18 09:30:42","modified":"2024-12-18 09:30:42","menu_order":0,"mime_type":"application\/pdf","type":"application","subtype":"pdf","icon":"https:\/\/www.klb-koetztal.de\/wp\/wp-includes\/images\/media\/document.png"},"filename":"Information Produit FR","protected":false,"doclang":"FR","externalkey":"Produktinformation","docpos":"3"},{"download":false,"filename":"Safety data sheet","protected":true,"doclang":"GB","externalkey":"Sicherheitsdatenblatt","docpos":"2"},{"download":false,"filename":"Fiche de donn\u00e9es de s\u00e9curit\u00e9 FR","protected":true,"doclang":"FR","externalkey":"Sicherheitsdatenblatt","docpos":"3"}],"einstellungen":null,"background_color":"bg-none","background_color_content":"bg-none"}},"included_in_systems":{"module_included_in_systems":{"":null,"background_color":"bg-gray-medium","background_color_content":"bg-none"}},"contact":{"module_contact":{"":null,"background_color":"bg-none","background_color_content":"bg-none"}},"ausschreibende":{"module_ausschreibende":{"andern_sie_den_inhalt_unter_universelle_elemente":null,"background_color":"bg-none","background_color_content":"bg-none"}}},"yoast_head":"<!-- This site is optimized with the Yoast SEO plugin v27.0 - https:\/\/yoast.com\/product\/yoast-seo-wordpress\/ -->\n<title>Reactive hardener component AC-H\u00e4terpulver | KLB K\u00f6tztal<\/title>\n<meta name=\"description\" content=\"Reactive hardener component AC-H\u00e4rterpulver for acrylic resin coatings | KLB synthetic resin floor coatings \u2714\ufe0fadded to hardening of PMMA resins\" \/>\n<meta name=\"robots\" content=\"noindex, follow, max-snippet:-1, max-image-preview:large, max-video-preview:-1\" \/>\n<meta property=\"og:locale\" content=\"en_GB\" \/>\n<meta property=\"og:type\" content=\"article\" \/>\n<meta property=\"og:title\" content=\"Reactive hardener component AC-H\u00e4terpulver | KLB K\u00f6tztal\" \/>\n<meta property=\"og:description\" content=\"Reactive hardener component AC-H\u00e4rterpulver for acrylic resin coatings | KLB synthetic resin floor coatings \u2714\ufe0fadded to hardening of PMMA resins\" \/>\n<meta property=\"og:url\" content=\"https:\/\/www.klb-koetztal.de\/en\/produkt\/klb-system-ac-haerterpulver\/\" \/>\n<meta property=\"og:site_name\" content=\"KLB K\u00f6tztal\" \/>\n<meta property=\"article:publisher\" content=\"https:\/\/www.facebook.com\/klbkoetztal\" \/>\n<meta property=\"article:modified_time\" content=\"2026-04-01T10:15:23+00:00\" \/>\n<meta property=\"og:image\" content=\"https:\/\/www.klb-koetztal.de\/app\/uploads\/2022\/03\/Produkt_Platzhalter.jpg\" \/>\n\t<meta property=\"og:image:width\" content=\"500\" \/>\n\t<meta property=\"og:image:height\" content=\"500\" \/>\n\t<meta property=\"og:image:type\" content=\"image\/jpeg\" \/>\n<meta name=\"twitter:card\" content=\"summary_large_image\" \/>\n<script type=\"application\/ld+json\" class=\"yoast-schema-graph\">{\"@context\":\"https:\/\/schema.org\",\"@graph\":[{\"@type\":\"WebPage\",\"@id\":\"https:\/\/www.klb-koetztal.de\/en\/produkt\/klb-system-ac-haerterpulver\/\",\"url\":\"https:\/\/www.klb-koetztal.de\/en\/produkt\/klb-system-ac-haerterpulver\/\",\"name\":\"Reactive hardener component AC-H\u00e4terpulver | KLB K\u00f6tztal\",\"isPartOf\":{\"@id\":\"https:\/\/www.klb-koetztal.de\/en\/#website\"},\"primaryImageOfPage\":{\"@id\":\"https:\/\/www.klb-koetztal.de\/en\/produkt\/klb-system-ac-haerterpulver\/#primaryimage\"},\"image\":{\"@id\":\"https:\/\/www.klb-koetztal.de\/en\/produkt\/klb-system-ac-haerterpulver\/#primaryimage\"},\"thumbnailUrl\":\"https:\/\/www.klb-koetztal.de\/app\/uploads\/2022\/03\/Produkt_Platzhalter.jpg\",\"datePublished\":\"2021-08-19T07:11:28+00:00\",\"dateModified\":\"2026-04-01T10:15:23+00:00\",\"description\":\"Reactive hardener component AC-H\u00e4rterpulver for acrylic resin coatings | KLB synthetic resin floor coatings \u2714\ufe0fadded to hardening of PMMA resins\",\"breadcrumb\":{\"@id\":\"https:\/\/www.klb-koetztal.de\/en\/produkt\/klb-system-ac-haerterpulver\/#breadcrumb\"},\"inLanguage\":\"en-GB\",\"potentialAction\":[{\"@type\":\"ReadAction\",\"target\":[\"https:\/\/www.klb-koetztal.de\/en\/produkt\/klb-system-ac-haerterpulver\/\"]}]},{\"@type\":\"ImageObject\",\"inLanguage\":\"en-GB\",\"@id\":\"https:\/\/www.klb-koetztal.de\/en\/produkt\/klb-system-ac-haerterpulver\/#primaryimage\",\"url\":\"https:\/\/www.klb-koetztal.de\/app\/uploads\/2022\/03\/Produkt_Platzhalter.jpg\",\"contentUrl\":\"https:\/\/www.klb-koetztal.de\/app\/uploads\/2022\/03\/Produkt_Platzhalter.jpg\",\"width\":500,\"height\":500},{\"@type\":\"BreadcrumbList\",\"@id\":\"https:\/\/www.klb-koetztal.de\/en\/produkt\/klb-system-ac-haerterpulver\/#breadcrumb\",\"itemListElement\":[{\"@type\":\"ListItem\",\"position\":1,\"name\":\"Startseite\",\"item\":\"https:\/\/www.klb-koetztal.de\/en\/\"},{\"@type\":\"ListItem\",\"position\":2,\"name\":\"KLB-SYSTEM AC-H\u00e4rterpulver\"}]},{\"@type\":\"WebSite\",\"@id\":\"https:\/\/www.klb-koetztal.de\/en\/#website\",\"url\":\"https:\/\/www.klb-koetztal.de\/en\/\",\"name\":\"KLB K\u00f6tztal\",\"description\":\"Gute B\u00f6den haben ein System.\",\"potentialAction\":[{\"@type\":\"SearchAction\",\"target\":{\"@type\":\"EntryPoint\",\"urlTemplate\":\"https:\/\/www.klb-koetztal.de\/en\/?s={search_term_string}\"},\"query-input\":{\"@type\":\"PropertyValueSpecification\",\"valueRequired\":true,\"valueName\":\"search_term_string\"}}],\"inLanguage\":\"en-GB\"}]}<\/script>\n<!-- \/ Yoast SEO plugin. -->","yoast_head_json":{"title":"Reactive hardener component AC-H\u00e4terpulver | KLB K\u00f6tztal","description":"Reactive hardener component AC-H\u00e4rterpulver for acrylic resin coatings | KLB synthetic resin floor coatings \u2714\ufe0fadded to hardening of PMMA resins","robots":{"index":"noindex","follow":"follow","max-snippet":"max-snippet:-1","max-image-preview":"max-image-preview:large","max-video-preview":"max-video-preview:-1"},"og_locale":"en_GB","og_type":"article","og_title":"Reactive hardener component AC-H\u00e4terpulver | KLB K\u00f6tztal","og_description":"Reactive hardener component AC-H\u00e4rterpulver for acrylic resin coatings | KLB synthetic resin floor coatings \u2714\ufe0fadded to hardening of PMMA resins","og_url":"https:\/\/www.klb-koetztal.de\/en\/produkt\/klb-system-ac-haerterpulver\/","og_site_name":"KLB K\u00f6tztal","article_publisher":"https:\/\/www.facebook.com\/klbkoetztal","article_modified_time":"2026-04-01T10:15:23+00:00","og_image":[{"width":500,"height":500,"url":"https:\/\/www.klb-koetztal.de\/app\/uploads\/2022\/03\/Produkt_Platzhalter.jpg","type":"image\/jpeg"}],"twitter_card":"summary_large_image","schema":{"@context":"https:\/\/schema.org","@graph":[{"@type":"WebPage","@id":"https:\/\/www.klb-koetztal.de\/en\/produkt\/klb-system-ac-haerterpulver\/","url":"https:\/\/www.klb-koetztal.de\/en\/produkt\/klb-system-ac-haerterpulver\/","name":"Reactive hardener component AC-H\u00e4terpulver | KLB K\u00f6tztal","isPartOf":{"@id":"https:\/\/www.klb-koetztal.de\/en\/#website"},"primaryImageOfPage":{"@id":"https:\/\/www.klb-koetztal.de\/en\/produkt\/klb-system-ac-haerterpulver\/#primaryimage"},"image":{"@id":"https:\/\/www.klb-koetztal.de\/en\/produkt\/klb-system-ac-haerterpulver\/#primaryimage"},"thumbnailUrl":"https:\/\/www.klb-koetztal.de\/app\/uploads\/2022\/03\/Produkt_Platzhalter.jpg","datePublished":"2021-08-19T07:11:28+00:00","dateModified":"2026-04-01T10:15:23+00:00","description":"Reactive hardener component AC-H\u00e4rterpulver for acrylic resin coatings | KLB synthetic resin floor coatings \u2714\ufe0fadded to hardening of PMMA resins","breadcrumb":{"@id":"https:\/\/www.klb-koetztal.de\/en\/produkt\/klb-system-ac-haerterpulver\/#breadcrumb"},"inLanguage":"en-GB","potentialAction":[{"@type":"ReadAction","target":["https:\/\/www.klb-koetztal.de\/en\/produkt\/klb-system-ac-haerterpulver\/"]}]},{"@type":"ImageObject","inLanguage":"en-GB","@id":"https:\/\/www.klb-koetztal.de\/en\/produkt\/klb-system-ac-haerterpulver\/#primaryimage","url":"https:\/\/www.klb-koetztal.de\/app\/uploads\/2022\/03\/Produkt_Platzhalter.jpg","contentUrl":"https:\/\/www.klb-koetztal.de\/app\/uploads\/2022\/03\/Produkt_Platzhalter.jpg","width":500,"height":500},{"@type":"BreadcrumbList","@id":"https:\/\/www.klb-koetztal.de\/en\/produkt\/klb-system-ac-haerterpulver\/#breadcrumb","itemListElement":[{"@type":"ListItem","position":1,"name":"Startseite","item":"https:\/\/www.klb-koetztal.de\/en\/"},{"@type":"ListItem","position":2,"name":"KLB-SYSTEM AC-H\u00e4rterpulver"}]},{"@type":"WebSite","@id":"https:\/\/www.klb-koetztal.de\/en\/#website","url":"https:\/\/www.klb-koetztal.de\/en\/","name":"KLB K\u00f6tztal","description":"Gute B\u00f6den haben ein System.","potentialAction":[{"@type":"SearchAction","target":{"@type":"EntryPoint","urlTemplate":"https:\/\/www.klb-koetztal.de\/en\/?s={search_term_string}"},"query-input":{"@type":"PropertyValueSpecification","valueRequired":true,"valueName":"search_term_string"}}],"inLanguage":"en-GB"}]}},"_links":{"self":[{"href":"https:\/\/www.klb-koetztal.de\/en\/wp-json\/wp\/v2\/product\/46740","targetHints":{"allow":["GET"]}}],"collection":[{"href":"https:\/\/www.klb-koetztal.de\/en\/wp-json\/wp\/v2\/product"}],"about":[{"href":"https:\/\/www.klb-koetztal.de\/en\/wp-json\/wp\/v2\/types\/product"}],"wp:featuredmedia":[{"embeddable":true,"href":"https:\/\/www.klb-koetztal.de\/en\/wp-json\/wp\/v2\/media\/50358"}],"wp:attachment":[{"href":"https:\/\/www.klb-koetztal.de\/en\/wp-json\/wp\/v2\/media?parent=46740"}],"wp:term":[{"taxonomy":"product_brand","embeddable":true,"href":"https:\/\/www.klb-koetztal.de\/en\/wp-json\/wp\/v2\/product_brand?post=46740"},{"taxonomy":"product_cat","embeddable":true,"href":"https:\/\/www.klb-koetztal.de\/en\/wp-json\/wp\/v2\/product_cat?post=46740"},{"taxonomy":"product_tag","embeddable":true,"href":"https:\/\/www.klb-koetztal.de\/en\/wp-json\/wp\/v2\/product_tag?post=46740"}],"curies":[{"name":"wp","href":"https:\/\/api.w.org\/{rel}","templated":true}]}}